{"id":10603,"date":"2024-03-22T19:48:59","date_gmt":"2024-03-22T17:48:59","guid":{"rendered":"https:\/\/www.maprofar.com\/tienda\/?post_type=product&#038;p=10603"},"modified":"2026-01-29T10:19:50","modified_gmt":"2026-01-29T09:19:50","slug":"epson-perfection-v39ii-escaner-fotografico-y-de-documentos-4800ppp-alimentacion-y-conectividad-por-usb-fabricado-con-un-30-de-plastico-reciclado","status":"publish","type":"product","link":"https:\/\/www.maprofar.com\/tienda\/producto\/epson-perfection-v39ii-escaner-fotografico-y-de-documentos-4800ppp-alimentacion-y-conectividad-por-usb-fabricado-con-un-30-de-plastico-reciclado\/","title":{"rendered":"Epson Perfection V39II Escaner Fotografico y de Documentos 4800ppp &#8211; Alimentacion y Conectividad por USB &#8211; Fabricado con un 30% de Plastico Reciclado"},"content":{"rendered":"<p>Epson Perfection V39II Escaner Fotografico y de Documentos 4800ppp &#8211; Alimentacion y Conectividad por USB &#8211; Fabricado con un 30% de Plastico Reciclado<\/p>\n<p>Captura, almacena y comparte tus im\u00e1genes y documentos de manera r\u00e1pida y sencilla con este esc\u00e1ner Epson Perfection V39II de dise\u00f1o fino y compacto para el hogar y la oficina.<\/p>\n<p>Este esc\u00e1ner f\u00e1cil de usar y alimentado por USB presenta un nuevo dise\u00f1o elegante y un tama\u00f1o reducido. Un soporte integrado aporta mayor flexibilidad, ya que permite utilizar el esc\u00e1ner en posici\u00f3n horizontal o vertical para ahorrar espacio en el escritorio.<\/p>\n<p>El Perfection V39II, con altas velocidades de escaneado y 4800 ppp, ofrece resultados de alta calidad r\u00e1pidamente. El esc\u00e1ner est\u00e1 fabricado en un 30 % de pl\u00e1stico reciclado, lo que reduce su impacto medioambiental.<\/p>\n<p>Ultracompacto y ordenado.<br \/>\nLa alimentaci\u00f3n y conectividad del V39II se gestiona mediante un \u00fanico microUSB para reducir el desbarajuste de cables y mantener el espacio de trabajo ordenado. El dispositivo tambi\u00e9n cuenta con un soporte incorporado para un escaneado flexible que se adapte al espacio de tu escritorio.<\/p>\n<p>Resultados r\u00e1pidos de alta calidad.<br \/>\nEl V39II, con una velocidad de escaneado r\u00e1pidas y 4800 ppp, ofrece resultados de alta calidad de forma r\u00e1pida y sencilla. Aseg\u00farate de obtener la mayor calidad posible en tus fotos con el software Epson Easy Photo Fix, que mejora la calidad de tus escaneados al eliminar el polvo, restaurar los colores perdidos y corregir la luz de fondo. El V39II incorpora una gran variedad de funciones de mejora que le permiten aumentar la nitidez del texto y acabar con las filtraciones de tinta no deseadas de los documentos a doble cara.<\/p>\n<p>C\u00f3moda<br \/>\nPara facilitar y agilizar el escaneado, el V39II incluye botones personalizables para que puedas escanear, copiar, compartir y convertir tus fotos y documentos en un archivo PDF de varias p\u00e1ginas con opci\u00f3n de b\u00fasqueda con solo pulsar un bot\u00f3n. Para mayor versatilidad, la tapa totalmente extra\u00edble hace que resulte ideal para el escaneado de libros y \u00e1lbumes fotogr\u00e1ficos gruesos, as\u00ed como otros materiales encuadernados. Escanea directamente a servicios de almacenamiento en la nube.<\/p>\n<p>Menor impacto medioambiental.<br \/>\nEl esc\u00e1ner est\u00e1 fabricado con un 30 % de pl\u00e1stico reciclado. Adem\u00e1s, la tecnolog\u00eda ReadyScan LED de Epson implica que no se requiere tiempo de encendido, lo que ahorra energ\u00eda.<\/p>\n<p>Especificaciones:<\/p>\n<p>Exploraci\u00f3n:<\/p>\n<p>-Tama\u00f1o m\u00e1ximo de escaneado: 216 x 297 mm<br \/>\n-Resoluci\u00f3n \u00f3ptica de esc\u00e1ner: 4800 x 4800 DPI<br \/>\n-Esc\u00e1ner a color: Si<br \/>\n-Escaneado d\u00faplex: No<br \/>\n-Profundidad de entrada de color: 48 bit<br \/>\n-Profundidad de salida de color: 24 bit<br \/>\n-Resoluci\u00f3n de movimiento: 4800 DPI<\/p>\n<p>Dise\u00f1o:<\/p>\n<p>-Tipo de escaneado: Esc\u00e1ner de cama plana<br \/>\n-Color del producto: Negro<br \/>\n-Tipo de control: Botones<br \/>\n-Pantalla incorporada: No<\/p>\n<p>Desempe\u00f1o:<\/p>\n<p>-Tipo de sensor: CIS<br \/>\n-Fuentes de luz: LED blanco<br \/>\n-Formatos de archivo para escaneo: BMP, JPEG, PDF, TIFF<br \/>\n-Funciones de los botones: Copiar, Encendido, Scan to PDF<br \/>\n-Controladores de escaneado: ICA, TWAIN<\/p>\n<p>Direcci\u00f3n de papel:<\/p>\n<p>-Tama\u00f1o m\u00e1ximo de papel ISO A-series: A4<br \/>\n-ISO tama\u00f1o de serie A (A0&#8230;A9): A4<br \/>\n-Carta: Si<br \/>\n-Legal: Si<\/p>\n<p>Puertos e Interfaces:<\/p>\n<p>-Puerto USB: Si<br \/>\n-Versi\u00f3n USB: 2.0<\/p>\n<p>Control de energ\u00eda:<\/p>\n<p>-Tipo de fuente de alimentaci\u00f3n: USB<br \/>\n-Consumo energ\u00e9tico: 2,5 W<br \/>\n-Consumo de energ\u00eda (apagado): 0,013 W<\/p>\n<p>Peso y dimensiones:<\/p>\n<p>-Ancho: 249 mm<br \/>\n-Profundidad: 364 mm<br \/>\n-Altura: 39 mm<br \/>\n-Peso: 1,5 kg<\/p>\n<p><span style=\"color: #999999;\">Comprar Epson Perfection V39II Escaner Fotografico y de Documentos 4800ppp &#8211; Alimentacion y Conectividad por USB &#8211; Fabricado con un 30% de Plastico Reciclado<\/span><\/p>\n","protected":false},"excerpt":{"rendered":"<p class=\"titulo_subseccion_da\">CARACTER\u00cdSTICAS<\/p>\n<div class=\"listado_caracteristicas_da\"><span class=\"linea_datos_da\" title=\"Negro\">\u2022 Color:\u00a0<span class=\"gris_400\">Negro<\/span><\/span><\/div>\n<div class=\"listado_caracteristicas_da\"><span class=\"linea_datos_da\" title=\"EPSON\">\u2022 Fabricante:\u00a0<span class=\"gris_400\">EPSON<\/span><\/span><\/div>\n<div class=\"listado_caracteristicas_da\"><span class=\"linea_datos_da\" title=\"\" aria-describedby=\"ui-id-11\">\u2022 Ref.:\u00a0<span class=\"gris_400\">B11B268401<\/span><\/span><\/div>\n","protected":false},"featured_media":10608,"template":"","meta":[],"product_brand":[],"product_cat":[193],"product_tag":[],"class_list":{"0":"post-10603","1":"product","2":"type-product","3":"status-publish","4":"has-post-thumbnail","6":"product_cat-escaner","8":"first","9":"outofstock","10":"taxable","11":"shipping-taxable","12":"purchasable","13":"product-type-simple"},"yoast_head":"<!-- This site is optimized with the Yoast SEO Premium plugin v22.3 (Yoast SEO v27.4) - https:\/\/yoast.com\/product\/yoast-seo-premium-wordpress\/ -->\n<title>Epson Perfection V39II Escaner Fotografico y de Documentos<\/title>\n<meta name=\"description\" content=\"Epson Perfection V39II Escaner Fotografico y de Documentos 4800ppp - Alimentacion y Conectividad por USB - Fabricado con un 30% de Plastico Reciclado\" \/>\n<meta name=\"robots\" content=\"index, follow, max-snippet:-1, max-image-preview:large, max-video-preview:-1\" \/>\n<link rel=\"canonical\" href=\"https:\/\/www.maprofar.com\/tienda\/producto\/epson-perfection-v39ii-escaner-fotografico-y-de-documentos-4800ppp-alimentacion-y-conectividad-por-usb-fabricado-con-un-30-de-plastico-reciclado\/\" \/>\n<meta property=\"og:locale\" content=\"es_ES\" \/>\n<meta property=\"og:type\" content=\"article\" \/>\n<meta property=\"og:title\" content=\"Epson Perfection V39II Escaner Fotografico y de Documentos 4800ppp - Alimentacion y Conectividad por USB - Fabricado con un 30% de Plastico Reciclado - Maprofar | T\u00f3ner Compatible Brother, HP y Soluciones de Impresi\u00f3n 3D\" \/>\n<meta property=\"og:description\" content=\"En Maprofar encontrar\u00e1s t\u00f3ner compatibles de calidad y material de oficina al mejor precio. Ahorra sin sacrificar rendimiento. \u00a1Aprovecha nuestras ofertas y descuentos!\" \/>\n<meta property=\"og:url\" content=\"https:\/\/www.maprofar.com\/tienda\/producto\/epson-perfection-v39ii-escaner-fotografico-y-de-documentos-4800ppp-alimentacion-y-conectividad-por-usb-fabricado-con-un-30-de-plastico-reciclado\/\" \/>\n<meta property=\"og:site_name\" content=\"Maprofar | T\u00f3ner Compatible Brother, HP y Soluciones de Impresi\u00f3n 3D\" \/>\n<meta property=\"article:publisher\" content=\"https:\/\/es-es.facebook.com\/maprofar\" \/>\n<meta property=\"article:modified_time\" content=\"2026-01-29T09:19:50+00:00\" \/>\n<meta property=\"og:image\" content=\"https:\/\/www.maprofar.com\/tienda\/wp-content\/uploads\/2024\/03\/B11B268401_1.webp\" \/>\n\t<meta property=\"og:image:width\" content=\"530\" \/>\n\t<meta property=\"og:image:height\" content=\"530\" \/>\n\t<meta property=\"og:image:type\" content=\"image\/webp\" \/>\n<meta name=\"twitter:card\" content=\"summary_large_image\" \/>\n<meta name=\"twitter:label1\" content=\"Tiempo de lectura\" \/>\n\t<meta name=\"twitter:data1\" content=\"3 minutos\" \/>\n<script type=\"application\/ld+json\" class=\"yoast-schema-graph\">{\"@context\":\"https:\\\/\\\/schema.org\",\"@graph\":[{\"@type\":\"WebPage\",\"@id\":\"https:\\\/\\\/www.maprofar.com\\\/tienda\\\/producto\\\/epson-perfection-v39ii-escaner-fotografico-y-de-documentos-4800ppp-alimentacion-y-conectividad-por-usb-fabricado-con-un-30-de-plastico-reciclado\\\/\",\"url\":\"https:\\\/\\\/www.maprofar.com\\\/tienda\\\/producto\\\/epson-perfection-v39ii-escaner-fotografico-y-de-documentos-4800ppp-alimentacion-y-conectividad-por-usb-fabricado-con-un-30-de-plastico-reciclado\\\/\",\"name\":\"Epson Perfection V39II Escaner Fotografico y de Documentos\",\"isPartOf\":{\"@id\":\"https:\\\/\\\/www.maprofar.com\\\/tienda\\\/#website\"},\"primaryImageOfPage\":{\"@id\":\"https:\\\/\\\/www.maprofar.com\\\/tienda\\\/producto\\\/epson-perfection-v39ii-escaner-fotografico-y-de-documentos-4800ppp-alimentacion-y-conectividad-por-usb-fabricado-con-un-30-de-plastico-reciclado\\\/#primaryimage\"},\"image\":{\"@id\":\"https:\\\/\\\/www.maprofar.com\\\/tienda\\\/producto\\\/epson-perfection-v39ii-escaner-fotografico-y-de-documentos-4800ppp-alimentacion-y-conectividad-por-usb-fabricado-con-un-30-de-plastico-reciclado\\\/#primaryimage\"},\"thumbnailUrl\":\"https:\\\/\\\/www.maprofar.com\\\/tienda\\\/wp-content\\\/uploads\\\/2024\\\/03\\\/B11B268401_1.webp\",\"datePublished\":\"2024-03-22T17:48:59+00:00\",\"dateModified\":\"2026-01-29T09:19:50+00:00\",\"description\":\"Epson Perfection V39II Escaner Fotografico y de Documentos 4800ppp - Alimentacion y Conectividad por USB - Fabricado con un 30% de Plastico Reciclado\",\"breadcrumb\":{\"@id\":\"https:\\\/\\\/www.maprofar.com\\\/tienda\\\/producto\\\/epson-perfection-v39ii-escaner-fotografico-y-de-documentos-4800ppp-alimentacion-y-conectividad-por-usb-fabricado-con-un-30-de-plastico-reciclado\\\/#breadcrumb\"},\"inLanguage\":\"es\",\"potentialAction\":[{\"@type\":\"ReadAction\",\"target\":[\"https:\\\/\\\/www.maprofar.com\\\/tienda\\\/producto\\\/epson-perfection-v39ii-escaner-fotografico-y-de-documentos-4800ppp-alimentacion-y-conectividad-por-usb-fabricado-con-un-30-de-plastico-reciclado\\\/\"]}]},{\"@type\":\"ImageObject\",\"inLanguage\":\"es\",\"@id\":\"https:\\\/\\\/www.maprofar.com\\\/tienda\\\/producto\\\/epson-perfection-v39ii-escaner-fotografico-y-de-documentos-4800ppp-alimentacion-y-conectividad-por-usb-fabricado-con-un-30-de-plastico-reciclado\\\/#primaryimage\",\"url\":\"https:\\\/\\\/www.maprofar.com\\\/tienda\\\/wp-content\\\/uploads\\\/2024\\\/03\\\/B11B268401_1.webp\",\"contentUrl\":\"https:\\\/\\\/www.maprofar.com\\\/tienda\\\/wp-content\\\/uploads\\\/2024\\\/03\\\/B11B268401_1.webp\",\"width\":530,\"height\":530,\"caption\":\"Epson Perfection V39II Escaner Fotografico y de Documentos 4800ppp\"},{\"@type\":\"BreadcrumbList\",\"@id\":\"https:\\\/\\\/www.maprofar.com\\\/tienda\\\/producto\\\/epson-perfection-v39ii-escaner-fotografico-y-de-documentos-4800ppp-alimentacion-y-conectividad-por-usb-fabricado-con-un-30-de-plastico-reciclado\\\/#breadcrumb\",\"itemListElement\":[{\"@type\":\"ListItem\",\"position\":1,\"name\":\"Portada\",\"item\":\"https:\\\/\\\/www.maprofar.com\\\/tienda\\\/\"},{\"@type\":\"ListItem\",\"position\":2,\"name\":\"Inicio\",\"item\":\"https:\\\/\\\/www.maprofar.com\\\/tienda\\\/\"},{\"@type\":\"ListItem\",\"position\":3,\"name\":\"Epson Perfection V39II Escaner Fotografico y de Documentos 4800ppp &#8211; Alimentacion y Conectividad por USB &#8211; Fabricado con un 30% de Plastico Reciclado\"}]},{\"@type\":\"WebSite\",\"@id\":\"https:\\\/\\\/www.maprofar.com\\\/tienda\\\/#website\",\"url\":\"https:\\\/\\\/www.maprofar.com\\\/tienda\\\/\",\"name\":\"Maprofar | T\u00f3ner Compatible Brother, HP y Soluciones de Impresi\u00f3n 3D\",\"description\":\"Encuentra en Maprofar tu t\u00f3ner compatible Brother y HP al mejor precio. Calidad garantizada, env\u00edo urgente 24h y asesoramiento t\u00e9cnico experto. \u00a1Vis\u00edtanos!\",\"publisher\":{\"@id\":\"https:\\\/\\\/www.maprofar.com\\\/tienda\\\/#organization\"},\"alternateName\":\"Maprofar Inform\u00e1tica\",\"potentialAction\":[{\"@type\":\"SearchAction\",\"target\":{\"@type\":\"EntryPoint\",\"urlTemplate\":\"https:\\\/\\\/www.maprofar.com\\\/tienda\\\/?s={search_term_string}\"},\"query-input\":{\"@type\":\"PropertyValueSpecification\",\"valueRequired\":true,\"valueName\":\"search_term_string\"}}],\"inLanguage\":\"es\"},{\"@type\":\"Organization\",\"@id\":\"https:\\\/\\\/www.maprofar.com\\\/tienda\\\/#organization\",\"name\":\"Maprofar S.L.\",\"url\":\"https:\\\/\\\/www.maprofar.com\\\/tienda\\\/\",\"logo\":{\"@type\":\"ImageObject\",\"inLanguage\":\"es\",\"@id\":\"https:\\\/\\\/www.maprofar.com\\\/tienda\\\/#\\\/schema\\\/logo\\\/image\\\/\",\"url\":\"https:\\\/\\\/www.maprofar.com\\\/tienda\\\/wp-content\\\/uploads\\\/2021\\\/05\\\/logo_circulo.jpg\",\"contentUrl\":\"https:\\\/\\\/www.maprofar.com\\\/tienda\\\/wp-content\\\/uploads\\\/2021\\\/05\\\/logo_circulo.jpg\",\"width\":404,\"height\":335,\"caption\":\"Maprofar S.L.\"},\"image\":{\"@id\":\"https:\\\/\\\/www.maprofar.com\\\/tienda\\\/#\\\/schema\\\/logo\\\/image\\\/\"},\"sameAs\":[\"https:\\\/\\\/es-es.facebook.com\\\/maprofar\",\"https:\\\/\\\/www.instagram.com\\\/maprofar_informatica\\\/\",\"https:\\\/\\\/www.pinterest.es\\\/maprofar\\\/\"]}]}<\/script>\n<!-- \/ Yoast SEO Premium plugin. -->","yoast_head_json":{"title":"Epson Perfection V39II Escaner Fotografico y de Documentos","description":"Epson Perfection V39II Escaner Fotografico y de Documentos 4800ppp - Alimentacion y Conectividad por USB - Fabricado con un 30% de Plastico Reciclado","robots":{"index":"index","follow":"follow","max-snippet":"max-snippet:-1","max-image-preview":"max-image-preview:large","max-video-preview":"max-video-preview:-1"},"canonical":"https:\/\/www.maprofar.com\/tienda\/producto\/epson-perfection-v39ii-escaner-fotografico-y-de-documentos-4800ppp-alimentacion-y-conectividad-por-usb-fabricado-con-un-30-de-plastico-reciclado\/","og_locale":"es_ES","og_type":"article","og_title":"Epson Perfection V39II Escaner Fotografico y de Documentos 4800ppp - Alimentacion y Conectividad por USB - Fabricado con un 30% de Plastico Reciclado - Maprofar | T\u00f3ner Compatible Brother, HP y Soluciones de Impresi\u00f3n 3D","og_description":"En Maprofar encontrar\u00e1s t\u00f3ner compatibles de calidad y material de oficina al mejor precio. Ahorra sin sacrificar rendimiento. \u00a1Aprovecha nuestras ofertas y descuentos!","og_url":"https:\/\/www.maprofar.com\/tienda\/producto\/epson-perfection-v39ii-escaner-fotografico-y-de-documentos-4800ppp-alimentacion-y-conectividad-por-usb-fabricado-con-un-30-de-plastico-reciclado\/","og_site_name":"Maprofar | T\u00f3ner Compatible Brother, HP y Soluciones de Impresi\u00f3n 3D","article_publisher":"https:\/\/es-es.facebook.com\/maprofar","article_modified_time":"2026-01-29T09:19:50+00:00","og_image":[{"width":530,"height":530,"url":"https:\/\/www.maprofar.com\/tienda\/wp-content\/uploads\/2024\/03\/B11B268401_1.webp","type":"image\/webp"}],"twitter_card":"summary_large_image","twitter_misc":{"Tiempo de lectura":"3 minutos"},"schema":{"@context":"https:\/\/schema.org","@graph":[{"@type":"WebPage","@id":"https:\/\/www.maprofar.com\/tienda\/producto\/epson-perfection-v39ii-escaner-fotografico-y-de-documentos-4800ppp-alimentacion-y-conectividad-por-usb-fabricado-con-un-30-de-plastico-reciclado\/","url":"https:\/\/www.maprofar.com\/tienda\/producto\/epson-perfection-v39ii-escaner-fotografico-y-de-documentos-4800ppp-alimentacion-y-conectividad-por-usb-fabricado-con-un-30-de-plastico-reciclado\/","name":"Epson Perfection V39II Escaner Fotografico y de Documentos","isPartOf":{"@id":"https:\/\/www.maprofar.com\/tienda\/#website"},"primaryImageOfPage":{"@id":"https:\/\/www.maprofar.com\/tienda\/producto\/epson-perfection-v39ii-escaner-fotografico-y-de-documentos-4800ppp-alimentacion-y-conectividad-por-usb-fabricado-con-un-30-de-plastico-reciclado\/#primaryimage"},"image":{"@id":"https:\/\/www.maprofar.com\/tienda\/producto\/epson-perfection-v39ii-escaner-fotografico-y-de-documentos-4800ppp-alimentacion-y-conectividad-por-usb-fabricado-con-un-30-de-plastico-reciclado\/#primaryimage"},"thumbnailUrl":"https:\/\/www.maprofar.com\/tienda\/wp-content\/uploads\/2024\/03\/B11B268401_1.webp","datePublished":"2024-03-22T17:48:59+00:00","dateModified":"2026-01-29T09:19:50+00:00","description":"Epson Perfection V39II Escaner Fotografico y de Documentos 4800ppp - Alimentacion y Conectividad por USB - Fabricado con un 30% de Plastico Reciclado","breadcrumb":{"@id":"https:\/\/www.maprofar.com\/tienda\/producto\/epson-perfection-v39ii-escaner-fotografico-y-de-documentos-4800ppp-alimentacion-y-conectividad-por-usb-fabricado-con-un-30-de-plastico-reciclado\/#breadcrumb"},"inLanguage":"es","potentialAction":[{"@type":"ReadAction","target":["https:\/\/www.maprofar.com\/tienda\/producto\/epson-perfection-v39ii-escaner-fotografico-y-de-documentos-4800ppp-alimentacion-y-conectividad-por-usb-fabricado-con-un-30-de-plastico-reciclado\/"]}]},{"@type":"ImageObject","inLanguage":"es","@id":"https:\/\/www.maprofar.com\/tienda\/producto\/epson-perfection-v39ii-escaner-fotografico-y-de-documentos-4800ppp-alimentacion-y-conectividad-por-usb-fabricado-con-un-30-de-plastico-reciclado\/#primaryimage","url":"https:\/\/www.maprofar.com\/tienda\/wp-content\/uploads\/2024\/03\/B11B268401_1.webp","contentUrl":"https:\/\/www.maprofar.com\/tienda\/wp-content\/uploads\/2024\/03\/B11B268401_1.webp","width":530,"height":530,"caption":"Epson Perfection V39II Escaner Fotografico y de Documentos 4800ppp"},{"@type":"BreadcrumbList","@id":"https:\/\/www.maprofar.com\/tienda\/producto\/epson-perfection-v39ii-escaner-fotografico-y-de-documentos-4800ppp-alimentacion-y-conectividad-por-usb-fabricado-con-un-30-de-plastico-reciclado\/#breadcrumb","itemListElement":[{"@type":"ListItem","position":1,"name":"Portada","item":"https:\/\/www.maprofar.com\/tienda\/"},{"@type":"ListItem","position":2,"name":"Inicio","item":"https:\/\/www.maprofar.com\/tienda\/"},{"@type":"ListItem","position":3,"name":"Epson Perfection V39II Escaner Fotografico y de Documentos 4800ppp &#8211; Alimentacion y Conectividad por USB &#8211; Fabricado con un 30% de Plastico Reciclado"}]},{"@type":"WebSite","@id":"https:\/\/www.maprofar.com\/tienda\/#website","url":"https:\/\/www.maprofar.com\/tienda\/","name":"Maprofar | T\u00f3ner Compatible Brother, HP y Soluciones de Impresi\u00f3n 3D","description":"Encuentra en Maprofar tu t\u00f3ner compatible Brother y HP al mejor precio. Calidad garantizada, env\u00edo urgente 24h y asesoramiento t\u00e9cnico experto. \u00a1Vis\u00edtanos!","publisher":{"@id":"https:\/\/www.maprofar.com\/tienda\/#organization"},"alternateName":"Maprofar Inform\u00e1tica","potentialAction":[{"@type":"SearchAction","target":{"@type":"EntryPoint","urlTemplate":"https:\/\/www.maprofar.com\/tienda\/?s={search_term_string}"},"query-input":{"@type":"PropertyValueSpecification","valueRequired":true,"valueName":"search_term_string"}}],"inLanguage":"es"},{"@type":"Organization","@id":"https:\/\/www.maprofar.com\/tienda\/#organization","name":"Maprofar S.L.","url":"https:\/\/www.maprofar.com\/tienda\/","logo":{"@type":"ImageObject","inLanguage":"es","@id":"https:\/\/www.maprofar.com\/tienda\/#\/schema\/logo\/image\/","url":"https:\/\/www.maprofar.com\/tienda\/wp-content\/uploads\/2021\/05\/logo_circulo.jpg","contentUrl":"https:\/\/www.maprofar.com\/tienda\/wp-content\/uploads\/2021\/05\/logo_circulo.jpg","width":404,"height":335,"caption":"Maprofar S.L."},"image":{"@id":"https:\/\/www.maprofar.com\/tienda\/#\/schema\/logo\/image\/"},"sameAs":["https:\/\/es-es.facebook.com\/maprofar","https:\/\/www.instagram.com\/maprofar_informatica\/","https:\/\/www.pinterest.es\/maprofar\/"]}]}},"_links":{"self":[{"href":"https:\/\/www.maprofar.com\/tienda\/wp-json\/wp\/v2\/product\/10603","targetHints":{"allow":["GET"]}}],"collection":[{"href":"https:\/\/www.maprofar.com\/tienda\/wp-json\/wp\/v2\/product"}],"about":[{"href":"https:\/\/www.maprofar.com\/tienda\/wp-json\/wp\/v2\/types\/product"}],"wp:featuredmedia":[{"embeddable":true,"href":"https:\/\/www.maprofar.com\/tienda\/wp-json\/wp\/v2\/media\/10608"}],"wp:attachment":[{"href":"https:\/\/www.maprofar.com\/tienda\/wp-json\/wp\/v2\/media?parent=10603"}],"wp:term":[{"taxonomy":"product_brand","embeddable":true,"href":"https:\/\/www.maprofar.com\/tienda\/wp-json\/wp\/v2\/product_brand?post=10603"},{"taxonomy":"product_cat","embeddable":true,"href":"https:\/\/www.maprofar.com\/tienda\/wp-json\/wp\/v2\/product_cat?post=10603"},{"taxonomy":"product_tag","embeddable":true,"href":"https:\/\/www.maprofar.com\/tienda\/wp-json\/wp\/v2\/product_tag?post=10603"}],"curies":[{"name":"wp","href":"https:\/\/api.w.org\/{rel}","templated":true}]}}