{"id":10631,"date":"2024-03-25T20:48:37","date_gmt":"2024-03-25T18:48:37","guid":{"rendered":"https:\/\/www.maprofar.com\/tienda\/?post_type=product&#038;p=10631"},"modified":"2025-12-12T09:13:04","modified_gmt":"2025-12-12T08:13:04","slug":"erichkrause-compass-bandeja-para-documentos-de-3-niveles-clasica-y-resistente-color-negro","status":"publish","type":"product","link":"https:\/\/www.maprofar.com\/tienda\/producto\/erichkrause-compass-bandeja-para-documentos-de-3-niveles-clasica-y-resistente-color-negro\/","title":{"rendered":"Erichkrause Compass &#8211; Bandeja para Documentos de 3 Niveles &#8211; Clasica y Resistente &#8211; Color Negro"},"content":{"rendered":"<p>Erichkrause Compass &#8211; Bandeja para Documentos de 3 Niveles &#8211; Clasica y Resistente &#8211; Color Negro<\/p>\n<p>La bandeja de papeles de 3 niveles STEEL es un producto dise\u00f1ado para mantener tus documentos organizados de manera eficiente y elegante.<\/p>\n<p>Caracter\u00edsticas:<br \/>\n&#8211; Fabricada en acero resistente y duradero.<br \/>\n&#8211; Dise\u00f1o de 3 niveles que permite clasificar y separar los papeles de forma ordenada.<br \/>\n&#8211; Acabado en color negro que le da un aspecto moderno y sofisticado.<br \/>\n&#8211; Tama\u00f1o compacto que se adapta f\u00e1cilmente a cualquier escritorio o espacio de trabajo.<\/p>\n<p>Especificaciones:<br \/>\n&#8211; Material: Acero<br \/>\n&#8211; Color: Negro<br \/>\n&#8211; Dimensiones: 30 cm de largo x 25 cm de ancho x 20 cm de alto<br \/>\n&#8211; Peso: 1.5 kg<br \/>\n&#8211; Capacidad: Hasta 200 hojas por nivel<\/p>\n<p>Con la bandeja de papeles de 3 niveles STEEL, podr\u00e1s mantener tu \u00e1rea de trabajo organizada y tus documentos al alcance de tu mano. \u00a1No pierdas m\u00e1s tiempo buscando papeles, con este producto tendr\u00e1s todo en orden de manera r\u00e1pida y sencilla!<\/p>\n<p><span style=\"color: #999999;\">Comprar Erichkrause Compass &#8211; Bandeja para Documentos de 3 Niveles &#8211; Clasica y Resistente &#8211; Color Negro<\/span><\/p>\n","protected":false},"excerpt":{"rendered":"<p class=\"titulo_subseccion_da\">CARACTER\u00cdSTICAS<\/p>\n<div class=\"listado_caracteristicas_da\"><span class=\"linea_datos_da\">\u2022 Marca:\u00a0<span class=\"gris_400\" title=\"ErichKrause\">ErichKrause<\/span><\/span><\/div>\n<div class=\"listado_caracteristicas_da\"><span class=\"linea_datos_da\" title=\"Negro\">\u2022 Color:\u00a0<span class=\"gris_400\">Negro<\/span><\/span><\/div>\n<div class=\"listado_caracteristicas_da\"><span class=\"linea_datos_da\" title=\"ErichKrause\">\u2022 Fabricante:\u00a0<span class=\"gris_400\">ErichKrause<\/span><\/span><\/div>\n<div class=\"listado_caracteristicas_da\"><span class=\"linea_datos_da\" title=\"22513\">\u2022 Ref.:\u00a0<span class=\"gris_400\">22513<\/span><\/span><\/div>\n","protected":false},"featured_media":10632,"template":"","meta":[],"product_brand":[],"product_cat":[148],"product_tag":[],"class_list":{"0":"post-10631","1":"product","2":"type-product","3":"status-publish","4":"has-post-thumbnail","6":"product_cat-bandejas-sobremesa","8":"first","9":"instock","10":"taxable","11":"shipping-taxable","12":"purchasable","13":"product-type-simple"},"yoast_head":"<!-- This site is optimized with the Yoast SEO Premium plugin v22.3 (Yoast SEO v27.4) - https:\/\/yoast.com\/product\/yoast-seo-premium-wordpress\/ -->\n<title>Erichkrause Compass - Bandeja para Documentos de 3 Niveles<\/title>\n<meta name=\"description\" content=\"Erichkrause Compass - Bandeja para Documentos de 3 Niveles - Clasica y Resistente - Color Negro - Maprofar | T\u00f3ner Compatible Brother, HP y Soluciones de Impresi\u00f3n 3D\" \/>\n<meta name=\"robots\" content=\"index, follow, max-snippet:-1, max-image-preview:large, max-video-preview:-1\" \/>\n<link rel=\"canonical\" href=\"https:\/\/www.maprofar.com\/tienda\/producto\/erichkrause-compass-bandeja-para-documentos-de-3-niveles-clasica-y-resistente-color-negro\/\" \/>\n<meta property=\"og:locale\" content=\"es_ES\" \/>\n<meta property=\"og:type\" content=\"article\" \/>\n<meta property=\"og:title\" content=\"Erichkrause Compass - Bandeja para Documentos de 3 Niveles - Clasica y Resistente - Color Negro - Maprofar | T\u00f3ner Compatible Brother, HP y Soluciones de Impresi\u00f3n 3D\" \/>\n<meta property=\"og:description\" content=\"En Maprofar encontrar\u00e1s t\u00f3ner compatibles de calidad y material de oficina al mejor precio. Ahorra sin sacrificar rendimiento. \u00a1Aprovecha nuestras ofertas y descuentos!\" \/>\n<meta property=\"og:url\" content=\"https:\/\/www.maprofar.com\/tienda\/producto\/erichkrause-compass-bandeja-para-documentos-de-3-niveles-clasica-y-resistente-color-negro\/\" \/>\n<meta property=\"og:site_name\" content=\"Maprofar | T\u00f3ner Compatible Brother, HP y Soluciones de Impresi\u00f3n 3D\" \/>\n<meta property=\"article:publisher\" content=\"https:\/\/es-es.facebook.com\/maprofar\" \/>\n<meta property=\"article:modified_time\" content=\"2025-12-12T08:13:04+00:00\" \/>\n<meta property=\"og:image\" content=\"https:\/\/www.maprofar.com\/tienda\/wp-content\/uploads\/2024\/03\/22513.jpg\" \/>\n\t<meta property=\"og:image:width\" content=\"1024\" \/>\n\t<meta property=\"og:image:height\" content=\"1024\" \/>\n\t<meta property=\"og:image:type\" content=\"image\/jpeg\" \/>\n<meta name=\"twitter:card\" content=\"summary_large_image\" \/>\n<meta name=\"twitter:label1\" content=\"Tiempo de lectura\" \/>\n\t<meta name=\"twitter:data1\" content=\"1 minuto\" \/>\n<script type=\"application\/ld+json\" class=\"yoast-schema-graph\">{\"@context\":\"https:\\\/\\\/schema.org\",\"@graph\":[{\"@type\":\"WebPage\",\"@id\":\"https:\\\/\\\/www.maprofar.com\\\/tienda\\\/producto\\\/erichkrause-compass-bandeja-para-documentos-de-3-niveles-clasica-y-resistente-color-negro\\\/\",\"url\":\"https:\\\/\\\/www.maprofar.com\\\/tienda\\\/producto\\\/erichkrause-compass-bandeja-para-documentos-de-3-niveles-clasica-y-resistente-color-negro\\\/\",\"name\":\"Erichkrause Compass - Bandeja para Documentos de 3 Niveles\",\"isPartOf\":{\"@id\":\"https:\\\/\\\/www.maprofar.com\\\/tienda\\\/#website\"},\"primaryImageOfPage\":{\"@id\":\"https:\\\/\\\/www.maprofar.com\\\/tienda\\\/producto\\\/erichkrause-compass-bandeja-para-documentos-de-3-niveles-clasica-y-resistente-color-negro\\\/#primaryimage\"},\"image\":{\"@id\":\"https:\\\/\\\/www.maprofar.com\\\/tienda\\\/producto\\\/erichkrause-compass-bandeja-para-documentos-de-3-niveles-clasica-y-resistente-color-negro\\\/#primaryimage\"},\"thumbnailUrl\":\"https:\\\/\\\/www.maprofar.com\\\/tienda\\\/wp-content\\\/uploads\\\/2024\\\/03\\\/22513.jpg\",\"datePublished\":\"2024-03-25T18:48:37+00:00\",\"dateModified\":\"2025-12-12T08:13:04+00:00\",\"description\":\"Erichkrause Compass - Bandeja para Documentos de 3 Niveles - Clasica y Resistente - Color Negro - Maprofar | T\u00f3ner Compatible Brother, HP y Soluciones de Impresi\u00f3n 3D\",\"breadcrumb\":{\"@id\":\"https:\\\/\\\/www.maprofar.com\\\/tienda\\\/producto\\\/erichkrause-compass-bandeja-para-documentos-de-3-niveles-clasica-y-resistente-color-negro\\\/#breadcrumb\"},\"inLanguage\":\"es\",\"potentialAction\":[{\"@type\":\"ReadAction\",\"target\":[\"https:\\\/\\\/www.maprofar.com\\\/tienda\\\/producto\\\/erichkrause-compass-bandeja-para-documentos-de-3-niveles-clasica-y-resistente-color-negro\\\/\"]}]},{\"@type\":\"ImageObject\",\"inLanguage\":\"es\",\"@id\":\"https:\\\/\\\/www.maprofar.com\\\/tienda\\\/producto\\\/erichkrause-compass-bandeja-para-documentos-de-3-niveles-clasica-y-resistente-color-negro\\\/#primaryimage\",\"url\":\"https:\\\/\\\/www.maprofar.com\\\/tienda\\\/wp-content\\\/uploads\\\/2024\\\/03\\\/22513.jpg\",\"contentUrl\":\"https:\\\/\\\/www.maprofar.com\\\/tienda\\\/wp-content\\\/uploads\\\/2024\\\/03\\\/22513.jpg\",\"width\":1024,\"height\":1024,\"caption\":\"Erichkrause Compass - Bandeja para Documentos de 3 Niveles - Clasica y Resistente - Color Negro\"},{\"@type\":\"BreadcrumbList\",\"@id\":\"https:\\\/\\\/www.maprofar.com\\\/tienda\\\/producto\\\/erichkrause-compass-bandeja-para-documentos-de-3-niveles-clasica-y-resistente-color-negro\\\/#breadcrumb\",\"itemListElement\":[{\"@type\":\"ListItem\",\"position\":1,\"name\":\"Portada\",\"item\":\"https:\\\/\\\/www.maprofar.com\\\/tienda\\\/\"},{\"@type\":\"ListItem\",\"position\":2,\"name\":\"Inicio\",\"item\":\"https:\\\/\\\/www.maprofar.com\\\/tienda\\\/\"},{\"@type\":\"ListItem\",\"position\":3,\"name\":\"Erichkrause Compass &#8211; Bandeja para Documentos de 3 Niveles &#8211; Clasica y Resistente &#8211; Color Negro\"}]},{\"@type\":\"WebSite\",\"@id\":\"https:\\\/\\\/www.maprofar.com\\\/tienda\\\/#website\",\"url\":\"https:\\\/\\\/www.maprofar.com\\\/tienda\\\/\",\"name\":\"Maprofar - Toner Compatibles y Material de Oficina\",\"description\":\"Encuentra en Maprofar tu t\u00f3ner compatible Brother y HP al mejor precio. Calidad garantizada, env\u00edo urgente 24h y asesoramiento t\u00e9cnico experto. \u00a1Vis\u00edtanos!\",\"publisher\":{\"@id\":\"https:\\\/\\\/www.maprofar.com\\\/tienda\\\/#organization\"},\"alternateName\":\"Maprofar Inform\u00e1tica\",\"potentialAction\":[{\"@type\":\"SearchAction\",\"target\":{\"@type\":\"EntryPoint\",\"urlTemplate\":\"https:\\\/\\\/www.maprofar.com\\\/tienda\\\/?s={search_term_string}\"},\"query-input\":{\"@type\":\"PropertyValueSpecification\",\"valueRequired\":true,\"valueName\":\"search_term_string\"}}],\"inLanguage\":\"es\"},{\"@type\":\"Organization\",\"@id\":\"https:\\\/\\\/www.maprofar.com\\\/tienda\\\/#organization\",\"name\":\"Maprofar S.L.\",\"url\":\"https:\\\/\\\/www.maprofar.com\\\/tienda\\\/\",\"logo\":{\"@type\":\"ImageObject\",\"inLanguage\":\"es\",\"@id\":\"https:\\\/\\\/www.maprofar.com\\\/tienda\\\/#\\\/schema\\\/logo\\\/image\\\/\",\"url\":\"https:\\\/\\\/www.maprofar.com\\\/tienda\\\/wp-content\\\/uploads\\\/2021\\\/05\\\/logo_circulo.jpg\",\"contentUrl\":\"https:\\\/\\\/www.maprofar.com\\\/tienda\\\/wp-content\\\/uploads\\\/2021\\\/05\\\/logo_circulo.jpg\",\"width\":404,\"height\":335,\"caption\":\"Maprofar S.L.\"},\"image\":{\"@id\":\"https:\\\/\\\/www.maprofar.com\\\/tienda\\\/#\\\/schema\\\/logo\\\/image\\\/\"},\"sameAs\":[\"https:\\\/\\\/es-es.facebook.com\\\/maprofar\",\"https:\\\/\\\/www.instagram.com\\\/maprofar_informatica\\\/\",\"https:\\\/\\\/www.pinterest.es\\\/maprofar\\\/\"]}]}<\/script>\n<!-- \/ Yoast SEO Premium plugin. -->","yoast_head_json":{"title":"Erichkrause Compass - Bandeja para Documentos de 3 Niveles","description":"Erichkrause Compass - Bandeja para Documentos de 3 Niveles - Clasica y Resistente - Color Negro - Maprofar | T\u00f3ner Compatible Brother, HP y Soluciones de Impresi\u00f3n 3D","robots":{"index":"index","follow":"follow","max-snippet":"max-snippet:-1","max-image-preview":"max-image-preview:large","max-video-preview":"max-video-preview:-1"},"canonical":"https:\/\/www.maprofar.com\/tienda\/producto\/erichkrause-compass-bandeja-para-documentos-de-3-niveles-clasica-y-resistente-color-negro\/","og_locale":"es_ES","og_type":"article","og_title":"Erichkrause Compass - Bandeja para Documentos de 3 Niveles - Clasica y Resistente - Color Negro - Maprofar | T\u00f3ner Compatible Brother, HP y Soluciones de Impresi\u00f3n 3D","og_description":"En Maprofar encontrar\u00e1s t\u00f3ner compatibles de calidad y material de oficina al mejor precio. Ahorra sin sacrificar rendimiento. \u00a1Aprovecha nuestras ofertas y descuentos!","og_url":"https:\/\/www.maprofar.com\/tienda\/producto\/erichkrause-compass-bandeja-para-documentos-de-3-niveles-clasica-y-resistente-color-negro\/","og_site_name":"Maprofar | T\u00f3ner Compatible Brother, HP y Soluciones de Impresi\u00f3n 3D","article_publisher":"https:\/\/es-es.facebook.com\/maprofar","article_modified_time":"2025-12-12T08:13:04+00:00","og_image":[{"width":1024,"height":1024,"url":"https:\/\/www.maprofar.com\/tienda\/wp-content\/uploads\/2024\/03\/22513.jpg","type":"image\/jpeg"}],"twitter_card":"summary_large_image","twitter_misc":{"Tiempo de lectura":"1 minuto"},"schema":{"@context":"https:\/\/schema.org","@graph":[{"@type":"WebPage","@id":"https:\/\/www.maprofar.com\/tienda\/producto\/erichkrause-compass-bandeja-para-documentos-de-3-niveles-clasica-y-resistente-color-negro\/","url":"https:\/\/www.maprofar.com\/tienda\/producto\/erichkrause-compass-bandeja-para-documentos-de-3-niveles-clasica-y-resistente-color-negro\/","name":"Erichkrause Compass - Bandeja para Documentos de 3 Niveles","isPartOf":{"@id":"https:\/\/www.maprofar.com\/tienda\/#website"},"primaryImageOfPage":{"@id":"https:\/\/www.maprofar.com\/tienda\/producto\/erichkrause-compass-bandeja-para-documentos-de-3-niveles-clasica-y-resistente-color-negro\/#primaryimage"},"image":{"@id":"https:\/\/www.maprofar.com\/tienda\/producto\/erichkrause-compass-bandeja-para-documentos-de-3-niveles-clasica-y-resistente-color-negro\/#primaryimage"},"thumbnailUrl":"https:\/\/www.maprofar.com\/tienda\/wp-content\/uploads\/2024\/03\/22513.jpg","datePublished":"2024-03-25T18:48:37+00:00","dateModified":"2025-12-12T08:13:04+00:00","description":"Erichkrause Compass - Bandeja para Documentos de 3 Niveles - Clasica y Resistente - Color Negro - Maprofar | T\u00f3ner Compatible Brother, HP y Soluciones de Impresi\u00f3n 3D","breadcrumb":{"@id":"https:\/\/www.maprofar.com\/tienda\/producto\/erichkrause-compass-bandeja-para-documentos-de-3-niveles-clasica-y-resistente-color-negro\/#breadcrumb"},"inLanguage":"es","potentialAction":[{"@type":"ReadAction","target":["https:\/\/www.maprofar.com\/tienda\/producto\/erichkrause-compass-bandeja-para-documentos-de-3-niveles-clasica-y-resistente-color-negro\/"]}]},{"@type":"ImageObject","inLanguage":"es","@id":"https:\/\/www.maprofar.com\/tienda\/producto\/erichkrause-compass-bandeja-para-documentos-de-3-niveles-clasica-y-resistente-color-negro\/#primaryimage","url":"https:\/\/www.maprofar.com\/tienda\/wp-content\/uploads\/2024\/03\/22513.jpg","contentUrl":"https:\/\/www.maprofar.com\/tienda\/wp-content\/uploads\/2024\/03\/22513.jpg","width":1024,"height":1024,"caption":"Erichkrause Compass - Bandeja para Documentos de 3 Niveles - Clasica y Resistente - Color Negro"},{"@type":"BreadcrumbList","@id":"https:\/\/www.maprofar.com\/tienda\/producto\/erichkrause-compass-bandeja-para-documentos-de-3-niveles-clasica-y-resistente-color-negro\/#breadcrumb","itemListElement":[{"@type":"ListItem","position":1,"name":"Portada","item":"https:\/\/www.maprofar.com\/tienda\/"},{"@type":"ListItem","position":2,"name":"Inicio","item":"https:\/\/www.maprofar.com\/tienda\/"},{"@type":"ListItem","position":3,"name":"Erichkrause Compass &#8211; Bandeja para Documentos de 3 Niveles &#8211; Clasica y Resistente &#8211; Color Negro"}]},{"@type":"WebSite","@id":"https:\/\/www.maprofar.com\/tienda\/#website","url":"https:\/\/www.maprofar.com\/tienda\/","name":"Maprofar - Toner Compatibles y Material de Oficina","description":"Encuentra en Maprofar tu t\u00f3ner compatible Brother y HP al mejor precio. Calidad garantizada, env\u00edo urgente 24h y asesoramiento t\u00e9cnico experto. \u00a1Vis\u00edtanos!","publisher":{"@id":"https:\/\/www.maprofar.com\/tienda\/#organization"},"alternateName":"Maprofar Inform\u00e1tica","potentialAction":[{"@type":"SearchAction","target":{"@type":"EntryPoint","urlTemplate":"https:\/\/www.maprofar.com\/tienda\/?s={search_term_string}"},"query-input":{"@type":"PropertyValueSpecification","valueRequired":true,"valueName":"search_term_string"}}],"inLanguage":"es"},{"@type":"Organization","@id":"https:\/\/www.maprofar.com\/tienda\/#organization","name":"Maprofar S.L.","url":"https:\/\/www.maprofar.com\/tienda\/","logo":{"@type":"ImageObject","inLanguage":"es","@id":"https:\/\/www.maprofar.com\/tienda\/#\/schema\/logo\/image\/","url":"https:\/\/www.maprofar.com\/tienda\/wp-content\/uploads\/2021\/05\/logo_circulo.jpg","contentUrl":"https:\/\/www.maprofar.com\/tienda\/wp-content\/uploads\/2021\/05\/logo_circulo.jpg","width":404,"height":335,"caption":"Maprofar S.L."},"image":{"@id":"https:\/\/www.maprofar.com\/tienda\/#\/schema\/logo\/image\/"},"sameAs":["https:\/\/es-es.facebook.com\/maprofar","https:\/\/www.instagram.com\/maprofar_informatica\/","https:\/\/www.pinterest.es\/maprofar\/"]}]}},"_links":{"self":[{"href":"https:\/\/www.maprofar.com\/tienda\/wp-json\/wp\/v2\/product\/10631","targetHints":{"allow":["GET"]}}],"collection":[{"href":"https:\/\/www.maprofar.com\/tienda\/wp-json\/wp\/v2\/product"}],"about":[{"href":"https:\/\/www.maprofar.com\/tienda\/wp-json\/wp\/v2\/types\/product"}],"wp:featuredmedia":[{"embeddable":true,"href":"https:\/\/www.maprofar.com\/tienda\/wp-json\/wp\/v2\/media\/10632"}],"wp:attachment":[{"href":"https:\/\/www.maprofar.com\/tienda\/wp-json\/wp\/v2\/media?parent=10631"}],"wp:term":[{"taxonomy":"product_brand","embeddable":true,"href":"https:\/\/www.maprofar.com\/tienda\/wp-json\/wp\/v2\/product_brand?post=10631"},{"taxonomy":"product_cat","embeddable":true,"href":"https:\/\/www.maprofar.com\/tienda\/wp-json\/wp\/v2\/product_cat?post=10631"},{"taxonomy":"product_tag","embeddable":true,"href":"https:\/\/www.maprofar.com\/tienda\/wp-json\/wp\/v2\/product_tag?post=10631"}],"curies":[{"name":"wp","href":"https:\/\/api.w.org\/{rel}","templated":true}]}}