{"id":10744,"date":"2024-07-23T18:52:10","date_gmt":"2024-07-23T16:52:10","guid":{"rendered":"https:\/\/www.maprofar.com\/tienda\/?post_type=product&#038;p=10744"},"modified":"2026-03-27T11:17:11","modified_gmt":"2026-03-27T10:17:11","slug":"filamento-3d-petg-diametro-1-75mm-bobina-1kg-color-gris","status":"publish","type":"product","link":"https:\/\/www.maprofar.com\/tienda\/producto\/filamento-3d-petg-diametro-1-75mm-bobina-1kg-color-gris\/","title":{"rendered":"Filamento 3D PETG &#8211; Diametro 1.75mm &#8211; Bobina 1kg &#8211; Color Gris"},"content":{"rendered":"<p>Filamento 3D PETG &#8211; Diametro 1.75mm &#8211; Bobina 1kg &#8211; Color Gris<\/p>\n<p>Filamento PETG es un filamento fabricado en Europa para impresoras 3D con tecnolog\u00eda FFF\/FDM.<\/p>\n<p>El PETG es uno de los filamentos m\u00e1s destacados y utilizados en la impresi\u00f3n 3D. Conocido por su resistencia a impactos, flexi\u00f3n y altas temperaturas, es adecuado para aplicaciones exigentes.<\/p>\n<p>Combina la facilidad de impresi\u00f3n del PLA con la durabilidad del ABS, ofreciendo excelente adhesi\u00f3n entre capas, baja contracci\u00f3n y deformaci\u00f3n, y resistencia qu\u00edmica. Es ideal para impresiones grandes y de calidad.<\/p>\n<p>Caracter\u00edsticas:<\/p>\n<p>-Di\u00e1metro de 1.75mm.<br \/>\n-Bobina de 1000 gramos.<\/p>\n<p>Par\u00e1metros de impresi\u00f3n generales:<br \/>\n-Temperatura del nozzle (entre 220\u00baC y 240\u00baC)<br \/>\n-Temperatura de la cama (entre 60\u00baC y 80\u00baC)<br \/>\n-Ventilador: ON (100) %<\/p>\n<p>Propiedades f\u00edsicas:<br \/>\n-Viscosidad intr\u00ednseca: 0,84 \u2248 0.02 dl\/g (ISO 1628-5)<br \/>\n&#8211; Color b*: \u2264 1 (ASTM D6290)<br \/>\n&#8211; Color L*: \u2265 64 (ASTM D6290)<br \/>\n&#8211; Temperatura de transici\u00f3n del vidrio: 8 \u00baC (\u00baASTM D3418)<br \/>\n&#8211; Densidad espec\u00edfica: 1,23 g\/cm3<br \/>\n&#8211; Humedad: \u2264 0.3 %<\/p>\n<p><span style=\"color: #999999;\">Comprar Filamento 3D PETG &#8211; Diametro 1.75mm &#8211; Bobina 1kg &#8211; Color Gris<\/span><\/p>\n","protected":false},"excerpt":{"rendered":"<p class=\"titulo_subseccion_da\">CARACTER\u00cdSTICAS<\/p>\n<div class=\"listado_caracteristicas_da\"><span class=\"linea_datos_da\">\u2022 Para uso en:\u00a0<span class=\"gris_400\" title=\"3D\">3D<\/span><\/span><\/div>\n<div class=\"listado_caracteristicas_da\"><span class=\"linea_datos_da\" title=\"Gris\">\u2022 Color:\u00a0<span class=\"gris_400\">Gris<\/span><\/span><\/div>\n<div class=\"listado_caracteristicas_da\"><span class=\"linea_datos_da\" title=\"Gen\u00e9rico\">\u2022 Fabricante:\u00a0<span class=\"gris_400\">Gen\u00e9rico<\/span><\/span><\/div>\n<div class=\"listado_caracteristicas_da\"><span class=\"linea_datos_da\" title=\"3D\">\u2022 Tipo:\u00a0<span class=\"gris_400\">3D<\/span><\/span><\/div>\n<div class=\"listado_caracteristicas_da\"><span class=\"linea_datos_da\" title=\"1.75 mm \/ 1 kg\">\u2022 Capacidad:\u00a0<span class=\"gris_400\">1.75 mm \/ 1 kg<\/span><\/span><\/div>\n<div class=\"listado_caracteristicas_da\"><span class=\"linea_datos_da\" title=\"\" aria-describedby=\"ui-id-14\">\u2022 Ref.:\u00a0<span class=\"gris_400\">PETG-Grey<\/span><\/span><\/div>\n","protected":false},"featured_media":10746,"template":"","meta":[],"product_brand":[],"product_cat":[96],"product_tag":[],"class_list":{"0":"post-10744","1":"product","2":"type-product","3":"status-publish","4":"has-post-thumbnail","6":"product_cat-bobinas-de-filamento","8":"first","9":"instock","10":"taxable","11":"shipping-taxable","12":"purchasable","13":"product-type-simple"},"yoast_head":"<!-- This site is optimized with the Yoast SEO Premium plugin v22.3 (Yoast SEO v27.4) - https:\/\/yoast.com\/product\/yoast-seo-premium-wordpress\/ -->\n<title>Filamento 3D PETG - Diametro 1.75mm - Bobina 1kg - Color Gris - Maprofar | T\u00f3ner Compatible Brother, HP y Soluciones de Impresi\u00f3n 3D<\/title>\n<meta name=\"description\" content=\"Filamento 3D PETG - Diametro 1.75mm - Bobina 1kg - Color Gris - Maprofar es tu tienda de confianza para toner compatibles y material de oficina\" \/>\n<meta name=\"robots\" content=\"index, follow, max-snippet:-1, max-image-preview:large, max-video-preview:-1\" \/>\n<link rel=\"canonical\" href=\"https:\/\/www.maprofar.com\/tienda\/producto\/filamento-3d-petg-diametro-1-75mm-bobina-1kg-color-gris\/\" \/>\n<meta property=\"og:locale\" content=\"es_ES\" \/>\n<meta property=\"og:type\" content=\"article\" \/>\n<meta property=\"og:title\" content=\"Filamento 3D PETG - Diametro 1.75mm - Bobina 1kg - Color Gris - Maprofar | T\u00f3ner Compatible Brother, HP y Soluciones de Impresi\u00f3n 3D\" \/>\n<meta property=\"og:description\" content=\"En Maprofar encontrar\u00e1s t\u00f3ner compatibles de calidad y material de oficina al mejor precio. Ahorra sin sacrificar rendimiento. \u00a1Aprovecha nuestras ofertas y descuentos!\" \/>\n<meta property=\"og:url\" content=\"https:\/\/www.maprofar.com\/tienda\/producto\/filamento-3d-petg-diametro-1-75mm-bobina-1kg-color-gris\/\" \/>\n<meta property=\"og:site_name\" content=\"Maprofar | T\u00f3ner Compatible Brother, HP y Soluciones de Impresi\u00f3n 3D\" \/>\n<meta property=\"article:publisher\" content=\"https:\/\/es-es.facebook.com\/maprofar\" \/>\n<meta property=\"article:modified_time\" content=\"2026-03-27T10:17:11+00:00\" \/>\n<meta property=\"og:image\" content=\"https:\/\/www.maprofar.com\/tienda\/wp-content\/uploads\/2024\/07\/PETG-Grey.jpg\" \/>\n\t<meta property=\"og:image:width\" content=\"1000\" \/>\n\t<meta property=\"og:image:height\" content=\"1000\" \/>\n\t<meta property=\"og:image:type\" content=\"image\/jpeg\" \/>\n<meta name=\"twitter:card\" content=\"summary_large_image\" \/>\n<meta name=\"twitter:label1\" content=\"Tiempo de lectura\" \/>\n\t<meta name=\"twitter:data1\" content=\"1 minuto\" \/>\n<script type=\"application\/ld+json\" class=\"yoast-schema-graph\">{\"@context\":\"https:\\\/\\\/schema.org\",\"@graph\":[{\"@type\":\"WebPage\",\"@id\":\"https:\\\/\\\/www.maprofar.com\\\/tienda\\\/producto\\\/filamento-3d-petg-diametro-1-75mm-bobina-1kg-color-gris\\\/\",\"url\":\"https:\\\/\\\/www.maprofar.com\\\/tienda\\\/producto\\\/filamento-3d-petg-diametro-1-75mm-bobina-1kg-color-gris\\\/\",\"name\":\"Filamento 3D PETG - Diametro 1.75mm - Bobina 1kg - Color Gris - Maprofar | T\u00f3ner Compatible Brother, HP y Soluciones de Impresi\u00f3n 3D\",\"isPartOf\":{\"@id\":\"https:\\\/\\\/www.maprofar.com\\\/tienda\\\/#website\"},\"primaryImageOfPage\":{\"@id\":\"https:\\\/\\\/www.maprofar.com\\\/tienda\\\/producto\\\/filamento-3d-petg-diametro-1-75mm-bobina-1kg-color-gris\\\/#primaryimage\"},\"image\":{\"@id\":\"https:\\\/\\\/www.maprofar.com\\\/tienda\\\/producto\\\/filamento-3d-petg-diametro-1-75mm-bobina-1kg-color-gris\\\/#primaryimage\"},\"thumbnailUrl\":\"https:\\\/\\\/www.maprofar.com\\\/tienda\\\/wp-content\\\/uploads\\\/2024\\\/07\\\/PETG-Grey.jpg\",\"datePublished\":\"2024-07-23T16:52:10+00:00\",\"dateModified\":\"2026-03-27T10:17:11+00:00\",\"description\":\"Filamento 3D PETG - Diametro 1.75mm - Bobina 1kg - Color Gris - Maprofar es tu tienda de confianza para toner compatibles y material de oficina\",\"breadcrumb\":{\"@id\":\"https:\\\/\\\/www.maprofar.com\\\/tienda\\\/producto\\\/filamento-3d-petg-diametro-1-75mm-bobina-1kg-color-gris\\\/#breadcrumb\"},\"inLanguage\":\"es\",\"potentialAction\":[{\"@type\":\"ReadAction\",\"target\":[\"https:\\\/\\\/www.maprofar.com\\\/tienda\\\/producto\\\/filamento-3d-petg-diametro-1-75mm-bobina-1kg-color-gris\\\/\"]}]},{\"@type\":\"ImageObject\",\"inLanguage\":\"es\",\"@id\":\"https:\\\/\\\/www.maprofar.com\\\/tienda\\\/producto\\\/filamento-3d-petg-diametro-1-75mm-bobina-1kg-color-gris\\\/#primaryimage\",\"url\":\"https:\\\/\\\/www.maprofar.com\\\/tienda\\\/wp-content\\\/uploads\\\/2024\\\/07\\\/PETG-Grey.jpg\",\"contentUrl\":\"https:\\\/\\\/www.maprofar.com\\\/tienda\\\/wp-content\\\/uploads\\\/2024\\\/07\\\/PETG-Grey.jpg\",\"width\":1000,\"height\":1000,\"caption\":\"Filamento 3D PETG - Bobina 1kg - Color Gris\"},{\"@type\":\"BreadcrumbList\",\"@id\":\"https:\\\/\\\/www.maprofar.com\\\/tienda\\\/producto\\\/filamento-3d-petg-diametro-1-75mm-bobina-1kg-color-gris\\\/#breadcrumb\",\"itemListElement\":[{\"@type\":\"ListItem\",\"position\":1,\"name\":\"Portada\",\"item\":\"https:\\\/\\\/www.maprofar.com\\\/tienda\\\/\"},{\"@type\":\"ListItem\",\"position\":2,\"name\":\"Inicio\",\"item\":\"https:\\\/\\\/www.maprofar.com\\\/tienda\\\/\"},{\"@type\":\"ListItem\",\"position\":3,\"name\":\"Filamento 3D PETG &#8211; Diametro 1.75mm &#8211; Bobina 1kg &#8211; Color Gris\"}]},{\"@type\":\"WebSite\",\"@id\":\"https:\\\/\\\/www.maprofar.com\\\/tienda\\\/#website\",\"url\":\"https:\\\/\\\/www.maprofar.com\\\/tienda\\\/\",\"name\":\"Maprofar - Toner Compatibles y Material de Oficina\",\"description\":\"Encuentra en Maprofar tu t\u00f3ner compatible Brother y HP al mejor precio. Calidad garantizada, env\u00edo urgente 24h y asesoramiento t\u00e9cnico experto. \u00a1Vis\u00edtanos!\",\"publisher\":{\"@id\":\"https:\\\/\\\/www.maprofar.com\\\/tienda\\\/#organization\"},\"alternateName\":\"Maprofar Inform\u00e1tica\",\"potentialAction\":[{\"@type\":\"SearchAction\",\"target\":{\"@type\":\"EntryPoint\",\"urlTemplate\":\"https:\\\/\\\/www.maprofar.com\\\/tienda\\\/?s={search_term_string}\"},\"query-input\":{\"@type\":\"PropertyValueSpecification\",\"valueRequired\":true,\"valueName\":\"search_term_string\"}}],\"inLanguage\":\"es\"},{\"@type\":\"Organization\",\"@id\":\"https:\\\/\\\/www.maprofar.com\\\/tienda\\\/#organization\",\"name\":\"Maprofar S.L.\",\"url\":\"https:\\\/\\\/www.maprofar.com\\\/tienda\\\/\",\"logo\":{\"@type\":\"ImageObject\",\"inLanguage\":\"es\",\"@id\":\"https:\\\/\\\/www.maprofar.com\\\/tienda\\\/#\\\/schema\\\/logo\\\/image\\\/\",\"url\":\"https:\\\/\\\/www.maprofar.com\\\/tienda\\\/wp-content\\\/uploads\\\/2021\\\/05\\\/logo_circulo.jpg\",\"contentUrl\":\"https:\\\/\\\/www.maprofar.com\\\/tienda\\\/wp-content\\\/uploads\\\/2021\\\/05\\\/logo_circulo.jpg\",\"width\":404,\"height\":335,\"caption\":\"Maprofar S.L.\"},\"image\":{\"@id\":\"https:\\\/\\\/www.maprofar.com\\\/tienda\\\/#\\\/schema\\\/logo\\\/image\\\/\"},\"sameAs\":[\"https:\\\/\\\/es-es.facebook.com\\\/maprofar\",\"https:\\\/\\\/www.instagram.com\\\/maprofar_informatica\\\/\",\"https:\\\/\\\/www.pinterest.es\\\/maprofar\\\/\"]}]}<\/script>\n<!-- \/ Yoast SEO Premium plugin. -->","yoast_head_json":{"title":"Filamento 3D PETG - Diametro 1.75mm - Bobina 1kg - Color Gris - Maprofar | T\u00f3ner Compatible Brother, HP y Soluciones de Impresi\u00f3n 3D","description":"Filamento 3D PETG - Diametro 1.75mm - Bobina 1kg - Color Gris - Maprofar es tu tienda de confianza para toner compatibles y material de oficina","robots":{"index":"index","follow":"follow","max-snippet":"max-snippet:-1","max-image-preview":"max-image-preview:large","max-video-preview":"max-video-preview:-1"},"canonical":"https:\/\/www.maprofar.com\/tienda\/producto\/filamento-3d-petg-diametro-1-75mm-bobina-1kg-color-gris\/","og_locale":"es_ES","og_type":"article","og_title":"Filamento 3D PETG - Diametro 1.75mm - Bobina 1kg - Color Gris - Maprofar | T\u00f3ner Compatible Brother, HP y Soluciones de Impresi\u00f3n 3D","og_description":"En Maprofar encontrar\u00e1s t\u00f3ner compatibles de calidad y material de oficina al mejor precio. Ahorra sin sacrificar rendimiento. \u00a1Aprovecha nuestras ofertas y descuentos!","og_url":"https:\/\/www.maprofar.com\/tienda\/producto\/filamento-3d-petg-diametro-1-75mm-bobina-1kg-color-gris\/","og_site_name":"Maprofar | T\u00f3ner Compatible Brother, HP y Soluciones de Impresi\u00f3n 3D","article_publisher":"https:\/\/es-es.facebook.com\/maprofar","article_modified_time":"2026-03-27T10:17:11+00:00","og_image":[{"width":1000,"height":1000,"url":"https:\/\/www.maprofar.com\/tienda\/wp-content\/uploads\/2024\/07\/PETG-Grey.jpg","type":"image\/jpeg"}],"twitter_card":"summary_large_image","twitter_misc":{"Tiempo de lectura":"1 minuto"},"schema":{"@context":"https:\/\/schema.org","@graph":[{"@type":"WebPage","@id":"https:\/\/www.maprofar.com\/tienda\/producto\/filamento-3d-petg-diametro-1-75mm-bobina-1kg-color-gris\/","url":"https:\/\/www.maprofar.com\/tienda\/producto\/filamento-3d-petg-diametro-1-75mm-bobina-1kg-color-gris\/","name":"Filamento 3D PETG - Diametro 1.75mm - Bobina 1kg - Color Gris - Maprofar | T\u00f3ner Compatible Brother, HP y Soluciones de Impresi\u00f3n 3D","isPartOf":{"@id":"https:\/\/www.maprofar.com\/tienda\/#website"},"primaryImageOfPage":{"@id":"https:\/\/www.maprofar.com\/tienda\/producto\/filamento-3d-petg-diametro-1-75mm-bobina-1kg-color-gris\/#primaryimage"},"image":{"@id":"https:\/\/www.maprofar.com\/tienda\/producto\/filamento-3d-petg-diametro-1-75mm-bobina-1kg-color-gris\/#primaryimage"},"thumbnailUrl":"https:\/\/www.maprofar.com\/tienda\/wp-content\/uploads\/2024\/07\/PETG-Grey.jpg","datePublished":"2024-07-23T16:52:10+00:00","dateModified":"2026-03-27T10:17:11+00:00","description":"Filamento 3D PETG - Diametro 1.75mm - Bobina 1kg - Color Gris - Maprofar es tu tienda de confianza para toner compatibles y material de oficina","breadcrumb":{"@id":"https:\/\/www.maprofar.com\/tienda\/producto\/filamento-3d-petg-diametro-1-75mm-bobina-1kg-color-gris\/#breadcrumb"},"inLanguage":"es","potentialAction":[{"@type":"ReadAction","target":["https:\/\/www.maprofar.com\/tienda\/producto\/filamento-3d-petg-diametro-1-75mm-bobina-1kg-color-gris\/"]}]},{"@type":"ImageObject","inLanguage":"es","@id":"https:\/\/www.maprofar.com\/tienda\/producto\/filamento-3d-petg-diametro-1-75mm-bobina-1kg-color-gris\/#primaryimage","url":"https:\/\/www.maprofar.com\/tienda\/wp-content\/uploads\/2024\/07\/PETG-Grey.jpg","contentUrl":"https:\/\/www.maprofar.com\/tienda\/wp-content\/uploads\/2024\/07\/PETG-Grey.jpg","width":1000,"height":1000,"caption":"Filamento 3D PETG - Bobina 1kg - Color Gris"},{"@type":"BreadcrumbList","@id":"https:\/\/www.maprofar.com\/tienda\/producto\/filamento-3d-petg-diametro-1-75mm-bobina-1kg-color-gris\/#breadcrumb","itemListElement":[{"@type":"ListItem","position":1,"name":"Portada","item":"https:\/\/www.maprofar.com\/tienda\/"},{"@type":"ListItem","position":2,"name":"Inicio","item":"https:\/\/www.maprofar.com\/tienda\/"},{"@type":"ListItem","position":3,"name":"Filamento 3D PETG &#8211; Diametro 1.75mm &#8211; Bobina 1kg &#8211; Color Gris"}]},{"@type":"WebSite","@id":"https:\/\/www.maprofar.com\/tienda\/#website","url":"https:\/\/www.maprofar.com\/tienda\/","name":"Maprofar - Toner Compatibles y Material de Oficina","description":"Encuentra en Maprofar tu t\u00f3ner compatible Brother y HP al mejor precio. Calidad garantizada, env\u00edo urgente 24h y asesoramiento t\u00e9cnico experto. \u00a1Vis\u00edtanos!","publisher":{"@id":"https:\/\/www.maprofar.com\/tienda\/#organization"},"alternateName":"Maprofar Inform\u00e1tica","potentialAction":[{"@type":"SearchAction","target":{"@type":"EntryPoint","urlTemplate":"https:\/\/www.maprofar.com\/tienda\/?s={search_term_string}"},"query-input":{"@type":"PropertyValueSpecification","valueRequired":true,"valueName":"search_term_string"}}],"inLanguage":"es"},{"@type":"Organization","@id":"https:\/\/www.maprofar.com\/tienda\/#organization","name":"Maprofar S.L.","url":"https:\/\/www.maprofar.com\/tienda\/","logo":{"@type":"ImageObject","inLanguage":"es","@id":"https:\/\/www.maprofar.com\/tienda\/#\/schema\/logo\/image\/","url":"https:\/\/www.maprofar.com\/tienda\/wp-content\/uploads\/2021\/05\/logo_circulo.jpg","contentUrl":"https:\/\/www.maprofar.com\/tienda\/wp-content\/uploads\/2021\/05\/logo_circulo.jpg","width":404,"height":335,"caption":"Maprofar S.L."},"image":{"@id":"https:\/\/www.maprofar.com\/tienda\/#\/schema\/logo\/image\/"},"sameAs":["https:\/\/es-es.facebook.com\/maprofar","https:\/\/www.instagram.com\/maprofar_informatica\/","https:\/\/www.pinterest.es\/maprofar\/"]}]}},"_links":{"self":[{"href":"https:\/\/www.maprofar.com\/tienda\/wp-json\/wp\/v2\/product\/10744","targetHints":{"allow":["GET"]}}],"collection":[{"href":"https:\/\/www.maprofar.com\/tienda\/wp-json\/wp\/v2\/product"}],"about":[{"href":"https:\/\/www.maprofar.com\/tienda\/wp-json\/wp\/v2\/types\/product"}],"wp:featuredmedia":[{"embeddable":true,"href":"https:\/\/www.maprofar.com\/tienda\/wp-json\/wp\/v2\/media\/10746"}],"wp:attachment":[{"href":"https:\/\/www.maprofar.com\/tienda\/wp-json\/wp\/v2\/media?parent=10744"}],"wp:term":[{"taxonomy":"product_brand","embeddable":true,"href":"https:\/\/www.maprofar.com\/tienda\/wp-json\/wp\/v2\/product_brand?post=10744"},{"taxonomy":"product_cat","embeddable":true,"href":"https:\/\/www.maprofar.com\/tienda\/wp-json\/wp\/v2\/product_cat?post=10744"},{"taxonomy":"product_tag","embeddable":true,"href":"https:\/\/www.maprofar.com\/tienda\/wp-json\/wp\/v2\/product_tag?post=10744"}],"curies":[{"name":"wp","href":"https:\/\/api.w.org\/{rel}","templated":true}]}}