{"id":10832,"date":"2024-10-24T20:28:57","date_gmt":"2024-10-24T18:28:57","guid":{"rendered":"https:\/\/www.maprofar.com\/tienda\/?post_type=product&#038;p=10832"},"modified":"2025-06-30T19:46:27","modified_gmt":"2025-06-30T17:46:27","slug":"approx-lector-biometrico-para-control-de-presencia-y-acceso-pantalla-2-8","status":"publish","type":"product","link":"https:\/\/www.maprofar.com\/tienda\/producto\/approx-lector-biometrico-para-control-de-presencia-y-acceso-pantalla-2-8\/","title":{"rendered":"Approx Lector Biometrico para Control de Presencia y Acceso Pantalla 2.8&#8243;"},"content":{"rendered":"<p>Approx Lector Biometrico para Control de Presencia y Acceso Pantalla 2.8&#8243; &#8211; Con Lector de Tarjetas RF y Teclado &#8211; Capacidad de 100.000 Registros<\/p>\n<p>El sistema de control de presencia y acceso appATTENDANCE02NF ofrece una soluci\u00f3n integral para la gesti\u00f3n eficiente de la jornada laboral de su empresa, permitiendo un seguimiento detallado de horas extras, ausencias, vacaciones, citas m\u00e9dicas, entre otros. Adem\u00e1s, facilita la organizaci\u00f3n de los turnos de trabajo. Equipado con un lector de tarjetas RF, teclado y una pantalla TFT, garantiza una identificaci\u00f3n segura y r\u00e1pida mediante dos m\u00e9todos: PIN y tarjetas RFID. Su capacidad abarca hasta 100.000 registros, proporcionando un alto nivel de control y<br \/>\nconfiabilidad en el acceso y gesti\u00f3n de sus empleados.<\/p>\n<p>Caracter\u00edsticas:<\/p>\n<p>-Con sistema de apertura de puertas (Wiegand)<br \/>\n-F\u00e1cil descarga de datos a trav\u00e9s de unidad flash USB<br \/>\n-Informes en pantalla, formato excel o a trav\u00e9s de software<br \/>\n-M\u00e9todos de autenticaci\u00f3n del empleado: PIN o tarjeta RFID (125KHz)<br \/>\n-Mensajes de voz con todas las operaciones<br \/>\n-Departamentos, turnos, horarios y alarmas configurables<br \/>\n-Registro de empleados directamente en el dispositivo, con plantilla o a trav\u00e9s de software.<\/p>\n<p>Especificaciones:<\/p>\n<p>-Pantalla a color TFT de 2,8 pulgadas<br \/>\n-Capacidad: 100.000 registros<br \/>\n-Software en espa\u00f1ol incluido<br \/>\n-Velocidad de verificaci\u00f3n: 1 segundo<br \/>\n-Protocolo de comunicaci\u00f3n TCP\/IP<br \/>\n-Idioma: Espa\u00f1ol, ingl\u00e9s, portugu\u00e9s, chino<br \/>\n-Interfaz: Host USB y RJ45<br \/>\n-Fuente de alimentaci\u00f3n: 5V 1A<br \/>\n-Temperatura de trabajo: 0-45\u00baC<br \/>\n-Sellado ambiental: IP54<br \/>\n-Peso bruto: 330g.<br \/>\n-Tama\u00f1o: 178 x 138 x 41.2 mm.<br \/>\n-Con soporte para fijar a la pared.<br \/>\n-Color: Negro<br \/>\n-Garant\u00eda: 2 A\u00f1os<\/p>\n<p><span style=\"color: #999999;\">Comprar Approx Lector Biometrico para Control de Presencia y Acceso Pantalla 2.8&#8243; &#8211; Con Lector de Tarjetas RF y Teclado &#8211; Capacidad de 100.000 Registros<\/span><\/p>\n","protected":false},"excerpt":{"rendered":"<p class=\"titulo_subseccion_da\">CARACTER\u00cdSTICAS<\/p>\n<div class=\"listado_caracteristicas_da\"><span class=\"linea_datos_da\">\u2022 Marca:\u00a0<span class=\"gris_400\" title=\"Approx\">Approx<\/span><\/span><\/div>\n<div class=\"listado_caracteristicas_da\"><span class=\"linea_datos_da\" title=\"Negro\">\u2022 Color:\u00a0<span class=\"gris_400\">Negro<\/span><\/span><\/div>\n<div class=\"listado_caracteristicas_da\"><span class=\"linea_datos_da\" title=\"Approx\">\u2022 Fabricante:\u00a0<span class=\"gris_400\">Approx<\/span><\/span><\/div>\n<div class=\"listado_caracteristicas_da\"><span class=\"linea_datos_da\" title=\"\" aria-describedby=\"ui-id-16\">\u2022 Ref.:\u00a0<span class=\"gris_400\">APPATTENDANCE02NF<\/span><\/span><\/div>\n","protected":false},"featured_media":10834,"template":"","meta":[],"product_brand":[],"product_cat":[88],"product_tag":[],"class_list":{"0":"post-10832","1":"product","2":"type-product","3":"status-publish","4":"has-post-thumbnail","6":"product_cat-control-de-presencia","8":"first","9":"instock","10":"taxable","11":"shipping-taxable","12":"purchasable","13":"product-type-simple"},"yoast_head":"<!-- This site is optimized with the Yoast SEO Premium plugin v22.3 (Yoast SEO v27.4) - https:\/\/yoast.com\/product\/yoast-seo-premium-wordpress\/ -->\n<title>Approx Lector Biometrico para Control de Presencia<\/title>\n<meta name=\"description\" content=\"Approx Lector Biom\u00e9trico para Control de Presencia y Acceso Pantalla 2.8&quot; - Con Lector de Tarjetas RF y Teclado - Capacidad de 100.000 Registros\" \/>\n<meta name=\"robots\" content=\"index, follow, max-snippet:-1, max-image-preview:large, max-video-preview:-1\" \/>\n<link rel=\"canonical\" href=\"https:\/\/www.maprofar.com\/tienda\/producto\/approx-lector-biometrico-para-control-de-presencia-y-acceso-pantalla-2-8\/\" \/>\n<meta property=\"og:locale\" content=\"es_ES\" \/>\n<meta property=\"og:type\" content=\"article\" \/>\n<meta property=\"og:title\" content=\"Approx Lector Biometrico para Control de Presencia y Acceso Pantalla 2.8&quot; - Maprofar | T\u00f3ner Compatible Brother, HP y Soluciones de Impresi\u00f3n 3D\" \/>\n<meta property=\"og:description\" content=\"En Maprofar encontrar\u00e1s t\u00f3ner compatibles de calidad y material de oficina al mejor precio. Ahorra sin sacrificar rendimiento. \u00a1Aprovecha nuestras ofertas y descuentos!\" \/>\n<meta property=\"og:url\" content=\"https:\/\/www.maprofar.com\/tienda\/producto\/approx-lector-biometrico-para-control-de-presencia-y-acceso-pantalla-2-8\/\" \/>\n<meta property=\"og:site_name\" content=\"Maprofar | T\u00f3ner Compatible Brother, HP y Soluciones de Impresi\u00f3n 3D\" \/>\n<meta property=\"article:publisher\" content=\"https:\/\/es-es.facebook.com\/maprofar\" \/>\n<meta property=\"article:modified_time\" content=\"2025-06-30T17:46:27+00:00\" \/>\n<meta property=\"og:image\" content=\"https:\/\/www.maprofar.com\/tienda\/wp-content\/uploads\/2024\/10\/APPATTENDANCE02NF_1.jpg\" \/>\n\t<meta property=\"og:image:width\" content=\"452\" \/>\n\t<meta property=\"og:image:height\" content=\"452\" \/>\n\t<meta property=\"og:image:type\" content=\"image\/jpeg\" \/>\n<meta name=\"twitter:card\" content=\"summary_large_image\" \/>\n<meta name=\"twitter:label1\" content=\"Tiempo de lectura\" \/>\n\t<meta name=\"twitter:data1\" content=\"2 minutos\" \/>\n<script type=\"application\/ld+json\" class=\"yoast-schema-graph\">{\"@context\":\"https:\\\/\\\/schema.org\",\"@graph\":[{\"@type\":\"WebPage\",\"@id\":\"https:\\\/\\\/www.maprofar.com\\\/tienda\\\/producto\\\/approx-lector-biometrico-para-control-de-presencia-y-acceso-pantalla-2-8\\\/\",\"url\":\"https:\\\/\\\/www.maprofar.com\\\/tienda\\\/producto\\\/approx-lector-biometrico-para-control-de-presencia-y-acceso-pantalla-2-8\\\/\",\"name\":\"Approx Lector Biometrico para Control de Presencia\",\"isPartOf\":{\"@id\":\"https:\\\/\\\/www.maprofar.com\\\/tienda\\\/#website\"},\"primaryImageOfPage\":{\"@id\":\"https:\\\/\\\/www.maprofar.com\\\/tienda\\\/producto\\\/approx-lector-biometrico-para-control-de-presencia-y-acceso-pantalla-2-8\\\/#primaryimage\"},\"image\":{\"@id\":\"https:\\\/\\\/www.maprofar.com\\\/tienda\\\/producto\\\/approx-lector-biometrico-para-control-de-presencia-y-acceso-pantalla-2-8\\\/#primaryimage\"},\"thumbnailUrl\":\"https:\\\/\\\/www.maprofar.com\\\/tienda\\\/wp-content\\\/uploads\\\/2024\\\/10\\\/APPATTENDANCE02NF_1.jpg\",\"datePublished\":\"2024-10-24T18:28:57+00:00\",\"dateModified\":\"2025-06-30T17:46:27+00:00\",\"description\":\"Approx Lector Biom\u00e9trico para Control de Presencia y Acceso Pantalla 2.8\\\" - Con Lector de Tarjetas RF y Teclado - Capacidad de 100.000 Registros\",\"breadcrumb\":{\"@id\":\"https:\\\/\\\/www.maprofar.com\\\/tienda\\\/producto\\\/approx-lector-biometrico-para-control-de-presencia-y-acceso-pantalla-2-8\\\/#breadcrumb\"},\"inLanguage\":\"es\",\"potentialAction\":[{\"@type\":\"ReadAction\",\"target\":[\"https:\\\/\\\/www.maprofar.com\\\/tienda\\\/producto\\\/approx-lector-biometrico-para-control-de-presencia-y-acceso-pantalla-2-8\\\/\"]}]},{\"@type\":\"ImageObject\",\"inLanguage\":\"es\",\"@id\":\"https:\\\/\\\/www.maprofar.com\\\/tienda\\\/producto\\\/approx-lector-biometrico-para-control-de-presencia-y-acceso-pantalla-2-8\\\/#primaryimage\",\"url\":\"https:\\\/\\\/www.maprofar.com\\\/tienda\\\/wp-content\\\/uploads\\\/2024\\\/10\\\/APPATTENDANCE02NF_1.jpg\",\"contentUrl\":\"https:\\\/\\\/www.maprofar.com\\\/tienda\\\/wp-content\\\/uploads\\\/2024\\\/10\\\/APPATTENDANCE02NF_1.jpg\",\"width\":452,\"height\":452,\"caption\":\"Approx Lector Biometrico para Control de Presencia y Acceso Pantalla 2.8\\\"\"},{\"@type\":\"BreadcrumbList\",\"@id\":\"https:\\\/\\\/www.maprofar.com\\\/tienda\\\/producto\\\/approx-lector-biometrico-para-control-de-presencia-y-acceso-pantalla-2-8\\\/#breadcrumb\",\"itemListElement\":[{\"@type\":\"ListItem\",\"position\":1,\"name\":\"Portada\",\"item\":\"https:\\\/\\\/www.maprofar.com\\\/tienda\\\/\"},{\"@type\":\"ListItem\",\"position\":2,\"name\":\"Inicio\",\"item\":\"https:\\\/\\\/www.maprofar.com\\\/tienda\\\/\"},{\"@type\":\"ListItem\",\"position\":3,\"name\":\"Approx Lector Biometrico para Control de Presencia y Acceso Pantalla 2.8&#8243;\"}]},{\"@type\":\"WebSite\",\"@id\":\"https:\\\/\\\/www.maprofar.com\\\/tienda\\\/#website\",\"url\":\"https:\\\/\\\/www.maprofar.com\\\/tienda\\\/\",\"name\":\"Maprofar - Toner Compatibles y Material de Oficina\",\"description\":\"Encuentra en Maprofar tu t\u00f3ner compatible Brother y HP al mejor precio. Calidad garantizada, env\u00edo urgente 24h y asesoramiento t\u00e9cnico experto. \u00a1Vis\u00edtanos!\",\"publisher\":{\"@id\":\"https:\\\/\\\/www.maprofar.com\\\/tienda\\\/#organization\"},\"alternateName\":\"Maprofar Inform\u00e1tica\",\"potentialAction\":[{\"@type\":\"SearchAction\",\"target\":{\"@type\":\"EntryPoint\",\"urlTemplate\":\"https:\\\/\\\/www.maprofar.com\\\/tienda\\\/?s={search_term_string}\"},\"query-input\":{\"@type\":\"PropertyValueSpecification\",\"valueRequired\":true,\"valueName\":\"search_term_string\"}}],\"inLanguage\":\"es\"},{\"@type\":\"Organization\",\"@id\":\"https:\\\/\\\/www.maprofar.com\\\/tienda\\\/#organization\",\"name\":\"Maprofar S.L.\",\"url\":\"https:\\\/\\\/www.maprofar.com\\\/tienda\\\/\",\"logo\":{\"@type\":\"ImageObject\",\"inLanguage\":\"es\",\"@id\":\"https:\\\/\\\/www.maprofar.com\\\/tienda\\\/#\\\/schema\\\/logo\\\/image\\\/\",\"url\":\"https:\\\/\\\/www.maprofar.com\\\/tienda\\\/wp-content\\\/uploads\\\/2021\\\/05\\\/logo_circulo.jpg\",\"contentUrl\":\"https:\\\/\\\/www.maprofar.com\\\/tienda\\\/wp-content\\\/uploads\\\/2021\\\/05\\\/logo_circulo.jpg\",\"width\":404,\"height\":335,\"caption\":\"Maprofar S.L.\"},\"image\":{\"@id\":\"https:\\\/\\\/www.maprofar.com\\\/tienda\\\/#\\\/schema\\\/logo\\\/image\\\/\"},\"sameAs\":[\"https:\\\/\\\/es-es.facebook.com\\\/maprofar\",\"https:\\\/\\\/www.instagram.com\\\/maprofar_informatica\\\/\",\"https:\\\/\\\/www.pinterest.es\\\/maprofar\\\/\"]}]}<\/script>\n<!-- \/ Yoast SEO Premium plugin. -->","yoast_head_json":{"title":"Approx Lector Biometrico para Control de Presencia","description":"Approx Lector Biom\u00e9trico para Control de Presencia y Acceso Pantalla 2.8\" - Con Lector de Tarjetas RF y Teclado - Capacidad de 100.000 Registros","robots":{"index":"index","follow":"follow","max-snippet":"max-snippet:-1","max-image-preview":"max-image-preview:large","max-video-preview":"max-video-preview:-1"},"canonical":"https:\/\/www.maprofar.com\/tienda\/producto\/approx-lector-biometrico-para-control-de-presencia-y-acceso-pantalla-2-8\/","og_locale":"es_ES","og_type":"article","og_title":"Approx Lector Biometrico para Control de Presencia y Acceso Pantalla 2.8\" - Maprofar | T\u00f3ner Compatible Brother, HP y Soluciones de Impresi\u00f3n 3D","og_description":"En Maprofar encontrar\u00e1s t\u00f3ner compatibles de calidad y material de oficina al mejor precio. Ahorra sin sacrificar rendimiento. \u00a1Aprovecha nuestras ofertas y descuentos!","og_url":"https:\/\/www.maprofar.com\/tienda\/producto\/approx-lector-biometrico-para-control-de-presencia-y-acceso-pantalla-2-8\/","og_site_name":"Maprofar | T\u00f3ner Compatible Brother, HP y Soluciones de Impresi\u00f3n 3D","article_publisher":"https:\/\/es-es.facebook.com\/maprofar","article_modified_time":"2025-06-30T17:46:27+00:00","og_image":[{"width":452,"height":452,"url":"https:\/\/www.maprofar.com\/tienda\/wp-content\/uploads\/2024\/10\/APPATTENDANCE02NF_1.jpg","type":"image\/jpeg"}],"twitter_card":"summary_large_image","twitter_misc":{"Tiempo de lectura":"2 minutos"},"schema":{"@context":"https:\/\/schema.org","@graph":[{"@type":"WebPage","@id":"https:\/\/www.maprofar.com\/tienda\/producto\/approx-lector-biometrico-para-control-de-presencia-y-acceso-pantalla-2-8\/","url":"https:\/\/www.maprofar.com\/tienda\/producto\/approx-lector-biometrico-para-control-de-presencia-y-acceso-pantalla-2-8\/","name":"Approx Lector Biometrico para Control de Presencia","isPartOf":{"@id":"https:\/\/www.maprofar.com\/tienda\/#website"},"primaryImageOfPage":{"@id":"https:\/\/www.maprofar.com\/tienda\/producto\/approx-lector-biometrico-para-control-de-presencia-y-acceso-pantalla-2-8\/#primaryimage"},"image":{"@id":"https:\/\/www.maprofar.com\/tienda\/producto\/approx-lector-biometrico-para-control-de-presencia-y-acceso-pantalla-2-8\/#primaryimage"},"thumbnailUrl":"https:\/\/www.maprofar.com\/tienda\/wp-content\/uploads\/2024\/10\/APPATTENDANCE02NF_1.jpg","datePublished":"2024-10-24T18:28:57+00:00","dateModified":"2025-06-30T17:46:27+00:00","description":"Approx Lector Biom\u00e9trico para Control de Presencia y Acceso Pantalla 2.8\" - Con Lector de Tarjetas RF y Teclado - Capacidad de 100.000 Registros","breadcrumb":{"@id":"https:\/\/www.maprofar.com\/tienda\/producto\/approx-lector-biometrico-para-control-de-presencia-y-acceso-pantalla-2-8\/#breadcrumb"},"inLanguage":"es","potentialAction":[{"@type":"ReadAction","target":["https:\/\/www.maprofar.com\/tienda\/producto\/approx-lector-biometrico-para-control-de-presencia-y-acceso-pantalla-2-8\/"]}]},{"@type":"ImageObject","inLanguage":"es","@id":"https:\/\/www.maprofar.com\/tienda\/producto\/approx-lector-biometrico-para-control-de-presencia-y-acceso-pantalla-2-8\/#primaryimage","url":"https:\/\/www.maprofar.com\/tienda\/wp-content\/uploads\/2024\/10\/APPATTENDANCE02NF_1.jpg","contentUrl":"https:\/\/www.maprofar.com\/tienda\/wp-content\/uploads\/2024\/10\/APPATTENDANCE02NF_1.jpg","width":452,"height":452,"caption":"Approx Lector Biometrico para Control de Presencia y Acceso Pantalla 2.8\""},{"@type":"BreadcrumbList","@id":"https:\/\/www.maprofar.com\/tienda\/producto\/approx-lector-biometrico-para-control-de-presencia-y-acceso-pantalla-2-8\/#breadcrumb","itemListElement":[{"@type":"ListItem","position":1,"name":"Portada","item":"https:\/\/www.maprofar.com\/tienda\/"},{"@type":"ListItem","position":2,"name":"Inicio","item":"https:\/\/www.maprofar.com\/tienda\/"},{"@type":"ListItem","position":3,"name":"Approx Lector Biometrico para Control de Presencia y Acceso Pantalla 2.8&#8243;"}]},{"@type":"WebSite","@id":"https:\/\/www.maprofar.com\/tienda\/#website","url":"https:\/\/www.maprofar.com\/tienda\/","name":"Maprofar - Toner Compatibles y Material de Oficina","description":"Encuentra en Maprofar tu t\u00f3ner compatible Brother y HP al mejor precio. Calidad garantizada, env\u00edo urgente 24h y asesoramiento t\u00e9cnico experto. \u00a1Vis\u00edtanos!","publisher":{"@id":"https:\/\/www.maprofar.com\/tienda\/#organization"},"alternateName":"Maprofar Inform\u00e1tica","potentialAction":[{"@type":"SearchAction","target":{"@type":"EntryPoint","urlTemplate":"https:\/\/www.maprofar.com\/tienda\/?s={search_term_string}"},"query-input":{"@type":"PropertyValueSpecification","valueRequired":true,"valueName":"search_term_string"}}],"inLanguage":"es"},{"@type":"Organization","@id":"https:\/\/www.maprofar.com\/tienda\/#organization","name":"Maprofar S.L.","url":"https:\/\/www.maprofar.com\/tienda\/","logo":{"@type":"ImageObject","inLanguage":"es","@id":"https:\/\/www.maprofar.com\/tienda\/#\/schema\/logo\/image\/","url":"https:\/\/www.maprofar.com\/tienda\/wp-content\/uploads\/2021\/05\/logo_circulo.jpg","contentUrl":"https:\/\/www.maprofar.com\/tienda\/wp-content\/uploads\/2021\/05\/logo_circulo.jpg","width":404,"height":335,"caption":"Maprofar S.L."},"image":{"@id":"https:\/\/www.maprofar.com\/tienda\/#\/schema\/logo\/image\/"},"sameAs":["https:\/\/es-es.facebook.com\/maprofar","https:\/\/www.instagram.com\/maprofar_informatica\/","https:\/\/www.pinterest.es\/maprofar\/"]}]}},"_links":{"self":[{"href":"https:\/\/www.maprofar.com\/tienda\/wp-json\/wp\/v2\/product\/10832","targetHints":{"allow":["GET"]}}],"collection":[{"href":"https:\/\/www.maprofar.com\/tienda\/wp-json\/wp\/v2\/product"}],"about":[{"href":"https:\/\/www.maprofar.com\/tienda\/wp-json\/wp\/v2\/types\/product"}],"wp:featuredmedia":[{"embeddable":true,"href":"https:\/\/www.maprofar.com\/tienda\/wp-json\/wp\/v2\/media\/10834"}],"wp:attachment":[{"href":"https:\/\/www.maprofar.com\/tienda\/wp-json\/wp\/v2\/media?parent=10832"}],"wp:term":[{"taxonomy":"product_brand","embeddable":true,"href":"https:\/\/www.maprofar.com\/tienda\/wp-json\/wp\/v2\/product_brand?post=10832"},{"taxonomy":"product_cat","embeddable":true,"href":"https:\/\/www.maprofar.com\/tienda\/wp-json\/wp\/v2\/product_cat?post=10832"},{"taxonomy":"product_tag","embeddable":true,"href":"https:\/\/www.maprofar.com\/tienda\/wp-json\/wp\/v2\/product_tag?post=10832"}],"curies":[{"name":"wp","href":"https:\/\/api.w.org\/{rel}","templated":true}]}}