{"id":10847,"date":"2024-10-25T20:03:43","date_gmt":"2024-10-25T18:03:43","guid":{"rendered":"https:\/\/www.maprofar.com\/tienda\/?post_type=product&#038;p=10847"},"modified":"2026-02-16T14:02:26","modified_gmt":"2026-02-16T13:02:26","slug":"bismark-pack-de-10-fundas-multitaladro-tamano-folio-80-micras-acabado-en-cristal","status":"publish","type":"product","link":"https:\/\/www.maprofar.com\/tienda\/producto\/bismark-pack-de-10-fundas-multitaladro-tamano-folio-80-micras-acabado-en-cristal\/","title":{"rendered":"Bismark Pack de 10 Fundas Multitaladro Tama\u00f1o Folio 80 Micras &#8211; Acabado en Cristal"},"content":{"rendered":"<p>Bismark Pack de 10 Fundas Multitaladro Tama\u00f1o Folio 80 Micras &#8211; Acabado en Cristal &#8211; Ideal para Carpetas con Mecanismo de Anillas<\/p>\n<p>Bismark Pack de 10 Fundas Multitaladro Tama\u00f1o Folio 80 Micras<\/p>\n<p>Caracter\u00edsticas:<\/p>\n<p>-Tama\u00f1o Folio<br \/>\n-Multitaladro 11<br \/>\n-Acabado en Cristal<br \/>\n-Ideal para Carpetas con Mecanismo de Anillas<\/p>\n<p><span style=\"color: #999999;\">Comprar Bismark Pack de 10 Fundas Multitaladro Tama\u00f1o Folio 80 Micras &#8211; Acabado en Cristal &#8211; Ideal para Carpetas con Mecanismo de Anillas<\/span><\/p>\n","protected":false},"excerpt":{"rendered":"<p class=\"titulo_subseccion_da\">CARACTER\u00cdSTICAS<\/p>\n<div class=\"listado_caracteristicas_da\"><span class=\"linea_datos_da\">\u2022 Marca:\u00a0<span class=\"gris_400\" title=\"Bismark\">Bismark<\/span><\/span><\/div>\n<div class=\"listado_caracteristicas_da\"><span class=\"linea_datos_da\" title=\"Transparente\">\u2022 Color:\u00a0<span class=\"gris_400\">Transparente<\/span><\/span><\/div>\n<div class=\"listado_caracteristicas_da\"><span class=\"linea_datos_da\" title=\"Bismark\">\u2022 Fabricante:\u00a0<span class=\"gris_400\">Bismark<\/span><\/span><\/div>\n<div class=\"listado_caracteristicas_da\"><span class=\"linea_datos_da\" title=\"\" aria-describedby=\"ui-id-11\">\u2022 Ref.:\u00a0<span class=\"gris_400\">BI329155<\/span><\/span><\/div>\n","protected":false},"featured_media":10849,"template":"","meta":[],"product_brand":[],"product_cat":[152],"product_tag":[],"class_list":{"0":"post-10847","1":"product","2":"type-product","3":"status-publish","4":"has-post-thumbnail","6":"product_cat-fundas-dossiers-y-separadores","8":"first","9":"instock","10":"taxable","11":"shipping-taxable","12":"purchasable","13":"product-type-simple"},"yoast_head":"<!-- This site is optimized with the Yoast SEO Premium plugin v22.3 (Yoast SEO v27.4) - https:\/\/yoast.com\/product\/yoast-seo-premium-wordpress\/ -->\n<title>Bismark Pack de 10 Fundas Multitaladro Tama\u00f1o Folio 80 Micras<\/title>\n<meta name=\"description\" content=\"Bismark Pack de 10 Fundas Multitaladro Tama\u00f1o Folio 80 Micras - Acabado en Cristal - Maprofar es tu tienda de confianza donde comprar al mejor precio\" \/>\n<meta name=\"robots\" content=\"index, follow, max-snippet:-1, max-image-preview:large, max-video-preview:-1\" \/>\n<link rel=\"canonical\" href=\"https:\/\/www.maprofar.com\/tienda\/producto\/bismark-pack-de-10-fundas-multitaladro-tamano-folio-80-micras-acabado-en-cristal\/\" \/>\n<meta property=\"og:locale\" content=\"es_ES\" \/>\n<meta property=\"og:type\" content=\"article\" \/>\n<meta property=\"og:title\" content=\"Bismark Pack de 10 Fundas Multitaladro Tama\u00f1o Folio 80 Micras - Acabado en Cristal - Maprofar | T\u00f3ner Compatible Brother, HP y Soluciones de Impresi\u00f3n 3D\" \/>\n<meta property=\"og:description\" content=\"En Maprofar encontrar\u00e1s t\u00f3ner compatibles de calidad y material de oficina al mejor precio. Ahorra sin sacrificar rendimiento. \u00a1Aprovecha nuestras ofertas y descuentos!\" \/>\n<meta property=\"og:url\" content=\"https:\/\/www.maprofar.com\/tienda\/producto\/bismark-pack-de-10-fundas-multitaladro-tamano-folio-80-micras-acabado-en-cristal\/\" \/>\n<meta property=\"og:site_name\" content=\"Maprofar | T\u00f3ner Compatible Brother, HP y Soluciones de Impresi\u00f3n 3D\" \/>\n<meta property=\"article:publisher\" content=\"https:\/\/es-es.facebook.com\/maprofar\" \/>\n<meta property=\"article:modified_time\" content=\"2026-02-16T13:02:26+00:00\" \/>\n<meta property=\"og:image\" content=\"https:\/\/www.maprofar.com\/tienda\/wp-content\/uploads\/2024\/10\/BI329155.jpg\" \/>\n\t<meta property=\"og:image:width\" content=\"800\" \/>\n\t<meta property=\"og:image:height\" content=\"600\" \/>\n\t<meta property=\"og:image:type\" content=\"image\/jpeg\" \/>\n<meta name=\"twitter:card\" content=\"summary_large_image\" \/>\n<meta name=\"twitter:label1\" content=\"Tiempo de lectura\" \/>\n\t<meta name=\"twitter:data1\" content=\"1 minuto\" \/>\n<script type=\"application\/ld+json\" class=\"yoast-schema-graph\">{\"@context\":\"https:\\\/\\\/schema.org\",\"@graph\":[{\"@type\":\"WebPage\",\"@id\":\"https:\\\/\\\/www.maprofar.com\\\/tienda\\\/producto\\\/bismark-pack-de-10-fundas-multitaladro-tamano-folio-80-micras-acabado-en-cristal\\\/\",\"url\":\"https:\\\/\\\/www.maprofar.com\\\/tienda\\\/producto\\\/bismark-pack-de-10-fundas-multitaladro-tamano-folio-80-micras-acabado-en-cristal\\\/\",\"name\":\"Bismark Pack de 10 Fundas Multitaladro Tama\u00f1o Folio 80 Micras\",\"isPartOf\":{\"@id\":\"https:\\\/\\\/www.maprofar.com\\\/tienda\\\/#website\"},\"primaryImageOfPage\":{\"@id\":\"https:\\\/\\\/www.maprofar.com\\\/tienda\\\/producto\\\/bismark-pack-de-10-fundas-multitaladro-tamano-folio-80-micras-acabado-en-cristal\\\/#primaryimage\"},\"image\":{\"@id\":\"https:\\\/\\\/www.maprofar.com\\\/tienda\\\/producto\\\/bismark-pack-de-10-fundas-multitaladro-tamano-folio-80-micras-acabado-en-cristal\\\/#primaryimage\"},\"thumbnailUrl\":\"https:\\\/\\\/www.maprofar.com\\\/tienda\\\/wp-content\\\/uploads\\\/2024\\\/10\\\/BI329155.jpg\",\"datePublished\":\"2024-10-25T18:03:43+00:00\",\"dateModified\":\"2026-02-16T13:02:26+00:00\",\"description\":\"Bismark Pack de 10 Fundas Multitaladro Tama\u00f1o Folio 80 Micras - Acabado en Cristal - Maprofar es tu tienda de confianza donde comprar al mejor precio\",\"breadcrumb\":{\"@id\":\"https:\\\/\\\/www.maprofar.com\\\/tienda\\\/producto\\\/bismark-pack-de-10-fundas-multitaladro-tamano-folio-80-micras-acabado-en-cristal\\\/#breadcrumb\"},\"inLanguage\":\"es\",\"potentialAction\":[{\"@type\":\"ReadAction\",\"target\":[\"https:\\\/\\\/www.maprofar.com\\\/tienda\\\/producto\\\/bismark-pack-de-10-fundas-multitaladro-tamano-folio-80-micras-acabado-en-cristal\\\/\"]}]},{\"@type\":\"ImageObject\",\"inLanguage\":\"es\",\"@id\":\"https:\\\/\\\/www.maprofar.com\\\/tienda\\\/producto\\\/bismark-pack-de-10-fundas-multitaladro-tamano-folio-80-micras-acabado-en-cristal\\\/#primaryimage\",\"url\":\"https:\\\/\\\/www.maprofar.com\\\/tienda\\\/wp-content\\\/uploads\\\/2024\\\/10\\\/BI329155.jpg\",\"contentUrl\":\"https:\\\/\\\/www.maprofar.com\\\/tienda\\\/wp-content\\\/uploads\\\/2024\\\/10\\\/BI329155.jpg\",\"width\":800,\"height\":600,\"caption\":\"Bismark Pack de 10 Fundas Multitaladro Tama\u00f1o Folio 80 Micras\"},{\"@type\":\"BreadcrumbList\",\"@id\":\"https:\\\/\\\/www.maprofar.com\\\/tienda\\\/producto\\\/bismark-pack-de-10-fundas-multitaladro-tamano-folio-80-micras-acabado-en-cristal\\\/#breadcrumb\",\"itemListElement\":[{\"@type\":\"ListItem\",\"position\":1,\"name\":\"Portada\",\"item\":\"https:\\\/\\\/www.maprofar.com\\\/tienda\\\/\"},{\"@type\":\"ListItem\",\"position\":2,\"name\":\"Inicio\",\"item\":\"https:\\\/\\\/www.maprofar.com\\\/tienda\\\/\"},{\"@type\":\"ListItem\",\"position\":3,\"name\":\"Bismark Pack de 10 Fundas Multitaladro Tama\u00f1o Folio 80 Micras &#8211; Acabado en Cristal\"}]},{\"@type\":\"WebSite\",\"@id\":\"https:\\\/\\\/www.maprofar.com\\\/tienda\\\/#website\",\"url\":\"https:\\\/\\\/www.maprofar.com\\\/tienda\\\/\",\"name\":\"Maprofar - Toner Compatibles y Material de Oficina\",\"description\":\"Encuentra en Maprofar tu t\u00f3ner compatible Brother y HP al mejor precio. Calidad garantizada, env\u00edo urgente 24h y asesoramiento t\u00e9cnico experto. \u00a1Vis\u00edtanos!\",\"publisher\":{\"@id\":\"https:\\\/\\\/www.maprofar.com\\\/tienda\\\/#organization\"},\"alternateName\":\"Maprofar Inform\u00e1tica\",\"potentialAction\":[{\"@type\":\"SearchAction\",\"target\":{\"@type\":\"EntryPoint\",\"urlTemplate\":\"https:\\\/\\\/www.maprofar.com\\\/tienda\\\/?s={search_term_string}\"},\"query-input\":{\"@type\":\"PropertyValueSpecification\",\"valueRequired\":true,\"valueName\":\"search_term_string\"}}],\"inLanguage\":\"es\"},{\"@type\":\"Organization\",\"@id\":\"https:\\\/\\\/www.maprofar.com\\\/tienda\\\/#organization\",\"name\":\"Maprofar S.L.\",\"url\":\"https:\\\/\\\/www.maprofar.com\\\/tienda\\\/\",\"logo\":{\"@type\":\"ImageObject\",\"inLanguage\":\"es\",\"@id\":\"https:\\\/\\\/www.maprofar.com\\\/tienda\\\/#\\\/schema\\\/logo\\\/image\\\/\",\"url\":\"https:\\\/\\\/www.maprofar.com\\\/tienda\\\/wp-content\\\/uploads\\\/2021\\\/05\\\/logo_circulo.jpg\",\"contentUrl\":\"https:\\\/\\\/www.maprofar.com\\\/tienda\\\/wp-content\\\/uploads\\\/2021\\\/05\\\/logo_circulo.jpg\",\"width\":404,\"height\":335,\"caption\":\"Maprofar S.L.\"},\"image\":{\"@id\":\"https:\\\/\\\/www.maprofar.com\\\/tienda\\\/#\\\/schema\\\/logo\\\/image\\\/\"},\"sameAs\":[\"https:\\\/\\\/es-es.facebook.com\\\/maprofar\",\"https:\\\/\\\/www.instagram.com\\\/maprofar_informatica\\\/\",\"https:\\\/\\\/www.pinterest.es\\\/maprofar\\\/\"]}]}<\/script>\n<!-- \/ Yoast SEO Premium plugin. -->","yoast_head_json":{"title":"Bismark Pack de 10 Fundas Multitaladro Tama\u00f1o Folio 80 Micras","description":"Bismark Pack de 10 Fundas Multitaladro Tama\u00f1o Folio 80 Micras - Acabado en Cristal - Maprofar es tu tienda de confianza donde comprar al mejor precio","robots":{"index":"index","follow":"follow","max-snippet":"max-snippet:-1","max-image-preview":"max-image-preview:large","max-video-preview":"max-video-preview:-1"},"canonical":"https:\/\/www.maprofar.com\/tienda\/producto\/bismark-pack-de-10-fundas-multitaladro-tamano-folio-80-micras-acabado-en-cristal\/","og_locale":"es_ES","og_type":"article","og_title":"Bismark Pack de 10 Fundas Multitaladro Tama\u00f1o Folio 80 Micras - Acabado en Cristal - Maprofar | T\u00f3ner Compatible Brother, HP y Soluciones de Impresi\u00f3n 3D","og_description":"En Maprofar encontrar\u00e1s t\u00f3ner compatibles de calidad y material de oficina al mejor precio. Ahorra sin sacrificar rendimiento. \u00a1Aprovecha nuestras ofertas y descuentos!","og_url":"https:\/\/www.maprofar.com\/tienda\/producto\/bismark-pack-de-10-fundas-multitaladro-tamano-folio-80-micras-acabado-en-cristal\/","og_site_name":"Maprofar | T\u00f3ner Compatible Brother, HP y Soluciones de Impresi\u00f3n 3D","article_publisher":"https:\/\/es-es.facebook.com\/maprofar","article_modified_time":"2026-02-16T13:02:26+00:00","og_image":[{"width":800,"height":600,"url":"https:\/\/www.maprofar.com\/tienda\/wp-content\/uploads\/2024\/10\/BI329155.jpg","type":"image\/jpeg"}],"twitter_card":"summary_large_image","twitter_misc":{"Tiempo de lectura":"1 minuto"},"schema":{"@context":"https:\/\/schema.org","@graph":[{"@type":"WebPage","@id":"https:\/\/www.maprofar.com\/tienda\/producto\/bismark-pack-de-10-fundas-multitaladro-tamano-folio-80-micras-acabado-en-cristal\/","url":"https:\/\/www.maprofar.com\/tienda\/producto\/bismark-pack-de-10-fundas-multitaladro-tamano-folio-80-micras-acabado-en-cristal\/","name":"Bismark Pack de 10 Fundas Multitaladro Tama\u00f1o Folio 80 Micras","isPartOf":{"@id":"https:\/\/www.maprofar.com\/tienda\/#website"},"primaryImageOfPage":{"@id":"https:\/\/www.maprofar.com\/tienda\/producto\/bismark-pack-de-10-fundas-multitaladro-tamano-folio-80-micras-acabado-en-cristal\/#primaryimage"},"image":{"@id":"https:\/\/www.maprofar.com\/tienda\/producto\/bismark-pack-de-10-fundas-multitaladro-tamano-folio-80-micras-acabado-en-cristal\/#primaryimage"},"thumbnailUrl":"https:\/\/www.maprofar.com\/tienda\/wp-content\/uploads\/2024\/10\/BI329155.jpg","datePublished":"2024-10-25T18:03:43+00:00","dateModified":"2026-02-16T13:02:26+00:00","description":"Bismark Pack de 10 Fundas Multitaladro Tama\u00f1o Folio 80 Micras - Acabado en Cristal - Maprofar es tu tienda de confianza donde comprar al mejor precio","breadcrumb":{"@id":"https:\/\/www.maprofar.com\/tienda\/producto\/bismark-pack-de-10-fundas-multitaladro-tamano-folio-80-micras-acabado-en-cristal\/#breadcrumb"},"inLanguage":"es","potentialAction":[{"@type":"ReadAction","target":["https:\/\/www.maprofar.com\/tienda\/producto\/bismark-pack-de-10-fundas-multitaladro-tamano-folio-80-micras-acabado-en-cristal\/"]}]},{"@type":"ImageObject","inLanguage":"es","@id":"https:\/\/www.maprofar.com\/tienda\/producto\/bismark-pack-de-10-fundas-multitaladro-tamano-folio-80-micras-acabado-en-cristal\/#primaryimage","url":"https:\/\/www.maprofar.com\/tienda\/wp-content\/uploads\/2024\/10\/BI329155.jpg","contentUrl":"https:\/\/www.maprofar.com\/tienda\/wp-content\/uploads\/2024\/10\/BI329155.jpg","width":800,"height":600,"caption":"Bismark Pack de 10 Fundas Multitaladro Tama\u00f1o Folio 80 Micras"},{"@type":"BreadcrumbList","@id":"https:\/\/www.maprofar.com\/tienda\/producto\/bismark-pack-de-10-fundas-multitaladro-tamano-folio-80-micras-acabado-en-cristal\/#breadcrumb","itemListElement":[{"@type":"ListItem","position":1,"name":"Portada","item":"https:\/\/www.maprofar.com\/tienda\/"},{"@type":"ListItem","position":2,"name":"Inicio","item":"https:\/\/www.maprofar.com\/tienda\/"},{"@type":"ListItem","position":3,"name":"Bismark Pack de 10 Fundas Multitaladro Tama\u00f1o Folio 80 Micras &#8211; Acabado en Cristal"}]},{"@type":"WebSite","@id":"https:\/\/www.maprofar.com\/tienda\/#website","url":"https:\/\/www.maprofar.com\/tienda\/","name":"Maprofar - Toner Compatibles y Material de Oficina","description":"Encuentra en Maprofar tu t\u00f3ner compatible Brother y HP al mejor precio. Calidad garantizada, env\u00edo urgente 24h y asesoramiento t\u00e9cnico experto. \u00a1Vis\u00edtanos!","publisher":{"@id":"https:\/\/www.maprofar.com\/tienda\/#organization"},"alternateName":"Maprofar Inform\u00e1tica","potentialAction":[{"@type":"SearchAction","target":{"@type":"EntryPoint","urlTemplate":"https:\/\/www.maprofar.com\/tienda\/?s={search_term_string}"},"query-input":{"@type":"PropertyValueSpecification","valueRequired":true,"valueName":"search_term_string"}}],"inLanguage":"es"},{"@type":"Organization","@id":"https:\/\/www.maprofar.com\/tienda\/#organization","name":"Maprofar S.L.","url":"https:\/\/www.maprofar.com\/tienda\/","logo":{"@type":"ImageObject","inLanguage":"es","@id":"https:\/\/www.maprofar.com\/tienda\/#\/schema\/logo\/image\/","url":"https:\/\/www.maprofar.com\/tienda\/wp-content\/uploads\/2021\/05\/logo_circulo.jpg","contentUrl":"https:\/\/www.maprofar.com\/tienda\/wp-content\/uploads\/2021\/05\/logo_circulo.jpg","width":404,"height":335,"caption":"Maprofar S.L."},"image":{"@id":"https:\/\/www.maprofar.com\/tienda\/#\/schema\/logo\/image\/"},"sameAs":["https:\/\/es-es.facebook.com\/maprofar","https:\/\/www.instagram.com\/maprofar_informatica\/","https:\/\/www.pinterest.es\/maprofar\/"]}]}},"_links":{"self":[{"href":"https:\/\/www.maprofar.com\/tienda\/wp-json\/wp\/v2\/product\/10847","targetHints":{"allow":["GET"]}}],"collection":[{"href":"https:\/\/www.maprofar.com\/tienda\/wp-json\/wp\/v2\/product"}],"about":[{"href":"https:\/\/www.maprofar.com\/tienda\/wp-json\/wp\/v2\/types\/product"}],"wp:featuredmedia":[{"embeddable":true,"href":"https:\/\/www.maprofar.com\/tienda\/wp-json\/wp\/v2\/media\/10849"}],"wp:attachment":[{"href":"https:\/\/www.maprofar.com\/tienda\/wp-json\/wp\/v2\/media?parent=10847"}],"wp:term":[{"taxonomy":"product_brand","embeddable":true,"href":"https:\/\/www.maprofar.com\/tienda\/wp-json\/wp\/v2\/product_brand?post=10847"},{"taxonomy":"product_cat","embeddable":true,"href":"https:\/\/www.maprofar.com\/tienda\/wp-json\/wp\/v2\/product_cat?post=10847"},{"taxonomy":"product_tag","embeddable":true,"href":"https:\/\/www.maprofar.com\/tienda\/wp-json\/wp\/v2\/product_tag?post=10847"}],"curies":[{"name":"wp","href":"https:\/\/api.w.org\/{rel}","templated":true}]}}