{"id":11202,"date":"2025-01-11T14:12:37","date_gmt":"2025-01-11T12:12:37","guid":{"rendered":"https:\/\/www.maprofar.com\/tienda\/?post_type=product&#038;p=11202"},"modified":"2026-01-29T10:17:09","modified_gmt":"2026-01-29T09:17:09","slug":"brother-hl-l8260cdw-impresora-laser-color-wifi-duplex-31ppm","status":"publish","type":"product","link":"https:\/\/www.maprofar.com\/tienda\/producto\/brother-hl-l8260cdw-impresora-laser-color-wifi-duplex-31ppm\/","title":{"rendered":"Brother HL-L8260CDW Impresora Laser Color WiFi Duplex 31ppm"},"content":{"rendered":"<p>Brother HL-L8260CDW Impresora Laser Color WiFi Duplex 31ppm<\/p>\n<p>La impresora l\u00e1ser color HL-L8260CDW es r\u00e1pida y f\u00e1cil de usar. \u00datil para peque\u00f1os grupos de trabajo, con un volumen recomendado de hasta 3.000 impresiones al mes, con velocidades de impresi\u00f3n de hasta 31 p\u00e1ginas por minuto en color y monocromo.<\/p>\n<p>Impresora l\u00e1ser color profesional de gran calidad con una velocidad de hasta 31 p\u00e1ginas por minuto, doble cara autom\u00e1tica de impresi\u00f3n, conexi\u00f3n a red cableada o WiFi y pantalla t\u00e1ctil color de 6,8 cm. M\u00e1xima eficiencia y productividad.<\/p>\n<p>Caracter\u00edsticas:<\/p>\n<p>-Velocidad de impresi\u00f3n de hasta 31ppm color y monocromo.<br \/>\n-Conexi\u00f3n a red Ethernet y WiFi.<br \/>\n-D\u00faplex autom\u00e1tico de impresi\u00f3n.<br \/>\n-Bandeja de entrada de 250 hojas.<br \/>\n-Bandeja multiprop\u00f3sito de 50 hojas.<\/p>\n<p>Especificaciones:<\/p>\n<p>Tecnolog\u00eda de la impresi\u00f3n:<\/p>\n<p>-Color: Si<br \/>\n-Resoluci\u00f3n m\u00e1xima: 2400 x 600 DPI<br \/>\n-Ciclo de trabajo (m\u00e1ximo): 40000 p\u00e1ginas por mes<br \/>\n-Impresi\u00f3n d\u00faplex: Si<br \/>\n-Lenguaje: BR-Script 3,Microsoft XPS,PCL 6,PDF 1.7,XPS<br \/>\n-Tecnolog\u00eda de impresi\u00f3n: Laser<br \/>\n-Impresi\u00f3n econ\u00f3mica: Si<br \/>\n-Ciclo de trabajo: 0 &#8211; 3000 p\u00e1ginas por mes<\/p>\n<p>Velocidad de la impresi\u00f3n:<\/p>\n<p>-Velocidad de impresi\u00f3n (negro, calidad normal, A4\/US Carta): 31 ppm<br \/>\n-Velocidad de impresi\u00f3n (color, calidad de bosquejo, A4\/US Carta): 31 ppm<br \/>\n-Calentamiento (desde el modo de reposo): 29 s<br \/>\n-Tiempo hasta primera p\u00e1gina (negro, normal): 15 s<br \/>\n-Tiempo hasta primera p\u00e1gina (color, normal): 15 s<br \/>\n-Velocidad de impresi\u00f3n d\u00faplex (negro, calidad normal, A4\/US Carta): 7 ppm<br \/>\n-Velocidad de impresi\u00f3n d\u00faplex (color, calidad normal, A4\/US Carta): 7 ppm<br \/>\n-Impresi\u00f3n segura: Si<br \/>\n-Modos de impresi\u00f3n a doble cara: Auto<br \/>\n-Impresi\u00f3n n por cara: 2, 6, 9, 16, 25<\/p>\n<p>Capacidad de salida:<\/p>\n<p>-Capacidad de salida est\u00e1ndar: 150 hojas<\/p>\n<p>Capacidad de la entrada:<\/p>\n<p>-Capacidad de entrada est\u00e1ndar: 250 hojas<br \/>\n-Capacidad de entrada m\u00e1xima: 1050 hojas<br \/>\n-Capacidad de bandeja multiuso: 50 hojas<br \/>\n-Cantidad de bandejas de papel est\u00e1ndar: 1<br \/>\n-Tipo de papel de entrada: Bandeja de papel<\/p>\n<p>Control de energ\u00eda:<\/p>\n<p>-Consumo energ\u00e9tico: 580 W<br \/>\n-Consumo de energ\u00eda (inactivo): 70 W<br \/>\n-Consumo de energ\u00eda (ahorro): 340 W<br \/>\n-Consumo de energ\u00eda (preparado): 10 W<br \/>\n-Consumo de energ\u00eda (apagado): 0,02 W<br \/>\n-Enery Star Consumo Electrico T\u00edpico (TEC): 1.8<\/p>\n<p>Conexi\u00f3n:<\/p>\n<p>-Ethernet: Si<br \/>\n-Wifi: Si<br \/>\n-Listo para redes: Si<br \/>\n-Tecnolog\u00eda de impresi\u00f3n m\u00f3vil: Apple AirPrint, Brother iPrint &amp; Scan, Google Cloud Print, Kindle Fire Printing, Mopria Print Service<br \/>\n-Tipo de interfaz ethernet: Ethernet r\u00e1pido<br \/>\n-Tecnolog\u00eda de cableado: 10\/100Base-T(X)<br \/>\n-Wi-Fi Direct: Si<br \/>\n-Wi-Fi est\u00e1ndares: IEEE 802.11b,IEEE 802.11g,IEEE 802.11n<br \/>\n-Algoritmos de seguridad soportados: 64-bit WEP,128-bit WEP,802.1x RADIUS,EAP-FAST,EAP-MD5,EAP-TLS,EAP-TTLS,HTTPS,IPPS,PEAP,SMTP-AUTH,SNMPv3,SSL\/TLS,WPA-AES,WPA-PSK,WPA-TKIP,WPA2-AES,WPA2-PSK,WPA2-TKIP<br \/>\n-Administraci\u00f3n basada en web: Si<br \/>\n-Protocolos de network soportados (IPv4): ARP, RARP, BOOTP, DHCP, APIPA(Auto IP), WINS\/NetBIOS name resolution, DNS Resolver, mDNS, LLMNR responder, LPR\/LPD, Custom Raw Port\/Port9100, SMTP Client, IPP\/IPPS, FTP Client and Server, CIFS Client, TELNET Server, SNMPv1\/v2c\/v3, HTTP\/HTTPS server, TFTP client and server, ICMP, Web Services (Print\/Scan), SNTP Client<br \/>\n-Protocolos de network soportado (IPv6): NDP, RA, DNS resolver, mDNS, LLMNR responder, LPR\/LPD, Custom Raw Port\/Port9100, IPP\/IPPS, SMTP Client, FTP Client and Server, CIFS Client, TELNET Server, SNMPv1\/v2c\/v3, HTTP\/HTTPS server, TFTP client and server, ICMPv6, SNTP Client, Web Services (Print\/Scan)<\/p>\n<p>Emisi\u00f3n de sonidos:<\/p>\n<p>-Nivel de ruido de impresi\u00f3n: 49 dB<br \/>\n-Nivel de ruido (modo silencio): 44 dB<\/p>\n<p>Direcci\u00f3n de papel:<\/p>\n<p>-Tama\u00f1o m\u00e1ximo de papel ISO A-series: A4<br \/>\n-Tipos de bandeja est\u00e1ndar: Papel bond, Papel satinado, Papel normal, Papel reciclado, Papel fino<br \/>\n-ISO tama\u00f1o de serie A (A0&#8230;A9): A4,A5,A6<br \/>\n-Tipos de bandeja multiuso: Papel bond, Sobres, Papel satinado, Etiquetas, Papel normal, Papel reciclado, Papel grueso, Papel m\u00e1s grueso, Papel fino<br \/>\n-Tama\u00f1o de impresora No-ISO: Ejecutivo, Folio, Carta, Legal<br \/>\n-Peso de papel en bandeja est\u00e1ndar: 60 &#8211; 105 g\/m\u00b2<br \/>\n-Peso de bandeja multiuso: 60 &#8211; 163 g\/m\u00b2<br \/>\n-D\u00faplex, peso de papel soportado: 60 &#8211; 105<br \/>\n-Formato a medida, ancho: 76,2 &#8211; 127 mm<br \/>\n-Formato a medida, largo: 215,9 &#8211; 355,6 mm<\/p>\n<p>Aprobaciones reguladoras:<\/p>\n<p>-Certificado Energy Star: Si<br \/>\n-Certificado para Blue Angel: Si<br \/>\n-Certificaci\u00f3n: Nordic Swan<\/p>\n<p>Dise\u00f1o:<\/p>\n<p>-Color del producto: Negro, Gris<br \/>\n-Pantalla incorporada: Si<br \/>\n-Pantalla: LCD<br \/>\n-N\u00famero de l\u00edneas en pantalla: 2 l\u00edneas<br \/>\n-LED de energ\u00eda: Si<\/p>\n<p>Desempe\u00f1o:<\/p>\n<p>-Procesador incorporado: Si<br \/>\n-Frecuencia del procesador: 800 MHz<br \/>\n-Coprocesador: Si<br \/>\n-Frecuencia del coprocesador: 0,133 GHz<br \/>\n-Sistema operativo Windows soportado: Si<br \/>\n-Sistema operativo MAC soportado: Si<br \/>\n-Sistema operativo Linux soportado: Si<br \/>\n-Otros sistemas operativos soportados: Android, iOS<\/p>\n<p>Memoria:<\/p>\n<p>-Memoria interna: 256 MB<\/p>\n<p>Peso y dimensiones:<\/p>\n<p>-Ancho: 410 mm<br \/>\n-Profundidad: 486 mm<br \/>\n-Altura: 313 mm<br \/>\n-Peso: 21,8 kg<\/p>\n<p><span style=\"color: #999999;\">Comprar Brother HL-L8260CDW Impresora Laser Color WiFi Duplex 31ppm<\/span><\/p>\n","protected":false},"excerpt":{"rendered":"<p class=\"titulo_subseccion_da\">CARACTER\u00cdSTICAS<\/p>\n<div class=\"listado_caracteristicas_da\"><span class=\"linea_datos_da\">\u2022 Marca:\u00a0<span class=\"gris_400\" title=\"Brother\">Brother<\/span><\/span><\/div>\n<div class=\"listado_caracteristicas_da\"><span class=\"linea_datos_da\" title=\"Blanco\/Negro\">\u2022 Color:\u00a0<span class=\"gris_400\">Blanco\/Negro<\/span><\/span><\/div>\n<div class=\"listado_caracteristicas_da\"><span class=\"linea_datos_da\" title=\"BROTHER\">\u2022 Fabricante:\u00a0<span class=\"gris_400\">BROTHER<\/span><\/span><\/div>\n<div class=\"listado_caracteristicas_da\"><span class=\"linea_datos_da\" title=\"\" aria-describedby=\"ui-id-18\">\u2022 Ref.:\u00a0<span class=\"gris_400\">HLL8260CDW<\/span><\/span><\/div>\n","protected":false},"featured_media":11204,"template":"","meta":[],"product_brand":[],"product_cat":[190],"product_tag":[308,227,223],"class_list":{"0":"post-11202","1":"product","2":"type-product","3":"status-publish","4":"has-post-thumbnail","6":"product_cat-impresoras-laser","7":"product_tag-impresora-brother-laser","8":"product_tag-impresora-brother-laser-wifi","9":"product_tag-impresora-laser-color","11":"first","12":"instock","13":"taxable","14":"shipping-taxable","15":"purchasable","16":"product-type-simple"},"yoast_head":"<!-- This site is optimized with the Yoast SEO Premium plugin v22.3 (Yoast SEO v27.4) - https:\/\/yoast.com\/product\/yoast-seo-premium-wordpress\/ -->\n<title>Brother HL-L8260CDW Impresora Laser Color WiFi Duplex 31ppm<\/title>\n<meta name=\"description\" content=\"Brother HL-L8260CDW Impresora Laser Color WiFi Duplex 31ppm - Maprofar es tu tienda de confianza donde comprar impresoras Brother al mejor precio\" \/>\n<meta name=\"robots\" content=\"index, follow, max-snippet:-1, max-image-preview:large, max-video-preview:-1\" \/>\n<link rel=\"canonical\" href=\"https:\/\/www.maprofar.com\/tienda\/producto\/brother-hl-l8260cdw-impresora-laser-color-wifi-duplex-31ppm\/\" \/>\n<meta property=\"og:locale\" content=\"es_ES\" \/>\n<meta property=\"og:type\" content=\"article\" \/>\n<meta property=\"og:title\" content=\"Brother HL-L8260CDW Impresora Laser Color WiFi Duplex 31ppm - Maprofar | T\u00f3ner Compatible Brother, HP y Soluciones de Impresi\u00f3n 3D\" \/>\n<meta property=\"og:description\" content=\"En Maprofar encontrar\u00e1s t\u00f3ner compatibles de calidad y material de oficina al mejor precio. Ahorra sin sacrificar rendimiento. \u00a1Aprovecha nuestras ofertas y descuentos!\" \/>\n<meta property=\"og:url\" content=\"https:\/\/www.maprofar.com\/tienda\/producto\/brother-hl-l8260cdw-impresora-laser-color-wifi-duplex-31ppm\/\" \/>\n<meta property=\"og:site_name\" content=\"Maprofar | T\u00f3ner Compatible Brother, HP y Soluciones de Impresi\u00f3n 3D\" \/>\n<meta property=\"article:publisher\" content=\"https:\/\/es-es.facebook.com\/maprofar\" \/>\n<meta property=\"article:modified_time\" content=\"2026-01-29T09:17:09+00:00\" \/>\n<meta property=\"og:image\" content=\"https:\/\/www.maprofar.com\/tienda\/wp-content\/uploads\/2025\/01\/HLL8260CDW_1.jpg\" \/>\n\t<meta property=\"og:image:width\" content=\"530\" \/>\n\t<meta property=\"og:image:height\" content=\"530\" \/>\n\t<meta property=\"og:image:type\" content=\"image\/jpeg\" \/>\n<meta name=\"twitter:card\" content=\"summary_large_image\" \/>\n<meta name=\"twitter:label1\" content=\"Tiempo de lectura\" \/>\n\t<meta name=\"twitter:data1\" content=\"4 minutos\" \/>\n<script type=\"application\/ld+json\" class=\"yoast-schema-graph\">{\"@context\":\"https:\\\/\\\/schema.org\",\"@graph\":[{\"@type\":\"WebPage\",\"@id\":\"https:\\\/\\\/www.maprofar.com\\\/tienda\\\/producto\\\/brother-hl-l8260cdw-impresora-laser-color-wifi-duplex-31ppm\\\/\",\"url\":\"https:\\\/\\\/www.maprofar.com\\\/tienda\\\/producto\\\/brother-hl-l8260cdw-impresora-laser-color-wifi-duplex-31ppm\\\/\",\"name\":\"Brother HL-L8260CDW Impresora Laser Color WiFi Duplex 31ppm\",\"isPartOf\":{\"@id\":\"https:\\\/\\\/www.maprofar.com\\\/tienda\\\/#website\"},\"primaryImageOfPage\":{\"@id\":\"https:\\\/\\\/www.maprofar.com\\\/tienda\\\/producto\\\/brother-hl-l8260cdw-impresora-laser-color-wifi-duplex-31ppm\\\/#primaryimage\"},\"image\":{\"@id\":\"https:\\\/\\\/www.maprofar.com\\\/tienda\\\/producto\\\/brother-hl-l8260cdw-impresora-laser-color-wifi-duplex-31ppm\\\/#primaryimage\"},\"thumbnailUrl\":\"https:\\\/\\\/www.maprofar.com\\\/tienda\\\/wp-content\\\/uploads\\\/2025\\\/01\\\/HLL8260CDW_1.jpg\",\"datePublished\":\"2025-01-11T12:12:37+00:00\",\"dateModified\":\"2026-01-29T09:17:09+00:00\",\"description\":\"Brother HL-L8260CDW Impresora Laser Color WiFi Duplex 31ppm - Maprofar es tu tienda de confianza donde comprar impresoras Brother al mejor precio\",\"breadcrumb\":{\"@id\":\"https:\\\/\\\/www.maprofar.com\\\/tienda\\\/producto\\\/brother-hl-l8260cdw-impresora-laser-color-wifi-duplex-31ppm\\\/#breadcrumb\"},\"inLanguage\":\"es\",\"potentialAction\":[{\"@type\":\"ReadAction\",\"target\":[\"https:\\\/\\\/www.maprofar.com\\\/tienda\\\/producto\\\/brother-hl-l8260cdw-impresora-laser-color-wifi-duplex-31ppm\\\/\"]}]},{\"@type\":\"ImageObject\",\"inLanguage\":\"es\",\"@id\":\"https:\\\/\\\/www.maprofar.com\\\/tienda\\\/producto\\\/brother-hl-l8260cdw-impresora-laser-color-wifi-duplex-31ppm\\\/#primaryimage\",\"url\":\"https:\\\/\\\/www.maprofar.com\\\/tienda\\\/wp-content\\\/uploads\\\/2025\\\/01\\\/HLL8260CDW_1.jpg\",\"contentUrl\":\"https:\\\/\\\/www.maprofar.com\\\/tienda\\\/wp-content\\\/uploads\\\/2025\\\/01\\\/HLL8260CDW_1.jpg\",\"width\":530,\"height\":530,\"caption\":\"Brother HL-L8260CDW Impresora Laser Color\"},{\"@type\":\"BreadcrumbList\",\"@id\":\"https:\\\/\\\/www.maprofar.com\\\/tienda\\\/producto\\\/brother-hl-l8260cdw-impresora-laser-color-wifi-duplex-31ppm\\\/#breadcrumb\",\"itemListElement\":[{\"@type\":\"ListItem\",\"position\":1,\"name\":\"Portada\",\"item\":\"https:\\\/\\\/www.maprofar.com\\\/tienda\\\/\"},{\"@type\":\"ListItem\",\"position\":2,\"name\":\"Inicio\",\"item\":\"https:\\\/\\\/www.maprofar.com\\\/tienda\\\/\"},{\"@type\":\"ListItem\",\"position\":3,\"name\":\"Brother HL-L8260CDW Impresora Laser Color WiFi Duplex 31ppm\"}]},{\"@type\":\"WebSite\",\"@id\":\"https:\\\/\\\/www.maprofar.com\\\/tienda\\\/#website\",\"url\":\"https:\\\/\\\/www.maprofar.com\\\/tienda\\\/\",\"name\":\"Maprofar - Toner Compatibles y Material de Oficina\",\"description\":\"Encuentra en Maprofar tu t\u00f3ner compatible Brother y HP al mejor precio. Calidad garantizada, env\u00edo urgente 24h y asesoramiento t\u00e9cnico experto. \u00a1Vis\u00edtanos!\",\"publisher\":{\"@id\":\"https:\\\/\\\/www.maprofar.com\\\/tienda\\\/#organization\"},\"alternateName\":\"Maprofar Inform\u00e1tica\",\"potentialAction\":[{\"@type\":\"SearchAction\",\"target\":{\"@type\":\"EntryPoint\",\"urlTemplate\":\"https:\\\/\\\/www.maprofar.com\\\/tienda\\\/?s={search_term_string}\"},\"query-input\":{\"@type\":\"PropertyValueSpecification\",\"valueRequired\":true,\"valueName\":\"search_term_string\"}}],\"inLanguage\":\"es\"},{\"@type\":\"Organization\",\"@id\":\"https:\\\/\\\/www.maprofar.com\\\/tienda\\\/#organization\",\"name\":\"Maprofar S.L.\",\"url\":\"https:\\\/\\\/www.maprofar.com\\\/tienda\\\/\",\"logo\":{\"@type\":\"ImageObject\",\"inLanguage\":\"es\",\"@id\":\"https:\\\/\\\/www.maprofar.com\\\/tienda\\\/#\\\/schema\\\/logo\\\/image\\\/\",\"url\":\"https:\\\/\\\/www.maprofar.com\\\/tienda\\\/wp-content\\\/uploads\\\/2021\\\/05\\\/logo_circulo.jpg\",\"contentUrl\":\"https:\\\/\\\/www.maprofar.com\\\/tienda\\\/wp-content\\\/uploads\\\/2021\\\/05\\\/logo_circulo.jpg\",\"width\":404,\"height\":335,\"caption\":\"Maprofar S.L.\"},\"image\":{\"@id\":\"https:\\\/\\\/www.maprofar.com\\\/tienda\\\/#\\\/schema\\\/logo\\\/image\\\/\"},\"sameAs\":[\"https:\\\/\\\/es-es.facebook.com\\\/maprofar\",\"https:\\\/\\\/www.instagram.com\\\/maprofar_informatica\\\/\",\"https:\\\/\\\/www.pinterest.es\\\/maprofar\\\/\"]}]}<\/script>\n<!-- \/ Yoast SEO Premium plugin. -->","yoast_head_json":{"title":"Brother HL-L8260CDW Impresora Laser Color WiFi Duplex 31ppm","description":"Brother HL-L8260CDW Impresora Laser Color WiFi Duplex 31ppm - Maprofar es tu tienda de confianza donde comprar impresoras Brother al mejor precio","robots":{"index":"index","follow":"follow","max-snippet":"max-snippet:-1","max-image-preview":"max-image-preview:large","max-video-preview":"max-video-preview:-1"},"canonical":"https:\/\/www.maprofar.com\/tienda\/producto\/brother-hl-l8260cdw-impresora-laser-color-wifi-duplex-31ppm\/","og_locale":"es_ES","og_type":"article","og_title":"Brother HL-L8260CDW Impresora Laser Color WiFi Duplex 31ppm - Maprofar | T\u00f3ner Compatible Brother, HP y Soluciones de Impresi\u00f3n 3D","og_description":"En Maprofar encontrar\u00e1s t\u00f3ner compatibles de calidad y material de oficina al mejor precio. Ahorra sin sacrificar rendimiento. \u00a1Aprovecha nuestras ofertas y descuentos!","og_url":"https:\/\/www.maprofar.com\/tienda\/producto\/brother-hl-l8260cdw-impresora-laser-color-wifi-duplex-31ppm\/","og_site_name":"Maprofar | T\u00f3ner Compatible Brother, HP y Soluciones de Impresi\u00f3n 3D","article_publisher":"https:\/\/es-es.facebook.com\/maprofar","article_modified_time":"2026-01-29T09:17:09+00:00","og_image":[{"width":530,"height":530,"url":"https:\/\/www.maprofar.com\/tienda\/wp-content\/uploads\/2025\/01\/HLL8260CDW_1.jpg","type":"image\/jpeg"}],"twitter_card":"summary_large_image","twitter_misc":{"Tiempo de lectura":"4 minutos"},"schema":{"@context":"https:\/\/schema.org","@graph":[{"@type":"WebPage","@id":"https:\/\/www.maprofar.com\/tienda\/producto\/brother-hl-l8260cdw-impresora-laser-color-wifi-duplex-31ppm\/","url":"https:\/\/www.maprofar.com\/tienda\/producto\/brother-hl-l8260cdw-impresora-laser-color-wifi-duplex-31ppm\/","name":"Brother HL-L8260CDW Impresora Laser Color WiFi Duplex 31ppm","isPartOf":{"@id":"https:\/\/www.maprofar.com\/tienda\/#website"},"primaryImageOfPage":{"@id":"https:\/\/www.maprofar.com\/tienda\/producto\/brother-hl-l8260cdw-impresora-laser-color-wifi-duplex-31ppm\/#primaryimage"},"image":{"@id":"https:\/\/www.maprofar.com\/tienda\/producto\/brother-hl-l8260cdw-impresora-laser-color-wifi-duplex-31ppm\/#primaryimage"},"thumbnailUrl":"https:\/\/www.maprofar.com\/tienda\/wp-content\/uploads\/2025\/01\/HLL8260CDW_1.jpg","datePublished":"2025-01-11T12:12:37+00:00","dateModified":"2026-01-29T09:17:09+00:00","description":"Brother HL-L8260CDW Impresora Laser Color WiFi Duplex 31ppm - Maprofar es tu tienda de confianza donde comprar impresoras Brother al mejor precio","breadcrumb":{"@id":"https:\/\/www.maprofar.com\/tienda\/producto\/brother-hl-l8260cdw-impresora-laser-color-wifi-duplex-31ppm\/#breadcrumb"},"inLanguage":"es","potentialAction":[{"@type":"ReadAction","target":["https:\/\/www.maprofar.com\/tienda\/producto\/brother-hl-l8260cdw-impresora-laser-color-wifi-duplex-31ppm\/"]}]},{"@type":"ImageObject","inLanguage":"es","@id":"https:\/\/www.maprofar.com\/tienda\/producto\/brother-hl-l8260cdw-impresora-laser-color-wifi-duplex-31ppm\/#primaryimage","url":"https:\/\/www.maprofar.com\/tienda\/wp-content\/uploads\/2025\/01\/HLL8260CDW_1.jpg","contentUrl":"https:\/\/www.maprofar.com\/tienda\/wp-content\/uploads\/2025\/01\/HLL8260CDW_1.jpg","width":530,"height":530,"caption":"Brother HL-L8260CDW Impresora Laser Color"},{"@type":"BreadcrumbList","@id":"https:\/\/www.maprofar.com\/tienda\/producto\/brother-hl-l8260cdw-impresora-laser-color-wifi-duplex-31ppm\/#breadcrumb","itemListElement":[{"@type":"ListItem","position":1,"name":"Portada","item":"https:\/\/www.maprofar.com\/tienda\/"},{"@type":"ListItem","position":2,"name":"Inicio","item":"https:\/\/www.maprofar.com\/tienda\/"},{"@type":"ListItem","position":3,"name":"Brother HL-L8260CDW Impresora Laser Color WiFi Duplex 31ppm"}]},{"@type":"WebSite","@id":"https:\/\/www.maprofar.com\/tienda\/#website","url":"https:\/\/www.maprofar.com\/tienda\/","name":"Maprofar - Toner Compatibles y Material de Oficina","description":"Encuentra en Maprofar tu t\u00f3ner compatible Brother y HP al mejor precio. Calidad garantizada, env\u00edo urgente 24h y asesoramiento t\u00e9cnico experto. \u00a1Vis\u00edtanos!","publisher":{"@id":"https:\/\/www.maprofar.com\/tienda\/#organization"},"alternateName":"Maprofar Inform\u00e1tica","potentialAction":[{"@type":"SearchAction","target":{"@type":"EntryPoint","urlTemplate":"https:\/\/www.maprofar.com\/tienda\/?s={search_term_string}"},"query-input":{"@type":"PropertyValueSpecification","valueRequired":true,"valueName":"search_term_string"}}],"inLanguage":"es"},{"@type":"Organization","@id":"https:\/\/www.maprofar.com\/tienda\/#organization","name":"Maprofar S.L.","url":"https:\/\/www.maprofar.com\/tienda\/","logo":{"@type":"ImageObject","inLanguage":"es","@id":"https:\/\/www.maprofar.com\/tienda\/#\/schema\/logo\/image\/","url":"https:\/\/www.maprofar.com\/tienda\/wp-content\/uploads\/2021\/05\/logo_circulo.jpg","contentUrl":"https:\/\/www.maprofar.com\/tienda\/wp-content\/uploads\/2021\/05\/logo_circulo.jpg","width":404,"height":335,"caption":"Maprofar S.L."},"image":{"@id":"https:\/\/www.maprofar.com\/tienda\/#\/schema\/logo\/image\/"},"sameAs":["https:\/\/es-es.facebook.com\/maprofar","https:\/\/www.instagram.com\/maprofar_informatica\/","https:\/\/www.pinterest.es\/maprofar\/"]}]}},"_links":{"self":[{"href":"https:\/\/www.maprofar.com\/tienda\/wp-json\/wp\/v2\/product\/11202","targetHints":{"allow":["GET"]}}],"collection":[{"href":"https:\/\/www.maprofar.com\/tienda\/wp-json\/wp\/v2\/product"}],"about":[{"href":"https:\/\/www.maprofar.com\/tienda\/wp-json\/wp\/v2\/types\/product"}],"wp:featuredmedia":[{"embeddable":true,"href":"https:\/\/www.maprofar.com\/tienda\/wp-json\/wp\/v2\/media\/11204"}],"wp:attachment":[{"href":"https:\/\/www.maprofar.com\/tienda\/wp-json\/wp\/v2\/media?parent=11202"}],"wp:term":[{"taxonomy":"product_brand","embeddable":true,"href":"https:\/\/www.maprofar.com\/tienda\/wp-json\/wp\/v2\/product_brand?post=11202"},{"taxonomy":"product_cat","embeddable":true,"href":"https:\/\/www.maprofar.com\/tienda\/wp-json\/wp\/v2\/product_cat?post=11202"},{"taxonomy":"product_tag","embeddable":true,"href":"https:\/\/www.maprofar.com\/tienda\/wp-json\/wp\/v2\/product_tag?post=11202"}],"curies":[{"name":"wp","href":"https:\/\/api.w.org\/{rel}","templated":true}]}}