{"id":11239,"date":"2025-01-28T11:08:36","date_gmt":"2025-01-28T09:08:36","guid":{"rendered":"https:\/\/www.maprofar.com\/tienda\/?post_type=product&#038;p=11239"},"modified":"2025-07-01T18:41:59","modified_gmt":"2025-07-01T16:41:59","slug":"approx-monitor-tactil-led-15-para-tpv-1024-x-768-respuesta-5ms-angulo-de-vision-160o-usb-vga-vesa","status":"publish","type":"product","link":"https:\/\/www.maprofar.com\/tienda\/producto\/approx-monitor-tactil-led-15-para-tpv-1024-x-768-respuesta-5ms-angulo-de-vision-160o-usb-vga-vesa\/","title":{"rendered":"Approx Monitor Tactil LED 15&#8243; para TPV 1024 x 768 &#8211; Respuesta 5ms &#8211; Angulo de Vision 160\u00ba &#8211; USB, VGA &#8211; VESA"},"content":{"rendered":"<p>Approx Monitor Tactil LED 15&#8243; para TPV 1024 x 768 &#8211; Respuesta 5ms &#8211; Angulo de Vision 160\u00ba &#8211; USB, VGA &#8211; VESA<\/p>\n<p>La APPMT15W5 es una pantalla t\u00e1ctil resistiva de 5 hilos de alta calidad, especialmente indicada para aplicaciones POS de comercio y hosteler\u00eda, pero tambi\u00e9n para aplicaciones en sanidad, servicios p\u00fablicos o cualquier uso en el que sea necesario una posici\u00f3n c\u00f3moda de operaci\u00f3n y un acceso v\u00eda t\u00e1ctil al programa de software.<\/p>\n<p>Ofrece altas prestaciones, gran calidad y un dise\u00f1o robusto y ergon\u00f3mico. Con base muy estable que evita vibraciones.<\/p>\n<p>Especificaciones:<\/p>\n<p>-\u00c1rea de visualizaci\u00f3n: 304 x 228mm<br \/>\n-Resoluci\u00f3n est\u00e1ndar: 1024 x 768<br \/>\n-Modelo t\u00e1ctil: Resistiva de 5 hilos con controlador EETI de Taiw\u00e1n<br \/>\n-Grado: A +<br \/>\n-N\u00famero de colores: 16.2M<br \/>\n-Brillo: 300cd \/ m2<br \/>\n-Rango de contraste: 500: 1<br \/>\n-Tiempo de respuesta: 5ms.<br \/>\n-\u00c1ngulo de visi\u00f3n: H. 160 \u00b0 \/ V: 140 \u00b0<br \/>\n-Compatible con VESA<br \/>\n-Frecuencia: 30 ~ 80KHz \/ 50-60Hz<br \/>\n-Fuente de alimentaci\u00f3n de 100 a 240 V (12 V CC)<br \/>\n-Consumo: M\u00e1x 30W<br \/>\n-Color: Negro<\/p>\n<p>Peso y dimensiones:<\/p>\n<p>-Medidas: 375 x 285 x 55 mm.<br \/>\n-Peso: 6 kg<\/p>\n<p>Contenido del embalaje:<\/p>\n<p>-APPMT15W5<br \/>\n-Cable y adaptador de corriente<br \/>\n-Cable VGA y USB<br \/>\n-Gu\u00eda de usuario<br \/>\n-CD de controladores<\/p>\n<p><span style=\"color: #999999;\">Comprar Approx Monitor Tactil LED 15&#8243; para TPV 1024 x 768 &#8211; Respuesta 5ms &#8211; Angulo de Vision 160\u00ba &#8211; USB, VGA &#8211; VESA<\/span><\/p>\n","protected":false},"excerpt":{"rendered":"<p class=\"titulo_subseccion_da\">CARACTER\u00cdSTICAS<\/p>\n<div class=\"listado_caracteristicas_da\"><span class=\"linea_datos_da\">\u2022 Marca:\u00a0<span class=\"gris_400\" title=\"Approx\">Approx<\/span><\/span><\/div>\n<div class=\"listado_caracteristicas_da\"><span class=\"linea_datos_da\" title=\"Negro\">\u2022 Color:\u00a0<span class=\"gris_400\">Negro<\/span><\/span><\/div>\n<div class=\"listado_caracteristicas_da\"><span class=\"linea_datos_da\" title=\"Approx\">\u2022 Fabricante:\u00a0<span class=\"gris_400\">Approx<\/span><\/span><\/div>\n<div class=\"listado_caracteristicas_da\"><span class=\"linea_datos_da\" title=\"\" aria-describedby=\"ui-id-7\">\u2022 Ref.:\u00a0<span class=\"gris_400\">APPMT15W5<\/span><\/span><\/div>\n","protected":false},"featured_media":11241,"template":"","meta":[],"product_brand":[],"product_cat":[180],"product_tag":[],"class_list":{"0":"post-11239","1":"product","2":"type-product","3":"status-publish","4":"has-post-thumbnail","6":"product_cat-monitores-tactiles","8":"first","9":"outofstock","10":"taxable","11":"shipping-taxable","12":"purchasable","13":"product-type-simple"},"yoast_head":"<!-- This site is optimized with the Yoast SEO Premium plugin v22.3 (Yoast SEO v27.4) - https:\/\/yoast.com\/product\/yoast-seo-premium-wordpress\/ -->\n<title>Approx Monitor Tactil LED 15&quot; para TPV 1024 x 768<\/title>\n<meta name=\"description\" content=\"Approx Monitor Tactil LED 15&quot; para TPV 1024 x 768 - Respuesta 5ms - Angulo de Vision 160\u00ba - USB, VGA - VESA - En Maprofar encontrar\u00e1s monitores para TPV.\" \/>\n<meta name=\"robots\" content=\"index, follow, max-snippet:-1, max-image-preview:large, max-video-preview:-1\" \/>\n<link rel=\"canonical\" href=\"https:\/\/www.maprofar.com\/tienda\/producto\/approx-monitor-tactil-led-15-para-tpv-1024-x-768-respuesta-5ms-angulo-de-vision-160o-usb-vga-vesa\/\" \/>\n<meta property=\"og:locale\" content=\"es_ES\" \/>\n<meta property=\"og:type\" content=\"article\" \/>\n<meta property=\"og:title\" content=\"Approx Monitor Tactil LED 15&quot; para TPV 1024 x 768 - Respuesta 5ms - Angulo de Vision 160\u00ba - USB, VGA - VESA - Maprofar | T\u00f3ner Compatible Brother, HP y Soluciones de Impresi\u00f3n 3D\" \/>\n<meta property=\"og:description\" content=\"En Maprofar encontrar\u00e1s t\u00f3ner compatibles de calidad y material de oficina al mejor precio. Ahorra sin sacrificar rendimiento. \u00a1Aprovecha nuestras ofertas y descuentos!\" \/>\n<meta property=\"og:url\" content=\"https:\/\/www.maprofar.com\/tienda\/producto\/approx-monitor-tactil-led-15-para-tpv-1024-x-768-respuesta-5ms-angulo-de-vision-160o-usb-vga-vesa\/\" \/>\n<meta property=\"og:site_name\" content=\"Maprofar | T\u00f3ner Compatible Brother, HP y Soluciones de Impresi\u00f3n 3D\" \/>\n<meta property=\"article:publisher\" content=\"https:\/\/es-es.facebook.com\/maprofar\" \/>\n<meta property=\"article:modified_time\" content=\"2025-07-01T16:41:59+00:00\" \/>\n<meta property=\"og:image\" content=\"https:\/\/www.maprofar.com\/tienda\/wp-content\/uploads\/2025\/01\/APPMT15W5_1.jpg\" \/>\n\t<meta property=\"og:image:width\" content=\"800\" \/>\n\t<meta property=\"og:image:height\" content=\"800\" \/>\n\t<meta property=\"og:image:type\" content=\"image\/jpeg\" \/>\n<meta name=\"twitter:card\" content=\"summary_large_image\" \/>\n<meta name=\"twitter:label1\" content=\"Tiempo de lectura\" \/>\n\t<meta name=\"twitter:data1\" content=\"1 minuto\" \/>\n<script type=\"application\/ld+json\" class=\"yoast-schema-graph\">{\"@context\":\"https:\\\/\\\/schema.org\",\"@graph\":[{\"@type\":\"WebPage\",\"@id\":\"https:\\\/\\\/www.maprofar.com\\\/tienda\\\/producto\\\/approx-monitor-tactil-led-15-para-tpv-1024-x-768-respuesta-5ms-angulo-de-vision-160o-usb-vga-vesa\\\/\",\"url\":\"https:\\\/\\\/www.maprofar.com\\\/tienda\\\/producto\\\/approx-monitor-tactil-led-15-para-tpv-1024-x-768-respuesta-5ms-angulo-de-vision-160o-usb-vga-vesa\\\/\",\"name\":\"Approx Monitor Tactil LED 15\\\" para TPV 1024 x 768\",\"isPartOf\":{\"@id\":\"https:\\\/\\\/www.maprofar.com\\\/tienda\\\/#website\"},\"primaryImageOfPage\":{\"@id\":\"https:\\\/\\\/www.maprofar.com\\\/tienda\\\/producto\\\/approx-monitor-tactil-led-15-para-tpv-1024-x-768-respuesta-5ms-angulo-de-vision-160o-usb-vga-vesa\\\/#primaryimage\"},\"image\":{\"@id\":\"https:\\\/\\\/www.maprofar.com\\\/tienda\\\/producto\\\/approx-monitor-tactil-led-15-para-tpv-1024-x-768-respuesta-5ms-angulo-de-vision-160o-usb-vga-vesa\\\/#primaryimage\"},\"thumbnailUrl\":\"https:\\\/\\\/www.maprofar.com\\\/tienda\\\/wp-content\\\/uploads\\\/2025\\\/01\\\/APPMT15W5_1.jpg\",\"datePublished\":\"2025-01-28T09:08:36+00:00\",\"dateModified\":\"2025-07-01T16:41:59+00:00\",\"description\":\"Approx Monitor Tactil LED 15\\\" para TPV 1024 x 768 - Respuesta 5ms - Angulo de Vision 160\u00ba - USB, VGA - VESA - En Maprofar encontrar\u00e1s monitores para TPV.\",\"breadcrumb\":{\"@id\":\"https:\\\/\\\/www.maprofar.com\\\/tienda\\\/producto\\\/approx-monitor-tactil-led-15-para-tpv-1024-x-768-respuesta-5ms-angulo-de-vision-160o-usb-vga-vesa\\\/#breadcrumb\"},\"inLanguage\":\"es\",\"potentialAction\":[{\"@type\":\"ReadAction\",\"target\":[\"https:\\\/\\\/www.maprofar.com\\\/tienda\\\/producto\\\/approx-monitor-tactil-led-15-para-tpv-1024-x-768-respuesta-5ms-angulo-de-vision-160o-usb-vga-vesa\\\/\"]}]},{\"@type\":\"ImageObject\",\"inLanguage\":\"es\",\"@id\":\"https:\\\/\\\/www.maprofar.com\\\/tienda\\\/producto\\\/approx-monitor-tactil-led-15-para-tpv-1024-x-768-respuesta-5ms-angulo-de-vision-160o-usb-vga-vesa\\\/#primaryimage\",\"url\":\"https:\\\/\\\/www.maprofar.com\\\/tienda\\\/wp-content\\\/uploads\\\/2025\\\/01\\\/APPMT15W5_1.jpg\",\"contentUrl\":\"https:\\\/\\\/www.maprofar.com\\\/tienda\\\/wp-content\\\/uploads\\\/2025\\\/01\\\/APPMT15W5_1.jpg\",\"width\":800,\"height\":800,\"caption\":\"Approx Monitor Tactil LED 15\\\" para TPV\"},{\"@type\":\"BreadcrumbList\",\"@id\":\"https:\\\/\\\/www.maprofar.com\\\/tienda\\\/producto\\\/approx-monitor-tactil-led-15-para-tpv-1024-x-768-respuesta-5ms-angulo-de-vision-160o-usb-vga-vesa\\\/#breadcrumb\",\"itemListElement\":[{\"@type\":\"ListItem\",\"position\":1,\"name\":\"Portada\",\"item\":\"https:\\\/\\\/www.maprofar.com\\\/tienda\\\/\"},{\"@type\":\"ListItem\",\"position\":2,\"name\":\"Inicio\",\"item\":\"https:\\\/\\\/www.maprofar.com\\\/tienda\\\/\"},{\"@type\":\"ListItem\",\"position\":3,\"name\":\"Approx Monitor Tactil LED 15&#8243; para TPV 1024 x 768 &#8211; Respuesta 5ms &#8211; Angulo de Vision 160\u00ba &#8211; USB, VGA &#8211; VESA\"}]},{\"@type\":\"WebSite\",\"@id\":\"https:\\\/\\\/www.maprofar.com\\\/tienda\\\/#website\",\"url\":\"https:\\\/\\\/www.maprofar.com\\\/tienda\\\/\",\"name\":\"Maprofar - Toner Compatibles y Material de Oficina\",\"description\":\"Encuentra en Maprofar tu t\u00f3ner compatible Brother y HP al mejor precio. Calidad garantizada, env\u00edo urgente 24h y asesoramiento t\u00e9cnico experto. \u00a1Vis\u00edtanos!\",\"publisher\":{\"@id\":\"https:\\\/\\\/www.maprofar.com\\\/tienda\\\/#organization\"},\"alternateName\":\"Maprofar Inform\u00e1tica\",\"potentialAction\":[{\"@type\":\"SearchAction\",\"target\":{\"@type\":\"EntryPoint\",\"urlTemplate\":\"https:\\\/\\\/www.maprofar.com\\\/tienda\\\/?s={search_term_string}\"},\"query-input\":{\"@type\":\"PropertyValueSpecification\",\"valueRequired\":true,\"valueName\":\"search_term_string\"}}],\"inLanguage\":\"es\"},{\"@type\":\"Organization\",\"@id\":\"https:\\\/\\\/www.maprofar.com\\\/tienda\\\/#organization\",\"name\":\"Maprofar S.L.\",\"url\":\"https:\\\/\\\/www.maprofar.com\\\/tienda\\\/\",\"logo\":{\"@type\":\"ImageObject\",\"inLanguage\":\"es\",\"@id\":\"https:\\\/\\\/www.maprofar.com\\\/tienda\\\/#\\\/schema\\\/logo\\\/image\\\/\",\"url\":\"https:\\\/\\\/www.maprofar.com\\\/tienda\\\/wp-content\\\/uploads\\\/2021\\\/05\\\/logo_circulo.jpg\",\"contentUrl\":\"https:\\\/\\\/www.maprofar.com\\\/tienda\\\/wp-content\\\/uploads\\\/2021\\\/05\\\/logo_circulo.jpg\",\"width\":404,\"height\":335,\"caption\":\"Maprofar S.L.\"},\"image\":{\"@id\":\"https:\\\/\\\/www.maprofar.com\\\/tienda\\\/#\\\/schema\\\/logo\\\/image\\\/\"},\"sameAs\":[\"https:\\\/\\\/es-es.facebook.com\\\/maprofar\",\"https:\\\/\\\/www.instagram.com\\\/maprofar_informatica\\\/\",\"https:\\\/\\\/www.pinterest.es\\\/maprofar\\\/\"]}]}<\/script>\n<!-- \/ Yoast SEO Premium plugin. -->","yoast_head_json":{"title":"Approx Monitor Tactil LED 15\" para TPV 1024 x 768","description":"Approx Monitor Tactil LED 15\" para TPV 1024 x 768 - Respuesta 5ms - Angulo de Vision 160\u00ba - USB, VGA - VESA - En Maprofar encontrar\u00e1s monitores para TPV.","robots":{"index":"index","follow":"follow","max-snippet":"max-snippet:-1","max-image-preview":"max-image-preview:large","max-video-preview":"max-video-preview:-1"},"canonical":"https:\/\/www.maprofar.com\/tienda\/producto\/approx-monitor-tactil-led-15-para-tpv-1024-x-768-respuesta-5ms-angulo-de-vision-160o-usb-vga-vesa\/","og_locale":"es_ES","og_type":"article","og_title":"Approx Monitor Tactil LED 15\" para TPV 1024 x 768 - Respuesta 5ms - Angulo de Vision 160\u00ba - USB, VGA - VESA - Maprofar | T\u00f3ner Compatible Brother, HP y Soluciones de Impresi\u00f3n 3D","og_description":"En Maprofar encontrar\u00e1s t\u00f3ner compatibles de calidad y material de oficina al mejor precio. Ahorra sin sacrificar rendimiento. \u00a1Aprovecha nuestras ofertas y descuentos!","og_url":"https:\/\/www.maprofar.com\/tienda\/producto\/approx-monitor-tactil-led-15-para-tpv-1024-x-768-respuesta-5ms-angulo-de-vision-160o-usb-vga-vesa\/","og_site_name":"Maprofar | T\u00f3ner Compatible Brother, HP y Soluciones de Impresi\u00f3n 3D","article_publisher":"https:\/\/es-es.facebook.com\/maprofar","article_modified_time":"2025-07-01T16:41:59+00:00","og_image":[{"width":800,"height":800,"url":"https:\/\/www.maprofar.com\/tienda\/wp-content\/uploads\/2025\/01\/APPMT15W5_1.jpg","type":"image\/jpeg"}],"twitter_card":"summary_large_image","twitter_misc":{"Tiempo de lectura":"1 minuto"},"schema":{"@context":"https:\/\/schema.org","@graph":[{"@type":"WebPage","@id":"https:\/\/www.maprofar.com\/tienda\/producto\/approx-monitor-tactil-led-15-para-tpv-1024-x-768-respuesta-5ms-angulo-de-vision-160o-usb-vga-vesa\/","url":"https:\/\/www.maprofar.com\/tienda\/producto\/approx-monitor-tactil-led-15-para-tpv-1024-x-768-respuesta-5ms-angulo-de-vision-160o-usb-vga-vesa\/","name":"Approx Monitor Tactil LED 15\" para TPV 1024 x 768","isPartOf":{"@id":"https:\/\/www.maprofar.com\/tienda\/#website"},"primaryImageOfPage":{"@id":"https:\/\/www.maprofar.com\/tienda\/producto\/approx-monitor-tactil-led-15-para-tpv-1024-x-768-respuesta-5ms-angulo-de-vision-160o-usb-vga-vesa\/#primaryimage"},"image":{"@id":"https:\/\/www.maprofar.com\/tienda\/producto\/approx-monitor-tactil-led-15-para-tpv-1024-x-768-respuesta-5ms-angulo-de-vision-160o-usb-vga-vesa\/#primaryimage"},"thumbnailUrl":"https:\/\/www.maprofar.com\/tienda\/wp-content\/uploads\/2025\/01\/APPMT15W5_1.jpg","datePublished":"2025-01-28T09:08:36+00:00","dateModified":"2025-07-01T16:41:59+00:00","description":"Approx Monitor Tactil LED 15\" para TPV 1024 x 768 - Respuesta 5ms - Angulo de Vision 160\u00ba - USB, VGA - VESA - En Maprofar encontrar\u00e1s monitores para TPV.","breadcrumb":{"@id":"https:\/\/www.maprofar.com\/tienda\/producto\/approx-monitor-tactil-led-15-para-tpv-1024-x-768-respuesta-5ms-angulo-de-vision-160o-usb-vga-vesa\/#breadcrumb"},"inLanguage":"es","potentialAction":[{"@type":"ReadAction","target":["https:\/\/www.maprofar.com\/tienda\/producto\/approx-monitor-tactil-led-15-para-tpv-1024-x-768-respuesta-5ms-angulo-de-vision-160o-usb-vga-vesa\/"]}]},{"@type":"ImageObject","inLanguage":"es","@id":"https:\/\/www.maprofar.com\/tienda\/producto\/approx-monitor-tactil-led-15-para-tpv-1024-x-768-respuesta-5ms-angulo-de-vision-160o-usb-vga-vesa\/#primaryimage","url":"https:\/\/www.maprofar.com\/tienda\/wp-content\/uploads\/2025\/01\/APPMT15W5_1.jpg","contentUrl":"https:\/\/www.maprofar.com\/tienda\/wp-content\/uploads\/2025\/01\/APPMT15W5_1.jpg","width":800,"height":800,"caption":"Approx Monitor Tactil LED 15\" para TPV"},{"@type":"BreadcrumbList","@id":"https:\/\/www.maprofar.com\/tienda\/producto\/approx-monitor-tactil-led-15-para-tpv-1024-x-768-respuesta-5ms-angulo-de-vision-160o-usb-vga-vesa\/#breadcrumb","itemListElement":[{"@type":"ListItem","position":1,"name":"Portada","item":"https:\/\/www.maprofar.com\/tienda\/"},{"@type":"ListItem","position":2,"name":"Inicio","item":"https:\/\/www.maprofar.com\/tienda\/"},{"@type":"ListItem","position":3,"name":"Approx Monitor Tactil LED 15&#8243; para TPV 1024 x 768 &#8211; Respuesta 5ms &#8211; Angulo de Vision 160\u00ba &#8211; USB, VGA &#8211; VESA"}]},{"@type":"WebSite","@id":"https:\/\/www.maprofar.com\/tienda\/#website","url":"https:\/\/www.maprofar.com\/tienda\/","name":"Maprofar - Toner Compatibles y Material de Oficina","description":"Encuentra en Maprofar tu t\u00f3ner compatible Brother y HP al mejor precio. Calidad garantizada, env\u00edo urgente 24h y asesoramiento t\u00e9cnico experto. \u00a1Vis\u00edtanos!","publisher":{"@id":"https:\/\/www.maprofar.com\/tienda\/#organization"},"alternateName":"Maprofar Inform\u00e1tica","potentialAction":[{"@type":"SearchAction","target":{"@type":"EntryPoint","urlTemplate":"https:\/\/www.maprofar.com\/tienda\/?s={search_term_string}"},"query-input":{"@type":"PropertyValueSpecification","valueRequired":true,"valueName":"search_term_string"}}],"inLanguage":"es"},{"@type":"Organization","@id":"https:\/\/www.maprofar.com\/tienda\/#organization","name":"Maprofar S.L.","url":"https:\/\/www.maprofar.com\/tienda\/","logo":{"@type":"ImageObject","inLanguage":"es","@id":"https:\/\/www.maprofar.com\/tienda\/#\/schema\/logo\/image\/","url":"https:\/\/www.maprofar.com\/tienda\/wp-content\/uploads\/2021\/05\/logo_circulo.jpg","contentUrl":"https:\/\/www.maprofar.com\/tienda\/wp-content\/uploads\/2021\/05\/logo_circulo.jpg","width":404,"height":335,"caption":"Maprofar S.L."},"image":{"@id":"https:\/\/www.maprofar.com\/tienda\/#\/schema\/logo\/image\/"},"sameAs":["https:\/\/es-es.facebook.com\/maprofar","https:\/\/www.instagram.com\/maprofar_informatica\/","https:\/\/www.pinterest.es\/maprofar\/"]}]}},"_links":{"self":[{"href":"https:\/\/www.maprofar.com\/tienda\/wp-json\/wp\/v2\/product\/11239","targetHints":{"allow":["GET"]}}],"collection":[{"href":"https:\/\/www.maprofar.com\/tienda\/wp-json\/wp\/v2\/product"}],"about":[{"href":"https:\/\/www.maprofar.com\/tienda\/wp-json\/wp\/v2\/types\/product"}],"wp:featuredmedia":[{"embeddable":true,"href":"https:\/\/www.maprofar.com\/tienda\/wp-json\/wp\/v2\/media\/11241"}],"wp:attachment":[{"href":"https:\/\/www.maprofar.com\/tienda\/wp-json\/wp\/v2\/media?parent=11239"}],"wp:term":[{"taxonomy":"product_brand","embeddable":true,"href":"https:\/\/www.maprofar.com\/tienda\/wp-json\/wp\/v2\/product_brand?post=11239"},{"taxonomy":"product_cat","embeddable":true,"href":"https:\/\/www.maprofar.com\/tienda\/wp-json\/wp\/v2\/product_cat?post=11239"},{"taxonomy":"product_tag","embeddable":true,"href":"https:\/\/www.maprofar.com\/tienda\/wp-json\/wp\/v2\/product_tag?post=11239"}],"curies":[{"name":"wp","href":"https:\/\/api.w.org\/{rel}","templated":true}]}}