{"id":11249,"date":"2025-01-28T11:24:51","date_gmt":"2025-01-28T09:24:51","guid":{"rendered":"https:\/\/www.maprofar.com\/tienda\/?post_type=product&#038;p=11249"},"modified":"2025-01-28T11:24:53","modified_gmt":"2025-01-28T09:24:53","slug":"avpos-avp-tc40net-impresora-termica-tickets","status":"publish","type":"product","link":"https:\/\/www.maprofar.com\/tienda\/producto\/avpos-avp-tc40net-impresora-termica-tickets\/","title":{"rendered":"AVPos AVP-TC40NET Impresora Termica Tickets"},"content":{"rendered":"<p>AVPos AVP-TC40NET Impresora Termica Tickets &#8211; Velocidad 260mm\/s &#8211; Autocorte Parcial &#8211; USB y LAN &#8211; Color Negro<\/p>\n<p>\u00bfEst\u00e1s buscando una impresora t\u00e9rmica compacta pero potente? AVPos TC40 es lo que necesitas. Con su dise\u00f1o ultra compacto, puedes colocarla en cualquier lugar sin ocupar mucho espacio. Esta impresora es perfecta para imprimir facturas en comercios, supermercados, librer\u00edas, tiendas de telefon\u00eda, cafeter\u00edas, restaurantes y m\u00e1s. Adem\u00e1s, gracias a su alta velocidad de impresi\u00f3n, puedes estar seguro de que tus facturas ser\u00e1n impresas r\u00e1pidamente y con la mejor calidad. \u00a1Obt\u00e9n la tuya ahora y disfruta de la impresi\u00f3n de facturas m\u00e1s f\u00e1cil y r\u00e1pida!<\/p>\n<p>Especificaciones:<\/p>\n<p>Impresi\u00f3n<br \/>\n-M\u00e9todo de impresi\u00f3n T\u00e9rmica directa<br \/>\n-Ancho de impresi\u00f3n 79.5\u00b10.5mm<br \/>\n-Densidad puntual 576 puntos \/ l\u00ednea<br \/>\n-Velocidad de impresi\u00f3n 260 mm\/s<br \/>\n-Tipos de interfaz USB + Lan<br \/>\n-Line spacing 3.75mm (Ajustable por comandos)<br \/>\n-Tama\u00f1o de caracteres ANK, Font A: 1.5\u00d73.0mm(12\u00d724 dots) Font B: 1.1\u00d72.1mm(9\u00d717 dots)<\/p>\n<p>Corte<br \/>\n-Autocorte Parcial<\/p>\n<p>Fuentes de c\u00f3digo de barras<br \/>\n-C\u00f3digo unidimensional (1D) UPC-A\/UPC-E\/JAN13(EAN13)\/JAN8(EAN8)\/CODE39\/ITF\/CODABAR\/CODE93\/CODE128<br \/>\n-C\u00f3digo Bidimensional (2D) QR Code \/ PDF417<\/p>\n<p>Sistemas Operativos Compatibles<br \/>\n-S.O. Windows\/JPOS\/OPOS\/Linux\/Android\/Mac<br \/>\n-Emulaci\u00f3n ESC\/POS<\/p>\n<p>Buffer<br \/>\n-Input Buffer 256Kbytes<br \/>\n-NV Flash 256 Kbytes<\/p>\n<p>Fuente de Alimentaci\u00f3n<br \/>\n-Power adaptor Input:AC 100-240V, 50~60Hz<br \/>\n-Power source DC 24V\/2.5A<br \/>\n-Conexi\u00f3n a caj\u00f3n DC 24V\/1A<\/p>\n<p>Caracter\u00edsticas F\u00edsicas<br \/>\n-Peso 0.76KG<br \/>\n-Tama\u00f1o 157.5 \u00d7 125 \u00d7 123.5mm(D*W*H)<br \/>\n-Ubicaci\u00f3n Admite colocaci\u00f3n en pared<\/p>\n<p>Temperatura y Vida \u00fatil<br \/>\n-Temperatura en uso Temperature (0~45\u00ba) humidity(10~80%)<br \/>\n-Temperatura en almacenaje Temperature(-10~60\u00ba) humidity(10~80%)<br \/>\n-Vida del cabezal impresi\u00f3n 150 Km de uso del cabezal de impresi\u00f3n<br \/>\n-Vida del corte 1.5 millones de cortes<\/p>\n<p><span style=\"color: #999999;\">Comprar AVPos AVP-TC40NET Impresora Termica Tickets &#8211; Velocidad 260mm\/s &#8211; Autocorte Parcial &#8211; USB y LAN &#8211; Color Negro<\/span><\/p>\n","protected":false},"excerpt":{"rendered":"<p class=\"titulo_subseccion_da\">CARACTER\u00cdSTICAS<\/p>\n<div class=\"listado_caracteristicas_da\"><span class=\"linea_datos_da\">\u2022 Marca:\u00a0<span class=\"gris_400\" title=\"AVPos\">AVPos<\/span><\/span><\/div>\n<div class=\"listado_caracteristicas_da\"><span class=\"linea_datos_da\" title=\"Negro\">\u2022 Color:\u00a0<span class=\"gris_400\">Negro<\/span><\/span><\/div>\n<div class=\"listado_caracteristicas_da\"><span class=\"linea_datos_da\" title=\"AVPos\">\u2022 Fabricante:\u00a0<span class=\"gris_400\">AVPos<\/span><\/span><\/div>\n<div class=\"listado_caracteristicas_da\"><span class=\"linea_datos_da\" title=\"\" aria-describedby=\"ui-id-13\">\u2022 Ref.:\u00a0<span class=\"gris_400\">AVP-TC40NET<\/span><\/span><\/div>\n","protected":false},"featured_media":11251,"template":"","meta":[],"product_brand":[],"product_cat":[182],"product_tag":[],"class_list":{"0":"post-11249","1":"product","2":"type-product","3":"status-publish","4":"has-post-thumbnail","6":"product_cat-impresoras-de-tickets","8":"first","9":"instock","10":"taxable","11":"shipping-taxable","12":"purchasable","13":"product-type-simple"},"yoast_head":"<!-- This site is optimized with the Yoast SEO Premium plugin v22.3 (Yoast SEO v27.4) - https:\/\/yoast.com\/product\/yoast-seo-premium-wordpress\/ -->\n<title>AVPos AVP-TC40NET Impresora Termica Tickets - Maprofar | T\u00f3ner Compatible Brother, HP y Soluciones de Impresi\u00f3n 3D<\/title>\n<meta name=\"description\" content=\"AVPos AVP-TC40NET Impresora Termica Tickets - Velocidad 260mm\/s - Autocorte Parcial - USB y LAN - Color Negro - \u00a1Aprovecha nuestras ofertas y descuentos!\" \/>\n<meta name=\"robots\" content=\"index, follow, max-snippet:-1, max-image-preview:large, max-video-preview:-1\" \/>\n<link rel=\"canonical\" href=\"https:\/\/www.maprofar.com\/tienda\/producto\/avpos-avp-tc40net-impresora-termica-tickets\/\" \/>\n<meta property=\"og:locale\" content=\"es_ES\" \/>\n<meta property=\"og:type\" content=\"article\" \/>\n<meta property=\"og:title\" content=\"AVPos AVP-TC40NET Impresora Termica Tickets - Maprofar | T\u00f3ner Compatible Brother, HP y Soluciones de Impresi\u00f3n 3D\" \/>\n<meta property=\"og:description\" content=\"En Maprofar encontrar\u00e1s t\u00f3ner compatibles de calidad y material de oficina al mejor precio. Ahorra sin sacrificar rendimiento. \u00a1Aprovecha nuestras ofertas y descuentos!\" \/>\n<meta property=\"og:url\" content=\"https:\/\/www.maprofar.com\/tienda\/producto\/avpos-avp-tc40net-impresora-termica-tickets\/\" \/>\n<meta property=\"og:site_name\" content=\"Maprofar | T\u00f3ner Compatible Brother, HP y Soluciones de Impresi\u00f3n 3D\" \/>\n<meta property=\"article:publisher\" content=\"https:\/\/es-es.facebook.com\/maprofar\" \/>\n<meta property=\"article:modified_time\" content=\"2025-01-28T09:24:53+00:00\" \/>\n<meta property=\"og:image\" content=\"https:\/\/www.maprofar.com\/tienda\/wp-content\/uploads\/2025\/01\/AVP-TC40NET_1.jpg\" \/>\n\t<meta property=\"og:image:width\" content=\"600\" \/>\n\t<meta property=\"og:image:height\" content=\"600\" \/>\n\t<meta property=\"og:image:type\" content=\"image\/jpeg\" \/>\n<meta name=\"twitter:card\" content=\"summary_large_image\" \/>\n<meta name=\"twitter:label1\" content=\"Tiempo de lectura\" \/>\n\t<meta name=\"twitter:data1\" content=\"2 minutos\" \/>\n<script type=\"application\/ld+json\" class=\"yoast-schema-graph\">{\"@context\":\"https:\\\/\\\/schema.org\",\"@graph\":[{\"@type\":\"WebPage\",\"@id\":\"https:\\\/\\\/www.maprofar.com\\\/tienda\\\/producto\\\/avpos-avp-tc40net-impresora-termica-tickets\\\/\",\"url\":\"https:\\\/\\\/www.maprofar.com\\\/tienda\\\/producto\\\/avpos-avp-tc40net-impresora-termica-tickets\\\/\",\"name\":\"AVPos AVP-TC40NET Impresora Termica Tickets - Maprofar | T\u00f3ner Compatible Brother, HP y Soluciones de Impresi\u00f3n 3D\",\"isPartOf\":{\"@id\":\"https:\\\/\\\/www.maprofar.com\\\/tienda\\\/#website\"},\"primaryImageOfPage\":{\"@id\":\"https:\\\/\\\/www.maprofar.com\\\/tienda\\\/producto\\\/avpos-avp-tc40net-impresora-termica-tickets\\\/#primaryimage\"},\"image\":{\"@id\":\"https:\\\/\\\/www.maprofar.com\\\/tienda\\\/producto\\\/avpos-avp-tc40net-impresora-termica-tickets\\\/#primaryimage\"},\"thumbnailUrl\":\"https:\\\/\\\/www.maprofar.com\\\/tienda\\\/wp-content\\\/uploads\\\/2025\\\/01\\\/AVP-TC40NET_1.jpg\",\"datePublished\":\"2025-01-28T09:24:51+00:00\",\"dateModified\":\"2025-01-28T09:24:53+00:00\",\"description\":\"AVPos AVP-TC40NET Impresora Termica Tickets - Velocidad 260mm\\\/s - Autocorte Parcial - USB y LAN - Color Negro - \u00a1Aprovecha nuestras ofertas y descuentos!\",\"breadcrumb\":{\"@id\":\"https:\\\/\\\/www.maprofar.com\\\/tienda\\\/producto\\\/avpos-avp-tc40net-impresora-termica-tickets\\\/#breadcrumb\"},\"inLanguage\":\"es\",\"potentialAction\":[{\"@type\":\"ReadAction\",\"target\":[\"https:\\\/\\\/www.maprofar.com\\\/tienda\\\/producto\\\/avpos-avp-tc40net-impresora-termica-tickets\\\/\"]}]},{\"@type\":\"ImageObject\",\"inLanguage\":\"es\",\"@id\":\"https:\\\/\\\/www.maprofar.com\\\/tienda\\\/producto\\\/avpos-avp-tc40net-impresora-termica-tickets\\\/#primaryimage\",\"url\":\"https:\\\/\\\/www.maprofar.com\\\/tienda\\\/wp-content\\\/uploads\\\/2025\\\/01\\\/AVP-TC40NET_1.jpg\",\"contentUrl\":\"https:\\\/\\\/www.maprofar.com\\\/tienda\\\/wp-content\\\/uploads\\\/2025\\\/01\\\/AVP-TC40NET_1.jpg\",\"width\":600,\"height\":600,\"caption\":\"AVPos AVP-TC40NET Impresora Termica Tickets\"},{\"@type\":\"BreadcrumbList\",\"@id\":\"https:\\\/\\\/www.maprofar.com\\\/tienda\\\/producto\\\/avpos-avp-tc40net-impresora-termica-tickets\\\/#breadcrumb\",\"itemListElement\":[{\"@type\":\"ListItem\",\"position\":1,\"name\":\"Portada\",\"item\":\"https:\\\/\\\/www.maprofar.com\\\/tienda\\\/\"},{\"@type\":\"ListItem\",\"position\":2,\"name\":\"Inicio\",\"item\":\"https:\\\/\\\/www.maprofar.com\\\/tienda\\\/\"},{\"@type\":\"ListItem\",\"position\":3,\"name\":\"AVPos AVP-TC40NET Impresora Termica Tickets\"}]},{\"@type\":\"WebSite\",\"@id\":\"https:\\\/\\\/www.maprofar.com\\\/tienda\\\/#website\",\"url\":\"https:\\\/\\\/www.maprofar.com\\\/tienda\\\/\",\"name\":\"Maprofar - Toner Compatibles y Material de Oficina\",\"description\":\"Encuentra en Maprofar tu t\u00f3ner compatible Brother y HP al mejor precio. Calidad garantizada, env\u00edo urgente 24h y asesoramiento t\u00e9cnico experto. \u00a1Vis\u00edtanos!\",\"publisher\":{\"@id\":\"https:\\\/\\\/www.maprofar.com\\\/tienda\\\/#organization\"},\"alternateName\":\"Maprofar Inform\u00e1tica\",\"potentialAction\":[{\"@type\":\"SearchAction\",\"target\":{\"@type\":\"EntryPoint\",\"urlTemplate\":\"https:\\\/\\\/www.maprofar.com\\\/tienda\\\/?s={search_term_string}\"},\"query-input\":{\"@type\":\"PropertyValueSpecification\",\"valueRequired\":true,\"valueName\":\"search_term_string\"}}],\"inLanguage\":\"es\"},{\"@type\":\"Organization\",\"@id\":\"https:\\\/\\\/www.maprofar.com\\\/tienda\\\/#organization\",\"name\":\"Maprofar S.L.\",\"url\":\"https:\\\/\\\/www.maprofar.com\\\/tienda\\\/\",\"logo\":{\"@type\":\"ImageObject\",\"inLanguage\":\"es\",\"@id\":\"https:\\\/\\\/www.maprofar.com\\\/tienda\\\/#\\\/schema\\\/logo\\\/image\\\/\",\"url\":\"https:\\\/\\\/www.maprofar.com\\\/tienda\\\/wp-content\\\/uploads\\\/2021\\\/05\\\/logo_circulo.jpg\",\"contentUrl\":\"https:\\\/\\\/www.maprofar.com\\\/tienda\\\/wp-content\\\/uploads\\\/2021\\\/05\\\/logo_circulo.jpg\",\"width\":404,\"height\":335,\"caption\":\"Maprofar S.L.\"},\"image\":{\"@id\":\"https:\\\/\\\/www.maprofar.com\\\/tienda\\\/#\\\/schema\\\/logo\\\/image\\\/\"},\"sameAs\":[\"https:\\\/\\\/es-es.facebook.com\\\/maprofar\",\"https:\\\/\\\/www.instagram.com\\\/maprofar_informatica\\\/\",\"https:\\\/\\\/www.pinterest.es\\\/maprofar\\\/\"]}]}<\/script>\n<!-- \/ Yoast SEO Premium plugin. -->","yoast_head_json":{"title":"AVPos AVP-TC40NET Impresora Termica Tickets - Maprofar | T\u00f3ner Compatible Brother, HP y Soluciones de Impresi\u00f3n 3D","description":"AVPos AVP-TC40NET Impresora Termica Tickets - Velocidad 260mm\/s - Autocorte Parcial - USB y LAN - Color Negro - \u00a1Aprovecha nuestras ofertas y descuentos!","robots":{"index":"index","follow":"follow","max-snippet":"max-snippet:-1","max-image-preview":"max-image-preview:large","max-video-preview":"max-video-preview:-1"},"canonical":"https:\/\/www.maprofar.com\/tienda\/producto\/avpos-avp-tc40net-impresora-termica-tickets\/","og_locale":"es_ES","og_type":"article","og_title":"AVPos AVP-TC40NET Impresora Termica Tickets - Maprofar | T\u00f3ner Compatible Brother, HP y Soluciones de Impresi\u00f3n 3D","og_description":"En Maprofar encontrar\u00e1s t\u00f3ner compatibles de calidad y material de oficina al mejor precio. Ahorra sin sacrificar rendimiento. \u00a1Aprovecha nuestras ofertas y descuentos!","og_url":"https:\/\/www.maprofar.com\/tienda\/producto\/avpos-avp-tc40net-impresora-termica-tickets\/","og_site_name":"Maprofar | T\u00f3ner Compatible Brother, HP y Soluciones de Impresi\u00f3n 3D","article_publisher":"https:\/\/es-es.facebook.com\/maprofar","article_modified_time":"2025-01-28T09:24:53+00:00","og_image":[{"width":600,"height":600,"url":"https:\/\/www.maprofar.com\/tienda\/wp-content\/uploads\/2025\/01\/AVP-TC40NET_1.jpg","type":"image\/jpeg"}],"twitter_card":"summary_large_image","twitter_misc":{"Tiempo de lectura":"2 minutos"},"schema":{"@context":"https:\/\/schema.org","@graph":[{"@type":"WebPage","@id":"https:\/\/www.maprofar.com\/tienda\/producto\/avpos-avp-tc40net-impresora-termica-tickets\/","url":"https:\/\/www.maprofar.com\/tienda\/producto\/avpos-avp-tc40net-impresora-termica-tickets\/","name":"AVPos AVP-TC40NET Impresora Termica Tickets - Maprofar | T\u00f3ner Compatible Brother, HP y Soluciones de Impresi\u00f3n 3D","isPartOf":{"@id":"https:\/\/www.maprofar.com\/tienda\/#website"},"primaryImageOfPage":{"@id":"https:\/\/www.maprofar.com\/tienda\/producto\/avpos-avp-tc40net-impresora-termica-tickets\/#primaryimage"},"image":{"@id":"https:\/\/www.maprofar.com\/tienda\/producto\/avpos-avp-tc40net-impresora-termica-tickets\/#primaryimage"},"thumbnailUrl":"https:\/\/www.maprofar.com\/tienda\/wp-content\/uploads\/2025\/01\/AVP-TC40NET_1.jpg","datePublished":"2025-01-28T09:24:51+00:00","dateModified":"2025-01-28T09:24:53+00:00","description":"AVPos AVP-TC40NET Impresora Termica Tickets - Velocidad 260mm\/s - Autocorte Parcial - USB y LAN - Color Negro - \u00a1Aprovecha nuestras ofertas y descuentos!","breadcrumb":{"@id":"https:\/\/www.maprofar.com\/tienda\/producto\/avpos-avp-tc40net-impresora-termica-tickets\/#breadcrumb"},"inLanguage":"es","potentialAction":[{"@type":"ReadAction","target":["https:\/\/www.maprofar.com\/tienda\/producto\/avpos-avp-tc40net-impresora-termica-tickets\/"]}]},{"@type":"ImageObject","inLanguage":"es","@id":"https:\/\/www.maprofar.com\/tienda\/producto\/avpos-avp-tc40net-impresora-termica-tickets\/#primaryimage","url":"https:\/\/www.maprofar.com\/tienda\/wp-content\/uploads\/2025\/01\/AVP-TC40NET_1.jpg","contentUrl":"https:\/\/www.maprofar.com\/tienda\/wp-content\/uploads\/2025\/01\/AVP-TC40NET_1.jpg","width":600,"height":600,"caption":"AVPos AVP-TC40NET Impresora Termica Tickets"},{"@type":"BreadcrumbList","@id":"https:\/\/www.maprofar.com\/tienda\/producto\/avpos-avp-tc40net-impresora-termica-tickets\/#breadcrumb","itemListElement":[{"@type":"ListItem","position":1,"name":"Portada","item":"https:\/\/www.maprofar.com\/tienda\/"},{"@type":"ListItem","position":2,"name":"Inicio","item":"https:\/\/www.maprofar.com\/tienda\/"},{"@type":"ListItem","position":3,"name":"AVPos AVP-TC40NET Impresora Termica Tickets"}]},{"@type":"WebSite","@id":"https:\/\/www.maprofar.com\/tienda\/#website","url":"https:\/\/www.maprofar.com\/tienda\/","name":"Maprofar - Toner Compatibles y Material de Oficina","description":"Encuentra en Maprofar tu t\u00f3ner compatible Brother y HP al mejor precio. Calidad garantizada, env\u00edo urgente 24h y asesoramiento t\u00e9cnico experto. \u00a1Vis\u00edtanos!","publisher":{"@id":"https:\/\/www.maprofar.com\/tienda\/#organization"},"alternateName":"Maprofar Inform\u00e1tica","potentialAction":[{"@type":"SearchAction","target":{"@type":"EntryPoint","urlTemplate":"https:\/\/www.maprofar.com\/tienda\/?s={search_term_string}"},"query-input":{"@type":"PropertyValueSpecification","valueRequired":true,"valueName":"search_term_string"}}],"inLanguage":"es"},{"@type":"Organization","@id":"https:\/\/www.maprofar.com\/tienda\/#organization","name":"Maprofar S.L.","url":"https:\/\/www.maprofar.com\/tienda\/","logo":{"@type":"ImageObject","inLanguage":"es","@id":"https:\/\/www.maprofar.com\/tienda\/#\/schema\/logo\/image\/","url":"https:\/\/www.maprofar.com\/tienda\/wp-content\/uploads\/2021\/05\/logo_circulo.jpg","contentUrl":"https:\/\/www.maprofar.com\/tienda\/wp-content\/uploads\/2021\/05\/logo_circulo.jpg","width":404,"height":335,"caption":"Maprofar S.L."},"image":{"@id":"https:\/\/www.maprofar.com\/tienda\/#\/schema\/logo\/image\/"},"sameAs":["https:\/\/es-es.facebook.com\/maprofar","https:\/\/www.instagram.com\/maprofar_informatica\/","https:\/\/www.pinterest.es\/maprofar\/"]}]}},"_links":{"self":[{"href":"https:\/\/www.maprofar.com\/tienda\/wp-json\/wp\/v2\/product\/11249","targetHints":{"allow":["GET"]}}],"collection":[{"href":"https:\/\/www.maprofar.com\/tienda\/wp-json\/wp\/v2\/product"}],"about":[{"href":"https:\/\/www.maprofar.com\/tienda\/wp-json\/wp\/v2\/types\/product"}],"wp:featuredmedia":[{"embeddable":true,"href":"https:\/\/www.maprofar.com\/tienda\/wp-json\/wp\/v2\/media\/11251"}],"wp:attachment":[{"href":"https:\/\/www.maprofar.com\/tienda\/wp-json\/wp\/v2\/media?parent=11249"}],"wp:term":[{"taxonomy":"product_brand","embeddable":true,"href":"https:\/\/www.maprofar.com\/tienda\/wp-json\/wp\/v2\/product_brand?post=11249"},{"taxonomy":"product_cat","embeddable":true,"href":"https:\/\/www.maprofar.com\/tienda\/wp-json\/wp\/v2\/product_cat?post=11249"},{"taxonomy":"product_tag","embeddable":true,"href":"https:\/\/www.maprofar.com\/tienda\/wp-json\/wp\/v2\/product_tag?post=11249"}],"curies":[{"name":"wp","href":"https:\/\/api.w.org\/{rel}","templated":true}]}}