{"id":11443,"date":"2025-03-05T19:50:05","date_gmt":"2025-03-05T17:50:05","guid":{"rendered":"https:\/\/www.maprofar.com\/tienda\/?post_type=product&#038;p=11443"},"modified":"2025-07-03T11:54:37","modified_gmt":"2025-07-03T09:54:37","slug":"filamento-3d-asa-diametro-1-75mm-bobina-1kg-color-rojo","status":"publish","type":"product","link":"https:\/\/www.maprofar.com\/tienda\/producto\/filamento-3d-asa-diametro-1-75mm-bobina-1kg-color-rojo\/","title":{"rendered":"Filamento 3D ASA &#8211; Diametro 1.75mm &#8211; Bobina 1kg &#8211; Color Rojo"},"content":{"rendered":"<p>Filamento 3D ASA &#8211; Diametro 1.75mm &#8211; Bobina 1kg &#8211; Color Rojo<\/p>\n<p>El ASA es un material similar al ABS, pero con mayor resistencia y durabilidad. Destaca por su alta resistencia al agrietamiento por tensi\u00f3n ambiental y su capacidad para soportar condiciones clim\u00e1ticas adversas y radiaci\u00f3n ultravioleta, manteniendo su brillo, color y propiedades mec\u00e1nicas tras una larga exposici\u00f3n al aire libre.<\/p>\n<p>Es ideal para aplicaciones exteriores que requieren durabilidad y estabilidad, como en la automoci\u00f3n, se\u00f1al\u00e9tica y la industria aeroespacial. Su resistencia a impactos y altas temperaturas lo hace perfecto para componentes expuestos a esfuerzos mec\u00e1nicos y ambientales, proporcionando una soluci\u00f3n duradera y confiable para diversas aplicaciones industriales.<\/p>\n<p>Caracter\u00edsticas:<\/p>\n<p>-Di\u00e1metro de 1.75mm.<br \/>\n-Bobina de 1000 gramos.<\/p>\n<p>Par\u00e1metros de impresi\u00f3n generales:<br \/>\n-Temperatura del nozzle (entre 240\u00baC y 260\u00baC)<br \/>\n-Temperatura de la cama (entre 70\u00baC y 100\u00baC)<br \/>\n&#8211; Imprimir en caja cerrada<\/p>\n<p>Propiedades f\u00edsicas:<br \/>\n&#8211; Densidad: 1.07 g\/cm3 (ASTM D792)<br \/>\n&#8211; Moldeo contracci\u00f3n (flujo) 3,2mm: 0,4-0,7 % (ASTM D955)<br \/>\n&#8211; \u00cdndice de flujo (220\u00baC \/ 10Kg): 12 g\/10 min (ASTM D1238)<\/p>\n<p>Propiedades mec\u00e1nicas:<br \/>\n&#8211; Resistencia a la tracci\u00f3n, 3,2 mm (@YIELD 50 mm\/min): 480 kg\/cm2 (ASTM D638)<br \/>\n&#8211; Elongaci\u00f3n por tracci\u00f3n, 3,2 mm (@YIELD 50 mm\/min): &gt;6 % (ASTM D638)<br \/>\n&#8211; Elongaci\u00f3n por tracci\u00f3n, 3,2 mm (@Break 50mm\/min): 25 % (ASTM D638)<br \/>\n&#8211; M\u00f3dulo de tracci\u00f3n (1mm\/min): 21.200 kg\/cm2 (ASTM D638)<br \/>\n&#8211; Fuerza flexible (15 mm\/min): 770 kg\/cm2 (ASTM D790)<br \/>\n&#8211; M\u00f3dulo de doblado (15 mm\/min): 22.500 kg\/cm2 (ASTM D790)<br \/>\n&#8211; Resistencia al impacto IZOD, 6,4 mm. 23\u00baC (muestra): 16 kg\u00b7cm\/cm (ASTM D256)<br \/>\n&#8211; Resistencia al impacto IZOD, 6,4 mm. -30\u00baC (muestra) 4 kg\u00b7cm\/cm (ASTM D256)<br \/>\n&#8211; Resistencia al impacto IZOD, 3,2 mm. 23\u00baC (muestra): 18 kg\u00b7cm\/cm (ASTM D256)<br \/>\n&#8211; Resistencia al impacto IZOD, 3,2 mm. -30\u00baC (muestra): 4 kg\u00b7cm\/cm (ASTM D256)<br \/>\n&#8211; Dureza rockwell (escala R): 103 (ASTM D785)<\/p>\n<p>Propiedades termales:<br \/>\n&#8211; Temperatura de deflexi\u00f3n t\u00e9rmica, 6,4 mm, 18,6 Kg (no recocido): 86 \u00baC (ASTM D648)<br \/>\n&#8211; Temperatura de deflexi\u00f3n t\u00e9rmica, 6,4 mm, 4,6 Kg (no recocido): 96 \u00baC (ASTM D648)<br \/>\n&#8211; Temperatura de ablandamiento VICAT (5 kg, 50\u00baC\/h): 95 \u00baC (ASTM D1525)<br \/>\n&#8211; Inflamabilidad (0,8mm): HB class (UL94)<br \/>\n&#8211; Inflamabilidad (1,6mm): HB class (UL94)<br \/>\n&#8211; Inflamabilidad (2,5mm): HB class (UL94)<br \/>\n&#8211; Inflamabilidad (3,2mm): HB class (UL94)<\/p>\n<p><span style=\"color: #999999;\">Comprar Filamento 3D ASA &#8211; Diametro 1.75mm &#8211; Bobina 1kg &#8211; Color Rojo<\/span><\/p>\n","protected":false},"excerpt":{"rendered":"<p class=\"titulo_subseccion_da\">CARACTER\u00cdSTICAS<\/p>\n<div class=\"listado_caracteristicas_da\"><span class=\"linea_datos_da\">\u2022 Para uso en:\u00a0<span class=\"gris_400\" title=\"3D\">3D<\/span><\/span><\/div>\n<div class=\"listado_caracteristicas_da\"><span class=\"linea_datos_da\" title=\"Rojo\">\u2022 Color:\u00a0<span class=\"gris_400\">Rojo<\/span><\/span><\/div>\n<div class=\"listado_caracteristicas_da\"><span class=\"linea_datos_da\" title=\"Gen\u00e9rico\">\u2022 Fabricante:\u00a0<span class=\"gris_400\">Gen\u00e9rico<\/span><\/span><\/div>\n<div class=\"listado_caracteristicas_da\"><span class=\"linea_datos_da\" title=\"3D\">\u2022 Tipo:\u00a0<span class=\"gris_400\">3D<\/span><\/span><\/div>\n<div class=\"listado_caracteristicas_da\"><span class=\"linea_datos_da\" title=\"1.75 mm \/ 1 kg\">\u2022 Capacidad:\u00a0<span class=\"gris_400\">1.75 mm \/ 1 kg<\/span><\/span><\/div>\n<div class=\"listado_caracteristicas_da\"><span class=\"linea_datos_da\" title=\"\" aria-describedby=\"ui-id-12\">\u2022 Ref.:\u00a0<span class=\"gris_400\">ASA-Red<\/span><\/span><\/div>\n","protected":false},"featured_media":11445,"template":"","meta":[],"product_brand":[],"product_cat":[96],"product_tag":[],"class_list":{"0":"post-11443","1":"product","2":"type-product","3":"status-publish","4":"has-post-thumbnail","6":"product_cat-bobinas-de-filamento","8":"first","9":"instock","10":"taxable","11":"shipping-taxable","12":"purchasable","13":"product-type-simple"},"yoast_head":"<!-- This site is optimized with the Yoast SEO Premium plugin v22.3 (Yoast SEO v27.3) - https:\/\/yoast.com\/product\/yoast-seo-premium-wordpress\/ -->\n<title>Filamento 3D ASA - Diametro 1.75mm - Bobina 1kg - Color Rojo - Maprofar - Toner Compatibles y Material de Oficina<\/title>\n<meta name=\"description\" content=\"Filamento 3D ASA - Diametro 1.75mm - Bobina 1kg - Color Rojo - Ahorra sin sacrificar rendimiento. \u00a1Aprovecha nuestras ofertas y descuentos!\" \/>\n<meta name=\"robots\" content=\"index, follow, max-snippet:-1, max-image-preview:large, max-video-preview:-1\" \/>\n<link rel=\"canonical\" href=\"https:\/\/www.maprofar.com\/tienda\/producto\/filamento-3d-asa-diametro-1-75mm-bobina-1kg-color-rojo\/\" \/>\n<meta property=\"og:locale\" content=\"es_ES\" \/>\n<meta property=\"og:type\" content=\"article\" \/>\n<meta property=\"og:title\" content=\"Filamento 3D ASA - Diametro 1.75mm - Bobina 1kg - Color Rojo - Maprofar - Toner Compatibles y Material de Oficina\" \/>\n<meta property=\"og:description\" content=\"En Maprofar encontrar\u00e1s t\u00f3ner compatibles de calidad y material de oficina al mejor precio. Ahorra sin sacrificar rendimiento. \u00a1Aprovecha nuestras ofertas y descuentos!\" \/>\n<meta property=\"og:url\" content=\"https:\/\/www.maprofar.com\/tienda\/producto\/filamento-3d-asa-diametro-1-75mm-bobina-1kg-color-rojo\/\" \/>\n<meta property=\"og:site_name\" content=\"Maprofar - Toner Compatibles y Material de Oficina\" \/>\n<meta property=\"article:publisher\" content=\"https:\/\/es-es.facebook.com\/maprofar\" \/>\n<meta property=\"article:modified_time\" content=\"2025-07-03T09:54:37+00:00\" \/>\n<meta property=\"og:image\" content=\"https:\/\/www.maprofar.com\/tienda\/wp-content\/uploads\/2025\/03\/ASA-Red_1.jpg\" \/>\n\t<meta property=\"og:image:width\" content=\"600\" \/>\n\t<meta property=\"og:image:height\" content=\"600\" \/>\n\t<meta property=\"og:image:type\" content=\"image\/jpeg\" \/>\n<meta name=\"twitter:card\" content=\"summary_large_image\" \/>\n<meta name=\"twitter:label1\" content=\"Tiempo de lectura\" \/>\n\t<meta name=\"twitter:data1\" content=\"2 minutos\" \/>\n<script type=\"application\/ld+json\" class=\"yoast-schema-graph\">{\"@context\":\"https:\\\/\\\/schema.org\",\"@graph\":[{\"@type\":\"WebPage\",\"@id\":\"https:\\\/\\\/www.maprofar.com\\\/tienda\\\/producto\\\/filamento-3d-asa-diametro-1-75mm-bobina-1kg-color-rojo\\\/\",\"url\":\"https:\\\/\\\/www.maprofar.com\\\/tienda\\\/producto\\\/filamento-3d-asa-diametro-1-75mm-bobina-1kg-color-rojo\\\/\",\"name\":\"Filamento 3D ASA - Diametro 1.75mm - Bobina 1kg - Color Rojo - Maprofar - Toner Compatibles y Material de Oficina\",\"isPartOf\":{\"@id\":\"https:\\\/\\\/www.maprofar.com\\\/tienda\\\/#website\"},\"primaryImageOfPage\":{\"@id\":\"https:\\\/\\\/www.maprofar.com\\\/tienda\\\/producto\\\/filamento-3d-asa-diametro-1-75mm-bobina-1kg-color-rojo\\\/#primaryimage\"},\"image\":{\"@id\":\"https:\\\/\\\/www.maprofar.com\\\/tienda\\\/producto\\\/filamento-3d-asa-diametro-1-75mm-bobina-1kg-color-rojo\\\/#primaryimage\"},\"thumbnailUrl\":\"https:\\\/\\\/www.maprofar.com\\\/tienda\\\/wp-content\\\/uploads\\\/2025\\\/03\\\/ASA-Red_1.jpg\",\"datePublished\":\"2025-03-05T17:50:05+00:00\",\"dateModified\":\"2025-07-03T09:54:37+00:00\",\"description\":\"Filamento 3D ASA - Diametro 1.75mm - Bobina 1kg - Color Rojo - Ahorra sin sacrificar rendimiento. \u00a1Aprovecha nuestras ofertas y descuentos!\",\"breadcrumb\":{\"@id\":\"https:\\\/\\\/www.maprofar.com\\\/tienda\\\/producto\\\/filamento-3d-asa-diametro-1-75mm-bobina-1kg-color-rojo\\\/#breadcrumb\"},\"inLanguage\":\"es\",\"potentialAction\":[{\"@type\":\"ReadAction\",\"target\":[\"https:\\\/\\\/www.maprofar.com\\\/tienda\\\/producto\\\/filamento-3d-asa-diametro-1-75mm-bobina-1kg-color-rojo\\\/\"]}]},{\"@type\":\"ImageObject\",\"inLanguage\":\"es\",\"@id\":\"https:\\\/\\\/www.maprofar.com\\\/tienda\\\/producto\\\/filamento-3d-asa-diametro-1-75mm-bobina-1kg-color-rojo\\\/#primaryimage\",\"url\":\"https:\\\/\\\/www.maprofar.com\\\/tienda\\\/wp-content\\\/uploads\\\/2025\\\/03\\\/ASA-Red_1.jpg\",\"contentUrl\":\"https:\\\/\\\/www.maprofar.com\\\/tienda\\\/wp-content\\\/uploads\\\/2025\\\/03\\\/ASA-Red_1.jpg\",\"width\":600,\"height\":600,\"caption\":\"Filamento 3D ASA - Diametro 1.75mm - Bobina 1kg - Color Rojo\"},{\"@type\":\"BreadcrumbList\",\"@id\":\"https:\\\/\\\/www.maprofar.com\\\/tienda\\\/producto\\\/filamento-3d-asa-diametro-1-75mm-bobina-1kg-color-rojo\\\/#breadcrumb\",\"itemListElement\":[{\"@type\":\"ListItem\",\"position\":1,\"name\":\"Portada\",\"item\":\"https:\\\/\\\/www.maprofar.com\\\/tienda\\\/\"},{\"@type\":\"ListItem\",\"position\":2,\"name\":\"Buscador de consumibles\",\"item\":\"https:\\\/\\\/www.maprofar.com\\\/tienda\\\/\"},{\"@type\":\"ListItem\",\"position\":3,\"name\":\"Filamento 3D ASA &#8211; Diametro 1.75mm &#8211; Bobina 1kg &#8211; Color Rojo\"}]},{\"@type\":\"WebSite\",\"@id\":\"https:\\\/\\\/www.maprofar.com\\\/tienda\\\/#website\",\"url\":\"https:\\\/\\\/www.maprofar.com\\\/tienda\\\/\",\"name\":\"Maprofar - Toner Compatibles y Material de Oficina\",\"description\":\"Maprofar: Tu Soluci&oacute;n Integral donde comprar T&oacute;ner Compatible y Material de Oficina\",\"publisher\":{\"@id\":\"https:\\\/\\\/www.maprofar.com\\\/tienda\\\/#organization\"},\"alternateName\":\"Maprofar Inform\u00e1tica\",\"potentialAction\":[{\"@type\":\"SearchAction\",\"target\":{\"@type\":\"EntryPoint\",\"urlTemplate\":\"https:\\\/\\\/www.maprofar.com\\\/tienda\\\/?s={search_term_string}\"},\"query-input\":{\"@type\":\"PropertyValueSpecification\",\"valueRequired\":true,\"valueName\":\"search_term_string\"}}],\"inLanguage\":\"es\"},{\"@type\":\"Organization\",\"@id\":\"https:\\\/\\\/www.maprofar.com\\\/tienda\\\/#organization\",\"name\":\"Maprofar S.L.\",\"url\":\"https:\\\/\\\/www.maprofar.com\\\/tienda\\\/\",\"logo\":{\"@type\":\"ImageObject\",\"inLanguage\":\"es\",\"@id\":\"https:\\\/\\\/www.maprofar.com\\\/tienda\\\/#\\\/schema\\\/logo\\\/image\\\/\",\"url\":\"https:\\\/\\\/www.maprofar.com\\\/tienda\\\/wp-content\\\/uploads\\\/2021\\\/05\\\/logo_circulo.jpg\",\"contentUrl\":\"https:\\\/\\\/www.maprofar.com\\\/tienda\\\/wp-content\\\/uploads\\\/2021\\\/05\\\/logo_circulo.jpg\",\"width\":404,\"height\":335,\"caption\":\"Maprofar S.L.\"},\"image\":{\"@id\":\"https:\\\/\\\/www.maprofar.com\\\/tienda\\\/#\\\/schema\\\/logo\\\/image\\\/\"},\"sameAs\":[\"https:\\\/\\\/es-es.facebook.com\\\/maprofar\",\"https:\\\/\\\/www.instagram.com\\\/maprofar_informatica\\\/\",\"https:\\\/\\\/www.pinterest.es\\\/maprofar\\\/\"]}]}<\/script>\n<!-- \/ Yoast SEO Premium plugin. -->","yoast_head_json":{"title":"Filamento 3D ASA - Diametro 1.75mm - Bobina 1kg - Color Rojo - Maprofar - Toner Compatibles y Material de Oficina","description":"Filamento 3D ASA - Diametro 1.75mm - Bobina 1kg - Color Rojo - Ahorra sin sacrificar rendimiento. \u00a1Aprovecha nuestras ofertas y descuentos!","robots":{"index":"index","follow":"follow","max-snippet":"max-snippet:-1","max-image-preview":"max-image-preview:large","max-video-preview":"max-video-preview:-1"},"canonical":"https:\/\/www.maprofar.com\/tienda\/producto\/filamento-3d-asa-diametro-1-75mm-bobina-1kg-color-rojo\/","og_locale":"es_ES","og_type":"article","og_title":"Filamento 3D ASA - Diametro 1.75mm - Bobina 1kg - Color Rojo - Maprofar - Toner Compatibles y Material de Oficina","og_description":"En Maprofar encontrar\u00e1s t\u00f3ner compatibles de calidad y material de oficina al mejor precio. Ahorra sin sacrificar rendimiento. \u00a1Aprovecha nuestras ofertas y descuentos!","og_url":"https:\/\/www.maprofar.com\/tienda\/producto\/filamento-3d-asa-diametro-1-75mm-bobina-1kg-color-rojo\/","og_site_name":"Maprofar - Toner Compatibles y Material de Oficina","article_publisher":"https:\/\/es-es.facebook.com\/maprofar","article_modified_time":"2025-07-03T09:54:37+00:00","og_image":[{"width":600,"height":600,"url":"https:\/\/www.maprofar.com\/tienda\/wp-content\/uploads\/2025\/03\/ASA-Red_1.jpg","type":"image\/jpeg"}],"twitter_card":"summary_large_image","twitter_misc":{"Tiempo de lectura":"2 minutos"},"schema":{"@context":"https:\/\/schema.org","@graph":[{"@type":"WebPage","@id":"https:\/\/www.maprofar.com\/tienda\/producto\/filamento-3d-asa-diametro-1-75mm-bobina-1kg-color-rojo\/","url":"https:\/\/www.maprofar.com\/tienda\/producto\/filamento-3d-asa-diametro-1-75mm-bobina-1kg-color-rojo\/","name":"Filamento 3D ASA - Diametro 1.75mm - Bobina 1kg - Color Rojo - Maprofar - Toner Compatibles y Material de Oficina","isPartOf":{"@id":"https:\/\/www.maprofar.com\/tienda\/#website"},"primaryImageOfPage":{"@id":"https:\/\/www.maprofar.com\/tienda\/producto\/filamento-3d-asa-diametro-1-75mm-bobina-1kg-color-rojo\/#primaryimage"},"image":{"@id":"https:\/\/www.maprofar.com\/tienda\/producto\/filamento-3d-asa-diametro-1-75mm-bobina-1kg-color-rojo\/#primaryimage"},"thumbnailUrl":"https:\/\/www.maprofar.com\/tienda\/wp-content\/uploads\/2025\/03\/ASA-Red_1.jpg","datePublished":"2025-03-05T17:50:05+00:00","dateModified":"2025-07-03T09:54:37+00:00","description":"Filamento 3D ASA - Diametro 1.75mm - Bobina 1kg - Color Rojo - Ahorra sin sacrificar rendimiento. \u00a1Aprovecha nuestras ofertas y descuentos!","breadcrumb":{"@id":"https:\/\/www.maprofar.com\/tienda\/producto\/filamento-3d-asa-diametro-1-75mm-bobina-1kg-color-rojo\/#breadcrumb"},"inLanguage":"es","potentialAction":[{"@type":"ReadAction","target":["https:\/\/www.maprofar.com\/tienda\/producto\/filamento-3d-asa-diametro-1-75mm-bobina-1kg-color-rojo\/"]}]},{"@type":"ImageObject","inLanguage":"es","@id":"https:\/\/www.maprofar.com\/tienda\/producto\/filamento-3d-asa-diametro-1-75mm-bobina-1kg-color-rojo\/#primaryimage","url":"https:\/\/www.maprofar.com\/tienda\/wp-content\/uploads\/2025\/03\/ASA-Red_1.jpg","contentUrl":"https:\/\/www.maprofar.com\/tienda\/wp-content\/uploads\/2025\/03\/ASA-Red_1.jpg","width":600,"height":600,"caption":"Filamento 3D ASA - Diametro 1.75mm - Bobina 1kg - Color Rojo"},{"@type":"BreadcrumbList","@id":"https:\/\/www.maprofar.com\/tienda\/producto\/filamento-3d-asa-diametro-1-75mm-bobina-1kg-color-rojo\/#breadcrumb","itemListElement":[{"@type":"ListItem","position":1,"name":"Portada","item":"https:\/\/www.maprofar.com\/tienda\/"},{"@type":"ListItem","position":2,"name":"Buscador de consumibles","item":"https:\/\/www.maprofar.com\/tienda\/"},{"@type":"ListItem","position":3,"name":"Filamento 3D ASA &#8211; Diametro 1.75mm &#8211; Bobina 1kg &#8211; Color Rojo"}]},{"@type":"WebSite","@id":"https:\/\/www.maprofar.com\/tienda\/#website","url":"https:\/\/www.maprofar.com\/tienda\/","name":"Maprofar - Toner Compatibles y Material de Oficina","description":"Maprofar: Tu Soluci&oacute;n Integral donde comprar T&oacute;ner Compatible y Material de Oficina","publisher":{"@id":"https:\/\/www.maprofar.com\/tienda\/#organization"},"alternateName":"Maprofar Inform\u00e1tica","potentialAction":[{"@type":"SearchAction","target":{"@type":"EntryPoint","urlTemplate":"https:\/\/www.maprofar.com\/tienda\/?s={search_term_string}"},"query-input":{"@type":"PropertyValueSpecification","valueRequired":true,"valueName":"search_term_string"}}],"inLanguage":"es"},{"@type":"Organization","@id":"https:\/\/www.maprofar.com\/tienda\/#organization","name":"Maprofar S.L.","url":"https:\/\/www.maprofar.com\/tienda\/","logo":{"@type":"ImageObject","inLanguage":"es","@id":"https:\/\/www.maprofar.com\/tienda\/#\/schema\/logo\/image\/","url":"https:\/\/www.maprofar.com\/tienda\/wp-content\/uploads\/2021\/05\/logo_circulo.jpg","contentUrl":"https:\/\/www.maprofar.com\/tienda\/wp-content\/uploads\/2021\/05\/logo_circulo.jpg","width":404,"height":335,"caption":"Maprofar S.L."},"image":{"@id":"https:\/\/www.maprofar.com\/tienda\/#\/schema\/logo\/image\/"},"sameAs":["https:\/\/es-es.facebook.com\/maprofar","https:\/\/www.instagram.com\/maprofar_informatica\/","https:\/\/www.pinterest.es\/maprofar\/"]}]}},"_links":{"self":[{"href":"https:\/\/www.maprofar.com\/tienda\/wp-json\/wp\/v2\/product\/11443","targetHints":{"allow":["GET"]}}],"collection":[{"href":"https:\/\/www.maprofar.com\/tienda\/wp-json\/wp\/v2\/product"}],"about":[{"href":"https:\/\/www.maprofar.com\/tienda\/wp-json\/wp\/v2\/types\/product"}],"wp:featuredmedia":[{"embeddable":true,"href":"https:\/\/www.maprofar.com\/tienda\/wp-json\/wp\/v2\/media\/11445"}],"wp:attachment":[{"href":"https:\/\/www.maprofar.com\/tienda\/wp-json\/wp\/v2\/media?parent=11443"}],"wp:term":[{"taxonomy":"product_brand","embeddable":true,"href":"https:\/\/www.maprofar.com\/tienda\/wp-json\/wp\/v2\/product_brand?post=11443"},{"taxonomy":"product_cat","embeddable":true,"href":"https:\/\/www.maprofar.com\/tienda\/wp-json\/wp\/v2\/product_cat?post=11443"},{"taxonomy":"product_tag","embeddable":true,"href":"https:\/\/www.maprofar.com\/tienda\/wp-json\/wp\/v2\/product_tag?post=11443"}],"curies":[{"name":"wp","href":"https:\/\/api.w.org\/{rel}","templated":true}]}}