{"id":11610,"date":"2025-03-06T11:45:13","date_gmt":"2025-03-06T09:45:13","guid":{"rendered":"https:\/\/www.maprofar.com\/tienda\/?post_type=product&#038;p=11610"},"modified":"2025-09-24T13:28:49","modified_gmt":"2025-09-24T11:28:49","slug":"filamento-3d-pla-diametro-1-75mm-bobina-1kg-color-brillo-en-la-oscuridad","status":"publish","type":"product","link":"https:\/\/www.maprofar.com\/tienda\/producto\/filamento-3d-pla-diametro-1-75mm-bobina-1kg-color-brillo-en-la-oscuridad\/","title":{"rendered":"Filamento 3D PLA &#8211; Diametro 1.75mm &#8211; Bobina 1kg &#8211; Color Brillo en la Oscuridad"},"content":{"rendered":"<p>Filamento 3D PLA &#8211; Diametro 1.75mm &#8211; Bobina 1kg &#8211; Color Brillo en la Oscuridad<\/p>\n<p>Filamento PLA GLOW IN THE DARK es un filamento fabricado en Europa para impresoras 3D con tecnolog\u00eda FFF\/FDM. Es biodegradable, obtenido de recursos naturales a partir del almid\u00f3n extra\u00eddo del ma\u00edz, la remolacha y del trigo.<\/p>\n<p>Este filamento incorpora la capacidad de absorber la luz para luego emitirla, haciendo que brille en la oscuridad.<\/p>\n<p>Caracter\u00edsticas:<br \/>\n-Di\u00e1metro de 1.75mm.<br \/>\n-Bobina de 1000 gramos.<\/p>\n<p>Par\u00e1metros de impresi\u00f3n generales:<br \/>\n-Temperatura del nozzle (entre 190\u00baC y 230\u00baC)<br \/>\n-Temperatura de la cama (entre 50\u00baC y 70\u00baC)<br \/>\n-Ventilador: ON (100) %<\/p>\n<p>Propiedades f\u00edsicas:<br \/>\n-Densidad: 1.24 g\/cm3<br \/>\n-Tasa de flujo: 8 g\/10 min (ISO 1133-A)<br \/>\n-Tasa de flujo: 3 g\/10 min (ISO 1133-A)<br \/>\n-Pureza estereoqu\u00edmica: 96 (% L-is\u00f3mero)<br \/>\n-Mon\u00f3mero residual: 0.3% (max)<br \/>\n-Humedad (Coulom\u00e9trico Karl Fisher): 400 (max) ppm<br \/>\n-Temperatura de fusi\u00f3n: 155\u00ba C Tm (DSC)<br \/>\n-Temperatura de transici\u00f3n del cristal: 55-60\u00ba C Tg (DSC)<\/p>\n<p>Propiedades mec\u00e1nicas:<br \/>\n-M\u00f3dulo de tracci\u00f3n: 3500 MPa (ISO 527-1)<br \/>\n-Resistencia a la tracci\u00f3n: 45 MPa (ISO 527-1)<br \/>\n-Tensi\u00f3n al rendimiento: 5% (max) (ISO 527-1)<br \/>\n-Impacto con muescas Charpy 23\u00ba C: \u22645 kJ\/m2 (ISO 179-1eA)<\/p>\n<p><span style=\"color: #999999;\">Comprar Filamento 3D PLA &#8211; Diametro 1.75mm &#8211; Bobina 1kg &#8211; Color Brillo en la Oscuridad<\/span><\/p>\n","protected":false},"excerpt":{"rendered":"<p class=\"titulo_subseccion_da\">CARACTER\u00cdSTICAS<\/p>\n<div class=\"listado_caracteristicas_da\"><span class=\"linea_datos_da\">\u2022 Para uso en:\u00a0<span class=\"gris_400\" title=\"3D\">3D<\/span><\/span><\/div>\n<div class=\"listado_caracteristicas_da\"><span class=\"linea_datos_da\" title=\"Brillo en la oscuridad\">\u2022 Color:\u00a0<span class=\"gris_400\">Brillo en la oscuridad<\/span><\/span><\/div>\n<div class=\"listado_caracteristicas_da\"><span class=\"linea_datos_da\" title=\"\" aria-describedby=\"ui-id-15\">\u2022 Fabricante:\u00a0<span class=\"gris_400\">Gen\u00e9rico<\/span><\/span><\/div>\n<div class=\"listado_caracteristicas_da\"><span class=\"linea_datos_da\" title=\"3D\">\u2022 Tipo:\u00a0<span class=\"gris_400\">3D<\/span><\/span><\/div>\n<div class=\"listado_caracteristicas_da\"><span class=\"linea_datos_da\" title=\"1.75 mm \/ 1 kg\">\u2022 Capacidad:\u00a0<span class=\"gris_400\">1.75 mm \/ 1 kg<\/span><\/span><\/div>\n<div class=\"listado_caracteristicas_da\"><span class=\"linea_datos_da\" title=\"PLA-Glow in the dark\">\u2022 Ref.:\u00a0<span class=\"gris_400\">PLA-Glow in the dark<\/span><\/span><\/div>\n","protected":false},"featured_media":11612,"template":"","meta":[],"product_brand":[],"product_cat":[96],"product_tag":[],"class_list":{"0":"post-11610","1":"product","2":"type-product","3":"status-publish","4":"has-post-thumbnail","6":"product_cat-bobinas-de-filamento","8":"first","9":"instock","10":"taxable","11":"shipping-taxable","12":"purchasable","13":"product-type-simple"},"yoast_head":"<!-- This site is optimized with the Yoast SEO Premium plugin v22.3 (Yoast SEO v27.4) - https:\/\/yoast.com\/product\/yoast-seo-premium-wordpress\/ -->\n<title>Filamento 3D PLA - Diametro 1.75mm - 1kg - Brillo en la Oscuridad<\/title>\n<meta name=\"description\" content=\"Filamento 3D PLA - Diametro 1.75mm - Bobina 1kg - Color Brillo en la Oscuridad - En Maprofar encontrar\u00e1s bobinas de filamento para impresoras 3D al mejor precio.\" \/>\n<meta name=\"robots\" content=\"index, follow, max-snippet:-1, max-image-preview:large, max-video-preview:-1\" \/>\n<link rel=\"canonical\" href=\"https:\/\/www.maprofar.com\/tienda\/producto\/filamento-3d-pla-diametro-1-75mm-bobina-1kg-color-brillo-en-la-oscuridad\/\" \/>\n<meta property=\"og:locale\" content=\"es_ES\" \/>\n<meta property=\"og:type\" content=\"article\" \/>\n<meta property=\"og:title\" content=\"Filamento 3D PLA - Diametro 1.75mm - Bobina 1kg - Color Brillo en la Oscuridad - Maprofar | T\u00f3ner Compatible Brother, HP y Soluciones de Impresi\u00f3n 3D\" \/>\n<meta property=\"og:description\" content=\"En Maprofar encontrar\u00e1s t\u00f3ner compatibles de calidad y material de oficina al mejor precio. Ahorra sin sacrificar rendimiento. \u00a1Aprovecha nuestras ofertas y descuentos!\" \/>\n<meta property=\"og:url\" content=\"https:\/\/www.maprofar.com\/tienda\/producto\/filamento-3d-pla-diametro-1-75mm-bobina-1kg-color-brillo-en-la-oscuridad\/\" \/>\n<meta property=\"og:site_name\" content=\"Maprofar | T\u00f3ner Compatible Brother, HP y Soluciones de Impresi\u00f3n 3D\" \/>\n<meta property=\"article:publisher\" content=\"https:\/\/es-es.facebook.com\/maprofar\" \/>\n<meta property=\"article:modified_time\" content=\"2025-09-24T11:28:49+00:00\" \/>\n<meta property=\"og:image\" content=\"https:\/\/www.maprofar.com\/tienda\/wp-content\/uploads\/2025\/03\/PLA-Glow-in-the-dark_1.jpg\" \/>\n\t<meta property=\"og:image:width\" content=\"600\" \/>\n\t<meta property=\"og:image:height\" content=\"600\" \/>\n\t<meta property=\"og:image:type\" content=\"image\/jpeg\" \/>\n<meta name=\"twitter:card\" content=\"summary_large_image\" \/>\n<meta name=\"twitter:label1\" content=\"Tiempo de lectura\" \/>\n\t<meta name=\"twitter:data1\" content=\"2 minutos\" \/>\n<script type=\"application\/ld+json\" class=\"yoast-schema-graph\">{\"@context\":\"https:\\\/\\\/schema.org\",\"@graph\":[{\"@type\":\"WebPage\",\"@id\":\"https:\\\/\\\/www.maprofar.com\\\/tienda\\\/producto\\\/filamento-3d-pla-diametro-1-75mm-bobina-1kg-color-brillo-en-la-oscuridad\\\/\",\"url\":\"https:\\\/\\\/www.maprofar.com\\\/tienda\\\/producto\\\/filamento-3d-pla-diametro-1-75mm-bobina-1kg-color-brillo-en-la-oscuridad\\\/\",\"name\":\"Filamento 3D PLA - Diametro 1.75mm - 1kg - Brillo en la Oscuridad\",\"isPartOf\":{\"@id\":\"https:\\\/\\\/www.maprofar.com\\\/tienda\\\/#website\"},\"primaryImageOfPage\":{\"@id\":\"https:\\\/\\\/www.maprofar.com\\\/tienda\\\/producto\\\/filamento-3d-pla-diametro-1-75mm-bobina-1kg-color-brillo-en-la-oscuridad\\\/#primaryimage\"},\"image\":{\"@id\":\"https:\\\/\\\/www.maprofar.com\\\/tienda\\\/producto\\\/filamento-3d-pla-diametro-1-75mm-bobina-1kg-color-brillo-en-la-oscuridad\\\/#primaryimage\"},\"thumbnailUrl\":\"https:\\\/\\\/www.maprofar.com\\\/tienda\\\/wp-content\\\/uploads\\\/2025\\\/03\\\/PLA-Glow-in-the-dark_1.jpg\",\"datePublished\":\"2025-03-06T09:45:13+00:00\",\"dateModified\":\"2025-09-24T11:28:49+00:00\",\"description\":\"Filamento 3D PLA - Diametro 1.75mm - Bobina 1kg - Color Brillo en la Oscuridad - En Maprofar encontrar\u00e1s bobinas de filamento para impresoras 3D al mejor precio.\",\"breadcrumb\":{\"@id\":\"https:\\\/\\\/www.maprofar.com\\\/tienda\\\/producto\\\/filamento-3d-pla-diametro-1-75mm-bobina-1kg-color-brillo-en-la-oscuridad\\\/#breadcrumb\"},\"inLanguage\":\"es\",\"potentialAction\":[{\"@type\":\"ReadAction\",\"target\":[\"https:\\\/\\\/www.maprofar.com\\\/tienda\\\/producto\\\/filamento-3d-pla-diametro-1-75mm-bobina-1kg-color-brillo-en-la-oscuridad\\\/\"]}]},{\"@type\":\"ImageObject\",\"inLanguage\":\"es\",\"@id\":\"https:\\\/\\\/www.maprofar.com\\\/tienda\\\/producto\\\/filamento-3d-pla-diametro-1-75mm-bobina-1kg-color-brillo-en-la-oscuridad\\\/#primaryimage\",\"url\":\"https:\\\/\\\/www.maprofar.com\\\/tienda\\\/wp-content\\\/uploads\\\/2025\\\/03\\\/PLA-Glow-in-the-dark_1.jpg\",\"contentUrl\":\"https:\\\/\\\/www.maprofar.com\\\/tienda\\\/wp-content\\\/uploads\\\/2025\\\/03\\\/PLA-Glow-in-the-dark_1.jpg\",\"width\":600,\"height\":600,\"caption\":\"Filamento 3D PLA - Diametro 1.75mm - Bobina 1kg - Color Brillo en la Oscuridad\"},{\"@type\":\"BreadcrumbList\",\"@id\":\"https:\\\/\\\/www.maprofar.com\\\/tienda\\\/producto\\\/filamento-3d-pla-diametro-1-75mm-bobina-1kg-color-brillo-en-la-oscuridad\\\/#breadcrumb\",\"itemListElement\":[{\"@type\":\"ListItem\",\"position\":1,\"name\":\"Portada\",\"item\":\"https:\\\/\\\/www.maprofar.com\\\/tienda\\\/\"},{\"@type\":\"ListItem\",\"position\":2,\"name\":\"Inicio\",\"item\":\"https:\\\/\\\/www.maprofar.com\\\/tienda\\\/\"},{\"@type\":\"ListItem\",\"position\":3,\"name\":\"Filamento 3D PLA &#8211; Diametro 1.75mm &#8211; Bobina 1kg &#8211; Color Brillo en la Oscuridad\"}]},{\"@type\":\"WebSite\",\"@id\":\"https:\\\/\\\/www.maprofar.com\\\/tienda\\\/#website\",\"url\":\"https:\\\/\\\/www.maprofar.com\\\/tienda\\\/\",\"name\":\"Maprofar - Toner Compatibles y Material de Oficina\",\"description\":\"Encuentra en Maprofar tu t\u00f3ner compatible Brother y HP al mejor precio. Calidad garantizada, env\u00edo urgente 24h y asesoramiento t\u00e9cnico experto. \u00a1Vis\u00edtanos!\",\"publisher\":{\"@id\":\"https:\\\/\\\/www.maprofar.com\\\/tienda\\\/#organization\"},\"alternateName\":\"Maprofar Inform\u00e1tica\",\"potentialAction\":[{\"@type\":\"SearchAction\",\"target\":{\"@type\":\"EntryPoint\",\"urlTemplate\":\"https:\\\/\\\/www.maprofar.com\\\/tienda\\\/?s={search_term_string}\"},\"query-input\":{\"@type\":\"PropertyValueSpecification\",\"valueRequired\":true,\"valueName\":\"search_term_string\"}}],\"inLanguage\":\"es\"},{\"@type\":\"Organization\",\"@id\":\"https:\\\/\\\/www.maprofar.com\\\/tienda\\\/#organization\",\"name\":\"Maprofar S.L.\",\"url\":\"https:\\\/\\\/www.maprofar.com\\\/tienda\\\/\",\"logo\":{\"@type\":\"ImageObject\",\"inLanguage\":\"es\",\"@id\":\"https:\\\/\\\/www.maprofar.com\\\/tienda\\\/#\\\/schema\\\/logo\\\/image\\\/\",\"url\":\"https:\\\/\\\/www.maprofar.com\\\/tienda\\\/wp-content\\\/uploads\\\/2021\\\/05\\\/logo_circulo.jpg\",\"contentUrl\":\"https:\\\/\\\/www.maprofar.com\\\/tienda\\\/wp-content\\\/uploads\\\/2021\\\/05\\\/logo_circulo.jpg\",\"width\":404,\"height\":335,\"caption\":\"Maprofar S.L.\"},\"image\":{\"@id\":\"https:\\\/\\\/www.maprofar.com\\\/tienda\\\/#\\\/schema\\\/logo\\\/image\\\/\"},\"sameAs\":[\"https:\\\/\\\/es-es.facebook.com\\\/maprofar\",\"https:\\\/\\\/www.instagram.com\\\/maprofar_informatica\\\/\",\"https:\\\/\\\/www.pinterest.es\\\/maprofar\\\/\"]}]}<\/script>\n<!-- \/ Yoast SEO Premium plugin. -->","yoast_head_json":{"title":"Filamento 3D PLA - Diametro 1.75mm - 1kg - Brillo en la Oscuridad","description":"Filamento 3D PLA - Diametro 1.75mm - Bobina 1kg - Color Brillo en la Oscuridad - En Maprofar encontrar\u00e1s bobinas de filamento para impresoras 3D al mejor precio.","robots":{"index":"index","follow":"follow","max-snippet":"max-snippet:-1","max-image-preview":"max-image-preview:large","max-video-preview":"max-video-preview:-1"},"canonical":"https:\/\/www.maprofar.com\/tienda\/producto\/filamento-3d-pla-diametro-1-75mm-bobina-1kg-color-brillo-en-la-oscuridad\/","og_locale":"es_ES","og_type":"article","og_title":"Filamento 3D PLA - Diametro 1.75mm - Bobina 1kg - Color Brillo en la Oscuridad - Maprofar | T\u00f3ner Compatible Brother, HP y Soluciones de Impresi\u00f3n 3D","og_description":"En Maprofar encontrar\u00e1s t\u00f3ner compatibles de calidad y material de oficina al mejor precio. Ahorra sin sacrificar rendimiento. \u00a1Aprovecha nuestras ofertas y descuentos!","og_url":"https:\/\/www.maprofar.com\/tienda\/producto\/filamento-3d-pla-diametro-1-75mm-bobina-1kg-color-brillo-en-la-oscuridad\/","og_site_name":"Maprofar | T\u00f3ner Compatible Brother, HP y Soluciones de Impresi\u00f3n 3D","article_publisher":"https:\/\/es-es.facebook.com\/maprofar","article_modified_time":"2025-09-24T11:28:49+00:00","og_image":[{"width":600,"height":600,"url":"https:\/\/www.maprofar.com\/tienda\/wp-content\/uploads\/2025\/03\/PLA-Glow-in-the-dark_1.jpg","type":"image\/jpeg"}],"twitter_card":"summary_large_image","twitter_misc":{"Tiempo de lectura":"2 minutos"},"schema":{"@context":"https:\/\/schema.org","@graph":[{"@type":"WebPage","@id":"https:\/\/www.maprofar.com\/tienda\/producto\/filamento-3d-pla-diametro-1-75mm-bobina-1kg-color-brillo-en-la-oscuridad\/","url":"https:\/\/www.maprofar.com\/tienda\/producto\/filamento-3d-pla-diametro-1-75mm-bobina-1kg-color-brillo-en-la-oscuridad\/","name":"Filamento 3D PLA - Diametro 1.75mm - 1kg - Brillo en la Oscuridad","isPartOf":{"@id":"https:\/\/www.maprofar.com\/tienda\/#website"},"primaryImageOfPage":{"@id":"https:\/\/www.maprofar.com\/tienda\/producto\/filamento-3d-pla-diametro-1-75mm-bobina-1kg-color-brillo-en-la-oscuridad\/#primaryimage"},"image":{"@id":"https:\/\/www.maprofar.com\/tienda\/producto\/filamento-3d-pla-diametro-1-75mm-bobina-1kg-color-brillo-en-la-oscuridad\/#primaryimage"},"thumbnailUrl":"https:\/\/www.maprofar.com\/tienda\/wp-content\/uploads\/2025\/03\/PLA-Glow-in-the-dark_1.jpg","datePublished":"2025-03-06T09:45:13+00:00","dateModified":"2025-09-24T11:28:49+00:00","description":"Filamento 3D PLA - Diametro 1.75mm - Bobina 1kg - Color Brillo en la Oscuridad - En Maprofar encontrar\u00e1s bobinas de filamento para impresoras 3D al mejor precio.","breadcrumb":{"@id":"https:\/\/www.maprofar.com\/tienda\/producto\/filamento-3d-pla-diametro-1-75mm-bobina-1kg-color-brillo-en-la-oscuridad\/#breadcrumb"},"inLanguage":"es","potentialAction":[{"@type":"ReadAction","target":["https:\/\/www.maprofar.com\/tienda\/producto\/filamento-3d-pla-diametro-1-75mm-bobina-1kg-color-brillo-en-la-oscuridad\/"]}]},{"@type":"ImageObject","inLanguage":"es","@id":"https:\/\/www.maprofar.com\/tienda\/producto\/filamento-3d-pla-diametro-1-75mm-bobina-1kg-color-brillo-en-la-oscuridad\/#primaryimage","url":"https:\/\/www.maprofar.com\/tienda\/wp-content\/uploads\/2025\/03\/PLA-Glow-in-the-dark_1.jpg","contentUrl":"https:\/\/www.maprofar.com\/tienda\/wp-content\/uploads\/2025\/03\/PLA-Glow-in-the-dark_1.jpg","width":600,"height":600,"caption":"Filamento 3D PLA - Diametro 1.75mm - Bobina 1kg - Color Brillo en la Oscuridad"},{"@type":"BreadcrumbList","@id":"https:\/\/www.maprofar.com\/tienda\/producto\/filamento-3d-pla-diametro-1-75mm-bobina-1kg-color-brillo-en-la-oscuridad\/#breadcrumb","itemListElement":[{"@type":"ListItem","position":1,"name":"Portada","item":"https:\/\/www.maprofar.com\/tienda\/"},{"@type":"ListItem","position":2,"name":"Inicio","item":"https:\/\/www.maprofar.com\/tienda\/"},{"@type":"ListItem","position":3,"name":"Filamento 3D PLA &#8211; Diametro 1.75mm &#8211; Bobina 1kg &#8211; Color Brillo en la Oscuridad"}]},{"@type":"WebSite","@id":"https:\/\/www.maprofar.com\/tienda\/#website","url":"https:\/\/www.maprofar.com\/tienda\/","name":"Maprofar - Toner Compatibles y Material de Oficina","description":"Encuentra en Maprofar tu t\u00f3ner compatible Brother y HP al mejor precio. Calidad garantizada, env\u00edo urgente 24h y asesoramiento t\u00e9cnico experto. \u00a1Vis\u00edtanos!","publisher":{"@id":"https:\/\/www.maprofar.com\/tienda\/#organization"},"alternateName":"Maprofar Inform\u00e1tica","potentialAction":[{"@type":"SearchAction","target":{"@type":"EntryPoint","urlTemplate":"https:\/\/www.maprofar.com\/tienda\/?s={search_term_string}"},"query-input":{"@type":"PropertyValueSpecification","valueRequired":true,"valueName":"search_term_string"}}],"inLanguage":"es"},{"@type":"Organization","@id":"https:\/\/www.maprofar.com\/tienda\/#organization","name":"Maprofar S.L.","url":"https:\/\/www.maprofar.com\/tienda\/","logo":{"@type":"ImageObject","inLanguage":"es","@id":"https:\/\/www.maprofar.com\/tienda\/#\/schema\/logo\/image\/","url":"https:\/\/www.maprofar.com\/tienda\/wp-content\/uploads\/2021\/05\/logo_circulo.jpg","contentUrl":"https:\/\/www.maprofar.com\/tienda\/wp-content\/uploads\/2021\/05\/logo_circulo.jpg","width":404,"height":335,"caption":"Maprofar S.L."},"image":{"@id":"https:\/\/www.maprofar.com\/tienda\/#\/schema\/logo\/image\/"},"sameAs":["https:\/\/es-es.facebook.com\/maprofar","https:\/\/www.instagram.com\/maprofar_informatica\/","https:\/\/www.pinterest.es\/maprofar\/"]}]}},"_links":{"self":[{"href":"https:\/\/www.maprofar.com\/tienda\/wp-json\/wp\/v2\/product\/11610","targetHints":{"allow":["GET"]}}],"collection":[{"href":"https:\/\/www.maprofar.com\/tienda\/wp-json\/wp\/v2\/product"}],"about":[{"href":"https:\/\/www.maprofar.com\/tienda\/wp-json\/wp\/v2\/types\/product"}],"wp:featuredmedia":[{"embeddable":true,"href":"https:\/\/www.maprofar.com\/tienda\/wp-json\/wp\/v2\/media\/11612"}],"wp:attachment":[{"href":"https:\/\/www.maprofar.com\/tienda\/wp-json\/wp\/v2\/media?parent=11610"}],"wp:term":[{"taxonomy":"product_brand","embeddable":true,"href":"https:\/\/www.maprofar.com\/tienda\/wp-json\/wp\/v2\/product_brand?post=11610"},{"taxonomy":"product_cat","embeddable":true,"href":"https:\/\/www.maprofar.com\/tienda\/wp-json\/wp\/v2\/product_cat?post=11610"},{"taxonomy":"product_tag","embeddable":true,"href":"https:\/\/www.maprofar.com\/tienda\/wp-json\/wp\/v2\/product_tag?post=11610"}],"curies":[{"name":"wp","href":"https:\/\/api.w.org\/{rel}","templated":true}]}}