{"id":11616,"date":"2025-03-06T12:07:19","date_gmt":"2025-03-06T10:07:19","guid":{"rendered":"https:\/\/www.maprofar.com\/tienda\/?post_type=product&#038;p=11616"},"modified":"2026-04-15T02:01:54","modified_gmt":"2026-04-15T01:01:54","slug":"brother-ads1300-escaner-documental-1200-x-1200-dpi-duplex-hasta-20ppm-alimentador-automatico","status":"publish","type":"product","link":"https:\/\/www.maprofar.com\/tienda\/producto\/brother-ads1300-escaner-documental-1200-x-1200-dpi-duplex-hasta-20ppm-alimentador-automatico\/","title":{"rendered":"Brother ADS1300 Escaner Documental 1200 x 1200 DPI Duplex &#8211; Hasta 20ppm &#8211; Alimentador Automatico"},"content":{"rendered":"<p>Brother ADS1300 Escaner Documental 1200 x 1200 DPI Duplex &#8211; Hasta 20ppm &#8211; Alimentador Automatico<\/p>\n<p>Esc\u00e1ner departamental compacto con ADF y ranura para tarjetas, escaneado a doble cara autom\u00e1tico y alimentaci\u00f3n por USB.<\/p>\n<p>Caracter\u00edsticas:<\/p>\n<p>-Tama\u00f1o m\u00e1ximo de escaneado: 215,9 x 355,6 mm<br \/>\n-Resoluci\u00f3n \u00f3ptica de esc\u00e1ner: 1200 x 1200 DPI<br \/>\n-Velocidad de escaneo ADF (b\/n, A4): 20 ppm<\/p>\n<p>Especificaciones:<\/p>\n<p>Exploraci\u00f3n<\/p>\n<p>-Tama\u00f1o m\u00e1ximo de escaneado: 215,9 x 355,6 mm<br \/>\n-Resoluci\u00f3n \u00f3ptica de esc\u00e1ner: 1200 x 1200 DPI<br \/>\n-Escaneado d\u00faplex: Si<br \/>\n-Niveles en escala de gris: 256<br \/>\n-Velocidad de escaneo ADF (b\/n, A4): 20 ppm<\/p>\n<p>Dise\u00f1o:<\/p>\n<p>-Tipo de escaneado: Esc\u00e1ner con alimentador autom\u00e1tico de documentos (ADF)<br \/>\n-Pantalla incorporada: Si<br \/>\n-Color del producto: Blanco<br \/>\n-Pantalla: LED<br \/>\n-Tipo de control: Botones<\/p>\n<p>Desempe\u00f1o:<\/p>\n<p>-Escanear a: PC<br \/>\n-Controladores de escaneado: ICA, SANE, TWAIN, WIA<\/p>\n<p>Direcci\u00f3n de papel:<\/p>\n<p>-Tama\u00f1o m\u00e1ximo de papel ISO A-series: A4<br \/>\n-Tipos de media soportados de escaneo: Tarjeta de visita, Tarjeta de pl\u00e1stico, Papel grueso, Papel normal, Papel reciclado, Papel fino<br \/>\n-Espesor de la tarjeta (m\u00e1x.): 1,24 mm<br \/>\n-Peso del papel: 51,8 &#8211; 128 g\/m\u00b2<\/p>\n<p>Puertos e Interfaces:<\/p>\n<p>-Puerto USB: Si<br \/>\n-Versi\u00f3n USB: 2.0<br \/>\n-Conector USB: USB Tipo C<\/p>\n<p>Control de energ\u00eda:<\/p>\n<p>-Consumo energ\u00e9tico: 11 W<br \/>\n-Consumo de energ\u00eda (apagado): 0,1 W<\/p>\n<p>Condiciones ambientales:<\/p>\n<p>-Intervalo de temperatura operativa: 5 &#8211; 35 \u00b0C<br \/>\n-Intervalo de humedad relativa para funcionamiento: 20 &#8211; 80%<\/p>\n<p>Peso y dimensiones:<\/p>\n<p>-Ancho: 288 mm<br \/>\n-Profundidad: 101 mm<br \/>\n-Altura: 85 mm<br \/>\n-Peso: 1,37 kg<\/p>\n<p><span style=\"color: #999999;\">Comprar Brother ADS1300 Escaner Documental 1200 x 1200 DPI Duplex &#8211; Hasta 20ppm &#8211; Alimentador Automatico<\/span><\/p>\n","protected":false},"excerpt":{"rendered":"<p class=\"titulo_subseccion_da\">CARACTER\u00cdSTICAS<\/p>\n<div class=\"listado_caracteristicas_da\"><span class=\"linea_datos_da\">\u2022 Marca:\u00a0<span class=\"gris_400\" title=\"Brother\">Brother<\/span><\/span><\/div>\n<div class=\"listado_caracteristicas_da\"><span class=\"linea_datos_da\" title=\"Blanco\">\u2022 Color:\u00a0<span class=\"gris_400\">Blanco<\/span><\/span><\/div>\n<div class=\"listado_caracteristicas_da\"><span class=\"linea_datos_da\" title=\"BROTHER\">\u2022 Fabricante:\u00a0<span class=\"gris_400\">BROTHER<\/span><\/span><\/div>\n<div class=\"listado_caracteristicas_da\"><span class=\"linea_datos_da\" title=\"\" aria-describedby=\"ui-id-10\">\u2022 Ref.:\u00a0<span class=\"gris_400\">ADS1300<\/span><\/span><\/div>\n","protected":false},"featured_media":11618,"template":"","meta":[],"product_brand":[],"product_cat":[193],"product_tag":[],"class_list":{"0":"post-11616","1":"product","2":"type-product","3":"status-publish","4":"has-post-thumbnail","6":"product_cat-escaner","8":"first","9":"instock","10":"taxable","11":"shipping-taxable","12":"purchasable","13":"product-type-simple"},"yoast_head":"<!-- This site is optimized with the Yoast SEO Premium plugin v22.3 (Yoast SEO v27.4) - https:\/\/yoast.com\/product\/yoast-seo-premium-wordpress\/ -->\n<title>Brother ADS1300 Escaner Documental 1200 x 1200 DPI Duplex<\/title>\n<meta name=\"description\" content=\"Brother ADS1300 Escaner Documental 1200 x 1200 DPI Duplex - Hasta 20ppm - Alimentador Automatico - En Maprofar encontrar\u00e1s esc\u00e1ner al mejor precio.\" \/>\n<meta name=\"robots\" content=\"index, follow, max-snippet:-1, max-image-preview:large, max-video-preview:-1\" \/>\n<link rel=\"canonical\" href=\"https:\/\/www.maprofar.com\/tienda\/producto\/brother-ads1300-escaner-documental-1200-x-1200-dpi-duplex-hasta-20ppm-alimentador-automatico\/\" \/>\n<meta property=\"og:locale\" content=\"es_ES\" \/>\n<meta property=\"og:type\" content=\"article\" \/>\n<meta property=\"og:title\" content=\"Brother ADS1300 Escaner Documental 1200 x 1200 DPI Duplex - Hasta 20ppm - Alimentador Automatico - Maprofar | T\u00f3ner Compatible Brother, HP y Soluciones de Impresi\u00f3n 3D\" \/>\n<meta property=\"og:description\" content=\"En Maprofar encontrar\u00e1s t\u00f3ner compatibles de calidad y material de oficina al mejor precio. Ahorra sin sacrificar rendimiento. \u00a1Aprovecha nuestras ofertas y descuentos!\" \/>\n<meta property=\"og:url\" content=\"https:\/\/www.maprofar.com\/tienda\/producto\/brother-ads1300-escaner-documental-1200-x-1200-dpi-duplex-hasta-20ppm-alimentador-automatico\/\" \/>\n<meta property=\"og:site_name\" content=\"Maprofar | T\u00f3ner Compatible Brother, HP y Soluciones de Impresi\u00f3n 3D\" \/>\n<meta property=\"article:publisher\" content=\"https:\/\/es-es.facebook.com\/maprofar\" \/>\n<meta property=\"article:modified_time\" content=\"2026-04-15T01:01:54+00:00\" \/>\n<meta property=\"og:image\" content=\"https:\/\/www.maprofar.com\/tienda\/wp-content\/uploads\/2025\/03\/ADS1300_1.jpg\" \/>\n\t<meta property=\"og:image:width\" content=\"464\" \/>\n\t<meta property=\"og:image:height\" content=\"600\" \/>\n\t<meta property=\"og:image:type\" content=\"image\/jpeg\" \/>\n<meta name=\"twitter:card\" content=\"summary_large_image\" \/>\n<meta name=\"twitter:label1\" content=\"Tiempo de lectura\" \/>\n\t<meta name=\"twitter:data1\" content=\"2 minutos\" \/>\n<script type=\"application\/ld+json\" class=\"yoast-schema-graph\">{\"@context\":\"https:\\\/\\\/schema.org\",\"@graph\":[{\"@type\":\"WebPage\",\"@id\":\"https:\\\/\\\/www.maprofar.com\\\/tienda\\\/producto\\\/brother-ads1300-escaner-documental-1200-x-1200-dpi-duplex-hasta-20ppm-alimentador-automatico\\\/\",\"url\":\"https:\\\/\\\/www.maprofar.com\\\/tienda\\\/producto\\\/brother-ads1300-escaner-documental-1200-x-1200-dpi-duplex-hasta-20ppm-alimentador-automatico\\\/\",\"name\":\"Brother ADS1300 Escaner Documental 1200 x 1200 DPI Duplex\",\"isPartOf\":{\"@id\":\"https:\\\/\\\/www.maprofar.com\\\/tienda\\\/#website\"},\"primaryImageOfPage\":{\"@id\":\"https:\\\/\\\/www.maprofar.com\\\/tienda\\\/producto\\\/brother-ads1300-escaner-documental-1200-x-1200-dpi-duplex-hasta-20ppm-alimentador-automatico\\\/#primaryimage\"},\"image\":{\"@id\":\"https:\\\/\\\/www.maprofar.com\\\/tienda\\\/producto\\\/brother-ads1300-escaner-documental-1200-x-1200-dpi-duplex-hasta-20ppm-alimentador-automatico\\\/#primaryimage\"},\"thumbnailUrl\":\"https:\\\/\\\/www.maprofar.com\\\/tienda\\\/wp-content\\\/uploads\\\/2025\\\/03\\\/ADS1300_1.jpg\",\"datePublished\":\"2025-03-06T10:07:19+00:00\",\"dateModified\":\"2026-04-15T01:01:54+00:00\",\"description\":\"Brother ADS1300 Escaner Documental 1200 x 1200 DPI Duplex - Hasta 20ppm - Alimentador Automatico - En Maprofar encontrar\u00e1s esc\u00e1ner al mejor precio.\",\"breadcrumb\":{\"@id\":\"https:\\\/\\\/www.maprofar.com\\\/tienda\\\/producto\\\/brother-ads1300-escaner-documental-1200-x-1200-dpi-duplex-hasta-20ppm-alimentador-automatico\\\/#breadcrumb\"},\"inLanguage\":\"es\",\"potentialAction\":[{\"@type\":\"ReadAction\",\"target\":[\"https:\\\/\\\/www.maprofar.com\\\/tienda\\\/producto\\\/brother-ads1300-escaner-documental-1200-x-1200-dpi-duplex-hasta-20ppm-alimentador-automatico\\\/\"]}]},{\"@type\":\"ImageObject\",\"inLanguage\":\"es\",\"@id\":\"https:\\\/\\\/www.maprofar.com\\\/tienda\\\/producto\\\/brother-ads1300-escaner-documental-1200-x-1200-dpi-duplex-hasta-20ppm-alimentador-automatico\\\/#primaryimage\",\"url\":\"https:\\\/\\\/www.maprofar.com\\\/tienda\\\/wp-content\\\/uploads\\\/2025\\\/03\\\/ADS1300_1.jpg\",\"contentUrl\":\"https:\\\/\\\/www.maprofar.com\\\/tienda\\\/wp-content\\\/uploads\\\/2025\\\/03\\\/ADS1300_1.jpg\",\"width\":464,\"height\":600,\"caption\":\"Brother ADS1300 Escaner Documental 1200 x 1200 DPI Duplex\"},{\"@type\":\"BreadcrumbList\",\"@id\":\"https:\\\/\\\/www.maprofar.com\\\/tienda\\\/producto\\\/brother-ads1300-escaner-documental-1200-x-1200-dpi-duplex-hasta-20ppm-alimentador-automatico\\\/#breadcrumb\",\"itemListElement\":[{\"@type\":\"ListItem\",\"position\":1,\"name\":\"Portada\",\"item\":\"https:\\\/\\\/www.maprofar.com\\\/tienda\\\/\"},{\"@type\":\"ListItem\",\"position\":2,\"name\":\"Inicio\",\"item\":\"https:\\\/\\\/www.maprofar.com\\\/tienda\\\/\"},{\"@type\":\"ListItem\",\"position\":3,\"name\":\"Brother ADS1300 Escaner Documental 1200 x 1200 DPI Duplex &#8211; Hasta 20ppm &#8211; Alimentador Automatico\"}]},{\"@type\":\"WebSite\",\"@id\":\"https:\\\/\\\/www.maprofar.com\\\/tienda\\\/#website\",\"url\":\"https:\\\/\\\/www.maprofar.com\\\/tienda\\\/\",\"name\":\"Maprofar - Toner Compatibles y Material de Oficina\",\"description\":\"Encuentra en Maprofar tu t\u00f3ner compatible Brother y HP al mejor precio. Calidad garantizada, env\u00edo urgente 24h y asesoramiento t\u00e9cnico experto. \u00a1Vis\u00edtanos!\",\"publisher\":{\"@id\":\"https:\\\/\\\/www.maprofar.com\\\/tienda\\\/#organization\"},\"alternateName\":\"Maprofar Inform\u00e1tica\",\"potentialAction\":[{\"@type\":\"SearchAction\",\"target\":{\"@type\":\"EntryPoint\",\"urlTemplate\":\"https:\\\/\\\/www.maprofar.com\\\/tienda\\\/?s={search_term_string}\"},\"query-input\":{\"@type\":\"PropertyValueSpecification\",\"valueRequired\":true,\"valueName\":\"search_term_string\"}}],\"inLanguage\":\"es\"},{\"@type\":\"Organization\",\"@id\":\"https:\\\/\\\/www.maprofar.com\\\/tienda\\\/#organization\",\"name\":\"Maprofar S.L.\",\"url\":\"https:\\\/\\\/www.maprofar.com\\\/tienda\\\/\",\"logo\":{\"@type\":\"ImageObject\",\"inLanguage\":\"es\",\"@id\":\"https:\\\/\\\/www.maprofar.com\\\/tienda\\\/#\\\/schema\\\/logo\\\/image\\\/\",\"url\":\"https:\\\/\\\/www.maprofar.com\\\/tienda\\\/wp-content\\\/uploads\\\/2021\\\/05\\\/logo_circulo.jpg\",\"contentUrl\":\"https:\\\/\\\/www.maprofar.com\\\/tienda\\\/wp-content\\\/uploads\\\/2021\\\/05\\\/logo_circulo.jpg\",\"width\":404,\"height\":335,\"caption\":\"Maprofar S.L.\"},\"image\":{\"@id\":\"https:\\\/\\\/www.maprofar.com\\\/tienda\\\/#\\\/schema\\\/logo\\\/image\\\/\"},\"sameAs\":[\"https:\\\/\\\/es-es.facebook.com\\\/maprofar\",\"https:\\\/\\\/www.instagram.com\\\/maprofar_informatica\\\/\",\"https:\\\/\\\/www.pinterest.es\\\/maprofar\\\/\"]}]}<\/script>\n<!-- \/ Yoast SEO Premium plugin. -->","yoast_head_json":{"title":"Brother ADS1300 Escaner Documental 1200 x 1200 DPI Duplex","description":"Brother ADS1300 Escaner Documental 1200 x 1200 DPI Duplex - Hasta 20ppm - Alimentador Automatico - En Maprofar encontrar\u00e1s esc\u00e1ner al mejor precio.","robots":{"index":"index","follow":"follow","max-snippet":"max-snippet:-1","max-image-preview":"max-image-preview:large","max-video-preview":"max-video-preview:-1"},"canonical":"https:\/\/www.maprofar.com\/tienda\/producto\/brother-ads1300-escaner-documental-1200-x-1200-dpi-duplex-hasta-20ppm-alimentador-automatico\/","og_locale":"es_ES","og_type":"article","og_title":"Brother ADS1300 Escaner Documental 1200 x 1200 DPI Duplex - Hasta 20ppm - Alimentador Automatico - Maprofar | T\u00f3ner Compatible Brother, HP y Soluciones de Impresi\u00f3n 3D","og_description":"En Maprofar encontrar\u00e1s t\u00f3ner compatibles de calidad y material de oficina al mejor precio. Ahorra sin sacrificar rendimiento. \u00a1Aprovecha nuestras ofertas y descuentos!","og_url":"https:\/\/www.maprofar.com\/tienda\/producto\/brother-ads1300-escaner-documental-1200-x-1200-dpi-duplex-hasta-20ppm-alimentador-automatico\/","og_site_name":"Maprofar | T\u00f3ner Compatible Brother, HP y Soluciones de Impresi\u00f3n 3D","article_publisher":"https:\/\/es-es.facebook.com\/maprofar","article_modified_time":"2026-04-15T01:01:54+00:00","og_image":[{"width":464,"height":600,"url":"https:\/\/www.maprofar.com\/tienda\/wp-content\/uploads\/2025\/03\/ADS1300_1.jpg","type":"image\/jpeg"}],"twitter_card":"summary_large_image","twitter_misc":{"Tiempo de lectura":"2 minutos"},"schema":{"@context":"https:\/\/schema.org","@graph":[{"@type":"WebPage","@id":"https:\/\/www.maprofar.com\/tienda\/producto\/brother-ads1300-escaner-documental-1200-x-1200-dpi-duplex-hasta-20ppm-alimentador-automatico\/","url":"https:\/\/www.maprofar.com\/tienda\/producto\/brother-ads1300-escaner-documental-1200-x-1200-dpi-duplex-hasta-20ppm-alimentador-automatico\/","name":"Brother ADS1300 Escaner Documental 1200 x 1200 DPI Duplex","isPartOf":{"@id":"https:\/\/www.maprofar.com\/tienda\/#website"},"primaryImageOfPage":{"@id":"https:\/\/www.maprofar.com\/tienda\/producto\/brother-ads1300-escaner-documental-1200-x-1200-dpi-duplex-hasta-20ppm-alimentador-automatico\/#primaryimage"},"image":{"@id":"https:\/\/www.maprofar.com\/tienda\/producto\/brother-ads1300-escaner-documental-1200-x-1200-dpi-duplex-hasta-20ppm-alimentador-automatico\/#primaryimage"},"thumbnailUrl":"https:\/\/www.maprofar.com\/tienda\/wp-content\/uploads\/2025\/03\/ADS1300_1.jpg","datePublished":"2025-03-06T10:07:19+00:00","dateModified":"2026-04-15T01:01:54+00:00","description":"Brother ADS1300 Escaner Documental 1200 x 1200 DPI Duplex - Hasta 20ppm - Alimentador Automatico - En Maprofar encontrar\u00e1s esc\u00e1ner al mejor precio.","breadcrumb":{"@id":"https:\/\/www.maprofar.com\/tienda\/producto\/brother-ads1300-escaner-documental-1200-x-1200-dpi-duplex-hasta-20ppm-alimentador-automatico\/#breadcrumb"},"inLanguage":"es","potentialAction":[{"@type":"ReadAction","target":["https:\/\/www.maprofar.com\/tienda\/producto\/brother-ads1300-escaner-documental-1200-x-1200-dpi-duplex-hasta-20ppm-alimentador-automatico\/"]}]},{"@type":"ImageObject","inLanguage":"es","@id":"https:\/\/www.maprofar.com\/tienda\/producto\/brother-ads1300-escaner-documental-1200-x-1200-dpi-duplex-hasta-20ppm-alimentador-automatico\/#primaryimage","url":"https:\/\/www.maprofar.com\/tienda\/wp-content\/uploads\/2025\/03\/ADS1300_1.jpg","contentUrl":"https:\/\/www.maprofar.com\/tienda\/wp-content\/uploads\/2025\/03\/ADS1300_1.jpg","width":464,"height":600,"caption":"Brother ADS1300 Escaner Documental 1200 x 1200 DPI Duplex"},{"@type":"BreadcrumbList","@id":"https:\/\/www.maprofar.com\/tienda\/producto\/brother-ads1300-escaner-documental-1200-x-1200-dpi-duplex-hasta-20ppm-alimentador-automatico\/#breadcrumb","itemListElement":[{"@type":"ListItem","position":1,"name":"Portada","item":"https:\/\/www.maprofar.com\/tienda\/"},{"@type":"ListItem","position":2,"name":"Inicio","item":"https:\/\/www.maprofar.com\/tienda\/"},{"@type":"ListItem","position":3,"name":"Brother ADS1300 Escaner Documental 1200 x 1200 DPI Duplex &#8211; Hasta 20ppm &#8211; Alimentador Automatico"}]},{"@type":"WebSite","@id":"https:\/\/www.maprofar.com\/tienda\/#website","url":"https:\/\/www.maprofar.com\/tienda\/","name":"Maprofar - Toner Compatibles y Material de Oficina","description":"Encuentra en Maprofar tu t\u00f3ner compatible Brother y HP al mejor precio. Calidad garantizada, env\u00edo urgente 24h y asesoramiento t\u00e9cnico experto. \u00a1Vis\u00edtanos!","publisher":{"@id":"https:\/\/www.maprofar.com\/tienda\/#organization"},"alternateName":"Maprofar Inform\u00e1tica","potentialAction":[{"@type":"SearchAction","target":{"@type":"EntryPoint","urlTemplate":"https:\/\/www.maprofar.com\/tienda\/?s={search_term_string}"},"query-input":{"@type":"PropertyValueSpecification","valueRequired":true,"valueName":"search_term_string"}}],"inLanguage":"es"},{"@type":"Organization","@id":"https:\/\/www.maprofar.com\/tienda\/#organization","name":"Maprofar S.L.","url":"https:\/\/www.maprofar.com\/tienda\/","logo":{"@type":"ImageObject","inLanguage":"es","@id":"https:\/\/www.maprofar.com\/tienda\/#\/schema\/logo\/image\/","url":"https:\/\/www.maprofar.com\/tienda\/wp-content\/uploads\/2021\/05\/logo_circulo.jpg","contentUrl":"https:\/\/www.maprofar.com\/tienda\/wp-content\/uploads\/2021\/05\/logo_circulo.jpg","width":404,"height":335,"caption":"Maprofar S.L."},"image":{"@id":"https:\/\/www.maprofar.com\/tienda\/#\/schema\/logo\/image\/"},"sameAs":["https:\/\/es-es.facebook.com\/maprofar","https:\/\/www.instagram.com\/maprofar_informatica\/","https:\/\/www.pinterest.es\/maprofar\/"]}]}},"_links":{"self":[{"href":"https:\/\/www.maprofar.com\/tienda\/wp-json\/wp\/v2\/product\/11616","targetHints":{"allow":["GET"]}}],"collection":[{"href":"https:\/\/www.maprofar.com\/tienda\/wp-json\/wp\/v2\/product"}],"about":[{"href":"https:\/\/www.maprofar.com\/tienda\/wp-json\/wp\/v2\/types\/product"}],"wp:featuredmedia":[{"embeddable":true,"href":"https:\/\/www.maprofar.com\/tienda\/wp-json\/wp\/v2\/media\/11618"}],"wp:attachment":[{"href":"https:\/\/www.maprofar.com\/tienda\/wp-json\/wp\/v2\/media?parent=11616"}],"wp:term":[{"taxonomy":"product_brand","embeddable":true,"href":"https:\/\/www.maprofar.com\/tienda\/wp-json\/wp\/v2\/product_brand?post=11616"},{"taxonomy":"product_cat","embeddable":true,"href":"https:\/\/www.maprofar.com\/tienda\/wp-json\/wp\/v2\/product_cat?post=11616"},{"taxonomy":"product_tag","embeddable":true,"href":"https:\/\/www.maprofar.com\/tienda\/wp-json\/wp\/v2\/product_tag?post=11616"}],"curies":[{"name":"wp","href":"https:\/\/api.w.org\/{rel}","templated":true}]}}