{"id":11622,"date":"2025-03-06T13:20:09","date_gmt":"2025-03-06T11:20:09","guid":{"rendered":"https:\/\/www.maprofar.com\/tienda\/?post_type=product&#038;p=11622"},"modified":"2026-02-16T19:14:16","modified_gmt":"2026-02-16T18:14:16","slug":"brother-ecopro-dcp-l3520cdwe-impresora-multifuncion-color-laser-led-wifi-duplex-18ppm","status":"publish","type":"product","link":"https:\/\/www.maprofar.com\/tienda\/producto\/brother-ecopro-dcp-l3520cdwe-impresora-multifuncion-color-laser-led-wifi-duplex-18ppm\/","title":{"rendered":"Brother EcoPro DCP-L3520CDWE Impresora Multifuncion Color Laser LED WiFi Duplex 18ppm"},"content":{"rendered":"<p>Brother EcoPro DCP-L3520CDWE Impresora Multifuncion Color Laser LED WiFi Duplex 18ppm<\/p>\n<p>Los entornos de trabajo en la oficina o en el hogar cambian continuamente con el objetivo de aumentar la eficiencia y la productividad. Por eso con la DCP-L3520CDWE cuentas con un dispositivo fiable que imprime r\u00e1pidamente y sin esfuerzo.<\/p>\n<p>Disfruta de EcoPro, el programa de suscripci\u00f3n de consumibles de Brother, que te permite ahorrar en tus costes de impresi\u00f3n con entrega autom\u00e1tica de consumibles cuando tu equipo lo necesite y garant\u00eda ilimitada mientras dure tu suscripci\u00f3n.<\/p>\n<p>Caracteristicas:<\/p>\n<p>-Impresi\u00f3n a doble cara autom\u00e1tica hasta 7 caras por minuto<br \/>\n-Panel de control LCD de 2 l\u00edneas<br \/>\n-Conexi\u00f3n WiFi 5GHz y USB<br \/>\n-512 MB de memoria interna<br \/>\n-Bandeja de entrada de papel de 250 hojas<br \/>\n-Opci\u00f3n de contar con consumibles un rendimiento superior de hasta 3.000 p\u00e1ginas en negro y 2.300 en color.<\/p>\n<p>Especificaciones:<\/p>\n<p>Velocidad de la impresi\u00f3n:<\/p>\n<p>-Modo de impresi\u00f3n a doble cara: Auto<br \/>\n-Tecnolog\u00eda de impresi\u00f3n: LED<br \/>\n-Impresi\u00f3n: Impresi\u00f3n a color<br \/>\n-Impresi\u00f3n d\u00faplex: Si<br \/>\n-Resoluci\u00f3n m\u00e1xima: 600 x 2400 DPI<br \/>\n-Velocidad de impresi\u00f3n (negro, calidad normal, A4\/US Carta): 18 ppm<br \/>\n-Velocidad de impresi\u00f3n (color, calidad normal, A4\/US Carta): 18 ppm<br \/>\n-Tiempo hasta primera p\u00e1gina (negro, normal): 15 s<br \/>\n-Impresi\u00f3n segura: Si<\/p>\n<p>Copiado:<\/p>\n<p>-Copiando: Copia a color<br \/>\n-Resoluci\u00f3n m\u00e1xima de copia: 600 x 600 DPI<br \/>\n-Velocidad de copiado (negro, calidad normal, A4): 18 cpm<br \/>\n-Velocidad de copia (calidad normal, color, A4): 18 cpm<\/p>\n<p>Exploraci\u00f3n:<\/p>\n<p>-Escaneando: Escaneo a color<br \/>\n-Resoluci\u00f3n \u00f3ptica de esc\u00e1ner: 1200 x 1200 DPI<br \/>\n-Tecnolog\u00eda de escaneado: CIS<br \/>\n-Escanear a: Correo electr\u00f3nico, FTP, Archivo, Imagen, Network folder, OCR, SMB<\/p>\n<p>Fax:<\/p>\n<p>-Enviando por fax: No<\/p>\n<p>Caracter\u00edsticas:<\/p>\n<p>-Ciclo de trabajo (m\u00e1ximo): 3000 p\u00e1ginas por mes<br \/>\n-Funciones d\u00faplex: Imprimir<br \/>\n-N\u00famero de cartuchos de impresi\u00f3n: 4<br \/>\n-Colores de impresi\u00f3n: Negro, Cian, Magenta, Amarillo<br \/>\n-Lenguajes de descripci\u00f3n de p\u00e1ginas: BR-Script 3, PCL 5c, PCL 5e, PCL 6, PDF 1.7, XPS<\/p>\n<p>Capacidad de entrada y salida:<\/p>\n<p>-N\u00famero total de bandejas de entrada: 1<br \/>\n-Capacidad de entrada total: 250 hojas<br \/>\n-Capacidad de salida total: 150 hojas<br \/>\n-Bandeja multifunci\u00f3n: Si<br \/>\n-Capacidad de entrada de bandeja multiuso: 1 hojas<\/p>\n<p>Direcci\u00f3n de papel:<\/p>\n<p>-Tama\u00f1o m\u00e1ximo de papel ISO A-series: A4<br \/>\n-Tipos de papel: Papel bond, Sobres, Papel satinado, Etiquetas, Papel normal, Papel reciclado, Papel grueso, Papel fino<br \/>\n-ISO tama\u00f1o de serie A (A0&#8230;A9): A4, A5, A6<br \/>\n-ISO tama\u00f1o de serie B (B0&#8230;B9): B5<br \/>\n-Tama\u00f1o de impresora No-ISO: Ejecutivo, Folio, Legal, Carta<br \/>\n-Tama\u00f1o de series JIS B (B0&#8230;B9): B5, B6<br \/>\n-Tama\u00f1o de sobres: C5, Com-10, DL, Monarch<br \/>\n-Formato a medida, ancho: 76,2 &#8211; 216 mm<br \/>\n-Formato a medida, largo: 116 &#8211; 355,6 mm<\/p>\n<p>Puertos e Interfaces:<\/p>\n<p>-Puerto USB: Si<br \/>\n-Cantidad de puertos USB 2.0: 1<\/p>\n<p>Conexi\u00f3n:<\/p>\n<p>-Wifi: Si<br \/>\n-Ethernet: No<br \/>\n-Wi-Fi est\u00e1ndares: 802.11a, 802.11b, 802.11g, Wi-Fi 4 (802.11n)<br \/>\n-Wi-Fi Direct: Si<br \/>\n-Algoritmos de seguridad soportados: 64-bit WEP, 128-bit WEP, 802.1x RADIUS, AES, APOP, IPSec, SMTP-AUTH, SNMPv3, SSL\/TLS, TKIP, WPA-PSK, WPA2-PSK, WPA3-SAE<\/p>\n<p>Desempe\u00f1o:<\/p>\n<p>-Memoria interna: 512 MB<br \/>\n-Nivel de presi\u00f3n ac\u00fastica (impresi\u00f3n): 46 dB<br \/>\n-Nivel de presi\u00f3n ac\u00fastica (inactiva): 43 dB<br \/>\n-Nivel de potencia ac\u00fastica (impresi\u00f3n): 6,21 dB<br \/>\n-Nivel de potencia ac\u00fastica (en reposo): 5,89 dB<\/p>\n<p>Peso y dimensiones:<\/p>\n<p>-Ancho: 410 mm<br \/>\n-Profundidad: 444 mm<br \/>\n-Altura: 355 mm<br \/>\n-Peso: 18,6 kg<\/p>\n<p><span style=\"color: #999999;\">Comprar Brother EcoPro DCP-L3520CDWE Impresora Multifuncion Color Laser LED WiFi Duplex 18ppm<\/span><\/p>\n","protected":false},"excerpt":{"rendered":"<p class=\"titulo_subseccion_da\">CARACTER\u00cdSTICAS<\/p>\n<div class=\"listado_caracteristicas_da\"><span class=\"linea_datos_da\">\u2022 Marca:\u00a0<span class=\"gris_400\" title=\"Brother\">Brother<\/span><\/span><\/div>\n<div class=\"listado_caracteristicas_da\"><span class=\"linea_datos_da\" title=\"Blanco\/Gris\">\u2022 Color:\u00a0<span class=\"gris_400\">Blanco\/Gris<\/span><\/span><\/div>\n<div class=\"listado_caracteristicas_da\"><span class=\"linea_datos_da\" title=\"BROTHER\">\u2022 Fabricante:\u00a0<span class=\"gris_400\">BROTHER<\/span><\/span><\/div>\n<div class=\"listado_caracteristicas_da\"><span class=\"linea_datos_da\" title=\"\" aria-describedby=\"ui-id-12\">\u2022 Ref.:\u00a0<span class=\"gris_400\">DCPL3520CDWE<\/span><\/span><\/div>\n","protected":false},"featured_media":11624,"template":"","meta":[],"product_brand":[],"product_cat":[192],"product_tag":[308,227,223,320,319],"class_list":{"0":"post-11622","1":"product","2":"type-product","3":"status-publish","4":"has-post-thumbnail","6":"product_cat-impresoras-multifuncion","7":"product_tag-impresora-brother-laser","8":"product_tag-impresora-brother-laser-wifi","9":"product_tag-impresora-laser-color","10":"product_tag-impresora-multifuncion","11":"product_tag-impresora-multifuncion-laser-color","13":"first","14":"instock","15":"taxable","16":"shipping-taxable","17":"purchasable","18":"product-type-simple"},"yoast_head":"<!-- This site is optimized with the Yoast SEO Premium plugin v22.3 (Yoast SEO v27.4) - https:\/\/yoast.com\/product\/yoast-seo-premium-wordpress\/ -->\n<title>Brother EcoPro DCP-L3520CDWE Impresora Multifuncion Color<\/title>\n<meta name=\"description\" content=\"Brother EcoPro DCP-L3520CDWE Impresora Multifuncion Color Laser LED WiFi Duplex 18ppm - En Maprofar encontrar\u00e1s impresoras multifunci\u00f3n al mejor precio.\" \/>\n<meta name=\"robots\" content=\"index, follow, max-snippet:-1, max-image-preview:large, max-video-preview:-1\" \/>\n<link rel=\"canonical\" href=\"https:\/\/www.maprofar.com\/tienda\/producto\/brother-ecopro-dcp-l3520cdwe-impresora-multifuncion-color-laser-led-wifi-duplex-18ppm\/\" \/>\n<meta property=\"og:locale\" content=\"es_ES\" \/>\n<meta property=\"og:type\" content=\"article\" \/>\n<meta property=\"og:title\" content=\"Brother EcoPro DCP-L3520CDWE Impresora Multifuncion Color Laser LED WiFi Duplex 18ppm - Maprofar | T\u00f3ner Compatible Brother, HP y Soluciones de Impresi\u00f3n 3D\" \/>\n<meta property=\"og:description\" content=\"En Maprofar encontrar\u00e1s t\u00f3ner compatibles de calidad y material de oficina al mejor precio. Ahorra sin sacrificar rendimiento. \u00a1Aprovecha nuestras ofertas y descuentos!\" \/>\n<meta property=\"og:url\" content=\"https:\/\/www.maprofar.com\/tienda\/producto\/brother-ecopro-dcp-l3520cdwe-impresora-multifuncion-color-laser-led-wifi-duplex-18ppm\/\" \/>\n<meta property=\"og:site_name\" content=\"Maprofar | T\u00f3ner Compatible Brother, HP y Soluciones de Impresi\u00f3n 3D\" \/>\n<meta property=\"article:publisher\" content=\"https:\/\/es-es.facebook.com\/maprofar\" \/>\n<meta property=\"article:modified_time\" content=\"2026-02-16T18:14:16+00:00\" \/>\n<meta property=\"og:image\" content=\"https:\/\/www.maprofar.com\/tienda\/wp-content\/uploads\/2025\/03\/DCPL3520CDWE_1.jpg\" \/>\n\t<meta property=\"og:image:width\" content=\"530\" \/>\n\t<meta property=\"og:image:height\" content=\"530\" \/>\n\t<meta property=\"og:image:type\" content=\"image\/jpeg\" \/>\n<meta name=\"twitter:card\" content=\"summary_large_image\" \/>\n<meta name=\"twitter:label1\" content=\"Tiempo de lectura\" \/>\n\t<meta name=\"twitter:data1\" content=\"3 minutos\" \/>\n<script type=\"application\/ld+json\" class=\"yoast-schema-graph\">{\"@context\":\"https:\\\/\\\/schema.org\",\"@graph\":[{\"@type\":\"WebPage\",\"@id\":\"https:\\\/\\\/www.maprofar.com\\\/tienda\\\/producto\\\/brother-ecopro-dcp-l3520cdwe-impresora-multifuncion-color-laser-led-wifi-duplex-18ppm\\\/\",\"url\":\"https:\\\/\\\/www.maprofar.com\\\/tienda\\\/producto\\\/brother-ecopro-dcp-l3520cdwe-impresora-multifuncion-color-laser-led-wifi-duplex-18ppm\\\/\",\"name\":\"Brother EcoPro DCP-L3520CDWE Impresora Multifuncion Color\",\"isPartOf\":{\"@id\":\"https:\\\/\\\/www.maprofar.com\\\/tienda\\\/#website\"},\"primaryImageOfPage\":{\"@id\":\"https:\\\/\\\/www.maprofar.com\\\/tienda\\\/producto\\\/brother-ecopro-dcp-l3520cdwe-impresora-multifuncion-color-laser-led-wifi-duplex-18ppm\\\/#primaryimage\"},\"image\":{\"@id\":\"https:\\\/\\\/www.maprofar.com\\\/tienda\\\/producto\\\/brother-ecopro-dcp-l3520cdwe-impresora-multifuncion-color-laser-led-wifi-duplex-18ppm\\\/#primaryimage\"},\"thumbnailUrl\":\"https:\\\/\\\/www.maprofar.com\\\/tienda\\\/wp-content\\\/uploads\\\/2025\\\/03\\\/DCPL3520CDWE_1.jpg\",\"datePublished\":\"2025-03-06T11:20:09+00:00\",\"dateModified\":\"2026-02-16T18:14:16+00:00\",\"description\":\"Brother EcoPro DCP-L3520CDWE Impresora Multifuncion Color Laser LED WiFi Duplex 18ppm - En Maprofar encontrar\u00e1s impresoras multifunci\u00f3n al mejor precio.\",\"breadcrumb\":{\"@id\":\"https:\\\/\\\/www.maprofar.com\\\/tienda\\\/producto\\\/brother-ecopro-dcp-l3520cdwe-impresora-multifuncion-color-laser-led-wifi-duplex-18ppm\\\/#breadcrumb\"},\"inLanguage\":\"es\",\"potentialAction\":[{\"@type\":\"ReadAction\",\"target\":[\"https:\\\/\\\/www.maprofar.com\\\/tienda\\\/producto\\\/brother-ecopro-dcp-l3520cdwe-impresora-multifuncion-color-laser-led-wifi-duplex-18ppm\\\/\"]}]},{\"@type\":\"ImageObject\",\"inLanguage\":\"es\",\"@id\":\"https:\\\/\\\/www.maprofar.com\\\/tienda\\\/producto\\\/brother-ecopro-dcp-l3520cdwe-impresora-multifuncion-color-laser-led-wifi-duplex-18ppm\\\/#primaryimage\",\"url\":\"https:\\\/\\\/www.maprofar.com\\\/tienda\\\/wp-content\\\/uploads\\\/2025\\\/03\\\/DCPL3520CDWE_1.jpg\",\"contentUrl\":\"https:\\\/\\\/www.maprofar.com\\\/tienda\\\/wp-content\\\/uploads\\\/2025\\\/03\\\/DCPL3520CDWE_1.jpg\",\"width\":530,\"height\":530,\"caption\":\"Brother EcoPro DCP-L3520CDWE Impresora Multifuncion Color Laser\"},{\"@type\":\"BreadcrumbList\",\"@id\":\"https:\\\/\\\/www.maprofar.com\\\/tienda\\\/producto\\\/brother-ecopro-dcp-l3520cdwe-impresora-multifuncion-color-laser-led-wifi-duplex-18ppm\\\/#breadcrumb\",\"itemListElement\":[{\"@type\":\"ListItem\",\"position\":1,\"name\":\"Portada\",\"item\":\"https:\\\/\\\/www.maprofar.com\\\/tienda\\\/\"},{\"@type\":\"ListItem\",\"position\":2,\"name\":\"Inicio\",\"item\":\"https:\\\/\\\/www.maprofar.com\\\/tienda\\\/\"},{\"@type\":\"ListItem\",\"position\":3,\"name\":\"Brother EcoPro DCP-L3520CDWE Impresora Multifuncion Color Laser LED WiFi Duplex 18ppm\"}]},{\"@type\":\"WebSite\",\"@id\":\"https:\\\/\\\/www.maprofar.com\\\/tienda\\\/#website\",\"url\":\"https:\\\/\\\/www.maprofar.com\\\/tienda\\\/\",\"name\":\"Maprofar - Toner Compatibles y Material de Oficina\",\"description\":\"Encuentra en Maprofar tu t\u00f3ner compatible Brother y HP al mejor precio. Calidad garantizada, env\u00edo urgente 24h y asesoramiento t\u00e9cnico experto. \u00a1Vis\u00edtanos!\",\"publisher\":{\"@id\":\"https:\\\/\\\/www.maprofar.com\\\/tienda\\\/#organization\"},\"alternateName\":\"Maprofar Inform\u00e1tica\",\"potentialAction\":[{\"@type\":\"SearchAction\",\"target\":{\"@type\":\"EntryPoint\",\"urlTemplate\":\"https:\\\/\\\/www.maprofar.com\\\/tienda\\\/?s={search_term_string}\"},\"query-input\":{\"@type\":\"PropertyValueSpecification\",\"valueRequired\":true,\"valueName\":\"search_term_string\"}}],\"inLanguage\":\"es\"},{\"@type\":\"Organization\",\"@id\":\"https:\\\/\\\/www.maprofar.com\\\/tienda\\\/#organization\",\"name\":\"Maprofar S.L.\",\"url\":\"https:\\\/\\\/www.maprofar.com\\\/tienda\\\/\",\"logo\":{\"@type\":\"ImageObject\",\"inLanguage\":\"es\",\"@id\":\"https:\\\/\\\/www.maprofar.com\\\/tienda\\\/#\\\/schema\\\/logo\\\/image\\\/\",\"url\":\"https:\\\/\\\/www.maprofar.com\\\/tienda\\\/wp-content\\\/uploads\\\/2021\\\/05\\\/logo_circulo.jpg\",\"contentUrl\":\"https:\\\/\\\/www.maprofar.com\\\/tienda\\\/wp-content\\\/uploads\\\/2021\\\/05\\\/logo_circulo.jpg\",\"width\":404,\"height\":335,\"caption\":\"Maprofar S.L.\"},\"image\":{\"@id\":\"https:\\\/\\\/www.maprofar.com\\\/tienda\\\/#\\\/schema\\\/logo\\\/image\\\/\"},\"sameAs\":[\"https:\\\/\\\/es-es.facebook.com\\\/maprofar\",\"https:\\\/\\\/www.instagram.com\\\/maprofar_informatica\\\/\",\"https:\\\/\\\/www.pinterest.es\\\/maprofar\\\/\"]}]}<\/script>\n<!-- \/ Yoast SEO Premium plugin. -->","yoast_head_json":{"title":"Brother EcoPro DCP-L3520CDWE Impresora Multifuncion Color","description":"Brother EcoPro DCP-L3520CDWE Impresora Multifuncion Color Laser LED WiFi Duplex 18ppm - En Maprofar encontrar\u00e1s impresoras multifunci\u00f3n al mejor precio.","robots":{"index":"index","follow":"follow","max-snippet":"max-snippet:-1","max-image-preview":"max-image-preview:large","max-video-preview":"max-video-preview:-1"},"canonical":"https:\/\/www.maprofar.com\/tienda\/producto\/brother-ecopro-dcp-l3520cdwe-impresora-multifuncion-color-laser-led-wifi-duplex-18ppm\/","og_locale":"es_ES","og_type":"article","og_title":"Brother EcoPro DCP-L3520CDWE Impresora Multifuncion Color Laser LED WiFi Duplex 18ppm - Maprofar | T\u00f3ner Compatible Brother, HP y Soluciones de Impresi\u00f3n 3D","og_description":"En Maprofar encontrar\u00e1s t\u00f3ner compatibles de calidad y material de oficina al mejor precio. Ahorra sin sacrificar rendimiento. \u00a1Aprovecha nuestras ofertas y descuentos!","og_url":"https:\/\/www.maprofar.com\/tienda\/producto\/brother-ecopro-dcp-l3520cdwe-impresora-multifuncion-color-laser-led-wifi-duplex-18ppm\/","og_site_name":"Maprofar | T\u00f3ner Compatible Brother, HP y Soluciones de Impresi\u00f3n 3D","article_publisher":"https:\/\/es-es.facebook.com\/maprofar","article_modified_time":"2026-02-16T18:14:16+00:00","og_image":[{"width":530,"height":530,"url":"https:\/\/www.maprofar.com\/tienda\/wp-content\/uploads\/2025\/03\/DCPL3520CDWE_1.jpg","type":"image\/jpeg"}],"twitter_card":"summary_large_image","twitter_misc":{"Tiempo de lectura":"3 minutos"},"schema":{"@context":"https:\/\/schema.org","@graph":[{"@type":"WebPage","@id":"https:\/\/www.maprofar.com\/tienda\/producto\/brother-ecopro-dcp-l3520cdwe-impresora-multifuncion-color-laser-led-wifi-duplex-18ppm\/","url":"https:\/\/www.maprofar.com\/tienda\/producto\/brother-ecopro-dcp-l3520cdwe-impresora-multifuncion-color-laser-led-wifi-duplex-18ppm\/","name":"Brother EcoPro DCP-L3520CDWE Impresora Multifuncion Color","isPartOf":{"@id":"https:\/\/www.maprofar.com\/tienda\/#website"},"primaryImageOfPage":{"@id":"https:\/\/www.maprofar.com\/tienda\/producto\/brother-ecopro-dcp-l3520cdwe-impresora-multifuncion-color-laser-led-wifi-duplex-18ppm\/#primaryimage"},"image":{"@id":"https:\/\/www.maprofar.com\/tienda\/producto\/brother-ecopro-dcp-l3520cdwe-impresora-multifuncion-color-laser-led-wifi-duplex-18ppm\/#primaryimage"},"thumbnailUrl":"https:\/\/www.maprofar.com\/tienda\/wp-content\/uploads\/2025\/03\/DCPL3520CDWE_1.jpg","datePublished":"2025-03-06T11:20:09+00:00","dateModified":"2026-02-16T18:14:16+00:00","description":"Brother EcoPro DCP-L3520CDWE Impresora Multifuncion Color Laser LED WiFi Duplex 18ppm - En Maprofar encontrar\u00e1s impresoras multifunci\u00f3n al mejor precio.","breadcrumb":{"@id":"https:\/\/www.maprofar.com\/tienda\/producto\/brother-ecopro-dcp-l3520cdwe-impresora-multifuncion-color-laser-led-wifi-duplex-18ppm\/#breadcrumb"},"inLanguage":"es","potentialAction":[{"@type":"ReadAction","target":["https:\/\/www.maprofar.com\/tienda\/producto\/brother-ecopro-dcp-l3520cdwe-impresora-multifuncion-color-laser-led-wifi-duplex-18ppm\/"]}]},{"@type":"ImageObject","inLanguage":"es","@id":"https:\/\/www.maprofar.com\/tienda\/producto\/brother-ecopro-dcp-l3520cdwe-impresora-multifuncion-color-laser-led-wifi-duplex-18ppm\/#primaryimage","url":"https:\/\/www.maprofar.com\/tienda\/wp-content\/uploads\/2025\/03\/DCPL3520CDWE_1.jpg","contentUrl":"https:\/\/www.maprofar.com\/tienda\/wp-content\/uploads\/2025\/03\/DCPL3520CDWE_1.jpg","width":530,"height":530,"caption":"Brother EcoPro DCP-L3520CDWE Impresora Multifuncion Color Laser"},{"@type":"BreadcrumbList","@id":"https:\/\/www.maprofar.com\/tienda\/producto\/brother-ecopro-dcp-l3520cdwe-impresora-multifuncion-color-laser-led-wifi-duplex-18ppm\/#breadcrumb","itemListElement":[{"@type":"ListItem","position":1,"name":"Portada","item":"https:\/\/www.maprofar.com\/tienda\/"},{"@type":"ListItem","position":2,"name":"Inicio","item":"https:\/\/www.maprofar.com\/tienda\/"},{"@type":"ListItem","position":3,"name":"Brother EcoPro DCP-L3520CDWE Impresora Multifuncion Color Laser LED WiFi Duplex 18ppm"}]},{"@type":"WebSite","@id":"https:\/\/www.maprofar.com\/tienda\/#website","url":"https:\/\/www.maprofar.com\/tienda\/","name":"Maprofar - Toner Compatibles y Material de Oficina","description":"Encuentra en Maprofar tu t\u00f3ner compatible Brother y HP al mejor precio. Calidad garantizada, env\u00edo urgente 24h y asesoramiento t\u00e9cnico experto. \u00a1Vis\u00edtanos!","publisher":{"@id":"https:\/\/www.maprofar.com\/tienda\/#organization"},"alternateName":"Maprofar Inform\u00e1tica","potentialAction":[{"@type":"SearchAction","target":{"@type":"EntryPoint","urlTemplate":"https:\/\/www.maprofar.com\/tienda\/?s={search_term_string}"},"query-input":{"@type":"PropertyValueSpecification","valueRequired":true,"valueName":"search_term_string"}}],"inLanguage":"es"},{"@type":"Organization","@id":"https:\/\/www.maprofar.com\/tienda\/#organization","name":"Maprofar S.L.","url":"https:\/\/www.maprofar.com\/tienda\/","logo":{"@type":"ImageObject","inLanguage":"es","@id":"https:\/\/www.maprofar.com\/tienda\/#\/schema\/logo\/image\/","url":"https:\/\/www.maprofar.com\/tienda\/wp-content\/uploads\/2021\/05\/logo_circulo.jpg","contentUrl":"https:\/\/www.maprofar.com\/tienda\/wp-content\/uploads\/2021\/05\/logo_circulo.jpg","width":404,"height":335,"caption":"Maprofar S.L."},"image":{"@id":"https:\/\/www.maprofar.com\/tienda\/#\/schema\/logo\/image\/"},"sameAs":["https:\/\/es-es.facebook.com\/maprofar","https:\/\/www.instagram.com\/maprofar_informatica\/","https:\/\/www.pinterest.es\/maprofar\/"]}]}},"_links":{"self":[{"href":"https:\/\/www.maprofar.com\/tienda\/wp-json\/wp\/v2\/product\/11622","targetHints":{"allow":["GET"]}}],"collection":[{"href":"https:\/\/www.maprofar.com\/tienda\/wp-json\/wp\/v2\/product"}],"about":[{"href":"https:\/\/www.maprofar.com\/tienda\/wp-json\/wp\/v2\/types\/product"}],"wp:featuredmedia":[{"embeddable":true,"href":"https:\/\/www.maprofar.com\/tienda\/wp-json\/wp\/v2\/media\/11624"}],"wp:attachment":[{"href":"https:\/\/www.maprofar.com\/tienda\/wp-json\/wp\/v2\/media?parent=11622"}],"wp:term":[{"taxonomy":"product_brand","embeddable":true,"href":"https:\/\/www.maprofar.com\/tienda\/wp-json\/wp\/v2\/product_brand?post=11622"},{"taxonomy":"product_cat","embeddable":true,"href":"https:\/\/www.maprofar.com\/tienda\/wp-json\/wp\/v2\/product_cat?post=11622"},{"taxonomy":"product_tag","embeddable":true,"href":"https:\/\/www.maprofar.com\/tienda\/wp-json\/wp\/v2\/product_tag?post=11622"}],"curies":[{"name":"wp","href":"https:\/\/api.w.org\/{rel}","templated":true}]}}