{"id":11647,"date":"2025-03-06T21:28:26","date_gmt":"2025-03-06T19:28:26","guid":{"rendered":"https:\/\/www.maprofar.com\/tienda\/?post_type=product&#038;p=11647"},"modified":"2025-11-12T20:03:06","modified_gmt":"2025-11-12T19:03:06","slug":"oqonos-rollo-de-papel-termico-80x80x12mm-libre-de-bpa-fsc","status":"publish","type":"product","link":"https:\/\/www.maprofar.com\/tienda\/producto\/oqonos-rollo-de-papel-termico-80x80x12mm-libre-de-bpa-fsc\/","title":{"rendered":"Oqonos Rollo de Papel Termico 80x80x12mm, Libre de BPA, FSC"},"content":{"rendered":"<p>Oqonos Rollo de Papel Termico 80x80x12mm, Libre de BPA, FSC<\/p>\n<p>Nuestros Rollos de Papel T\u00e9rmico son una soluci\u00f3n para la impresi\u00f3n de tickets y recibos en tu negocio. Con un tama\u00f1o est\u00e1ndar, este rollo es compatible con la mayor\u00eda de las impresoras t\u00e9rmicas utilizadas en puntos de venta, asegurando un rendimiento consistente y eficiente.<\/p>\n<p>Gracias a su tecnolog\u00eda de transferencia t\u00e9rmica, la impresi\u00f3n se realiza de manera clara y precisa, haciendo que la superficie del papel se oscurezca al contacto con el calor. Este proceso garantiza que tus tickets sean legibles y duraderos.<\/p>\n<p>Estos Rollos de Papel T\u00e9rmico son especialmente adecuados para dat\u00e1fonos y otros sistemas de punto de venta que requieren una impresi\u00f3n clara y confiable. Su bajo residuo lo convierte en una opci\u00f3n pr\u00e1ctica y econ\u00f3mica para cualquier tipo de negocio.<\/p>\n<p>Conf\u00eda en nuestros Rollos de Papel T\u00e9rmico para mantener tus operaciones diarias funcionando sin contratiempos, con la calidad y fiabilidad que necesitas en cada impresi\u00f3n.<\/p>\n<p>Este papel t\u00e9rmico est\u00e1 fabricado sin Bisfenol A (BPA Free), garantizando la seguridad tanto para el usuario como para los clientes. Adem\u00e1s, cuenta con la certificaci\u00f3n FSC, lo que asegura que proviene de fuentes responsables y sostenibles, contribuyendo al cuidado del medio ambiente.<\/p>\n<p>Especificaciones:<\/p>\n<p>-Tama\u00f1o: 80 mm de ancho x 80 mm de di\u00e1metro x 12 mm de mandril<br \/>\n-Gramaje: 65 g\/m\u00b2<br \/>\n-Color: Blanco<br \/>\n-M\u00e9todo de Impresi\u00f3n: Transferencia t\u00e9rmica<br \/>\n-Sin bisfenol A (BPA free).<br \/>\n-Certificaci\u00f3n FSC.<\/p>\n<p><span style=\"color: #999999;\">Comprar Oqonos Rollo de Papel Termico 80x80x12mm, Libre de BPA, FSC<\/span><\/p>\n","protected":false},"excerpt":{"rendered":"<p class=\"titulo_subseccion_da\">CARACTER\u00cdSTICAS<\/p>\n<div class=\"listado_caracteristicas_da\"><span class=\"linea_datos_da\">\u2022 Marca:\u00a0<span class=\"gris_400\" title=\"Oqonos\">Oqonos<\/span><\/span><\/div>\n<div class=\"listado_caracteristicas_da\"><span class=\"linea_datos_da\" title=\"Blanco\">\u2022 Color:\u00a0<span class=\"gris_400\">Blanco<\/span><\/span><\/div>\n<div class=\"listado_caracteristicas_da\"><span class=\"linea_datos_da\" title=\"Oqonos\">\u2022 Fabricante:\u00a0<span class=\"gris_400\">Oqonos<\/span><\/span><\/div>\n<div class=\"listado_caracteristicas_da\"><span class=\"linea_datos_da\" title=\"\" aria-describedby=\"ui-id-11\">\u2022 Ref.:\u00a0<span class=\"gris_400\">OQ-TP80x80<\/span><\/span><\/div>\n","protected":false},"featured_media":11649,"template":"","meta":[],"product_brand":[],"product_cat":[106],"product_tag":[],"class_list":{"0":"post-11647","1":"product","2":"type-product","3":"status-publish","4":"has-post-thumbnail","6":"product_cat-rollos-de-papel-termico","8":"first","9":"instock","10":"taxable","11":"shipping-taxable","12":"purchasable","13":"product-type-simple"},"yoast_head":"<!-- This site is optimized with the Yoast SEO Premium plugin v22.3 (Yoast SEO v27.4) - https:\/\/yoast.com\/product\/yoast-seo-premium-wordpress\/ -->\n<title>Oqonos Rollo de Papel Termico 80x80x12mm, Libre de BPA, FSC - Maprofar | T\u00f3ner Compatible Brother, HP y Soluciones de Impresi\u00f3n 3D<\/title>\n<meta name=\"description\" content=\"Oqonos Rollo de Papel Termico 80x80x12mm, Libre de BPA, FSC - En Maprofar encontrar\u00e1s material de oficina al mejor precio. \u00a1Aprovecha nuestras ofertas!\" \/>\n<meta name=\"robots\" content=\"index, follow, max-snippet:-1, max-image-preview:large, max-video-preview:-1\" \/>\n<link rel=\"canonical\" href=\"https:\/\/www.maprofar.com\/tienda\/producto\/oqonos-rollo-de-papel-termico-80x80x12mm-libre-de-bpa-fsc\/\" \/>\n<meta property=\"og:locale\" content=\"es_ES\" \/>\n<meta property=\"og:type\" content=\"article\" \/>\n<meta property=\"og:title\" content=\"Oqonos Rollo de Papel Termico 80x80x12mm, Libre de BPA, FSC - Maprofar | T\u00f3ner Compatible Brother, HP y Soluciones de Impresi\u00f3n 3D\" \/>\n<meta property=\"og:description\" content=\"En Maprofar encontrar\u00e1s t\u00f3ner compatibles de calidad y material de oficina al mejor precio. Ahorra sin sacrificar rendimiento. \u00a1Aprovecha nuestras ofertas y descuentos!\" \/>\n<meta property=\"og:url\" content=\"https:\/\/www.maprofar.com\/tienda\/producto\/oqonos-rollo-de-papel-termico-80x80x12mm-libre-de-bpa-fsc\/\" \/>\n<meta property=\"og:site_name\" content=\"Maprofar | T\u00f3ner Compatible Brother, HP y Soluciones de Impresi\u00f3n 3D\" \/>\n<meta property=\"article:publisher\" content=\"https:\/\/es-es.facebook.com\/maprofar\" \/>\n<meta property=\"article:modified_time\" content=\"2025-11-12T19:03:06+00:00\" \/>\n<meta property=\"og:image\" content=\"https:\/\/www.maprofar.com\/tienda\/wp-content\/uploads\/2025\/03\/OQ-TP80x80.jpg\" \/>\n\t<meta property=\"og:image:width\" content=\"600\" \/>\n\t<meta property=\"og:image:height\" content=\"600\" \/>\n\t<meta property=\"og:image:type\" content=\"image\/jpeg\" \/>\n<meta name=\"twitter:card\" content=\"summary_large_image\" \/>\n<meta name=\"twitter:label1\" content=\"Tiempo de lectura\" \/>\n\t<meta name=\"twitter:data1\" content=\"2 minutos\" \/>\n<script type=\"application\/ld+json\" class=\"yoast-schema-graph\">{\"@context\":\"https:\\\/\\\/schema.org\",\"@graph\":[{\"@type\":\"WebPage\",\"@id\":\"https:\\\/\\\/www.maprofar.com\\\/tienda\\\/producto\\\/oqonos-rollo-de-papel-termico-80x80x12mm-libre-de-bpa-fsc\\\/\",\"url\":\"https:\\\/\\\/www.maprofar.com\\\/tienda\\\/producto\\\/oqonos-rollo-de-papel-termico-80x80x12mm-libre-de-bpa-fsc\\\/\",\"name\":\"Oqonos Rollo de Papel Termico 80x80x12mm, Libre de BPA, FSC - Maprofar | T\u00f3ner Compatible Brother, HP y Soluciones de Impresi\u00f3n 3D\",\"isPartOf\":{\"@id\":\"https:\\\/\\\/www.maprofar.com\\\/tienda\\\/#website\"},\"primaryImageOfPage\":{\"@id\":\"https:\\\/\\\/www.maprofar.com\\\/tienda\\\/producto\\\/oqonos-rollo-de-papel-termico-80x80x12mm-libre-de-bpa-fsc\\\/#primaryimage\"},\"image\":{\"@id\":\"https:\\\/\\\/www.maprofar.com\\\/tienda\\\/producto\\\/oqonos-rollo-de-papel-termico-80x80x12mm-libre-de-bpa-fsc\\\/#primaryimage\"},\"thumbnailUrl\":\"https:\\\/\\\/www.maprofar.com\\\/tienda\\\/wp-content\\\/uploads\\\/2025\\\/03\\\/OQ-TP80x80.jpg\",\"datePublished\":\"2025-03-06T19:28:26+00:00\",\"dateModified\":\"2025-11-12T19:03:06+00:00\",\"description\":\"Oqonos Rollo de Papel Termico 80x80x12mm, Libre de BPA, FSC - En Maprofar encontrar\u00e1s material de oficina al mejor precio. \u00a1Aprovecha nuestras ofertas!\",\"breadcrumb\":{\"@id\":\"https:\\\/\\\/www.maprofar.com\\\/tienda\\\/producto\\\/oqonos-rollo-de-papel-termico-80x80x12mm-libre-de-bpa-fsc\\\/#breadcrumb\"},\"inLanguage\":\"es\",\"potentialAction\":[{\"@type\":\"ReadAction\",\"target\":[\"https:\\\/\\\/www.maprofar.com\\\/tienda\\\/producto\\\/oqonos-rollo-de-papel-termico-80x80x12mm-libre-de-bpa-fsc\\\/\"]}]},{\"@type\":\"ImageObject\",\"inLanguage\":\"es\",\"@id\":\"https:\\\/\\\/www.maprofar.com\\\/tienda\\\/producto\\\/oqonos-rollo-de-papel-termico-80x80x12mm-libre-de-bpa-fsc\\\/#primaryimage\",\"url\":\"https:\\\/\\\/www.maprofar.com\\\/tienda\\\/wp-content\\\/uploads\\\/2025\\\/03\\\/OQ-TP80x80.jpg\",\"contentUrl\":\"https:\\\/\\\/www.maprofar.com\\\/tienda\\\/wp-content\\\/uploads\\\/2025\\\/03\\\/OQ-TP80x80.jpg\",\"width\":600,\"height\":600,\"caption\":\"Oqonos Rollo de Papel Termico 80x80x12mm\"},{\"@type\":\"BreadcrumbList\",\"@id\":\"https:\\\/\\\/www.maprofar.com\\\/tienda\\\/producto\\\/oqonos-rollo-de-papel-termico-80x80x12mm-libre-de-bpa-fsc\\\/#breadcrumb\",\"itemListElement\":[{\"@type\":\"ListItem\",\"position\":1,\"name\":\"Portada\",\"item\":\"https:\\\/\\\/www.maprofar.com\\\/tienda\\\/\"},{\"@type\":\"ListItem\",\"position\":2,\"name\":\"Inicio\",\"item\":\"https:\\\/\\\/www.maprofar.com\\\/tienda\\\/\"},{\"@type\":\"ListItem\",\"position\":3,\"name\":\"Oqonos Rollo de Papel Termico 80x80x12mm, Libre de BPA, FSC\"}]},{\"@type\":\"WebSite\",\"@id\":\"https:\\\/\\\/www.maprofar.com\\\/tienda\\\/#website\",\"url\":\"https:\\\/\\\/www.maprofar.com\\\/tienda\\\/\",\"name\":\"Maprofar - Toner Compatibles y Material de Oficina\",\"description\":\"Encuentra en Maprofar tu t\u00f3ner compatible Brother y HP al mejor precio. Calidad garantizada, env\u00edo urgente 24h y asesoramiento t\u00e9cnico experto. \u00a1Vis\u00edtanos!\",\"publisher\":{\"@id\":\"https:\\\/\\\/www.maprofar.com\\\/tienda\\\/#organization\"},\"alternateName\":\"Maprofar Inform\u00e1tica\",\"potentialAction\":[{\"@type\":\"SearchAction\",\"target\":{\"@type\":\"EntryPoint\",\"urlTemplate\":\"https:\\\/\\\/www.maprofar.com\\\/tienda\\\/?s={search_term_string}\"},\"query-input\":{\"@type\":\"PropertyValueSpecification\",\"valueRequired\":true,\"valueName\":\"search_term_string\"}}],\"inLanguage\":\"es\"},{\"@type\":\"Organization\",\"@id\":\"https:\\\/\\\/www.maprofar.com\\\/tienda\\\/#organization\",\"name\":\"Maprofar S.L.\",\"url\":\"https:\\\/\\\/www.maprofar.com\\\/tienda\\\/\",\"logo\":{\"@type\":\"ImageObject\",\"inLanguage\":\"es\",\"@id\":\"https:\\\/\\\/www.maprofar.com\\\/tienda\\\/#\\\/schema\\\/logo\\\/image\\\/\",\"url\":\"https:\\\/\\\/www.maprofar.com\\\/tienda\\\/wp-content\\\/uploads\\\/2021\\\/05\\\/logo_circulo.jpg\",\"contentUrl\":\"https:\\\/\\\/www.maprofar.com\\\/tienda\\\/wp-content\\\/uploads\\\/2021\\\/05\\\/logo_circulo.jpg\",\"width\":404,\"height\":335,\"caption\":\"Maprofar S.L.\"},\"image\":{\"@id\":\"https:\\\/\\\/www.maprofar.com\\\/tienda\\\/#\\\/schema\\\/logo\\\/image\\\/\"},\"sameAs\":[\"https:\\\/\\\/es-es.facebook.com\\\/maprofar\",\"https:\\\/\\\/www.instagram.com\\\/maprofar_informatica\\\/\",\"https:\\\/\\\/www.pinterest.es\\\/maprofar\\\/\"]}]}<\/script>\n<!-- \/ Yoast SEO Premium plugin. -->","yoast_head_json":{"title":"Oqonos Rollo de Papel Termico 80x80x12mm, Libre de BPA, FSC - Maprofar | T\u00f3ner Compatible Brother, HP y Soluciones de Impresi\u00f3n 3D","description":"Oqonos Rollo de Papel Termico 80x80x12mm, Libre de BPA, FSC - En Maprofar encontrar\u00e1s material de oficina al mejor precio. \u00a1Aprovecha nuestras ofertas!","robots":{"index":"index","follow":"follow","max-snippet":"max-snippet:-1","max-image-preview":"max-image-preview:large","max-video-preview":"max-video-preview:-1"},"canonical":"https:\/\/www.maprofar.com\/tienda\/producto\/oqonos-rollo-de-papel-termico-80x80x12mm-libre-de-bpa-fsc\/","og_locale":"es_ES","og_type":"article","og_title":"Oqonos Rollo de Papel Termico 80x80x12mm, Libre de BPA, FSC - Maprofar | T\u00f3ner Compatible Brother, HP y Soluciones de Impresi\u00f3n 3D","og_description":"En Maprofar encontrar\u00e1s t\u00f3ner compatibles de calidad y material de oficina al mejor precio. Ahorra sin sacrificar rendimiento. \u00a1Aprovecha nuestras ofertas y descuentos!","og_url":"https:\/\/www.maprofar.com\/tienda\/producto\/oqonos-rollo-de-papel-termico-80x80x12mm-libre-de-bpa-fsc\/","og_site_name":"Maprofar | T\u00f3ner Compatible Brother, HP y Soluciones de Impresi\u00f3n 3D","article_publisher":"https:\/\/es-es.facebook.com\/maprofar","article_modified_time":"2025-11-12T19:03:06+00:00","og_image":[{"width":600,"height":600,"url":"https:\/\/www.maprofar.com\/tienda\/wp-content\/uploads\/2025\/03\/OQ-TP80x80.jpg","type":"image\/jpeg"}],"twitter_card":"summary_large_image","twitter_misc":{"Tiempo de lectura":"2 minutos"},"schema":{"@context":"https:\/\/schema.org","@graph":[{"@type":"WebPage","@id":"https:\/\/www.maprofar.com\/tienda\/producto\/oqonos-rollo-de-papel-termico-80x80x12mm-libre-de-bpa-fsc\/","url":"https:\/\/www.maprofar.com\/tienda\/producto\/oqonos-rollo-de-papel-termico-80x80x12mm-libre-de-bpa-fsc\/","name":"Oqonos Rollo de Papel Termico 80x80x12mm, Libre de BPA, FSC - Maprofar | T\u00f3ner Compatible Brother, HP y Soluciones de Impresi\u00f3n 3D","isPartOf":{"@id":"https:\/\/www.maprofar.com\/tienda\/#website"},"primaryImageOfPage":{"@id":"https:\/\/www.maprofar.com\/tienda\/producto\/oqonos-rollo-de-papel-termico-80x80x12mm-libre-de-bpa-fsc\/#primaryimage"},"image":{"@id":"https:\/\/www.maprofar.com\/tienda\/producto\/oqonos-rollo-de-papel-termico-80x80x12mm-libre-de-bpa-fsc\/#primaryimage"},"thumbnailUrl":"https:\/\/www.maprofar.com\/tienda\/wp-content\/uploads\/2025\/03\/OQ-TP80x80.jpg","datePublished":"2025-03-06T19:28:26+00:00","dateModified":"2025-11-12T19:03:06+00:00","description":"Oqonos Rollo de Papel Termico 80x80x12mm, Libre de BPA, FSC - En Maprofar encontrar\u00e1s material de oficina al mejor precio. \u00a1Aprovecha nuestras ofertas!","breadcrumb":{"@id":"https:\/\/www.maprofar.com\/tienda\/producto\/oqonos-rollo-de-papel-termico-80x80x12mm-libre-de-bpa-fsc\/#breadcrumb"},"inLanguage":"es","potentialAction":[{"@type":"ReadAction","target":["https:\/\/www.maprofar.com\/tienda\/producto\/oqonos-rollo-de-papel-termico-80x80x12mm-libre-de-bpa-fsc\/"]}]},{"@type":"ImageObject","inLanguage":"es","@id":"https:\/\/www.maprofar.com\/tienda\/producto\/oqonos-rollo-de-papel-termico-80x80x12mm-libre-de-bpa-fsc\/#primaryimage","url":"https:\/\/www.maprofar.com\/tienda\/wp-content\/uploads\/2025\/03\/OQ-TP80x80.jpg","contentUrl":"https:\/\/www.maprofar.com\/tienda\/wp-content\/uploads\/2025\/03\/OQ-TP80x80.jpg","width":600,"height":600,"caption":"Oqonos Rollo de Papel Termico 80x80x12mm"},{"@type":"BreadcrumbList","@id":"https:\/\/www.maprofar.com\/tienda\/producto\/oqonos-rollo-de-papel-termico-80x80x12mm-libre-de-bpa-fsc\/#breadcrumb","itemListElement":[{"@type":"ListItem","position":1,"name":"Portada","item":"https:\/\/www.maprofar.com\/tienda\/"},{"@type":"ListItem","position":2,"name":"Inicio","item":"https:\/\/www.maprofar.com\/tienda\/"},{"@type":"ListItem","position":3,"name":"Oqonos Rollo de Papel Termico 80x80x12mm, Libre de BPA, FSC"}]},{"@type":"WebSite","@id":"https:\/\/www.maprofar.com\/tienda\/#website","url":"https:\/\/www.maprofar.com\/tienda\/","name":"Maprofar - Toner Compatibles y Material de Oficina","description":"Encuentra en Maprofar tu t\u00f3ner compatible Brother y HP al mejor precio. Calidad garantizada, env\u00edo urgente 24h y asesoramiento t\u00e9cnico experto. \u00a1Vis\u00edtanos!","publisher":{"@id":"https:\/\/www.maprofar.com\/tienda\/#organization"},"alternateName":"Maprofar Inform\u00e1tica","potentialAction":[{"@type":"SearchAction","target":{"@type":"EntryPoint","urlTemplate":"https:\/\/www.maprofar.com\/tienda\/?s={search_term_string}"},"query-input":{"@type":"PropertyValueSpecification","valueRequired":true,"valueName":"search_term_string"}}],"inLanguage":"es"},{"@type":"Organization","@id":"https:\/\/www.maprofar.com\/tienda\/#organization","name":"Maprofar S.L.","url":"https:\/\/www.maprofar.com\/tienda\/","logo":{"@type":"ImageObject","inLanguage":"es","@id":"https:\/\/www.maprofar.com\/tienda\/#\/schema\/logo\/image\/","url":"https:\/\/www.maprofar.com\/tienda\/wp-content\/uploads\/2021\/05\/logo_circulo.jpg","contentUrl":"https:\/\/www.maprofar.com\/tienda\/wp-content\/uploads\/2021\/05\/logo_circulo.jpg","width":404,"height":335,"caption":"Maprofar S.L."},"image":{"@id":"https:\/\/www.maprofar.com\/tienda\/#\/schema\/logo\/image\/"},"sameAs":["https:\/\/es-es.facebook.com\/maprofar","https:\/\/www.instagram.com\/maprofar_informatica\/","https:\/\/www.pinterest.es\/maprofar\/"]}]}},"_links":{"self":[{"href":"https:\/\/www.maprofar.com\/tienda\/wp-json\/wp\/v2\/product\/11647","targetHints":{"allow":["GET"]}}],"collection":[{"href":"https:\/\/www.maprofar.com\/tienda\/wp-json\/wp\/v2\/product"}],"about":[{"href":"https:\/\/www.maprofar.com\/tienda\/wp-json\/wp\/v2\/types\/product"}],"wp:featuredmedia":[{"embeddable":true,"href":"https:\/\/www.maprofar.com\/tienda\/wp-json\/wp\/v2\/media\/11649"}],"wp:attachment":[{"href":"https:\/\/www.maprofar.com\/tienda\/wp-json\/wp\/v2\/media?parent=11647"}],"wp:term":[{"taxonomy":"product_brand","embeddable":true,"href":"https:\/\/www.maprofar.com\/tienda\/wp-json\/wp\/v2\/product_brand?post=11647"},{"taxonomy":"product_cat","embeddable":true,"href":"https:\/\/www.maprofar.com\/tienda\/wp-json\/wp\/v2\/product_cat?post=11647"},{"taxonomy":"product_tag","embeddable":true,"href":"https:\/\/www.maprofar.com\/tienda\/wp-json\/wp\/v2\/product_tag?post=11647"}],"curies":[{"name":"wp","href":"https:\/\/api.w.org\/{rel}","templated":true}]}}