{"id":11965,"date":"2025-06-15T20:45:44","date_gmt":"2025-06-15T18:45:44","guid":{"rendered":"https:\/\/www.maprofar.com\/tienda\/?post_type=product&#038;p=11965"},"modified":"2025-10-14T18:41:40","modified_gmt":"2025-10-14T16:41:40","slug":"ventilador-de-techo-led-59w-6980lm-cct-dc-ultra-silencioso","status":"publish","type":"product","link":"https:\/\/www.maprofar.com\/tienda\/producto\/ventilador-de-techo-led-59w-6980lm-cct-dc-ultra-silencioso\/","title":{"rendered":"Ventilador de Techo LED 59W 6980LM CCT DC Ultra Silencioso"},"content":{"rendered":"<p>Ventilador de Techo LED 59W 6980LM CCT DC Ultra Silencioso con Mando a Distancia y Palas Retr\u00e1ctiles Verano \/ Invierno<\/p>\n<p>Ventilador DC realizado en metal, ABS y policarbonato en color blanco con cuatro aspas\u00a0desplegables transparente muy resistentes.<\/p>\n<p>Tiene seis velocidades ajustables.\u00a0Tecnolog\u00eda LED\u00a0integrada con una potencia de 59W, con 3\u00a0<b>TEMPERATURAS\u00a0SELECCIONABLES DE LUZ (3000-4000-6000K) y 6980 l\u00famenes<\/b>. Es REGULABLE EN INTENSIDAD, con mando a distancia\u00a0INCLUIDO con MEMORIA DE COLOR incorporada y TEMPORIZADOR 2\/4 H.<\/p>\n<p>Control de aire verano o invierno. Su medida es de 34,5\/42X50 cent\u00edmetros con las aspas plegadas y de 34,5\/42X107 cent\u00edmetros con las aspas desplegadas. Incluye dos tijas de\u00a012,5 y 20 cent\u00edmetros, para colocar a distintas alturas.<\/p>\n<p><b>Otras caracter\u00edsticas:<\/b><\/p>\n<p>\u00b7\u00a0\u00a0\u00a0\u00a0\u00a0\u00a0\u00a0\u00a0 N\u00famero de aspas: 4 Aspas<\/p>\n<p>\u00b7\u00a0\u00a0\u00a0\u00a0\u00a0\u00a0\u00a0\u00a0 N\u00famero de velocidades ajustables:6 Veloc.<\/p>\n<p>\u00b7\u00a0\u00a0\u00a0\u00a0\u00a0\u00a0\u00a0\u00a0 Control de aire para verano o invierno:\u00a0 Verano e Invierno<\/p>\n<p>\u00b7\u00a0\u00a0\u00a0\u00a0\u00a0\u00a0\u00a0\u00a0 Medida del di\u00e1metro (cm.): 107 cm.<\/p>\n<p>\u00b7\u00a0\u00a0\u00a0\u00a0\u00a0\u00a0\u00a0\u00a0 Tipo de motor: Motor DC<\/p>\n<p>\u00b7\u00a0\u00a0\u00a0\u00a0\u00a0\u00a0\u00a0\u00a0 Temporizador ventilador: 2H \/ 4H<\/p>\n<p>\u00b7\u00a0\u00a0\u00a0\u00a0\u00a0\u00a0\u00a0\u00a0 Material Motor: \u00a0Metal \/ Policarbonato<\/p>\n<p>\u00b7\u00a0\u00a0\u00a0\u00a0\u00a0\u00a0\u00a0\u00a0 Material Aspas: ABS<\/p>\n<p>\u00b7\u00a0\u00a0\u00a0\u00a0\u00a0\u00a0\u00a0\u00a0 Color Motor: \u00a0Blanco<\/p>\n<p>\u00b7\u00a0\u00a0\u00a0\u00a0\u00a0\u00a0\u00a0\u00a0 Color Aspas: \u00a0Transparente<\/p>\n<p>\u00b7\u00a0\u00a0\u00a0\u00a0\u00a0\u00a0\u00a0\u00a0 Incluye Tija de dos medidas: \u00a012,5 cm y 20 cm<\/p>\n<p>\u00b7\u00a0\u00a0\u00a0\u00a0\u00a0\u00a0\u00a0\u00a0 Tama\u00f1o del di\u00e1metro: Mediano: Entre 108cm y 131 cm<\/p>\n<table class=\"table table-bordered\">\n<tbody>\n<tr>\n<td>Velocidad<\/td>\n<td>Potencia<\/td>\n<td>Rpm<\/td>\n<td>Flujo Aire<\/td>\n<td>Nivel sonido<\/td>\n<\/tr>\n<tr>\n<td>1<\/td>\n<td>7 W<\/td>\n<td>160 rpm<\/td>\n<td>3378 m3<\/td>\n<td>20 dB<\/td>\n<\/tr>\n<tr>\n<td>2<\/td>\n<td>12 W<\/td>\n<td>180 rpm<\/td>\n<td>4323 m3<\/td>\n<td>25 dB<\/td>\n<\/tr>\n<tr>\n<td>3<\/td>\n<td>17 W<\/td>\n<td>190 rpm<\/td>\n<td>5702 m3<\/td>\n<td>30 dB<\/td>\n<\/tr>\n<tr>\n<td>4<\/td>\n<td>22 W<\/td>\n<td>200 rpm<\/td>\n<td>6898 m3<\/td>\n<td>35 dB<\/td>\n<\/tr>\n<tr>\n<td>5<\/td>\n<td>27 W<\/td>\n<td>220 rpm<\/td>\n<td>7963 m3<\/td>\n<td>40 dB<\/td>\n<\/tr>\n<tr>\n<td>6<\/td>\n<td>32 W<\/td>\n<td>240 rpm<\/td>\n<td>8958 m3<\/td>\n<td>45 dB<\/td>\n<\/tr>\n<\/tbody>\n<\/table>\n<p><span style=\"color: #999999;\">Comprar Ventilador de Techo LED 59W 6980LM CCT DC Ultra Silencioso con Mando a Distancia y Palas Retr\u00e1ctiles Verano \/ Invierno<\/span><\/p>\n","protected":false},"excerpt":{"rendered":"<div id=\"greenice_card_1\" class=\"grnc-card card_product_detail greenice_card_1\">\n<div class=\"grnc-card__inner\">\n<div class=\"grnc-card__content\">\n<div class=\"grnc-card__information flex flex-wrap justify-content-between\">\n<div class=\"trademark\">\n<ul class=\"list-unstyled\">\n<li><span class=\"product__vendor\"><span class=\"caption uppercase \">Marca: <\/span>GreenIce<\/span><\/li>\n<li><span id=\"Sku-template--24237435781502__main\" class=\"product__sku no-js-hidden \" role=\"status\"><span class=\"caption uppercase\">SKU<\/span>FA-HOL2<\/span><\/li>\n<\/ul>\n<\/div>\n<div class=\"efficiency\"><span class=\"visually-hidden\">Eficiencia energ\u00e9tica<\/span><\/p>\n<ul class=\"list-unstyled flex-inline\">\n<li><img loading=\"lazy\" decoding=\"async\" src=\"https:\/\/greenice.com\/cdn\/shop\/t\/37\/assets\/ENERG-AA_2021.png?v=66460576403204585471732194055\" alt=\"AA\" width=\"42\" height=\"20\" \/>2021<\/li>\n<\/ul>\n<\/div>\n<\/div>\n<\/div>\n<\/div>\n<\/div>\n<div id=\"greenice_card_2\" class=\"grnc-card card_product_detail desktop_responsive\">\n<div class=\"grnc-card__inner\">\n<div class=\"grnc-card__content\">\n<div class=\"grnc-card__information flex flex-column flex-wrap justify-content-start\">\n<div class=\"warranty\"><span class=\"caption uppercase\">Garant\u00eda<\/span><\/p>\n<ul class=\"list-unstyled\">\n<li><span class=\"product__warranty\">\u00a0Garant\u00eda 3 a\u00f1os<\/span><\/li>\n<\/ul>\n<\/div>\n<hr class=\"separator\" \/>\n<div class=\"characteristics\">\n<ul class=\"list-unstyled flex-inline\">\n<li><span class=\"icon-wrap\"><img decoding=\"async\" src=\"https:\/\/greenice.com\/cdn\/shop\/t\/37\/assets\/ico-angulo.svg?v=69433412084191260531732194058\" alt=\"\" width=\"24px\" height=\"24px\" \/><\/span>\u00a0120 \u00ba de apertura<\/li>\n<\/ul>\n<\/div>\n<\/div>\n<\/div>\n<\/div>\n<\/div>\n","protected":false},"featured_media":11975,"template":"","meta":[],"product_brand":[],"product_cat":[380],"product_tag":[],"class_list":{"0":"post-11965","1":"product","2":"type-product","3":"status-publish","4":"has-post-thumbnail","6":"product_cat-ventiladores","8":"first","9":"outofstock","10":"sale","11":"taxable","12":"shipping-taxable","13":"purchasable","14":"product-type-simple"},"yoast_head":"<!-- This site is optimized with the Yoast SEO Premium plugin v22.3 (Yoast SEO v27.4) - https:\/\/yoast.com\/product\/yoast-seo-premium-wordpress\/ -->\n<title>Ventilador de Techo LED 59W 6980LM CCT DC Ultra Silencioso - Maprofar | T\u00f3ner Compatible Brother, HP y Soluciones de Impresi\u00f3n 3D<\/title>\n<meta name=\"description\" content=\"Ventilador de Techo LED 59W 6980LM CCT DC Ultra Silencioso con Mando a Distancia y Palas Retr\u00e1ctiles Verano \/ Invierno - Ventiladores de techo baratos\" \/>\n<meta name=\"robots\" content=\"index, follow, max-snippet:-1, max-image-preview:large, max-video-preview:-1\" \/>\n<link rel=\"canonical\" href=\"https:\/\/www.maprofar.com\/tienda\/producto\/ventilador-de-techo-led-59w-6980lm-cct-dc-ultra-silencioso\/\" \/>\n<meta property=\"og:locale\" content=\"es_ES\" \/>\n<meta property=\"og:type\" content=\"article\" \/>\n<meta property=\"og:title\" content=\"Ventilador de Techo LED 59W 6980LM CCT DC Ultra Silencioso - Maprofar | T\u00f3ner Compatible Brother, HP y Soluciones de Impresi\u00f3n 3D\" \/>\n<meta property=\"og:description\" content=\"En Maprofar encontrar\u00e1s t\u00f3ner compatibles de calidad y material de oficina al mejor precio. Ahorra sin sacrificar rendimiento. \u00a1Aprovecha nuestras ofertas y descuentos!\" \/>\n<meta property=\"og:url\" content=\"https:\/\/www.maprofar.com\/tienda\/producto\/ventilador-de-techo-led-59w-6980lm-cct-dc-ultra-silencioso\/\" \/>\n<meta property=\"og:site_name\" content=\"Maprofar | T\u00f3ner Compatible Brother, HP y Soluciones de Impresi\u00f3n 3D\" \/>\n<meta property=\"article:publisher\" content=\"https:\/\/es-es.facebook.com\/maprofar\" \/>\n<meta property=\"article:modified_time\" content=\"2025-10-14T16:41:40+00:00\" \/>\n<meta property=\"og:image\" content=\"https:\/\/www.maprofar.com\/tienda\/wp-content\/uploads\/2025\/06\/FA-HOL2_1.png\" \/>\n\t<meta property=\"og:image:width\" content=\"1500\" \/>\n\t<meta property=\"og:image:height\" content=\"1500\" \/>\n\t<meta property=\"og:image:type\" content=\"image\/png\" \/>\n<meta name=\"twitter:card\" content=\"summary_large_image\" \/>\n<meta name=\"twitter:label1\" content=\"Tiempo de lectura\" \/>\n\t<meta name=\"twitter:data1\" content=\"2 minutos\" \/>\n<script type=\"application\/ld+json\" class=\"yoast-schema-graph\">{\"@context\":\"https:\\\/\\\/schema.org\",\"@graph\":[{\"@type\":\"WebPage\",\"@id\":\"https:\\\/\\\/www.maprofar.com\\\/tienda\\\/producto\\\/ventilador-de-techo-led-59w-6980lm-cct-dc-ultra-silencioso\\\/\",\"url\":\"https:\\\/\\\/www.maprofar.com\\\/tienda\\\/producto\\\/ventilador-de-techo-led-59w-6980lm-cct-dc-ultra-silencioso\\\/\",\"name\":\"Ventilador de Techo LED 59W 6980LM CCT DC Ultra Silencioso - Maprofar | T\u00f3ner Compatible Brother, HP y Soluciones de Impresi\u00f3n 3D\",\"isPartOf\":{\"@id\":\"https:\\\/\\\/www.maprofar.com\\\/tienda\\\/#website\"},\"primaryImageOfPage\":{\"@id\":\"https:\\\/\\\/www.maprofar.com\\\/tienda\\\/producto\\\/ventilador-de-techo-led-59w-6980lm-cct-dc-ultra-silencioso\\\/#primaryimage\"},\"image\":{\"@id\":\"https:\\\/\\\/www.maprofar.com\\\/tienda\\\/producto\\\/ventilador-de-techo-led-59w-6980lm-cct-dc-ultra-silencioso\\\/#primaryimage\"},\"thumbnailUrl\":\"https:\\\/\\\/www.maprofar.com\\\/tienda\\\/wp-content\\\/uploads\\\/2025\\\/06\\\/FA-HOL2_1.png\",\"datePublished\":\"2025-06-15T18:45:44+00:00\",\"dateModified\":\"2025-10-14T16:41:40+00:00\",\"description\":\"Ventilador de Techo LED 59W 6980LM CCT DC Ultra Silencioso con Mando a Distancia y Palas Retr\u00e1ctiles Verano \\\/ Invierno - Ventiladores de techo baratos\",\"breadcrumb\":{\"@id\":\"https:\\\/\\\/www.maprofar.com\\\/tienda\\\/producto\\\/ventilador-de-techo-led-59w-6980lm-cct-dc-ultra-silencioso\\\/#breadcrumb\"},\"inLanguage\":\"es\",\"potentialAction\":[{\"@type\":\"ReadAction\",\"target\":[\"https:\\\/\\\/www.maprofar.com\\\/tienda\\\/producto\\\/ventilador-de-techo-led-59w-6980lm-cct-dc-ultra-silencioso\\\/\"]}]},{\"@type\":\"ImageObject\",\"inLanguage\":\"es\",\"@id\":\"https:\\\/\\\/www.maprofar.com\\\/tienda\\\/producto\\\/ventilador-de-techo-led-59w-6980lm-cct-dc-ultra-silencioso\\\/#primaryimage\",\"url\":\"https:\\\/\\\/www.maprofar.com\\\/tienda\\\/wp-content\\\/uploads\\\/2025\\\/06\\\/FA-HOL2_1.png\",\"contentUrl\":\"https:\\\/\\\/www.maprofar.com\\\/tienda\\\/wp-content\\\/uploads\\\/2025\\\/06\\\/FA-HOL2_1.png\",\"width\":1500,\"height\":1500,\"caption\":\"Ventilador de Techo LED 59W 6980LM CCT DC Ultra Silencioso con Mando a Distancia y Palas Retr\u00e1ctiles Verano \\\/ Invierno\"},{\"@type\":\"BreadcrumbList\",\"@id\":\"https:\\\/\\\/www.maprofar.com\\\/tienda\\\/producto\\\/ventilador-de-techo-led-59w-6980lm-cct-dc-ultra-silencioso\\\/#breadcrumb\",\"itemListElement\":[{\"@type\":\"ListItem\",\"position\":1,\"name\":\"Portada\",\"item\":\"https:\\\/\\\/www.maprofar.com\\\/tienda\\\/\"},{\"@type\":\"ListItem\",\"position\":2,\"name\":\"Inicio\",\"item\":\"https:\\\/\\\/www.maprofar.com\\\/tienda\\\/\"},{\"@type\":\"ListItem\",\"position\":3,\"name\":\"Ventilador de Techo LED 59W 6980LM CCT DC Ultra Silencioso\"}]},{\"@type\":\"WebSite\",\"@id\":\"https:\\\/\\\/www.maprofar.com\\\/tienda\\\/#website\",\"url\":\"https:\\\/\\\/www.maprofar.com\\\/tienda\\\/\",\"name\":\"Maprofar - Toner Compatibles y Material de Oficina\",\"description\":\"Encuentra en Maprofar tu t\u00f3ner compatible Brother y HP al mejor precio. Calidad garantizada, env\u00edo urgente 24h y asesoramiento t\u00e9cnico experto. \u00a1Vis\u00edtanos!\",\"publisher\":{\"@id\":\"https:\\\/\\\/www.maprofar.com\\\/tienda\\\/#organization\"},\"alternateName\":\"Maprofar Inform\u00e1tica\",\"potentialAction\":[{\"@type\":\"SearchAction\",\"target\":{\"@type\":\"EntryPoint\",\"urlTemplate\":\"https:\\\/\\\/www.maprofar.com\\\/tienda\\\/?s={search_term_string}\"},\"query-input\":{\"@type\":\"PropertyValueSpecification\",\"valueRequired\":true,\"valueName\":\"search_term_string\"}}],\"inLanguage\":\"es\"},{\"@type\":\"Organization\",\"@id\":\"https:\\\/\\\/www.maprofar.com\\\/tienda\\\/#organization\",\"name\":\"Maprofar S.L.\",\"url\":\"https:\\\/\\\/www.maprofar.com\\\/tienda\\\/\",\"logo\":{\"@type\":\"ImageObject\",\"inLanguage\":\"es\",\"@id\":\"https:\\\/\\\/www.maprofar.com\\\/tienda\\\/#\\\/schema\\\/logo\\\/image\\\/\",\"url\":\"https:\\\/\\\/www.maprofar.com\\\/tienda\\\/wp-content\\\/uploads\\\/2021\\\/05\\\/logo_circulo.jpg\",\"contentUrl\":\"https:\\\/\\\/www.maprofar.com\\\/tienda\\\/wp-content\\\/uploads\\\/2021\\\/05\\\/logo_circulo.jpg\",\"width\":404,\"height\":335,\"caption\":\"Maprofar S.L.\"},\"image\":{\"@id\":\"https:\\\/\\\/www.maprofar.com\\\/tienda\\\/#\\\/schema\\\/logo\\\/image\\\/\"},\"sameAs\":[\"https:\\\/\\\/es-es.facebook.com\\\/maprofar\",\"https:\\\/\\\/www.instagram.com\\\/maprofar_informatica\\\/\",\"https:\\\/\\\/www.pinterest.es\\\/maprofar\\\/\"]}]}<\/script>\n<!-- \/ Yoast SEO Premium plugin. -->","yoast_head_json":{"title":"Ventilador de Techo LED 59W 6980LM CCT DC Ultra Silencioso - Maprofar | T\u00f3ner Compatible Brother, HP y Soluciones de Impresi\u00f3n 3D","description":"Ventilador de Techo LED 59W 6980LM CCT DC Ultra Silencioso con Mando a Distancia y Palas Retr\u00e1ctiles Verano \/ Invierno - Ventiladores de techo baratos","robots":{"index":"index","follow":"follow","max-snippet":"max-snippet:-1","max-image-preview":"max-image-preview:large","max-video-preview":"max-video-preview:-1"},"canonical":"https:\/\/www.maprofar.com\/tienda\/producto\/ventilador-de-techo-led-59w-6980lm-cct-dc-ultra-silencioso\/","og_locale":"es_ES","og_type":"article","og_title":"Ventilador de Techo LED 59W 6980LM CCT DC Ultra Silencioso - Maprofar | T\u00f3ner Compatible Brother, HP y Soluciones de Impresi\u00f3n 3D","og_description":"En Maprofar encontrar\u00e1s t\u00f3ner compatibles de calidad y material de oficina al mejor precio. Ahorra sin sacrificar rendimiento. \u00a1Aprovecha nuestras ofertas y descuentos!","og_url":"https:\/\/www.maprofar.com\/tienda\/producto\/ventilador-de-techo-led-59w-6980lm-cct-dc-ultra-silencioso\/","og_site_name":"Maprofar | T\u00f3ner Compatible Brother, HP y Soluciones de Impresi\u00f3n 3D","article_publisher":"https:\/\/es-es.facebook.com\/maprofar","article_modified_time":"2025-10-14T16:41:40+00:00","og_image":[{"width":1500,"height":1500,"url":"https:\/\/www.maprofar.com\/tienda\/wp-content\/uploads\/2025\/06\/FA-HOL2_1.png","type":"image\/png"}],"twitter_card":"summary_large_image","twitter_misc":{"Tiempo de lectura":"2 minutos"},"schema":{"@context":"https:\/\/schema.org","@graph":[{"@type":"WebPage","@id":"https:\/\/www.maprofar.com\/tienda\/producto\/ventilador-de-techo-led-59w-6980lm-cct-dc-ultra-silencioso\/","url":"https:\/\/www.maprofar.com\/tienda\/producto\/ventilador-de-techo-led-59w-6980lm-cct-dc-ultra-silencioso\/","name":"Ventilador de Techo LED 59W 6980LM CCT DC Ultra Silencioso - Maprofar | T\u00f3ner Compatible Brother, HP y Soluciones de Impresi\u00f3n 3D","isPartOf":{"@id":"https:\/\/www.maprofar.com\/tienda\/#website"},"primaryImageOfPage":{"@id":"https:\/\/www.maprofar.com\/tienda\/producto\/ventilador-de-techo-led-59w-6980lm-cct-dc-ultra-silencioso\/#primaryimage"},"image":{"@id":"https:\/\/www.maprofar.com\/tienda\/producto\/ventilador-de-techo-led-59w-6980lm-cct-dc-ultra-silencioso\/#primaryimage"},"thumbnailUrl":"https:\/\/www.maprofar.com\/tienda\/wp-content\/uploads\/2025\/06\/FA-HOL2_1.png","datePublished":"2025-06-15T18:45:44+00:00","dateModified":"2025-10-14T16:41:40+00:00","description":"Ventilador de Techo LED 59W 6980LM CCT DC Ultra Silencioso con Mando a Distancia y Palas Retr\u00e1ctiles Verano \/ Invierno - Ventiladores de techo baratos","breadcrumb":{"@id":"https:\/\/www.maprofar.com\/tienda\/producto\/ventilador-de-techo-led-59w-6980lm-cct-dc-ultra-silencioso\/#breadcrumb"},"inLanguage":"es","potentialAction":[{"@type":"ReadAction","target":["https:\/\/www.maprofar.com\/tienda\/producto\/ventilador-de-techo-led-59w-6980lm-cct-dc-ultra-silencioso\/"]}]},{"@type":"ImageObject","inLanguage":"es","@id":"https:\/\/www.maprofar.com\/tienda\/producto\/ventilador-de-techo-led-59w-6980lm-cct-dc-ultra-silencioso\/#primaryimage","url":"https:\/\/www.maprofar.com\/tienda\/wp-content\/uploads\/2025\/06\/FA-HOL2_1.png","contentUrl":"https:\/\/www.maprofar.com\/tienda\/wp-content\/uploads\/2025\/06\/FA-HOL2_1.png","width":1500,"height":1500,"caption":"Ventilador de Techo LED 59W 6980LM CCT DC Ultra Silencioso con Mando a Distancia y Palas Retr\u00e1ctiles Verano \/ Invierno"},{"@type":"BreadcrumbList","@id":"https:\/\/www.maprofar.com\/tienda\/producto\/ventilador-de-techo-led-59w-6980lm-cct-dc-ultra-silencioso\/#breadcrumb","itemListElement":[{"@type":"ListItem","position":1,"name":"Portada","item":"https:\/\/www.maprofar.com\/tienda\/"},{"@type":"ListItem","position":2,"name":"Inicio","item":"https:\/\/www.maprofar.com\/tienda\/"},{"@type":"ListItem","position":3,"name":"Ventilador de Techo LED 59W 6980LM CCT DC Ultra Silencioso"}]},{"@type":"WebSite","@id":"https:\/\/www.maprofar.com\/tienda\/#website","url":"https:\/\/www.maprofar.com\/tienda\/","name":"Maprofar - Toner Compatibles y Material de Oficina","description":"Encuentra en Maprofar tu t\u00f3ner compatible Brother y HP al mejor precio. Calidad garantizada, env\u00edo urgente 24h y asesoramiento t\u00e9cnico experto. \u00a1Vis\u00edtanos!","publisher":{"@id":"https:\/\/www.maprofar.com\/tienda\/#organization"},"alternateName":"Maprofar Inform\u00e1tica","potentialAction":[{"@type":"SearchAction","target":{"@type":"EntryPoint","urlTemplate":"https:\/\/www.maprofar.com\/tienda\/?s={search_term_string}"},"query-input":{"@type":"PropertyValueSpecification","valueRequired":true,"valueName":"search_term_string"}}],"inLanguage":"es"},{"@type":"Organization","@id":"https:\/\/www.maprofar.com\/tienda\/#organization","name":"Maprofar S.L.","url":"https:\/\/www.maprofar.com\/tienda\/","logo":{"@type":"ImageObject","inLanguage":"es","@id":"https:\/\/www.maprofar.com\/tienda\/#\/schema\/logo\/image\/","url":"https:\/\/www.maprofar.com\/tienda\/wp-content\/uploads\/2021\/05\/logo_circulo.jpg","contentUrl":"https:\/\/www.maprofar.com\/tienda\/wp-content\/uploads\/2021\/05\/logo_circulo.jpg","width":404,"height":335,"caption":"Maprofar S.L."},"image":{"@id":"https:\/\/www.maprofar.com\/tienda\/#\/schema\/logo\/image\/"},"sameAs":["https:\/\/es-es.facebook.com\/maprofar","https:\/\/www.instagram.com\/maprofar_informatica\/","https:\/\/www.pinterest.es\/maprofar\/"]}]}},"_links":{"self":[{"href":"https:\/\/www.maprofar.com\/tienda\/wp-json\/wp\/v2\/product\/11965","targetHints":{"allow":["GET"]}}],"collection":[{"href":"https:\/\/www.maprofar.com\/tienda\/wp-json\/wp\/v2\/product"}],"about":[{"href":"https:\/\/www.maprofar.com\/tienda\/wp-json\/wp\/v2\/types\/product"}],"wp:featuredmedia":[{"embeddable":true,"href":"https:\/\/www.maprofar.com\/tienda\/wp-json\/wp\/v2\/media\/11975"}],"wp:attachment":[{"href":"https:\/\/www.maprofar.com\/tienda\/wp-json\/wp\/v2\/media?parent=11965"}],"wp:term":[{"taxonomy":"product_brand","embeddable":true,"href":"https:\/\/www.maprofar.com\/tienda\/wp-json\/wp\/v2\/product_brand?post=11965"},{"taxonomy":"product_cat","embeddable":true,"href":"https:\/\/www.maprofar.com\/tienda\/wp-json\/wp\/v2\/product_cat?post=11965"},{"taxonomy":"product_tag","embeddable":true,"href":"https:\/\/www.maprofar.com\/tienda\/wp-json\/wp\/v2\/product_tag?post=11965"}],"curies":[{"name":"wp","href":"https:\/\/api.w.org\/{rel}","templated":true}]}}