{"id":12033,"date":"2025-06-23T18:12:00","date_gmt":"2025-06-23T16:12:00","guid":{"rendered":"https:\/\/www.maprofar.com\/tienda\/?post_type=product&#038;p=12033"},"modified":"2025-10-14T18:41:26","modified_gmt":"2025-10-14T16:41:26","slug":"muvip-climatizador-7-5-litros-80w-3-velocidades-oscilacion-70o","status":"publish","type":"product","link":"https:\/\/www.maprofar.com\/tienda\/producto\/muvip-climatizador-7-5-litros-80w-3-velocidades-oscilacion-70o\/","title":{"rendered":"Muvip Climatizador 7.5 Litros &#8211; 80W &#8211; 3 Velocidades &#8211; Oscilaci\u00f3n 70\u00ba"},"content":{"rendered":"<p>Muvip Climatizador 7.5 Litros &#8211; 80W &#8211; 3 Velocidades &#8211; Oscilaci\u00f3n 70\u00ba &#8211; Temporizador &#8211; Humidificador &#8211; Caudal 280m\u00b3\/h &#8211; con Ice-Pack<\/p>\n<p>Caracter\u00edsticas:<\/p>\n<p>-Potencia de refrigeraci\u00f3n: 80W<br \/>\n-Caudal de aire: 280m3\/h<br \/>\n-Capacidad del tanque de agua: 7.5 litros<br \/>\n-3 velocidades<br \/>\n-Incorpora temporizador.<br \/>\n-Funci\u00f3n oscilante 70\u00ba para proporcionar un flujo de aire constante y uniforme.<br \/>\n-Funci\u00f3n: humidificador.<br \/>\n-Incluye ruedas para facilitar el movimiento.<br \/>\n-Incluye 2 x Ice-Pack para garantizar el efecto de enfriamiento (15.9&#215;3.8&#215;3.8cm)<br \/>\n-Ruido: 65dB<br \/>\n-Potencia de refrigeraci\u00f3n: 80W<br \/>\n-Caudal de aire: 280m3\/h<br \/>\n-Capacidad del tanque de agua: 7.5 litros<br \/>\n-3 velocidades<br \/>\n-Incorpora temporizador.<br \/>\n-Funci\u00f3n oscilante 70\u00ba para proporcionar un flujo de aire constante y uniforme.<br \/>\n-Funci\u00f3n: humidificador.<br \/>\n-Incluye ruedas para facilitar el movimiento.<br \/>\n-Incluye 2 x Ice-Pack para garantizar el efecto de enfriamiento (15.9&#215;3.8&#215;3.8cm)<br \/>\n-Ruido: 65dB<\/p>\n<p><span style=\"color: #999999;\">Comprar Muvip Climatizador 7.5 Litros &#8211; 80W &#8211; 3 Velocidades &#8211; Oscilaci\u00f3n 70\u00ba &#8211; Temporizador &#8211; Humidificador &#8211; Caudal 280m\u00b3\/h &#8211; con Ice-Pack<\/span><\/p>\n","protected":false},"excerpt":{"rendered":"<p class=\"titulo_subseccion_da\">CARACTER\u00cdSTICAS<\/p>\n<div class=\"listado_caracteristicas_da\"><span class=\"linea_datos_da\">\u2022 Marca:\u00a0<span class=\"gris_400\" title=\"Muvip\">Muvip<\/span><\/span><\/div>\n<div class=\"listado_caracteristicas_da\"><span class=\"linea_datos_da\" title=\"Blanco\">\u2022 Color:\u00a0<span class=\"gris_400\">Blanco<\/span><\/span><\/div>\n<div class=\"listado_caracteristicas_da\"><span class=\"linea_datos_da\" title=\"Muvip\">\u2022 Fabricante:\u00a0<span class=\"gris_400\">Muvip<\/span><\/span><\/div>\n<div class=\"listado_caracteristicas_da\"><span class=\"linea_datos_da\" title=\"\" aria-describedby=\"ui-id-9\">\u2022 Ref.:\u00a0<span class=\"gris_400\">MV0547<\/span><\/span><\/div>\n","protected":false},"featured_media":12037,"template":"","meta":[],"product_brand":[],"product_cat":[380],"product_tag":[],"class_list":{"0":"post-12033","1":"product","2":"type-product","3":"status-publish","4":"has-post-thumbnail","6":"product_cat-ventiladores","8":"first","9":"outofstock","10":"taxable","11":"shipping-taxable","12":"purchasable","13":"product-type-simple"},"yoast_head":"<!-- This site is optimized with the Yoast SEO Premium plugin v22.3 (Yoast SEO v27.4) - https:\/\/yoast.com\/product\/yoast-seo-premium-wordpress\/ -->\n<title>Muvip Climatizador 7.5 Litros - 80W - 3 Velocidades<\/title>\n<meta name=\"description\" content=\"Muvip Climatizador 7.5 Litros - 80W - 3 Velocidades - Oscilaci\u00f3n 70\u00ba - Temporizador - Humidificador - Caudal 280m\u00b3\/h - con Ice-Pack\" \/>\n<meta name=\"robots\" content=\"index, follow, max-snippet:-1, max-image-preview:large, max-video-preview:-1\" \/>\n<link rel=\"canonical\" href=\"https:\/\/www.maprofar.com\/tienda\/producto\/muvip-climatizador-7-5-litros-80w-3-velocidades-oscilacion-70o\/\" \/>\n<meta property=\"og:locale\" content=\"es_ES\" \/>\n<meta property=\"og:type\" content=\"article\" \/>\n<meta property=\"og:title\" content=\"Muvip Climatizador 7.5 Litros - 80W - 3 Velocidades - Oscilaci\u00f3n 70\u00ba - Maprofar | T\u00f3ner Compatible Brother, HP y Soluciones de Impresi\u00f3n 3D\" \/>\n<meta property=\"og:description\" content=\"En Maprofar encontrar\u00e1s t\u00f3ner compatibles de calidad y material de oficina al mejor precio. Ahorra sin sacrificar rendimiento. \u00a1Aprovecha nuestras ofertas y descuentos!\" \/>\n<meta property=\"og:url\" content=\"https:\/\/www.maprofar.com\/tienda\/producto\/muvip-climatizador-7-5-litros-80w-3-velocidades-oscilacion-70o\/\" \/>\n<meta property=\"og:site_name\" content=\"Maprofar | T\u00f3ner Compatible Brother, HP y Soluciones de Impresi\u00f3n 3D\" \/>\n<meta property=\"article:publisher\" content=\"https:\/\/es-es.facebook.com\/maprofar\" \/>\n<meta property=\"article:modified_time\" content=\"2025-10-14T16:41:26+00:00\" \/>\n<meta property=\"og:image\" content=\"https:\/\/www.maprofar.com\/tienda\/wp-content\/uploads\/2025\/06\/MV0547_1.jpg\" \/>\n\t<meta property=\"og:image:width\" content=\"477\" \/>\n\t<meta property=\"og:image:height\" content=\"477\" \/>\n\t<meta property=\"og:image:type\" content=\"image\/jpeg\" \/>\n<meta name=\"twitter:card\" content=\"summary_large_image\" \/>\n<meta name=\"twitter:label1\" content=\"Tiempo de lectura\" \/>\n\t<meta name=\"twitter:data1\" content=\"1 minuto\" \/>\n<script type=\"application\/ld+json\" class=\"yoast-schema-graph\">{\"@context\":\"https:\\\/\\\/schema.org\",\"@graph\":[{\"@type\":\"WebPage\",\"@id\":\"https:\\\/\\\/www.maprofar.com\\\/tienda\\\/producto\\\/muvip-climatizador-7-5-litros-80w-3-velocidades-oscilacion-70o\\\/\",\"url\":\"https:\\\/\\\/www.maprofar.com\\\/tienda\\\/producto\\\/muvip-climatizador-7-5-litros-80w-3-velocidades-oscilacion-70o\\\/\",\"name\":\"Muvip Climatizador 7.5 Litros - 80W - 3 Velocidades\",\"isPartOf\":{\"@id\":\"https:\\\/\\\/www.maprofar.com\\\/tienda\\\/#website\"},\"primaryImageOfPage\":{\"@id\":\"https:\\\/\\\/www.maprofar.com\\\/tienda\\\/producto\\\/muvip-climatizador-7-5-litros-80w-3-velocidades-oscilacion-70o\\\/#primaryimage\"},\"image\":{\"@id\":\"https:\\\/\\\/www.maprofar.com\\\/tienda\\\/producto\\\/muvip-climatizador-7-5-litros-80w-3-velocidades-oscilacion-70o\\\/#primaryimage\"},\"thumbnailUrl\":\"https:\\\/\\\/www.maprofar.com\\\/tienda\\\/wp-content\\\/uploads\\\/2025\\\/06\\\/MV0547_1.jpg\",\"datePublished\":\"2025-06-23T16:12:00+00:00\",\"dateModified\":\"2025-10-14T16:41:26+00:00\",\"description\":\"Muvip Climatizador 7.5 Litros - 80W - 3 Velocidades - Oscilaci\u00f3n 70\u00ba - Temporizador - Humidificador - Caudal 280m\u00b3\\\/h - con Ice-Pack\",\"breadcrumb\":{\"@id\":\"https:\\\/\\\/www.maprofar.com\\\/tienda\\\/producto\\\/muvip-climatizador-7-5-litros-80w-3-velocidades-oscilacion-70o\\\/#breadcrumb\"},\"inLanguage\":\"es\",\"potentialAction\":[{\"@type\":\"ReadAction\",\"target\":[\"https:\\\/\\\/www.maprofar.com\\\/tienda\\\/producto\\\/muvip-climatizador-7-5-litros-80w-3-velocidades-oscilacion-70o\\\/\"]}]},{\"@type\":\"ImageObject\",\"inLanguage\":\"es\",\"@id\":\"https:\\\/\\\/www.maprofar.com\\\/tienda\\\/producto\\\/muvip-climatizador-7-5-litros-80w-3-velocidades-oscilacion-70o\\\/#primaryimage\",\"url\":\"https:\\\/\\\/www.maprofar.com\\\/tienda\\\/wp-content\\\/uploads\\\/2025\\\/06\\\/MV0547_1.jpg\",\"contentUrl\":\"https:\\\/\\\/www.maprofar.com\\\/tienda\\\/wp-content\\\/uploads\\\/2025\\\/06\\\/MV0547_1.jpg\",\"width\":477,\"height\":477,\"caption\":\"Muvip Climatizador 7.5 Litros - 80W - 3 Velocidades - Oscilaci\u00f3n 70\u00ba - Temporizador - Humidificador - Caudal 280m\u00b3\\\/h - con Ice-Pack\"},{\"@type\":\"BreadcrumbList\",\"@id\":\"https:\\\/\\\/www.maprofar.com\\\/tienda\\\/producto\\\/muvip-climatizador-7-5-litros-80w-3-velocidades-oscilacion-70o\\\/#breadcrumb\",\"itemListElement\":[{\"@type\":\"ListItem\",\"position\":1,\"name\":\"Portada\",\"item\":\"https:\\\/\\\/www.maprofar.com\\\/tienda\\\/\"},{\"@type\":\"ListItem\",\"position\":2,\"name\":\"Inicio\",\"item\":\"https:\\\/\\\/www.maprofar.com\\\/tienda\\\/\"},{\"@type\":\"ListItem\",\"position\":3,\"name\":\"Muvip Climatizador 7.5 Litros &#8211; 80W &#8211; 3 Velocidades &#8211; Oscilaci\u00f3n 70\u00ba\"}]},{\"@type\":\"WebSite\",\"@id\":\"https:\\\/\\\/www.maprofar.com\\\/tienda\\\/#website\",\"url\":\"https:\\\/\\\/www.maprofar.com\\\/tienda\\\/\",\"name\":\"Maprofar - Toner Compatibles y Material de Oficina\",\"description\":\"Encuentra en Maprofar tu t\u00f3ner compatible Brother y HP al mejor precio. Calidad garantizada, env\u00edo urgente 24h y asesoramiento t\u00e9cnico experto. \u00a1Vis\u00edtanos!\",\"publisher\":{\"@id\":\"https:\\\/\\\/www.maprofar.com\\\/tienda\\\/#organization\"},\"alternateName\":\"Maprofar Inform\u00e1tica\",\"potentialAction\":[{\"@type\":\"SearchAction\",\"target\":{\"@type\":\"EntryPoint\",\"urlTemplate\":\"https:\\\/\\\/www.maprofar.com\\\/tienda\\\/?s={search_term_string}\"},\"query-input\":{\"@type\":\"PropertyValueSpecification\",\"valueRequired\":true,\"valueName\":\"search_term_string\"}}],\"inLanguage\":\"es\"},{\"@type\":\"Organization\",\"@id\":\"https:\\\/\\\/www.maprofar.com\\\/tienda\\\/#organization\",\"name\":\"Maprofar S.L.\",\"url\":\"https:\\\/\\\/www.maprofar.com\\\/tienda\\\/\",\"logo\":{\"@type\":\"ImageObject\",\"inLanguage\":\"es\",\"@id\":\"https:\\\/\\\/www.maprofar.com\\\/tienda\\\/#\\\/schema\\\/logo\\\/image\\\/\",\"url\":\"https:\\\/\\\/www.maprofar.com\\\/tienda\\\/wp-content\\\/uploads\\\/2021\\\/05\\\/logo_circulo.jpg\",\"contentUrl\":\"https:\\\/\\\/www.maprofar.com\\\/tienda\\\/wp-content\\\/uploads\\\/2021\\\/05\\\/logo_circulo.jpg\",\"width\":404,\"height\":335,\"caption\":\"Maprofar S.L.\"},\"image\":{\"@id\":\"https:\\\/\\\/www.maprofar.com\\\/tienda\\\/#\\\/schema\\\/logo\\\/image\\\/\"},\"sameAs\":[\"https:\\\/\\\/es-es.facebook.com\\\/maprofar\",\"https:\\\/\\\/www.instagram.com\\\/maprofar_informatica\\\/\",\"https:\\\/\\\/www.pinterest.es\\\/maprofar\\\/\"]}]}<\/script>\n<!-- \/ Yoast SEO Premium plugin. -->","yoast_head_json":{"title":"Muvip Climatizador 7.5 Litros - 80W - 3 Velocidades","description":"Muvip Climatizador 7.5 Litros - 80W - 3 Velocidades - Oscilaci\u00f3n 70\u00ba - Temporizador - Humidificador - Caudal 280m\u00b3\/h - con Ice-Pack","robots":{"index":"index","follow":"follow","max-snippet":"max-snippet:-1","max-image-preview":"max-image-preview:large","max-video-preview":"max-video-preview:-1"},"canonical":"https:\/\/www.maprofar.com\/tienda\/producto\/muvip-climatizador-7-5-litros-80w-3-velocidades-oscilacion-70o\/","og_locale":"es_ES","og_type":"article","og_title":"Muvip Climatizador 7.5 Litros - 80W - 3 Velocidades - Oscilaci\u00f3n 70\u00ba - Maprofar | T\u00f3ner Compatible Brother, HP y Soluciones de Impresi\u00f3n 3D","og_description":"En Maprofar encontrar\u00e1s t\u00f3ner compatibles de calidad y material de oficina al mejor precio. Ahorra sin sacrificar rendimiento. \u00a1Aprovecha nuestras ofertas y descuentos!","og_url":"https:\/\/www.maprofar.com\/tienda\/producto\/muvip-climatizador-7-5-litros-80w-3-velocidades-oscilacion-70o\/","og_site_name":"Maprofar | T\u00f3ner Compatible Brother, HP y Soluciones de Impresi\u00f3n 3D","article_publisher":"https:\/\/es-es.facebook.com\/maprofar","article_modified_time":"2025-10-14T16:41:26+00:00","og_image":[{"width":477,"height":477,"url":"https:\/\/www.maprofar.com\/tienda\/wp-content\/uploads\/2025\/06\/MV0547_1.jpg","type":"image\/jpeg"}],"twitter_card":"summary_large_image","twitter_misc":{"Tiempo de lectura":"1 minuto"},"schema":{"@context":"https:\/\/schema.org","@graph":[{"@type":"WebPage","@id":"https:\/\/www.maprofar.com\/tienda\/producto\/muvip-climatizador-7-5-litros-80w-3-velocidades-oscilacion-70o\/","url":"https:\/\/www.maprofar.com\/tienda\/producto\/muvip-climatizador-7-5-litros-80w-3-velocidades-oscilacion-70o\/","name":"Muvip Climatizador 7.5 Litros - 80W - 3 Velocidades","isPartOf":{"@id":"https:\/\/www.maprofar.com\/tienda\/#website"},"primaryImageOfPage":{"@id":"https:\/\/www.maprofar.com\/tienda\/producto\/muvip-climatizador-7-5-litros-80w-3-velocidades-oscilacion-70o\/#primaryimage"},"image":{"@id":"https:\/\/www.maprofar.com\/tienda\/producto\/muvip-climatizador-7-5-litros-80w-3-velocidades-oscilacion-70o\/#primaryimage"},"thumbnailUrl":"https:\/\/www.maprofar.com\/tienda\/wp-content\/uploads\/2025\/06\/MV0547_1.jpg","datePublished":"2025-06-23T16:12:00+00:00","dateModified":"2025-10-14T16:41:26+00:00","description":"Muvip Climatizador 7.5 Litros - 80W - 3 Velocidades - Oscilaci\u00f3n 70\u00ba - Temporizador - Humidificador - Caudal 280m\u00b3\/h - con Ice-Pack","breadcrumb":{"@id":"https:\/\/www.maprofar.com\/tienda\/producto\/muvip-climatizador-7-5-litros-80w-3-velocidades-oscilacion-70o\/#breadcrumb"},"inLanguage":"es","potentialAction":[{"@type":"ReadAction","target":["https:\/\/www.maprofar.com\/tienda\/producto\/muvip-climatizador-7-5-litros-80w-3-velocidades-oscilacion-70o\/"]}]},{"@type":"ImageObject","inLanguage":"es","@id":"https:\/\/www.maprofar.com\/tienda\/producto\/muvip-climatizador-7-5-litros-80w-3-velocidades-oscilacion-70o\/#primaryimage","url":"https:\/\/www.maprofar.com\/tienda\/wp-content\/uploads\/2025\/06\/MV0547_1.jpg","contentUrl":"https:\/\/www.maprofar.com\/tienda\/wp-content\/uploads\/2025\/06\/MV0547_1.jpg","width":477,"height":477,"caption":"Muvip Climatizador 7.5 Litros - 80W - 3 Velocidades - Oscilaci\u00f3n 70\u00ba - Temporizador - Humidificador - Caudal 280m\u00b3\/h - con Ice-Pack"},{"@type":"BreadcrumbList","@id":"https:\/\/www.maprofar.com\/tienda\/producto\/muvip-climatizador-7-5-litros-80w-3-velocidades-oscilacion-70o\/#breadcrumb","itemListElement":[{"@type":"ListItem","position":1,"name":"Portada","item":"https:\/\/www.maprofar.com\/tienda\/"},{"@type":"ListItem","position":2,"name":"Inicio","item":"https:\/\/www.maprofar.com\/tienda\/"},{"@type":"ListItem","position":3,"name":"Muvip Climatizador 7.5 Litros &#8211; 80W &#8211; 3 Velocidades &#8211; Oscilaci\u00f3n 70\u00ba"}]},{"@type":"WebSite","@id":"https:\/\/www.maprofar.com\/tienda\/#website","url":"https:\/\/www.maprofar.com\/tienda\/","name":"Maprofar - Toner Compatibles y Material de Oficina","description":"Encuentra en Maprofar tu t\u00f3ner compatible Brother y HP al mejor precio. Calidad garantizada, env\u00edo urgente 24h y asesoramiento t\u00e9cnico experto. \u00a1Vis\u00edtanos!","publisher":{"@id":"https:\/\/www.maprofar.com\/tienda\/#organization"},"alternateName":"Maprofar Inform\u00e1tica","potentialAction":[{"@type":"SearchAction","target":{"@type":"EntryPoint","urlTemplate":"https:\/\/www.maprofar.com\/tienda\/?s={search_term_string}"},"query-input":{"@type":"PropertyValueSpecification","valueRequired":true,"valueName":"search_term_string"}}],"inLanguage":"es"},{"@type":"Organization","@id":"https:\/\/www.maprofar.com\/tienda\/#organization","name":"Maprofar S.L.","url":"https:\/\/www.maprofar.com\/tienda\/","logo":{"@type":"ImageObject","inLanguage":"es","@id":"https:\/\/www.maprofar.com\/tienda\/#\/schema\/logo\/image\/","url":"https:\/\/www.maprofar.com\/tienda\/wp-content\/uploads\/2021\/05\/logo_circulo.jpg","contentUrl":"https:\/\/www.maprofar.com\/tienda\/wp-content\/uploads\/2021\/05\/logo_circulo.jpg","width":404,"height":335,"caption":"Maprofar S.L."},"image":{"@id":"https:\/\/www.maprofar.com\/tienda\/#\/schema\/logo\/image\/"},"sameAs":["https:\/\/es-es.facebook.com\/maprofar","https:\/\/www.instagram.com\/maprofar_informatica\/","https:\/\/www.pinterest.es\/maprofar\/"]}]}},"_links":{"self":[{"href":"https:\/\/www.maprofar.com\/tienda\/wp-json\/wp\/v2\/product\/12033","targetHints":{"allow":["GET"]}}],"collection":[{"href":"https:\/\/www.maprofar.com\/tienda\/wp-json\/wp\/v2\/product"}],"about":[{"href":"https:\/\/www.maprofar.com\/tienda\/wp-json\/wp\/v2\/types\/product"}],"wp:featuredmedia":[{"embeddable":true,"href":"https:\/\/www.maprofar.com\/tienda\/wp-json\/wp\/v2\/media\/12037"}],"wp:attachment":[{"href":"https:\/\/www.maprofar.com\/tienda\/wp-json\/wp\/v2\/media?parent=12033"}],"wp:term":[{"taxonomy":"product_brand","embeddable":true,"href":"https:\/\/www.maprofar.com\/tienda\/wp-json\/wp\/v2\/product_brand?post=12033"},{"taxonomy":"product_cat","embeddable":true,"href":"https:\/\/www.maprofar.com\/tienda\/wp-json\/wp\/v2\/product_cat?post=12033"},{"taxonomy":"product_tag","embeddable":true,"href":"https:\/\/www.maprofar.com\/tienda\/wp-json\/wp\/v2\/product_tag?post=12033"}],"curies":[{"name":"wp","href":"https:\/\/api.w.org\/{rel}","templated":true}]}}