{"id":12067,"date":"2025-06-30T20:14:21","date_gmt":"2025-06-30T18:14:21","guid":{"rendered":"https:\/\/www.maprofar.com\/tienda\/?post_type=product&#038;p=12067"},"modified":"2025-06-30T20:14:22","modified_gmt":"2025-06-30T18:14:22","slug":"avpos-display-comercial-suelo-27-tactil-i3-8gb-256gb-wifi-color-blanco","status":"publish","type":"product","link":"https:\/\/www.maprofar.com\/tienda\/producto\/avpos-display-comercial-suelo-27-tactil-i3-8gb-256gb-wifi-color-blanco\/","title":{"rendered":"AVPos Display Comercial Suelo 27 \u00bb Tactil &#8211; I3 &#8211; 8GB &#8211; 256GB &#8211; WIFI &#8211; Color Blanco"},"content":{"rendered":"<p>AVPos Display Comercial Suelo 27 \u00bb Tactil &#8211; I3 &#8211; 8GB &#8211; 256GB &#8211; WIFI &#8211; Color Blanco<\/p>\n<p>El AVPOS Suelo 27\u2033 T\u00e1ctil es la herramienta perfecta para transformar la experiencia en tu negocio. Con su pantalla de 27 pulgadas y tecnolog\u00eda t\u00e1ctil, facilita la interacci\u00f3n r\u00e1pida y eficiente, mejorando la atenci\u00f3n al cliente y optimizando las operaciones diarias. Su dise\u00f1o elegante y funcional es ideal para cualquier punto de venta, ofreciendo un rendimiento confiable y moderno para llevar tu empresa al siguiente nivel.<\/p>\n<p>Especificaciones:<\/p>\n<p>-Pantalla T\u00e1ctil de 27\u2033: Amplia y precisa, perfecta para interactuar f\u00e1cilmente en puntos de venta.<br \/>\n-Procesador Intel\u00ae Core\u2122 i3-10110U (10\u00aa Generaci\u00f3n): Ofrece rendimiento \u00e1gil para tareas comerciales diarias.<br \/>\n-Memoria RAM de 8GB DDR4 2666 MHz: Garantiza un funcionamiento fluido durante m\u00faltiples operaciones.<br \/>\n-Almacenamiento de 256 GB SSD M-SATA: R\u00e1pido y fiable, mejora los tiempos de carga y arranque.<\/p>\n<p>Conectividad:<\/p>\n<p>-Wi-Fi Intel\u00ae Wifi Link 5100 AGN: Conexi\u00f3n inal\u00e1mbrica confiable.<br \/>\n-Ethernet 1 GB Realtek: Conexi\u00f3n por cable estable y r\u00e1pida.<\/p>\n<p>Puertos:<\/p>\n<p>-2 x USB 2.0 y 2 x USB 3.0: Conecta perif\u00e9ricos como impresoras o lectores de Codigos.<br \/>\n-VGA y HDMI: Conexi\u00f3n a pantallas o proyectores.<br \/>\n-Audio Out \/ Mic In: Para conectar altavoces o micr\u00f3fono.<\/p>\n<p>Seguridad:<\/p>\n<p>-TPM 2.0: Protecci\u00f3n avanzada de datos mediante cifrado de hardware.<\/p>\n<p>Dise\u00f1o:<\/p>\n<p>-Color Blanco Elegante: Ideal para cualquier entorno comercial moderno.<\/p>\n<p>Caracter\u00edsticas Adicionales:<\/p>\n<p>-Pantalla Giratoria 90\u00b0: Usable en formato vertical o apaisado.<br \/>\n-Altavoces Integrados: Sonido directo desde el dispositivo.<br \/>\n-Conector de Alimentaci\u00f3n y Bot\u00f3n de Encendido: Sencillos y f\u00e1ciles de usar.<\/p>\n<p>El Display Comercial AVPos es la soluci\u00f3n perfecta para mostrar su publicidad de manera efectiva a los clientes. Esta pantalla digital permite reproducir presentaciones de la empresa, as\u00ed como productos, servicios y otra informaci\u00f3n relevante. Su versatilidad la hace ideal para salas de exposici\u00f3n, ferias, el sector de la restauraci\u00f3n y \u00e1reas de entrada.<\/p>\n<p><span style=\"color: #999999;\">Comprar AVPos Display Comercial Suelo 27 \u00bb Tactil &#8211; I3 &#8211; 8GB &#8211; 256GB &#8211; WIFI &#8211; Color Blanco<\/span><\/p>\n","protected":false},"excerpt":{"rendered":"<p class=\"titulo_subseccion_da\">CARACTER\u00cdSTICAS<\/p>\n<div class=\"listado_caracteristicas_da\"><span class=\"linea_datos_da\">\u2022 Marca:\u00a0<span class=\"gris_400\" title=\"AVPos\">AVPos<\/span><\/span><\/div>\n<div class=\"listado_caracteristicas_da\"><span class=\"linea_datos_da\" title=\"Blanco\">\u2022 Color:\u00a0<span class=\"gris_400\">Blanco<\/span><\/span><\/div>\n<div class=\"listado_caracteristicas_da\"><span class=\"linea_datos_da\" title=\"AVPos\">\u2022 Fabricante:\u00a0<span class=\"gris_400\">AVPos<\/span><\/span><\/div>\n<div class=\"listado_caracteristicas_da\"><span class=\"linea_datos_da\" title=\"\" aria-describedby=\"ui-id-9\">\u2022 Ref.:\u00a0<span class=\"gris_400\">AVP-CD27-I3<\/span><\/span><\/div>\n","protected":false},"featured_media":12069,"template":"","meta":[],"product_brand":[],"product_cat":[178],"product_tag":[],"class_list":{"0":"post-12067","1":"product","2":"type-product","3":"status-publish","4":"has-post-thumbnail","6":"product_cat-equipos-tpv","8":"first","9":"instock","10":"taxable","11":"shipping-taxable","12":"purchasable","13":"product-type-simple"},"yoast_head":"<!-- This site is optimized with the Yoast SEO Premium plugin v22.3 (Yoast SEO v27.4) - https:\/\/yoast.com\/product\/yoast-seo-premium-wordpress\/ -->\n<title>AVPos Display Comercial Suelo 27 &quot; Tactil - I3 - 8GB - 256GB<\/title>\n<meta name=\"description\" content=\"AVPos Display Comercial Suelo 27 &quot; Tactil - I3 - 8GB - 256GB - WIFI - Color Blanco - En Maprofar encontrar\u00e1s equipos TPV al mejor precio.\" \/>\n<meta name=\"robots\" content=\"index, follow, max-snippet:-1, max-image-preview:large, max-video-preview:-1\" \/>\n<link rel=\"canonical\" href=\"https:\/\/www.maprofar.com\/tienda\/producto\/avpos-display-comercial-suelo-27-tactil-i3-8gb-256gb-wifi-color-blanco\/\" \/>\n<meta property=\"og:locale\" content=\"es_ES\" \/>\n<meta property=\"og:type\" content=\"article\" \/>\n<meta property=\"og:title\" content=\"AVPos Display Comercial Suelo 27 &quot; Tactil - I3 - 8GB - 256GB - WIFI - Color Blanco - Maprofar | T\u00f3ner Compatible Brother, HP y Soluciones de Impresi\u00f3n 3D\" \/>\n<meta property=\"og:description\" content=\"En Maprofar encontrar\u00e1s t\u00f3ner compatibles de calidad y material de oficina al mejor precio. Ahorra sin sacrificar rendimiento. \u00a1Aprovecha nuestras ofertas y descuentos!\" \/>\n<meta property=\"og:url\" content=\"https:\/\/www.maprofar.com\/tienda\/producto\/avpos-display-comercial-suelo-27-tactil-i3-8gb-256gb-wifi-color-blanco\/\" \/>\n<meta property=\"og:site_name\" content=\"Maprofar | T\u00f3ner Compatible Brother, HP y Soluciones de Impresi\u00f3n 3D\" \/>\n<meta property=\"article:publisher\" content=\"https:\/\/es-es.facebook.com\/maprofar\" \/>\n<meta property=\"article:modified_time\" content=\"2025-06-30T18:14:22+00:00\" \/>\n<meta property=\"og:image\" content=\"https:\/\/www.maprofar.com\/tienda\/wp-content\/uploads\/2025\/06\/AVP-CD27-I3.jpg\" \/>\n\t<meta property=\"og:image:width\" content=\"600\" \/>\n\t<meta property=\"og:image:height\" content=\"600\" \/>\n\t<meta property=\"og:image:type\" content=\"image\/jpeg\" \/>\n<meta name=\"twitter:card\" content=\"summary_large_image\" \/>\n<meta name=\"twitter:label1\" content=\"Tiempo de lectura\" \/>\n\t<meta name=\"twitter:data1\" content=\"2 minutos\" \/>\n<script type=\"application\/ld+json\" class=\"yoast-schema-graph\">{\"@context\":\"https:\\\/\\\/schema.org\",\"@graph\":[{\"@type\":\"WebPage\",\"@id\":\"https:\\\/\\\/www.maprofar.com\\\/tienda\\\/producto\\\/avpos-display-comercial-suelo-27-tactil-i3-8gb-256gb-wifi-color-blanco\\\/\",\"url\":\"https:\\\/\\\/www.maprofar.com\\\/tienda\\\/producto\\\/avpos-display-comercial-suelo-27-tactil-i3-8gb-256gb-wifi-color-blanco\\\/\",\"name\":\"AVPos Display Comercial Suelo 27 \\\" Tactil - I3 - 8GB - 256GB\",\"isPartOf\":{\"@id\":\"https:\\\/\\\/www.maprofar.com\\\/tienda\\\/#website\"},\"primaryImageOfPage\":{\"@id\":\"https:\\\/\\\/www.maprofar.com\\\/tienda\\\/producto\\\/avpos-display-comercial-suelo-27-tactil-i3-8gb-256gb-wifi-color-blanco\\\/#primaryimage\"},\"image\":{\"@id\":\"https:\\\/\\\/www.maprofar.com\\\/tienda\\\/producto\\\/avpos-display-comercial-suelo-27-tactil-i3-8gb-256gb-wifi-color-blanco\\\/#primaryimage\"},\"thumbnailUrl\":\"https:\\\/\\\/www.maprofar.com\\\/tienda\\\/wp-content\\\/uploads\\\/2025\\\/06\\\/AVP-CD27-I3.jpg\",\"datePublished\":\"2025-06-30T18:14:21+00:00\",\"dateModified\":\"2025-06-30T18:14:22+00:00\",\"description\":\"AVPos Display Comercial Suelo 27 \\\" Tactil - I3 - 8GB - 256GB - WIFI - Color Blanco - En Maprofar encontrar\u00e1s equipos TPV al mejor precio.\",\"breadcrumb\":{\"@id\":\"https:\\\/\\\/www.maprofar.com\\\/tienda\\\/producto\\\/avpos-display-comercial-suelo-27-tactil-i3-8gb-256gb-wifi-color-blanco\\\/#breadcrumb\"},\"inLanguage\":\"es\",\"potentialAction\":[{\"@type\":\"ReadAction\",\"target\":[\"https:\\\/\\\/www.maprofar.com\\\/tienda\\\/producto\\\/avpos-display-comercial-suelo-27-tactil-i3-8gb-256gb-wifi-color-blanco\\\/\"]}]},{\"@type\":\"ImageObject\",\"inLanguage\":\"es\",\"@id\":\"https:\\\/\\\/www.maprofar.com\\\/tienda\\\/producto\\\/avpos-display-comercial-suelo-27-tactil-i3-8gb-256gb-wifi-color-blanco\\\/#primaryimage\",\"url\":\"https:\\\/\\\/www.maprofar.com\\\/tienda\\\/wp-content\\\/uploads\\\/2025\\\/06\\\/AVP-CD27-I3.jpg\",\"contentUrl\":\"https:\\\/\\\/www.maprofar.com\\\/tienda\\\/wp-content\\\/uploads\\\/2025\\\/06\\\/AVP-CD27-I3.jpg\",\"width\":600,\"height\":600,\"caption\":\"AVPos Display Comercial Suelo 27 \\\" Tactil - I3 - 8GB - 256GB - WIFI - Color Blanco\"},{\"@type\":\"BreadcrumbList\",\"@id\":\"https:\\\/\\\/www.maprofar.com\\\/tienda\\\/producto\\\/avpos-display-comercial-suelo-27-tactil-i3-8gb-256gb-wifi-color-blanco\\\/#breadcrumb\",\"itemListElement\":[{\"@type\":\"ListItem\",\"position\":1,\"name\":\"Portada\",\"item\":\"https:\\\/\\\/www.maprofar.com\\\/tienda\\\/\"},{\"@type\":\"ListItem\",\"position\":2,\"name\":\"Inicio\",\"item\":\"https:\\\/\\\/www.maprofar.com\\\/tienda\\\/\"},{\"@type\":\"ListItem\",\"position\":3,\"name\":\"AVPos Display Comercial Suelo 27 \u00bb Tactil &#8211; I3 &#8211; 8GB &#8211; 256GB &#8211; WIFI &#8211; Color Blanco\"}]},{\"@type\":\"WebSite\",\"@id\":\"https:\\\/\\\/www.maprofar.com\\\/tienda\\\/#website\",\"url\":\"https:\\\/\\\/www.maprofar.com\\\/tienda\\\/\",\"name\":\"Maprofar - Toner Compatibles y Material de Oficina\",\"description\":\"Encuentra en Maprofar tu t\u00f3ner compatible Brother y HP al mejor precio. Calidad garantizada, env\u00edo urgente 24h y asesoramiento t\u00e9cnico experto. \u00a1Vis\u00edtanos!\",\"publisher\":{\"@id\":\"https:\\\/\\\/www.maprofar.com\\\/tienda\\\/#organization\"},\"alternateName\":\"Maprofar Inform\u00e1tica\",\"potentialAction\":[{\"@type\":\"SearchAction\",\"target\":{\"@type\":\"EntryPoint\",\"urlTemplate\":\"https:\\\/\\\/www.maprofar.com\\\/tienda\\\/?s={search_term_string}\"},\"query-input\":{\"@type\":\"PropertyValueSpecification\",\"valueRequired\":true,\"valueName\":\"search_term_string\"}}],\"inLanguage\":\"es\"},{\"@type\":\"Organization\",\"@id\":\"https:\\\/\\\/www.maprofar.com\\\/tienda\\\/#organization\",\"name\":\"Maprofar S.L.\",\"url\":\"https:\\\/\\\/www.maprofar.com\\\/tienda\\\/\",\"logo\":{\"@type\":\"ImageObject\",\"inLanguage\":\"es\",\"@id\":\"https:\\\/\\\/www.maprofar.com\\\/tienda\\\/#\\\/schema\\\/logo\\\/image\\\/\",\"url\":\"https:\\\/\\\/www.maprofar.com\\\/tienda\\\/wp-content\\\/uploads\\\/2021\\\/05\\\/logo_circulo.jpg\",\"contentUrl\":\"https:\\\/\\\/www.maprofar.com\\\/tienda\\\/wp-content\\\/uploads\\\/2021\\\/05\\\/logo_circulo.jpg\",\"width\":404,\"height\":335,\"caption\":\"Maprofar S.L.\"},\"image\":{\"@id\":\"https:\\\/\\\/www.maprofar.com\\\/tienda\\\/#\\\/schema\\\/logo\\\/image\\\/\"},\"sameAs\":[\"https:\\\/\\\/es-es.facebook.com\\\/maprofar\",\"https:\\\/\\\/www.instagram.com\\\/maprofar_informatica\\\/\",\"https:\\\/\\\/www.pinterest.es\\\/maprofar\\\/\"]}]}<\/script>\n<!-- \/ Yoast SEO Premium plugin. -->","yoast_head_json":{"title":"AVPos Display Comercial Suelo 27 \" Tactil - I3 - 8GB - 256GB","description":"AVPos Display Comercial Suelo 27 \" Tactil - I3 - 8GB - 256GB - WIFI - Color Blanco - En Maprofar encontrar\u00e1s equipos TPV al mejor precio.","robots":{"index":"index","follow":"follow","max-snippet":"max-snippet:-1","max-image-preview":"max-image-preview:large","max-video-preview":"max-video-preview:-1"},"canonical":"https:\/\/www.maprofar.com\/tienda\/producto\/avpos-display-comercial-suelo-27-tactil-i3-8gb-256gb-wifi-color-blanco\/","og_locale":"es_ES","og_type":"article","og_title":"AVPos Display Comercial Suelo 27 \" Tactil - I3 - 8GB - 256GB - WIFI - Color Blanco - Maprofar | T\u00f3ner Compatible Brother, HP y Soluciones de Impresi\u00f3n 3D","og_description":"En Maprofar encontrar\u00e1s t\u00f3ner compatibles de calidad y material de oficina al mejor precio. Ahorra sin sacrificar rendimiento. \u00a1Aprovecha nuestras ofertas y descuentos!","og_url":"https:\/\/www.maprofar.com\/tienda\/producto\/avpos-display-comercial-suelo-27-tactil-i3-8gb-256gb-wifi-color-blanco\/","og_site_name":"Maprofar | T\u00f3ner Compatible Brother, HP y Soluciones de Impresi\u00f3n 3D","article_publisher":"https:\/\/es-es.facebook.com\/maprofar","article_modified_time":"2025-06-30T18:14:22+00:00","og_image":[{"width":600,"height":600,"url":"https:\/\/www.maprofar.com\/tienda\/wp-content\/uploads\/2025\/06\/AVP-CD27-I3.jpg","type":"image\/jpeg"}],"twitter_card":"summary_large_image","twitter_misc":{"Tiempo de lectura":"2 minutos"},"schema":{"@context":"https:\/\/schema.org","@graph":[{"@type":"WebPage","@id":"https:\/\/www.maprofar.com\/tienda\/producto\/avpos-display-comercial-suelo-27-tactil-i3-8gb-256gb-wifi-color-blanco\/","url":"https:\/\/www.maprofar.com\/tienda\/producto\/avpos-display-comercial-suelo-27-tactil-i3-8gb-256gb-wifi-color-blanco\/","name":"AVPos Display Comercial Suelo 27 \" Tactil - I3 - 8GB - 256GB","isPartOf":{"@id":"https:\/\/www.maprofar.com\/tienda\/#website"},"primaryImageOfPage":{"@id":"https:\/\/www.maprofar.com\/tienda\/producto\/avpos-display-comercial-suelo-27-tactil-i3-8gb-256gb-wifi-color-blanco\/#primaryimage"},"image":{"@id":"https:\/\/www.maprofar.com\/tienda\/producto\/avpos-display-comercial-suelo-27-tactil-i3-8gb-256gb-wifi-color-blanco\/#primaryimage"},"thumbnailUrl":"https:\/\/www.maprofar.com\/tienda\/wp-content\/uploads\/2025\/06\/AVP-CD27-I3.jpg","datePublished":"2025-06-30T18:14:21+00:00","dateModified":"2025-06-30T18:14:22+00:00","description":"AVPos Display Comercial Suelo 27 \" Tactil - I3 - 8GB - 256GB - WIFI - Color Blanco - En Maprofar encontrar\u00e1s equipos TPV al mejor precio.","breadcrumb":{"@id":"https:\/\/www.maprofar.com\/tienda\/producto\/avpos-display-comercial-suelo-27-tactil-i3-8gb-256gb-wifi-color-blanco\/#breadcrumb"},"inLanguage":"es","potentialAction":[{"@type":"ReadAction","target":["https:\/\/www.maprofar.com\/tienda\/producto\/avpos-display-comercial-suelo-27-tactil-i3-8gb-256gb-wifi-color-blanco\/"]}]},{"@type":"ImageObject","inLanguage":"es","@id":"https:\/\/www.maprofar.com\/tienda\/producto\/avpos-display-comercial-suelo-27-tactil-i3-8gb-256gb-wifi-color-blanco\/#primaryimage","url":"https:\/\/www.maprofar.com\/tienda\/wp-content\/uploads\/2025\/06\/AVP-CD27-I3.jpg","contentUrl":"https:\/\/www.maprofar.com\/tienda\/wp-content\/uploads\/2025\/06\/AVP-CD27-I3.jpg","width":600,"height":600,"caption":"AVPos Display Comercial Suelo 27 \" Tactil - I3 - 8GB - 256GB - WIFI - Color Blanco"},{"@type":"BreadcrumbList","@id":"https:\/\/www.maprofar.com\/tienda\/producto\/avpos-display-comercial-suelo-27-tactil-i3-8gb-256gb-wifi-color-blanco\/#breadcrumb","itemListElement":[{"@type":"ListItem","position":1,"name":"Portada","item":"https:\/\/www.maprofar.com\/tienda\/"},{"@type":"ListItem","position":2,"name":"Inicio","item":"https:\/\/www.maprofar.com\/tienda\/"},{"@type":"ListItem","position":3,"name":"AVPos Display Comercial Suelo 27 \u00bb Tactil &#8211; I3 &#8211; 8GB &#8211; 256GB &#8211; WIFI &#8211; Color Blanco"}]},{"@type":"WebSite","@id":"https:\/\/www.maprofar.com\/tienda\/#website","url":"https:\/\/www.maprofar.com\/tienda\/","name":"Maprofar - Toner Compatibles y Material de Oficina","description":"Encuentra en Maprofar tu t\u00f3ner compatible Brother y HP al mejor precio. Calidad garantizada, env\u00edo urgente 24h y asesoramiento t\u00e9cnico experto. \u00a1Vis\u00edtanos!","publisher":{"@id":"https:\/\/www.maprofar.com\/tienda\/#organization"},"alternateName":"Maprofar Inform\u00e1tica","potentialAction":[{"@type":"SearchAction","target":{"@type":"EntryPoint","urlTemplate":"https:\/\/www.maprofar.com\/tienda\/?s={search_term_string}"},"query-input":{"@type":"PropertyValueSpecification","valueRequired":true,"valueName":"search_term_string"}}],"inLanguage":"es"},{"@type":"Organization","@id":"https:\/\/www.maprofar.com\/tienda\/#organization","name":"Maprofar S.L.","url":"https:\/\/www.maprofar.com\/tienda\/","logo":{"@type":"ImageObject","inLanguage":"es","@id":"https:\/\/www.maprofar.com\/tienda\/#\/schema\/logo\/image\/","url":"https:\/\/www.maprofar.com\/tienda\/wp-content\/uploads\/2021\/05\/logo_circulo.jpg","contentUrl":"https:\/\/www.maprofar.com\/tienda\/wp-content\/uploads\/2021\/05\/logo_circulo.jpg","width":404,"height":335,"caption":"Maprofar S.L."},"image":{"@id":"https:\/\/www.maprofar.com\/tienda\/#\/schema\/logo\/image\/"},"sameAs":["https:\/\/es-es.facebook.com\/maprofar","https:\/\/www.instagram.com\/maprofar_informatica\/","https:\/\/www.pinterest.es\/maprofar\/"]}]}},"_links":{"self":[{"href":"https:\/\/www.maprofar.com\/tienda\/wp-json\/wp\/v2\/product\/12067","targetHints":{"allow":["GET"]}}],"collection":[{"href":"https:\/\/www.maprofar.com\/tienda\/wp-json\/wp\/v2\/product"}],"about":[{"href":"https:\/\/www.maprofar.com\/tienda\/wp-json\/wp\/v2\/types\/product"}],"wp:featuredmedia":[{"embeddable":true,"href":"https:\/\/www.maprofar.com\/tienda\/wp-json\/wp\/v2\/media\/12069"}],"wp:attachment":[{"href":"https:\/\/www.maprofar.com\/tienda\/wp-json\/wp\/v2\/media?parent=12067"}],"wp:term":[{"taxonomy":"product_brand","embeddable":true,"href":"https:\/\/www.maprofar.com\/tienda\/wp-json\/wp\/v2\/product_brand?post=12067"},{"taxonomy":"product_cat","embeddable":true,"href":"https:\/\/www.maprofar.com\/tienda\/wp-json\/wp\/v2\/product_cat?post=12067"},{"taxonomy":"product_tag","embeddable":true,"href":"https:\/\/www.maprofar.com\/tienda\/wp-json\/wp\/v2\/product_tag?post=12067"}],"curies":[{"name":"wp","href":"https:\/\/api.w.org\/{rel}","templated":true}]}}