{"id":12112,"date":"2025-07-01T17:46:06","date_gmt":"2025-07-01T15:46:06","guid":{"rendered":"https:\/\/www.maprofar.com\/tienda\/?post_type=product&#038;p=12112"},"modified":"2025-07-01T17:46:07","modified_gmt":"2025-07-01T15:46:07","slug":"avpos-avp-260-2d-lector-de-codigos-alto-rendimiento","status":"publish","type":"product","link":"https:\/\/www.maprofar.com\/tienda\/producto\/avpos-avp-260-2d-lector-de-codigos-alto-rendimiento\/","title":{"rendered":"AVPos AVP-260-2D Lector de Codigos Alto Rendimiento"},"content":{"rendered":"<p>AVPos AVP-260-2D Lector de Codigos Alto Rendimiento &#8211; Lectura Codigos 1D, 2D y QR &#8211; Escaneo Manual y Automatico &#8211; USB &#8211; Color Negro<\/p>\n<p>El AVPos 260-2D es un lector de c\u00f3digos 1D\/2D USB con un dise\u00f1o exclusivo y con lectura super r\u00e1pida. el AVP-260-2D cuenta con una estructura elegante, vers\u00e1til y f\u00e1cil de usar. Soporta todos los c\u00f3digos de barras comunes 1D y 2D, y es capaz de escanear c\u00f3digos en pantalla. Incluye un Stand, adem\u00e1s cuenta con LED en la parte superior, timbre y vibraci\u00f3n para indicar estados de lectura.<\/p>\n<p>Especificaciones:<\/p>\n<p>Par\u00e1metros de rendimiento<\/p>\n<p>-Dimensiones 168mm*85mm*62mm<br \/>\n-Lectura Impresi\u00f3n de c\u00f3digos 1D y 2D<br \/>\n-Sensor 640*480 CMOS<br \/>\n-Modo de Escaner Escaneo Manual y autom\u00e1tico<br \/>\n-Peso 157g<br \/>\n-Profundidad de campo 2-50 cm<br \/>\n-Velocidad de escaneo 120 Fps<br \/>\n-Soporte OS Linux\uff0cAndroid\uff0cWindows XP,7, 8,10\uff0cMacOS<br \/>\n-Contraste m\u00ednimo 25%<br \/>\n-Interfaces USB<br \/>\n-\u00c1ngulo de escaneo Horizontal: \u00b170\u00b0 Vertical\uff1a\u00b160\u00b0 Rotaci\u00f3n: \u00b1360\u00b0<br \/>\n-Nivel Rugerizado<br \/>\n-Dise\u00f1ado para soportar ca\u00eddas de 2 M sobre el hormig\u00f3n 5 veces<br \/>\n-Temperatura de funcionamiento 0-60\u2103<br \/>\n-Formato de C\u00f3digo EAN-8, EAN-13, EAN-13 2 add-on, EAN-13 5 add-on, ISSN, ISBN, UPC-A, UPC-E, Code 11, Code 32, Code 39, Code 39FULLASCII, Code 93, Code 128, Codabar, Industrial 2 of 5, Interleaved 2 of 5, Matrix 2 of 5, ISBT-128, GS1-128, GS1 DataBar (RSS14), GS1 DataBar Limited, GS1 DataBar Expanded<br \/>\n-Formato de imagen 2D PDF417,MicroPDF417,MicroQR, Data Matrix,QR,Aztec<br \/>\n-Idiomas soportados American-English, French, Italian, German, Spanish, Finnish, Japanese, Russian, Arabic, Irish, Polish, Dutch, Czech, Portuguese (Portuguese, Brazilian), Swedish, Turkish F, Turkish Q , Greek, Belgian-French, UK-English<br \/>\n-Certificaci\u00f3n CE, RoHS Y FCC<\/p>\n<p><span style=\"color: #999999;\">Comprar AVPos AVP-260-2D Lector de Codigos Alto Rendimiento &#8211; Lectura Codigos 1D, 2D y QR &#8211; Escaneo Manual y Automatico &#8211; USB &#8211; Color Negro<\/span><\/p>\n","protected":false},"excerpt":{"rendered":"<p class=\"titulo_subseccion_da\">CARACTER\u00cdSTICAS<\/p>\n<div class=\"listado_caracteristicas_da\"><span class=\"linea_datos_da\">\u2022 Marca:\u00a0<span class=\"gris_400\" title=\"AVPos\">AVPos<\/span><\/span><\/div>\n<div class=\"listado_caracteristicas_da\"><span class=\"linea_datos_da\" title=\"Negro\">\u2022 Color:\u00a0<span class=\"gris_400\">Negro<\/span><\/span><\/div>\n<div class=\"listado_caracteristicas_da\"><span class=\"linea_datos_da\" title=\"AVPos\">\u2022 Fabricante:\u00a0<span class=\"gris_400\">AVPos<\/span><\/span><\/div>\n<div class=\"listado_caracteristicas_da\"><span class=\"linea_datos_da\" title=\"\" aria-describedby=\"ui-id-15\">\u2022 Ref.:\u00a0<span class=\"gris_400\">AVP-260-2D<\/span><\/span><\/div>\n","protected":false},"featured_media":12118,"template":"","meta":[],"product_brand":[],"product_cat":[184],"product_tag":[],"class_list":{"0":"post-12112","1":"product","2":"type-product","3":"status-publish","4":"has-post-thumbnail","6":"product_cat-lectores-de-codigos","8":"first","9":"instock","10":"taxable","11":"shipping-taxable","12":"purchasable","13":"product-type-simple"},"yoast_head":"<!-- This site is optimized with the Yoast SEO Premium plugin v22.3 (Yoast SEO v27.4) - https:\/\/yoast.com\/product\/yoast-seo-premium-wordpress\/ -->\n<title>AVPos AVP-260-2D Lector de Codigos Alto Rendimiento - Maprofar | T\u00f3ner Compatible Brother, HP y Soluciones de Impresi\u00f3n 3D<\/title>\n<meta name=\"description\" content=\"AVPos AVP-260-2D Lector de Codigos Alto Rendimiento - Lectura Codigos 1D, 2D y QR - Escaneo Manual y Automatico - USB - Color Negro\" \/>\n<meta name=\"robots\" content=\"index, follow, max-snippet:-1, max-image-preview:large, max-video-preview:-1\" \/>\n<link rel=\"canonical\" href=\"https:\/\/www.maprofar.com\/tienda\/producto\/avpos-avp-260-2d-lector-de-codigos-alto-rendimiento\/\" \/>\n<meta property=\"og:locale\" content=\"es_ES\" \/>\n<meta property=\"og:type\" content=\"article\" \/>\n<meta property=\"og:title\" content=\"AVPos AVP-260-2D Lector de Codigos Alto Rendimiento - Maprofar | T\u00f3ner Compatible Brother, HP y Soluciones de Impresi\u00f3n 3D\" \/>\n<meta property=\"og:description\" content=\"En Maprofar encontrar\u00e1s t\u00f3ner compatibles de calidad y material de oficina al mejor precio. Ahorra sin sacrificar rendimiento. \u00a1Aprovecha nuestras ofertas y descuentos!\" \/>\n<meta property=\"og:url\" content=\"https:\/\/www.maprofar.com\/tienda\/producto\/avpos-avp-260-2d-lector-de-codigos-alto-rendimiento\/\" \/>\n<meta property=\"og:site_name\" content=\"Maprofar | T\u00f3ner Compatible Brother, HP y Soluciones de Impresi\u00f3n 3D\" \/>\n<meta property=\"article:publisher\" content=\"https:\/\/es-es.facebook.com\/maprofar\" \/>\n<meta property=\"article:modified_time\" content=\"2025-07-01T15:46:07+00:00\" \/>\n<meta property=\"og:image\" content=\"https:\/\/www.maprofar.com\/tienda\/wp-content\/uploads\/2025\/07\/AVP-260-2D_1.jpg\" \/>\n\t<meta property=\"og:image:width\" content=\"600\" \/>\n\t<meta property=\"og:image:height\" content=\"600\" \/>\n\t<meta property=\"og:image:type\" content=\"image\/jpeg\" \/>\n<meta name=\"twitter:card\" content=\"summary_large_image\" \/>\n<meta name=\"twitter:label1\" content=\"Tiempo de lectura\" \/>\n\t<meta name=\"twitter:data1\" content=\"2 minutos\" \/>\n<script type=\"application\/ld+json\" class=\"yoast-schema-graph\">{\"@context\":\"https:\\\/\\\/schema.org\",\"@graph\":[{\"@type\":\"WebPage\",\"@id\":\"https:\\\/\\\/www.maprofar.com\\\/tienda\\\/producto\\\/avpos-avp-260-2d-lector-de-codigos-alto-rendimiento\\\/\",\"url\":\"https:\\\/\\\/www.maprofar.com\\\/tienda\\\/producto\\\/avpos-avp-260-2d-lector-de-codigos-alto-rendimiento\\\/\",\"name\":\"AVPos AVP-260-2D Lector de Codigos Alto Rendimiento - Maprofar | T\u00f3ner Compatible Brother, HP y Soluciones de Impresi\u00f3n 3D\",\"isPartOf\":{\"@id\":\"https:\\\/\\\/www.maprofar.com\\\/tienda\\\/#website\"},\"primaryImageOfPage\":{\"@id\":\"https:\\\/\\\/www.maprofar.com\\\/tienda\\\/producto\\\/avpos-avp-260-2d-lector-de-codigos-alto-rendimiento\\\/#primaryimage\"},\"image\":{\"@id\":\"https:\\\/\\\/www.maprofar.com\\\/tienda\\\/producto\\\/avpos-avp-260-2d-lector-de-codigos-alto-rendimiento\\\/#primaryimage\"},\"thumbnailUrl\":\"https:\\\/\\\/www.maprofar.com\\\/tienda\\\/wp-content\\\/uploads\\\/2025\\\/07\\\/AVP-260-2D_1.jpg\",\"datePublished\":\"2025-07-01T15:46:06+00:00\",\"dateModified\":\"2025-07-01T15:46:07+00:00\",\"description\":\"AVPos AVP-260-2D Lector de Codigos Alto Rendimiento - Lectura Codigos 1D, 2D y QR - Escaneo Manual y Automatico - USB - Color Negro\",\"breadcrumb\":{\"@id\":\"https:\\\/\\\/www.maprofar.com\\\/tienda\\\/producto\\\/avpos-avp-260-2d-lector-de-codigos-alto-rendimiento\\\/#breadcrumb\"},\"inLanguage\":\"es\",\"potentialAction\":[{\"@type\":\"ReadAction\",\"target\":[\"https:\\\/\\\/www.maprofar.com\\\/tienda\\\/producto\\\/avpos-avp-260-2d-lector-de-codigos-alto-rendimiento\\\/\"]}]},{\"@type\":\"ImageObject\",\"inLanguage\":\"es\",\"@id\":\"https:\\\/\\\/www.maprofar.com\\\/tienda\\\/producto\\\/avpos-avp-260-2d-lector-de-codigos-alto-rendimiento\\\/#primaryimage\",\"url\":\"https:\\\/\\\/www.maprofar.com\\\/tienda\\\/wp-content\\\/uploads\\\/2025\\\/07\\\/AVP-260-2D_1.jpg\",\"contentUrl\":\"https:\\\/\\\/www.maprofar.com\\\/tienda\\\/wp-content\\\/uploads\\\/2025\\\/07\\\/AVP-260-2D_1.jpg\",\"width\":600,\"height\":600,\"caption\":\"AVPos AVP-260-2D Lector de Codigos Alto Rendimiento - Lectura Codigos 1D, 2D y QR - Escaneo Manual y Automatico - USB - Color Negro\"},{\"@type\":\"BreadcrumbList\",\"@id\":\"https:\\\/\\\/www.maprofar.com\\\/tienda\\\/producto\\\/avpos-avp-260-2d-lector-de-codigos-alto-rendimiento\\\/#breadcrumb\",\"itemListElement\":[{\"@type\":\"ListItem\",\"position\":1,\"name\":\"Portada\",\"item\":\"https:\\\/\\\/www.maprofar.com\\\/tienda\\\/\"},{\"@type\":\"ListItem\",\"position\":2,\"name\":\"Inicio\",\"item\":\"https:\\\/\\\/www.maprofar.com\\\/tienda\\\/\"},{\"@type\":\"ListItem\",\"position\":3,\"name\":\"AVPos AVP-260-2D Lector de Codigos Alto Rendimiento\"}]},{\"@type\":\"WebSite\",\"@id\":\"https:\\\/\\\/www.maprofar.com\\\/tienda\\\/#website\",\"url\":\"https:\\\/\\\/www.maprofar.com\\\/tienda\\\/\",\"name\":\"Maprofar - Toner Compatibles y Material de Oficina\",\"description\":\"Encuentra en Maprofar tu t\u00f3ner compatible Brother y HP al mejor precio. Calidad garantizada, env\u00edo urgente 24h y asesoramiento t\u00e9cnico experto. \u00a1Vis\u00edtanos!\",\"publisher\":{\"@id\":\"https:\\\/\\\/www.maprofar.com\\\/tienda\\\/#organization\"},\"alternateName\":\"Maprofar Inform\u00e1tica\",\"potentialAction\":[{\"@type\":\"SearchAction\",\"target\":{\"@type\":\"EntryPoint\",\"urlTemplate\":\"https:\\\/\\\/www.maprofar.com\\\/tienda\\\/?s={search_term_string}\"},\"query-input\":{\"@type\":\"PropertyValueSpecification\",\"valueRequired\":true,\"valueName\":\"search_term_string\"}}],\"inLanguage\":\"es\"},{\"@type\":\"Organization\",\"@id\":\"https:\\\/\\\/www.maprofar.com\\\/tienda\\\/#organization\",\"name\":\"Maprofar S.L.\",\"url\":\"https:\\\/\\\/www.maprofar.com\\\/tienda\\\/\",\"logo\":{\"@type\":\"ImageObject\",\"inLanguage\":\"es\",\"@id\":\"https:\\\/\\\/www.maprofar.com\\\/tienda\\\/#\\\/schema\\\/logo\\\/image\\\/\",\"url\":\"https:\\\/\\\/www.maprofar.com\\\/tienda\\\/wp-content\\\/uploads\\\/2021\\\/05\\\/logo_circulo.jpg\",\"contentUrl\":\"https:\\\/\\\/www.maprofar.com\\\/tienda\\\/wp-content\\\/uploads\\\/2021\\\/05\\\/logo_circulo.jpg\",\"width\":404,\"height\":335,\"caption\":\"Maprofar S.L.\"},\"image\":{\"@id\":\"https:\\\/\\\/www.maprofar.com\\\/tienda\\\/#\\\/schema\\\/logo\\\/image\\\/\"},\"sameAs\":[\"https:\\\/\\\/es-es.facebook.com\\\/maprofar\",\"https:\\\/\\\/www.instagram.com\\\/maprofar_informatica\\\/\",\"https:\\\/\\\/www.pinterest.es\\\/maprofar\\\/\"]}]}<\/script>\n<!-- \/ Yoast SEO Premium plugin. -->","yoast_head_json":{"title":"AVPos AVP-260-2D Lector de Codigos Alto Rendimiento - Maprofar | T\u00f3ner Compatible Brother, HP y Soluciones de Impresi\u00f3n 3D","description":"AVPos AVP-260-2D Lector de Codigos Alto Rendimiento - Lectura Codigos 1D, 2D y QR - Escaneo Manual y Automatico - USB - Color Negro","robots":{"index":"index","follow":"follow","max-snippet":"max-snippet:-1","max-image-preview":"max-image-preview:large","max-video-preview":"max-video-preview:-1"},"canonical":"https:\/\/www.maprofar.com\/tienda\/producto\/avpos-avp-260-2d-lector-de-codigos-alto-rendimiento\/","og_locale":"es_ES","og_type":"article","og_title":"AVPos AVP-260-2D Lector de Codigos Alto Rendimiento - Maprofar | T\u00f3ner Compatible Brother, HP y Soluciones de Impresi\u00f3n 3D","og_description":"En Maprofar encontrar\u00e1s t\u00f3ner compatibles de calidad y material de oficina al mejor precio. Ahorra sin sacrificar rendimiento. \u00a1Aprovecha nuestras ofertas y descuentos!","og_url":"https:\/\/www.maprofar.com\/tienda\/producto\/avpos-avp-260-2d-lector-de-codigos-alto-rendimiento\/","og_site_name":"Maprofar | T\u00f3ner Compatible Brother, HP y Soluciones de Impresi\u00f3n 3D","article_publisher":"https:\/\/es-es.facebook.com\/maprofar","article_modified_time":"2025-07-01T15:46:07+00:00","og_image":[{"width":600,"height":600,"url":"https:\/\/www.maprofar.com\/tienda\/wp-content\/uploads\/2025\/07\/AVP-260-2D_1.jpg","type":"image\/jpeg"}],"twitter_card":"summary_large_image","twitter_misc":{"Tiempo de lectura":"2 minutos"},"schema":{"@context":"https:\/\/schema.org","@graph":[{"@type":"WebPage","@id":"https:\/\/www.maprofar.com\/tienda\/producto\/avpos-avp-260-2d-lector-de-codigos-alto-rendimiento\/","url":"https:\/\/www.maprofar.com\/tienda\/producto\/avpos-avp-260-2d-lector-de-codigos-alto-rendimiento\/","name":"AVPos AVP-260-2D Lector de Codigos Alto Rendimiento - Maprofar | T\u00f3ner Compatible Brother, HP y Soluciones de Impresi\u00f3n 3D","isPartOf":{"@id":"https:\/\/www.maprofar.com\/tienda\/#website"},"primaryImageOfPage":{"@id":"https:\/\/www.maprofar.com\/tienda\/producto\/avpos-avp-260-2d-lector-de-codigos-alto-rendimiento\/#primaryimage"},"image":{"@id":"https:\/\/www.maprofar.com\/tienda\/producto\/avpos-avp-260-2d-lector-de-codigos-alto-rendimiento\/#primaryimage"},"thumbnailUrl":"https:\/\/www.maprofar.com\/tienda\/wp-content\/uploads\/2025\/07\/AVP-260-2D_1.jpg","datePublished":"2025-07-01T15:46:06+00:00","dateModified":"2025-07-01T15:46:07+00:00","description":"AVPos AVP-260-2D Lector de Codigos Alto Rendimiento - Lectura Codigos 1D, 2D y QR - Escaneo Manual y Automatico - USB - Color Negro","breadcrumb":{"@id":"https:\/\/www.maprofar.com\/tienda\/producto\/avpos-avp-260-2d-lector-de-codigos-alto-rendimiento\/#breadcrumb"},"inLanguage":"es","potentialAction":[{"@type":"ReadAction","target":["https:\/\/www.maprofar.com\/tienda\/producto\/avpos-avp-260-2d-lector-de-codigos-alto-rendimiento\/"]}]},{"@type":"ImageObject","inLanguage":"es","@id":"https:\/\/www.maprofar.com\/tienda\/producto\/avpos-avp-260-2d-lector-de-codigos-alto-rendimiento\/#primaryimage","url":"https:\/\/www.maprofar.com\/tienda\/wp-content\/uploads\/2025\/07\/AVP-260-2D_1.jpg","contentUrl":"https:\/\/www.maprofar.com\/tienda\/wp-content\/uploads\/2025\/07\/AVP-260-2D_1.jpg","width":600,"height":600,"caption":"AVPos AVP-260-2D Lector de Codigos Alto Rendimiento - Lectura Codigos 1D, 2D y QR - Escaneo Manual y Automatico - USB - Color Negro"},{"@type":"BreadcrumbList","@id":"https:\/\/www.maprofar.com\/tienda\/producto\/avpos-avp-260-2d-lector-de-codigos-alto-rendimiento\/#breadcrumb","itemListElement":[{"@type":"ListItem","position":1,"name":"Portada","item":"https:\/\/www.maprofar.com\/tienda\/"},{"@type":"ListItem","position":2,"name":"Inicio","item":"https:\/\/www.maprofar.com\/tienda\/"},{"@type":"ListItem","position":3,"name":"AVPos AVP-260-2D Lector de Codigos Alto Rendimiento"}]},{"@type":"WebSite","@id":"https:\/\/www.maprofar.com\/tienda\/#website","url":"https:\/\/www.maprofar.com\/tienda\/","name":"Maprofar - Toner Compatibles y Material de Oficina","description":"Encuentra en Maprofar tu t\u00f3ner compatible Brother y HP al mejor precio. Calidad garantizada, env\u00edo urgente 24h y asesoramiento t\u00e9cnico experto. \u00a1Vis\u00edtanos!","publisher":{"@id":"https:\/\/www.maprofar.com\/tienda\/#organization"},"alternateName":"Maprofar Inform\u00e1tica","potentialAction":[{"@type":"SearchAction","target":{"@type":"EntryPoint","urlTemplate":"https:\/\/www.maprofar.com\/tienda\/?s={search_term_string}"},"query-input":{"@type":"PropertyValueSpecification","valueRequired":true,"valueName":"search_term_string"}}],"inLanguage":"es"},{"@type":"Organization","@id":"https:\/\/www.maprofar.com\/tienda\/#organization","name":"Maprofar S.L.","url":"https:\/\/www.maprofar.com\/tienda\/","logo":{"@type":"ImageObject","inLanguage":"es","@id":"https:\/\/www.maprofar.com\/tienda\/#\/schema\/logo\/image\/","url":"https:\/\/www.maprofar.com\/tienda\/wp-content\/uploads\/2021\/05\/logo_circulo.jpg","contentUrl":"https:\/\/www.maprofar.com\/tienda\/wp-content\/uploads\/2021\/05\/logo_circulo.jpg","width":404,"height":335,"caption":"Maprofar S.L."},"image":{"@id":"https:\/\/www.maprofar.com\/tienda\/#\/schema\/logo\/image\/"},"sameAs":["https:\/\/es-es.facebook.com\/maprofar","https:\/\/www.instagram.com\/maprofar_informatica\/","https:\/\/www.pinterest.es\/maprofar\/"]}]}},"_links":{"self":[{"href":"https:\/\/www.maprofar.com\/tienda\/wp-json\/wp\/v2\/product\/12112","targetHints":{"allow":["GET"]}}],"collection":[{"href":"https:\/\/www.maprofar.com\/tienda\/wp-json\/wp\/v2\/product"}],"about":[{"href":"https:\/\/www.maprofar.com\/tienda\/wp-json\/wp\/v2\/types\/product"}],"wp:featuredmedia":[{"embeddable":true,"href":"https:\/\/www.maprofar.com\/tienda\/wp-json\/wp\/v2\/media\/12118"}],"wp:attachment":[{"href":"https:\/\/www.maprofar.com\/tienda\/wp-json\/wp\/v2\/media?parent=12112"}],"wp:term":[{"taxonomy":"product_brand","embeddable":true,"href":"https:\/\/www.maprofar.com\/tienda\/wp-json\/wp\/v2\/product_brand?post=12112"},{"taxonomy":"product_cat","embeddable":true,"href":"https:\/\/www.maprofar.com\/tienda\/wp-json\/wp\/v2\/product_cat?post=12112"},{"taxonomy":"product_tag","embeddable":true,"href":"https:\/\/www.maprofar.com\/tienda\/wp-json\/wp\/v2\/product_tag?post=12112"}],"curies":[{"name":"wp","href":"https:\/\/api.w.org\/{rel}","templated":true}]}}