{"id":12133,"date":"2025-07-01T18:01:44","date_gmt":"2025-07-01T16:01:44","guid":{"rendered":"https:\/\/www.maprofar.com\/tienda\/?post_type=product&#038;p=12133"},"modified":"2025-07-01T18:01:45","modified_gmt":"2025-07-01T16:01:45","slug":"avpos-avp-bt31-2d-lector-de-codigos-bt31-rugerizado","status":"publish","type":"product","link":"https:\/\/www.maprofar.com\/tienda\/producto\/avpos-avp-bt31-2d-lector-de-codigos-bt31-rugerizado\/","title":{"rendered":"AVPos AVP-BT31-2D Lector de Codigos BT31 Rugerizado"},"content":{"rendered":"<p>AVPos AVP-BT31-2D Lector de Codigos BT31 Rugerizado &#8211; Escanea 1D, 2D &#8211; WF 2.4G y Bt &#8211; 2000Mah &#8211; 20\/50m Distancia &#8211; Color Negro\/Amarillo<\/p>\n<p>Dispositivo rugerizado con tecnolog\u00eda 2D mejorada y comunicaciones bluetooth.. Dise\u00f1o ergon\u00f3mico y muy funcional, capaz de adaptarse a una amplia variedad de negocios y aplicaciones. El BT31 es una opci\u00f3n asequible para aquellos que desean reemplazar sus lectores actuales por dispositivos de alta calidad y una fuerte protecci\u00f3n sin necesidad de realizar grandes inversiones.<\/p>\n<p>Especificaciones:<\/p>\n<p>-Dimensiones 180*110*80mm<br \/>\n-Lectura 1D + 2D Est\u00e1ndar + pantallas m\u00f3viles<br \/>\n-Motor de escaneo Zebra 4750 2D<br \/>\n-Nivel de robustez IP68, prueba de ca\u00edda 3M<br \/>\n-Peso 460g (incluido el cargador base)<br \/>\n-Distancia de funcionamiento<br \/>\n-20-50 metros (distancia visual)<br \/>\n-Conectividad Bluetooth 4.0 y Radiofrecuencia 2.4G con la base.<br \/>\n-Soporte OS Android\/iOS\/Windows<br \/>\n-Memoria 16MB (almacena alrededor de 1 mill\u00f3n de c\u00f3digos de 10 d\u00edgitos)<br \/>\n-Escaner Esc\u00e1ner de im\u00e1genes 1d + 2D<br \/>\n-Iluminaci\u00f3n Luz blanca LED\/ LED infravalorada<br \/>\n-Bater\u00eda de litio recargable de 2000mAh<br \/>\n-Tiempo de trabajo 15 horas despu\u00e9s de carga completa<br \/>\n-Carga USB 5V<br \/>\n-Formato de C\u00f3digo UPC-A,UPA-E,UPC-E1,EAN-13,EAN-8,ISBN.ISSN.Code39, code39(ASCLL full), Interleavd 2 of 5, Industrial 2 of 5, Matrix 25,Codebar(NW7),Code 128.<br \/>\n-Formato de imagen 2D QR Code, Data Matrix,PDF417,UPC-A,UPC-E,EAN-8,EAN-13,ISBN,Code 128, GS1 128,ISBT 128,Code 39,Code 11,Interleaved 2 of 5,Industrial 2 of 5.<br \/>\n-Accesorios Cable USB, manual de usuario, cargador de base.<br \/>\n-Certificaci\u00f3n CE, RoHS Y FCC<\/p>\n<p><span style=\"color: #999999;\">Comprar AVPos AVP-BT31-2D Lector de Codigos BT31 Rugerizado &#8211; Escanea 1D, 2D &#8211; WF 2.4G y Bt &#8211; 2000Mah &#8211; 20\/50m Distancia &#8211; Color Negro\/Amarillo<\/span><\/p>\n","protected":false},"excerpt":{"rendered":"<p class=\"titulo_subseccion_da\">CARACTER\u00cdSTICAS<\/p>\n<div class=\"listado_caracteristicas_da\"><span class=\"linea_datos_da\">\u2022 Marca:\u00a0<span class=\"gris_400\" title=\"AVPos\">AVPos<\/span><\/span><\/div>\n<div class=\"listado_caracteristicas_da\"><span class=\"linea_datos_da\" title=\"Negro\/Amarillo\">\u2022 Color:\u00a0<span class=\"gris_400\">Negro\/Amarillo<\/span><\/span><\/div>\n<div class=\"listado_caracteristicas_da\"><span class=\"linea_datos_da\" title=\"AVPos\">\u2022 Fabricante:\u00a0<span class=\"gris_400\">AVPos<\/span><\/span><\/div>\n<div class=\"listado_caracteristicas_da\"><span class=\"linea_datos_da\" title=\"\" aria-describedby=\"ui-id-7\">\u2022 Ref.:\u00a0<span class=\"gris_400\">AVP-BT31-2D<\/span><\/span><\/div>\n","protected":false},"featured_media":12139,"template":"","meta":[],"product_brand":[],"product_cat":[184],"product_tag":[],"class_list":{"0":"post-12133","1":"product","2":"type-product","3":"status-publish","4":"has-post-thumbnail","6":"product_cat-lectores-de-codigos","8":"first","9":"instock","10":"taxable","11":"shipping-taxable","12":"purchasable","13":"product-type-simple"},"yoast_head":"<!-- This site is optimized with the Yoast SEO Premium plugin v22.3 (Yoast SEO v27.4) - https:\/\/yoast.com\/product\/yoast-seo-premium-wordpress\/ -->\n<title>AVPos AVP-BT31-2D Lector de Codigos BT31 Rugerizado - Maprofar | T\u00f3ner Compatible Brother, HP y Soluciones de Impresi\u00f3n 3D<\/title>\n<meta name=\"description\" content=\"AVPos AVP-BT31-2D Lector de Codigos BT31 Rugerizado - Escanea 1D, 2D - WF 2.4G y Bt - 2000Mah - 20\/50m Distancia - Color Negro\/Amarillo\" \/>\n<meta name=\"robots\" content=\"index, follow, max-snippet:-1, max-image-preview:large, max-video-preview:-1\" \/>\n<link rel=\"canonical\" href=\"https:\/\/www.maprofar.com\/tienda\/producto\/avpos-avp-bt31-2d-lector-de-codigos-bt31-rugerizado\/\" \/>\n<meta property=\"og:locale\" content=\"es_ES\" \/>\n<meta property=\"og:type\" content=\"article\" \/>\n<meta property=\"og:title\" content=\"AVPos AVP-BT31-2D Lector de Codigos BT31 Rugerizado - Maprofar | T\u00f3ner Compatible Brother, HP y Soluciones de Impresi\u00f3n 3D\" \/>\n<meta property=\"og:description\" content=\"En Maprofar encontrar\u00e1s t\u00f3ner compatibles de calidad y material de oficina al mejor precio. Ahorra sin sacrificar rendimiento. \u00a1Aprovecha nuestras ofertas y descuentos!\" \/>\n<meta property=\"og:url\" content=\"https:\/\/www.maprofar.com\/tienda\/producto\/avpos-avp-bt31-2d-lector-de-codigos-bt31-rugerizado\/\" \/>\n<meta property=\"og:site_name\" content=\"Maprofar | T\u00f3ner Compatible Brother, HP y Soluciones de Impresi\u00f3n 3D\" \/>\n<meta property=\"article:publisher\" content=\"https:\/\/es-es.facebook.com\/maprofar\" \/>\n<meta property=\"article:modified_time\" content=\"2025-07-01T16:01:45+00:00\" \/>\n<meta property=\"og:image\" content=\"https:\/\/www.maprofar.com\/tienda\/wp-content\/uploads\/2025\/07\/AVP-BT31-2D_1.jpg\" \/>\n\t<meta property=\"og:image:width\" content=\"600\" \/>\n\t<meta property=\"og:image:height\" content=\"600\" \/>\n\t<meta property=\"og:image:type\" content=\"image\/jpeg\" \/>\n<meta name=\"twitter:card\" content=\"summary_large_image\" \/>\n<meta name=\"twitter:label1\" content=\"Tiempo de lectura\" \/>\n\t<meta name=\"twitter:data1\" content=\"2 minutos\" \/>\n<script type=\"application\/ld+json\" class=\"yoast-schema-graph\">{\"@context\":\"https:\\\/\\\/schema.org\",\"@graph\":[{\"@type\":\"WebPage\",\"@id\":\"https:\\\/\\\/www.maprofar.com\\\/tienda\\\/producto\\\/avpos-avp-bt31-2d-lector-de-codigos-bt31-rugerizado\\\/\",\"url\":\"https:\\\/\\\/www.maprofar.com\\\/tienda\\\/producto\\\/avpos-avp-bt31-2d-lector-de-codigos-bt31-rugerizado\\\/\",\"name\":\"AVPos AVP-BT31-2D Lector de Codigos BT31 Rugerizado - Maprofar | T\u00f3ner Compatible Brother, HP y Soluciones de Impresi\u00f3n 3D\",\"isPartOf\":{\"@id\":\"https:\\\/\\\/www.maprofar.com\\\/tienda\\\/#website\"},\"primaryImageOfPage\":{\"@id\":\"https:\\\/\\\/www.maprofar.com\\\/tienda\\\/producto\\\/avpos-avp-bt31-2d-lector-de-codigos-bt31-rugerizado\\\/#primaryimage\"},\"image\":{\"@id\":\"https:\\\/\\\/www.maprofar.com\\\/tienda\\\/producto\\\/avpos-avp-bt31-2d-lector-de-codigos-bt31-rugerizado\\\/#primaryimage\"},\"thumbnailUrl\":\"https:\\\/\\\/www.maprofar.com\\\/tienda\\\/wp-content\\\/uploads\\\/2025\\\/07\\\/AVP-BT31-2D_1.jpg\",\"datePublished\":\"2025-07-01T16:01:44+00:00\",\"dateModified\":\"2025-07-01T16:01:45+00:00\",\"description\":\"AVPos AVP-BT31-2D Lector de Codigos BT31 Rugerizado - Escanea 1D, 2D - WF 2.4G y Bt - 2000Mah - 20\\\/50m Distancia - Color Negro\\\/Amarillo\",\"breadcrumb\":{\"@id\":\"https:\\\/\\\/www.maprofar.com\\\/tienda\\\/producto\\\/avpos-avp-bt31-2d-lector-de-codigos-bt31-rugerizado\\\/#breadcrumb\"},\"inLanguage\":\"es\",\"potentialAction\":[{\"@type\":\"ReadAction\",\"target\":[\"https:\\\/\\\/www.maprofar.com\\\/tienda\\\/producto\\\/avpos-avp-bt31-2d-lector-de-codigos-bt31-rugerizado\\\/\"]}]},{\"@type\":\"ImageObject\",\"inLanguage\":\"es\",\"@id\":\"https:\\\/\\\/www.maprofar.com\\\/tienda\\\/producto\\\/avpos-avp-bt31-2d-lector-de-codigos-bt31-rugerizado\\\/#primaryimage\",\"url\":\"https:\\\/\\\/www.maprofar.com\\\/tienda\\\/wp-content\\\/uploads\\\/2025\\\/07\\\/AVP-BT31-2D_1.jpg\",\"contentUrl\":\"https:\\\/\\\/www.maprofar.com\\\/tienda\\\/wp-content\\\/uploads\\\/2025\\\/07\\\/AVP-BT31-2D_1.jpg\",\"width\":600,\"height\":600,\"caption\":\"AVPos AVP-BT31-2D Lector de Codigos BT31 Rugerizado - Escanea 1D, 2D - WF 2.4G y Bt - 2000Mah - 20\\\/50m Distancia - Color Negro\\\/Amarillo\"},{\"@type\":\"BreadcrumbList\",\"@id\":\"https:\\\/\\\/www.maprofar.com\\\/tienda\\\/producto\\\/avpos-avp-bt31-2d-lector-de-codigos-bt31-rugerizado\\\/#breadcrumb\",\"itemListElement\":[{\"@type\":\"ListItem\",\"position\":1,\"name\":\"Portada\",\"item\":\"https:\\\/\\\/www.maprofar.com\\\/tienda\\\/\"},{\"@type\":\"ListItem\",\"position\":2,\"name\":\"Inicio\",\"item\":\"https:\\\/\\\/www.maprofar.com\\\/tienda\\\/\"},{\"@type\":\"ListItem\",\"position\":3,\"name\":\"AVPos AVP-BT31-2D Lector de Codigos BT31 Rugerizado\"}]},{\"@type\":\"WebSite\",\"@id\":\"https:\\\/\\\/www.maprofar.com\\\/tienda\\\/#website\",\"url\":\"https:\\\/\\\/www.maprofar.com\\\/tienda\\\/\",\"name\":\"Maprofar - Toner Compatibles y Material de Oficina\",\"description\":\"Encuentra en Maprofar tu t\u00f3ner compatible Brother y HP al mejor precio. Calidad garantizada, env\u00edo urgente 24h y asesoramiento t\u00e9cnico experto. \u00a1Vis\u00edtanos!\",\"publisher\":{\"@id\":\"https:\\\/\\\/www.maprofar.com\\\/tienda\\\/#organization\"},\"alternateName\":\"Maprofar Inform\u00e1tica\",\"potentialAction\":[{\"@type\":\"SearchAction\",\"target\":{\"@type\":\"EntryPoint\",\"urlTemplate\":\"https:\\\/\\\/www.maprofar.com\\\/tienda\\\/?s={search_term_string}\"},\"query-input\":{\"@type\":\"PropertyValueSpecification\",\"valueRequired\":true,\"valueName\":\"search_term_string\"}}],\"inLanguage\":\"es\"},{\"@type\":\"Organization\",\"@id\":\"https:\\\/\\\/www.maprofar.com\\\/tienda\\\/#organization\",\"name\":\"Maprofar S.L.\",\"url\":\"https:\\\/\\\/www.maprofar.com\\\/tienda\\\/\",\"logo\":{\"@type\":\"ImageObject\",\"inLanguage\":\"es\",\"@id\":\"https:\\\/\\\/www.maprofar.com\\\/tienda\\\/#\\\/schema\\\/logo\\\/image\\\/\",\"url\":\"https:\\\/\\\/www.maprofar.com\\\/tienda\\\/wp-content\\\/uploads\\\/2021\\\/05\\\/logo_circulo.jpg\",\"contentUrl\":\"https:\\\/\\\/www.maprofar.com\\\/tienda\\\/wp-content\\\/uploads\\\/2021\\\/05\\\/logo_circulo.jpg\",\"width\":404,\"height\":335,\"caption\":\"Maprofar S.L.\"},\"image\":{\"@id\":\"https:\\\/\\\/www.maprofar.com\\\/tienda\\\/#\\\/schema\\\/logo\\\/image\\\/\"},\"sameAs\":[\"https:\\\/\\\/es-es.facebook.com\\\/maprofar\",\"https:\\\/\\\/www.instagram.com\\\/maprofar_informatica\\\/\",\"https:\\\/\\\/www.pinterest.es\\\/maprofar\\\/\"]}]}<\/script>\n<!-- \/ Yoast SEO Premium plugin. -->","yoast_head_json":{"title":"AVPos AVP-BT31-2D Lector de Codigos BT31 Rugerizado - Maprofar | T\u00f3ner Compatible Brother, HP y Soluciones de Impresi\u00f3n 3D","description":"AVPos AVP-BT31-2D Lector de Codigos BT31 Rugerizado - Escanea 1D, 2D - WF 2.4G y Bt - 2000Mah - 20\/50m Distancia - Color Negro\/Amarillo","robots":{"index":"index","follow":"follow","max-snippet":"max-snippet:-1","max-image-preview":"max-image-preview:large","max-video-preview":"max-video-preview:-1"},"canonical":"https:\/\/www.maprofar.com\/tienda\/producto\/avpos-avp-bt31-2d-lector-de-codigos-bt31-rugerizado\/","og_locale":"es_ES","og_type":"article","og_title":"AVPos AVP-BT31-2D Lector de Codigos BT31 Rugerizado - Maprofar | T\u00f3ner Compatible Brother, HP y Soluciones de Impresi\u00f3n 3D","og_description":"En Maprofar encontrar\u00e1s t\u00f3ner compatibles de calidad y material de oficina al mejor precio. Ahorra sin sacrificar rendimiento. \u00a1Aprovecha nuestras ofertas y descuentos!","og_url":"https:\/\/www.maprofar.com\/tienda\/producto\/avpos-avp-bt31-2d-lector-de-codigos-bt31-rugerizado\/","og_site_name":"Maprofar | T\u00f3ner Compatible Brother, HP y Soluciones de Impresi\u00f3n 3D","article_publisher":"https:\/\/es-es.facebook.com\/maprofar","article_modified_time":"2025-07-01T16:01:45+00:00","og_image":[{"width":600,"height":600,"url":"https:\/\/www.maprofar.com\/tienda\/wp-content\/uploads\/2025\/07\/AVP-BT31-2D_1.jpg","type":"image\/jpeg"}],"twitter_card":"summary_large_image","twitter_misc":{"Tiempo de lectura":"2 minutos"},"schema":{"@context":"https:\/\/schema.org","@graph":[{"@type":"WebPage","@id":"https:\/\/www.maprofar.com\/tienda\/producto\/avpos-avp-bt31-2d-lector-de-codigos-bt31-rugerizado\/","url":"https:\/\/www.maprofar.com\/tienda\/producto\/avpos-avp-bt31-2d-lector-de-codigos-bt31-rugerizado\/","name":"AVPos AVP-BT31-2D Lector de Codigos BT31 Rugerizado - Maprofar | T\u00f3ner Compatible Brother, HP y Soluciones de Impresi\u00f3n 3D","isPartOf":{"@id":"https:\/\/www.maprofar.com\/tienda\/#website"},"primaryImageOfPage":{"@id":"https:\/\/www.maprofar.com\/tienda\/producto\/avpos-avp-bt31-2d-lector-de-codigos-bt31-rugerizado\/#primaryimage"},"image":{"@id":"https:\/\/www.maprofar.com\/tienda\/producto\/avpos-avp-bt31-2d-lector-de-codigos-bt31-rugerizado\/#primaryimage"},"thumbnailUrl":"https:\/\/www.maprofar.com\/tienda\/wp-content\/uploads\/2025\/07\/AVP-BT31-2D_1.jpg","datePublished":"2025-07-01T16:01:44+00:00","dateModified":"2025-07-01T16:01:45+00:00","description":"AVPos AVP-BT31-2D Lector de Codigos BT31 Rugerizado - Escanea 1D, 2D - WF 2.4G y Bt - 2000Mah - 20\/50m Distancia - Color Negro\/Amarillo","breadcrumb":{"@id":"https:\/\/www.maprofar.com\/tienda\/producto\/avpos-avp-bt31-2d-lector-de-codigos-bt31-rugerizado\/#breadcrumb"},"inLanguage":"es","potentialAction":[{"@type":"ReadAction","target":["https:\/\/www.maprofar.com\/tienda\/producto\/avpos-avp-bt31-2d-lector-de-codigos-bt31-rugerizado\/"]}]},{"@type":"ImageObject","inLanguage":"es","@id":"https:\/\/www.maprofar.com\/tienda\/producto\/avpos-avp-bt31-2d-lector-de-codigos-bt31-rugerizado\/#primaryimage","url":"https:\/\/www.maprofar.com\/tienda\/wp-content\/uploads\/2025\/07\/AVP-BT31-2D_1.jpg","contentUrl":"https:\/\/www.maprofar.com\/tienda\/wp-content\/uploads\/2025\/07\/AVP-BT31-2D_1.jpg","width":600,"height":600,"caption":"AVPos AVP-BT31-2D Lector de Codigos BT31 Rugerizado - Escanea 1D, 2D - WF 2.4G y Bt - 2000Mah - 20\/50m Distancia - Color Negro\/Amarillo"},{"@type":"BreadcrumbList","@id":"https:\/\/www.maprofar.com\/tienda\/producto\/avpos-avp-bt31-2d-lector-de-codigos-bt31-rugerizado\/#breadcrumb","itemListElement":[{"@type":"ListItem","position":1,"name":"Portada","item":"https:\/\/www.maprofar.com\/tienda\/"},{"@type":"ListItem","position":2,"name":"Inicio","item":"https:\/\/www.maprofar.com\/tienda\/"},{"@type":"ListItem","position":3,"name":"AVPos AVP-BT31-2D Lector de Codigos BT31 Rugerizado"}]},{"@type":"WebSite","@id":"https:\/\/www.maprofar.com\/tienda\/#website","url":"https:\/\/www.maprofar.com\/tienda\/","name":"Maprofar - Toner Compatibles y Material de Oficina","description":"Encuentra en Maprofar tu t\u00f3ner compatible Brother y HP al mejor precio. Calidad garantizada, env\u00edo urgente 24h y asesoramiento t\u00e9cnico experto. \u00a1Vis\u00edtanos!","publisher":{"@id":"https:\/\/www.maprofar.com\/tienda\/#organization"},"alternateName":"Maprofar Inform\u00e1tica","potentialAction":[{"@type":"SearchAction","target":{"@type":"EntryPoint","urlTemplate":"https:\/\/www.maprofar.com\/tienda\/?s={search_term_string}"},"query-input":{"@type":"PropertyValueSpecification","valueRequired":true,"valueName":"search_term_string"}}],"inLanguage":"es"},{"@type":"Organization","@id":"https:\/\/www.maprofar.com\/tienda\/#organization","name":"Maprofar S.L.","url":"https:\/\/www.maprofar.com\/tienda\/","logo":{"@type":"ImageObject","inLanguage":"es","@id":"https:\/\/www.maprofar.com\/tienda\/#\/schema\/logo\/image\/","url":"https:\/\/www.maprofar.com\/tienda\/wp-content\/uploads\/2021\/05\/logo_circulo.jpg","contentUrl":"https:\/\/www.maprofar.com\/tienda\/wp-content\/uploads\/2021\/05\/logo_circulo.jpg","width":404,"height":335,"caption":"Maprofar S.L."},"image":{"@id":"https:\/\/www.maprofar.com\/tienda\/#\/schema\/logo\/image\/"},"sameAs":["https:\/\/es-es.facebook.com\/maprofar","https:\/\/www.instagram.com\/maprofar_informatica\/","https:\/\/www.pinterest.es\/maprofar\/"]}]}},"_links":{"self":[{"href":"https:\/\/www.maprofar.com\/tienda\/wp-json\/wp\/v2\/product\/12133","targetHints":{"allow":["GET"]}}],"collection":[{"href":"https:\/\/www.maprofar.com\/tienda\/wp-json\/wp\/v2\/product"}],"about":[{"href":"https:\/\/www.maprofar.com\/tienda\/wp-json\/wp\/v2\/types\/product"}],"wp:featuredmedia":[{"embeddable":true,"href":"https:\/\/www.maprofar.com\/tienda\/wp-json\/wp\/v2\/media\/12139"}],"wp:attachment":[{"href":"https:\/\/www.maprofar.com\/tienda\/wp-json\/wp\/v2\/media?parent=12133"}],"wp:term":[{"taxonomy":"product_brand","embeddable":true,"href":"https:\/\/www.maprofar.com\/tienda\/wp-json\/wp\/v2\/product_brand?post=12133"},{"taxonomy":"product_cat","embeddable":true,"href":"https:\/\/www.maprofar.com\/tienda\/wp-json\/wp\/v2\/product_cat?post=12133"},{"taxonomy":"product_tag","embeddable":true,"href":"https:\/\/www.maprofar.com\/tienda\/wp-json\/wp\/v2\/product_tag?post=12133"}],"curies":[{"name":"wp","href":"https:\/\/api.w.org\/{rel}","templated":true}]}}