{"id":1222,"date":"2021-02-20T13:06:37","date_gmt":"2021-02-20T11:06:37","guid":{"rendered":"https:\/\/www.maprofar.com\/tienda\/?post_type=product&#038;p=1222"},"modified":"2025-09-22T19:08:45","modified_gmt":"2025-09-22T17:08:45","slug":"toner-compatible-hp-cf287x-negro-reemplaza-87x","status":"publish","type":"product","link":"https:\/\/www.maprofar.com\/tienda\/producto\/toner-compatible-hp-cf287x-negro-reemplaza-87x\/","title":{"rendered":"Toner Compatible HP CF287X Negro &#8211; Reemplaza 87X"},"content":{"rendered":"<p>Cartucho de t\u00f3ner gen\u00e9rico HP CF287X (87X) de alta calidad.<\/p>\n<p>Compatibilidades:<\/p>\n<p>LaserJet Enterprise Flow MFP M527c &#8211; LaserJet Enterprise Flow MFP M527cm &#8211; LaserJet Enterprise M506 Series &#8211; LaserJet Enterprise M506dh &#8211; LaserJet Enterprise M506dn &#8211; LaserJet Enterprise M506n &#8211; LaserJet Enterprise M506x &#8211; LaserJet Enterprise M506xh &#8211; LaserJet Enterprise MFP M527 Series &#8211; LaserJet Enterprise MFP M527dn &#8211; LaserJet Enterprise MFP M527f &#8211; LaserJet Enterprise MFP M527z &#8211; LaserJet Managed M506dnm &#8211; LaserJet Managed M506xm &#8211; LaserJet Pro M 501 Series &#8211; LaserJet Pro M 501dn &#8211; LaserJet Pro M 501n.<\/p>\n<p><span style=\"color: #999999;\">Comprar Toner Compatible HP CF287X Negro &#8211; Reemplaza 87X<\/span><\/p>\n","protected":false},"excerpt":{"rendered":"<p class=\"titulo_subseccion_da\">CARACTER\u00cdSTICAS<\/p>\n<div class=\"listado_caracteristicas_da\"><span class=\"linea_datos_da\">\u2022 Para uso en:\u00a0<span class=\"gris_400\" title=\"HP\">HP<\/span><\/span><\/div>\n<div class=\"listado_caracteristicas_da\"><span class=\"linea_datos_da\" title=\"Negro\">\u2022 Color:\u00a0<span class=\"gris_400\">Negro<\/span><\/span><\/div>\n<div class=\"listado_caracteristicas_da\"><span class=\"linea_datos_da\" title=\"Gen\u00e9rico\">\u2022 Fabricante:\u00a0<span class=\"gris_400\">Gen\u00e9rico<\/span><\/span><\/div>\n<div class=\"listado_caracteristicas_da\"><span class=\"linea_datos_da\" title=\"\" aria-describedby=\"ui-id-24\">\u2022 Tipo:\u00a0<span class=\"gris_400\">T\u00f3ner (Laser)<\/span><\/span><\/div>\n<div class=\"listado_caracteristicas_da\"><span class=\"linea_datos_da\" title=\"20.000 P\u00e1ginas\">\u2022 Capacidad:\u00a0<span class=\"gris_400\">20.000 P\u00e1ginas<\/span><\/span><\/div>\n<div class=\"listado_caracteristicas_da\"><span class=\"linea_datos_da\" title=\"HT-CF287X(P)(U)\">\u2022 Ref:\u00a0<span class=\"gris_400\">HT-CF287X(P)(U)<\/span><\/span><\/div>\n","protected":false},"featured_media":1223,"template":"","meta":[],"product_brand":[],"product_cat":[66],"product_tag":[267,268,269,270,233,255],"class_list":{"0":"post-1222","1":"product","2":"type-product","3":"status-publish","4":"has-post-thumbnail","6":"product_cat-toner-compatibles-hp","7":"product_tag-cartucho-de-toner-compatible-hp","8":"product_tag-cartucho-de-toner-generico-hp","9":"product_tag-toner-compatible-hp","10":"product_tag-toner-generico-hp","11":"product_tag-toner-hp-compatible","12":"product_tag-toner-hp-generico","14":"first","15":"instock","16":"taxable","17":"shipping-taxable","18":"purchasable","19":"product-type-simple"},"yoast_head":"<!-- This site is optimized with the Yoast SEO Premium plugin v22.3 (Yoast SEO v27.4) - https:\/\/yoast.com\/product\/yoast-seo-premium-wordpress\/ -->\n<title>Toner Compatible HP CF287X Negro - Reemplaza 87X<\/title>\n<meta name=\"description\" content=\"Toner Compatible HP CF287X Negro - Reemplaza 87X\" \/>\n<meta name=\"robots\" content=\"index, follow, max-snippet:-1, max-image-preview:large, max-video-preview:-1\" \/>\n<link rel=\"canonical\" href=\"https:\/\/www.maprofar.com\/tienda\/producto\/toner-compatible-hp-cf287x-negro-reemplaza-87x\/\" \/>\n<meta property=\"og:locale\" content=\"es_ES\" \/>\n<meta property=\"og:type\" content=\"article\" \/>\n<meta property=\"og:title\" content=\"Toner Compatible HP CF287X Negro - Reemplaza 87X - Maprofar | T\u00f3ner Compatible Brother, HP y Soluciones de Impresi\u00f3n 3D\" \/>\n<meta property=\"og:description\" content=\"En Maprofar encontrar\u00e1s t\u00f3ner compatibles de calidad y material de oficina al mejor precio. Ahorra sin sacrificar rendimiento. \u00a1Aprovecha nuestras ofertas y descuentos!\" \/>\n<meta property=\"og:url\" content=\"https:\/\/www.maprofar.com\/tienda\/producto\/toner-compatible-hp-cf287x-negro-reemplaza-87x\/\" \/>\n<meta property=\"og:site_name\" content=\"Maprofar | T\u00f3ner Compatible Brother, HP y Soluciones de Impresi\u00f3n 3D\" \/>\n<meta property=\"article:publisher\" content=\"https:\/\/es-es.facebook.com\/maprofar\" \/>\n<meta property=\"article:modified_time\" content=\"2025-09-22T17:08:45+00:00\" \/>\n<meta property=\"og:image\" content=\"https:\/\/www.maprofar.com\/tienda\/wp-content\/uploads\/2021\/02\/HT-CF287X-P-U.jpg\" \/>\n\t<meta property=\"og:image:width\" content=\"1000\" \/>\n\t<meta property=\"og:image:height\" content=\"584\" \/>\n\t<meta property=\"og:image:type\" content=\"image\/jpeg\" \/>\n<meta name=\"twitter:card\" content=\"summary_large_image\" \/>\n<meta name=\"twitter:label1\" content=\"Tiempo de lectura\" \/>\n\t<meta name=\"twitter:data1\" content=\"1 minuto\" \/>\n<script type=\"application\/ld+json\" class=\"yoast-schema-graph\">{\"@context\":\"https:\\\/\\\/schema.org\",\"@graph\":[{\"@type\":\"WebPage\",\"@id\":\"https:\\\/\\\/www.maprofar.com\\\/tienda\\\/producto\\\/toner-compatible-hp-cf287x-negro-reemplaza-87x\\\/\",\"url\":\"https:\\\/\\\/www.maprofar.com\\\/tienda\\\/producto\\\/toner-compatible-hp-cf287x-negro-reemplaza-87x\\\/\",\"name\":\"Toner Compatible HP CF287X Negro - Reemplaza 87X\",\"isPartOf\":{\"@id\":\"https:\\\/\\\/www.maprofar.com\\\/tienda\\\/#website\"},\"primaryImageOfPage\":{\"@id\":\"https:\\\/\\\/www.maprofar.com\\\/tienda\\\/producto\\\/toner-compatible-hp-cf287x-negro-reemplaza-87x\\\/#primaryimage\"},\"image\":{\"@id\":\"https:\\\/\\\/www.maprofar.com\\\/tienda\\\/producto\\\/toner-compatible-hp-cf287x-negro-reemplaza-87x\\\/#primaryimage\"},\"thumbnailUrl\":\"https:\\\/\\\/www.maprofar.com\\\/tienda\\\/wp-content\\\/uploads\\\/2021\\\/02\\\/HT-CF287X-P-U.jpg\",\"datePublished\":\"2021-02-20T11:06:37+00:00\",\"dateModified\":\"2025-09-22T17:08:45+00:00\",\"description\":\"Toner Compatible HP CF287X Negro - Reemplaza 87X\",\"breadcrumb\":{\"@id\":\"https:\\\/\\\/www.maprofar.com\\\/tienda\\\/producto\\\/toner-compatible-hp-cf287x-negro-reemplaza-87x\\\/#breadcrumb\"},\"inLanguage\":\"es\",\"potentialAction\":[{\"@type\":\"ReadAction\",\"target\":[\"https:\\\/\\\/www.maprofar.com\\\/tienda\\\/producto\\\/toner-compatible-hp-cf287x-negro-reemplaza-87x\\\/\"]}]},{\"@type\":\"ImageObject\",\"inLanguage\":\"es\",\"@id\":\"https:\\\/\\\/www.maprofar.com\\\/tienda\\\/producto\\\/toner-compatible-hp-cf287x-negro-reemplaza-87x\\\/#primaryimage\",\"url\":\"https:\\\/\\\/www.maprofar.com\\\/tienda\\\/wp-content\\\/uploads\\\/2021\\\/02\\\/HT-CF287X-P-U.jpg\",\"contentUrl\":\"https:\\\/\\\/www.maprofar.com\\\/tienda\\\/wp-content\\\/uploads\\\/2021\\\/02\\\/HT-CF287X-P-U.jpg\",\"width\":1000,\"height\":584,\"caption\":\"[#Beginning of Shooting Data Section] Nikon D5100 2015\\\/10\\\/22 14:42:28.50 Zeitzone\\\/Datum: UTC+1, Sommerzeit:Ein RAW, komprimiert (14 Bit) Bildgr\u00f6\u00dfe: L (4928 x 3264) Objektiv: VR 18-105mm 1:3.5-5.6G Brennweite: 40mm Belichtungssteuer.: Manuell Bel.-messung: Matrixmessung Belichtungszeit: 1.6s Blende: 1:11 Belichtungskorr.: +0.7LW Feinabst. der Bel.-Messung: ISO-Empfindlichkeit: ISO 200 Bildoptimierung: Wei\u00dfabgleich: Automatisch, 0, 0 Fokussteuerung: AF-A AF-Messfeldsteuerung: Dynamisch AF-Feinabst.: VR: ON Rauschunterdr. bei Langzeitbel.: Aus Rauschunterdr. bei ISO+: Normal Farbwiedergabe: Farbraum: Adobe RGB Tonwertkorrektur: Farbtonkorr.: Farbs\u00e4ttigung: Scharfzeichnung: Active D-Lighting: Automatisch Vignettierungskorr.: Auto-Verzeichnungskorr.: Ein Picture Control: [SD] Standard Basiert auf: [SD] Standard Schnellanpassung: 0 Scharfzeichnung: 3 Kontrast: 0 Helligkeit: 0 Farbs\u00e4ttigung: 0 Farbton: 0 Filtereffekte: Tonen: Kartendatum: Sensorreinigung: 2015\\\/10\\\/22 13:56:03 [#End of Shooting Data Section]\"},{\"@type\":\"BreadcrumbList\",\"@id\":\"https:\\\/\\\/www.maprofar.com\\\/tienda\\\/producto\\\/toner-compatible-hp-cf287x-negro-reemplaza-87x\\\/#breadcrumb\",\"itemListElement\":[{\"@type\":\"ListItem\",\"position\":1,\"name\":\"Portada\",\"item\":\"https:\\\/\\\/www.maprofar.com\\\/tienda\\\/\"},{\"@type\":\"ListItem\",\"position\":2,\"name\":\"Inicio\",\"item\":\"https:\\\/\\\/www.maprofar.com\\\/tienda\\\/\"},{\"@type\":\"ListItem\",\"position\":3,\"name\":\"Toner Compatible HP CF287X Negro &#8211; Reemplaza 87X\"}]},{\"@type\":\"WebSite\",\"@id\":\"https:\\\/\\\/www.maprofar.com\\\/tienda\\\/#website\",\"url\":\"https:\\\/\\\/www.maprofar.com\\\/tienda\\\/\",\"name\":\"Maprofar - Toner Compatibles y Material de Oficina\",\"description\":\"Encuentra en Maprofar tu t\u00f3ner compatible Brother y HP al mejor precio. Calidad garantizada, env\u00edo urgente 24h y asesoramiento t\u00e9cnico experto. \u00a1Vis\u00edtanos!\",\"publisher\":{\"@id\":\"https:\\\/\\\/www.maprofar.com\\\/tienda\\\/#organization\"},\"alternateName\":\"Maprofar Inform\u00e1tica\",\"potentialAction\":[{\"@type\":\"SearchAction\",\"target\":{\"@type\":\"EntryPoint\",\"urlTemplate\":\"https:\\\/\\\/www.maprofar.com\\\/tienda\\\/?s={search_term_string}\"},\"query-input\":{\"@type\":\"PropertyValueSpecification\",\"valueRequired\":true,\"valueName\":\"search_term_string\"}}],\"inLanguage\":\"es\"},{\"@type\":\"Organization\",\"@id\":\"https:\\\/\\\/www.maprofar.com\\\/tienda\\\/#organization\",\"name\":\"Maprofar S.L.\",\"url\":\"https:\\\/\\\/www.maprofar.com\\\/tienda\\\/\",\"logo\":{\"@type\":\"ImageObject\",\"inLanguage\":\"es\",\"@id\":\"https:\\\/\\\/www.maprofar.com\\\/tienda\\\/#\\\/schema\\\/logo\\\/image\\\/\",\"url\":\"https:\\\/\\\/www.maprofar.com\\\/tienda\\\/wp-content\\\/uploads\\\/2021\\\/05\\\/logo_circulo.jpg\",\"contentUrl\":\"https:\\\/\\\/www.maprofar.com\\\/tienda\\\/wp-content\\\/uploads\\\/2021\\\/05\\\/logo_circulo.jpg\",\"width\":404,\"height\":335,\"caption\":\"Maprofar S.L.\"},\"image\":{\"@id\":\"https:\\\/\\\/www.maprofar.com\\\/tienda\\\/#\\\/schema\\\/logo\\\/image\\\/\"},\"sameAs\":[\"https:\\\/\\\/es-es.facebook.com\\\/maprofar\",\"https:\\\/\\\/www.instagram.com\\\/maprofar_informatica\\\/\",\"https:\\\/\\\/www.pinterest.es\\\/maprofar\\\/\"]}]}<\/script>\n<!-- \/ Yoast SEO Premium plugin. -->","yoast_head_json":{"title":"Toner Compatible HP CF287X Negro - Reemplaza 87X","description":"Toner Compatible HP CF287X Negro - Reemplaza 87X","robots":{"index":"index","follow":"follow","max-snippet":"max-snippet:-1","max-image-preview":"max-image-preview:large","max-video-preview":"max-video-preview:-1"},"canonical":"https:\/\/www.maprofar.com\/tienda\/producto\/toner-compatible-hp-cf287x-negro-reemplaza-87x\/","og_locale":"es_ES","og_type":"article","og_title":"Toner Compatible HP CF287X Negro - Reemplaza 87X - Maprofar | T\u00f3ner Compatible Brother, HP y Soluciones de Impresi\u00f3n 3D","og_description":"En Maprofar encontrar\u00e1s t\u00f3ner compatibles de calidad y material de oficina al mejor precio. Ahorra sin sacrificar rendimiento. \u00a1Aprovecha nuestras ofertas y descuentos!","og_url":"https:\/\/www.maprofar.com\/tienda\/producto\/toner-compatible-hp-cf287x-negro-reemplaza-87x\/","og_site_name":"Maprofar | T\u00f3ner Compatible Brother, HP y Soluciones de Impresi\u00f3n 3D","article_publisher":"https:\/\/es-es.facebook.com\/maprofar","article_modified_time":"2025-09-22T17:08:45+00:00","og_image":[{"width":1000,"height":584,"url":"https:\/\/www.maprofar.com\/tienda\/wp-content\/uploads\/2021\/02\/HT-CF287X-P-U.jpg","type":"image\/jpeg"}],"twitter_card":"summary_large_image","twitter_misc":{"Tiempo de lectura":"1 minuto"},"schema":{"@context":"https:\/\/schema.org","@graph":[{"@type":"WebPage","@id":"https:\/\/www.maprofar.com\/tienda\/producto\/toner-compatible-hp-cf287x-negro-reemplaza-87x\/","url":"https:\/\/www.maprofar.com\/tienda\/producto\/toner-compatible-hp-cf287x-negro-reemplaza-87x\/","name":"Toner Compatible HP CF287X Negro - Reemplaza 87X","isPartOf":{"@id":"https:\/\/www.maprofar.com\/tienda\/#website"},"primaryImageOfPage":{"@id":"https:\/\/www.maprofar.com\/tienda\/producto\/toner-compatible-hp-cf287x-negro-reemplaza-87x\/#primaryimage"},"image":{"@id":"https:\/\/www.maprofar.com\/tienda\/producto\/toner-compatible-hp-cf287x-negro-reemplaza-87x\/#primaryimage"},"thumbnailUrl":"https:\/\/www.maprofar.com\/tienda\/wp-content\/uploads\/2021\/02\/HT-CF287X-P-U.jpg","datePublished":"2021-02-20T11:06:37+00:00","dateModified":"2025-09-22T17:08:45+00:00","description":"Toner Compatible HP CF287X Negro - Reemplaza 87X","breadcrumb":{"@id":"https:\/\/www.maprofar.com\/tienda\/producto\/toner-compatible-hp-cf287x-negro-reemplaza-87x\/#breadcrumb"},"inLanguage":"es","potentialAction":[{"@type":"ReadAction","target":["https:\/\/www.maprofar.com\/tienda\/producto\/toner-compatible-hp-cf287x-negro-reemplaza-87x\/"]}]},{"@type":"ImageObject","inLanguage":"es","@id":"https:\/\/www.maprofar.com\/tienda\/producto\/toner-compatible-hp-cf287x-negro-reemplaza-87x\/#primaryimage","url":"https:\/\/www.maprofar.com\/tienda\/wp-content\/uploads\/2021\/02\/HT-CF287X-P-U.jpg","contentUrl":"https:\/\/www.maprofar.com\/tienda\/wp-content\/uploads\/2021\/02\/HT-CF287X-P-U.jpg","width":1000,"height":584,"caption":"[#Beginning of Shooting Data Section] Nikon D5100 2015\/10\/22 14:42:28.50 Zeitzone\/Datum: UTC+1, Sommerzeit:Ein RAW, komprimiert (14 Bit) Bildgr\u00f6\u00dfe: L (4928 x 3264) Objektiv: VR 18-105mm 1:3.5-5.6G Brennweite: 40mm Belichtungssteuer.: Manuell Bel.-messung: Matrixmessung Belichtungszeit: 1.6s Blende: 1:11 Belichtungskorr.: +0.7LW Feinabst. der Bel.-Messung: ISO-Empfindlichkeit: ISO 200 Bildoptimierung: Wei\u00dfabgleich: Automatisch, 0, 0 Fokussteuerung: AF-A AF-Messfeldsteuerung: Dynamisch AF-Feinabst.: VR: ON Rauschunterdr. bei Langzeitbel.: Aus Rauschunterdr. bei ISO+: Normal Farbwiedergabe: Farbraum: Adobe RGB Tonwertkorrektur: Farbtonkorr.: Farbs\u00e4ttigung: Scharfzeichnung: Active D-Lighting: Automatisch Vignettierungskorr.: Auto-Verzeichnungskorr.: Ein Picture Control: [SD] Standard Basiert auf: [SD] Standard Schnellanpassung: 0 Scharfzeichnung: 3 Kontrast: 0 Helligkeit: 0 Farbs\u00e4ttigung: 0 Farbton: 0 Filtereffekte: Tonen: Kartendatum: Sensorreinigung: 2015\/10\/22 13:56:03 [#End of Shooting Data Section]"},{"@type":"BreadcrumbList","@id":"https:\/\/www.maprofar.com\/tienda\/producto\/toner-compatible-hp-cf287x-negro-reemplaza-87x\/#breadcrumb","itemListElement":[{"@type":"ListItem","position":1,"name":"Portada","item":"https:\/\/www.maprofar.com\/tienda\/"},{"@type":"ListItem","position":2,"name":"Inicio","item":"https:\/\/www.maprofar.com\/tienda\/"},{"@type":"ListItem","position":3,"name":"Toner Compatible HP CF287X Negro &#8211; Reemplaza 87X"}]},{"@type":"WebSite","@id":"https:\/\/www.maprofar.com\/tienda\/#website","url":"https:\/\/www.maprofar.com\/tienda\/","name":"Maprofar - Toner Compatibles y Material de Oficina","description":"Encuentra en Maprofar tu t\u00f3ner compatible Brother y HP al mejor precio. Calidad garantizada, env\u00edo urgente 24h y asesoramiento t\u00e9cnico experto. \u00a1Vis\u00edtanos!","publisher":{"@id":"https:\/\/www.maprofar.com\/tienda\/#organization"},"alternateName":"Maprofar Inform\u00e1tica","potentialAction":[{"@type":"SearchAction","target":{"@type":"EntryPoint","urlTemplate":"https:\/\/www.maprofar.com\/tienda\/?s={search_term_string}"},"query-input":{"@type":"PropertyValueSpecification","valueRequired":true,"valueName":"search_term_string"}}],"inLanguage":"es"},{"@type":"Organization","@id":"https:\/\/www.maprofar.com\/tienda\/#organization","name":"Maprofar S.L.","url":"https:\/\/www.maprofar.com\/tienda\/","logo":{"@type":"ImageObject","inLanguage":"es","@id":"https:\/\/www.maprofar.com\/tienda\/#\/schema\/logo\/image\/","url":"https:\/\/www.maprofar.com\/tienda\/wp-content\/uploads\/2021\/05\/logo_circulo.jpg","contentUrl":"https:\/\/www.maprofar.com\/tienda\/wp-content\/uploads\/2021\/05\/logo_circulo.jpg","width":404,"height":335,"caption":"Maprofar S.L."},"image":{"@id":"https:\/\/www.maprofar.com\/tienda\/#\/schema\/logo\/image\/"},"sameAs":["https:\/\/es-es.facebook.com\/maprofar","https:\/\/www.instagram.com\/maprofar_informatica\/","https:\/\/www.pinterest.es\/maprofar\/"]}]}},"_links":{"self":[{"href":"https:\/\/www.maprofar.com\/tienda\/wp-json\/wp\/v2\/product\/1222","targetHints":{"allow":["GET"]}}],"collection":[{"href":"https:\/\/www.maprofar.com\/tienda\/wp-json\/wp\/v2\/product"}],"about":[{"href":"https:\/\/www.maprofar.com\/tienda\/wp-json\/wp\/v2\/types\/product"}],"wp:featuredmedia":[{"embeddable":true,"href":"https:\/\/www.maprofar.com\/tienda\/wp-json\/wp\/v2\/media\/1223"}],"wp:attachment":[{"href":"https:\/\/www.maprofar.com\/tienda\/wp-json\/wp\/v2\/media?parent=1222"}],"wp:term":[{"taxonomy":"product_brand","embeddable":true,"href":"https:\/\/www.maprofar.com\/tienda\/wp-json\/wp\/v2\/product_brand?post=1222"},{"taxonomy":"product_cat","embeddable":true,"href":"https:\/\/www.maprofar.com\/tienda\/wp-json\/wp\/v2\/product_cat?post=1222"},{"taxonomy":"product_tag","embeddable":true,"href":"https:\/\/www.maprofar.com\/tienda\/wp-json\/wp\/v2\/product_tag?post=1222"}],"curies":[{"name":"wp","href":"https:\/\/api.w.org\/{rel}","templated":true}]}}