{"id":12253,"date":"2025-07-21T11:15:51","date_gmt":"2025-07-21T09:15:51","guid":{"rendered":"https:\/\/www.maprofar.com\/tienda\/?post_type=product&#038;p=12253"},"modified":"2025-11-06T19:47:02","modified_gmt":"2025-11-06T18:47:02","slug":"todo-en-uno-lenovo-thinkcentre-m920q-webcam-grado-b-reacondicionado","status":"publish","type":"product","link":"https:\/\/www.maprofar.com\/tienda\/producto\/todo-en-uno-lenovo-thinkcentre-m920q-webcam-grado-b-reacondicionado\/","title":{"rendered":"Todo en uno &#8211; Lenovo ThinkCentre M920Q WEBCAM GRADO B (Reacondicionado)"},"content":{"rendered":"<p>Todo en uno &#8211; Lenovo ThinkCentre M920Q WEBCAM GRADO B<\/p>\n<div class=\"ftit\">Caracter\u00edsticas<\/div>\n<div class=\"fCaracts\"><span id=\"span_descr_0\">Equipos comprobados y testeados completamente. Pueden tener signos de desgaste o ara\u00f1azos en su carcasa, o pantalla, pero son completamente funcionales.<\/p>\n<p>Estos equipos incluyen licencia de Windows 11 PRO<\/p>\n<p>GRADO B<\/p>\n<p>Ordenador Sobremesa Todo en Uno<\/p>\n<p>Especificaciones:<\/p>\n<p>\u00b7 Marca Lenovo<br \/>\n\u00b7 Procesador Intel Core i5 9500T 2.20 GHz 6 n\u00facleos, turbo 3.70 GHz<br \/>\n\u00b7 Gr\u00e1fica Intel UHD 630<br \/>\n\u00b7 Disco Duro 256GB SSD-NVMe (Varias marcas, seg\u00fan disponibilidad)<br \/>\n\u00b7 Memorias 8GB DDR4 (2 z\u00f3calos)<br \/>\n\u00b7 Panel Pantalla de 23.8&#8243; 1920 x 1080 FHD<br \/>\n\u00b7 Modelo monitor TIO24 Gen 3<br \/>\n\u00b7 Lector\/Grabador NO<br \/>\n\u00b7 Wifi NO<br \/>\n\u00b7 Bluetooth NO<br \/>\n\u00b7 Webcam SI<br \/>\n\u00b7 VESA 100X100mm SI<br \/>\n\u00b7 Conexiones x5 USB 3.1, x1 USB C, x1 displayport, x1 HDMI, x1 RJ45<\/p>\n<p>&#8211; Testeados y 100% verificados<br \/>\n&#8211; Incluyen Sistema Operativo Windows 11 Pro Preinstalado<br \/>\n&#8211; Incluyen cables de alimentaci\u00f3n<\/span><\/div>\n<p><span style=\"color: #999999;\">Comprar Todo en uno &#8211; Lenovo ThinkCentre M920Q WEBCAM GRADO B<\/span><\/p>\n","protected":false},"excerpt":{"rendered":"<p>(Intel Core i5 9500T 2.20GHz\/8GB\/256SSD-NVMe\/23.8FHD\/NO-DVD\/W11P) Preinstalado<\/p>\n","protected":false},"featured_media":12257,"template":"","meta":[],"product_brand":[],"product_cat":[382],"product_tag":[],"class_list":{"0":"post-12253","1":"product","2":"type-product","3":"status-publish","4":"has-post-thumbnail","6":"product_cat-ordenadores-reacondicionados","8":"first","9":"instock","10":"taxable","11":"shipping-taxable","12":"purchasable","13":"product-type-simple"},"yoast_head":"<!-- This site is optimized with the Yoast SEO Premium plugin v22.3 (Yoast SEO v27.4) - https:\/\/yoast.com\/product\/yoast-seo-premium-wordpress\/ -->\n<title>Todo en uno - Lenovo ThinkCentre M920Q WEBCAM<\/title>\n<meta name=\"description\" content=\"Todo en uno - Lenovo ThinkCentre M920Q WEBCAM GRADO B - En Maprofar encontrar\u00e1s ordenadores reacondicionados de calidad al mejor precio.\" \/>\n<meta name=\"robots\" content=\"index, follow, max-snippet:-1, max-image-preview:large, max-video-preview:-1\" \/>\n<link rel=\"canonical\" href=\"https:\/\/www.maprofar.com\/tienda\/producto\/todo-en-uno-lenovo-thinkcentre-m920q-webcam-grado-b-reacondicionado\/\" \/>\n<meta property=\"og:locale\" content=\"es_ES\" \/>\n<meta property=\"og:type\" content=\"article\" \/>\n<meta property=\"og:title\" content=\"Todo en uno - Lenovo ThinkCentre M920Q WEBCAM GRADO B (Reacondicionado) - Maprofar | T\u00f3ner Compatible Brother, HP y Soluciones de Impresi\u00f3n 3D\" \/>\n<meta property=\"og:description\" content=\"En Maprofar encontrar\u00e1s t\u00f3ner compatibles de calidad y material de oficina al mejor precio. Ahorra sin sacrificar rendimiento. \u00a1Aprovecha nuestras ofertas y descuentos!\" \/>\n<meta property=\"og:url\" content=\"https:\/\/www.maprofar.com\/tienda\/producto\/todo-en-uno-lenovo-thinkcentre-m920q-webcam-grado-b-reacondicionado\/\" \/>\n<meta property=\"og:site_name\" content=\"Maprofar | T\u00f3ner Compatible Brother, HP y Soluciones de Impresi\u00f3n 3D\" \/>\n<meta property=\"article:publisher\" content=\"https:\/\/es-es.facebook.com\/maprofar\" \/>\n<meta property=\"article:modified_time\" content=\"2025-11-06T18:47:02+00:00\" \/>\n<meta property=\"og:image\" content=\"https:\/\/www.maprofar.com\/tienda\/wp-content\/uploads\/2025\/07\/6910LENM920Q1GB_1.jpg\" \/>\n\t<meta property=\"og:image:width\" content=\"679\" \/>\n\t<meta property=\"og:image:height\" content=\"585\" \/>\n\t<meta property=\"og:image:type\" content=\"image\/jpeg\" \/>\n<meta name=\"twitter:card\" content=\"summary_large_image\" \/>\n<meta name=\"twitter:label1\" content=\"Tiempo de lectura\" \/>\n\t<meta name=\"twitter:data1\" content=\"1 minuto\" \/>\n<script type=\"application\/ld+json\" class=\"yoast-schema-graph\">{\"@context\":\"https:\\\/\\\/schema.org\",\"@graph\":[{\"@type\":\"WebPage\",\"@id\":\"https:\\\/\\\/www.maprofar.com\\\/tienda\\\/producto\\\/todo-en-uno-lenovo-thinkcentre-m920q-webcam-grado-b-reacondicionado\\\/\",\"url\":\"https:\\\/\\\/www.maprofar.com\\\/tienda\\\/producto\\\/todo-en-uno-lenovo-thinkcentre-m920q-webcam-grado-b-reacondicionado\\\/\",\"name\":\"Todo en uno - Lenovo ThinkCentre M920Q WEBCAM\",\"isPartOf\":{\"@id\":\"https:\\\/\\\/www.maprofar.com\\\/tienda\\\/#website\"},\"primaryImageOfPage\":{\"@id\":\"https:\\\/\\\/www.maprofar.com\\\/tienda\\\/producto\\\/todo-en-uno-lenovo-thinkcentre-m920q-webcam-grado-b-reacondicionado\\\/#primaryimage\"},\"image\":{\"@id\":\"https:\\\/\\\/www.maprofar.com\\\/tienda\\\/producto\\\/todo-en-uno-lenovo-thinkcentre-m920q-webcam-grado-b-reacondicionado\\\/#primaryimage\"},\"thumbnailUrl\":\"https:\\\/\\\/www.maprofar.com\\\/tienda\\\/wp-content\\\/uploads\\\/2025\\\/07\\\/6910LENM920Q1GB_1.jpg\",\"datePublished\":\"2025-07-21T09:15:51+00:00\",\"dateModified\":\"2025-11-06T18:47:02+00:00\",\"description\":\"Todo en uno - Lenovo ThinkCentre M920Q WEBCAM GRADO B - En Maprofar encontrar\u00e1s ordenadores reacondicionados de calidad al mejor precio.\",\"breadcrumb\":{\"@id\":\"https:\\\/\\\/www.maprofar.com\\\/tienda\\\/producto\\\/todo-en-uno-lenovo-thinkcentre-m920q-webcam-grado-b-reacondicionado\\\/#breadcrumb\"},\"inLanguage\":\"es\",\"potentialAction\":[{\"@type\":\"ReadAction\",\"target\":[\"https:\\\/\\\/www.maprofar.com\\\/tienda\\\/producto\\\/todo-en-uno-lenovo-thinkcentre-m920q-webcam-grado-b-reacondicionado\\\/\"]}]},{\"@type\":\"ImageObject\",\"inLanguage\":\"es\",\"@id\":\"https:\\\/\\\/www.maprofar.com\\\/tienda\\\/producto\\\/todo-en-uno-lenovo-thinkcentre-m920q-webcam-grado-b-reacondicionado\\\/#primaryimage\",\"url\":\"https:\\\/\\\/www.maprofar.com\\\/tienda\\\/wp-content\\\/uploads\\\/2025\\\/07\\\/6910LENM920Q1GB_1.jpg\",\"contentUrl\":\"https:\\\/\\\/www.maprofar.com\\\/tienda\\\/wp-content\\\/uploads\\\/2025\\\/07\\\/6910LENM920Q1GB_1.jpg\",\"width\":679,\"height\":585,\"caption\":\"Todo en uno - Lenovo ThinkCentre M920Q WEBCAM GRADO B\"},{\"@type\":\"BreadcrumbList\",\"@id\":\"https:\\\/\\\/www.maprofar.com\\\/tienda\\\/producto\\\/todo-en-uno-lenovo-thinkcentre-m920q-webcam-grado-b-reacondicionado\\\/#breadcrumb\",\"itemListElement\":[{\"@type\":\"ListItem\",\"position\":1,\"name\":\"Portada\",\"item\":\"https:\\\/\\\/www.maprofar.com\\\/tienda\\\/\"},{\"@type\":\"ListItem\",\"position\":2,\"name\":\"Inicio\",\"item\":\"https:\\\/\\\/www.maprofar.com\\\/tienda\\\/\"},{\"@type\":\"ListItem\",\"position\":3,\"name\":\"Todo en uno &#8211; Lenovo ThinkCentre M920Q WEBCAM GRADO B (Reacondicionado)\"}]},{\"@type\":\"WebSite\",\"@id\":\"https:\\\/\\\/www.maprofar.com\\\/tienda\\\/#website\",\"url\":\"https:\\\/\\\/www.maprofar.com\\\/tienda\\\/\",\"name\":\"Maprofar - Toner Compatibles y Material de Oficina\",\"description\":\"Encuentra en Maprofar tu t\u00f3ner compatible Brother y HP al mejor precio. Calidad garantizada, env\u00edo urgente 24h y asesoramiento t\u00e9cnico experto. \u00a1Vis\u00edtanos!\",\"publisher\":{\"@id\":\"https:\\\/\\\/www.maprofar.com\\\/tienda\\\/#organization\"},\"alternateName\":\"Maprofar Inform\u00e1tica\",\"potentialAction\":[{\"@type\":\"SearchAction\",\"target\":{\"@type\":\"EntryPoint\",\"urlTemplate\":\"https:\\\/\\\/www.maprofar.com\\\/tienda\\\/?s={search_term_string}\"},\"query-input\":{\"@type\":\"PropertyValueSpecification\",\"valueRequired\":true,\"valueName\":\"search_term_string\"}}],\"inLanguage\":\"es\"},{\"@type\":\"Organization\",\"@id\":\"https:\\\/\\\/www.maprofar.com\\\/tienda\\\/#organization\",\"name\":\"Maprofar S.L.\",\"url\":\"https:\\\/\\\/www.maprofar.com\\\/tienda\\\/\",\"logo\":{\"@type\":\"ImageObject\",\"inLanguage\":\"es\",\"@id\":\"https:\\\/\\\/www.maprofar.com\\\/tienda\\\/#\\\/schema\\\/logo\\\/image\\\/\",\"url\":\"https:\\\/\\\/www.maprofar.com\\\/tienda\\\/wp-content\\\/uploads\\\/2021\\\/05\\\/logo_circulo.jpg\",\"contentUrl\":\"https:\\\/\\\/www.maprofar.com\\\/tienda\\\/wp-content\\\/uploads\\\/2021\\\/05\\\/logo_circulo.jpg\",\"width\":404,\"height\":335,\"caption\":\"Maprofar S.L.\"},\"image\":{\"@id\":\"https:\\\/\\\/www.maprofar.com\\\/tienda\\\/#\\\/schema\\\/logo\\\/image\\\/\"},\"sameAs\":[\"https:\\\/\\\/es-es.facebook.com\\\/maprofar\",\"https:\\\/\\\/www.instagram.com\\\/maprofar_informatica\\\/\",\"https:\\\/\\\/www.pinterest.es\\\/maprofar\\\/\"]}]}<\/script>\n<!-- \/ Yoast SEO Premium plugin. -->","yoast_head_json":{"title":"Todo en uno - Lenovo ThinkCentre M920Q WEBCAM","description":"Todo en uno - Lenovo ThinkCentre M920Q WEBCAM GRADO B - En Maprofar encontrar\u00e1s ordenadores reacondicionados de calidad al mejor precio.","robots":{"index":"index","follow":"follow","max-snippet":"max-snippet:-1","max-image-preview":"max-image-preview:large","max-video-preview":"max-video-preview:-1"},"canonical":"https:\/\/www.maprofar.com\/tienda\/producto\/todo-en-uno-lenovo-thinkcentre-m920q-webcam-grado-b-reacondicionado\/","og_locale":"es_ES","og_type":"article","og_title":"Todo en uno - Lenovo ThinkCentre M920Q WEBCAM GRADO B (Reacondicionado) - Maprofar | T\u00f3ner Compatible Brother, HP y Soluciones de Impresi\u00f3n 3D","og_description":"En Maprofar encontrar\u00e1s t\u00f3ner compatibles de calidad y material de oficina al mejor precio. Ahorra sin sacrificar rendimiento. \u00a1Aprovecha nuestras ofertas y descuentos!","og_url":"https:\/\/www.maprofar.com\/tienda\/producto\/todo-en-uno-lenovo-thinkcentre-m920q-webcam-grado-b-reacondicionado\/","og_site_name":"Maprofar | T\u00f3ner Compatible Brother, HP y Soluciones de Impresi\u00f3n 3D","article_publisher":"https:\/\/es-es.facebook.com\/maprofar","article_modified_time":"2025-11-06T18:47:02+00:00","og_image":[{"width":679,"height":585,"url":"https:\/\/www.maprofar.com\/tienda\/wp-content\/uploads\/2025\/07\/6910LENM920Q1GB_1.jpg","type":"image\/jpeg"}],"twitter_card":"summary_large_image","twitter_misc":{"Tiempo de lectura":"1 minuto"},"schema":{"@context":"https:\/\/schema.org","@graph":[{"@type":"WebPage","@id":"https:\/\/www.maprofar.com\/tienda\/producto\/todo-en-uno-lenovo-thinkcentre-m920q-webcam-grado-b-reacondicionado\/","url":"https:\/\/www.maprofar.com\/tienda\/producto\/todo-en-uno-lenovo-thinkcentre-m920q-webcam-grado-b-reacondicionado\/","name":"Todo en uno - Lenovo ThinkCentre M920Q WEBCAM","isPartOf":{"@id":"https:\/\/www.maprofar.com\/tienda\/#website"},"primaryImageOfPage":{"@id":"https:\/\/www.maprofar.com\/tienda\/producto\/todo-en-uno-lenovo-thinkcentre-m920q-webcam-grado-b-reacondicionado\/#primaryimage"},"image":{"@id":"https:\/\/www.maprofar.com\/tienda\/producto\/todo-en-uno-lenovo-thinkcentre-m920q-webcam-grado-b-reacondicionado\/#primaryimage"},"thumbnailUrl":"https:\/\/www.maprofar.com\/tienda\/wp-content\/uploads\/2025\/07\/6910LENM920Q1GB_1.jpg","datePublished":"2025-07-21T09:15:51+00:00","dateModified":"2025-11-06T18:47:02+00:00","description":"Todo en uno - Lenovo ThinkCentre M920Q WEBCAM GRADO B - En Maprofar encontrar\u00e1s ordenadores reacondicionados de calidad al mejor precio.","breadcrumb":{"@id":"https:\/\/www.maprofar.com\/tienda\/producto\/todo-en-uno-lenovo-thinkcentre-m920q-webcam-grado-b-reacondicionado\/#breadcrumb"},"inLanguage":"es","potentialAction":[{"@type":"ReadAction","target":["https:\/\/www.maprofar.com\/tienda\/producto\/todo-en-uno-lenovo-thinkcentre-m920q-webcam-grado-b-reacondicionado\/"]}]},{"@type":"ImageObject","inLanguage":"es","@id":"https:\/\/www.maprofar.com\/tienda\/producto\/todo-en-uno-lenovo-thinkcentre-m920q-webcam-grado-b-reacondicionado\/#primaryimage","url":"https:\/\/www.maprofar.com\/tienda\/wp-content\/uploads\/2025\/07\/6910LENM920Q1GB_1.jpg","contentUrl":"https:\/\/www.maprofar.com\/tienda\/wp-content\/uploads\/2025\/07\/6910LENM920Q1GB_1.jpg","width":679,"height":585,"caption":"Todo en uno - Lenovo ThinkCentre M920Q WEBCAM GRADO B"},{"@type":"BreadcrumbList","@id":"https:\/\/www.maprofar.com\/tienda\/producto\/todo-en-uno-lenovo-thinkcentre-m920q-webcam-grado-b-reacondicionado\/#breadcrumb","itemListElement":[{"@type":"ListItem","position":1,"name":"Portada","item":"https:\/\/www.maprofar.com\/tienda\/"},{"@type":"ListItem","position":2,"name":"Inicio","item":"https:\/\/www.maprofar.com\/tienda\/"},{"@type":"ListItem","position":3,"name":"Todo en uno &#8211; Lenovo ThinkCentre M920Q WEBCAM GRADO B (Reacondicionado)"}]},{"@type":"WebSite","@id":"https:\/\/www.maprofar.com\/tienda\/#website","url":"https:\/\/www.maprofar.com\/tienda\/","name":"Maprofar - Toner Compatibles y Material de Oficina","description":"Encuentra en Maprofar tu t\u00f3ner compatible Brother y HP al mejor precio. Calidad garantizada, env\u00edo urgente 24h y asesoramiento t\u00e9cnico experto. \u00a1Vis\u00edtanos!","publisher":{"@id":"https:\/\/www.maprofar.com\/tienda\/#organization"},"alternateName":"Maprofar Inform\u00e1tica","potentialAction":[{"@type":"SearchAction","target":{"@type":"EntryPoint","urlTemplate":"https:\/\/www.maprofar.com\/tienda\/?s={search_term_string}"},"query-input":{"@type":"PropertyValueSpecification","valueRequired":true,"valueName":"search_term_string"}}],"inLanguage":"es"},{"@type":"Organization","@id":"https:\/\/www.maprofar.com\/tienda\/#organization","name":"Maprofar S.L.","url":"https:\/\/www.maprofar.com\/tienda\/","logo":{"@type":"ImageObject","inLanguage":"es","@id":"https:\/\/www.maprofar.com\/tienda\/#\/schema\/logo\/image\/","url":"https:\/\/www.maprofar.com\/tienda\/wp-content\/uploads\/2021\/05\/logo_circulo.jpg","contentUrl":"https:\/\/www.maprofar.com\/tienda\/wp-content\/uploads\/2021\/05\/logo_circulo.jpg","width":404,"height":335,"caption":"Maprofar S.L."},"image":{"@id":"https:\/\/www.maprofar.com\/tienda\/#\/schema\/logo\/image\/"},"sameAs":["https:\/\/es-es.facebook.com\/maprofar","https:\/\/www.instagram.com\/maprofar_informatica\/","https:\/\/www.pinterest.es\/maprofar\/"]}]}},"_links":{"self":[{"href":"https:\/\/www.maprofar.com\/tienda\/wp-json\/wp\/v2\/product\/12253","targetHints":{"allow":["GET"]}}],"collection":[{"href":"https:\/\/www.maprofar.com\/tienda\/wp-json\/wp\/v2\/product"}],"about":[{"href":"https:\/\/www.maprofar.com\/tienda\/wp-json\/wp\/v2\/types\/product"}],"wp:featuredmedia":[{"embeddable":true,"href":"https:\/\/www.maprofar.com\/tienda\/wp-json\/wp\/v2\/media\/12257"}],"wp:attachment":[{"href":"https:\/\/www.maprofar.com\/tienda\/wp-json\/wp\/v2\/media?parent=12253"}],"wp:term":[{"taxonomy":"product_brand","embeddable":true,"href":"https:\/\/www.maprofar.com\/tienda\/wp-json\/wp\/v2\/product_brand?post=12253"},{"taxonomy":"product_cat","embeddable":true,"href":"https:\/\/www.maprofar.com\/tienda\/wp-json\/wp\/v2\/product_cat?post=12253"},{"taxonomy":"product_tag","embeddable":true,"href":"https:\/\/www.maprofar.com\/tienda\/wp-json\/wp\/v2\/product_tag?post=12253"}],"curies":[{"name":"wp","href":"https:\/\/api.w.org\/{rel}","templated":true}]}}