{"id":12427,"date":"2025-09-24T12:06:48","date_gmt":"2025-09-24T10:06:48","guid":{"rendered":"https:\/\/www.maprofar.com\/tienda\/?post_type=product&#038;p=12427"},"modified":"2026-02-11T19:03:12","modified_gmt":"2026-02-11T18:03:12","slug":"sharp-mx60-mx61-amarillo-toner-compatible-reemplaza-mx-60gtya-mx-61gtya","status":"publish","type":"product","link":"https:\/\/www.maprofar.com\/tienda\/producto\/sharp-mx60-mx61-amarillo-toner-compatible-reemplaza-mx-60gtya-mx-61gtya\/","title":{"rendered":"Sharp MX60\/MX61 Amarillo Toner Compatible &#8211; Reemplaza MX-60GTYA\/MX-61GTYA"},"content":{"rendered":"<p>Sharp MX60\/MX61 Amarillo Toner Compatible &#8211; Reemplaza MX-60GTYA\/MX-61GTYA<\/p>\n<p>Cartucho de toner gen\u00e9rico Sharp MX60\/MX61 (MX-60GTYA\/MX-61GTYA) de alta calidad.<\/p>\n<p>Compatibilidades:<\/p>\n<p>MX 2630N &#8211; MX 2651<\/p>\n<p>MX 3050N &#8211; MX 3050V &#8211; MX 3051 &#8211; MX 3060N &#8211; MX 3060V &#8211; MX 3061 &#8211; MX 3070N &#8211; MX 3070V &#8211; MX 3071<\/p>\n<p>MX 3550N &#8211; MX 3550V &#8211; MX 3551 &#8211; MX 3560N &#8211; MX 3560V &#8211; MX 3561 &#8211; MX 3570N &#8211; MX 3570V &#8211; MX 3571<\/p>\n<p>MX 3650N<\/p>\n<p>MX 4050N &#8211; MX 4050V &#8211; MX 4051 &#8211; MX 4060N &#8211; MX 4060V &#8211; MX 4061 &#8211; MX 4070N &#8211; MX 4070V &#8211; MX 4071<\/p>\n<p>MX 5050N &#8211; MX 5051 &#8211; MX 5070N &#8211; MX 5070V &#8211; MX 5071<\/p>\n<p>MX 6050N &#8211; MX 6050V &#8211; MX 6051 &#8211; MX 6070N &#8211; MX 6070V &#8211; MX 6071.<\/p>\n<p><span style=\"color: #999999;\">Comprar Sharp MX60\/MX61 Amarillo Toner Compatible &#8211; Reemplaza MX-60GTYA\/MX-61GTYA<\/span><\/p>\n","protected":false},"excerpt":{"rendered":"<p class=\"titulo_subseccion_da\">CARACTER\u00cdSTICAS<\/p>\n<div class=\"listado_caracteristicas_da\"><span class=\"linea_datos_da\">\u2022 Para uso en:\u00a0<span class=\"gris_400\" title=\"Sharp\">Sharp<\/span><\/span><\/div>\n<div class=\"listado_caracteristicas_da\"><span class=\"linea_datos_da\" title=\"Amarillo\">\u2022 Color:\u00a0<span class=\"gris_400\">Amarillo<\/span><\/span><\/div>\n<div class=\"listado_caracteristicas_da\"><span class=\"linea_datos_da\" title=\"Gen\u00e9rico\">\u2022 Fabricante:\u00a0<span class=\"gris_400\">Gen\u00e9rico<\/span><\/span><\/div>\n<div class=\"listado_caracteristicas_da\"><span class=\"linea_datos_da\" title=\"Toner (Laser)\">\u2022 Tipo:\u00a0<span class=\"gris_400\">T\u00f3ner (Laser)<\/span><\/span><\/div>\n<div class=\"listado_caracteristicas_da\"><span class=\"linea_datos_da\" title=\"24.000 P\u00e1ginas\">\u2022 Capacidad:\u00a0<span class=\"gris_400\">24.000 P\u00e1ginas<\/span><\/span><\/div>\n<div class=\"listado_caracteristicas_da\"><span class=\"linea_datos_da\" title=\"\" aria-describedby=\"ui-id-15\">\u2022 Ref.:\u00a0<span class=\"gris_400\">SHT-MX60YL<\/span><\/span><\/div>\n","protected":false},"featured_media":12429,"template":"","meta":[],"product_brand":[],"product_cat":[385],"product_tag":[],"class_list":{"0":"post-12427","1":"product","2":"type-product","3":"status-publish","4":"has-post-thumbnail","6":"product_cat-toner-compatibles-sharp","8":"first","9":"instock","10":"taxable","11":"shipping-taxable","12":"purchasable","13":"product-type-simple"},"yoast_head":"<!-- This site is optimized with the Yoast SEO Premium plugin v22.3 (Yoast SEO v27.4) - https:\/\/yoast.com\/product\/yoast-seo-premium-wordpress\/ -->\n<title>Sharp MX60\/MX61 Amarillo Toner Compatible<\/title>\n<meta name=\"description\" content=\"Sharp MX60\/MX61 Amarillo Toner Compatible - Reemplaza MX-60GTYA\/MX-61GTYA - En Maprofar encontrar\u00e1s t\u00f3ner compatibles de calidad al mejor precio.\" \/>\n<meta name=\"robots\" content=\"index, follow, max-snippet:-1, max-image-preview:large, max-video-preview:-1\" \/>\n<link rel=\"canonical\" href=\"https:\/\/www.maprofar.com\/tienda\/producto\/sharp-mx60-mx61-amarillo-toner-compatible-reemplaza-mx-60gtya-mx-61gtya\/\" \/>\n<meta property=\"og:locale\" content=\"es_ES\" \/>\n<meta property=\"og:type\" content=\"article\" \/>\n<meta property=\"og:title\" content=\"Sharp MX60\/MX61 Amarillo Toner Compatible - Reemplaza MX-60GTYA\/MX-61GTYA - Maprofar | T\u00f3ner Compatible Brother, HP y Soluciones de Impresi\u00f3n 3D\" \/>\n<meta property=\"og:description\" content=\"En Maprofar encontrar\u00e1s t\u00f3ner compatibles de calidad y material de oficina al mejor precio. Ahorra sin sacrificar rendimiento. \u00a1Aprovecha nuestras ofertas y descuentos!\" \/>\n<meta property=\"og:url\" content=\"https:\/\/www.maprofar.com\/tienda\/producto\/sharp-mx60-mx61-amarillo-toner-compatible-reemplaza-mx-60gtya-mx-61gtya\/\" \/>\n<meta property=\"og:site_name\" content=\"Maprofar | T\u00f3ner Compatible Brother, HP y Soluciones de Impresi\u00f3n 3D\" \/>\n<meta property=\"article:publisher\" content=\"https:\/\/es-es.facebook.com\/maprofar\" \/>\n<meta property=\"article:modified_time\" content=\"2026-02-11T18:03:12+00:00\" \/>\n<meta property=\"og:image\" content=\"https:\/\/www.maprofar.com\/tienda\/wp-content\/uploads\/2025\/09\/SHT-MX60YL.jpg\" \/>\n\t<meta property=\"og:image:width\" content=\"300\" \/>\n\t<meta property=\"og:image:height\" content=\"300\" \/>\n\t<meta property=\"og:image:type\" content=\"image\/jpeg\" \/>\n<meta name=\"twitter:card\" content=\"summary_large_image\" \/>\n<meta name=\"twitter:label1\" content=\"Tiempo de lectura\" \/>\n\t<meta name=\"twitter:data1\" content=\"1 minuto\" \/>\n<script type=\"application\/ld+json\" class=\"yoast-schema-graph\">{\"@context\":\"https:\\\/\\\/schema.org\",\"@graph\":[{\"@type\":\"WebPage\",\"@id\":\"https:\\\/\\\/www.maprofar.com\\\/tienda\\\/producto\\\/sharp-mx60-mx61-amarillo-toner-compatible-reemplaza-mx-60gtya-mx-61gtya\\\/\",\"url\":\"https:\\\/\\\/www.maprofar.com\\\/tienda\\\/producto\\\/sharp-mx60-mx61-amarillo-toner-compatible-reemplaza-mx-60gtya-mx-61gtya\\\/\",\"name\":\"Sharp MX60\\\/MX61 Amarillo Toner Compatible\",\"isPartOf\":{\"@id\":\"https:\\\/\\\/www.maprofar.com\\\/tienda\\\/#website\"},\"primaryImageOfPage\":{\"@id\":\"https:\\\/\\\/www.maprofar.com\\\/tienda\\\/producto\\\/sharp-mx60-mx61-amarillo-toner-compatible-reemplaza-mx-60gtya-mx-61gtya\\\/#primaryimage\"},\"image\":{\"@id\":\"https:\\\/\\\/www.maprofar.com\\\/tienda\\\/producto\\\/sharp-mx60-mx61-amarillo-toner-compatible-reemplaza-mx-60gtya-mx-61gtya\\\/#primaryimage\"},\"thumbnailUrl\":\"https:\\\/\\\/www.maprofar.com\\\/tienda\\\/wp-content\\\/uploads\\\/2025\\\/09\\\/SHT-MX60YL.jpg\",\"datePublished\":\"2025-09-24T10:06:48+00:00\",\"dateModified\":\"2026-02-11T18:03:12+00:00\",\"description\":\"Sharp MX60\\\/MX61 Amarillo Toner Compatible - Reemplaza MX-60GTYA\\\/MX-61GTYA - En Maprofar encontrar\u00e1s t\u00f3ner compatibles de calidad al mejor precio.\",\"breadcrumb\":{\"@id\":\"https:\\\/\\\/www.maprofar.com\\\/tienda\\\/producto\\\/sharp-mx60-mx61-amarillo-toner-compatible-reemplaza-mx-60gtya-mx-61gtya\\\/#breadcrumb\"},\"inLanguage\":\"es\",\"potentialAction\":[{\"@type\":\"ReadAction\",\"target\":[\"https:\\\/\\\/www.maprofar.com\\\/tienda\\\/producto\\\/sharp-mx60-mx61-amarillo-toner-compatible-reemplaza-mx-60gtya-mx-61gtya\\\/\"]}]},{\"@type\":\"ImageObject\",\"inLanguage\":\"es\",\"@id\":\"https:\\\/\\\/www.maprofar.com\\\/tienda\\\/producto\\\/sharp-mx60-mx61-amarillo-toner-compatible-reemplaza-mx-60gtya-mx-61gtya\\\/#primaryimage\",\"url\":\"https:\\\/\\\/www.maprofar.com\\\/tienda\\\/wp-content\\\/uploads\\\/2025\\\/09\\\/SHT-MX60YL.jpg\",\"contentUrl\":\"https:\\\/\\\/www.maprofar.com\\\/tienda\\\/wp-content\\\/uploads\\\/2025\\\/09\\\/SHT-MX60YL.jpg\",\"width\":300,\"height\":300,\"caption\":\"Sharp MX60\\\/MX61 Amarillo Toner Compatible - Reemplaza MX-60GTYA\\\/MX-61GTYA\"},{\"@type\":\"BreadcrumbList\",\"@id\":\"https:\\\/\\\/www.maprofar.com\\\/tienda\\\/producto\\\/sharp-mx60-mx61-amarillo-toner-compatible-reemplaza-mx-60gtya-mx-61gtya\\\/#breadcrumb\",\"itemListElement\":[{\"@type\":\"ListItem\",\"position\":1,\"name\":\"Portada\",\"item\":\"https:\\\/\\\/www.maprofar.com\\\/tienda\\\/\"},{\"@type\":\"ListItem\",\"position\":2,\"name\":\"Inicio\",\"item\":\"https:\\\/\\\/www.maprofar.com\\\/tienda\\\/\"},{\"@type\":\"ListItem\",\"position\":3,\"name\":\"Sharp MX60\\\/MX61 Amarillo Toner Compatible &#8211; Reemplaza MX-60GTYA\\\/MX-61GTYA\"}]},{\"@type\":\"WebSite\",\"@id\":\"https:\\\/\\\/www.maprofar.com\\\/tienda\\\/#website\",\"url\":\"https:\\\/\\\/www.maprofar.com\\\/tienda\\\/\",\"name\":\"Maprofar - Toner Compatibles y Material de Oficina\",\"description\":\"Encuentra en Maprofar tu t\u00f3ner compatible Brother y HP al mejor precio. Calidad garantizada, env\u00edo urgente 24h y asesoramiento t\u00e9cnico experto. \u00a1Vis\u00edtanos!\",\"publisher\":{\"@id\":\"https:\\\/\\\/www.maprofar.com\\\/tienda\\\/#organization\"},\"alternateName\":\"Maprofar Inform\u00e1tica\",\"potentialAction\":[{\"@type\":\"SearchAction\",\"target\":{\"@type\":\"EntryPoint\",\"urlTemplate\":\"https:\\\/\\\/www.maprofar.com\\\/tienda\\\/?s={search_term_string}\"},\"query-input\":{\"@type\":\"PropertyValueSpecification\",\"valueRequired\":true,\"valueName\":\"search_term_string\"}}],\"inLanguage\":\"es\"},{\"@type\":\"Organization\",\"@id\":\"https:\\\/\\\/www.maprofar.com\\\/tienda\\\/#organization\",\"name\":\"Maprofar S.L.\",\"url\":\"https:\\\/\\\/www.maprofar.com\\\/tienda\\\/\",\"logo\":{\"@type\":\"ImageObject\",\"inLanguage\":\"es\",\"@id\":\"https:\\\/\\\/www.maprofar.com\\\/tienda\\\/#\\\/schema\\\/logo\\\/image\\\/\",\"url\":\"https:\\\/\\\/www.maprofar.com\\\/tienda\\\/wp-content\\\/uploads\\\/2021\\\/05\\\/logo_circulo.jpg\",\"contentUrl\":\"https:\\\/\\\/www.maprofar.com\\\/tienda\\\/wp-content\\\/uploads\\\/2021\\\/05\\\/logo_circulo.jpg\",\"width\":404,\"height\":335,\"caption\":\"Maprofar S.L.\"},\"image\":{\"@id\":\"https:\\\/\\\/www.maprofar.com\\\/tienda\\\/#\\\/schema\\\/logo\\\/image\\\/\"},\"sameAs\":[\"https:\\\/\\\/es-es.facebook.com\\\/maprofar\",\"https:\\\/\\\/www.instagram.com\\\/maprofar_informatica\\\/\",\"https:\\\/\\\/www.pinterest.es\\\/maprofar\\\/\"]}]}<\/script>\n<!-- \/ Yoast SEO Premium plugin. -->","yoast_head_json":{"title":"Sharp MX60\/MX61 Amarillo Toner Compatible","description":"Sharp MX60\/MX61 Amarillo Toner Compatible - Reemplaza MX-60GTYA\/MX-61GTYA - En Maprofar encontrar\u00e1s t\u00f3ner compatibles de calidad al mejor precio.","robots":{"index":"index","follow":"follow","max-snippet":"max-snippet:-1","max-image-preview":"max-image-preview:large","max-video-preview":"max-video-preview:-1"},"canonical":"https:\/\/www.maprofar.com\/tienda\/producto\/sharp-mx60-mx61-amarillo-toner-compatible-reemplaza-mx-60gtya-mx-61gtya\/","og_locale":"es_ES","og_type":"article","og_title":"Sharp MX60\/MX61 Amarillo Toner Compatible - Reemplaza MX-60GTYA\/MX-61GTYA - Maprofar | T\u00f3ner Compatible Brother, HP y Soluciones de Impresi\u00f3n 3D","og_description":"En Maprofar encontrar\u00e1s t\u00f3ner compatibles de calidad y material de oficina al mejor precio. Ahorra sin sacrificar rendimiento. \u00a1Aprovecha nuestras ofertas y descuentos!","og_url":"https:\/\/www.maprofar.com\/tienda\/producto\/sharp-mx60-mx61-amarillo-toner-compatible-reemplaza-mx-60gtya-mx-61gtya\/","og_site_name":"Maprofar | T\u00f3ner Compatible Brother, HP y Soluciones de Impresi\u00f3n 3D","article_publisher":"https:\/\/es-es.facebook.com\/maprofar","article_modified_time":"2026-02-11T18:03:12+00:00","og_image":[{"width":300,"height":300,"url":"https:\/\/www.maprofar.com\/tienda\/wp-content\/uploads\/2025\/09\/SHT-MX60YL.jpg","type":"image\/jpeg"}],"twitter_card":"summary_large_image","twitter_misc":{"Tiempo de lectura":"1 minuto"},"schema":{"@context":"https:\/\/schema.org","@graph":[{"@type":"WebPage","@id":"https:\/\/www.maprofar.com\/tienda\/producto\/sharp-mx60-mx61-amarillo-toner-compatible-reemplaza-mx-60gtya-mx-61gtya\/","url":"https:\/\/www.maprofar.com\/tienda\/producto\/sharp-mx60-mx61-amarillo-toner-compatible-reemplaza-mx-60gtya-mx-61gtya\/","name":"Sharp MX60\/MX61 Amarillo Toner Compatible","isPartOf":{"@id":"https:\/\/www.maprofar.com\/tienda\/#website"},"primaryImageOfPage":{"@id":"https:\/\/www.maprofar.com\/tienda\/producto\/sharp-mx60-mx61-amarillo-toner-compatible-reemplaza-mx-60gtya-mx-61gtya\/#primaryimage"},"image":{"@id":"https:\/\/www.maprofar.com\/tienda\/producto\/sharp-mx60-mx61-amarillo-toner-compatible-reemplaza-mx-60gtya-mx-61gtya\/#primaryimage"},"thumbnailUrl":"https:\/\/www.maprofar.com\/tienda\/wp-content\/uploads\/2025\/09\/SHT-MX60YL.jpg","datePublished":"2025-09-24T10:06:48+00:00","dateModified":"2026-02-11T18:03:12+00:00","description":"Sharp MX60\/MX61 Amarillo Toner Compatible - Reemplaza MX-60GTYA\/MX-61GTYA - En Maprofar encontrar\u00e1s t\u00f3ner compatibles de calidad al mejor precio.","breadcrumb":{"@id":"https:\/\/www.maprofar.com\/tienda\/producto\/sharp-mx60-mx61-amarillo-toner-compatible-reemplaza-mx-60gtya-mx-61gtya\/#breadcrumb"},"inLanguage":"es","potentialAction":[{"@type":"ReadAction","target":["https:\/\/www.maprofar.com\/tienda\/producto\/sharp-mx60-mx61-amarillo-toner-compatible-reemplaza-mx-60gtya-mx-61gtya\/"]}]},{"@type":"ImageObject","inLanguage":"es","@id":"https:\/\/www.maprofar.com\/tienda\/producto\/sharp-mx60-mx61-amarillo-toner-compatible-reemplaza-mx-60gtya-mx-61gtya\/#primaryimage","url":"https:\/\/www.maprofar.com\/tienda\/wp-content\/uploads\/2025\/09\/SHT-MX60YL.jpg","contentUrl":"https:\/\/www.maprofar.com\/tienda\/wp-content\/uploads\/2025\/09\/SHT-MX60YL.jpg","width":300,"height":300,"caption":"Sharp MX60\/MX61 Amarillo Toner Compatible - Reemplaza MX-60GTYA\/MX-61GTYA"},{"@type":"BreadcrumbList","@id":"https:\/\/www.maprofar.com\/tienda\/producto\/sharp-mx60-mx61-amarillo-toner-compatible-reemplaza-mx-60gtya-mx-61gtya\/#breadcrumb","itemListElement":[{"@type":"ListItem","position":1,"name":"Portada","item":"https:\/\/www.maprofar.com\/tienda\/"},{"@type":"ListItem","position":2,"name":"Inicio","item":"https:\/\/www.maprofar.com\/tienda\/"},{"@type":"ListItem","position":3,"name":"Sharp MX60\/MX61 Amarillo Toner Compatible &#8211; Reemplaza MX-60GTYA\/MX-61GTYA"}]},{"@type":"WebSite","@id":"https:\/\/www.maprofar.com\/tienda\/#website","url":"https:\/\/www.maprofar.com\/tienda\/","name":"Maprofar - Toner Compatibles y Material de Oficina","description":"Encuentra en Maprofar tu t\u00f3ner compatible Brother y HP al mejor precio. Calidad garantizada, env\u00edo urgente 24h y asesoramiento t\u00e9cnico experto. \u00a1Vis\u00edtanos!","publisher":{"@id":"https:\/\/www.maprofar.com\/tienda\/#organization"},"alternateName":"Maprofar Inform\u00e1tica","potentialAction":[{"@type":"SearchAction","target":{"@type":"EntryPoint","urlTemplate":"https:\/\/www.maprofar.com\/tienda\/?s={search_term_string}"},"query-input":{"@type":"PropertyValueSpecification","valueRequired":true,"valueName":"search_term_string"}}],"inLanguage":"es"},{"@type":"Organization","@id":"https:\/\/www.maprofar.com\/tienda\/#organization","name":"Maprofar S.L.","url":"https:\/\/www.maprofar.com\/tienda\/","logo":{"@type":"ImageObject","inLanguage":"es","@id":"https:\/\/www.maprofar.com\/tienda\/#\/schema\/logo\/image\/","url":"https:\/\/www.maprofar.com\/tienda\/wp-content\/uploads\/2021\/05\/logo_circulo.jpg","contentUrl":"https:\/\/www.maprofar.com\/tienda\/wp-content\/uploads\/2021\/05\/logo_circulo.jpg","width":404,"height":335,"caption":"Maprofar S.L."},"image":{"@id":"https:\/\/www.maprofar.com\/tienda\/#\/schema\/logo\/image\/"},"sameAs":["https:\/\/es-es.facebook.com\/maprofar","https:\/\/www.instagram.com\/maprofar_informatica\/","https:\/\/www.pinterest.es\/maprofar\/"]}]}},"_links":{"self":[{"href":"https:\/\/www.maprofar.com\/tienda\/wp-json\/wp\/v2\/product\/12427","targetHints":{"allow":["GET"]}}],"collection":[{"href":"https:\/\/www.maprofar.com\/tienda\/wp-json\/wp\/v2\/product"}],"about":[{"href":"https:\/\/www.maprofar.com\/tienda\/wp-json\/wp\/v2\/types\/product"}],"wp:featuredmedia":[{"embeddable":true,"href":"https:\/\/www.maprofar.com\/tienda\/wp-json\/wp\/v2\/media\/12429"}],"wp:attachment":[{"href":"https:\/\/www.maprofar.com\/tienda\/wp-json\/wp\/v2\/media?parent=12427"}],"wp:term":[{"taxonomy":"product_brand","embeddable":true,"href":"https:\/\/www.maprofar.com\/tienda\/wp-json\/wp\/v2\/product_brand?post=12427"},{"taxonomy":"product_cat","embeddable":true,"href":"https:\/\/www.maprofar.com\/tienda\/wp-json\/wp\/v2\/product_cat?post=12427"},{"taxonomy":"product_tag","embeddable":true,"href":"https:\/\/www.maprofar.com\/tienda\/wp-json\/wp\/v2\/product_tag?post=12427"}],"curies":[{"name":"wp","href":"https:\/\/api.w.org\/{rel}","templated":true}]}}