{"id":12588,"date":"2025-10-14T18:51:08","date_gmt":"2025-10-14T16:51:08","guid":{"rendered":"https:\/\/www.maprofar.com\/tienda\/?post_type=product&#038;p=12588"},"modified":"2026-04-14T18:18:11","modified_gmt":"2026-04-14T17:18:11","slug":"help-flash-iot-baliza-de-senalizacion-de-emergencia-v16-conectada-con-dgt","status":"publish","type":"product","link":"https:\/\/www.maprofar.com\/tienda\/producto\/help-flash-iot-baliza-de-senalizacion-de-emergencia-v16-conectada-con-dgt\/","title":{"rendered":"Help Flash IoT+ Baliza de Se\u00f1alizacion de Emergencia V16 Conectada con DGT"},"content":{"rendered":"<p>Help Flash IoT+ Baliza de Se\u00f1alizacion de Emergencia V16 Conectada con DGT &#8211; Proteccion IP54 &#8211; Datos hasta Enero 2038<\/p>\n<p>M\u00e1s Potente, M\u00e1s Segura, M\u00e1s Visible<br \/>\nCon esta nueva se\u00f1al v16 ser\u00e1s a\u00fan m\u00e1s visible. Porque en la nueva Help Flash IoT+ sumamos +250 candelas para mejorar la visibilidad y hacer las carreteras a\u00fan m\u00e1s seguras.<\/p>\n<p>Esta luz de emergencia conectada no solo te hace visible en caso de aver\u00eda o accidente, sino que adem\u00e1s env\u00eda autom\u00e1ticamente tu ubicaci\u00f3n a la DGT, mejorando tu protecci\u00f3n y reduciendo riesgos en carretera. Compacta, f\u00e1cil de usar y homologada. Enci\u00e9ndela, col\u00f3cala en el techo y estar\u00e1s conectado al instante.<\/p>\n<p>La se\u00f1alizaci\u00f3n m\u00e1s visible y segura<br \/>\nHelp Flash es tu baliza luminosa para casos de emergencia. Aut\u00f3noma, compacta y tan f\u00e1cil de usar que, en situaciones de estr\u00e9s, solo tendr\u00e1s que preocuparte de colocarla en un lugar visible, \u00a1sin salir de tu veh\u00edculo! Con un intenso destello avisar\u00e1 a los dem\u00e1s conductores, cubriendo los 360\u00ba de visibilidad y alcanzando m\u00e1s de 1 km de distancia.<\/p>\n<p>DGT 3.0<br \/>\nIncorpora un sistema de geolocalizaci\u00f3n que, una vez activado, env\u00eda la ubicaci\u00f3n del veh\u00edculo detenido a la nube DGT 3.0, para compartirla con los dem\u00e1s conductores. Los datos siempre son an\u00f3nimos.<\/p>\n<p>Visible a 1 km y 360\u00ba<br \/>\nGarantiza una \u00f3ptima visibilidad y emplea la \u00faltima tecnolog\u00eda led, para que tu veh\u00edculo sea visible en todas direcciones y a 1 km de distancia en condiciones de baja luminosidad.<\/p>\n<p>Conexi\u00f3n IoT<br \/>\nLa red NB-IoT de Vodafone proporciona &#8216;cobertura profunda&#8217; que permite operar con normalidad en escenarios de escasa cobertura y maximizar la duraci\u00f3n de la bater\u00eda del dispositivo.<\/p>\n<p>Ligero, compacto y f\u00e1cil de guardar<br \/>\nPodr\u00e1s conservarlo en cualquier parte del veh\u00edculo y llev\u00e1rtelo donde quieras gracias a su dise\u00f1o compacto y manejable. Su tama\u00f1o lo hace tambi\u00e9n ideal para motocicletas.<\/p>\n<p>Aut\u00f3nomo y sin cables<br \/>\nOfrece una autonom\u00eda m\u00ednima de 2,5 horas en modo emergencia y funciona con pilas alcalinas, f\u00e1ciles de encontrar y sustituir en cualquier momento.<\/p>\n<p>IP54 \u00a1No importa que tiempo haga!<br \/>\nResistente a todo tipo de condiciones meteorol\u00f3gicas: lluvia, nieve, viento o niebla.<\/p>\n<p><span style=\"color: #999999;\">Comprar Help Flash IoT+ Baliza de Se\u00f1alizacion de Emergencia V16 Conectada con DGT &#8211; Proteccion IP54 &#8211; Datos hasta Enero 2038<\/span><\/p>\n","protected":false},"excerpt":{"rendered":"<p class=\"titulo_subseccion_da\">CARACTER\u00cdSTICAS<\/p>\n<div class=\"listado_caracteristicas_da\"><span class=\"linea_datos_da\">\u2022 Marca:\u00a0<span class=\"gris_400\" title=\"Help Flash\">Help Flash<\/span><\/span><\/div>\n<div class=\"listado_caracteristicas_da\"><span class=\"linea_datos_da\" title=\"Blanco\">\u2022 Color:\u00a0<span class=\"gris_400\">Blanco<\/span><\/span><\/div>\n<div class=\"listado_caracteristicas_da\"><span class=\"linea_datos_da\" title=\"Help Flash\">\u2022 Fabricante:\u00a0<span class=\"gris_400\">Help Flash<\/span><\/span><\/div>\n<div class=\"listado_caracteristicas_da\"><span class=\"linea_datos_da\" title=\"\" aria-describedby=\"ui-id-14\">\u2022 Ref.:\u00a0<span class=\"gris_400\">PD-000081<\/span><\/span><\/div>\n","protected":false},"featured_media":12592,"template":"","meta":[],"product_brand":[],"product_cat":[218],"product_tag":[],"class_list":{"0":"post-12588","1":"product","2":"type-product","3":"status-publish","4":"has-post-thumbnail","6":"product_cat-varios","8":"first","9":"outofstock","10":"sale","11":"taxable","12":"shipping-taxable","13":"purchasable","14":"product-type-simple"},"yoast_head":"<!-- This site is optimized with the Yoast SEO Premium plugin v22.3 (Yoast SEO v27.4) - https:\/\/yoast.com\/product\/yoast-seo-premium-wordpress\/ -->\n<title>Help Flash IoT+ Baliza de Se\u00f1alizacion de Emergencia V16<\/title>\n<meta name=\"description\" content=\"Help Flash IoT+ Baliza de Se\u00f1alizacion de Emergencia V16 Conectada con DGT - Proteccion IP54 - Datos hasta Enero 2038\" \/>\n<meta name=\"robots\" content=\"index, follow, max-snippet:-1, max-image-preview:large, max-video-preview:-1\" \/>\n<link rel=\"canonical\" href=\"https:\/\/www.maprofar.com\/tienda\/producto\/help-flash-iot-baliza-de-senalizacion-de-emergencia-v16-conectada-con-dgt\/\" \/>\n<meta property=\"og:locale\" content=\"es_ES\" \/>\n<meta property=\"og:type\" content=\"article\" \/>\n<meta property=\"og:title\" content=\"Help Flash IoT+ Baliza de Se\u00f1alizacion de Emergencia V16 Conectada con DGT - Maprofar | T\u00f3ner Compatible Brother, HP y Soluciones de Impresi\u00f3n 3D\" \/>\n<meta property=\"og:description\" content=\"En Maprofar encontrar\u00e1s t\u00f3ner compatibles de calidad y material de oficina al mejor precio. Ahorra sin sacrificar rendimiento. \u00a1Aprovecha nuestras ofertas y descuentos!\" \/>\n<meta property=\"og:url\" content=\"https:\/\/www.maprofar.com\/tienda\/producto\/help-flash-iot-baliza-de-senalizacion-de-emergencia-v16-conectada-con-dgt\/\" \/>\n<meta property=\"og:site_name\" content=\"Maprofar | T\u00f3ner Compatible Brother, HP y Soluciones de Impresi\u00f3n 3D\" \/>\n<meta property=\"article:publisher\" content=\"https:\/\/es-es.facebook.com\/maprofar\" \/>\n<meta property=\"article:modified_time\" content=\"2026-04-14T17:18:11+00:00\" \/>\n<meta property=\"og:image\" content=\"https:\/\/www.maprofar.com\/tienda\/wp-content\/uploads\/2025\/10\/PD-000081_1.jpg\" \/>\n\t<meta property=\"og:image:width\" content=\"550\" \/>\n\t<meta property=\"og:image:height\" content=\"550\" \/>\n\t<meta property=\"og:image:type\" content=\"image\/jpeg\" \/>\n<meta name=\"twitter:card\" content=\"summary_large_image\" \/>\n<meta name=\"twitter:label1\" content=\"Tiempo de lectura\" \/>\n\t<meta name=\"twitter:data1\" content=\"2 minutos\" \/>\n<script type=\"application\/ld+json\" class=\"yoast-schema-graph\">{\"@context\":\"https:\\\/\\\/schema.org\",\"@graph\":[{\"@type\":\"WebPage\",\"@id\":\"https:\\\/\\\/www.maprofar.com\\\/tienda\\\/producto\\\/help-flash-iot-baliza-de-senalizacion-de-emergencia-v16-conectada-con-dgt\\\/\",\"url\":\"https:\\\/\\\/www.maprofar.com\\\/tienda\\\/producto\\\/help-flash-iot-baliza-de-senalizacion-de-emergencia-v16-conectada-con-dgt\\\/\",\"name\":\"Help Flash IoT+ Baliza de Se\u00f1alizacion de Emergencia V16\",\"isPartOf\":{\"@id\":\"https:\\\/\\\/www.maprofar.com\\\/tienda\\\/#website\"},\"primaryImageOfPage\":{\"@id\":\"https:\\\/\\\/www.maprofar.com\\\/tienda\\\/producto\\\/help-flash-iot-baliza-de-senalizacion-de-emergencia-v16-conectada-con-dgt\\\/#primaryimage\"},\"image\":{\"@id\":\"https:\\\/\\\/www.maprofar.com\\\/tienda\\\/producto\\\/help-flash-iot-baliza-de-senalizacion-de-emergencia-v16-conectada-con-dgt\\\/#primaryimage\"},\"thumbnailUrl\":\"https:\\\/\\\/www.maprofar.com\\\/tienda\\\/wp-content\\\/uploads\\\/2025\\\/10\\\/PD-000081_1.jpg\",\"datePublished\":\"2025-10-14T16:51:08+00:00\",\"dateModified\":\"2026-04-14T17:18:11+00:00\",\"description\":\"Help Flash IoT+ Baliza de Se\u00f1alizacion de Emergencia V16 Conectada con DGT - Proteccion IP54 - Datos hasta Enero 2038\",\"breadcrumb\":{\"@id\":\"https:\\\/\\\/www.maprofar.com\\\/tienda\\\/producto\\\/help-flash-iot-baliza-de-senalizacion-de-emergencia-v16-conectada-con-dgt\\\/#breadcrumb\"},\"inLanguage\":\"es\",\"potentialAction\":[{\"@type\":\"ReadAction\",\"target\":[\"https:\\\/\\\/www.maprofar.com\\\/tienda\\\/producto\\\/help-flash-iot-baliza-de-senalizacion-de-emergencia-v16-conectada-con-dgt\\\/\"]}]},{\"@type\":\"ImageObject\",\"inLanguage\":\"es\",\"@id\":\"https:\\\/\\\/www.maprofar.com\\\/tienda\\\/producto\\\/help-flash-iot-baliza-de-senalizacion-de-emergencia-v16-conectada-con-dgt\\\/#primaryimage\",\"url\":\"https:\\\/\\\/www.maprofar.com\\\/tienda\\\/wp-content\\\/uploads\\\/2025\\\/10\\\/PD-000081_1.jpg\",\"contentUrl\":\"https:\\\/\\\/www.maprofar.com\\\/tienda\\\/wp-content\\\/uploads\\\/2025\\\/10\\\/PD-000081_1.jpg\",\"width\":550,\"height\":550,\"caption\":\"Help Flash IoT+ Baliza de Se\u00f1alizacion de Emergencia V16 Conectada con DGT - Proteccion IP54 - Datos hasta Enero 2038\"},{\"@type\":\"BreadcrumbList\",\"@id\":\"https:\\\/\\\/www.maprofar.com\\\/tienda\\\/producto\\\/help-flash-iot-baliza-de-senalizacion-de-emergencia-v16-conectada-con-dgt\\\/#breadcrumb\",\"itemListElement\":[{\"@type\":\"ListItem\",\"position\":1,\"name\":\"Portada\",\"item\":\"https:\\\/\\\/www.maprofar.com\\\/tienda\\\/\"},{\"@type\":\"ListItem\",\"position\":2,\"name\":\"Inicio\",\"item\":\"https:\\\/\\\/www.maprofar.com\\\/tienda\\\/\"},{\"@type\":\"ListItem\",\"position\":3,\"name\":\"Help Flash IoT+ Baliza de Se\u00f1alizacion de Emergencia V16 Conectada con DGT\"}]},{\"@type\":\"WebSite\",\"@id\":\"https:\\\/\\\/www.maprofar.com\\\/tienda\\\/#website\",\"url\":\"https:\\\/\\\/www.maprofar.com\\\/tienda\\\/\",\"name\":\"Maprofar - Toner Compatibles y Material de Oficina\",\"description\":\"Encuentra en Maprofar tu t\u00f3ner compatible Brother y HP al mejor precio. Calidad garantizada, env\u00edo urgente 24h y asesoramiento t\u00e9cnico experto. \u00a1Vis\u00edtanos!\",\"publisher\":{\"@id\":\"https:\\\/\\\/www.maprofar.com\\\/tienda\\\/#organization\"},\"alternateName\":\"Maprofar Inform\u00e1tica\",\"potentialAction\":[{\"@type\":\"SearchAction\",\"target\":{\"@type\":\"EntryPoint\",\"urlTemplate\":\"https:\\\/\\\/www.maprofar.com\\\/tienda\\\/?s={search_term_string}\"},\"query-input\":{\"@type\":\"PropertyValueSpecification\",\"valueRequired\":true,\"valueName\":\"search_term_string\"}}],\"inLanguage\":\"es\"},{\"@type\":\"Organization\",\"@id\":\"https:\\\/\\\/www.maprofar.com\\\/tienda\\\/#organization\",\"name\":\"Maprofar S.L.\",\"url\":\"https:\\\/\\\/www.maprofar.com\\\/tienda\\\/\",\"logo\":{\"@type\":\"ImageObject\",\"inLanguage\":\"es\",\"@id\":\"https:\\\/\\\/www.maprofar.com\\\/tienda\\\/#\\\/schema\\\/logo\\\/image\\\/\",\"url\":\"https:\\\/\\\/www.maprofar.com\\\/tienda\\\/wp-content\\\/uploads\\\/2021\\\/05\\\/logo_circulo.jpg\",\"contentUrl\":\"https:\\\/\\\/www.maprofar.com\\\/tienda\\\/wp-content\\\/uploads\\\/2021\\\/05\\\/logo_circulo.jpg\",\"width\":404,\"height\":335,\"caption\":\"Maprofar S.L.\"},\"image\":{\"@id\":\"https:\\\/\\\/www.maprofar.com\\\/tienda\\\/#\\\/schema\\\/logo\\\/image\\\/\"},\"sameAs\":[\"https:\\\/\\\/es-es.facebook.com\\\/maprofar\",\"https:\\\/\\\/www.instagram.com\\\/maprofar_informatica\\\/\",\"https:\\\/\\\/www.pinterest.es\\\/maprofar\\\/\"]}]}<\/script>\n<!-- \/ Yoast SEO Premium plugin. -->","yoast_head_json":{"title":"Help Flash IoT+ Baliza de Se\u00f1alizacion de Emergencia V16","description":"Help Flash IoT+ Baliza de Se\u00f1alizacion de Emergencia V16 Conectada con DGT - Proteccion IP54 - Datos hasta Enero 2038","robots":{"index":"index","follow":"follow","max-snippet":"max-snippet:-1","max-image-preview":"max-image-preview:large","max-video-preview":"max-video-preview:-1"},"canonical":"https:\/\/www.maprofar.com\/tienda\/producto\/help-flash-iot-baliza-de-senalizacion-de-emergencia-v16-conectada-con-dgt\/","og_locale":"es_ES","og_type":"article","og_title":"Help Flash IoT+ Baliza de Se\u00f1alizacion de Emergencia V16 Conectada con DGT - Maprofar | T\u00f3ner Compatible Brother, HP y Soluciones de Impresi\u00f3n 3D","og_description":"En Maprofar encontrar\u00e1s t\u00f3ner compatibles de calidad y material de oficina al mejor precio. Ahorra sin sacrificar rendimiento. \u00a1Aprovecha nuestras ofertas y descuentos!","og_url":"https:\/\/www.maprofar.com\/tienda\/producto\/help-flash-iot-baliza-de-senalizacion-de-emergencia-v16-conectada-con-dgt\/","og_site_name":"Maprofar | T\u00f3ner Compatible Brother, HP y Soluciones de Impresi\u00f3n 3D","article_publisher":"https:\/\/es-es.facebook.com\/maprofar","article_modified_time":"2026-04-14T17:18:11+00:00","og_image":[{"width":550,"height":550,"url":"https:\/\/www.maprofar.com\/tienda\/wp-content\/uploads\/2025\/10\/PD-000081_1.jpg","type":"image\/jpeg"}],"twitter_card":"summary_large_image","twitter_misc":{"Tiempo de lectura":"2 minutos"},"schema":{"@context":"https:\/\/schema.org","@graph":[{"@type":"WebPage","@id":"https:\/\/www.maprofar.com\/tienda\/producto\/help-flash-iot-baliza-de-senalizacion-de-emergencia-v16-conectada-con-dgt\/","url":"https:\/\/www.maprofar.com\/tienda\/producto\/help-flash-iot-baliza-de-senalizacion-de-emergencia-v16-conectada-con-dgt\/","name":"Help Flash IoT+ Baliza de Se\u00f1alizacion de Emergencia V16","isPartOf":{"@id":"https:\/\/www.maprofar.com\/tienda\/#website"},"primaryImageOfPage":{"@id":"https:\/\/www.maprofar.com\/tienda\/producto\/help-flash-iot-baliza-de-senalizacion-de-emergencia-v16-conectada-con-dgt\/#primaryimage"},"image":{"@id":"https:\/\/www.maprofar.com\/tienda\/producto\/help-flash-iot-baliza-de-senalizacion-de-emergencia-v16-conectada-con-dgt\/#primaryimage"},"thumbnailUrl":"https:\/\/www.maprofar.com\/tienda\/wp-content\/uploads\/2025\/10\/PD-000081_1.jpg","datePublished":"2025-10-14T16:51:08+00:00","dateModified":"2026-04-14T17:18:11+00:00","description":"Help Flash IoT+ Baliza de Se\u00f1alizacion de Emergencia V16 Conectada con DGT - Proteccion IP54 - Datos hasta Enero 2038","breadcrumb":{"@id":"https:\/\/www.maprofar.com\/tienda\/producto\/help-flash-iot-baliza-de-senalizacion-de-emergencia-v16-conectada-con-dgt\/#breadcrumb"},"inLanguage":"es","potentialAction":[{"@type":"ReadAction","target":["https:\/\/www.maprofar.com\/tienda\/producto\/help-flash-iot-baliza-de-senalizacion-de-emergencia-v16-conectada-con-dgt\/"]}]},{"@type":"ImageObject","inLanguage":"es","@id":"https:\/\/www.maprofar.com\/tienda\/producto\/help-flash-iot-baliza-de-senalizacion-de-emergencia-v16-conectada-con-dgt\/#primaryimage","url":"https:\/\/www.maprofar.com\/tienda\/wp-content\/uploads\/2025\/10\/PD-000081_1.jpg","contentUrl":"https:\/\/www.maprofar.com\/tienda\/wp-content\/uploads\/2025\/10\/PD-000081_1.jpg","width":550,"height":550,"caption":"Help Flash IoT+ Baliza de Se\u00f1alizacion de Emergencia V16 Conectada con DGT - Proteccion IP54 - Datos hasta Enero 2038"},{"@type":"BreadcrumbList","@id":"https:\/\/www.maprofar.com\/tienda\/producto\/help-flash-iot-baliza-de-senalizacion-de-emergencia-v16-conectada-con-dgt\/#breadcrumb","itemListElement":[{"@type":"ListItem","position":1,"name":"Portada","item":"https:\/\/www.maprofar.com\/tienda\/"},{"@type":"ListItem","position":2,"name":"Inicio","item":"https:\/\/www.maprofar.com\/tienda\/"},{"@type":"ListItem","position":3,"name":"Help Flash IoT+ Baliza de Se\u00f1alizacion de Emergencia V16 Conectada con DGT"}]},{"@type":"WebSite","@id":"https:\/\/www.maprofar.com\/tienda\/#website","url":"https:\/\/www.maprofar.com\/tienda\/","name":"Maprofar - Toner Compatibles y Material de Oficina","description":"Encuentra en Maprofar tu t\u00f3ner compatible Brother y HP al mejor precio. Calidad garantizada, env\u00edo urgente 24h y asesoramiento t\u00e9cnico experto. \u00a1Vis\u00edtanos!","publisher":{"@id":"https:\/\/www.maprofar.com\/tienda\/#organization"},"alternateName":"Maprofar Inform\u00e1tica","potentialAction":[{"@type":"SearchAction","target":{"@type":"EntryPoint","urlTemplate":"https:\/\/www.maprofar.com\/tienda\/?s={search_term_string}"},"query-input":{"@type":"PropertyValueSpecification","valueRequired":true,"valueName":"search_term_string"}}],"inLanguage":"es"},{"@type":"Organization","@id":"https:\/\/www.maprofar.com\/tienda\/#organization","name":"Maprofar S.L.","url":"https:\/\/www.maprofar.com\/tienda\/","logo":{"@type":"ImageObject","inLanguage":"es","@id":"https:\/\/www.maprofar.com\/tienda\/#\/schema\/logo\/image\/","url":"https:\/\/www.maprofar.com\/tienda\/wp-content\/uploads\/2021\/05\/logo_circulo.jpg","contentUrl":"https:\/\/www.maprofar.com\/tienda\/wp-content\/uploads\/2021\/05\/logo_circulo.jpg","width":404,"height":335,"caption":"Maprofar S.L."},"image":{"@id":"https:\/\/www.maprofar.com\/tienda\/#\/schema\/logo\/image\/"},"sameAs":["https:\/\/es-es.facebook.com\/maprofar","https:\/\/www.instagram.com\/maprofar_informatica\/","https:\/\/www.pinterest.es\/maprofar\/"]}]}},"_links":{"self":[{"href":"https:\/\/www.maprofar.com\/tienda\/wp-json\/wp\/v2\/product\/12588","targetHints":{"allow":["GET"]}}],"collection":[{"href":"https:\/\/www.maprofar.com\/tienda\/wp-json\/wp\/v2\/product"}],"about":[{"href":"https:\/\/www.maprofar.com\/tienda\/wp-json\/wp\/v2\/types\/product"}],"wp:featuredmedia":[{"embeddable":true,"href":"https:\/\/www.maprofar.com\/tienda\/wp-json\/wp\/v2\/media\/12592"}],"wp:attachment":[{"href":"https:\/\/www.maprofar.com\/tienda\/wp-json\/wp\/v2\/media?parent=12588"}],"wp:term":[{"taxonomy":"product_brand","embeddable":true,"href":"https:\/\/www.maprofar.com\/tienda\/wp-json\/wp\/v2\/product_brand?post=12588"},{"taxonomy":"product_cat","embeddable":true,"href":"https:\/\/www.maprofar.com\/tienda\/wp-json\/wp\/v2\/product_cat?post=12588"},{"taxonomy":"product_tag","embeddable":true,"href":"https:\/\/www.maprofar.com\/tienda\/wp-json\/wp\/v2\/product_tag?post=12588"}],"curies":[{"name":"wp","href":"https:\/\/api.w.org\/{rel}","templated":true}]}}