{"id":12672,"date":"2025-11-11T10:18:52","date_gmt":"2025-11-11T09:18:52","guid":{"rendered":"https:\/\/www.maprofar.com\/tienda\/?post_type=product&#038;p=12672"},"modified":"2025-12-23T11:27:31","modified_gmt":"2025-12-23T10:27:31","slug":"gbc-inspire-a4-set-de-plastificadora-recortadora-de-esquinas-cizalla-paquete-de-5-bolsas-de-plastificacion","status":"publish","type":"product","link":"https:\/\/www.maprofar.com\/tienda\/producto\/gbc-inspire-a4-set-de-plastificadora-recortadora-de-esquinas-cizalla-paquete-de-5-bolsas-de-plastificacion\/","title":{"rendered":"GBC Inspire+ A4 Set de Plastificadora + Recortadora de Esquinas + Cizalla + Paquete de 5 Bolsas de Plastificacion"},"content":{"rendered":"<p>GBC Inspire+ A4 Set de Plastificadora + Recortadora de Esquinas + Cizalla + Paquete de 5 Bolsas de Plastificacion A4 &#8211; Hasta Tama\u00f1o A4 &#8211; Velocidad 250mm\/min &#8211; Calentamiento en 4 Minutos &#8211; Ajuste Adicional Frio &#8211; Grueso Bolsa 75 y 125mic &#8211; Color Blanco<\/p>\n<p>Este set de plastificadora 4 en 1 A4 combina las herramientas perfectas para plastificar y hacer manualidades a diario, ideal para entornos dom\u00e9sticos o educativos. El set incluye una plastificadora GBC Inspire+ A4 ligera y compacta, una recortadora de esquinas para recortar bordes afilados, una cizalla para cortar documentos al tama\u00f1o deseado y un paquete inicial de 5 bolsas de plastificaci\u00f3n A4 (2 x 75 micras). La plastificadora de papel Inspire+ es f\u00e1cil de usar mediante un \u00fanico interruptor y tiene un tiempo de calentamiento r\u00e1pido de 4 minutos. Puede plastificar hasta 2 bolsas de 125 micras para dar a tus documentos un acabado profesional y perfecto en todo momento. Esta plastificadora de GBC tambi\u00e9n dispone de un modo de plastificaci\u00f3n en fr\u00edo para tus materiales sensibles al calor. Ponte creativo y haz manualidades en un instante: \u00a1la imaginaci\u00f3n es todo lo que necesitas! Color blanco.<\/p>\n<p>Caracteri\u00adsticas:<\/p>\n<p>-El set incluye: 1x Plastificadora GBC Inspire+ A4 (blanca), 1x recortadora de esquinas para recortar bordes y esquinas afilados, 1x cizalla para cortar documentos de forma f\u00e1cil y segura al tama\u00f1o deseado, 5x bolsas de plastificaci\u00f3n (2&#215;75 micras). C\u00f3digo del producto: 3740400.<br \/>\n-Plastifica desde un carnet de identidad hasta hojas de tama\u00f1o A4.<br \/>\n-La plastificadora est\u00e1 lista para usar en solo 4 minutos<br \/>\n-Utiliza bolsas de plastificaci\u00f3n de 2&#215;75 a 2&#215;125 micras<br \/>\n-Ajuste en fr\u00edo para su uso con bolsas autoadhesivas de sellado en fr\u00edo para plastificadoras<br \/>\n-Plastifica hasta 8 bolsas en 10 minutos<br \/>\n-Palanca de liberaci\u00f3n de atascos que permite retirar manualmente las bolsas mal alimentadas o atascadas<br \/>\n-Indicador LED para mostrar cuando est\u00e1 enchufado (rojo) y cuando la m\u00e1quina est\u00e1 lista (verde)<br \/>\n-Para obtener los mejores resultados, utiliza las bolsas de plastificaci\u00f3n GBC.<br \/>\n-Dimensiones de la plastificadora (AnxPrxAl): 350 x 130 x 60 mm<br \/>\n-Dimensiones de la cizalla (AnxPrxAl): 352 x 95 x 24 mm. Recorta hasta 5 hojas a la vez.<br \/>\n-1 a\u00f1o de garant\u00eda<\/p>\n<p>Especificaciones de la plastificadora:<\/p>\n<p>-Velocidad (mm\/min): 250<br \/>\n-Temperatura: 135C<br \/>\n-Tiempo de precalentamiento (min): 4<br \/>\n-Sistema de calentamiento: 2 rodillos calientes<br \/>\n-Funcionamiento: 2 rodillos, sin carrier, temperatura controlada<br \/>\n-M\u00e1x. anchura de plastificaci\u00f3n (mm): 241<br \/>\n-M\u00e1x. grueso de plastificaci\u00f3n (mm): 0.5<br \/>\n-Grueso bolsa plastificar: 2 x 125 micras<br \/>\n-Mecanismo de liberaci\u00f3n: Liberaci\u00f3n manual<br \/>\n-Tiempo aprox. plastificaci\u00f3n (A4): 72 segundos (A4 75 micras)<br \/>\n-Adecuado para fotos: S\u00ed<br \/>\n-Corriente: 220\/240 V CA<br \/>\n-Vatios: 420<br \/>\n-Dimensiones: 350 x 60 x 130<br \/>\n-Dimensiones (con bandeja) mm: 350(ancho) x 60(alto) x 130(fondo)<br \/>\n-Peso: 1,3<\/p>\n<p>Comprar GBC Inspire+ A4 Set de Plastificadora + Recortadora de Esquinas + Cizalla + Paquete de 5 Bolsas de Plastificacion A4 &#8211; Hasta Tama\u00f1o A4 &#8211; Velocidad 250mm\/min &#8211; Calentamiento en 4 Minutos &#8211; Ajuste Adicional Frio &#8211; Grueso Bolsa 75 y 125mic &#8211; Color Blanco<\/p>\n","protected":false},"excerpt":{"rendered":"<p class=\"titulo_subseccion_da\">CARACTER\u00cdSTICAS<\/p>\n<div class=\"listado_caracteristicas_da\"><span class=\"linea_datos_da\">\u2022 Marca:\u00a0<span class=\"gris_400\" title=\"GBC\">GBC<\/span><\/span><\/div>\n<div class=\"listado_caracteristicas_da\"><span class=\"linea_datos_da\" title=\"Blanco\">\u2022 Color:\u00a0<span class=\"gris_400\">Blanco<\/span><\/span><\/div>\n<div class=\"listado_caracteristicas_da\"><span class=\"linea_datos_da\" title=\"GBC\">\u2022 Fabricante:\u00a0<span class=\"gris_400\">GBC<\/span><\/span><\/div>\n<div class=\"listado_caracteristicas_da\"><span class=\"linea_datos_da\" title=\"\" aria-describedby=\"ui-id-11\">\u2022 Ref.:\u00a0<span class=\"gris_400\">4410034<\/span><\/span><\/div>\n","protected":false},"featured_media":12678,"template":"","meta":[],"product_brand":[],"product_cat":[167],"product_tag":[],"class_list":{"0":"post-12672","1":"product","2":"type-product","3":"status-publish","4":"has-post-thumbnail","6":"product_cat-plastificadoras","8":"first","9":"instock","10":"taxable","11":"shipping-taxable","12":"purchasable","13":"product-type-simple"},"yoast_head":"<!-- This site is optimized with the Yoast SEO Premium plugin v22.3 (Yoast SEO v27.4) - https:\/\/yoast.com\/product\/yoast-seo-premium-wordpress\/ -->\n<title>GBC Inspire+ A4 Set de Plastificadora + Recortadora de Esquinas<\/title>\n<meta name=\"description\" content=\"GBC Inspire+ A4 Set de Plastificadora + Recortadora de Esquinas + Cizalla + Paquete de 5 Bolsas de Plastificacion A4 - Hasta Tama\u00f1o A4\" \/>\n<meta name=\"robots\" content=\"index, follow, max-snippet:-1, max-image-preview:large, max-video-preview:-1\" \/>\n<link rel=\"canonical\" href=\"https:\/\/www.maprofar.com\/tienda\/producto\/gbc-inspire-a4-set-de-plastificadora-recortadora-de-esquinas-cizalla-paquete-de-5-bolsas-de-plastificacion\/\" \/>\n<meta property=\"og:locale\" content=\"es_ES\" \/>\n<meta property=\"og:type\" content=\"article\" \/>\n<meta property=\"og:title\" content=\"GBC Inspire+ A4 Set de Plastificadora + Recortadora de Esquinas + Cizalla + Paquete de 5 Bolsas de Plastificacion - Maprofar | T\u00f3ner Compatible Brother, HP y Soluciones de Impresi\u00f3n 3D\" \/>\n<meta property=\"og:description\" content=\"En Maprofar encontrar\u00e1s t\u00f3ner compatibles de calidad y material de oficina al mejor precio. Ahorra sin sacrificar rendimiento. \u00a1Aprovecha nuestras ofertas y descuentos!\" \/>\n<meta property=\"og:url\" content=\"https:\/\/www.maprofar.com\/tienda\/producto\/gbc-inspire-a4-set-de-plastificadora-recortadora-de-esquinas-cizalla-paquete-de-5-bolsas-de-plastificacion\/\" \/>\n<meta property=\"og:site_name\" content=\"Maprofar | T\u00f3ner Compatible Brother, HP y Soluciones de Impresi\u00f3n 3D\" \/>\n<meta property=\"article:publisher\" content=\"https:\/\/es-es.facebook.com\/maprofar\" \/>\n<meta property=\"article:modified_time\" content=\"2025-12-23T10:27:31+00:00\" \/>\n<meta property=\"og:image\" content=\"https:\/\/www.maprofar.com\/tienda\/wp-content\/uploads\/2025\/11\/4410034_1.jpg\" \/>\n\t<meta property=\"og:image:width\" content=\"440\" \/>\n\t<meta property=\"og:image:height\" content=\"275\" \/>\n\t<meta property=\"og:image:type\" content=\"image\/jpeg\" \/>\n<meta name=\"twitter:card\" content=\"summary_large_image\" \/>\n<meta name=\"twitter:label1\" content=\"Tiempo de lectura\" \/>\n\t<meta name=\"twitter:data1\" content=\"3 minutos\" \/>\n<script type=\"application\/ld+json\" class=\"yoast-schema-graph\">{\"@context\":\"https:\\\/\\\/schema.org\",\"@graph\":[{\"@type\":\"WebPage\",\"@id\":\"https:\\\/\\\/www.maprofar.com\\\/tienda\\\/producto\\\/gbc-inspire-a4-set-de-plastificadora-recortadora-de-esquinas-cizalla-paquete-de-5-bolsas-de-plastificacion\\\/\",\"url\":\"https:\\\/\\\/www.maprofar.com\\\/tienda\\\/producto\\\/gbc-inspire-a4-set-de-plastificadora-recortadora-de-esquinas-cizalla-paquete-de-5-bolsas-de-plastificacion\\\/\",\"name\":\"GBC Inspire+ A4 Set de Plastificadora + Recortadora de Esquinas\",\"isPartOf\":{\"@id\":\"https:\\\/\\\/www.maprofar.com\\\/tienda\\\/#website\"},\"primaryImageOfPage\":{\"@id\":\"https:\\\/\\\/www.maprofar.com\\\/tienda\\\/producto\\\/gbc-inspire-a4-set-de-plastificadora-recortadora-de-esquinas-cizalla-paquete-de-5-bolsas-de-plastificacion\\\/#primaryimage\"},\"image\":{\"@id\":\"https:\\\/\\\/www.maprofar.com\\\/tienda\\\/producto\\\/gbc-inspire-a4-set-de-plastificadora-recortadora-de-esquinas-cizalla-paquete-de-5-bolsas-de-plastificacion\\\/#primaryimage\"},\"thumbnailUrl\":\"https:\\\/\\\/www.maprofar.com\\\/tienda\\\/wp-content\\\/uploads\\\/2025\\\/11\\\/4410034_1.jpg\",\"datePublished\":\"2025-11-11T09:18:52+00:00\",\"dateModified\":\"2025-12-23T10:27:31+00:00\",\"description\":\"GBC Inspire+ A4 Set de Plastificadora + Recortadora de Esquinas + Cizalla + Paquete de 5 Bolsas de Plastificacion A4 - Hasta Tama\u00f1o A4\",\"breadcrumb\":{\"@id\":\"https:\\\/\\\/www.maprofar.com\\\/tienda\\\/producto\\\/gbc-inspire-a4-set-de-plastificadora-recortadora-de-esquinas-cizalla-paquete-de-5-bolsas-de-plastificacion\\\/#breadcrumb\"},\"inLanguage\":\"es\",\"potentialAction\":[{\"@type\":\"ReadAction\",\"target\":[\"https:\\\/\\\/www.maprofar.com\\\/tienda\\\/producto\\\/gbc-inspire-a4-set-de-plastificadora-recortadora-de-esquinas-cizalla-paquete-de-5-bolsas-de-plastificacion\\\/\"]}]},{\"@type\":\"ImageObject\",\"inLanguage\":\"es\",\"@id\":\"https:\\\/\\\/www.maprofar.com\\\/tienda\\\/producto\\\/gbc-inspire-a4-set-de-plastificadora-recortadora-de-esquinas-cizalla-paquete-de-5-bolsas-de-plastificacion\\\/#primaryimage\",\"url\":\"https:\\\/\\\/www.maprofar.com\\\/tienda\\\/wp-content\\\/uploads\\\/2025\\\/11\\\/4410034_1.jpg\",\"contentUrl\":\"https:\\\/\\\/www.maprofar.com\\\/tienda\\\/wp-content\\\/uploads\\\/2025\\\/11\\\/4410034_1.jpg\",\"width\":440,\"height\":275,\"caption\":\"GBC Inspire+ A4 Set de Plastificadora + Recortadora de Esquinas + Cizalla + Paquete de 5 Bolsas de Plastificacion A4\"},{\"@type\":\"BreadcrumbList\",\"@id\":\"https:\\\/\\\/www.maprofar.com\\\/tienda\\\/producto\\\/gbc-inspire-a4-set-de-plastificadora-recortadora-de-esquinas-cizalla-paquete-de-5-bolsas-de-plastificacion\\\/#breadcrumb\",\"itemListElement\":[{\"@type\":\"ListItem\",\"position\":1,\"name\":\"Portada\",\"item\":\"https:\\\/\\\/www.maprofar.com\\\/tienda\\\/\"},{\"@type\":\"ListItem\",\"position\":2,\"name\":\"Inicio\",\"item\":\"https:\\\/\\\/www.maprofar.com\\\/tienda\\\/\"},{\"@type\":\"ListItem\",\"position\":3,\"name\":\"GBC Inspire+ A4 Set de Plastificadora + Recortadora de Esquinas + Cizalla + Paquete de 5 Bolsas de Plastificacion\"}]},{\"@type\":\"WebSite\",\"@id\":\"https:\\\/\\\/www.maprofar.com\\\/tienda\\\/#website\",\"url\":\"https:\\\/\\\/www.maprofar.com\\\/tienda\\\/\",\"name\":\"Maprofar - Toner Compatibles y Material de Oficina\",\"description\":\"Encuentra en Maprofar tu t\u00f3ner compatible Brother y HP al mejor precio. Calidad garantizada, env\u00edo urgente 24h y asesoramiento t\u00e9cnico experto. \u00a1Vis\u00edtanos!\",\"publisher\":{\"@id\":\"https:\\\/\\\/www.maprofar.com\\\/tienda\\\/#organization\"},\"alternateName\":\"Maprofar Inform\u00e1tica\",\"potentialAction\":[{\"@type\":\"SearchAction\",\"target\":{\"@type\":\"EntryPoint\",\"urlTemplate\":\"https:\\\/\\\/www.maprofar.com\\\/tienda\\\/?s={search_term_string}\"},\"query-input\":{\"@type\":\"PropertyValueSpecification\",\"valueRequired\":true,\"valueName\":\"search_term_string\"}}],\"inLanguage\":\"es\"},{\"@type\":\"Organization\",\"@id\":\"https:\\\/\\\/www.maprofar.com\\\/tienda\\\/#organization\",\"name\":\"Maprofar S.L.\",\"url\":\"https:\\\/\\\/www.maprofar.com\\\/tienda\\\/\",\"logo\":{\"@type\":\"ImageObject\",\"inLanguage\":\"es\",\"@id\":\"https:\\\/\\\/www.maprofar.com\\\/tienda\\\/#\\\/schema\\\/logo\\\/image\\\/\",\"url\":\"https:\\\/\\\/www.maprofar.com\\\/tienda\\\/wp-content\\\/uploads\\\/2021\\\/05\\\/logo_circulo.jpg\",\"contentUrl\":\"https:\\\/\\\/www.maprofar.com\\\/tienda\\\/wp-content\\\/uploads\\\/2021\\\/05\\\/logo_circulo.jpg\",\"width\":404,\"height\":335,\"caption\":\"Maprofar S.L.\"},\"image\":{\"@id\":\"https:\\\/\\\/www.maprofar.com\\\/tienda\\\/#\\\/schema\\\/logo\\\/image\\\/\"},\"sameAs\":[\"https:\\\/\\\/es-es.facebook.com\\\/maprofar\",\"https:\\\/\\\/www.instagram.com\\\/maprofar_informatica\\\/\",\"https:\\\/\\\/www.pinterest.es\\\/maprofar\\\/\"]}]}<\/script>\n<!-- \/ Yoast SEO Premium plugin. -->","yoast_head_json":{"title":"GBC Inspire+ A4 Set de Plastificadora + Recortadora de Esquinas","description":"GBC Inspire+ A4 Set de Plastificadora + Recortadora de Esquinas + Cizalla + Paquete de 5 Bolsas de Plastificacion A4 - Hasta Tama\u00f1o A4","robots":{"index":"index","follow":"follow","max-snippet":"max-snippet:-1","max-image-preview":"max-image-preview:large","max-video-preview":"max-video-preview:-1"},"canonical":"https:\/\/www.maprofar.com\/tienda\/producto\/gbc-inspire-a4-set-de-plastificadora-recortadora-de-esquinas-cizalla-paquete-de-5-bolsas-de-plastificacion\/","og_locale":"es_ES","og_type":"article","og_title":"GBC Inspire+ A4 Set de Plastificadora + Recortadora de Esquinas + Cizalla + Paquete de 5 Bolsas de Plastificacion - Maprofar | T\u00f3ner Compatible Brother, HP y Soluciones de Impresi\u00f3n 3D","og_description":"En Maprofar encontrar\u00e1s t\u00f3ner compatibles de calidad y material de oficina al mejor precio. Ahorra sin sacrificar rendimiento. \u00a1Aprovecha nuestras ofertas y descuentos!","og_url":"https:\/\/www.maprofar.com\/tienda\/producto\/gbc-inspire-a4-set-de-plastificadora-recortadora-de-esquinas-cizalla-paquete-de-5-bolsas-de-plastificacion\/","og_site_name":"Maprofar | T\u00f3ner Compatible Brother, HP y Soluciones de Impresi\u00f3n 3D","article_publisher":"https:\/\/es-es.facebook.com\/maprofar","article_modified_time":"2025-12-23T10:27:31+00:00","og_image":[{"width":440,"height":275,"url":"https:\/\/www.maprofar.com\/tienda\/wp-content\/uploads\/2025\/11\/4410034_1.jpg","type":"image\/jpeg"}],"twitter_card":"summary_large_image","twitter_misc":{"Tiempo de lectura":"3 minutos"},"schema":{"@context":"https:\/\/schema.org","@graph":[{"@type":"WebPage","@id":"https:\/\/www.maprofar.com\/tienda\/producto\/gbc-inspire-a4-set-de-plastificadora-recortadora-de-esquinas-cizalla-paquete-de-5-bolsas-de-plastificacion\/","url":"https:\/\/www.maprofar.com\/tienda\/producto\/gbc-inspire-a4-set-de-plastificadora-recortadora-de-esquinas-cizalla-paquete-de-5-bolsas-de-plastificacion\/","name":"GBC Inspire+ A4 Set de Plastificadora + Recortadora de Esquinas","isPartOf":{"@id":"https:\/\/www.maprofar.com\/tienda\/#website"},"primaryImageOfPage":{"@id":"https:\/\/www.maprofar.com\/tienda\/producto\/gbc-inspire-a4-set-de-plastificadora-recortadora-de-esquinas-cizalla-paquete-de-5-bolsas-de-plastificacion\/#primaryimage"},"image":{"@id":"https:\/\/www.maprofar.com\/tienda\/producto\/gbc-inspire-a4-set-de-plastificadora-recortadora-de-esquinas-cizalla-paquete-de-5-bolsas-de-plastificacion\/#primaryimage"},"thumbnailUrl":"https:\/\/www.maprofar.com\/tienda\/wp-content\/uploads\/2025\/11\/4410034_1.jpg","datePublished":"2025-11-11T09:18:52+00:00","dateModified":"2025-12-23T10:27:31+00:00","description":"GBC Inspire+ A4 Set de Plastificadora + Recortadora de Esquinas + Cizalla + Paquete de 5 Bolsas de Plastificacion A4 - Hasta Tama\u00f1o A4","breadcrumb":{"@id":"https:\/\/www.maprofar.com\/tienda\/producto\/gbc-inspire-a4-set-de-plastificadora-recortadora-de-esquinas-cizalla-paquete-de-5-bolsas-de-plastificacion\/#breadcrumb"},"inLanguage":"es","potentialAction":[{"@type":"ReadAction","target":["https:\/\/www.maprofar.com\/tienda\/producto\/gbc-inspire-a4-set-de-plastificadora-recortadora-de-esquinas-cizalla-paquete-de-5-bolsas-de-plastificacion\/"]}]},{"@type":"ImageObject","inLanguage":"es","@id":"https:\/\/www.maprofar.com\/tienda\/producto\/gbc-inspire-a4-set-de-plastificadora-recortadora-de-esquinas-cizalla-paquete-de-5-bolsas-de-plastificacion\/#primaryimage","url":"https:\/\/www.maprofar.com\/tienda\/wp-content\/uploads\/2025\/11\/4410034_1.jpg","contentUrl":"https:\/\/www.maprofar.com\/tienda\/wp-content\/uploads\/2025\/11\/4410034_1.jpg","width":440,"height":275,"caption":"GBC Inspire+ A4 Set de Plastificadora + Recortadora de Esquinas + Cizalla + Paquete de 5 Bolsas de Plastificacion A4"},{"@type":"BreadcrumbList","@id":"https:\/\/www.maprofar.com\/tienda\/producto\/gbc-inspire-a4-set-de-plastificadora-recortadora-de-esquinas-cizalla-paquete-de-5-bolsas-de-plastificacion\/#breadcrumb","itemListElement":[{"@type":"ListItem","position":1,"name":"Portada","item":"https:\/\/www.maprofar.com\/tienda\/"},{"@type":"ListItem","position":2,"name":"Inicio","item":"https:\/\/www.maprofar.com\/tienda\/"},{"@type":"ListItem","position":3,"name":"GBC Inspire+ A4 Set de Plastificadora + Recortadora de Esquinas + Cizalla + Paquete de 5 Bolsas de Plastificacion"}]},{"@type":"WebSite","@id":"https:\/\/www.maprofar.com\/tienda\/#website","url":"https:\/\/www.maprofar.com\/tienda\/","name":"Maprofar - Toner Compatibles y Material de Oficina","description":"Encuentra en Maprofar tu t\u00f3ner compatible Brother y HP al mejor precio. Calidad garantizada, env\u00edo urgente 24h y asesoramiento t\u00e9cnico experto. \u00a1Vis\u00edtanos!","publisher":{"@id":"https:\/\/www.maprofar.com\/tienda\/#organization"},"alternateName":"Maprofar Inform\u00e1tica","potentialAction":[{"@type":"SearchAction","target":{"@type":"EntryPoint","urlTemplate":"https:\/\/www.maprofar.com\/tienda\/?s={search_term_string}"},"query-input":{"@type":"PropertyValueSpecification","valueRequired":true,"valueName":"search_term_string"}}],"inLanguage":"es"},{"@type":"Organization","@id":"https:\/\/www.maprofar.com\/tienda\/#organization","name":"Maprofar S.L.","url":"https:\/\/www.maprofar.com\/tienda\/","logo":{"@type":"ImageObject","inLanguage":"es","@id":"https:\/\/www.maprofar.com\/tienda\/#\/schema\/logo\/image\/","url":"https:\/\/www.maprofar.com\/tienda\/wp-content\/uploads\/2021\/05\/logo_circulo.jpg","contentUrl":"https:\/\/www.maprofar.com\/tienda\/wp-content\/uploads\/2021\/05\/logo_circulo.jpg","width":404,"height":335,"caption":"Maprofar S.L."},"image":{"@id":"https:\/\/www.maprofar.com\/tienda\/#\/schema\/logo\/image\/"},"sameAs":["https:\/\/es-es.facebook.com\/maprofar","https:\/\/www.instagram.com\/maprofar_informatica\/","https:\/\/www.pinterest.es\/maprofar\/"]}]}},"_links":{"self":[{"href":"https:\/\/www.maprofar.com\/tienda\/wp-json\/wp\/v2\/product\/12672","targetHints":{"allow":["GET"]}}],"collection":[{"href":"https:\/\/www.maprofar.com\/tienda\/wp-json\/wp\/v2\/product"}],"about":[{"href":"https:\/\/www.maprofar.com\/tienda\/wp-json\/wp\/v2\/types\/product"}],"wp:featuredmedia":[{"embeddable":true,"href":"https:\/\/www.maprofar.com\/tienda\/wp-json\/wp\/v2\/media\/12678"}],"wp:attachment":[{"href":"https:\/\/www.maprofar.com\/tienda\/wp-json\/wp\/v2\/media?parent=12672"}],"wp:term":[{"taxonomy":"product_brand","embeddable":true,"href":"https:\/\/www.maprofar.com\/tienda\/wp-json\/wp\/v2\/product_brand?post=12672"},{"taxonomy":"product_cat","embeddable":true,"href":"https:\/\/www.maprofar.com\/tienda\/wp-json\/wp\/v2\/product_cat?post=12672"},{"taxonomy":"product_tag","embeddable":true,"href":"https:\/\/www.maprofar.com\/tienda\/wp-json\/wp\/v2\/product_tag?post=12672"}],"curies":[{"name":"wp","href":"https:\/\/api.w.org\/{rel}","templated":true}]}}