{"id":1268,"date":"2021-02-20T16:29:05","date_gmt":"2021-02-20T14:29:05","guid":{"rendered":"https:\/\/www.maprofar.com\/tienda\/?post_type=product&#038;p=1268"},"modified":"2025-10-08T11:32:25","modified_gmt":"2025-10-08T09:32:25","slug":"toner-compatible-hp-cc533a-ce413a-cf383a-magenta-reemplaza-304a-305a-312a","status":"publish","type":"product","link":"https:\/\/www.maprofar.com\/tienda\/producto\/toner-compatible-hp-cc533a-ce413a-cf383a-magenta-reemplaza-304a-305a-312a\/","title":{"rendered":"Toner Compatible HP CC533A\/CE413A\/CF383A Magenta &#8211; Reemplaza 304A\/305A\/312A"},"content":{"rendered":"<p>Cartucho de t\u00f3ner gen\u00e9rico HP CC533A\/CE413A\/CF383A (304A\/305A\/312A) de alta calidad.<\/p>\n<p>Compatibilidades:<\/p>\n<p>Color LaserJet CM 2300 Series \u2013 Color LaserJet CM 2320 Series \u2013 Color LaserJet CM 2320CB MFP \u2013 Color LaserJet CM 2320CBB MFP \u2013 Color LaserJet CM 2320CI MFP \u2013 Color LaserJet CM 2320EB MFP \u2013 Color LaserJet CM 2320EBB MFP \u2013 Color LaserJet CM 2320EI MFP \u2013 Color LaserJet CM 2320EV MFP \u2013 Color LaserJet CM 2320FXI MFP \u2013 Color LaserJet CM 2320N MFP \u2013 Color LaserJet CM 2320NF MFP \u2013 Color LaserJet CM 2320WB MFP \u2013 Color LaserJet CM 2320WBB MFP \u2013 Color LaserJet CM 2320WI MFP \u2013 Color LaserJet CM 2323 &#8211; Color LaserJet CM 2720FXI MFP<\/p>\n<p>Color LaserJet CP 2000 Series \u2013 Color LaserJet CP 2020 \u2013 Color LaserJet CP 2020 Series \u2013 Color LaserJet CP 2024 \u2013 Color LaserJet CP 2024 Series \u2013 Color LaserJet CP 2024DN \u2013 Color LaserJet CP 2024N \u2013 Color LaserJet CP 2025 \u2013 Color LaserJet CP 2025 Series \u2013 Color LaserJet CP 2025DN \u2013 Color LaserJet CP 2025N \u2013 Color LaserJet CP 2025X \u2013 Color LaserJet CP 2026 \u2013 Color LaserJet CP 2026 Series- Color LaserJet CP 2026DN \u2013 Color LaserJet CP 2026N \u2013 Color LaserJet CP 2027 \u2013 Color LaserJet CP 2027 Series \u2013 Color LaserJet CP 2027DN \u2013 Color LaserJet CP 2027N<\/p>\n<p>Laserjet Pro 300 color M351A \u2013 Laserjet Pro 300 color MFP M375NW \u2013 Laserjet Pro 400 color M451DN \u2013 Laserjet Pro 400 color M451DW \u2013 Laserjet Pro 400 color M451NW \u2013 Laserjet Pro 400 color MFP M475DN \u2013 Laserjet Pro 400 color MFP M475DW \u2013 LaserJet Pro 400 color MFP M476dn \u2013 LaserJet Pro 400 color MFP M476dw \u2013 LaserJet Pro 400 color MFP M476nw.<\/p>\n<p>Compatibilidades Canon:<\/p>\n<p>LBP 7200 &#8211; LBP 7200 Series &#8211; LBP 7200C &#8211; LBP 7200CDN &#8211; LBP 7200CN &#8211; LBP 7210CDN &#8211; LBP 7600 Series &#8211; LBP 7660CDN &#8211; LBP 7680CDN &#8211; LBP 7680CX<\/p>\n<p>MF 7200 Series &#8211; MF 724CDW &#8211; MF 726CDW &#8211; MF 728CDW &#8211; MF 729CDW &#8211; MF 729CX &#8211; MF 8300 &#8211; MF 8330 &#8211; MF 8330CDN &#8211; MF 8340 &#8211; MF 8340CDN &#8211; MF 8350 &#8211; MF 8350CDN &#8211; MF 8360 &#8211; MF 8360CDN &#8211; MF 8380 &#8211; MF 8380CDW &#8211; MF 8500 Series &#8211; MF 8540CDN &#8211; MF 8550CD &#8211; MF 8550CDN &#8211; MF 8580CDW.<\/p>\n<p><span style=\"color: #999999;\">Comprar Toner Compatible HP CC533A\/CE413A\/CF383A Magenta &#8211; Reemplaza 304A\/305A\/312A<\/span><\/p>\n","protected":false},"excerpt":{"rendered":"<p class=\"titulo_subseccion_da\">CARACTER\u00cdSTICAS<\/p>\n<div class=\"listado_caracteristicas_da\"><span class=\"linea_datos_da\">\u2022 Para uso en:\u00a0<span class=\"gris_400\" title=\"HP\">HP<\/span><\/span><\/div>\n<div class=\"listado_caracteristicas_da\"><span class=\"linea_datos_da\" title=\"Magenta\">\u2022 Color:\u00a0<span class=\"gris_400\">Magenta<\/span><\/span><\/div>\n<div class=\"listado_caracteristicas_da\"><span class=\"linea_datos_da\" title=\"Gen\u00e9rico\">\u2022 Fabricante:\u00a0<span class=\"gris_400\">Gen\u00e9rico<\/span><\/span><\/div>\n<div class=\"listado_caracteristicas_da\"><span class=\"linea_datos_da\" title=\"Toner (Laser)\">\u2022 Tipo:\u00a0<span class=\"gris_400\">T\u00f3ner (Laser)<\/span><\/span><\/div>\n<div class=\"listado_caracteristicas_da\"><span class=\"linea_datos_da\" title=\"2.800 P\u00e1ginas\">\u2022 Capacidad:\u00a0<span class=\"gris_400\">2.800 P\u00e1ginas<\/span><\/span><\/div>\n<div class=\"listado_caracteristicas_da\"><span class=\"linea_datos_da\" title=\"\" aria-describedby=\"ui-id-10\">\u2022 Ref:\u00a0<span class=\"gris_400\">HT-CF383A(P)(U)<\/span><\/span><\/div>\n","protected":false},"featured_media":1269,"template":"","meta":[],"product_brand":[],"product_cat":[66],"product_tag":[267,268,269,270,233,255],"class_list":{"0":"post-1268","1":"product","2":"type-product","3":"status-publish","4":"has-post-thumbnail","6":"product_cat-toner-compatibles-hp","7":"product_tag-cartucho-de-toner-compatible-hp","8":"product_tag-cartucho-de-toner-generico-hp","9":"product_tag-toner-compatible-hp","10":"product_tag-toner-generico-hp","11":"product_tag-toner-hp-compatible","12":"product_tag-toner-hp-generico","14":"first","15":"instock","16":"taxable","17":"shipping-taxable","18":"purchasable","19":"product-type-simple"},"yoast_head":"<!-- This site is optimized with the Yoast SEO Premium plugin v22.3 (Yoast SEO v27.4) - https:\/\/yoast.com\/product\/yoast-seo-premium-wordpress\/ -->\n<title>Toner Compatible HP CC533A\/CE413A\/CF383A Magenta<\/title>\n<meta name=\"description\" content=\"Toner Compatible HP CC533A\/CE413A\/CF383A Magenta - Reemplaza 304A\/305A\/312A - Maprofar | T\u00f3ner Compatible Brother, HP y Soluciones de Impresi\u00f3n 3D\" \/>\n<meta name=\"robots\" content=\"index, follow, max-snippet:-1, max-image-preview:large, max-video-preview:-1\" \/>\n<link rel=\"canonical\" href=\"https:\/\/www.maprofar.com\/tienda\/producto\/toner-compatible-hp-cc533a-ce413a-cf383a-magenta-reemplaza-304a-305a-312a\/\" \/>\n<meta property=\"og:locale\" content=\"es_ES\" \/>\n<meta property=\"og:type\" content=\"article\" \/>\n<meta property=\"og:title\" content=\"Toner Compatible HP CC533A\/CE413A\/CF383A Magenta - Reemplaza 304A\/305A\/312A - Maprofar | T\u00f3ner Compatible Brother, HP y Soluciones de Impresi\u00f3n 3D\" \/>\n<meta property=\"og:description\" content=\"En Maprofar encontrar\u00e1s t\u00f3ner compatibles de calidad y material de oficina al mejor precio. Ahorra sin sacrificar rendimiento. \u00a1Aprovecha nuestras ofertas y descuentos!\" \/>\n<meta property=\"og:url\" content=\"https:\/\/www.maprofar.com\/tienda\/producto\/toner-compatible-hp-cc533a-ce413a-cf383a-magenta-reemplaza-304a-305a-312a\/\" \/>\n<meta property=\"og:site_name\" content=\"Maprofar | T\u00f3ner Compatible Brother, HP y Soluciones de Impresi\u00f3n 3D\" \/>\n<meta property=\"article:publisher\" content=\"https:\/\/es-es.facebook.com\/maprofar\" \/>\n<meta property=\"article:modified_time\" content=\"2025-10-08T09:32:25+00:00\" \/>\n<meta property=\"og:image\" content=\"https:\/\/www.maprofar.com\/tienda\/wp-content\/uploads\/2021\/02\/HT-CF383A-P-U.jpg\" \/>\n\t<meta property=\"og:image:width\" content=\"330\" \/>\n\t<meta property=\"og:image:height\" content=\"220\" \/>\n\t<meta property=\"og:image:type\" content=\"image\/jpeg\" \/>\n<meta name=\"twitter:card\" content=\"summary_large_image\" \/>\n<meta name=\"twitter:label1\" content=\"Tiempo de lectura\" \/>\n\t<meta name=\"twitter:data1\" content=\"2 minutos\" \/>\n<script type=\"application\/ld+json\" class=\"yoast-schema-graph\">{\"@context\":\"https:\\\/\\\/schema.org\",\"@graph\":[{\"@type\":\"WebPage\",\"@id\":\"https:\\\/\\\/www.maprofar.com\\\/tienda\\\/producto\\\/toner-compatible-hp-cc533a-ce413a-cf383a-magenta-reemplaza-304a-305a-312a\\\/\",\"url\":\"https:\\\/\\\/www.maprofar.com\\\/tienda\\\/producto\\\/toner-compatible-hp-cc533a-ce413a-cf383a-magenta-reemplaza-304a-305a-312a\\\/\",\"name\":\"Toner Compatible HP CC533A\\\/CE413A\\\/CF383A Magenta\",\"isPartOf\":{\"@id\":\"https:\\\/\\\/www.maprofar.com\\\/tienda\\\/#website\"},\"primaryImageOfPage\":{\"@id\":\"https:\\\/\\\/www.maprofar.com\\\/tienda\\\/producto\\\/toner-compatible-hp-cc533a-ce413a-cf383a-magenta-reemplaza-304a-305a-312a\\\/#primaryimage\"},\"image\":{\"@id\":\"https:\\\/\\\/www.maprofar.com\\\/tienda\\\/producto\\\/toner-compatible-hp-cc533a-ce413a-cf383a-magenta-reemplaza-304a-305a-312a\\\/#primaryimage\"},\"thumbnailUrl\":\"https:\\\/\\\/www.maprofar.com\\\/tienda\\\/wp-content\\\/uploads\\\/2021\\\/02\\\/HT-CF383A-P-U.jpg\",\"datePublished\":\"2021-02-20T14:29:05+00:00\",\"dateModified\":\"2025-10-08T09:32:25+00:00\",\"description\":\"Toner Compatible HP CC533A\\\/CE413A\\\/CF383A Magenta - Reemplaza 304A\\\/305A\\\/312A - Maprofar | T\u00f3ner Compatible Brother, HP y Soluciones de Impresi\u00f3n 3D\",\"breadcrumb\":{\"@id\":\"https:\\\/\\\/www.maprofar.com\\\/tienda\\\/producto\\\/toner-compatible-hp-cc533a-ce413a-cf383a-magenta-reemplaza-304a-305a-312a\\\/#breadcrumb\"},\"inLanguage\":\"es\",\"potentialAction\":[{\"@type\":\"ReadAction\",\"target\":[\"https:\\\/\\\/www.maprofar.com\\\/tienda\\\/producto\\\/toner-compatible-hp-cc533a-ce413a-cf383a-magenta-reemplaza-304a-305a-312a\\\/\"]}]},{\"@type\":\"ImageObject\",\"inLanguage\":\"es\",\"@id\":\"https:\\\/\\\/www.maprofar.com\\\/tienda\\\/producto\\\/toner-compatible-hp-cc533a-ce413a-cf383a-magenta-reemplaza-304a-305a-312a\\\/#primaryimage\",\"url\":\"https:\\\/\\\/www.maprofar.com\\\/tienda\\\/wp-content\\\/uploads\\\/2021\\\/02\\\/HT-CF383A-P-U.jpg\",\"contentUrl\":\"https:\\\/\\\/www.maprofar.com\\\/tienda\\\/wp-content\\\/uploads\\\/2021\\\/02\\\/HT-CF383A-P-U.jpg\",\"width\":330,\"height\":220},{\"@type\":\"BreadcrumbList\",\"@id\":\"https:\\\/\\\/www.maprofar.com\\\/tienda\\\/producto\\\/toner-compatible-hp-cc533a-ce413a-cf383a-magenta-reemplaza-304a-305a-312a\\\/#breadcrumb\",\"itemListElement\":[{\"@type\":\"ListItem\",\"position\":1,\"name\":\"Portada\",\"item\":\"https:\\\/\\\/www.maprofar.com\\\/tienda\\\/\"},{\"@type\":\"ListItem\",\"position\":2,\"name\":\"Inicio\",\"item\":\"https:\\\/\\\/www.maprofar.com\\\/tienda\\\/\"},{\"@type\":\"ListItem\",\"position\":3,\"name\":\"Toner Compatible HP CC533A\\\/CE413A\\\/CF383A Magenta &#8211; Reemplaza 304A\\\/305A\\\/312A\"}]},{\"@type\":\"WebSite\",\"@id\":\"https:\\\/\\\/www.maprofar.com\\\/tienda\\\/#website\",\"url\":\"https:\\\/\\\/www.maprofar.com\\\/tienda\\\/\",\"name\":\"Maprofar - Toner Compatibles y Material de Oficina\",\"description\":\"Encuentra en Maprofar tu t\u00f3ner compatible Brother y HP al mejor precio. Calidad garantizada, env\u00edo urgente 24h y asesoramiento t\u00e9cnico experto. \u00a1Vis\u00edtanos!\",\"publisher\":{\"@id\":\"https:\\\/\\\/www.maprofar.com\\\/tienda\\\/#organization\"},\"alternateName\":\"Maprofar Inform\u00e1tica\",\"potentialAction\":[{\"@type\":\"SearchAction\",\"target\":{\"@type\":\"EntryPoint\",\"urlTemplate\":\"https:\\\/\\\/www.maprofar.com\\\/tienda\\\/?s={search_term_string}\"},\"query-input\":{\"@type\":\"PropertyValueSpecification\",\"valueRequired\":true,\"valueName\":\"search_term_string\"}}],\"inLanguage\":\"es\"},{\"@type\":\"Organization\",\"@id\":\"https:\\\/\\\/www.maprofar.com\\\/tienda\\\/#organization\",\"name\":\"Maprofar S.L.\",\"url\":\"https:\\\/\\\/www.maprofar.com\\\/tienda\\\/\",\"logo\":{\"@type\":\"ImageObject\",\"inLanguage\":\"es\",\"@id\":\"https:\\\/\\\/www.maprofar.com\\\/tienda\\\/#\\\/schema\\\/logo\\\/image\\\/\",\"url\":\"https:\\\/\\\/www.maprofar.com\\\/tienda\\\/wp-content\\\/uploads\\\/2021\\\/05\\\/logo_circulo.jpg\",\"contentUrl\":\"https:\\\/\\\/www.maprofar.com\\\/tienda\\\/wp-content\\\/uploads\\\/2021\\\/05\\\/logo_circulo.jpg\",\"width\":404,\"height\":335,\"caption\":\"Maprofar S.L.\"},\"image\":{\"@id\":\"https:\\\/\\\/www.maprofar.com\\\/tienda\\\/#\\\/schema\\\/logo\\\/image\\\/\"},\"sameAs\":[\"https:\\\/\\\/es-es.facebook.com\\\/maprofar\",\"https:\\\/\\\/www.instagram.com\\\/maprofar_informatica\\\/\",\"https:\\\/\\\/www.pinterest.es\\\/maprofar\\\/\"]}]}<\/script>\n<!-- \/ Yoast SEO Premium plugin. -->","yoast_head_json":{"title":"Toner Compatible HP CC533A\/CE413A\/CF383A Magenta","description":"Toner Compatible HP CC533A\/CE413A\/CF383A Magenta - Reemplaza 304A\/305A\/312A - Maprofar | T\u00f3ner Compatible Brother, HP y Soluciones de Impresi\u00f3n 3D","robots":{"index":"index","follow":"follow","max-snippet":"max-snippet:-1","max-image-preview":"max-image-preview:large","max-video-preview":"max-video-preview:-1"},"canonical":"https:\/\/www.maprofar.com\/tienda\/producto\/toner-compatible-hp-cc533a-ce413a-cf383a-magenta-reemplaza-304a-305a-312a\/","og_locale":"es_ES","og_type":"article","og_title":"Toner Compatible HP CC533A\/CE413A\/CF383A Magenta - Reemplaza 304A\/305A\/312A - Maprofar | T\u00f3ner Compatible Brother, HP y Soluciones de Impresi\u00f3n 3D","og_description":"En Maprofar encontrar\u00e1s t\u00f3ner compatibles de calidad y material de oficina al mejor precio. Ahorra sin sacrificar rendimiento. \u00a1Aprovecha nuestras ofertas y descuentos!","og_url":"https:\/\/www.maprofar.com\/tienda\/producto\/toner-compatible-hp-cc533a-ce413a-cf383a-magenta-reemplaza-304a-305a-312a\/","og_site_name":"Maprofar | T\u00f3ner Compatible Brother, HP y Soluciones de Impresi\u00f3n 3D","article_publisher":"https:\/\/es-es.facebook.com\/maprofar","article_modified_time":"2025-10-08T09:32:25+00:00","og_image":[{"width":330,"height":220,"url":"https:\/\/www.maprofar.com\/tienda\/wp-content\/uploads\/2021\/02\/HT-CF383A-P-U.jpg","type":"image\/jpeg"}],"twitter_card":"summary_large_image","twitter_misc":{"Tiempo de lectura":"2 minutos"},"schema":{"@context":"https:\/\/schema.org","@graph":[{"@type":"WebPage","@id":"https:\/\/www.maprofar.com\/tienda\/producto\/toner-compatible-hp-cc533a-ce413a-cf383a-magenta-reemplaza-304a-305a-312a\/","url":"https:\/\/www.maprofar.com\/tienda\/producto\/toner-compatible-hp-cc533a-ce413a-cf383a-magenta-reemplaza-304a-305a-312a\/","name":"Toner Compatible HP CC533A\/CE413A\/CF383A Magenta","isPartOf":{"@id":"https:\/\/www.maprofar.com\/tienda\/#website"},"primaryImageOfPage":{"@id":"https:\/\/www.maprofar.com\/tienda\/producto\/toner-compatible-hp-cc533a-ce413a-cf383a-magenta-reemplaza-304a-305a-312a\/#primaryimage"},"image":{"@id":"https:\/\/www.maprofar.com\/tienda\/producto\/toner-compatible-hp-cc533a-ce413a-cf383a-magenta-reemplaza-304a-305a-312a\/#primaryimage"},"thumbnailUrl":"https:\/\/www.maprofar.com\/tienda\/wp-content\/uploads\/2021\/02\/HT-CF383A-P-U.jpg","datePublished":"2021-02-20T14:29:05+00:00","dateModified":"2025-10-08T09:32:25+00:00","description":"Toner Compatible HP CC533A\/CE413A\/CF383A Magenta - Reemplaza 304A\/305A\/312A - Maprofar | T\u00f3ner Compatible Brother, HP y Soluciones de Impresi\u00f3n 3D","breadcrumb":{"@id":"https:\/\/www.maprofar.com\/tienda\/producto\/toner-compatible-hp-cc533a-ce413a-cf383a-magenta-reemplaza-304a-305a-312a\/#breadcrumb"},"inLanguage":"es","potentialAction":[{"@type":"ReadAction","target":["https:\/\/www.maprofar.com\/tienda\/producto\/toner-compatible-hp-cc533a-ce413a-cf383a-magenta-reemplaza-304a-305a-312a\/"]}]},{"@type":"ImageObject","inLanguage":"es","@id":"https:\/\/www.maprofar.com\/tienda\/producto\/toner-compatible-hp-cc533a-ce413a-cf383a-magenta-reemplaza-304a-305a-312a\/#primaryimage","url":"https:\/\/www.maprofar.com\/tienda\/wp-content\/uploads\/2021\/02\/HT-CF383A-P-U.jpg","contentUrl":"https:\/\/www.maprofar.com\/tienda\/wp-content\/uploads\/2021\/02\/HT-CF383A-P-U.jpg","width":330,"height":220},{"@type":"BreadcrumbList","@id":"https:\/\/www.maprofar.com\/tienda\/producto\/toner-compatible-hp-cc533a-ce413a-cf383a-magenta-reemplaza-304a-305a-312a\/#breadcrumb","itemListElement":[{"@type":"ListItem","position":1,"name":"Portada","item":"https:\/\/www.maprofar.com\/tienda\/"},{"@type":"ListItem","position":2,"name":"Inicio","item":"https:\/\/www.maprofar.com\/tienda\/"},{"@type":"ListItem","position":3,"name":"Toner Compatible HP CC533A\/CE413A\/CF383A Magenta &#8211; Reemplaza 304A\/305A\/312A"}]},{"@type":"WebSite","@id":"https:\/\/www.maprofar.com\/tienda\/#website","url":"https:\/\/www.maprofar.com\/tienda\/","name":"Maprofar - Toner Compatibles y Material de Oficina","description":"Encuentra en Maprofar tu t\u00f3ner compatible Brother y HP al mejor precio. Calidad garantizada, env\u00edo urgente 24h y asesoramiento t\u00e9cnico experto. \u00a1Vis\u00edtanos!","publisher":{"@id":"https:\/\/www.maprofar.com\/tienda\/#organization"},"alternateName":"Maprofar Inform\u00e1tica","potentialAction":[{"@type":"SearchAction","target":{"@type":"EntryPoint","urlTemplate":"https:\/\/www.maprofar.com\/tienda\/?s={search_term_string}"},"query-input":{"@type":"PropertyValueSpecification","valueRequired":true,"valueName":"search_term_string"}}],"inLanguage":"es"},{"@type":"Organization","@id":"https:\/\/www.maprofar.com\/tienda\/#organization","name":"Maprofar S.L.","url":"https:\/\/www.maprofar.com\/tienda\/","logo":{"@type":"ImageObject","inLanguage":"es","@id":"https:\/\/www.maprofar.com\/tienda\/#\/schema\/logo\/image\/","url":"https:\/\/www.maprofar.com\/tienda\/wp-content\/uploads\/2021\/05\/logo_circulo.jpg","contentUrl":"https:\/\/www.maprofar.com\/tienda\/wp-content\/uploads\/2021\/05\/logo_circulo.jpg","width":404,"height":335,"caption":"Maprofar S.L."},"image":{"@id":"https:\/\/www.maprofar.com\/tienda\/#\/schema\/logo\/image\/"},"sameAs":["https:\/\/es-es.facebook.com\/maprofar","https:\/\/www.instagram.com\/maprofar_informatica\/","https:\/\/www.pinterest.es\/maprofar\/"]}]}},"_links":{"self":[{"href":"https:\/\/www.maprofar.com\/tienda\/wp-json\/wp\/v2\/product\/1268","targetHints":{"allow":["GET"]}}],"collection":[{"href":"https:\/\/www.maprofar.com\/tienda\/wp-json\/wp\/v2\/product"}],"about":[{"href":"https:\/\/www.maprofar.com\/tienda\/wp-json\/wp\/v2\/types\/product"}],"wp:featuredmedia":[{"embeddable":true,"href":"https:\/\/www.maprofar.com\/tienda\/wp-json\/wp\/v2\/media\/1269"}],"wp:attachment":[{"href":"https:\/\/www.maprofar.com\/tienda\/wp-json\/wp\/v2\/media?parent=1268"}],"wp:term":[{"taxonomy":"product_brand","embeddable":true,"href":"https:\/\/www.maprofar.com\/tienda\/wp-json\/wp\/v2\/product_brand?post=1268"},{"taxonomy":"product_cat","embeddable":true,"href":"https:\/\/www.maprofar.com\/tienda\/wp-json\/wp\/v2\/product_cat?post=1268"},{"taxonomy":"product_tag","embeddable":true,"href":"https:\/\/www.maprofar.com\/tienda\/wp-json\/wp\/v2\/product_tag?post=1268"}],"curies":[{"name":"wp","href":"https:\/\/api.w.org\/{rel}","templated":true}]}}