{"id":12691,"date":"2025-11-11T11:07:45","date_gmt":"2025-11-11T10:07:45","guid":{"rendered":"https:\/\/www.maprofar.com\/tienda\/?post_type=product&#038;p=12691"},"modified":"2025-11-11T11:07:46","modified_gmt":"2025-11-11T10:07:46","slug":"dohe-cajas-de-embalaje-de-4-solapas-medidas-440x325x420mm-carton-de-canal-3mm","status":"publish","type":"product","link":"https:\/\/www.maprofar.com\/tienda\/producto\/dohe-cajas-de-embalaje-de-4-solapas-medidas-440x325x420mm-carton-de-canal-3mm\/","title":{"rendered":"Dohe Cajas de Embalaje de 4 Solapas &#8211; Medidas 440x325x420mm &#8211; Carton de Canal 3mm"},"content":{"rendered":"<p>Dohe Cajas de Embalaje de 4 Solapas &#8211; Medidas 440x325x420mm &#8211; Carton de Canal 3mm &#8211; Resistente y Duradero &#8211; Ideal para Envios y Almacenamiento<\/p>\n<p>Cajas de embalaje de 4 solapas, fabricadas en cart\u00f3n marr\u00f3n de canal de 3mm y en una gran gama de tama\u00f1os.<\/p>\n<p><span style=\"color: #999999;\">Comprar Dohe Cajas de Embalaje de 4 Solapas &#8211; Medidas 440x325x420mm &#8211; Carton de Canal 3mm &#8211; Resistente y Duradero &#8211; Ideal para Envios y Almacenamiento<\/span><\/p>\n","protected":false},"excerpt":{"rendered":"<p class=\"titulo_subseccion_da\">CARACTER\u00cdSTICAS<\/p>\n<div class=\"listado_caracteristicas_da\"><span class=\"linea_datos_da\">\u2022 Marca:\u00a0<span class=\"gris_400\" title=\"Dohe\">Dohe<\/span><\/span><\/div>\n<div class=\"listado_caracteristicas_da\"><span class=\"linea_datos_da\" title=\"Marr\u00f3n\">\u2022 Color:\u00a0<span class=\"gris_400\">Marr\u00f3n<\/span><\/span><\/div>\n<div class=\"listado_caracteristicas_da\"><span class=\"linea_datos_da\" title=\"Dohe\">\u2022 Fabricante:\u00a0<span class=\"gris_400\">Dohe<\/span><\/span><\/div>\n<div class=\"listado_caracteristicas_da\"><span class=\"linea_datos_da\" title=\"\" aria-describedby=\"ui-id-12\">\u2022 Ref.:\u00a0<span class=\"gris_400\">DO16054<\/span><\/span><\/div>\n","protected":false},"featured_media":12693,"template":"","meta":[],"product_brand":[],"product_cat":[158],"product_tag":[],"class_list":{"0":"post-12691","1":"product","2":"type-product","3":"status-publish","4":"has-post-thumbnail","6":"product_cat-cajas-de-carton","8":"first","9":"instock","10":"taxable","11":"shipping-taxable","12":"purchasable","13":"product-type-simple"},"yoast_head":"<!-- This site is optimized with the Yoast SEO Premium plugin v22.3 (Yoast SEO v27.4) - https:\/\/yoast.com\/product\/yoast-seo-premium-wordpress\/ -->\n<title>Dohe Cajas de Embalaje de 4 Solapas - Medidas 440x325x420mm<\/title>\n<meta name=\"description\" content=\"Dohe Cajas de Embalaje de 4 Solapas - Medidas 440x325x420mm - Carton de Canal 3mm - Resistente y Duradero - Ideal para Envios y Almacenamiento\" \/>\n<meta name=\"robots\" content=\"index, follow, max-snippet:-1, max-image-preview:large, max-video-preview:-1\" \/>\n<link rel=\"canonical\" href=\"https:\/\/www.maprofar.com\/tienda\/producto\/dohe-cajas-de-embalaje-de-4-solapas-medidas-440x325x420mm-carton-de-canal-3mm\/\" \/>\n<meta property=\"og:locale\" content=\"es_ES\" \/>\n<meta property=\"og:type\" content=\"article\" \/>\n<meta property=\"og:title\" content=\"Dohe Cajas de Embalaje de 4 Solapas - Medidas 440x325x420mm - Carton de Canal 3mm - Maprofar | T\u00f3ner Compatible Brother, HP y Soluciones de Impresi\u00f3n 3D\" \/>\n<meta property=\"og:description\" content=\"En Maprofar encontrar\u00e1s t\u00f3ner compatibles de calidad y material de oficina al mejor precio. Ahorra sin sacrificar rendimiento. \u00a1Aprovecha nuestras ofertas y descuentos!\" \/>\n<meta property=\"og:url\" content=\"https:\/\/www.maprofar.com\/tienda\/producto\/dohe-cajas-de-embalaje-de-4-solapas-medidas-440x325x420mm-carton-de-canal-3mm\/\" \/>\n<meta property=\"og:site_name\" content=\"Maprofar | T\u00f3ner Compatible Brother, HP y Soluciones de Impresi\u00f3n 3D\" \/>\n<meta property=\"article:publisher\" content=\"https:\/\/es-es.facebook.com\/maprofar\" \/>\n<meta property=\"article:modified_time\" content=\"2025-11-11T10:07:46+00:00\" \/>\n<meta property=\"og:image\" content=\"https:\/\/www.maprofar.com\/tienda\/wp-content\/uploads\/2025\/11\/DO16054.jpg\" \/>\n\t<meta property=\"og:image:width\" content=\"600\" \/>\n\t<meta property=\"og:image:height\" content=\"600\" \/>\n\t<meta property=\"og:image:type\" content=\"image\/jpeg\" \/>\n<meta name=\"twitter:card\" content=\"summary_large_image\" \/>\n<meta name=\"twitter:label1\" content=\"Tiempo de lectura\" \/>\n\t<meta name=\"twitter:data1\" content=\"1 minuto\" \/>\n<script type=\"application\/ld+json\" class=\"yoast-schema-graph\">{\"@context\":\"https:\\\/\\\/schema.org\",\"@graph\":[{\"@type\":\"WebPage\",\"@id\":\"https:\\\/\\\/www.maprofar.com\\\/tienda\\\/producto\\\/dohe-cajas-de-embalaje-de-4-solapas-medidas-440x325x420mm-carton-de-canal-3mm\\\/\",\"url\":\"https:\\\/\\\/www.maprofar.com\\\/tienda\\\/producto\\\/dohe-cajas-de-embalaje-de-4-solapas-medidas-440x325x420mm-carton-de-canal-3mm\\\/\",\"name\":\"Dohe Cajas de Embalaje de 4 Solapas - Medidas 440x325x420mm\",\"isPartOf\":{\"@id\":\"https:\\\/\\\/www.maprofar.com\\\/tienda\\\/#website\"},\"primaryImageOfPage\":{\"@id\":\"https:\\\/\\\/www.maprofar.com\\\/tienda\\\/producto\\\/dohe-cajas-de-embalaje-de-4-solapas-medidas-440x325x420mm-carton-de-canal-3mm\\\/#primaryimage\"},\"image\":{\"@id\":\"https:\\\/\\\/www.maprofar.com\\\/tienda\\\/producto\\\/dohe-cajas-de-embalaje-de-4-solapas-medidas-440x325x420mm-carton-de-canal-3mm\\\/#primaryimage\"},\"thumbnailUrl\":\"https:\\\/\\\/www.maprofar.com\\\/tienda\\\/wp-content\\\/uploads\\\/2025\\\/11\\\/DO16054.jpg\",\"datePublished\":\"2025-11-11T10:07:45+00:00\",\"dateModified\":\"2025-11-11T10:07:46+00:00\",\"description\":\"Dohe Cajas de Embalaje de 4 Solapas - Medidas 440x325x420mm - Carton de Canal 3mm - Resistente y Duradero - Ideal para Envios y Almacenamiento\",\"breadcrumb\":{\"@id\":\"https:\\\/\\\/www.maprofar.com\\\/tienda\\\/producto\\\/dohe-cajas-de-embalaje-de-4-solapas-medidas-440x325x420mm-carton-de-canal-3mm\\\/#breadcrumb\"},\"inLanguage\":\"es\",\"potentialAction\":[{\"@type\":\"ReadAction\",\"target\":[\"https:\\\/\\\/www.maprofar.com\\\/tienda\\\/producto\\\/dohe-cajas-de-embalaje-de-4-solapas-medidas-440x325x420mm-carton-de-canal-3mm\\\/\"]}]},{\"@type\":\"ImageObject\",\"inLanguage\":\"es\",\"@id\":\"https:\\\/\\\/www.maprofar.com\\\/tienda\\\/producto\\\/dohe-cajas-de-embalaje-de-4-solapas-medidas-440x325x420mm-carton-de-canal-3mm\\\/#primaryimage\",\"url\":\"https:\\\/\\\/www.maprofar.com\\\/tienda\\\/wp-content\\\/uploads\\\/2025\\\/11\\\/DO16054.jpg\",\"contentUrl\":\"https:\\\/\\\/www.maprofar.com\\\/tienda\\\/wp-content\\\/uploads\\\/2025\\\/11\\\/DO16054.jpg\",\"width\":600,\"height\":600,\"caption\":\"Dohe Cajas de Embalaje de 4 Solapas - Medidas 440x325x420mm - Carton de Canal 3mm - Resistente y Duradero - Ideal para Envios y Almacenamiento\"},{\"@type\":\"BreadcrumbList\",\"@id\":\"https:\\\/\\\/www.maprofar.com\\\/tienda\\\/producto\\\/dohe-cajas-de-embalaje-de-4-solapas-medidas-440x325x420mm-carton-de-canal-3mm\\\/#breadcrumb\",\"itemListElement\":[{\"@type\":\"ListItem\",\"position\":1,\"name\":\"Portada\",\"item\":\"https:\\\/\\\/www.maprofar.com\\\/tienda\\\/\"},{\"@type\":\"ListItem\",\"position\":2,\"name\":\"Inicio\",\"item\":\"https:\\\/\\\/www.maprofar.com\\\/tienda\\\/\"},{\"@type\":\"ListItem\",\"position\":3,\"name\":\"Dohe Cajas de Embalaje de 4 Solapas &#8211; Medidas 440x325x420mm &#8211; Carton de Canal 3mm\"}]},{\"@type\":\"WebSite\",\"@id\":\"https:\\\/\\\/www.maprofar.com\\\/tienda\\\/#website\",\"url\":\"https:\\\/\\\/www.maprofar.com\\\/tienda\\\/\",\"name\":\"Maprofar - Toner Compatibles y Material de Oficina\",\"description\":\"Encuentra en Maprofar tu t\u00f3ner compatible Brother y HP al mejor precio. Calidad garantizada, env\u00edo urgente 24h y asesoramiento t\u00e9cnico experto. \u00a1Vis\u00edtanos!\",\"publisher\":{\"@id\":\"https:\\\/\\\/www.maprofar.com\\\/tienda\\\/#organization\"},\"alternateName\":\"Maprofar Inform\u00e1tica\",\"potentialAction\":[{\"@type\":\"SearchAction\",\"target\":{\"@type\":\"EntryPoint\",\"urlTemplate\":\"https:\\\/\\\/www.maprofar.com\\\/tienda\\\/?s={search_term_string}\"},\"query-input\":{\"@type\":\"PropertyValueSpecification\",\"valueRequired\":true,\"valueName\":\"search_term_string\"}}],\"inLanguage\":\"es\"},{\"@type\":\"Organization\",\"@id\":\"https:\\\/\\\/www.maprofar.com\\\/tienda\\\/#organization\",\"name\":\"Maprofar S.L.\",\"url\":\"https:\\\/\\\/www.maprofar.com\\\/tienda\\\/\",\"logo\":{\"@type\":\"ImageObject\",\"inLanguage\":\"es\",\"@id\":\"https:\\\/\\\/www.maprofar.com\\\/tienda\\\/#\\\/schema\\\/logo\\\/image\\\/\",\"url\":\"https:\\\/\\\/www.maprofar.com\\\/tienda\\\/wp-content\\\/uploads\\\/2021\\\/05\\\/logo_circulo.jpg\",\"contentUrl\":\"https:\\\/\\\/www.maprofar.com\\\/tienda\\\/wp-content\\\/uploads\\\/2021\\\/05\\\/logo_circulo.jpg\",\"width\":404,\"height\":335,\"caption\":\"Maprofar S.L.\"},\"image\":{\"@id\":\"https:\\\/\\\/www.maprofar.com\\\/tienda\\\/#\\\/schema\\\/logo\\\/image\\\/\"},\"sameAs\":[\"https:\\\/\\\/es-es.facebook.com\\\/maprofar\",\"https:\\\/\\\/www.instagram.com\\\/maprofar_informatica\\\/\",\"https:\\\/\\\/www.pinterest.es\\\/maprofar\\\/\"]}]}<\/script>\n<!-- \/ Yoast SEO Premium plugin. -->","yoast_head_json":{"title":"Dohe Cajas de Embalaje de 4 Solapas - Medidas 440x325x420mm","description":"Dohe Cajas de Embalaje de 4 Solapas - Medidas 440x325x420mm - Carton de Canal 3mm - Resistente y Duradero - Ideal para Envios y Almacenamiento","robots":{"index":"index","follow":"follow","max-snippet":"max-snippet:-1","max-image-preview":"max-image-preview:large","max-video-preview":"max-video-preview:-1"},"canonical":"https:\/\/www.maprofar.com\/tienda\/producto\/dohe-cajas-de-embalaje-de-4-solapas-medidas-440x325x420mm-carton-de-canal-3mm\/","og_locale":"es_ES","og_type":"article","og_title":"Dohe Cajas de Embalaje de 4 Solapas - Medidas 440x325x420mm - Carton de Canal 3mm - Maprofar | T\u00f3ner Compatible Brother, HP y Soluciones de Impresi\u00f3n 3D","og_description":"En Maprofar encontrar\u00e1s t\u00f3ner compatibles de calidad y material de oficina al mejor precio. Ahorra sin sacrificar rendimiento. \u00a1Aprovecha nuestras ofertas y descuentos!","og_url":"https:\/\/www.maprofar.com\/tienda\/producto\/dohe-cajas-de-embalaje-de-4-solapas-medidas-440x325x420mm-carton-de-canal-3mm\/","og_site_name":"Maprofar | T\u00f3ner Compatible Brother, HP y Soluciones de Impresi\u00f3n 3D","article_publisher":"https:\/\/es-es.facebook.com\/maprofar","article_modified_time":"2025-11-11T10:07:46+00:00","og_image":[{"width":600,"height":600,"url":"https:\/\/www.maprofar.com\/tienda\/wp-content\/uploads\/2025\/11\/DO16054.jpg","type":"image\/jpeg"}],"twitter_card":"summary_large_image","twitter_misc":{"Tiempo de lectura":"1 minuto"},"schema":{"@context":"https:\/\/schema.org","@graph":[{"@type":"WebPage","@id":"https:\/\/www.maprofar.com\/tienda\/producto\/dohe-cajas-de-embalaje-de-4-solapas-medidas-440x325x420mm-carton-de-canal-3mm\/","url":"https:\/\/www.maprofar.com\/tienda\/producto\/dohe-cajas-de-embalaje-de-4-solapas-medidas-440x325x420mm-carton-de-canal-3mm\/","name":"Dohe Cajas de Embalaje de 4 Solapas - Medidas 440x325x420mm","isPartOf":{"@id":"https:\/\/www.maprofar.com\/tienda\/#website"},"primaryImageOfPage":{"@id":"https:\/\/www.maprofar.com\/tienda\/producto\/dohe-cajas-de-embalaje-de-4-solapas-medidas-440x325x420mm-carton-de-canal-3mm\/#primaryimage"},"image":{"@id":"https:\/\/www.maprofar.com\/tienda\/producto\/dohe-cajas-de-embalaje-de-4-solapas-medidas-440x325x420mm-carton-de-canal-3mm\/#primaryimage"},"thumbnailUrl":"https:\/\/www.maprofar.com\/tienda\/wp-content\/uploads\/2025\/11\/DO16054.jpg","datePublished":"2025-11-11T10:07:45+00:00","dateModified":"2025-11-11T10:07:46+00:00","description":"Dohe Cajas de Embalaje de 4 Solapas - Medidas 440x325x420mm - Carton de Canal 3mm - Resistente y Duradero - Ideal para Envios y Almacenamiento","breadcrumb":{"@id":"https:\/\/www.maprofar.com\/tienda\/producto\/dohe-cajas-de-embalaje-de-4-solapas-medidas-440x325x420mm-carton-de-canal-3mm\/#breadcrumb"},"inLanguage":"es","potentialAction":[{"@type":"ReadAction","target":["https:\/\/www.maprofar.com\/tienda\/producto\/dohe-cajas-de-embalaje-de-4-solapas-medidas-440x325x420mm-carton-de-canal-3mm\/"]}]},{"@type":"ImageObject","inLanguage":"es","@id":"https:\/\/www.maprofar.com\/tienda\/producto\/dohe-cajas-de-embalaje-de-4-solapas-medidas-440x325x420mm-carton-de-canal-3mm\/#primaryimage","url":"https:\/\/www.maprofar.com\/tienda\/wp-content\/uploads\/2025\/11\/DO16054.jpg","contentUrl":"https:\/\/www.maprofar.com\/tienda\/wp-content\/uploads\/2025\/11\/DO16054.jpg","width":600,"height":600,"caption":"Dohe Cajas de Embalaje de 4 Solapas - Medidas 440x325x420mm - Carton de Canal 3mm - Resistente y Duradero - Ideal para Envios y Almacenamiento"},{"@type":"BreadcrumbList","@id":"https:\/\/www.maprofar.com\/tienda\/producto\/dohe-cajas-de-embalaje-de-4-solapas-medidas-440x325x420mm-carton-de-canal-3mm\/#breadcrumb","itemListElement":[{"@type":"ListItem","position":1,"name":"Portada","item":"https:\/\/www.maprofar.com\/tienda\/"},{"@type":"ListItem","position":2,"name":"Inicio","item":"https:\/\/www.maprofar.com\/tienda\/"},{"@type":"ListItem","position":3,"name":"Dohe Cajas de Embalaje de 4 Solapas &#8211; Medidas 440x325x420mm &#8211; Carton de Canal 3mm"}]},{"@type":"WebSite","@id":"https:\/\/www.maprofar.com\/tienda\/#website","url":"https:\/\/www.maprofar.com\/tienda\/","name":"Maprofar - Toner Compatibles y Material de Oficina","description":"Encuentra en Maprofar tu t\u00f3ner compatible Brother y HP al mejor precio. Calidad garantizada, env\u00edo urgente 24h y asesoramiento t\u00e9cnico experto. \u00a1Vis\u00edtanos!","publisher":{"@id":"https:\/\/www.maprofar.com\/tienda\/#organization"},"alternateName":"Maprofar Inform\u00e1tica","potentialAction":[{"@type":"SearchAction","target":{"@type":"EntryPoint","urlTemplate":"https:\/\/www.maprofar.com\/tienda\/?s={search_term_string}"},"query-input":{"@type":"PropertyValueSpecification","valueRequired":true,"valueName":"search_term_string"}}],"inLanguage":"es"},{"@type":"Organization","@id":"https:\/\/www.maprofar.com\/tienda\/#organization","name":"Maprofar S.L.","url":"https:\/\/www.maprofar.com\/tienda\/","logo":{"@type":"ImageObject","inLanguage":"es","@id":"https:\/\/www.maprofar.com\/tienda\/#\/schema\/logo\/image\/","url":"https:\/\/www.maprofar.com\/tienda\/wp-content\/uploads\/2021\/05\/logo_circulo.jpg","contentUrl":"https:\/\/www.maprofar.com\/tienda\/wp-content\/uploads\/2021\/05\/logo_circulo.jpg","width":404,"height":335,"caption":"Maprofar S.L."},"image":{"@id":"https:\/\/www.maprofar.com\/tienda\/#\/schema\/logo\/image\/"},"sameAs":["https:\/\/es-es.facebook.com\/maprofar","https:\/\/www.instagram.com\/maprofar_informatica\/","https:\/\/www.pinterest.es\/maprofar\/"]}]}},"_links":{"self":[{"href":"https:\/\/www.maprofar.com\/tienda\/wp-json\/wp\/v2\/product\/12691","targetHints":{"allow":["GET"]}}],"collection":[{"href":"https:\/\/www.maprofar.com\/tienda\/wp-json\/wp\/v2\/product"}],"about":[{"href":"https:\/\/www.maprofar.com\/tienda\/wp-json\/wp\/v2\/types\/product"}],"wp:featuredmedia":[{"embeddable":true,"href":"https:\/\/www.maprofar.com\/tienda\/wp-json\/wp\/v2\/media\/12693"}],"wp:attachment":[{"href":"https:\/\/www.maprofar.com\/tienda\/wp-json\/wp\/v2\/media?parent=12691"}],"wp:term":[{"taxonomy":"product_brand","embeddable":true,"href":"https:\/\/www.maprofar.com\/tienda\/wp-json\/wp\/v2\/product_brand?post=12691"},{"taxonomy":"product_cat","embeddable":true,"href":"https:\/\/www.maprofar.com\/tienda\/wp-json\/wp\/v2\/product_cat?post=12691"},{"taxonomy":"product_tag","embeddable":true,"href":"https:\/\/www.maprofar.com\/tienda\/wp-json\/wp\/v2\/product_tag?post=12691"}],"curies":[{"name":"wp","href":"https:\/\/api.w.org\/{rel}","templated":true}]}}