{"id":12724,"date":"2025-11-12T11:24:55","date_gmt":"2025-11-12T10:24:55","guid":{"rendered":"https:\/\/www.maprofar.com\/tienda\/?post_type=product&#038;p=12724"},"modified":"2025-11-12T11:24:57","modified_gmt":"2025-11-12T10:24:57","slug":"dahle-10752-pack-de-10-cuchillas-de-repuesto-para-cuter-dahle-10890-10891-10892","status":"publish","type":"product","link":"https:\/\/www.maprofar.com\/tienda\/producto\/dahle-10752-pack-de-10-cuchillas-de-repuesto-para-cuter-dahle-10890-10891-10892\/","title":{"rendered":"Dahle 10752 Pack de 10 Cuchillas de Repuesto para Cuter Dahle 10890, 10891, 10892"},"content":{"rendered":"<p>Dahle 10752 Pack de 10 Cuchillas de Repuesto para Cuter Dahle 10890, 10891, 10892<\/p>\n<p>Cuchillas de repuesto para c\u00fater 10890, 10891, 10892<\/p>\n<p>Especificaciones:<\/p>\n<p>-Tipo: Cuchilla de repuesto trapezoidal<br \/>\n-Contenido: 10<br \/>\n-Para uso en: 10890, 10891, 10892<\/p>\n<p><span style=\"color: #999999;\">Comprar Dahle 10752 Pack de 10 Cuchillas de Repuesto para Cuter Dahle 10890, 10891, 10892<\/span><\/p>\n","protected":false},"excerpt":{"rendered":"<p class=\"titulo_subseccion_da\">CARACTER\u00cdSTICAS<\/p>\n<div class=\"listado_caracteristicas_da\"><span class=\"linea_datos_da\">\u2022 Marca:\u00a0<span class=\"gris_400\" title=\"Dahle\">Dahle<\/span><\/span><\/div>\n<div class=\"listado_caracteristicas_da\"><span class=\"linea_datos_da\" title=\"Varios\">\u2022 Color:\u00a0<span class=\"gris_400\">Varios<\/span><\/span><\/div>\n<div class=\"listado_caracteristicas_da\"><span class=\"linea_datos_da\" title=\"Dahle\">\u2022 Fabricante:\u00a0<span class=\"gris_400\">Dahle<\/span><\/span><\/div>\n<div class=\"listado_caracteristicas_da\"><span class=\"linea_datos_da\" title=\"\" aria-describedby=\"ui-id-12\">\u2022 Ref.:\u00a0<span class=\"gris_400\">10752-16229<\/span><\/span><\/div>\n","protected":false},"featured_media":12726,"template":"","meta":[],"product_brand":[],"product_cat":[215],"product_tag":[],"class_list":{"0":"post-12724","1":"product","2":"type-product","3":"status-publish","4":"has-post-thumbnail","6":"product_cat-cuter","8":"first","9":"instock","10":"taxable","11":"shipping-taxable","12":"purchasable","13":"product-type-simple"},"yoast_head":"<!-- This site is optimized with the Yoast SEO Premium plugin v22.3 (Yoast SEO v27.4) - https:\/\/yoast.com\/product\/yoast-seo-premium-wordpress\/ -->\n<title>Dahle 10752 Pack de 10 Cuchillas de Repuesto para Cuter Dahle<\/title>\n<meta name=\"description\" content=\"Dahle 10752 Pack de 10 Cuchillas de Repuesto para Cuter Dahle 10890, 10891, 10892 - En Maprofar encontrar\u00e1s repuestos para cutter al mejor precio.\" \/>\n<meta name=\"robots\" content=\"index, follow, max-snippet:-1, max-image-preview:large, max-video-preview:-1\" \/>\n<link rel=\"canonical\" href=\"https:\/\/www.maprofar.com\/tienda\/producto\/dahle-10752-pack-de-10-cuchillas-de-repuesto-para-cuter-dahle-10890-10891-10892\/\" \/>\n<meta property=\"og:locale\" content=\"es_ES\" \/>\n<meta property=\"og:type\" content=\"article\" \/>\n<meta property=\"og:title\" content=\"Dahle 10752 Pack de 10 Cuchillas de Repuesto para Cuter Dahle 10890, 10891, 10892 - Maprofar | T\u00f3ner Compatible Brother, HP y Soluciones de Impresi\u00f3n 3D\" \/>\n<meta property=\"og:description\" content=\"En Maprofar encontrar\u00e1s t\u00f3ner compatibles de calidad y material de oficina al mejor precio. Ahorra sin sacrificar rendimiento. \u00a1Aprovecha nuestras ofertas y descuentos!\" \/>\n<meta property=\"og:url\" content=\"https:\/\/www.maprofar.com\/tienda\/producto\/dahle-10752-pack-de-10-cuchillas-de-repuesto-para-cuter-dahle-10890-10891-10892\/\" \/>\n<meta property=\"og:site_name\" content=\"Maprofar | T\u00f3ner Compatible Brother, HP y Soluciones de Impresi\u00f3n 3D\" \/>\n<meta property=\"article:publisher\" content=\"https:\/\/es-es.facebook.com\/maprofar\" \/>\n<meta property=\"article:modified_time\" content=\"2025-11-12T10:24:57+00:00\" \/>\n<meta property=\"og:image\" content=\"https:\/\/www.maprofar.com\/tienda\/wp-content\/uploads\/2025\/11\/10752-16229.jpg\" \/>\n\t<meta property=\"og:image:width\" content=\"800\" \/>\n\t<meta property=\"og:image:height\" content=\"533\" \/>\n\t<meta property=\"og:image:type\" content=\"image\/jpeg\" \/>\n<meta name=\"twitter:card\" content=\"summary_large_image\" \/>\n<meta name=\"twitter:label1\" content=\"Tiempo de lectura\" \/>\n\t<meta name=\"twitter:data1\" content=\"1 minuto\" \/>\n<script type=\"application\/ld+json\" class=\"yoast-schema-graph\">{\"@context\":\"https:\\\/\\\/schema.org\",\"@graph\":[{\"@type\":\"WebPage\",\"@id\":\"https:\\\/\\\/www.maprofar.com\\\/tienda\\\/producto\\\/dahle-10752-pack-de-10-cuchillas-de-repuesto-para-cuter-dahle-10890-10891-10892\\\/\",\"url\":\"https:\\\/\\\/www.maprofar.com\\\/tienda\\\/producto\\\/dahle-10752-pack-de-10-cuchillas-de-repuesto-para-cuter-dahle-10890-10891-10892\\\/\",\"name\":\"Dahle 10752 Pack de 10 Cuchillas de Repuesto para Cuter Dahle\",\"isPartOf\":{\"@id\":\"https:\\\/\\\/www.maprofar.com\\\/tienda\\\/#website\"},\"primaryImageOfPage\":{\"@id\":\"https:\\\/\\\/www.maprofar.com\\\/tienda\\\/producto\\\/dahle-10752-pack-de-10-cuchillas-de-repuesto-para-cuter-dahle-10890-10891-10892\\\/#primaryimage\"},\"image\":{\"@id\":\"https:\\\/\\\/www.maprofar.com\\\/tienda\\\/producto\\\/dahle-10752-pack-de-10-cuchillas-de-repuesto-para-cuter-dahle-10890-10891-10892\\\/#primaryimage\"},\"thumbnailUrl\":\"https:\\\/\\\/www.maprofar.com\\\/tienda\\\/wp-content\\\/uploads\\\/2025\\\/11\\\/10752-16229.jpg\",\"datePublished\":\"2025-11-12T10:24:55+00:00\",\"dateModified\":\"2025-11-12T10:24:57+00:00\",\"description\":\"Dahle 10752 Pack de 10 Cuchillas de Repuesto para Cuter Dahle 10890, 10891, 10892 - En Maprofar encontrar\u00e1s repuestos para cutter al mejor precio.\",\"breadcrumb\":{\"@id\":\"https:\\\/\\\/www.maprofar.com\\\/tienda\\\/producto\\\/dahle-10752-pack-de-10-cuchillas-de-repuesto-para-cuter-dahle-10890-10891-10892\\\/#breadcrumb\"},\"inLanguage\":\"es\",\"potentialAction\":[{\"@type\":\"ReadAction\",\"target\":[\"https:\\\/\\\/www.maprofar.com\\\/tienda\\\/producto\\\/dahle-10752-pack-de-10-cuchillas-de-repuesto-para-cuter-dahle-10890-10891-10892\\\/\"]}]},{\"@type\":\"ImageObject\",\"inLanguage\":\"es\",\"@id\":\"https:\\\/\\\/www.maprofar.com\\\/tienda\\\/producto\\\/dahle-10752-pack-de-10-cuchillas-de-repuesto-para-cuter-dahle-10890-10891-10892\\\/#primaryimage\",\"url\":\"https:\\\/\\\/www.maprofar.com\\\/tienda\\\/wp-content\\\/uploads\\\/2025\\\/11\\\/10752-16229.jpg\",\"contentUrl\":\"https:\\\/\\\/www.maprofar.com\\\/tienda\\\/wp-content\\\/uploads\\\/2025\\\/11\\\/10752-16229.jpg\",\"width\":800,\"height\":533,\"caption\":\"Dahle 10752 Pack de 10 Cuchillas de Repuesto para Cuter Dahle 10890, 10891, 10892\"},{\"@type\":\"BreadcrumbList\",\"@id\":\"https:\\\/\\\/www.maprofar.com\\\/tienda\\\/producto\\\/dahle-10752-pack-de-10-cuchillas-de-repuesto-para-cuter-dahle-10890-10891-10892\\\/#breadcrumb\",\"itemListElement\":[{\"@type\":\"ListItem\",\"position\":1,\"name\":\"Portada\",\"item\":\"https:\\\/\\\/www.maprofar.com\\\/tienda\\\/\"},{\"@type\":\"ListItem\",\"position\":2,\"name\":\"Inicio\",\"item\":\"https:\\\/\\\/www.maprofar.com\\\/tienda\\\/\"},{\"@type\":\"ListItem\",\"position\":3,\"name\":\"Dahle 10752 Pack de 10 Cuchillas de Repuesto para Cuter Dahle 10890, 10891, 10892\"}]},{\"@type\":\"WebSite\",\"@id\":\"https:\\\/\\\/www.maprofar.com\\\/tienda\\\/#website\",\"url\":\"https:\\\/\\\/www.maprofar.com\\\/tienda\\\/\",\"name\":\"Maprofar - Toner Compatibles y Material de Oficina\",\"description\":\"Encuentra en Maprofar tu t\u00f3ner compatible Brother y HP al mejor precio. Calidad garantizada, env\u00edo urgente 24h y asesoramiento t\u00e9cnico experto. \u00a1Vis\u00edtanos!\",\"publisher\":{\"@id\":\"https:\\\/\\\/www.maprofar.com\\\/tienda\\\/#organization\"},\"alternateName\":\"Maprofar Inform\u00e1tica\",\"potentialAction\":[{\"@type\":\"SearchAction\",\"target\":{\"@type\":\"EntryPoint\",\"urlTemplate\":\"https:\\\/\\\/www.maprofar.com\\\/tienda\\\/?s={search_term_string}\"},\"query-input\":{\"@type\":\"PropertyValueSpecification\",\"valueRequired\":true,\"valueName\":\"search_term_string\"}}],\"inLanguage\":\"es\"},{\"@type\":\"Organization\",\"@id\":\"https:\\\/\\\/www.maprofar.com\\\/tienda\\\/#organization\",\"name\":\"Maprofar S.L.\",\"url\":\"https:\\\/\\\/www.maprofar.com\\\/tienda\\\/\",\"logo\":{\"@type\":\"ImageObject\",\"inLanguage\":\"es\",\"@id\":\"https:\\\/\\\/www.maprofar.com\\\/tienda\\\/#\\\/schema\\\/logo\\\/image\\\/\",\"url\":\"https:\\\/\\\/www.maprofar.com\\\/tienda\\\/wp-content\\\/uploads\\\/2021\\\/05\\\/logo_circulo.jpg\",\"contentUrl\":\"https:\\\/\\\/www.maprofar.com\\\/tienda\\\/wp-content\\\/uploads\\\/2021\\\/05\\\/logo_circulo.jpg\",\"width\":404,\"height\":335,\"caption\":\"Maprofar S.L.\"},\"image\":{\"@id\":\"https:\\\/\\\/www.maprofar.com\\\/tienda\\\/#\\\/schema\\\/logo\\\/image\\\/\"},\"sameAs\":[\"https:\\\/\\\/es-es.facebook.com\\\/maprofar\",\"https:\\\/\\\/www.instagram.com\\\/maprofar_informatica\\\/\",\"https:\\\/\\\/www.pinterest.es\\\/maprofar\\\/\"]}]}<\/script>\n<!-- \/ Yoast SEO Premium plugin. -->","yoast_head_json":{"title":"Dahle 10752 Pack de 10 Cuchillas de Repuesto para Cuter Dahle","description":"Dahle 10752 Pack de 10 Cuchillas de Repuesto para Cuter Dahle 10890, 10891, 10892 - En Maprofar encontrar\u00e1s repuestos para cutter al mejor precio.","robots":{"index":"index","follow":"follow","max-snippet":"max-snippet:-1","max-image-preview":"max-image-preview:large","max-video-preview":"max-video-preview:-1"},"canonical":"https:\/\/www.maprofar.com\/tienda\/producto\/dahle-10752-pack-de-10-cuchillas-de-repuesto-para-cuter-dahle-10890-10891-10892\/","og_locale":"es_ES","og_type":"article","og_title":"Dahle 10752 Pack de 10 Cuchillas de Repuesto para Cuter Dahle 10890, 10891, 10892 - Maprofar | T\u00f3ner Compatible Brother, HP y Soluciones de Impresi\u00f3n 3D","og_description":"En Maprofar encontrar\u00e1s t\u00f3ner compatibles de calidad y material de oficina al mejor precio. Ahorra sin sacrificar rendimiento. \u00a1Aprovecha nuestras ofertas y descuentos!","og_url":"https:\/\/www.maprofar.com\/tienda\/producto\/dahle-10752-pack-de-10-cuchillas-de-repuesto-para-cuter-dahle-10890-10891-10892\/","og_site_name":"Maprofar | T\u00f3ner Compatible Brother, HP y Soluciones de Impresi\u00f3n 3D","article_publisher":"https:\/\/es-es.facebook.com\/maprofar","article_modified_time":"2025-11-12T10:24:57+00:00","og_image":[{"width":800,"height":533,"url":"https:\/\/www.maprofar.com\/tienda\/wp-content\/uploads\/2025\/11\/10752-16229.jpg","type":"image\/jpeg"}],"twitter_card":"summary_large_image","twitter_misc":{"Tiempo de lectura":"1 minuto"},"schema":{"@context":"https:\/\/schema.org","@graph":[{"@type":"WebPage","@id":"https:\/\/www.maprofar.com\/tienda\/producto\/dahle-10752-pack-de-10-cuchillas-de-repuesto-para-cuter-dahle-10890-10891-10892\/","url":"https:\/\/www.maprofar.com\/tienda\/producto\/dahle-10752-pack-de-10-cuchillas-de-repuesto-para-cuter-dahle-10890-10891-10892\/","name":"Dahle 10752 Pack de 10 Cuchillas de Repuesto para Cuter Dahle","isPartOf":{"@id":"https:\/\/www.maprofar.com\/tienda\/#website"},"primaryImageOfPage":{"@id":"https:\/\/www.maprofar.com\/tienda\/producto\/dahle-10752-pack-de-10-cuchillas-de-repuesto-para-cuter-dahle-10890-10891-10892\/#primaryimage"},"image":{"@id":"https:\/\/www.maprofar.com\/tienda\/producto\/dahle-10752-pack-de-10-cuchillas-de-repuesto-para-cuter-dahle-10890-10891-10892\/#primaryimage"},"thumbnailUrl":"https:\/\/www.maprofar.com\/tienda\/wp-content\/uploads\/2025\/11\/10752-16229.jpg","datePublished":"2025-11-12T10:24:55+00:00","dateModified":"2025-11-12T10:24:57+00:00","description":"Dahle 10752 Pack de 10 Cuchillas de Repuesto para Cuter Dahle 10890, 10891, 10892 - En Maprofar encontrar\u00e1s repuestos para cutter al mejor precio.","breadcrumb":{"@id":"https:\/\/www.maprofar.com\/tienda\/producto\/dahle-10752-pack-de-10-cuchillas-de-repuesto-para-cuter-dahle-10890-10891-10892\/#breadcrumb"},"inLanguage":"es","potentialAction":[{"@type":"ReadAction","target":["https:\/\/www.maprofar.com\/tienda\/producto\/dahle-10752-pack-de-10-cuchillas-de-repuesto-para-cuter-dahle-10890-10891-10892\/"]}]},{"@type":"ImageObject","inLanguage":"es","@id":"https:\/\/www.maprofar.com\/tienda\/producto\/dahle-10752-pack-de-10-cuchillas-de-repuesto-para-cuter-dahle-10890-10891-10892\/#primaryimage","url":"https:\/\/www.maprofar.com\/tienda\/wp-content\/uploads\/2025\/11\/10752-16229.jpg","contentUrl":"https:\/\/www.maprofar.com\/tienda\/wp-content\/uploads\/2025\/11\/10752-16229.jpg","width":800,"height":533,"caption":"Dahle 10752 Pack de 10 Cuchillas de Repuesto para Cuter Dahle 10890, 10891, 10892"},{"@type":"BreadcrumbList","@id":"https:\/\/www.maprofar.com\/tienda\/producto\/dahle-10752-pack-de-10-cuchillas-de-repuesto-para-cuter-dahle-10890-10891-10892\/#breadcrumb","itemListElement":[{"@type":"ListItem","position":1,"name":"Portada","item":"https:\/\/www.maprofar.com\/tienda\/"},{"@type":"ListItem","position":2,"name":"Inicio","item":"https:\/\/www.maprofar.com\/tienda\/"},{"@type":"ListItem","position":3,"name":"Dahle 10752 Pack de 10 Cuchillas de Repuesto para Cuter Dahle 10890, 10891, 10892"}]},{"@type":"WebSite","@id":"https:\/\/www.maprofar.com\/tienda\/#website","url":"https:\/\/www.maprofar.com\/tienda\/","name":"Maprofar - Toner Compatibles y Material de Oficina","description":"Encuentra en Maprofar tu t\u00f3ner compatible Brother y HP al mejor precio. Calidad garantizada, env\u00edo urgente 24h y asesoramiento t\u00e9cnico experto. \u00a1Vis\u00edtanos!","publisher":{"@id":"https:\/\/www.maprofar.com\/tienda\/#organization"},"alternateName":"Maprofar Inform\u00e1tica","potentialAction":[{"@type":"SearchAction","target":{"@type":"EntryPoint","urlTemplate":"https:\/\/www.maprofar.com\/tienda\/?s={search_term_string}"},"query-input":{"@type":"PropertyValueSpecification","valueRequired":true,"valueName":"search_term_string"}}],"inLanguage":"es"},{"@type":"Organization","@id":"https:\/\/www.maprofar.com\/tienda\/#organization","name":"Maprofar S.L.","url":"https:\/\/www.maprofar.com\/tienda\/","logo":{"@type":"ImageObject","inLanguage":"es","@id":"https:\/\/www.maprofar.com\/tienda\/#\/schema\/logo\/image\/","url":"https:\/\/www.maprofar.com\/tienda\/wp-content\/uploads\/2021\/05\/logo_circulo.jpg","contentUrl":"https:\/\/www.maprofar.com\/tienda\/wp-content\/uploads\/2021\/05\/logo_circulo.jpg","width":404,"height":335,"caption":"Maprofar S.L."},"image":{"@id":"https:\/\/www.maprofar.com\/tienda\/#\/schema\/logo\/image\/"},"sameAs":["https:\/\/es-es.facebook.com\/maprofar","https:\/\/www.instagram.com\/maprofar_informatica\/","https:\/\/www.pinterest.es\/maprofar\/"]}]}},"_links":{"self":[{"href":"https:\/\/www.maprofar.com\/tienda\/wp-json\/wp\/v2\/product\/12724","targetHints":{"allow":["GET"]}}],"collection":[{"href":"https:\/\/www.maprofar.com\/tienda\/wp-json\/wp\/v2\/product"}],"about":[{"href":"https:\/\/www.maprofar.com\/tienda\/wp-json\/wp\/v2\/types\/product"}],"wp:featuredmedia":[{"embeddable":true,"href":"https:\/\/www.maprofar.com\/tienda\/wp-json\/wp\/v2\/media\/12726"}],"wp:attachment":[{"href":"https:\/\/www.maprofar.com\/tienda\/wp-json\/wp\/v2\/media?parent=12724"}],"wp:term":[{"taxonomy":"product_brand","embeddable":true,"href":"https:\/\/www.maprofar.com\/tienda\/wp-json\/wp\/v2\/product_brand?post=12724"},{"taxonomy":"product_cat","embeddable":true,"href":"https:\/\/www.maprofar.com\/tienda\/wp-json\/wp\/v2\/product_cat?post=12724"},{"taxonomy":"product_tag","embeddable":true,"href":"https:\/\/www.maprofar.com\/tienda\/wp-json\/wp\/v2\/product_tag?post=12724"}],"curies":[{"name":"wp","href":"https:\/\/api.w.org\/{rel}","templated":true}]}}