{"id":12743,"date":"2025-12-02T13:06:59","date_gmt":"2025-12-02T12:06:59","guid":{"rendered":"https:\/\/www.maprofar.com\/tienda\/?post_type=product&#038;p=12743"},"modified":"2026-02-16T19:08:55","modified_gmt":"2026-02-16T18:08:55","slug":"brother-hl-l2445dw-impresora-laser-monocromo-duplex-wifi-32ppm","status":"publish","type":"product","link":"https:\/\/www.maprofar.com\/tienda\/producto\/brother-hl-l2445dw-impresora-laser-monocromo-duplex-wifi-32ppm\/","title":{"rendered":"Brother HL-L2445DW Impresora Laser Monocromo Duplex WiFi 32ppm"},"content":{"rendered":"<p>Brother HL-L2445DW Impresora Laser Monocromo Duplex WiFi 32ppm<\/p>\n<p>Aumenta tu productividad desde cualquier lugar, ya sea tu casa u oficina, con la impresora Brother HL-L2445DW . Esta impresora l\u00e1ser monocromo presenta una amplia gama de funciones que aumentan la eficiencia, permiti\u00e9ndote ahorrar tiempo con su r\u00e1pida impresi\u00f3n autom\u00e1tica a doble cara y una bandeja de papel de gran capacidad. La configuraci\u00f3n de la impresora es sencilla y, adem\u00e1s, si descargas la aplicaci\u00f3n Brother Mobile Connect, podr\u00e1s imprimir desde tu dispositivo m\u00f3vil pr\u00e1cticamente en cualquier lugar, lo que te permitir\u00e1 trabajar de forma m\u00e1s inteligente.<\/p>\n<p>La HL-L2445DW mantiene bajos tus costes de impresi\u00f3n gracias a una unidad de tambor y t\u00f3ner independientes, f\u00e1ciles de cambiar, y adem\u00e1s dispones del t\u00f3ner de alto rendimiento, que imprime hasta 3.000 p\u00e1ginas(7), lo que reduce el coste por p\u00e1gina y la frecuencia de sustituci\u00f3n.<\/p>\n<p>Sin esfuerzo.<br \/>\nHaz tu d\u00eda m\u00e1s f\u00e1cil y tu impresi\u00f3n sin esfuerzo, con una sencilla configuraci\u00f3n y conexi\u00f3n WiFi 5GHz o USB, la impresora HLL2445DW es muy f\u00e1cil de manejar gracias a su panel de control de f\u00e1cil navegaci\u00f3n.<\/p>\n<p>La herramienta perfecta.<br \/>\nLa HLL2445DW ha sido dise\u00f1ada por expertos para cubrir cualquier necesidad de cualquier usuario, cuenta con una bandeja de entrada y salida de papel de gran capacidad que te permite imprimir durante m\u00e1s tiempo, mientras que su forma compacta y silenciosa te permite trabajar sin interrupciones en espacios de trabajo reducidos.<\/p>\n<p>Imprime durante m\u00e1s tiempo.<br \/>\nLa HLL2445DW mantiene bajos tus costes de impresi\u00f3n gracias a una unidad de tambor y t\u00f3ner independientes, f\u00e1ciles de cambiar, y, adem\u00e1s, dispone de un modelo de t\u00f3ner de alto rendimiento, que te permite imprimir hasta 3.000 p\u00e1ginas(7), lo que reduce el coste por p\u00e1gina y la frecuencia de sustituci\u00f3n.<\/p>\n<p>Dise\u00f1adas para ser seguras.<br \/>\nNuestros dispositivos ofrecen las \u00faltimas funciones de seguridad est\u00e1ndar del sector para proteger tus datos de forma segura. Nuestros expertos en seguridad investigan continuamente nuevas mejoras en productos, soluciones y servicios para garantizar de forma proactiva que todos nuestros productos son \u00abseguros por dise\u00f1o\u00bb. Tu impresora Brother utiliza seguridad de triple capa a nivel de dispositivo, red y documento, lo que a\u00f1ade la tranquilidad de que la integridad de tus datos se mantiene en cada paso.<\/p>\n<p>Caracter\u00edsticas:<\/p>\n<p>-Velocidad de impresi\u00f3n hasta 32 ppm<br \/>\n-Impresi\u00f3n autom\u00e1tica a doble cara<br \/>\n-Pantalla LCD de 1 l\u00ednea<br \/>\n-WiFi 5GHz, Wi-Fi Direct y conexi\u00f3n m\u00f3vil<br \/>\n-64 MB de memoria interna<br \/>\n-T\u00f3ner de larga duraci\u00f3n opcional para 3.000 p\u00e1ginas<\/p>\n<p>Especificaciones:<\/p>\n<p>Velocidad de la impresi\u00f3n:<\/p>\n<p>-Tecnolog\u00eda de impresi\u00f3n: Laser<br \/>\n-Impresi\u00f3n d\u00faplex: S\u00ed<br \/>\n-Modo de impresi\u00f3n a doble cara: Auto<br \/>\n-Resoluci\u00f3n m\u00e1xima: 1200 x 1200 DPI<br \/>\n-Velocidad de impresi\u00f3n (negro, calidad normal, A4\/US Carta): 32 ppm<br \/>\n-Tiempo hasta primera p\u00e1gina (negro, normal): 8.5 s<\/p>\n<p>Caracter\u00edsticas:<\/p>\n<p>-Colores de impresi\u00f3n: Negro<br \/>\n-N\u00famero de cartuchos de impresi\u00f3n: 1<\/p>\n<p>Capacidad de entrada y salida:<\/p>\n<p>-N\u00famero total de bandejas de entrada: 1<br \/>\n-Capacidad de entrada total: 250 hojas<br \/>\n-Capacidad de salida total: 150 hojas<\/p>\n<p>Direcci\u00f3n de papel:<\/p>\n<p>-Tama\u00f1o m\u00e1ximo de papel ISO A-series: A4<br \/>\n-Tipos de papel: Papel reciclado, Papel m\u00e1s grueso, Papel fino, Papel normal, Sobres, Etiquetas, Papel grueso<br \/>\n-ISO tama\u00f1o de serie A (A0&#8230;A9): A4, A6, A5<br \/>\n-ISO tama\u00f1o de serie B (B0&#8230;B9): B5<br \/>\n-Tama\u00f1o de impresora No-ISO: Carta<br \/>\n-Tama\u00f1o de series JIS B (B0&#8230;B9): B5, B6<br \/>\n-Tama\u00f1o de sobres: DL, Com-10, Monarch, C5<br \/>\n-Formato a medida, ancho: 76.2 &#8211; 215.9 mm<br \/>\n-Formato a medida, largo: 127 &#8211; 355.6 mm<\/p>\n<p>Puertos e Interfaces:<\/p>\n<p>-Puerto USB: S\u00ed<br \/>\n-Cantidad de puertos USB 2.0: 1<\/p>\n<p>Conexi\u00f3n:<\/p>\n<p>-Wifi: S\u00ed<br \/>\n-Ethernet: S\u00ed<br \/>\n-Tecnolog\u00eda de cableado: 10\/100Base-T(X)<br \/>\n-Wi-Fi est\u00e1ndares: 802.11a, 802.11b, 802.11g, Wi-Fi 4 (802.11n)<br \/>\n-Algoritmos de seguridad soportados: WPA2-AES, 64-bit WEP, WPA2-PSK, 128-bit WEP, WPA2-TKIP, WPA3-SAE, WPA-AES, WPA-PSK, WPA-TKIP<\/p>\n<p>Desempe\u00f1o:<\/p>\n<p>-Memoria interna: 64 MB<\/p>\n<p>Dise\u00f1o:<\/p>\n<p>-Posicionamiento de mercado: Hogar y oficina<br \/>\n-Color del producto: Negro<br \/>\n-Pantalla incorporada: S\u00ed<br \/>\n-Pantalla: LCD<\/p>\n<p>Control de energ\u00eda:<\/p>\n<p>-Consumo de energ\u00eda (imprimiendo): 470 W<br \/>\n-Consumo de energ\u00eda (apagado): 0.5 W<br \/>\n-Enery Star Consumo Electrico T\u00edpico (TEC): 0.35 kWh\/semana<br \/>\n-Voltaje de entrada AC: 220 &#8211; 240 V<br \/>\n-Frecuencia de entrada AC: 50\/60 Hz<\/p>\n<p>Peso y dimensiones:<\/p>\n<p>-Ancho: 356 mm<br \/>\n-Profundidad: 360 mm<br \/>\n-Altura: 183 mm<br \/>\n-Peso: 7100 g<\/p>\n<p><span style=\"color: #999999;\">Comprar Brother HL-L2445DW Impresora Laser Monocromo Duplex WiFi 32ppm<\/span><\/p>\n","protected":false},"excerpt":{"rendered":"<p class=\"titulo_subseccion_da\">CARACTER\u00cdSTICAS<\/p>\n<div class=\"listado_caracteristicas_da\"><span class=\"linea_datos_da\">\u2022 Marca:\u00a0<span class=\"gris_400\" title=\"Brother\">Brother<\/span><\/span><\/div>\n<div class=\"listado_caracteristicas_da\"><span class=\"linea_datos_da\" title=\"Gris Oscuro\">\u2022 Color:\u00a0<span class=\"gris_400\">Gris Oscuro<\/span><\/span><\/div>\n<div class=\"listado_caracteristicas_da\"><span class=\"linea_datos_da\" title=\"BROTHER\">\u2022 Fabricante:\u00a0<span class=\"gris_400\">BROTHER<\/span><\/span><\/div>\n<div class=\"listado_caracteristicas_da\"><span class=\"linea_datos_da\" title=\"\" aria-describedby=\"ui-id-14\">\u2022 Ref.:\u00a0<span class=\"gris_400\">HLL2445DW<\/span><\/span><\/div>\n","protected":false},"featured_media":12748,"template":"","meta":[],"product_brand":[],"product_cat":[190],"product_tag":[],"class_list":{"0":"post-12743","1":"product","2":"type-product","3":"status-publish","4":"has-post-thumbnail","6":"product_cat-impresoras-laser","8":"first","9":"instock","10":"sale","11":"taxable","12":"shipping-taxable","13":"purchasable","14":"product-type-simple"},"yoast_head":"<!-- This site is optimized with the Yoast SEO Premium plugin v22.3 (Yoast SEO v27.4) - https:\/\/yoast.com\/product\/yoast-seo-premium-wordpress\/ -->\n<title>Brother HL-L2445DW Impresora Laser Monocromo Duplex WiFi<\/title>\n<meta name=\"description\" content=\"Brother HL-L2445DW Impresora Laser Monocromo Duplex WiFi 32ppm - En Maprofar encontrar\u00e1s t\u00f3ner compatibles de calidad y material de oficina al mejor precio.\" \/>\n<meta name=\"robots\" content=\"index, follow, max-snippet:-1, max-image-preview:large, max-video-preview:-1\" \/>\n<link rel=\"canonical\" href=\"https:\/\/www.maprofar.com\/tienda\/producto\/brother-hl-l2445dw-impresora-laser-monocromo-duplex-wifi-32ppm\/\" \/>\n<meta property=\"og:locale\" content=\"es_ES\" \/>\n<meta property=\"og:type\" content=\"article\" \/>\n<meta property=\"og:title\" content=\"Brother HL-L2445DW Impresora Laser Monocromo Duplex WiFi 32ppm - Maprofar | T\u00f3ner Compatible Brother, HP y Soluciones de Impresi\u00f3n 3D\" \/>\n<meta property=\"og:description\" content=\"En Maprofar encontrar\u00e1s t\u00f3ner compatibles de calidad y material de oficina al mejor precio. Ahorra sin sacrificar rendimiento. \u00a1Aprovecha nuestras ofertas y descuentos!\" \/>\n<meta property=\"og:url\" content=\"https:\/\/www.maprofar.com\/tienda\/producto\/brother-hl-l2445dw-impresora-laser-monocromo-duplex-wifi-32ppm\/\" \/>\n<meta property=\"og:site_name\" content=\"Maprofar | T\u00f3ner Compatible Brother, HP y Soluciones de Impresi\u00f3n 3D\" \/>\n<meta property=\"article:publisher\" content=\"https:\/\/es-es.facebook.com\/maprofar\" \/>\n<meta property=\"article:modified_time\" content=\"2026-02-16T18:08:55+00:00\" \/>\n<meta property=\"og:image\" content=\"https:\/\/www.maprofar.com\/tienda\/wp-content\/uploads\/2025\/12\/HLL2445DW_1.jpg\" \/>\n\t<meta property=\"og:image:width\" content=\"800\" \/>\n\t<meta property=\"og:image:height\" content=\"800\" \/>\n\t<meta property=\"og:image:type\" content=\"image\/jpeg\" \/>\n<meta name=\"twitter:card\" content=\"summary_large_image\" \/>\n<meta name=\"twitter:label1\" content=\"Tiempo de lectura\" \/>\n\t<meta name=\"twitter:data1\" content=\"4 minutos\" \/>\n<script type=\"application\/ld+json\" class=\"yoast-schema-graph\">{\"@context\":\"https:\\\/\\\/schema.org\",\"@graph\":[{\"@type\":\"WebPage\",\"@id\":\"https:\\\/\\\/www.maprofar.com\\\/tienda\\\/producto\\\/brother-hl-l2445dw-impresora-laser-monocromo-duplex-wifi-32ppm\\\/\",\"url\":\"https:\\\/\\\/www.maprofar.com\\\/tienda\\\/producto\\\/brother-hl-l2445dw-impresora-laser-monocromo-duplex-wifi-32ppm\\\/\",\"name\":\"Brother HL-L2445DW Impresora Laser Monocromo Duplex WiFi\",\"isPartOf\":{\"@id\":\"https:\\\/\\\/www.maprofar.com\\\/tienda\\\/#website\"},\"primaryImageOfPage\":{\"@id\":\"https:\\\/\\\/www.maprofar.com\\\/tienda\\\/producto\\\/brother-hl-l2445dw-impresora-laser-monocromo-duplex-wifi-32ppm\\\/#primaryimage\"},\"image\":{\"@id\":\"https:\\\/\\\/www.maprofar.com\\\/tienda\\\/producto\\\/brother-hl-l2445dw-impresora-laser-monocromo-duplex-wifi-32ppm\\\/#primaryimage\"},\"thumbnailUrl\":\"https:\\\/\\\/www.maprofar.com\\\/tienda\\\/wp-content\\\/uploads\\\/2025\\\/12\\\/HLL2445DW_1.jpg\",\"datePublished\":\"2025-12-02T12:06:59+00:00\",\"dateModified\":\"2026-02-16T18:08:55+00:00\",\"description\":\"Brother HL-L2445DW Impresora Laser Monocromo Duplex WiFi 32ppm - En Maprofar encontrar\u00e1s t\u00f3ner compatibles de calidad y material de oficina al mejor precio.\",\"breadcrumb\":{\"@id\":\"https:\\\/\\\/www.maprofar.com\\\/tienda\\\/producto\\\/brother-hl-l2445dw-impresora-laser-monocromo-duplex-wifi-32ppm\\\/#breadcrumb\"},\"inLanguage\":\"es\",\"potentialAction\":[{\"@type\":\"ReadAction\",\"target\":[\"https:\\\/\\\/www.maprofar.com\\\/tienda\\\/producto\\\/brother-hl-l2445dw-impresora-laser-monocromo-duplex-wifi-32ppm\\\/\"]}]},{\"@type\":\"ImageObject\",\"inLanguage\":\"es\",\"@id\":\"https:\\\/\\\/www.maprofar.com\\\/tienda\\\/producto\\\/brother-hl-l2445dw-impresora-laser-monocromo-duplex-wifi-32ppm\\\/#primaryimage\",\"url\":\"https:\\\/\\\/www.maprofar.com\\\/tienda\\\/wp-content\\\/uploads\\\/2025\\\/12\\\/HLL2445DW_1.jpg\",\"contentUrl\":\"https:\\\/\\\/www.maprofar.com\\\/tienda\\\/wp-content\\\/uploads\\\/2025\\\/12\\\/HLL2445DW_1.jpg\",\"width\":800,\"height\":800,\"caption\":\"Brother HL-L2445DW Impresora Laser Monocromo Duplex WiFi 32ppm\"},{\"@type\":\"BreadcrumbList\",\"@id\":\"https:\\\/\\\/www.maprofar.com\\\/tienda\\\/producto\\\/brother-hl-l2445dw-impresora-laser-monocromo-duplex-wifi-32ppm\\\/#breadcrumb\",\"itemListElement\":[{\"@type\":\"ListItem\",\"position\":1,\"name\":\"Portada\",\"item\":\"https:\\\/\\\/www.maprofar.com\\\/tienda\\\/\"},{\"@type\":\"ListItem\",\"position\":2,\"name\":\"Inicio\",\"item\":\"https:\\\/\\\/www.maprofar.com\\\/tienda\\\/\"},{\"@type\":\"ListItem\",\"position\":3,\"name\":\"Brother HL-L2445DW Impresora Laser Monocromo Duplex WiFi 32ppm\"}]},{\"@type\":\"WebSite\",\"@id\":\"https:\\\/\\\/www.maprofar.com\\\/tienda\\\/#website\",\"url\":\"https:\\\/\\\/www.maprofar.com\\\/tienda\\\/\",\"name\":\"Maprofar - Toner Compatibles y Material de Oficina\",\"description\":\"Encuentra en Maprofar tu t\u00f3ner compatible Brother y HP al mejor precio. Calidad garantizada, env\u00edo urgente 24h y asesoramiento t\u00e9cnico experto. \u00a1Vis\u00edtanos!\",\"publisher\":{\"@id\":\"https:\\\/\\\/www.maprofar.com\\\/tienda\\\/#organization\"},\"alternateName\":\"Maprofar Inform\u00e1tica\",\"potentialAction\":[{\"@type\":\"SearchAction\",\"target\":{\"@type\":\"EntryPoint\",\"urlTemplate\":\"https:\\\/\\\/www.maprofar.com\\\/tienda\\\/?s={search_term_string}\"},\"query-input\":{\"@type\":\"PropertyValueSpecification\",\"valueRequired\":true,\"valueName\":\"search_term_string\"}}],\"inLanguage\":\"es\"},{\"@type\":\"Organization\",\"@id\":\"https:\\\/\\\/www.maprofar.com\\\/tienda\\\/#organization\",\"name\":\"Maprofar S.L.\",\"url\":\"https:\\\/\\\/www.maprofar.com\\\/tienda\\\/\",\"logo\":{\"@type\":\"ImageObject\",\"inLanguage\":\"es\",\"@id\":\"https:\\\/\\\/www.maprofar.com\\\/tienda\\\/#\\\/schema\\\/logo\\\/image\\\/\",\"url\":\"https:\\\/\\\/www.maprofar.com\\\/tienda\\\/wp-content\\\/uploads\\\/2021\\\/05\\\/logo_circulo.jpg\",\"contentUrl\":\"https:\\\/\\\/www.maprofar.com\\\/tienda\\\/wp-content\\\/uploads\\\/2021\\\/05\\\/logo_circulo.jpg\",\"width\":404,\"height\":335,\"caption\":\"Maprofar S.L.\"},\"image\":{\"@id\":\"https:\\\/\\\/www.maprofar.com\\\/tienda\\\/#\\\/schema\\\/logo\\\/image\\\/\"},\"sameAs\":[\"https:\\\/\\\/es-es.facebook.com\\\/maprofar\",\"https:\\\/\\\/www.instagram.com\\\/maprofar_informatica\\\/\",\"https:\\\/\\\/www.pinterest.es\\\/maprofar\\\/\"]}]}<\/script>\n<!-- \/ Yoast SEO Premium plugin. -->","yoast_head_json":{"title":"Brother HL-L2445DW Impresora Laser Monocromo Duplex WiFi","description":"Brother HL-L2445DW Impresora Laser Monocromo Duplex WiFi 32ppm - En Maprofar encontrar\u00e1s t\u00f3ner compatibles de calidad y material de oficina al mejor precio.","robots":{"index":"index","follow":"follow","max-snippet":"max-snippet:-1","max-image-preview":"max-image-preview:large","max-video-preview":"max-video-preview:-1"},"canonical":"https:\/\/www.maprofar.com\/tienda\/producto\/brother-hl-l2445dw-impresora-laser-monocromo-duplex-wifi-32ppm\/","og_locale":"es_ES","og_type":"article","og_title":"Brother HL-L2445DW Impresora Laser Monocromo Duplex WiFi 32ppm - Maprofar | T\u00f3ner Compatible Brother, HP y Soluciones de Impresi\u00f3n 3D","og_description":"En Maprofar encontrar\u00e1s t\u00f3ner compatibles de calidad y material de oficina al mejor precio. Ahorra sin sacrificar rendimiento. \u00a1Aprovecha nuestras ofertas y descuentos!","og_url":"https:\/\/www.maprofar.com\/tienda\/producto\/brother-hl-l2445dw-impresora-laser-monocromo-duplex-wifi-32ppm\/","og_site_name":"Maprofar | T\u00f3ner Compatible Brother, HP y Soluciones de Impresi\u00f3n 3D","article_publisher":"https:\/\/es-es.facebook.com\/maprofar","article_modified_time":"2026-02-16T18:08:55+00:00","og_image":[{"width":800,"height":800,"url":"https:\/\/www.maprofar.com\/tienda\/wp-content\/uploads\/2025\/12\/HLL2445DW_1.jpg","type":"image\/jpeg"}],"twitter_card":"summary_large_image","twitter_misc":{"Tiempo de lectura":"4 minutos"},"schema":{"@context":"https:\/\/schema.org","@graph":[{"@type":"WebPage","@id":"https:\/\/www.maprofar.com\/tienda\/producto\/brother-hl-l2445dw-impresora-laser-monocromo-duplex-wifi-32ppm\/","url":"https:\/\/www.maprofar.com\/tienda\/producto\/brother-hl-l2445dw-impresora-laser-monocromo-duplex-wifi-32ppm\/","name":"Brother HL-L2445DW Impresora Laser Monocromo Duplex WiFi","isPartOf":{"@id":"https:\/\/www.maprofar.com\/tienda\/#website"},"primaryImageOfPage":{"@id":"https:\/\/www.maprofar.com\/tienda\/producto\/brother-hl-l2445dw-impresora-laser-monocromo-duplex-wifi-32ppm\/#primaryimage"},"image":{"@id":"https:\/\/www.maprofar.com\/tienda\/producto\/brother-hl-l2445dw-impresora-laser-monocromo-duplex-wifi-32ppm\/#primaryimage"},"thumbnailUrl":"https:\/\/www.maprofar.com\/tienda\/wp-content\/uploads\/2025\/12\/HLL2445DW_1.jpg","datePublished":"2025-12-02T12:06:59+00:00","dateModified":"2026-02-16T18:08:55+00:00","description":"Brother HL-L2445DW Impresora Laser Monocromo Duplex WiFi 32ppm - En Maprofar encontrar\u00e1s t\u00f3ner compatibles de calidad y material de oficina al mejor precio.","breadcrumb":{"@id":"https:\/\/www.maprofar.com\/tienda\/producto\/brother-hl-l2445dw-impresora-laser-monocromo-duplex-wifi-32ppm\/#breadcrumb"},"inLanguage":"es","potentialAction":[{"@type":"ReadAction","target":["https:\/\/www.maprofar.com\/tienda\/producto\/brother-hl-l2445dw-impresora-laser-monocromo-duplex-wifi-32ppm\/"]}]},{"@type":"ImageObject","inLanguage":"es","@id":"https:\/\/www.maprofar.com\/tienda\/producto\/brother-hl-l2445dw-impresora-laser-monocromo-duplex-wifi-32ppm\/#primaryimage","url":"https:\/\/www.maprofar.com\/tienda\/wp-content\/uploads\/2025\/12\/HLL2445DW_1.jpg","contentUrl":"https:\/\/www.maprofar.com\/tienda\/wp-content\/uploads\/2025\/12\/HLL2445DW_1.jpg","width":800,"height":800,"caption":"Brother HL-L2445DW Impresora Laser Monocromo Duplex WiFi 32ppm"},{"@type":"BreadcrumbList","@id":"https:\/\/www.maprofar.com\/tienda\/producto\/brother-hl-l2445dw-impresora-laser-monocromo-duplex-wifi-32ppm\/#breadcrumb","itemListElement":[{"@type":"ListItem","position":1,"name":"Portada","item":"https:\/\/www.maprofar.com\/tienda\/"},{"@type":"ListItem","position":2,"name":"Inicio","item":"https:\/\/www.maprofar.com\/tienda\/"},{"@type":"ListItem","position":3,"name":"Brother HL-L2445DW Impresora Laser Monocromo Duplex WiFi 32ppm"}]},{"@type":"WebSite","@id":"https:\/\/www.maprofar.com\/tienda\/#website","url":"https:\/\/www.maprofar.com\/tienda\/","name":"Maprofar - Toner Compatibles y Material de Oficina","description":"Encuentra en Maprofar tu t\u00f3ner compatible Brother y HP al mejor precio. Calidad garantizada, env\u00edo urgente 24h y asesoramiento t\u00e9cnico experto. \u00a1Vis\u00edtanos!","publisher":{"@id":"https:\/\/www.maprofar.com\/tienda\/#organization"},"alternateName":"Maprofar Inform\u00e1tica","potentialAction":[{"@type":"SearchAction","target":{"@type":"EntryPoint","urlTemplate":"https:\/\/www.maprofar.com\/tienda\/?s={search_term_string}"},"query-input":{"@type":"PropertyValueSpecification","valueRequired":true,"valueName":"search_term_string"}}],"inLanguage":"es"},{"@type":"Organization","@id":"https:\/\/www.maprofar.com\/tienda\/#organization","name":"Maprofar S.L.","url":"https:\/\/www.maprofar.com\/tienda\/","logo":{"@type":"ImageObject","inLanguage":"es","@id":"https:\/\/www.maprofar.com\/tienda\/#\/schema\/logo\/image\/","url":"https:\/\/www.maprofar.com\/tienda\/wp-content\/uploads\/2021\/05\/logo_circulo.jpg","contentUrl":"https:\/\/www.maprofar.com\/tienda\/wp-content\/uploads\/2021\/05\/logo_circulo.jpg","width":404,"height":335,"caption":"Maprofar S.L."},"image":{"@id":"https:\/\/www.maprofar.com\/tienda\/#\/schema\/logo\/image\/"},"sameAs":["https:\/\/es-es.facebook.com\/maprofar","https:\/\/www.instagram.com\/maprofar_informatica\/","https:\/\/www.pinterest.es\/maprofar\/"]}]}},"_links":{"self":[{"href":"https:\/\/www.maprofar.com\/tienda\/wp-json\/wp\/v2\/product\/12743","targetHints":{"allow":["GET"]}}],"collection":[{"href":"https:\/\/www.maprofar.com\/tienda\/wp-json\/wp\/v2\/product"}],"about":[{"href":"https:\/\/www.maprofar.com\/tienda\/wp-json\/wp\/v2\/types\/product"}],"wp:featuredmedia":[{"embeddable":true,"href":"https:\/\/www.maprofar.com\/tienda\/wp-json\/wp\/v2\/media\/12748"}],"wp:attachment":[{"href":"https:\/\/www.maprofar.com\/tienda\/wp-json\/wp\/v2\/media?parent=12743"}],"wp:term":[{"taxonomy":"product_brand","embeddable":true,"href":"https:\/\/www.maprofar.com\/tienda\/wp-json\/wp\/v2\/product_brand?post=12743"},{"taxonomy":"product_cat","embeddable":true,"href":"https:\/\/www.maprofar.com\/tienda\/wp-json\/wp\/v2\/product_cat?post=12743"},{"taxonomy":"product_tag","embeddable":true,"href":"https:\/\/www.maprofar.com\/tienda\/wp-json\/wp\/v2\/product_tag?post=12743"}],"curies":[{"name":"wp","href":"https:\/\/api.w.org\/{rel}","templated":true}]}}