{"id":12751,"date":"2025-12-09T18:14:56","date_gmt":"2025-12-09T17:14:56","guid":{"rendered":"https:\/\/www.maprofar.com\/tienda\/?post_type=product&#038;p=12751"},"modified":"2026-04-14T18:16:59","modified_gmt":"2026-04-14T17:16:59","slug":"sos-road-baliza-de-senalizacion-de-emergencia-en-carretera-v16-homologada-por-la-dgt-gps-y-sim-integrada-conectividad-dgt-3-0-visibilidad-1-km-base-magnetica-proteccion-ip54","status":"publish","type":"product","link":"https:\/\/www.maprofar.com\/tienda\/producto\/sos-road-baliza-de-senalizacion-de-emergencia-en-carretera-v16-homologada-por-la-dgt-gps-y-sim-integrada-conectividad-dgt-3-0-visibilidad-1-km-base-magnetica-proteccion-ip54\/","title":{"rendered":"SOS Road Baliza de Se\u00f1alizacion de Emergencia en Carretera V16 &#8211; Homologada por la DGT &#8211; GPS y SIM Integrada &#8211; Conectividad DGT 3.0 &#8211; Visibilidad 1 km &#8211; Base Magnetica &#8211; Proteccion IP54"},"content":{"rendered":"<p>SOS Road Baliza de Se\u00f1alizacion de Emergencia en Carretera V16 &#8211; Homologada por la DGT &#8211; GPS y SIM Integrada &#8211; Conectividad DGT 3.0 &#8211; Visibilidad 1 km &#8211; Base Magnetica &#8211; Proteccion IP54<\/p>\n<p>Hazte ya con la Baliza LED y adel\u00e1ntate a la normativa. Con la baliza SOS Road Connected avalada por la DGT podr\u00e1s ser visto y geolocalizado si tienes alg\u00fan accidente o problema en carretera.<\/p>\n<p>Certificada<br \/>\nSOS Road Connected es un producto certificado y garantizado en todos los requisitos de la normativa V16 establecidos por la DGT. A partir del 1 de enero de 2026 ser\u00e1 obligatorio el uso de balizas geolocalizables conectadas.<\/p>\n<p>Geoposicionamiento<br \/>\nPotente chip de geoposicionamiento y antena GNSS para ubicar al veh\u00edculo exactamente en el lugar en el que se encuentra estacionado por emergencia. Tarjeta e-SIM 4G Orange de \u00faltima generaci\u00f3n para la mejor conectividad con la red de comunicaciones. La activaci\u00f3n es directa, no se necesita ninguna suscripci\u00f3n ni realizar ning\u00fan pago extra.<\/p>\n<p>Conectada<br \/>\nEl centro de recepci\u00f3n de avisos de emergencia de SOS Road Connected recibe las se\u00f1ales de los dispositivos conectados reenviando la se\u00f1al al centro de la DGT 3.0 quien avisar\u00e1 al resto de conductores de la posici\u00f3n del veh\u00edculo que emite la se\u00f1al de emergencia.<\/p>\n<p>LTE-M es una tecnolog\u00eda hecha para que los dispositivos loT puedan conectarse directamente a una red 4G, sin necesidad de una perta de enlace. LTE-M est\u00e1 implantado en la baliza SOS ROAD CONNECTED. Este sistema utiliz protocolos para comunicarse con un ancho de banda bajo que conecta a internet el dispositivo y transmite los datos necesarios. La ventaja del sistema LTE-M sobre el sistema NB-IOT es mayor velocidad de subida\/bajada y una latencia superior manteniendo el consumo de bater\u00eda.<\/p>\n<p>Seguridad en carretera<br \/>\nSOS Road Connected es el sistema m\u00e1s seguro de aviso de emergencia en carretera. Basta con encenderlo y colocarlo con su potente im\u00e1n sobre la superficie externa del veh\u00edculo y sin bajar del veh\u00edculo para advertir al resto de los conductores de su posici\u00f3n evitando la posibilidad de atropellos o colisiones por otros veh\u00edculos.<\/p>\n<p>Radiaci\u00f3n Luminosa de 360\u00ba para ser visto desde cualquier \u00e1ngulo. E Iluminaci\u00f3n certificada y homologada a trav\u00e9s de potentes 9 LEDs de \u00faltima generaci\u00f3n para ofrecer una alta intensidad luminosa, satisfaciendo la normativa V16 entre 40-80 candelas a 0\u00ba con colorimetr\u00eda \u00e1mbar tr\u00e1fico.<\/p>\n<p>Resistente<br \/>\nEst\u00e1 construida para resistir las inclemencias clim\u00e1ticas, cumpliendo con la normativa exigente para balizas V16. Tiene un potente im\u00e1n de neodimio en la base para un agarre sin riesgos, soportando vientos con una presi\u00f3n de 180 Pa. Certificada con un grado de protecci\u00f3n IP54 est\u00e1 protegida contra los dep\u00f3sitos de polvo y el contacto. Las proyecciones de agua procedentes de cualquier direcci\u00f3n tampoco penetrar\u00e1n en el interior de la carcasa.<\/p>\n<p>Servicio de conexi\u00f3n<br \/>\nSOS Road Connected incluye 12 a\u00f1os de servicio de datos que empezar\u00e1n a partir de 2026, hazte con ella ya y tus datos estaran activos desde la fecha de compra hasta el 2038 (solo para dispositivos comprados entre marzo del 2023 a enero de 2026).<\/p>\n<p>Baliza de se\u00f1alizaci\u00f3n de emergencia en carretera, producto certificado V16 conforme con las especificaciones de la Direcci\u00f3n General de Tr\u00e1fico para dispositivos de pre-se\u00f1alizaci\u00f3n de peligro luminosa conectadas.<\/p>\n<p>Especificaciones:<\/p>\n<p>-N\u00ba Homologaci\u00f3n: LCOE2024070678G1<br \/>\n-Dimensiones: Altura 50,85mm,Di\u00e1metro92mm<br \/>\n-Peso sin pilas: 0,150g<br \/>\n-Grado estanqueidad: &gt;IPX54<br \/>\n-Material housing: ABS<br \/>\n-Material tulipa: PC<br \/>\n-Temperatura optima trabajo: -10\u00baC-&gt;+50\u00baC<br \/>\n-Estabilidad a presion aire sin desplazamiento: &gt;180Pa<br \/>\n-Imanes: 3x Neodimio<\/p>\n<p>Bater\u00edas:<\/p>\n<p>-Tipo de Bater\u00edas: Pilas 3xAA<\/p>\n<p>Secci\u00f3n Luminosa:<\/p>\n<p>-N\u00baLEDS: 9<br \/>\n-Potencia luminosa: 1,5Wx9<br \/>\n-Intensidad: 0\u00ba &gt;40candelas<br \/>\n-Intensidad: +\/-8\u00ba &gt;25candelas<br \/>\n-Rango Color: Ambar 1700-1900\u00baK<\/p>\n<p>Comunicaciones:<\/p>\n<p>-Tecnolog\u00eda: 4GLTECAT-M<br \/>\n-Bandas operativas: 3 y 20<br \/>\n-Tipo SIM: e-SIM soldada<br \/>\n-GPS: Integrado<br \/>\n-Antena GPS: GNSS<br \/>\n-Antena 4G: LTEB20\/4<br \/>\n-Operadora: Orange Espa\u00f1a<\/p>\n<p><span style=\"color: #999999;\">Comprar SOS Road Baliza de Se\u00f1alizacion de Emergencia en Carretera V16 &#8211; Homologada por la DGT &#8211; GPS y SIM Integrada &#8211; Conectividad DGT 3.0 &#8211; Visibilidad 1 km &#8211; Base Magnetica &#8211; Proteccion IP54<\/span><\/p>\n","protected":false},"excerpt":{"rendered":"<p class=\"titulo_subseccion_da\">CARACTER\u00cdSTICAS<\/p>\n<div class=\"listado_caracteristicas_da\"><span class=\"linea_datos_da\">\u2022 Marca:\u00a0<span class=\"gris_400\" title=\"Sos Road\">Sos Road<\/span><\/span><\/div>\n<div class=\"listado_caracteristicas_da\"><span class=\"linea_datos_da\" title=\"Varios\">\u2022 Color:\u00a0<span class=\"gris_400\">Varios<\/span><\/span><\/div>\n<div class=\"listado_caracteristicas_da\"><span class=\"linea_datos_da\" title=\"Sos Road\">\u2022 Fabricante:\u00a0<span class=\"gris_400\">Sos Road<\/span><\/span><\/div>\n<div class=\"listado_caracteristicas_da\"><span class=\"linea_datos_da\" title=\"\" aria-describedby=\"ui-id-10\">\u2022 Ref.:\u00a0<span class=\"gris_400\">DP-EL2024-C3<\/span><\/span><\/div>\n","protected":false},"featured_media":12753,"template":"","meta":[],"product_brand":[],"product_cat":[218],"product_tag":[],"class_list":{"0":"post-12751","1":"product","2":"type-product","3":"status-publish","4":"has-post-thumbnail","6":"product_cat-varios","8":"first","9":"outofstock","10":"taxable","11":"shipping-taxable","12":"purchasable","13":"product-type-simple"},"yoast_head":"<!-- This site is optimized with the Yoast SEO Premium plugin v22.3 (Yoast SEO v27.4) - https:\/\/yoast.com\/product\/yoast-seo-premium-wordpress\/ -->\n<title>SOS Road Baliza de Se\u00f1alizacion de Emergencia en Carretera<\/title>\n<meta name=\"description\" content=\"SOS Road Baliza de Se\u00f1alizacion de Emergencia en Carretera V16 - Homologada por la DGT - GPS y SIM Integrada - Conectividad DGT 3.0 - Visibilidad 1 km\" \/>\n<meta name=\"robots\" content=\"index, follow, max-snippet:-1, max-image-preview:large, max-video-preview:-1\" \/>\n<link rel=\"canonical\" href=\"https:\/\/www.maprofar.com\/tienda\/producto\/sos-road-baliza-de-senalizacion-de-emergencia-en-carretera-v16-homologada-por-la-dgt-gps-y-sim-integrada-conectividad-dgt-3-0-visibilidad-1-km-base-magnetica-proteccion-ip54\/\" \/>\n<meta property=\"og:locale\" content=\"es_ES\" \/>\n<meta property=\"og:type\" content=\"article\" \/>\n<meta property=\"og:title\" content=\"SOS Road Baliza de Se\u00f1alizacion de Emergencia en Carretera V16 - Homologada por la DGT - GPS y SIM Integrada - Conectividad DGT 3.0 - Visibilidad 1 km - Base Magnetica - Proteccion IP54 - Maprofar | T\u00f3ner Compatible Brother, HP y Soluciones de Impresi\u00f3n 3D\" \/>\n<meta property=\"og:description\" content=\"En Maprofar encontrar\u00e1s t\u00f3ner compatibles de calidad y material de oficina al mejor precio. Ahorra sin sacrificar rendimiento. \u00a1Aprovecha nuestras ofertas y descuentos!\" \/>\n<meta property=\"og:url\" content=\"https:\/\/www.maprofar.com\/tienda\/producto\/sos-road-baliza-de-senalizacion-de-emergencia-en-carretera-v16-homologada-por-la-dgt-gps-y-sim-integrada-conectividad-dgt-3-0-visibilidad-1-km-base-magnetica-proteccion-ip54\/\" \/>\n<meta property=\"og:site_name\" content=\"Maprofar | T\u00f3ner Compatible Brother, HP y Soluciones de Impresi\u00f3n 3D\" \/>\n<meta property=\"article:publisher\" content=\"https:\/\/es-es.facebook.com\/maprofar\" \/>\n<meta property=\"article:modified_time\" content=\"2026-04-14T17:16:59+00:00\" \/>\n<meta property=\"og:image\" content=\"https:\/\/www.maprofar.com\/tienda\/wp-content\/uploads\/2025\/12\/DP-EL2024-C3.jpg\" \/>\n\t<meta property=\"og:image:width\" content=\"600\" \/>\n\t<meta property=\"og:image:height\" content=\"600\" \/>\n\t<meta property=\"og:image:type\" content=\"image\/jpeg\" \/>\n<meta name=\"twitter:card\" content=\"summary_large_image\" \/>\n<meta name=\"twitter:label1\" content=\"Tiempo de lectura\" \/>\n\t<meta name=\"twitter:data1\" content=\"4 minutos\" \/>\n<script type=\"application\/ld+json\" class=\"yoast-schema-graph\">{\"@context\":\"https:\\\/\\\/schema.org\",\"@graph\":[{\"@type\":\"WebPage\",\"@id\":\"https:\\\/\\\/www.maprofar.com\\\/tienda\\\/producto\\\/sos-road-baliza-de-senalizacion-de-emergencia-en-carretera-v16-homologada-por-la-dgt-gps-y-sim-integrada-conectividad-dgt-3-0-visibilidad-1-km-base-magnetica-proteccion-ip54\\\/\",\"url\":\"https:\\\/\\\/www.maprofar.com\\\/tienda\\\/producto\\\/sos-road-baliza-de-senalizacion-de-emergencia-en-carretera-v16-homologada-por-la-dgt-gps-y-sim-integrada-conectividad-dgt-3-0-visibilidad-1-km-base-magnetica-proteccion-ip54\\\/\",\"name\":\"SOS Road Baliza de Se\u00f1alizacion de Emergencia en Carretera\",\"isPartOf\":{\"@id\":\"https:\\\/\\\/www.maprofar.com\\\/tienda\\\/#website\"},\"primaryImageOfPage\":{\"@id\":\"https:\\\/\\\/www.maprofar.com\\\/tienda\\\/producto\\\/sos-road-baliza-de-senalizacion-de-emergencia-en-carretera-v16-homologada-por-la-dgt-gps-y-sim-integrada-conectividad-dgt-3-0-visibilidad-1-km-base-magnetica-proteccion-ip54\\\/#primaryimage\"},\"image\":{\"@id\":\"https:\\\/\\\/www.maprofar.com\\\/tienda\\\/producto\\\/sos-road-baliza-de-senalizacion-de-emergencia-en-carretera-v16-homologada-por-la-dgt-gps-y-sim-integrada-conectividad-dgt-3-0-visibilidad-1-km-base-magnetica-proteccion-ip54\\\/#primaryimage\"},\"thumbnailUrl\":\"https:\\\/\\\/www.maprofar.com\\\/tienda\\\/wp-content\\\/uploads\\\/2025\\\/12\\\/DP-EL2024-C3.jpg\",\"datePublished\":\"2025-12-09T17:14:56+00:00\",\"dateModified\":\"2026-04-14T17:16:59+00:00\",\"description\":\"SOS Road Baliza de Se\u00f1alizacion de Emergencia en Carretera V16 - Homologada por la DGT - GPS y SIM Integrada - Conectividad DGT 3.0 - Visibilidad 1 km\",\"breadcrumb\":{\"@id\":\"https:\\\/\\\/www.maprofar.com\\\/tienda\\\/producto\\\/sos-road-baliza-de-senalizacion-de-emergencia-en-carretera-v16-homologada-por-la-dgt-gps-y-sim-integrada-conectividad-dgt-3-0-visibilidad-1-km-base-magnetica-proteccion-ip54\\\/#breadcrumb\"},\"inLanguage\":\"es\",\"potentialAction\":[{\"@type\":\"ReadAction\",\"target\":[\"https:\\\/\\\/www.maprofar.com\\\/tienda\\\/producto\\\/sos-road-baliza-de-senalizacion-de-emergencia-en-carretera-v16-homologada-por-la-dgt-gps-y-sim-integrada-conectividad-dgt-3-0-visibilidad-1-km-base-magnetica-proteccion-ip54\\\/\"]}]},{\"@type\":\"ImageObject\",\"inLanguage\":\"es\",\"@id\":\"https:\\\/\\\/www.maprofar.com\\\/tienda\\\/producto\\\/sos-road-baliza-de-senalizacion-de-emergencia-en-carretera-v16-homologada-por-la-dgt-gps-y-sim-integrada-conectividad-dgt-3-0-visibilidad-1-km-base-magnetica-proteccion-ip54\\\/#primaryimage\",\"url\":\"https:\\\/\\\/www.maprofar.com\\\/tienda\\\/wp-content\\\/uploads\\\/2025\\\/12\\\/DP-EL2024-C3.jpg\",\"contentUrl\":\"https:\\\/\\\/www.maprofar.com\\\/tienda\\\/wp-content\\\/uploads\\\/2025\\\/12\\\/DP-EL2024-C3.jpg\",\"width\":600,\"height\":600,\"caption\":\"Road Baliza de Se\u00f1alizacion de Emergencia en Carretera V16 - Homologada por la DGT - GPS y SIM Integrada - Conectividad DGT 3.0 - Visibilidad 1 km - Base Magnetica - Proteccion IP54\"},{\"@type\":\"BreadcrumbList\",\"@id\":\"https:\\\/\\\/www.maprofar.com\\\/tienda\\\/producto\\\/sos-road-baliza-de-senalizacion-de-emergencia-en-carretera-v16-homologada-por-la-dgt-gps-y-sim-integrada-conectividad-dgt-3-0-visibilidad-1-km-base-magnetica-proteccion-ip54\\\/#breadcrumb\",\"itemListElement\":[{\"@type\":\"ListItem\",\"position\":1,\"name\":\"Portada\",\"item\":\"https:\\\/\\\/www.maprofar.com\\\/tienda\\\/\"},{\"@type\":\"ListItem\",\"position\":2,\"name\":\"Inicio\",\"item\":\"https:\\\/\\\/www.maprofar.com\\\/tienda\\\/\"},{\"@type\":\"ListItem\",\"position\":3,\"name\":\"SOS Road Baliza de Se\u00f1alizacion de Emergencia en Carretera V16 &#8211; Homologada por la DGT &#8211; GPS y SIM Integrada &#8211; Conectividad DGT 3.0 &#8211; Visibilidad 1 km &#8211; Base Magnetica &#8211; Proteccion IP54\"}]},{\"@type\":\"WebSite\",\"@id\":\"https:\\\/\\\/www.maprofar.com\\\/tienda\\\/#website\",\"url\":\"https:\\\/\\\/www.maprofar.com\\\/tienda\\\/\",\"name\":\"Maprofar - Toner Compatibles y Material de Oficina\",\"description\":\"Encuentra en Maprofar tu t\u00f3ner compatible Brother y HP al mejor precio. Calidad garantizada, env\u00edo urgente 24h y asesoramiento t\u00e9cnico experto. \u00a1Vis\u00edtanos!\",\"publisher\":{\"@id\":\"https:\\\/\\\/www.maprofar.com\\\/tienda\\\/#organization\"},\"alternateName\":\"Maprofar Inform\u00e1tica\",\"potentialAction\":[{\"@type\":\"SearchAction\",\"target\":{\"@type\":\"EntryPoint\",\"urlTemplate\":\"https:\\\/\\\/www.maprofar.com\\\/tienda\\\/?s={search_term_string}\"},\"query-input\":{\"@type\":\"PropertyValueSpecification\",\"valueRequired\":true,\"valueName\":\"search_term_string\"}}],\"inLanguage\":\"es\"},{\"@type\":\"Organization\",\"@id\":\"https:\\\/\\\/www.maprofar.com\\\/tienda\\\/#organization\",\"name\":\"Maprofar S.L.\",\"url\":\"https:\\\/\\\/www.maprofar.com\\\/tienda\\\/\",\"logo\":{\"@type\":\"ImageObject\",\"inLanguage\":\"es\",\"@id\":\"https:\\\/\\\/www.maprofar.com\\\/tienda\\\/#\\\/schema\\\/logo\\\/image\\\/\",\"url\":\"https:\\\/\\\/www.maprofar.com\\\/tienda\\\/wp-content\\\/uploads\\\/2021\\\/05\\\/logo_circulo.jpg\",\"contentUrl\":\"https:\\\/\\\/www.maprofar.com\\\/tienda\\\/wp-content\\\/uploads\\\/2021\\\/05\\\/logo_circulo.jpg\",\"width\":404,\"height\":335,\"caption\":\"Maprofar S.L.\"},\"image\":{\"@id\":\"https:\\\/\\\/www.maprofar.com\\\/tienda\\\/#\\\/schema\\\/logo\\\/image\\\/\"},\"sameAs\":[\"https:\\\/\\\/es-es.facebook.com\\\/maprofar\",\"https:\\\/\\\/www.instagram.com\\\/maprofar_informatica\\\/\",\"https:\\\/\\\/www.pinterest.es\\\/maprofar\\\/\"]}]}<\/script>\n<!-- \/ Yoast SEO Premium plugin. -->","yoast_head_json":{"title":"SOS Road Baliza de Se\u00f1alizacion de Emergencia en Carretera","description":"SOS Road Baliza de Se\u00f1alizacion de Emergencia en Carretera V16 - Homologada por la DGT - GPS y SIM Integrada - Conectividad DGT 3.0 - Visibilidad 1 km","robots":{"index":"index","follow":"follow","max-snippet":"max-snippet:-1","max-image-preview":"max-image-preview:large","max-video-preview":"max-video-preview:-1"},"canonical":"https:\/\/www.maprofar.com\/tienda\/producto\/sos-road-baliza-de-senalizacion-de-emergencia-en-carretera-v16-homologada-por-la-dgt-gps-y-sim-integrada-conectividad-dgt-3-0-visibilidad-1-km-base-magnetica-proteccion-ip54\/","og_locale":"es_ES","og_type":"article","og_title":"SOS Road Baliza de Se\u00f1alizacion de Emergencia en Carretera V16 - Homologada por la DGT - GPS y SIM Integrada - Conectividad DGT 3.0 - Visibilidad 1 km - Base Magnetica - Proteccion IP54 - Maprofar | T\u00f3ner Compatible Brother, HP y Soluciones de Impresi\u00f3n 3D","og_description":"En Maprofar encontrar\u00e1s t\u00f3ner compatibles de calidad y material de oficina al mejor precio. Ahorra sin sacrificar rendimiento. \u00a1Aprovecha nuestras ofertas y descuentos!","og_url":"https:\/\/www.maprofar.com\/tienda\/producto\/sos-road-baliza-de-senalizacion-de-emergencia-en-carretera-v16-homologada-por-la-dgt-gps-y-sim-integrada-conectividad-dgt-3-0-visibilidad-1-km-base-magnetica-proteccion-ip54\/","og_site_name":"Maprofar | T\u00f3ner Compatible Brother, HP y Soluciones de Impresi\u00f3n 3D","article_publisher":"https:\/\/es-es.facebook.com\/maprofar","article_modified_time":"2026-04-14T17:16:59+00:00","og_image":[{"width":600,"height":600,"url":"https:\/\/www.maprofar.com\/tienda\/wp-content\/uploads\/2025\/12\/DP-EL2024-C3.jpg","type":"image\/jpeg"}],"twitter_card":"summary_large_image","twitter_misc":{"Tiempo de lectura":"4 minutos"},"schema":{"@context":"https:\/\/schema.org","@graph":[{"@type":"WebPage","@id":"https:\/\/www.maprofar.com\/tienda\/producto\/sos-road-baliza-de-senalizacion-de-emergencia-en-carretera-v16-homologada-por-la-dgt-gps-y-sim-integrada-conectividad-dgt-3-0-visibilidad-1-km-base-magnetica-proteccion-ip54\/","url":"https:\/\/www.maprofar.com\/tienda\/producto\/sos-road-baliza-de-senalizacion-de-emergencia-en-carretera-v16-homologada-por-la-dgt-gps-y-sim-integrada-conectividad-dgt-3-0-visibilidad-1-km-base-magnetica-proteccion-ip54\/","name":"SOS Road Baliza de Se\u00f1alizacion de Emergencia en Carretera","isPartOf":{"@id":"https:\/\/www.maprofar.com\/tienda\/#website"},"primaryImageOfPage":{"@id":"https:\/\/www.maprofar.com\/tienda\/producto\/sos-road-baliza-de-senalizacion-de-emergencia-en-carretera-v16-homologada-por-la-dgt-gps-y-sim-integrada-conectividad-dgt-3-0-visibilidad-1-km-base-magnetica-proteccion-ip54\/#primaryimage"},"image":{"@id":"https:\/\/www.maprofar.com\/tienda\/producto\/sos-road-baliza-de-senalizacion-de-emergencia-en-carretera-v16-homologada-por-la-dgt-gps-y-sim-integrada-conectividad-dgt-3-0-visibilidad-1-km-base-magnetica-proteccion-ip54\/#primaryimage"},"thumbnailUrl":"https:\/\/www.maprofar.com\/tienda\/wp-content\/uploads\/2025\/12\/DP-EL2024-C3.jpg","datePublished":"2025-12-09T17:14:56+00:00","dateModified":"2026-04-14T17:16:59+00:00","description":"SOS Road Baliza de Se\u00f1alizacion de Emergencia en Carretera V16 - Homologada por la DGT - GPS y SIM Integrada - Conectividad DGT 3.0 - Visibilidad 1 km","breadcrumb":{"@id":"https:\/\/www.maprofar.com\/tienda\/producto\/sos-road-baliza-de-senalizacion-de-emergencia-en-carretera-v16-homologada-por-la-dgt-gps-y-sim-integrada-conectividad-dgt-3-0-visibilidad-1-km-base-magnetica-proteccion-ip54\/#breadcrumb"},"inLanguage":"es","potentialAction":[{"@type":"ReadAction","target":["https:\/\/www.maprofar.com\/tienda\/producto\/sos-road-baliza-de-senalizacion-de-emergencia-en-carretera-v16-homologada-por-la-dgt-gps-y-sim-integrada-conectividad-dgt-3-0-visibilidad-1-km-base-magnetica-proteccion-ip54\/"]}]},{"@type":"ImageObject","inLanguage":"es","@id":"https:\/\/www.maprofar.com\/tienda\/producto\/sos-road-baliza-de-senalizacion-de-emergencia-en-carretera-v16-homologada-por-la-dgt-gps-y-sim-integrada-conectividad-dgt-3-0-visibilidad-1-km-base-magnetica-proteccion-ip54\/#primaryimage","url":"https:\/\/www.maprofar.com\/tienda\/wp-content\/uploads\/2025\/12\/DP-EL2024-C3.jpg","contentUrl":"https:\/\/www.maprofar.com\/tienda\/wp-content\/uploads\/2025\/12\/DP-EL2024-C3.jpg","width":600,"height":600,"caption":"Road Baliza de Se\u00f1alizacion de Emergencia en Carretera V16 - Homologada por la DGT - GPS y SIM Integrada - Conectividad DGT 3.0 - Visibilidad 1 km - Base Magnetica - Proteccion IP54"},{"@type":"BreadcrumbList","@id":"https:\/\/www.maprofar.com\/tienda\/producto\/sos-road-baliza-de-senalizacion-de-emergencia-en-carretera-v16-homologada-por-la-dgt-gps-y-sim-integrada-conectividad-dgt-3-0-visibilidad-1-km-base-magnetica-proteccion-ip54\/#breadcrumb","itemListElement":[{"@type":"ListItem","position":1,"name":"Portada","item":"https:\/\/www.maprofar.com\/tienda\/"},{"@type":"ListItem","position":2,"name":"Inicio","item":"https:\/\/www.maprofar.com\/tienda\/"},{"@type":"ListItem","position":3,"name":"SOS Road Baliza de Se\u00f1alizacion de Emergencia en Carretera V16 &#8211; Homologada por la DGT &#8211; GPS y SIM Integrada &#8211; Conectividad DGT 3.0 &#8211; Visibilidad 1 km &#8211; Base Magnetica &#8211; Proteccion IP54"}]},{"@type":"WebSite","@id":"https:\/\/www.maprofar.com\/tienda\/#website","url":"https:\/\/www.maprofar.com\/tienda\/","name":"Maprofar - Toner Compatibles y Material de Oficina","description":"Encuentra en Maprofar tu t\u00f3ner compatible Brother y HP al mejor precio. Calidad garantizada, env\u00edo urgente 24h y asesoramiento t\u00e9cnico experto. \u00a1Vis\u00edtanos!","publisher":{"@id":"https:\/\/www.maprofar.com\/tienda\/#organization"},"alternateName":"Maprofar Inform\u00e1tica","potentialAction":[{"@type":"SearchAction","target":{"@type":"EntryPoint","urlTemplate":"https:\/\/www.maprofar.com\/tienda\/?s={search_term_string}"},"query-input":{"@type":"PropertyValueSpecification","valueRequired":true,"valueName":"search_term_string"}}],"inLanguage":"es"},{"@type":"Organization","@id":"https:\/\/www.maprofar.com\/tienda\/#organization","name":"Maprofar S.L.","url":"https:\/\/www.maprofar.com\/tienda\/","logo":{"@type":"ImageObject","inLanguage":"es","@id":"https:\/\/www.maprofar.com\/tienda\/#\/schema\/logo\/image\/","url":"https:\/\/www.maprofar.com\/tienda\/wp-content\/uploads\/2021\/05\/logo_circulo.jpg","contentUrl":"https:\/\/www.maprofar.com\/tienda\/wp-content\/uploads\/2021\/05\/logo_circulo.jpg","width":404,"height":335,"caption":"Maprofar S.L."},"image":{"@id":"https:\/\/www.maprofar.com\/tienda\/#\/schema\/logo\/image\/"},"sameAs":["https:\/\/es-es.facebook.com\/maprofar","https:\/\/www.instagram.com\/maprofar_informatica\/","https:\/\/www.pinterest.es\/maprofar\/"]}]}},"_links":{"self":[{"href":"https:\/\/www.maprofar.com\/tienda\/wp-json\/wp\/v2\/product\/12751","targetHints":{"allow":["GET"]}}],"collection":[{"href":"https:\/\/www.maprofar.com\/tienda\/wp-json\/wp\/v2\/product"}],"about":[{"href":"https:\/\/www.maprofar.com\/tienda\/wp-json\/wp\/v2\/types\/product"}],"wp:featuredmedia":[{"embeddable":true,"href":"https:\/\/www.maprofar.com\/tienda\/wp-json\/wp\/v2\/media\/12753"}],"wp:attachment":[{"href":"https:\/\/www.maprofar.com\/tienda\/wp-json\/wp\/v2\/media?parent=12751"}],"wp:term":[{"taxonomy":"product_brand","embeddable":true,"href":"https:\/\/www.maprofar.com\/tienda\/wp-json\/wp\/v2\/product_brand?post=12751"},{"taxonomy":"product_cat","embeddable":true,"href":"https:\/\/www.maprofar.com\/tienda\/wp-json\/wp\/v2\/product_cat?post=12751"},{"taxonomy":"product_tag","embeddable":true,"href":"https:\/\/www.maprofar.com\/tienda\/wp-json\/wp\/v2\/product_tag?post=12751"}],"curies":[{"name":"wp","href":"https:\/\/api.w.org\/{rel}","templated":true}]}}