{"id":12899,"date":"2026-03-12T13:31:11","date_gmt":"2026-03-12T12:31:11","guid":{"rendered":"https:\/\/www.maprofar.com\/tienda\/?post_type=product&#038;p=12899"},"modified":"2026-03-15T11:55:06","modified_gmt":"2026-03-15T10:55:06","slug":"creality-falcon-2-pro-60w-grabadora-y-cortadora-laser-60w-cerrada","status":"publish","type":"product","link":"https:\/\/www.maprofar.com\/tienda\/producto\/creality-falcon-2-pro-60w-grabadora-y-cortadora-laser-60w-cerrada\/","title":{"rendered":"Creality Falcon 2 Pro 60W Grabadora y Cortadora Laser 60W Cerrada"},"content":{"rendered":"<p>Creality Falcon 2 Pro 60W Grabadora y Cortadora Laser 60W Cerrada &#8211; Laser Clase 1 (FDA) &#8211; Area de Trabajo 400x400mm &#8211; Corte en Multiples Materiales &#8211; Dise\u00f1o Visual de 360\u00b0<\/p>\n<p>Creality Falcon 2 Pro 60W Grabadora y Cortadora Laser 60W Cerrada<\/p>\n<p>Caracteristicas:<\/p>\n<p>-Corte en m\u00faltiples materiales.<br \/>\n-Observaci\u00f3n f\u00e1cil y segura.<br \/>\n-Dise\u00f1o visual de 360\u00b0.<br \/>\n-Gran \u00e1rea de trabajo de 400 x 415 mm.<br \/>\n-Ideal para proyectos de peque\u00f1a escala y producci\u00f3n en lotes.<\/p>\n<p>Especificaciones:<\/p>\n<p>-Potencia m\u00e1xima de la m\u00e1quina: 360W<br \/>\n-Potencia \u00f3ptica: 60W<br \/>\n-Tama\u00f1o del producto: 664x570x328.4mm<br \/>\n-Peso del equipo: 19.51kg<br \/>\n-Voltaje de entrada: 100-240V- 50-60Hz<br \/>\n-Voltaje de salida: DC 24.0V 10.0A<br \/>\n-Temperatura de funcionamiento: 5\u00b0C-35\u00b0C<br \/>\n-\u00c1rea de grabado: 400x400mm<br \/>\n-Fuente l\u00e1ser: Diode Laser<br \/>\n-Longitud de onda del l\u00e1ser: 455\u00b15nm<br \/>\n-Clase de l\u00e1ser: Class 1 (FDA)<br \/>\n-Software de grabado l\u00e1ser: LightBurn, LaserGRBL<br \/>\n-Sistema operativo: Windows\/MacOS<br \/>\n-Formatos de archivo compatibles: Jpeg,jpg,png,bmp,svg,dxf,etc.<br \/>\n-Materiales compatibles: Cart\u00f3n, madera, bamb\u00fa, caucho, cuero, tela, acr\u00edlico, pl\u00e1stico, etc.<br \/>\n-Certificaciones: EC60825, FDA, CE, ROHS, FCC, UL Report, PSE, SAA, RCM<\/p>\n<p><span style=\"color: #999999;\">Comprar Creality Falcon 2 Pro 60W Grabadora y Cortadora Laser 60W Cerrada &#8211; Laser Clase 1 (FDA) &#8211; Area de Trabajo 400x400mm &#8211; Corte en Multiples Materiales &#8211; Dise\u00f1o Visual de 360\u00b0<\/span><\/p>\n","protected":false},"excerpt":{"rendered":"<p class=\"titulo_subseccion_da\">CARACTER\u00cdSTICAS<\/p>\n<div class=\"listado_caracteristicas_da\"><span class=\"linea_datos_da\">\u2022 Marca:\u00a0<span class=\"gris_400\" title=\"Creality\">Creality<\/span><\/span><\/div>\n<div class=\"listado_caracteristicas_da\"><span class=\"linea_datos_da\" title=\"Gris\/Rojo\">\u2022 Color:\u00a0<span class=\"gris_400\">Gris\/Rojo<\/span><\/span><\/div>\n<div class=\"listado_caracteristicas_da\"><span class=\"linea_datos_da\" title=\"Creality\">\u2022 Fabricante:\u00a0<span class=\"gris_400\">Creality<\/span><\/span><\/div>\n<div class=\"listado_caracteristicas_da\"><span class=\"linea_datos_da\" title=\"\" aria-describedby=\"ui-id-12\">\u2022 Ref.:\u00a0<span class=\"gris_400\">1005010178<\/span><\/span><\/div>\n","protected":false},"featured_media":12901,"template":"","meta":[],"product_brand":[],"product_cat":[386],"product_tag":[],"class_list":{"0":"post-12899","1":"product","2":"type-product","3":"status-publish","4":"has-post-thumbnail","6":"product_cat-impresoras-3d","8":"first","9":"instock","10":"taxable","11":"shipping-taxable","12":"purchasable","13":"product-type-simple"},"yoast_head":"<!-- This site is optimized with the Yoast SEO Premium plugin v22.3 (Yoast SEO v27.4) - https:\/\/yoast.com\/product\/yoast-seo-premium-wordpress\/ -->\n<title>Creality Falcon 2 Pro 60W | Grabadora L\u00e1ser Profesional<\/title>\n<meta name=\"description\" content=\"Compra la Creality Falcon 2 Pro 60W en Maprofar. La grabadora l\u00e1ser cerrada m\u00e1s potente y segura (Clase 1). Env\u00edo urgente y garant\u00eda oficial.\" \/>\n<meta name=\"robots\" content=\"index, follow, max-snippet:-1, max-image-preview:large, max-video-preview:-1\" \/>\n<link rel=\"canonical\" href=\"https:\/\/www.maprofar.com\/tienda\/producto\/creality-falcon-2-pro-60w-grabadora-y-cortadora-laser-60w-cerrada\/\" \/>\n<meta property=\"og:locale\" content=\"es_ES\" \/>\n<meta property=\"og:type\" content=\"article\" \/>\n<meta property=\"og:title\" content=\"Creality Falcon 2 Pro 60W Grabadora y Cortadora Laser 60W Cerrada - Maprofar | T\u00f3ner Compatible Brother, HP y Soluciones de Impresi\u00f3n 3D\" \/>\n<meta property=\"og:description\" content=\"En Maprofar encontrar\u00e1s t\u00f3ner compatibles de calidad y material de oficina al mejor precio. Ahorra sin sacrificar rendimiento. \u00a1Aprovecha nuestras ofertas y descuentos!\" \/>\n<meta property=\"og:url\" content=\"https:\/\/www.maprofar.com\/tienda\/producto\/creality-falcon-2-pro-60w-grabadora-y-cortadora-laser-60w-cerrada\/\" \/>\n<meta property=\"og:site_name\" content=\"Maprofar | T\u00f3ner Compatible Brother, HP y Soluciones de Impresi\u00f3n 3D\" \/>\n<meta property=\"article:publisher\" content=\"https:\/\/es-es.facebook.com\/maprofar\" \/>\n<meta property=\"article:modified_time\" content=\"2026-03-15T10:55:06+00:00\" \/>\n<meta property=\"og:image\" content=\"https:\/\/www.maprofar.com\/tienda\/wp-content\/uploads\/2026\/03\/1005010178_1.jpg\" \/>\n\t<meta property=\"og:image:width\" content=\"600\" \/>\n\t<meta property=\"og:image:height\" content=\"600\" \/>\n\t<meta property=\"og:image:type\" content=\"image\/jpeg\" \/>\n<meta name=\"twitter:card\" content=\"summary_large_image\" \/>\n<meta name=\"twitter:label1\" content=\"Tiempo de lectura\" \/>\n\t<meta name=\"twitter:data1\" content=\"2 minutos\" \/>\n<script type=\"application\/ld+json\" class=\"yoast-schema-graph\">{\"@context\":\"https:\\\/\\\/schema.org\",\"@graph\":[{\"@type\":\"WebPage\",\"@id\":\"https:\\\/\\\/www.maprofar.com\\\/tienda\\\/producto\\\/creality-falcon-2-pro-60w-grabadora-y-cortadora-laser-60w-cerrada\\\/\",\"url\":\"https:\\\/\\\/www.maprofar.com\\\/tienda\\\/producto\\\/creality-falcon-2-pro-60w-grabadora-y-cortadora-laser-60w-cerrada\\\/\",\"name\":\"Creality Falcon 2 Pro 60W | Grabadora L\u00e1ser Profesional\",\"isPartOf\":{\"@id\":\"https:\\\/\\\/www.maprofar.com\\\/tienda\\\/#website\"},\"primaryImageOfPage\":{\"@id\":\"https:\\\/\\\/www.maprofar.com\\\/tienda\\\/producto\\\/creality-falcon-2-pro-60w-grabadora-y-cortadora-laser-60w-cerrada\\\/#primaryimage\"},\"image\":{\"@id\":\"https:\\\/\\\/www.maprofar.com\\\/tienda\\\/producto\\\/creality-falcon-2-pro-60w-grabadora-y-cortadora-laser-60w-cerrada\\\/#primaryimage\"},\"thumbnailUrl\":\"https:\\\/\\\/www.maprofar.com\\\/tienda\\\/wp-content\\\/uploads\\\/2026\\\/03\\\/1005010178_1.jpg\",\"datePublished\":\"2026-03-12T12:31:11+00:00\",\"dateModified\":\"2026-03-15T10:55:06+00:00\",\"description\":\"Compra la Creality Falcon 2 Pro 60W en Maprofar. La grabadora l\u00e1ser cerrada m\u00e1s potente y segura (Clase 1). Env\u00edo urgente y garant\u00eda oficial.\",\"breadcrumb\":{\"@id\":\"https:\\\/\\\/www.maprofar.com\\\/tienda\\\/producto\\\/creality-falcon-2-pro-60w-grabadora-y-cortadora-laser-60w-cerrada\\\/#breadcrumb\"},\"inLanguage\":\"es\",\"potentialAction\":[{\"@type\":\"ReadAction\",\"target\":[\"https:\\\/\\\/www.maprofar.com\\\/tienda\\\/producto\\\/creality-falcon-2-pro-60w-grabadora-y-cortadora-laser-60w-cerrada\\\/\"]}]},{\"@type\":\"ImageObject\",\"inLanguage\":\"es\",\"@id\":\"https:\\\/\\\/www.maprofar.com\\\/tienda\\\/producto\\\/creality-falcon-2-pro-60w-grabadora-y-cortadora-laser-60w-cerrada\\\/#primaryimage\",\"url\":\"https:\\\/\\\/www.maprofar.com\\\/tienda\\\/wp-content\\\/uploads\\\/2026\\\/03\\\/1005010178_1.jpg\",\"contentUrl\":\"https:\\\/\\\/www.maprofar.com\\\/tienda\\\/wp-content\\\/uploads\\\/2026\\\/03\\\/1005010178_1.jpg\",\"width\":600,\"height\":600,\"caption\":\"Creality Falcon 2 Pro 60W Grabadora y Cortadora Laser 60W Cerrada\"},{\"@type\":\"BreadcrumbList\",\"@id\":\"https:\\\/\\\/www.maprofar.com\\\/tienda\\\/producto\\\/creality-falcon-2-pro-60w-grabadora-y-cortadora-laser-60w-cerrada\\\/#breadcrumb\",\"itemListElement\":[{\"@type\":\"ListItem\",\"position\":1,\"name\":\"Portada\",\"item\":\"https:\\\/\\\/www.maprofar.com\\\/tienda\\\/\"},{\"@type\":\"ListItem\",\"position\":2,\"name\":\"Inicio\",\"item\":\"https:\\\/\\\/www.maprofar.com\\\/tienda\\\/\"},{\"@type\":\"ListItem\",\"position\":3,\"name\":\"Creality Falcon 2 Pro 60W Grabadora y Cortadora Laser 60W Cerrada\"}]},{\"@type\":\"WebSite\",\"@id\":\"https:\\\/\\\/www.maprofar.com\\\/tienda\\\/#website\",\"url\":\"https:\\\/\\\/www.maprofar.com\\\/tienda\\\/\",\"name\":\"Maprofar - Toner Compatibles y Material de Oficina\",\"description\":\"Encuentra en Maprofar tu t\u00f3ner compatible Brother y HP al mejor precio. Calidad garantizada, env\u00edo urgente 24h y asesoramiento t\u00e9cnico experto. \u00a1Vis\u00edtanos!\",\"publisher\":{\"@id\":\"https:\\\/\\\/www.maprofar.com\\\/tienda\\\/#organization\"},\"alternateName\":\"Maprofar Inform\u00e1tica\",\"potentialAction\":[{\"@type\":\"SearchAction\",\"target\":{\"@type\":\"EntryPoint\",\"urlTemplate\":\"https:\\\/\\\/www.maprofar.com\\\/tienda\\\/?s={search_term_string}\"},\"query-input\":{\"@type\":\"PropertyValueSpecification\",\"valueRequired\":true,\"valueName\":\"search_term_string\"}}],\"inLanguage\":\"es\"},{\"@type\":\"Organization\",\"@id\":\"https:\\\/\\\/www.maprofar.com\\\/tienda\\\/#organization\",\"name\":\"Maprofar S.L.\",\"url\":\"https:\\\/\\\/www.maprofar.com\\\/tienda\\\/\",\"logo\":{\"@type\":\"ImageObject\",\"inLanguage\":\"es\",\"@id\":\"https:\\\/\\\/www.maprofar.com\\\/tienda\\\/#\\\/schema\\\/logo\\\/image\\\/\",\"url\":\"https:\\\/\\\/www.maprofar.com\\\/tienda\\\/wp-content\\\/uploads\\\/2021\\\/05\\\/logo_circulo.jpg\",\"contentUrl\":\"https:\\\/\\\/www.maprofar.com\\\/tienda\\\/wp-content\\\/uploads\\\/2021\\\/05\\\/logo_circulo.jpg\",\"width\":404,\"height\":335,\"caption\":\"Maprofar S.L.\"},\"image\":{\"@id\":\"https:\\\/\\\/www.maprofar.com\\\/tienda\\\/#\\\/schema\\\/logo\\\/image\\\/\"},\"sameAs\":[\"https:\\\/\\\/es-es.facebook.com\\\/maprofar\",\"https:\\\/\\\/www.instagram.com\\\/maprofar_informatica\\\/\",\"https:\\\/\\\/www.pinterest.es\\\/maprofar\\\/\"]}]}<\/script>\n<!-- \/ Yoast SEO Premium plugin. -->","yoast_head_json":{"title":"Creality Falcon 2 Pro 60W | Grabadora L\u00e1ser Profesional","description":"Compra la Creality Falcon 2 Pro 60W en Maprofar. La grabadora l\u00e1ser cerrada m\u00e1s potente y segura (Clase 1). Env\u00edo urgente y garant\u00eda oficial.","robots":{"index":"index","follow":"follow","max-snippet":"max-snippet:-1","max-image-preview":"max-image-preview:large","max-video-preview":"max-video-preview:-1"},"canonical":"https:\/\/www.maprofar.com\/tienda\/producto\/creality-falcon-2-pro-60w-grabadora-y-cortadora-laser-60w-cerrada\/","og_locale":"es_ES","og_type":"article","og_title":"Creality Falcon 2 Pro 60W Grabadora y Cortadora Laser 60W Cerrada - Maprofar | T\u00f3ner Compatible Brother, HP y Soluciones de Impresi\u00f3n 3D","og_description":"En Maprofar encontrar\u00e1s t\u00f3ner compatibles de calidad y material de oficina al mejor precio. Ahorra sin sacrificar rendimiento. \u00a1Aprovecha nuestras ofertas y descuentos!","og_url":"https:\/\/www.maprofar.com\/tienda\/producto\/creality-falcon-2-pro-60w-grabadora-y-cortadora-laser-60w-cerrada\/","og_site_name":"Maprofar | T\u00f3ner Compatible Brother, HP y Soluciones de Impresi\u00f3n 3D","article_publisher":"https:\/\/es-es.facebook.com\/maprofar","article_modified_time":"2026-03-15T10:55:06+00:00","og_image":[{"width":600,"height":600,"url":"https:\/\/www.maprofar.com\/tienda\/wp-content\/uploads\/2026\/03\/1005010178_1.jpg","type":"image\/jpeg"}],"twitter_card":"summary_large_image","twitter_misc":{"Tiempo de lectura":"2 minutos"},"schema":{"@context":"https:\/\/schema.org","@graph":[{"@type":"WebPage","@id":"https:\/\/www.maprofar.com\/tienda\/producto\/creality-falcon-2-pro-60w-grabadora-y-cortadora-laser-60w-cerrada\/","url":"https:\/\/www.maprofar.com\/tienda\/producto\/creality-falcon-2-pro-60w-grabadora-y-cortadora-laser-60w-cerrada\/","name":"Creality Falcon 2 Pro 60W | Grabadora L\u00e1ser Profesional","isPartOf":{"@id":"https:\/\/www.maprofar.com\/tienda\/#website"},"primaryImageOfPage":{"@id":"https:\/\/www.maprofar.com\/tienda\/producto\/creality-falcon-2-pro-60w-grabadora-y-cortadora-laser-60w-cerrada\/#primaryimage"},"image":{"@id":"https:\/\/www.maprofar.com\/tienda\/producto\/creality-falcon-2-pro-60w-grabadora-y-cortadora-laser-60w-cerrada\/#primaryimage"},"thumbnailUrl":"https:\/\/www.maprofar.com\/tienda\/wp-content\/uploads\/2026\/03\/1005010178_1.jpg","datePublished":"2026-03-12T12:31:11+00:00","dateModified":"2026-03-15T10:55:06+00:00","description":"Compra la Creality Falcon 2 Pro 60W en Maprofar. La grabadora l\u00e1ser cerrada m\u00e1s potente y segura (Clase 1). Env\u00edo urgente y garant\u00eda oficial.","breadcrumb":{"@id":"https:\/\/www.maprofar.com\/tienda\/producto\/creality-falcon-2-pro-60w-grabadora-y-cortadora-laser-60w-cerrada\/#breadcrumb"},"inLanguage":"es","potentialAction":[{"@type":"ReadAction","target":["https:\/\/www.maprofar.com\/tienda\/producto\/creality-falcon-2-pro-60w-grabadora-y-cortadora-laser-60w-cerrada\/"]}]},{"@type":"ImageObject","inLanguage":"es","@id":"https:\/\/www.maprofar.com\/tienda\/producto\/creality-falcon-2-pro-60w-grabadora-y-cortadora-laser-60w-cerrada\/#primaryimage","url":"https:\/\/www.maprofar.com\/tienda\/wp-content\/uploads\/2026\/03\/1005010178_1.jpg","contentUrl":"https:\/\/www.maprofar.com\/tienda\/wp-content\/uploads\/2026\/03\/1005010178_1.jpg","width":600,"height":600,"caption":"Creality Falcon 2 Pro 60W Grabadora y Cortadora Laser 60W Cerrada"},{"@type":"BreadcrumbList","@id":"https:\/\/www.maprofar.com\/tienda\/producto\/creality-falcon-2-pro-60w-grabadora-y-cortadora-laser-60w-cerrada\/#breadcrumb","itemListElement":[{"@type":"ListItem","position":1,"name":"Portada","item":"https:\/\/www.maprofar.com\/tienda\/"},{"@type":"ListItem","position":2,"name":"Inicio","item":"https:\/\/www.maprofar.com\/tienda\/"},{"@type":"ListItem","position":3,"name":"Creality Falcon 2 Pro 60W Grabadora y Cortadora Laser 60W Cerrada"}]},{"@type":"WebSite","@id":"https:\/\/www.maprofar.com\/tienda\/#website","url":"https:\/\/www.maprofar.com\/tienda\/","name":"Maprofar - Toner Compatibles y Material de Oficina","description":"Encuentra en Maprofar tu t\u00f3ner compatible Brother y HP al mejor precio. Calidad garantizada, env\u00edo urgente 24h y asesoramiento t\u00e9cnico experto. \u00a1Vis\u00edtanos!","publisher":{"@id":"https:\/\/www.maprofar.com\/tienda\/#organization"},"alternateName":"Maprofar Inform\u00e1tica","potentialAction":[{"@type":"SearchAction","target":{"@type":"EntryPoint","urlTemplate":"https:\/\/www.maprofar.com\/tienda\/?s={search_term_string}"},"query-input":{"@type":"PropertyValueSpecification","valueRequired":true,"valueName":"search_term_string"}}],"inLanguage":"es"},{"@type":"Organization","@id":"https:\/\/www.maprofar.com\/tienda\/#organization","name":"Maprofar S.L.","url":"https:\/\/www.maprofar.com\/tienda\/","logo":{"@type":"ImageObject","inLanguage":"es","@id":"https:\/\/www.maprofar.com\/tienda\/#\/schema\/logo\/image\/","url":"https:\/\/www.maprofar.com\/tienda\/wp-content\/uploads\/2021\/05\/logo_circulo.jpg","contentUrl":"https:\/\/www.maprofar.com\/tienda\/wp-content\/uploads\/2021\/05\/logo_circulo.jpg","width":404,"height":335,"caption":"Maprofar S.L."},"image":{"@id":"https:\/\/www.maprofar.com\/tienda\/#\/schema\/logo\/image\/"},"sameAs":["https:\/\/es-es.facebook.com\/maprofar","https:\/\/www.instagram.com\/maprofar_informatica\/","https:\/\/www.pinterest.es\/maprofar\/"]}]}},"_links":{"self":[{"href":"https:\/\/www.maprofar.com\/tienda\/wp-json\/wp\/v2\/product\/12899","targetHints":{"allow":["GET"]}}],"collection":[{"href":"https:\/\/www.maprofar.com\/tienda\/wp-json\/wp\/v2\/product"}],"about":[{"href":"https:\/\/www.maprofar.com\/tienda\/wp-json\/wp\/v2\/types\/product"}],"wp:featuredmedia":[{"embeddable":true,"href":"https:\/\/www.maprofar.com\/tienda\/wp-json\/wp\/v2\/media\/12901"}],"wp:attachment":[{"href":"https:\/\/www.maprofar.com\/tienda\/wp-json\/wp\/v2\/media?parent=12899"}],"wp:term":[{"taxonomy":"product_brand","embeddable":true,"href":"https:\/\/www.maprofar.com\/tienda\/wp-json\/wp\/v2\/product_brand?post=12899"},{"taxonomy":"product_cat","embeddable":true,"href":"https:\/\/www.maprofar.com\/tienda\/wp-json\/wp\/v2\/product_cat?post=12899"},{"taxonomy":"product_tag","embeddable":true,"href":"https:\/\/www.maprofar.com\/tienda\/wp-json\/wp\/v2\/product_tag?post=12899"}],"curies":[{"name":"wp","href":"https:\/\/api.w.org\/{rel}","templated":true}]}}