{"id":12917,"date":"2026-03-13T19:38:18","date_gmt":"2026-03-13T18:38:18","guid":{"rendered":"https:\/\/www.maprofar.com\/tienda\/?post_type=product&#038;p=12917"},"modified":"2026-03-13T19:38:20","modified_gmt":"2026-03-13T18:38:20","slug":"creality-k2-combo-impresora-3d-cerrada-unidad-cfs-volumen-26x26x26cm","status":"publish","type":"product","link":"https:\/\/www.maprofar.com\/tienda\/producto\/creality-k2-combo-impresora-3d-cerrada-unidad-cfs-volumen-26x26x26cm\/","title":{"rendered":"Creality K2 Combo Impresora 3D Cerrada + Unidad CFS &#8211; Volumen 26x26x26cm"},"content":{"rendered":"<p>Creality K2 Combo Impresora 3D Cerrada + Unidad CFS &#8211; Volumen 26x26x26cm &#8211; Impresion de Alta Velocidad de hasta 600mm\/s &#8211; Doble Camara IA &#8211; USB, WiFi<\/p>\n<p>La Creality K2 Combo es la soluci\u00f3n ideal para quienes no s\u00f3lo desean imprimir con rapidez y precisi\u00f3n, sino tambi\u00e9n producir patrones en varios colores o materiales simult\u00e1neamente. Puede combinar hasta cuatro unidades CFS -para un total de 16 colores- de forma totalmente automatizada, con un control inteligente y una integraci\u00f3n de software perfecta.<\/p>\n<p>M\u00e1s espacio para grandes ideas.<br \/>\nCon un volumen de impresi\u00f3n de 260 x 260 x 260 mm, ya no tendr\u00e1s que dividir o redimensionar los modelos. La K2 Combo ofrece espacio suficiente para prototipos funcionales, piezas de cosplay o proyectos creativos a escala real.<\/p>\n<p>Construcci\u00f3n robusta, precisa y silenciosa.<br \/>\nEl bastidor de aluminio de calidad aeroespacial y el doble eje Z con cuatro gu\u00edas lineales garantizan una estabilidad absoluta incluso a altas velocidades. Los movimientos est\u00e1n controlados por motores FOC Step-Servo, que garantizan suavidad y precisi\u00f3n con un nivel de ruido m\u00ednimo, comparable al de teclear en un port\u00e1til.<\/p>\n<p>Velocidad adictiva.<br \/>\nCon una velocidad m\u00e1xima de 600 mm\/s, las esperas se convierten en un recuerdo. Gracias al nuevo Servo System, la impresi\u00f3n es sorprendentemente r\u00e1pida sin sacrificar la calidad.<\/p>\n<p>Potencia Direct Drive para fabricantes exigentes.<br \/>\nEl extrusor Direct Drive con sensor integrado utiliza engranajes de acero endurecido y un sensor de desviaci\u00f3n del filamento con cortador magn\u00e9tico. Desde PLA y PETG comunes hasta filamentos reforzados con fibra de carbono, todo fluye de forma fiable.<\/p>\n<p>Hotend de alto caudal para alta velocidad.<br \/>\nEl Hotend Quick-Swap de 40 mm\u00b3\/s garantiza un volumen de fusi\u00f3n suficiente para impresiones ultrarr\u00e1pidas. La cubierta magn\u00e9tica permite el mantenimiento en segundos, mientras que la boquilla de acero endurecido de alta temperatura (hasta 300 \u00b0C) y el dise\u00f1o modular lo hacen perfecto para filamentos de ingenier\u00eda y experimentos con materiales.<\/p>\n<p>Caracteristicas:<\/p>\n<p>-C\u00e1mara calefactada activa: imprime filamentos de alto rendimiento como ABS y PPA-CF<br \/>\n-Doble c\u00e1mara con IA: ajusta autom\u00e1ticamente el flujo y env\u00eda alertas de fallos en tiempo real<br \/>\n-Nivelaci\u00f3n autom\u00e1tica inteligente: solo en el \u00e1rea objetivo, m\u00e1s r\u00e1pido y eficiente<br \/>\n-Volumen de impresi\u00f3n profesional (260 mm): ideal para modelos grandes o m\u00faltiples piezas en una sola impresi\u00f3n<br \/>\n*El K2 Combo incluye la impresora K2 y una unidad CFS.<\/p>\n<p>Especificaciones:<\/p>\n<p>-Volumen de impresi\u00f3n: 260 x 260 x 260 mm<br \/>\n-Velocidad m\u00e1xima de impresi\u00f3n: 600 mm\/s<br \/>\n-Aceleraci\u00f3n m\u00e1xima: 20.000 mm\/s<br \/>\n-Temperatura m\u00e1xima de impresi\u00f3n: 300 \u00b0C<br \/>\n-Temperatura m\u00e1xima de la platina: 110 \u00b0C<br \/>\n-Tensi\u00f3n de la cinta: Manual<br \/>\n-Servomotores paso a paso: En ejes X\/Y y extrusor<br \/>\n-Ventilador de refrigeraci\u00f3n auxiliar: 1<br \/>\n-Filtro de aire: 1<br \/>\n-Nivelaci\u00f3n: Autom\u00e1tica<br \/>\n-C\u00e1mara integrada: 1 x 720 p\u00edxeles (a 30 fps)<br \/>\n-Pantalla: Pantalla t\u00e1ctil de 4 pulgadas<br \/>\n-Interfaces: WiFi (2,4 G), unidad USB, puerto Creality 485<br \/>\n-Hotend Potencia: 100W<br \/>\n-Dimensiones del dispositivo: 404 x 436 x 545 mm<br \/>\n-Peso neto: 18 kg<br \/>\n*El K2 Combo incluye la impresora K2 y una unidad CFS.<\/p>\n<p><span style=\"color: #999999;\">Comprar Creality K2 Combo Impresora 3D Cerrada + Unidad CFS &#8211; Volumen 26x26x26cm &#8211; Impresion de Alta Velocidad de hasta 600mm\/s &#8211; Doble Camara IA &#8211; USB, WiFi<\/span><\/p>\n","protected":false},"excerpt":{"rendered":"<p class=\"titulo_subseccion_da\">CARACTER\u00cdSTICAS<\/p>\n<div class=\"listado_caracteristicas_da\"><span class=\"linea_datos_da\">\u2022 Marca:\u00a0<span class=\"gris_400\" title=\"Creality\">Creality<\/span><\/span><\/div>\n<div class=\"listado_caracteristicas_da\"><span class=\"linea_datos_da\" title=\"Negro\/Gris\">\u2022 Color:\u00a0<span class=\"gris_400\">Negro\/Gris<\/span><\/span><\/div>\n<div class=\"listado_caracteristicas_da\"><span class=\"linea_datos_da\" title=\"Creality\">\u2022 Fabricante:\u00a0<span class=\"gris_400\">Creality<\/span><\/span><\/div>\n<div class=\"listado_caracteristicas_da\"><span class=\"linea_datos_da\" title=\"\" aria-describedby=\"ui-id-8\">\u2022 Ref.:\u00a0<span class=\"gris_400\">1002110100<\/span><\/span><\/div>\n","protected":false},"featured_media":12919,"template":"","meta":[],"product_brand":[],"product_cat":[386],"product_tag":[],"class_list":{"0":"post-12917","1":"product","2":"type-product","3":"status-publish","4":"has-post-thumbnail","6":"product_cat-impresoras-3d","8":"first","9":"instock","10":"taxable","11":"shipping-taxable","12":"purchasable","13":"product-type-simple"},"yoast_head":"<!-- This site is optimized with the Yoast SEO Premium plugin v22.3 (Yoast SEO v27.4) - https:\/\/yoast.com\/product\/yoast-seo-premium-wordpress\/ -->\n<title>Creality K2 Combo Impresora 3D Cerrada + Unidad CFS<\/title>\n<meta name=\"description\" content=\"Creality K2 Combo Impresora 3D Cerrada + Unidad CFS - Volumen 26x26x26cm - Impresion de Alta Velocidad de hasta 600mm\/s - Doble Camara IA - USB, WiFi\" \/>\n<meta name=\"robots\" content=\"index, follow, max-snippet:-1, max-image-preview:large, max-video-preview:-1\" \/>\n<link rel=\"canonical\" href=\"https:\/\/www.maprofar.com\/tienda\/producto\/creality-k2-combo-impresora-3d-cerrada-unidad-cfs-volumen-26x26x26cm\/\" \/>\n<meta property=\"og:locale\" content=\"es_ES\" \/>\n<meta property=\"og:type\" content=\"article\" \/>\n<meta property=\"og:title\" content=\"Creality K2 Combo Impresora 3D Cerrada + Unidad CFS - Volumen 26x26x26cm - Maprofar | T\u00f3ner Compatible Brother, HP y Soluciones de Impresi\u00f3n 3D\" \/>\n<meta property=\"og:description\" content=\"En Maprofar encontrar\u00e1s t\u00f3ner compatibles de calidad y material de oficina al mejor precio. Ahorra sin sacrificar rendimiento. \u00a1Aprovecha nuestras ofertas y descuentos!\" \/>\n<meta property=\"og:url\" content=\"https:\/\/www.maprofar.com\/tienda\/producto\/creality-k2-combo-impresora-3d-cerrada-unidad-cfs-volumen-26x26x26cm\/\" \/>\n<meta property=\"og:site_name\" content=\"Maprofar | T\u00f3ner Compatible Brother, HP y Soluciones de Impresi\u00f3n 3D\" \/>\n<meta property=\"article:publisher\" content=\"https:\/\/es-es.facebook.com\/maprofar\" \/>\n<meta property=\"article:modified_time\" content=\"2026-03-13T18:38:20+00:00\" \/>\n<meta property=\"og:image\" content=\"https:\/\/www.maprofar.com\/tienda\/wp-content\/uploads\/2026\/03\/1002110100_1.jpg\" \/>\n\t<meta property=\"og:image:width\" content=\"600\" \/>\n\t<meta property=\"og:image:height\" content=\"600\" \/>\n\t<meta property=\"og:image:type\" content=\"image\/jpeg\" \/>\n<meta name=\"twitter:card\" content=\"summary_large_image\" \/>\n<meta name=\"twitter:label1\" content=\"Tiempo de lectura\" \/>\n\t<meta name=\"twitter:data1\" content=\"3 minutos\" \/>\n<script type=\"application\/ld+json\" class=\"yoast-schema-graph\">{\"@context\":\"https:\\\/\\\/schema.org\",\"@graph\":[{\"@type\":\"WebPage\",\"@id\":\"https:\\\/\\\/www.maprofar.com\\\/tienda\\\/producto\\\/creality-k2-combo-impresora-3d-cerrada-unidad-cfs-volumen-26x26x26cm\\\/\",\"url\":\"https:\\\/\\\/www.maprofar.com\\\/tienda\\\/producto\\\/creality-k2-combo-impresora-3d-cerrada-unidad-cfs-volumen-26x26x26cm\\\/\",\"name\":\"Creality K2 Combo Impresora 3D Cerrada + Unidad CFS\",\"isPartOf\":{\"@id\":\"https:\\\/\\\/www.maprofar.com\\\/tienda\\\/#website\"},\"primaryImageOfPage\":{\"@id\":\"https:\\\/\\\/www.maprofar.com\\\/tienda\\\/producto\\\/creality-k2-combo-impresora-3d-cerrada-unidad-cfs-volumen-26x26x26cm\\\/#primaryimage\"},\"image\":{\"@id\":\"https:\\\/\\\/www.maprofar.com\\\/tienda\\\/producto\\\/creality-k2-combo-impresora-3d-cerrada-unidad-cfs-volumen-26x26x26cm\\\/#primaryimage\"},\"thumbnailUrl\":\"https:\\\/\\\/www.maprofar.com\\\/tienda\\\/wp-content\\\/uploads\\\/2026\\\/03\\\/1002110100_1.jpg\",\"datePublished\":\"2026-03-13T18:38:18+00:00\",\"dateModified\":\"2026-03-13T18:38:20+00:00\",\"description\":\"Creality K2 Combo Impresora 3D Cerrada + Unidad CFS - Volumen 26x26x26cm - Impresion de Alta Velocidad de hasta 600mm\\\/s - Doble Camara IA - USB, WiFi\",\"breadcrumb\":{\"@id\":\"https:\\\/\\\/www.maprofar.com\\\/tienda\\\/producto\\\/creality-k2-combo-impresora-3d-cerrada-unidad-cfs-volumen-26x26x26cm\\\/#breadcrumb\"},\"inLanguage\":\"es\",\"potentialAction\":[{\"@type\":\"ReadAction\",\"target\":[\"https:\\\/\\\/www.maprofar.com\\\/tienda\\\/producto\\\/creality-k2-combo-impresora-3d-cerrada-unidad-cfs-volumen-26x26x26cm\\\/\"]}]},{\"@type\":\"ImageObject\",\"inLanguage\":\"es\",\"@id\":\"https:\\\/\\\/www.maprofar.com\\\/tienda\\\/producto\\\/creality-k2-combo-impresora-3d-cerrada-unidad-cfs-volumen-26x26x26cm\\\/#primaryimage\",\"url\":\"https:\\\/\\\/www.maprofar.com\\\/tienda\\\/wp-content\\\/uploads\\\/2026\\\/03\\\/1002110100_1.jpg\",\"contentUrl\":\"https:\\\/\\\/www.maprofar.com\\\/tienda\\\/wp-content\\\/uploads\\\/2026\\\/03\\\/1002110100_1.jpg\",\"width\":600,\"height\":600,\"caption\":\"Creality K2 Combo Impresora 3D Cerrada + Unidad CFS - Volumen 26x26x26cm - Impresion de Alta Velocidad de hasta 600mm\\\/s - Doble Camara IA - USB, WiFi\"},{\"@type\":\"BreadcrumbList\",\"@id\":\"https:\\\/\\\/www.maprofar.com\\\/tienda\\\/producto\\\/creality-k2-combo-impresora-3d-cerrada-unidad-cfs-volumen-26x26x26cm\\\/#breadcrumb\",\"itemListElement\":[{\"@type\":\"ListItem\",\"position\":1,\"name\":\"Portada\",\"item\":\"https:\\\/\\\/www.maprofar.com\\\/tienda\\\/\"},{\"@type\":\"ListItem\",\"position\":2,\"name\":\"Inicio\",\"item\":\"https:\\\/\\\/www.maprofar.com\\\/tienda\\\/\"},{\"@type\":\"ListItem\",\"position\":3,\"name\":\"Creality K2 Combo Impresora 3D Cerrada + Unidad CFS &#8211; Volumen 26x26x26cm\"}]},{\"@type\":\"WebSite\",\"@id\":\"https:\\\/\\\/www.maprofar.com\\\/tienda\\\/#website\",\"url\":\"https:\\\/\\\/www.maprofar.com\\\/tienda\\\/\",\"name\":\"Maprofar - Toner Compatibles y Material de Oficina\",\"description\":\"Encuentra en Maprofar tu t\u00f3ner compatible Brother y HP al mejor precio. Calidad garantizada, env\u00edo urgente 24h y asesoramiento t\u00e9cnico experto. \u00a1Vis\u00edtanos!\",\"publisher\":{\"@id\":\"https:\\\/\\\/www.maprofar.com\\\/tienda\\\/#organization\"},\"alternateName\":\"Maprofar Inform\u00e1tica\",\"potentialAction\":[{\"@type\":\"SearchAction\",\"target\":{\"@type\":\"EntryPoint\",\"urlTemplate\":\"https:\\\/\\\/www.maprofar.com\\\/tienda\\\/?s={search_term_string}\"},\"query-input\":{\"@type\":\"PropertyValueSpecification\",\"valueRequired\":true,\"valueName\":\"search_term_string\"}}],\"inLanguage\":\"es\"},{\"@type\":\"Organization\",\"@id\":\"https:\\\/\\\/www.maprofar.com\\\/tienda\\\/#organization\",\"name\":\"Maprofar S.L.\",\"url\":\"https:\\\/\\\/www.maprofar.com\\\/tienda\\\/\",\"logo\":{\"@type\":\"ImageObject\",\"inLanguage\":\"es\",\"@id\":\"https:\\\/\\\/www.maprofar.com\\\/tienda\\\/#\\\/schema\\\/logo\\\/image\\\/\",\"url\":\"https:\\\/\\\/www.maprofar.com\\\/tienda\\\/wp-content\\\/uploads\\\/2021\\\/05\\\/logo_circulo.jpg\",\"contentUrl\":\"https:\\\/\\\/www.maprofar.com\\\/tienda\\\/wp-content\\\/uploads\\\/2021\\\/05\\\/logo_circulo.jpg\",\"width\":404,\"height\":335,\"caption\":\"Maprofar S.L.\"},\"image\":{\"@id\":\"https:\\\/\\\/www.maprofar.com\\\/tienda\\\/#\\\/schema\\\/logo\\\/image\\\/\"},\"sameAs\":[\"https:\\\/\\\/es-es.facebook.com\\\/maprofar\",\"https:\\\/\\\/www.instagram.com\\\/maprofar_informatica\\\/\",\"https:\\\/\\\/www.pinterest.es\\\/maprofar\\\/\"]}]}<\/script>\n<!-- \/ Yoast SEO Premium plugin. -->","yoast_head_json":{"title":"Creality K2 Combo Impresora 3D Cerrada + Unidad CFS","description":"Creality K2 Combo Impresora 3D Cerrada + Unidad CFS - Volumen 26x26x26cm - Impresion de Alta Velocidad de hasta 600mm\/s - Doble Camara IA - USB, WiFi","robots":{"index":"index","follow":"follow","max-snippet":"max-snippet:-1","max-image-preview":"max-image-preview:large","max-video-preview":"max-video-preview:-1"},"canonical":"https:\/\/www.maprofar.com\/tienda\/producto\/creality-k2-combo-impresora-3d-cerrada-unidad-cfs-volumen-26x26x26cm\/","og_locale":"es_ES","og_type":"article","og_title":"Creality K2 Combo Impresora 3D Cerrada + Unidad CFS - Volumen 26x26x26cm - Maprofar | T\u00f3ner Compatible Brother, HP y Soluciones de Impresi\u00f3n 3D","og_description":"En Maprofar encontrar\u00e1s t\u00f3ner compatibles de calidad y material de oficina al mejor precio. Ahorra sin sacrificar rendimiento. \u00a1Aprovecha nuestras ofertas y descuentos!","og_url":"https:\/\/www.maprofar.com\/tienda\/producto\/creality-k2-combo-impresora-3d-cerrada-unidad-cfs-volumen-26x26x26cm\/","og_site_name":"Maprofar | T\u00f3ner Compatible Brother, HP y Soluciones de Impresi\u00f3n 3D","article_publisher":"https:\/\/es-es.facebook.com\/maprofar","article_modified_time":"2026-03-13T18:38:20+00:00","og_image":[{"width":600,"height":600,"url":"https:\/\/www.maprofar.com\/tienda\/wp-content\/uploads\/2026\/03\/1002110100_1.jpg","type":"image\/jpeg"}],"twitter_card":"summary_large_image","twitter_misc":{"Tiempo de lectura":"3 minutos"},"schema":{"@context":"https:\/\/schema.org","@graph":[{"@type":"WebPage","@id":"https:\/\/www.maprofar.com\/tienda\/producto\/creality-k2-combo-impresora-3d-cerrada-unidad-cfs-volumen-26x26x26cm\/","url":"https:\/\/www.maprofar.com\/tienda\/producto\/creality-k2-combo-impresora-3d-cerrada-unidad-cfs-volumen-26x26x26cm\/","name":"Creality K2 Combo Impresora 3D Cerrada + Unidad CFS","isPartOf":{"@id":"https:\/\/www.maprofar.com\/tienda\/#website"},"primaryImageOfPage":{"@id":"https:\/\/www.maprofar.com\/tienda\/producto\/creality-k2-combo-impresora-3d-cerrada-unidad-cfs-volumen-26x26x26cm\/#primaryimage"},"image":{"@id":"https:\/\/www.maprofar.com\/tienda\/producto\/creality-k2-combo-impresora-3d-cerrada-unidad-cfs-volumen-26x26x26cm\/#primaryimage"},"thumbnailUrl":"https:\/\/www.maprofar.com\/tienda\/wp-content\/uploads\/2026\/03\/1002110100_1.jpg","datePublished":"2026-03-13T18:38:18+00:00","dateModified":"2026-03-13T18:38:20+00:00","description":"Creality K2 Combo Impresora 3D Cerrada + Unidad CFS - Volumen 26x26x26cm - Impresion de Alta Velocidad de hasta 600mm\/s - Doble Camara IA - USB, WiFi","breadcrumb":{"@id":"https:\/\/www.maprofar.com\/tienda\/producto\/creality-k2-combo-impresora-3d-cerrada-unidad-cfs-volumen-26x26x26cm\/#breadcrumb"},"inLanguage":"es","potentialAction":[{"@type":"ReadAction","target":["https:\/\/www.maprofar.com\/tienda\/producto\/creality-k2-combo-impresora-3d-cerrada-unidad-cfs-volumen-26x26x26cm\/"]}]},{"@type":"ImageObject","inLanguage":"es","@id":"https:\/\/www.maprofar.com\/tienda\/producto\/creality-k2-combo-impresora-3d-cerrada-unidad-cfs-volumen-26x26x26cm\/#primaryimage","url":"https:\/\/www.maprofar.com\/tienda\/wp-content\/uploads\/2026\/03\/1002110100_1.jpg","contentUrl":"https:\/\/www.maprofar.com\/tienda\/wp-content\/uploads\/2026\/03\/1002110100_1.jpg","width":600,"height":600,"caption":"Creality K2 Combo Impresora 3D Cerrada + Unidad CFS - Volumen 26x26x26cm - Impresion de Alta Velocidad de hasta 600mm\/s - Doble Camara IA - USB, WiFi"},{"@type":"BreadcrumbList","@id":"https:\/\/www.maprofar.com\/tienda\/producto\/creality-k2-combo-impresora-3d-cerrada-unidad-cfs-volumen-26x26x26cm\/#breadcrumb","itemListElement":[{"@type":"ListItem","position":1,"name":"Portada","item":"https:\/\/www.maprofar.com\/tienda\/"},{"@type":"ListItem","position":2,"name":"Inicio","item":"https:\/\/www.maprofar.com\/tienda\/"},{"@type":"ListItem","position":3,"name":"Creality K2 Combo Impresora 3D Cerrada + Unidad CFS &#8211; Volumen 26x26x26cm"}]},{"@type":"WebSite","@id":"https:\/\/www.maprofar.com\/tienda\/#website","url":"https:\/\/www.maprofar.com\/tienda\/","name":"Maprofar - Toner Compatibles y Material de Oficina","description":"Encuentra en Maprofar tu t\u00f3ner compatible Brother y HP al mejor precio. Calidad garantizada, env\u00edo urgente 24h y asesoramiento t\u00e9cnico experto. \u00a1Vis\u00edtanos!","publisher":{"@id":"https:\/\/www.maprofar.com\/tienda\/#organization"},"alternateName":"Maprofar Inform\u00e1tica","potentialAction":[{"@type":"SearchAction","target":{"@type":"EntryPoint","urlTemplate":"https:\/\/www.maprofar.com\/tienda\/?s={search_term_string}"},"query-input":{"@type":"PropertyValueSpecification","valueRequired":true,"valueName":"search_term_string"}}],"inLanguage":"es"},{"@type":"Organization","@id":"https:\/\/www.maprofar.com\/tienda\/#organization","name":"Maprofar S.L.","url":"https:\/\/www.maprofar.com\/tienda\/","logo":{"@type":"ImageObject","inLanguage":"es","@id":"https:\/\/www.maprofar.com\/tienda\/#\/schema\/logo\/image\/","url":"https:\/\/www.maprofar.com\/tienda\/wp-content\/uploads\/2021\/05\/logo_circulo.jpg","contentUrl":"https:\/\/www.maprofar.com\/tienda\/wp-content\/uploads\/2021\/05\/logo_circulo.jpg","width":404,"height":335,"caption":"Maprofar S.L."},"image":{"@id":"https:\/\/www.maprofar.com\/tienda\/#\/schema\/logo\/image\/"},"sameAs":["https:\/\/es-es.facebook.com\/maprofar","https:\/\/www.instagram.com\/maprofar_informatica\/","https:\/\/www.pinterest.es\/maprofar\/"]}]}},"_links":{"self":[{"href":"https:\/\/www.maprofar.com\/tienda\/wp-json\/wp\/v2\/product\/12917","targetHints":{"allow":["GET"]}}],"collection":[{"href":"https:\/\/www.maprofar.com\/tienda\/wp-json\/wp\/v2\/product"}],"about":[{"href":"https:\/\/www.maprofar.com\/tienda\/wp-json\/wp\/v2\/types\/product"}],"wp:featuredmedia":[{"embeddable":true,"href":"https:\/\/www.maprofar.com\/tienda\/wp-json\/wp\/v2\/media\/12919"}],"wp:attachment":[{"href":"https:\/\/www.maprofar.com\/tienda\/wp-json\/wp\/v2\/media?parent=12917"}],"wp:term":[{"taxonomy":"product_brand","embeddable":true,"href":"https:\/\/www.maprofar.com\/tienda\/wp-json\/wp\/v2\/product_brand?post=12917"},{"taxonomy":"product_cat","embeddable":true,"href":"https:\/\/www.maprofar.com\/tienda\/wp-json\/wp\/v2\/product_cat?post=12917"},{"taxonomy":"product_tag","embeddable":true,"href":"https:\/\/www.maprofar.com\/tienda\/wp-json\/wp\/v2\/product_tag?post=12917"}],"curies":[{"name":"wp","href":"https:\/\/api.w.org\/{rel}","templated":true}]}}