{"id":1623,"date":"2021-02-22T18:03:56","date_gmt":"2021-02-22T16:03:56","guid":{"rendered":"https:\/\/www.maprofar.com\/tienda\/?post_type=product&#038;p=1623"},"modified":"2025-06-20T10:41:44","modified_gmt":"2025-06-20T08:41:44","slug":"toner-compatible-konica-minolta-bizhub-c452-c552-c652-cyan-reemplaza-a0tm450-tn613c","status":"publish","type":"product","link":"https:\/\/www.maprofar.com\/tienda\/producto\/toner-compatible-konica-minolta-bizhub-c452-c552-c652-cyan-reemplaza-a0tm450-tn613c\/","title":{"rendered":"Toner Compatible Konica Minolta Bizhub C452\/C552\/C652 Cyan &#8211; Reemplaza A0TM450\/TN613C"},"content":{"rendered":"<p>Cartucho de t\u00f3ner gen\u00e9rico Konica Minolta Bizhub C452\/C552\/C652 (A0TM450\/TN-613C) de alta calidad.<\/p>\n<p>Compatibilidades:<\/p>\n<p>Bizhub C452 \u2013 Bizhub C552 \u2013 Bizhub C552 DS \u2013 Bizhub C652 \u2013 Bizhub C652 DS.<\/p>\n<p><span style=\"color: #999999;\">Comprar Toner Compatible Konica Minolta Bizhub C452\/C552\/C652 Cyan &#8211; Reemplaza A0TM450\/TN613C<\/span><\/p>\n","protected":false},"excerpt":{"rendered":"<p class=\"titulo_subseccion_da\">CARACTER\u00cdSTICAS<\/p>\n<div class=\"listado_caracteristicas_da\"><span class=\"linea_datos_da\">\u2022 Para uso en:\u00a0<span class=\"gris_400\" title=\"Konica Minolta\">Konica Minolta<\/span><\/span><\/div>\n<div class=\"listado_caracteristicas_da\"><span class=\"linea_datos_da\" title=\"Cyan\">\u2022 Color:\u00a0<span class=\"gris_400\">Cyan<\/span><\/span><\/div>\n<div class=\"listado_caracteristicas_da\"><span class=\"linea_datos_da\" title=\"Gen\u00e9rico\">\u2022 Fabricante:\u00a0<span class=\"gris_400\">Gen\u00e9rico<\/span><\/span><\/div>\n<div class=\"listado_caracteristicas_da\"><span class=\"linea_datos_da\" title=\"Toner (Laser)\">\u2022 Tipo:\u00a0<span class=\"gris_400\">T\u00f3ner (Laser)<\/span><\/span><\/div>\n<div class=\"listado_caracteristicas_da\"><span class=\"linea_datos_da\" title=\"30.000 P\u00e1ginas\">\u2022 Capacidad:\u00a0<span class=\"gris_400\">30.000 P\u00e1ginas<\/span><\/span><\/div>\n<div class=\"listado_caracteristicas_da\"><span class=\"linea_datos_da\" title=\"KMT-TN613CY\">\u2022 Ref:\u00a0<span class=\"gris_400\">KMT-TN613CY<\/span><\/span><\/div>\n","protected":false},"featured_media":1624,"template":"","meta":[],"product_brand":[],"product_cat":[67],"product_tag":[271,272,273,274,238,254],"class_list":{"0":"post-1623","1":"product","2":"type-product","3":"status-publish","4":"has-post-thumbnail","6":"product_cat-toner-compatibles-konica-minolta","7":"product_tag-cartucho-de-toner-compatible-konika-minolta","8":"product_tag-cartucho-de-toner-generico-konika-minolta","9":"product_tag-toner-compatible-konika-minolta","10":"product_tag-toner-generico-konika-minolta","11":"product_tag-toner-konica-minolta-compatible","12":"product_tag-toner-konica-minolta-generico","14":"first","15":"instock","16":"taxable","17":"shipping-taxable","18":"purchasable","19":"product-type-simple"},"yoast_head":"<!-- This site is optimized with the Yoast SEO Premium plugin v22.3 (Yoast SEO v27.4) - https:\/\/yoast.com\/product\/yoast-seo-premium-wordpress\/ -->\n<title>Toner Compatible Konica Minolta Bizhub C452\/C552\/C652 Cyan<\/title>\n<meta name=\"description\" content=\"Toner Compatible Konica Minolta Bizhub C452\/C552\/C652 Cyan - Reemplaza A0TM450\/TN613C\" \/>\n<meta name=\"robots\" content=\"index, follow, max-snippet:-1, max-image-preview:large, max-video-preview:-1\" \/>\n<link rel=\"canonical\" href=\"https:\/\/www.maprofar.com\/tienda\/producto\/toner-compatible-konica-minolta-bizhub-c452-c552-c652-cyan-reemplaza-a0tm450-tn613c\/\" \/>\n<meta property=\"og:locale\" content=\"es_ES\" \/>\n<meta property=\"og:type\" content=\"article\" \/>\n<meta property=\"og:title\" content=\"Toner Compatible Konica Minolta Bizhub C452\/C552\/C652 Cyan - Reemplaza A0TM450\/TN613C - Maprofar | T\u00f3ner Compatible Brother, HP y Soluciones de Impresi\u00f3n 3D\" \/>\n<meta property=\"og:description\" content=\"En Maprofar encontrar\u00e1s t\u00f3ner compatibles de calidad y material de oficina al mejor precio. Ahorra sin sacrificar rendimiento. \u00a1Aprovecha nuestras ofertas y descuentos!\" \/>\n<meta property=\"og:url\" content=\"https:\/\/www.maprofar.com\/tienda\/producto\/toner-compatible-konica-minolta-bizhub-c452-c552-c652-cyan-reemplaza-a0tm450-tn613c\/\" \/>\n<meta property=\"og:site_name\" content=\"Maprofar | T\u00f3ner Compatible Brother, HP y Soluciones de Impresi\u00f3n 3D\" \/>\n<meta property=\"article:publisher\" content=\"https:\/\/es-es.facebook.com\/maprofar\" \/>\n<meta property=\"article:modified_time\" content=\"2025-06-20T08:41:44+00:00\" \/>\n<meta property=\"og:image\" content=\"https:\/\/www.maprofar.com\/tienda\/wp-content\/uploads\/2021\/02\/KMT-TN613CY.jpg\" \/>\n\t<meta property=\"og:image:width\" content=\"330\" \/>\n\t<meta property=\"og:image:height\" content=\"220\" \/>\n\t<meta property=\"og:image:type\" content=\"image\/jpeg\" \/>\n<meta name=\"twitter:card\" content=\"summary_large_image\" \/>\n<meta name=\"twitter:label1\" content=\"Tiempo de lectura\" \/>\n\t<meta name=\"twitter:data1\" content=\"1 minuto\" \/>\n<script type=\"application\/ld+json\" class=\"yoast-schema-graph\">{\"@context\":\"https:\\\/\\\/schema.org\",\"@graph\":[{\"@type\":\"WebPage\",\"@id\":\"https:\\\/\\\/www.maprofar.com\\\/tienda\\\/producto\\\/toner-compatible-konica-minolta-bizhub-c452-c552-c652-cyan-reemplaza-a0tm450-tn613c\\\/\",\"url\":\"https:\\\/\\\/www.maprofar.com\\\/tienda\\\/producto\\\/toner-compatible-konica-minolta-bizhub-c452-c552-c652-cyan-reemplaza-a0tm450-tn613c\\\/\",\"name\":\"Toner Compatible Konica Minolta Bizhub C452\\\/C552\\\/C652 Cyan\",\"isPartOf\":{\"@id\":\"https:\\\/\\\/www.maprofar.com\\\/tienda\\\/#website\"},\"primaryImageOfPage\":{\"@id\":\"https:\\\/\\\/www.maprofar.com\\\/tienda\\\/producto\\\/toner-compatible-konica-minolta-bizhub-c452-c552-c652-cyan-reemplaza-a0tm450-tn613c\\\/#primaryimage\"},\"image\":{\"@id\":\"https:\\\/\\\/www.maprofar.com\\\/tienda\\\/producto\\\/toner-compatible-konica-minolta-bizhub-c452-c552-c652-cyan-reemplaza-a0tm450-tn613c\\\/#primaryimage\"},\"thumbnailUrl\":\"https:\\\/\\\/www.maprofar.com\\\/tienda\\\/wp-content\\\/uploads\\\/2021\\\/02\\\/KMT-TN613CY.jpg\",\"datePublished\":\"2021-02-22T16:03:56+00:00\",\"dateModified\":\"2025-06-20T08:41:44+00:00\",\"description\":\"Toner Compatible Konica Minolta Bizhub C452\\\/C552\\\/C652 Cyan - Reemplaza A0TM450\\\/TN613C\",\"breadcrumb\":{\"@id\":\"https:\\\/\\\/www.maprofar.com\\\/tienda\\\/producto\\\/toner-compatible-konica-minolta-bizhub-c452-c552-c652-cyan-reemplaza-a0tm450-tn613c\\\/#breadcrumb\"},\"inLanguage\":\"es\",\"potentialAction\":[{\"@type\":\"ReadAction\",\"target\":[\"https:\\\/\\\/www.maprofar.com\\\/tienda\\\/producto\\\/toner-compatible-konica-minolta-bizhub-c452-c552-c652-cyan-reemplaza-a0tm450-tn613c\\\/\"]}]},{\"@type\":\"ImageObject\",\"inLanguage\":\"es\",\"@id\":\"https:\\\/\\\/www.maprofar.com\\\/tienda\\\/producto\\\/toner-compatible-konica-minolta-bizhub-c452-c552-c652-cyan-reemplaza-a0tm450-tn613c\\\/#primaryimage\",\"url\":\"https:\\\/\\\/www.maprofar.com\\\/tienda\\\/wp-content\\\/uploads\\\/2021\\\/02\\\/KMT-TN613CY.jpg\",\"contentUrl\":\"https:\\\/\\\/www.maprofar.com\\\/tienda\\\/wp-content\\\/uploads\\\/2021\\\/02\\\/KMT-TN613CY.jpg\",\"width\":330,\"height\":220},{\"@type\":\"BreadcrumbList\",\"@id\":\"https:\\\/\\\/www.maprofar.com\\\/tienda\\\/producto\\\/toner-compatible-konica-minolta-bizhub-c452-c552-c652-cyan-reemplaza-a0tm450-tn613c\\\/#breadcrumb\",\"itemListElement\":[{\"@type\":\"ListItem\",\"position\":1,\"name\":\"Portada\",\"item\":\"https:\\\/\\\/www.maprofar.com\\\/tienda\\\/\"},{\"@type\":\"ListItem\",\"position\":2,\"name\":\"Inicio\",\"item\":\"https:\\\/\\\/www.maprofar.com\\\/tienda\\\/\"},{\"@type\":\"ListItem\",\"position\":3,\"name\":\"Toner Compatible Konica Minolta Bizhub C452\\\/C552\\\/C652 Cyan &#8211; Reemplaza A0TM450\\\/TN613C\"}]},{\"@type\":\"WebSite\",\"@id\":\"https:\\\/\\\/www.maprofar.com\\\/tienda\\\/#website\",\"url\":\"https:\\\/\\\/www.maprofar.com\\\/tienda\\\/\",\"name\":\"Maprofar - Toner Compatibles y Material de Oficina\",\"description\":\"Encuentra en Maprofar tu t\u00f3ner compatible Brother y HP al mejor precio. Calidad garantizada, env\u00edo urgente 24h y asesoramiento t\u00e9cnico experto. \u00a1Vis\u00edtanos!\",\"publisher\":{\"@id\":\"https:\\\/\\\/www.maprofar.com\\\/tienda\\\/#organization\"},\"alternateName\":\"Maprofar Inform\u00e1tica\",\"potentialAction\":[{\"@type\":\"SearchAction\",\"target\":{\"@type\":\"EntryPoint\",\"urlTemplate\":\"https:\\\/\\\/www.maprofar.com\\\/tienda\\\/?s={search_term_string}\"},\"query-input\":{\"@type\":\"PropertyValueSpecification\",\"valueRequired\":true,\"valueName\":\"search_term_string\"}}],\"inLanguage\":\"es\"},{\"@type\":\"Organization\",\"@id\":\"https:\\\/\\\/www.maprofar.com\\\/tienda\\\/#organization\",\"name\":\"Maprofar S.L.\",\"url\":\"https:\\\/\\\/www.maprofar.com\\\/tienda\\\/\",\"logo\":{\"@type\":\"ImageObject\",\"inLanguage\":\"es\",\"@id\":\"https:\\\/\\\/www.maprofar.com\\\/tienda\\\/#\\\/schema\\\/logo\\\/image\\\/\",\"url\":\"https:\\\/\\\/www.maprofar.com\\\/tienda\\\/wp-content\\\/uploads\\\/2021\\\/05\\\/logo_circulo.jpg\",\"contentUrl\":\"https:\\\/\\\/www.maprofar.com\\\/tienda\\\/wp-content\\\/uploads\\\/2021\\\/05\\\/logo_circulo.jpg\",\"width\":404,\"height\":335,\"caption\":\"Maprofar S.L.\"},\"image\":{\"@id\":\"https:\\\/\\\/www.maprofar.com\\\/tienda\\\/#\\\/schema\\\/logo\\\/image\\\/\"},\"sameAs\":[\"https:\\\/\\\/es-es.facebook.com\\\/maprofar\",\"https:\\\/\\\/www.instagram.com\\\/maprofar_informatica\\\/\",\"https:\\\/\\\/www.pinterest.es\\\/maprofar\\\/\"]}]}<\/script>\n<!-- \/ Yoast SEO Premium plugin. -->","yoast_head_json":{"title":"Toner Compatible Konica Minolta Bizhub C452\/C552\/C652 Cyan","description":"Toner Compatible Konica Minolta Bizhub C452\/C552\/C652 Cyan - Reemplaza A0TM450\/TN613C","robots":{"index":"index","follow":"follow","max-snippet":"max-snippet:-1","max-image-preview":"max-image-preview:large","max-video-preview":"max-video-preview:-1"},"canonical":"https:\/\/www.maprofar.com\/tienda\/producto\/toner-compatible-konica-minolta-bizhub-c452-c552-c652-cyan-reemplaza-a0tm450-tn613c\/","og_locale":"es_ES","og_type":"article","og_title":"Toner Compatible Konica Minolta Bizhub C452\/C552\/C652 Cyan - Reemplaza A0TM450\/TN613C - Maprofar | T\u00f3ner Compatible Brother, HP y Soluciones de Impresi\u00f3n 3D","og_description":"En Maprofar encontrar\u00e1s t\u00f3ner compatibles de calidad y material de oficina al mejor precio. Ahorra sin sacrificar rendimiento. \u00a1Aprovecha nuestras ofertas y descuentos!","og_url":"https:\/\/www.maprofar.com\/tienda\/producto\/toner-compatible-konica-minolta-bizhub-c452-c552-c652-cyan-reemplaza-a0tm450-tn613c\/","og_site_name":"Maprofar | T\u00f3ner Compatible Brother, HP y Soluciones de Impresi\u00f3n 3D","article_publisher":"https:\/\/es-es.facebook.com\/maprofar","article_modified_time":"2025-06-20T08:41:44+00:00","og_image":[{"width":330,"height":220,"url":"https:\/\/www.maprofar.com\/tienda\/wp-content\/uploads\/2021\/02\/KMT-TN613CY.jpg","type":"image\/jpeg"}],"twitter_card":"summary_large_image","twitter_misc":{"Tiempo de lectura":"1 minuto"},"schema":{"@context":"https:\/\/schema.org","@graph":[{"@type":"WebPage","@id":"https:\/\/www.maprofar.com\/tienda\/producto\/toner-compatible-konica-minolta-bizhub-c452-c552-c652-cyan-reemplaza-a0tm450-tn613c\/","url":"https:\/\/www.maprofar.com\/tienda\/producto\/toner-compatible-konica-minolta-bizhub-c452-c552-c652-cyan-reemplaza-a0tm450-tn613c\/","name":"Toner Compatible Konica Minolta Bizhub C452\/C552\/C652 Cyan","isPartOf":{"@id":"https:\/\/www.maprofar.com\/tienda\/#website"},"primaryImageOfPage":{"@id":"https:\/\/www.maprofar.com\/tienda\/producto\/toner-compatible-konica-minolta-bizhub-c452-c552-c652-cyan-reemplaza-a0tm450-tn613c\/#primaryimage"},"image":{"@id":"https:\/\/www.maprofar.com\/tienda\/producto\/toner-compatible-konica-minolta-bizhub-c452-c552-c652-cyan-reemplaza-a0tm450-tn613c\/#primaryimage"},"thumbnailUrl":"https:\/\/www.maprofar.com\/tienda\/wp-content\/uploads\/2021\/02\/KMT-TN613CY.jpg","datePublished":"2021-02-22T16:03:56+00:00","dateModified":"2025-06-20T08:41:44+00:00","description":"Toner Compatible Konica Minolta Bizhub C452\/C552\/C652 Cyan - Reemplaza A0TM450\/TN613C","breadcrumb":{"@id":"https:\/\/www.maprofar.com\/tienda\/producto\/toner-compatible-konica-minolta-bizhub-c452-c552-c652-cyan-reemplaza-a0tm450-tn613c\/#breadcrumb"},"inLanguage":"es","potentialAction":[{"@type":"ReadAction","target":["https:\/\/www.maprofar.com\/tienda\/producto\/toner-compatible-konica-minolta-bizhub-c452-c552-c652-cyan-reemplaza-a0tm450-tn613c\/"]}]},{"@type":"ImageObject","inLanguage":"es","@id":"https:\/\/www.maprofar.com\/tienda\/producto\/toner-compatible-konica-minolta-bizhub-c452-c552-c652-cyan-reemplaza-a0tm450-tn613c\/#primaryimage","url":"https:\/\/www.maprofar.com\/tienda\/wp-content\/uploads\/2021\/02\/KMT-TN613CY.jpg","contentUrl":"https:\/\/www.maprofar.com\/tienda\/wp-content\/uploads\/2021\/02\/KMT-TN613CY.jpg","width":330,"height":220},{"@type":"BreadcrumbList","@id":"https:\/\/www.maprofar.com\/tienda\/producto\/toner-compatible-konica-minolta-bizhub-c452-c552-c652-cyan-reemplaza-a0tm450-tn613c\/#breadcrumb","itemListElement":[{"@type":"ListItem","position":1,"name":"Portada","item":"https:\/\/www.maprofar.com\/tienda\/"},{"@type":"ListItem","position":2,"name":"Inicio","item":"https:\/\/www.maprofar.com\/tienda\/"},{"@type":"ListItem","position":3,"name":"Toner Compatible Konica Minolta Bizhub C452\/C552\/C652 Cyan &#8211; Reemplaza A0TM450\/TN613C"}]},{"@type":"WebSite","@id":"https:\/\/www.maprofar.com\/tienda\/#website","url":"https:\/\/www.maprofar.com\/tienda\/","name":"Maprofar - Toner Compatibles y Material de Oficina","description":"Encuentra en Maprofar tu t\u00f3ner compatible Brother y HP al mejor precio. Calidad garantizada, env\u00edo urgente 24h y asesoramiento t\u00e9cnico experto. \u00a1Vis\u00edtanos!","publisher":{"@id":"https:\/\/www.maprofar.com\/tienda\/#organization"},"alternateName":"Maprofar Inform\u00e1tica","potentialAction":[{"@type":"SearchAction","target":{"@type":"EntryPoint","urlTemplate":"https:\/\/www.maprofar.com\/tienda\/?s={search_term_string}"},"query-input":{"@type":"PropertyValueSpecification","valueRequired":true,"valueName":"search_term_string"}}],"inLanguage":"es"},{"@type":"Organization","@id":"https:\/\/www.maprofar.com\/tienda\/#organization","name":"Maprofar S.L.","url":"https:\/\/www.maprofar.com\/tienda\/","logo":{"@type":"ImageObject","inLanguage":"es","@id":"https:\/\/www.maprofar.com\/tienda\/#\/schema\/logo\/image\/","url":"https:\/\/www.maprofar.com\/tienda\/wp-content\/uploads\/2021\/05\/logo_circulo.jpg","contentUrl":"https:\/\/www.maprofar.com\/tienda\/wp-content\/uploads\/2021\/05\/logo_circulo.jpg","width":404,"height":335,"caption":"Maprofar S.L."},"image":{"@id":"https:\/\/www.maprofar.com\/tienda\/#\/schema\/logo\/image\/"},"sameAs":["https:\/\/es-es.facebook.com\/maprofar","https:\/\/www.instagram.com\/maprofar_informatica\/","https:\/\/www.pinterest.es\/maprofar\/"]}]}},"_links":{"self":[{"href":"https:\/\/www.maprofar.com\/tienda\/wp-json\/wp\/v2\/product\/1623","targetHints":{"allow":["GET"]}}],"collection":[{"href":"https:\/\/www.maprofar.com\/tienda\/wp-json\/wp\/v2\/product"}],"about":[{"href":"https:\/\/www.maprofar.com\/tienda\/wp-json\/wp\/v2\/types\/product"}],"wp:featuredmedia":[{"embeddable":true,"href":"https:\/\/www.maprofar.com\/tienda\/wp-json\/wp\/v2\/media\/1624"}],"wp:attachment":[{"href":"https:\/\/www.maprofar.com\/tienda\/wp-json\/wp\/v2\/media?parent=1623"}],"wp:term":[{"taxonomy":"product_brand","embeddable":true,"href":"https:\/\/www.maprofar.com\/tienda\/wp-json\/wp\/v2\/product_brand?post=1623"},{"taxonomy":"product_cat","embeddable":true,"href":"https:\/\/www.maprofar.com\/tienda\/wp-json\/wp\/v2\/product_cat?post=1623"},{"taxonomy":"product_tag","embeddable":true,"href":"https:\/\/www.maprofar.com\/tienda\/wp-json\/wp\/v2\/product_tag?post=1623"}],"curies":[{"name":"wp","href":"https:\/\/api.w.org\/{rel}","templated":true}]}}