{"id":2481,"date":"2021-02-25T18:54:00","date_gmt":"2021-02-25T16:54:00","guid":{"rendered":"https:\/\/www.maprofar.com\/tienda\/?post_type=product&#038;p=2481"},"modified":"2025-06-27T19:05:48","modified_gmt":"2025-06-27T17:05:48","slug":"tambor-compatible-oki-c710-c711-es7411-es3032-amarillo-reemplaza-43913805-44318505-drum","status":"publish","type":"product","link":"https:\/\/www.maprofar.com\/tienda\/producto\/tambor-compatible-oki-c710-c711-es7411-es3032-amarillo-reemplaza-43913805-44318505-drum\/","title":{"rendered":"Tambor Compatible OKI C710\/C711\/ES7411\/ES3032 Amarillo &#8211; Reemplaza 43913805\/44318505 (Drum)"},"content":{"rendered":"<p>Tambor de imagen gen\u00e9rico OKI C710\/C711\/ES7411\/ES3032 (43913805\/44318505) de alta calidad.<\/p>\n<p>Compatibilidades:<\/p>\n<p>C 710 \u2013 C 711 \u2013 C 711DN \u2013 C 711DTN \u2013 C 711N<\/p>\n<p>Executive ES3032 \u2013 Executive ES7411.<\/p>\n<p><span style=\"color: #999999;\">Comprar Tambor Compatible OKI C710\/C711\/ES7411\/ES3032 Amarillo &#8211; Reemplaza 43913805\/44318505 (Drum)<\/span><\/p>\n","protected":false},"excerpt":{"rendered":"<p class=\"titulo_subseccion_da\">CARACTER\u00cdSTICAS<\/p>\n<div class=\"listado_caracteristicas_da\"><span class=\"linea_datos_da\">\u2022 Para uso en:\u00a0<span class=\"gris_400\" title=\"Oki\">Oki<\/span><\/span><\/div>\n<div class=\"listado_caracteristicas_da\"><span class=\"linea_datos_da\" title=\"Amarillo\">\u2022 Color:\u00a0<span class=\"gris_400\">Amarillo<\/span><\/span><\/div>\n<div class=\"listado_caracteristicas_da\"><span class=\"linea_datos_da\" title=\"Remanufacturado\">\u2022 Fabricante:\u00a0<span class=\"gris_400\">Remanufacturado<\/span><\/span><\/div>\n<div class=\"listado_caracteristicas_da\"><span class=\"linea_datos_da\" title=\"Toner (Laser)\">\u2022 Tipo:\u00a0<span class=\"gris_400\">T\u00f3ner (Laser)<\/span><\/span><\/div>\n<div class=\"listado_caracteristicas_da\"><span class=\"linea_datos_da\" title=\"20.000 P\u00e1ginas\">\u2022 Capacidad:\u00a0<span class=\"gris_400\">20.000 P\u00e1ginas<\/span><\/span><\/div>\n<div class=\"listado_caracteristicas_da\"><span class=\"linea_datos_da\" title=\"OKT-DRC711YL\">\u2022 Ref:\u00a0<span class=\"gris_400\">OKT-DRC711YL<\/span><\/span><\/div>\n","protected":false},"featured_media":2482,"template":"","meta":[],"product_brand":[],"product_cat":[69],"product_tag":[283,284,285,286,241,251],"class_list":{"0":"post-2481","1":"product","2":"type-product","3":"status-publish","4":"has-post-thumbnail","6":"product_cat-toner-compatibles-oki","7":"product_tag-cartucho-de-toner-compatible-oki","8":"product_tag-cartucho-de-toner-generico-oki","9":"product_tag-toner-compatible-oki","10":"product_tag-toner-generico-oki","11":"product_tag-toner-oki-compatible","12":"product_tag-toner-oki-generico","14":"first","15":"instock","16":"taxable","17":"shipping-taxable","18":"purchasable","19":"product-type-simple"},"yoast_head":"<!-- This site is optimized with the Yoast SEO Premium plugin v22.3 (Yoast SEO v27.4) - https:\/\/yoast.com\/product\/yoast-seo-premium-wordpress\/ -->\n<title>Tambor Compatible OKI C710\/C711\/ES7411\/ES3032 Amarillo - 43913805\/44318505<\/title>\n<meta name=\"description\" content=\"Tambor Compatible OKI C710\/C711\/ES7411\/ES3032 Amarillo - Reemplaza 43913805\/44318505 (Drum)\" \/>\n<meta name=\"robots\" content=\"index, follow, max-snippet:-1, max-image-preview:large, max-video-preview:-1\" \/>\n<link rel=\"canonical\" href=\"https:\/\/www.maprofar.com\/tienda\/producto\/tambor-compatible-oki-c710-c711-es7411-es3032-amarillo-reemplaza-43913805-44318505-drum\/\" \/>\n<meta property=\"og:locale\" content=\"es_ES\" \/>\n<meta property=\"og:type\" content=\"article\" \/>\n<meta property=\"og:title\" content=\"Tambor Compatible OKI C710\/C711\/ES7411\/ES3032 Amarillo - Reemplaza 43913805\/44318505 (Drum) - Maprofar | T\u00f3ner Compatible Brother, HP y Soluciones de Impresi\u00f3n 3D\" \/>\n<meta property=\"og:description\" content=\"En Maprofar encontrar\u00e1s t\u00f3ner compatibles de calidad y material de oficina al mejor precio. Ahorra sin sacrificar rendimiento. \u00a1Aprovecha nuestras ofertas y descuentos!\" \/>\n<meta property=\"og:url\" content=\"https:\/\/www.maprofar.com\/tienda\/producto\/tambor-compatible-oki-c710-c711-es7411-es3032-amarillo-reemplaza-43913805-44318505-drum\/\" \/>\n<meta property=\"og:site_name\" content=\"Maprofar | T\u00f3ner Compatible Brother, HP y Soluciones de Impresi\u00f3n 3D\" \/>\n<meta property=\"article:publisher\" content=\"https:\/\/es-es.facebook.com\/maprofar\" \/>\n<meta property=\"article:modified_time\" content=\"2025-06-27T17:05:48+00:00\" \/>\n<meta property=\"og:image\" content=\"https:\/\/www.maprofar.com\/tienda\/wp-content\/uploads\/2021\/02\/OKT-DRC711YL.jpg\" \/>\n\t<meta property=\"og:image:width\" content=\"330\" \/>\n\t<meta property=\"og:image:height\" content=\"220\" \/>\n\t<meta property=\"og:image:type\" content=\"image\/jpeg\" \/>\n<meta name=\"twitter:card\" content=\"summary_large_image\" \/>\n<script type=\"application\/ld+json\" class=\"yoast-schema-graph\">{\"@context\":\"https:\\\/\\\/schema.org\",\"@graph\":[{\"@type\":\"WebPage\",\"@id\":\"https:\\\/\\\/www.maprofar.com\\\/tienda\\\/producto\\\/tambor-compatible-oki-c710-c711-es7411-es3032-amarillo-reemplaza-43913805-44318505-drum\\\/\",\"url\":\"https:\\\/\\\/www.maprofar.com\\\/tienda\\\/producto\\\/tambor-compatible-oki-c710-c711-es7411-es3032-amarillo-reemplaza-43913805-44318505-drum\\\/\",\"name\":\"Tambor Compatible OKI C710\\\/C711\\\/ES7411\\\/ES3032 Amarillo - 43913805\\\/44318505\",\"isPartOf\":{\"@id\":\"https:\\\/\\\/www.maprofar.com\\\/tienda\\\/#website\"},\"primaryImageOfPage\":{\"@id\":\"https:\\\/\\\/www.maprofar.com\\\/tienda\\\/producto\\\/tambor-compatible-oki-c710-c711-es7411-es3032-amarillo-reemplaza-43913805-44318505-drum\\\/#primaryimage\"},\"image\":{\"@id\":\"https:\\\/\\\/www.maprofar.com\\\/tienda\\\/producto\\\/tambor-compatible-oki-c710-c711-es7411-es3032-amarillo-reemplaza-43913805-44318505-drum\\\/#primaryimage\"},\"thumbnailUrl\":\"https:\\\/\\\/www.maprofar.com\\\/tienda\\\/wp-content\\\/uploads\\\/2021\\\/02\\\/OKT-DRC711YL.jpg\",\"datePublished\":\"2021-02-25T16:54:00+00:00\",\"dateModified\":\"2025-06-27T17:05:48+00:00\",\"description\":\"Tambor Compatible OKI C710\\\/C711\\\/ES7411\\\/ES3032 Amarillo - Reemplaza 43913805\\\/44318505 (Drum)\",\"breadcrumb\":{\"@id\":\"https:\\\/\\\/www.maprofar.com\\\/tienda\\\/producto\\\/tambor-compatible-oki-c710-c711-es7411-es3032-amarillo-reemplaza-43913805-44318505-drum\\\/#breadcrumb\"},\"inLanguage\":\"es\",\"potentialAction\":[{\"@type\":\"ReadAction\",\"target\":[\"https:\\\/\\\/www.maprofar.com\\\/tienda\\\/producto\\\/tambor-compatible-oki-c710-c711-es7411-es3032-amarillo-reemplaza-43913805-44318505-drum\\\/\"]}]},{\"@type\":\"ImageObject\",\"inLanguage\":\"es\",\"@id\":\"https:\\\/\\\/www.maprofar.com\\\/tienda\\\/producto\\\/tambor-compatible-oki-c710-c711-es7411-es3032-amarillo-reemplaza-43913805-44318505-drum\\\/#primaryimage\",\"url\":\"https:\\\/\\\/www.maprofar.com\\\/tienda\\\/wp-content\\\/uploads\\\/2021\\\/02\\\/OKT-DRC711YL.jpg\",\"contentUrl\":\"https:\\\/\\\/www.maprofar.com\\\/tienda\\\/wp-content\\\/uploads\\\/2021\\\/02\\\/OKT-DRC711YL.jpg\",\"width\":330,\"height\":220},{\"@type\":\"BreadcrumbList\",\"@id\":\"https:\\\/\\\/www.maprofar.com\\\/tienda\\\/producto\\\/tambor-compatible-oki-c710-c711-es7411-es3032-amarillo-reemplaza-43913805-44318505-drum\\\/#breadcrumb\",\"itemListElement\":[{\"@type\":\"ListItem\",\"position\":1,\"name\":\"Portada\",\"item\":\"https:\\\/\\\/www.maprofar.com\\\/tienda\\\/\"},{\"@type\":\"ListItem\",\"position\":2,\"name\":\"Inicio\",\"item\":\"https:\\\/\\\/www.maprofar.com\\\/tienda\\\/\"},{\"@type\":\"ListItem\",\"position\":3,\"name\":\"Tambor Compatible OKI C710\\\/C711\\\/ES7411\\\/ES3032 Amarillo &#8211; Reemplaza 43913805\\\/44318505 (Drum)\"}]},{\"@type\":\"WebSite\",\"@id\":\"https:\\\/\\\/www.maprofar.com\\\/tienda\\\/#website\",\"url\":\"https:\\\/\\\/www.maprofar.com\\\/tienda\\\/\",\"name\":\"Maprofar - Toner Compatibles y Material de Oficina\",\"description\":\"Encuentra en Maprofar tu t\u00f3ner compatible Brother y HP al mejor precio. Calidad garantizada, env\u00edo urgente 24h y asesoramiento t\u00e9cnico experto. \u00a1Vis\u00edtanos!\",\"publisher\":{\"@id\":\"https:\\\/\\\/www.maprofar.com\\\/tienda\\\/#organization\"},\"alternateName\":\"Maprofar Inform\u00e1tica\",\"potentialAction\":[{\"@type\":\"SearchAction\",\"target\":{\"@type\":\"EntryPoint\",\"urlTemplate\":\"https:\\\/\\\/www.maprofar.com\\\/tienda\\\/?s={search_term_string}\"},\"query-input\":{\"@type\":\"PropertyValueSpecification\",\"valueRequired\":true,\"valueName\":\"search_term_string\"}}],\"inLanguage\":\"es\"},{\"@type\":\"Organization\",\"@id\":\"https:\\\/\\\/www.maprofar.com\\\/tienda\\\/#organization\",\"name\":\"Maprofar S.L.\",\"url\":\"https:\\\/\\\/www.maprofar.com\\\/tienda\\\/\",\"logo\":{\"@type\":\"ImageObject\",\"inLanguage\":\"es\",\"@id\":\"https:\\\/\\\/www.maprofar.com\\\/tienda\\\/#\\\/schema\\\/logo\\\/image\\\/\",\"url\":\"https:\\\/\\\/www.maprofar.com\\\/tienda\\\/wp-content\\\/uploads\\\/2021\\\/05\\\/logo_circulo.jpg\",\"contentUrl\":\"https:\\\/\\\/www.maprofar.com\\\/tienda\\\/wp-content\\\/uploads\\\/2021\\\/05\\\/logo_circulo.jpg\",\"width\":404,\"height\":335,\"caption\":\"Maprofar S.L.\"},\"image\":{\"@id\":\"https:\\\/\\\/www.maprofar.com\\\/tienda\\\/#\\\/schema\\\/logo\\\/image\\\/\"},\"sameAs\":[\"https:\\\/\\\/es-es.facebook.com\\\/maprofar\",\"https:\\\/\\\/www.instagram.com\\\/maprofar_informatica\\\/\",\"https:\\\/\\\/www.pinterest.es\\\/maprofar\\\/\"]}]}<\/script>\n<!-- \/ Yoast SEO Premium plugin. -->","yoast_head_json":{"title":"Tambor Compatible OKI C710\/C711\/ES7411\/ES3032 Amarillo - 43913805\/44318505","description":"Tambor Compatible OKI C710\/C711\/ES7411\/ES3032 Amarillo - Reemplaza 43913805\/44318505 (Drum)","robots":{"index":"index","follow":"follow","max-snippet":"max-snippet:-1","max-image-preview":"max-image-preview:large","max-video-preview":"max-video-preview:-1"},"canonical":"https:\/\/www.maprofar.com\/tienda\/producto\/tambor-compatible-oki-c710-c711-es7411-es3032-amarillo-reemplaza-43913805-44318505-drum\/","og_locale":"es_ES","og_type":"article","og_title":"Tambor Compatible OKI C710\/C711\/ES7411\/ES3032 Amarillo - Reemplaza 43913805\/44318505 (Drum) - Maprofar | T\u00f3ner Compatible Brother, HP y Soluciones de Impresi\u00f3n 3D","og_description":"En Maprofar encontrar\u00e1s t\u00f3ner compatibles de calidad y material de oficina al mejor precio. Ahorra sin sacrificar rendimiento. \u00a1Aprovecha nuestras ofertas y descuentos!","og_url":"https:\/\/www.maprofar.com\/tienda\/producto\/tambor-compatible-oki-c710-c711-es7411-es3032-amarillo-reemplaza-43913805-44318505-drum\/","og_site_name":"Maprofar | T\u00f3ner Compatible Brother, HP y Soluciones de Impresi\u00f3n 3D","article_publisher":"https:\/\/es-es.facebook.com\/maprofar","article_modified_time":"2025-06-27T17:05:48+00:00","og_image":[{"width":330,"height":220,"url":"https:\/\/www.maprofar.com\/tienda\/wp-content\/uploads\/2021\/02\/OKT-DRC711YL.jpg","type":"image\/jpeg"}],"twitter_card":"summary_large_image","schema":{"@context":"https:\/\/schema.org","@graph":[{"@type":"WebPage","@id":"https:\/\/www.maprofar.com\/tienda\/producto\/tambor-compatible-oki-c710-c711-es7411-es3032-amarillo-reemplaza-43913805-44318505-drum\/","url":"https:\/\/www.maprofar.com\/tienda\/producto\/tambor-compatible-oki-c710-c711-es7411-es3032-amarillo-reemplaza-43913805-44318505-drum\/","name":"Tambor Compatible OKI C710\/C711\/ES7411\/ES3032 Amarillo - 43913805\/44318505","isPartOf":{"@id":"https:\/\/www.maprofar.com\/tienda\/#website"},"primaryImageOfPage":{"@id":"https:\/\/www.maprofar.com\/tienda\/producto\/tambor-compatible-oki-c710-c711-es7411-es3032-amarillo-reemplaza-43913805-44318505-drum\/#primaryimage"},"image":{"@id":"https:\/\/www.maprofar.com\/tienda\/producto\/tambor-compatible-oki-c710-c711-es7411-es3032-amarillo-reemplaza-43913805-44318505-drum\/#primaryimage"},"thumbnailUrl":"https:\/\/www.maprofar.com\/tienda\/wp-content\/uploads\/2021\/02\/OKT-DRC711YL.jpg","datePublished":"2021-02-25T16:54:00+00:00","dateModified":"2025-06-27T17:05:48+00:00","description":"Tambor Compatible OKI C710\/C711\/ES7411\/ES3032 Amarillo - Reemplaza 43913805\/44318505 (Drum)","breadcrumb":{"@id":"https:\/\/www.maprofar.com\/tienda\/producto\/tambor-compatible-oki-c710-c711-es7411-es3032-amarillo-reemplaza-43913805-44318505-drum\/#breadcrumb"},"inLanguage":"es","potentialAction":[{"@type":"ReadAction","target":["https:\/\/www.maprofar.com\/tienda\/producto\/tambor-compatible-oki-c710-c711-es7411-es3032-amarillo-reemplaza-43913805-44318505-drum\/"]}]},{"@type":"ImageObject","inLanguage":"es","@id":"https:\/\/www.maprofar.com\/tienda\/producto\/tambor-compatible-oki-c710-c711-es7411-es3032-amarillo-reemplaza-43913805-44318505-drum\/#primaryimage","url":"https:\/\/www.maprofar.com\/tienda\/wp-content\/uploads\/2021\/02\/OKT-DRC711YL.jpg","contentUrl":"https:\/\/www.maprofar.com\/tienda\/wp-content\/uploads\/2021\/02\/OKT-DRC711YL.jpg","width":330,"height":220},{"@type":"BreadcrumbList","@id":"https:\/\/www.maprofar.com\/tienda\/producto\/tambor-compatible-oki-c710-c711-es7411-es3032-amarillo-reemplaza-43913805-44318505-drum\/#breadcrumb","itemListElement":[{"@type":"ListItem","position":1,"name":"Portada","item":"https:\/\/www.maprofar.com\/tienda\/"},{"@type":"ListItem","position":2,"name":"Inicio","item":"https:\/\/www.maprofar.com\/tienda\/"},{"@type":"ListItem","position":3,"name":"Tambor Compatible OKI C710\/C711\/ES7411\/ES3032 Amarillo &#8211; Reemplaza 43913805\/44318505 (Drum)"}]},{"@type":"WebSite","@id":"https:\/\/www.maprofar.com\/tienda\/#website","url":"https:\/\/www.maprofar.com\/tienda\/","name":"Maprofar - Toner Compatibles y Material de Oficina","description":"Encuentra en Maprofar tu t\u00f3ner compatible Brother y HP al mejor precio. Calidad garantizada, env\u00edo urgente 24h y asesoramiento t\u00e9cnico experto. \u00a1Vis\u00edtanos!","publisher":{"@id":"https:\/\/www.maprofar.com\/tienda\/#organization"},"alternateName":"Maprofar Inform\u00e1tica","potentialAction":[{"@type":"SearchAction","target":{"@type":"EntryPoint","urlTemplate":"https:\/\/www.maprofar.com\/tienda\/?s={search_term_string}"},"query-input":{"@type":"PropertyValueSpecification","valueRequired":true,"valueName":"search_term_string"}}],"inLanguage":"es"},{"@type":"Organization","@id":"https:\/\/www.maprofar.com\/tienda\/#organization","name":"Maprofar S.L.","url":"https:\/\/www.maprofar.com\/tienda\/","logo":{"@type":"ImageObject","inLanguage":"es","@id":"https:\/\/www.maprofar.com\/tienda\/#\/schema\/logo\/image\/","url":"https:\/\/www.maprofar.com\/tienda\/wp-content\/uploads\/2021\/05\/logo_circulo.jpg","contentUrl":"https:\/\/www.maprofar.com\/tienda\/wp-content\/uploads\/2021\/05\/logo_circulo.jpg","width":404,"height":335,"caption":"Maprofar S.L."},"image":{"@id":"https:\/\/www.maprofar.com\/tienda\/#\/schema\/logo\/image\/"},"sameAs":["https:\/\/es-es.facebook.com\/maprofar","https:\/\/www.instagram.com\/maprofar_informatica\/","https:\/\/www.pinterest.es\/maprofar\/"]}]}},"_links":{"self":[{"href":"https:\/\/www.maprofar.com\/tienda\/wp-json\/wp\/v2\/product\/2481","targetHints":{"allow":["GET"]}}],"collection":[{"href":"https:\/\/www.maprofar.com\/tienda\/wp-json\/wp\/v2\/product"}],"about":[{"href":"https:\/\/www.maprofar.com\/tienda\/wp-json\/wp\/v2\/types\/product"}],"wp:featuredmedia":[{"embeddable":true,"href":"https:\/\/www.maprofar.com\/tienda\/wp-json\/wp\/v2\/media\/2482"}],"wp:attachment":[{"href":"https:\/\/www.maprofar.com\/tienda\/wp-json\/wp\/v2\/media?parent=2481"}],"wp:term":[{"taxonomy":"product_brand","embeddable":true,"href":"https:\/\/www.maprofar.com\/tienda\/wp-json\/wp\/v2\/product_brand?post=2481"},{"taxonomy":"product_cat","embeddable":true,"href":"https:\/\/www.maprofar.com\/tienda\/wp-json\/wp\/v2\/product_cat?post=2481"},{"taxonomy":"product_tag","embeddable":true,"href":"https:\/\/www.maprofar.com\/tienda\/wp-json\/wp\/v2\/product_tag?post=2481"}],"curies":[{"name":"wp","href":"https:\/\/api.w.org\/{rel}","templated":true}]}}