{"id":2795,"date":"2021-03-04T16:47:29","date_gmt":"2021-03-04T14:47:29","guid":{"rendered":"https:\/\/www.maprofar.com\/tienda\/?post_type=product&#038;p=2795"},"modified":"2026-02-23T10:35:30","modified_gmt":"2026-02-23T09:35:30","slug":"toner-compatible-lexmark-e230-e240-e330-negro-reemplaza-24016se-24040sw-24018sl-34080he-34040hw-34016he","status":"publish","type":"product","link":"https:\/\/www.maprofar.com\/tienda\/producto\/toner-compatible-lexmark-e230-e240-e330-negro-reemplaza-24016se-24040sw-24018sl-34080he-34040hw-34016he\/","title":{"rendered":"Toner Compatible Lexmark E230\/E240\/E330 Negro &#8211; Reemplaza 24016SE\/24040SW\/24018SL\/34080HE\/34040HW\/34016HE"},"content":{"rendered":"<p>Cartucho de t\u00f3ner gen\u00e9rico Lexmark E230\/E240\/E330 (24016SE\/24040SW\/24018SL\/34080HE\/34040HW\/34016HE) de alta calidad.<\/p>\n<p>Compatibilidades:<\/p>\n<p>E 230 &#8211; E 232 &#8211; E 232T &#8211; E 234 &#8211; E 238 &#8211; E 240 &#8211; E 240N &#8211; E 242 &#8211; E 330 &#8211; E 332 &#8211; E 332N &#8211; E 332TN &#8211; E 340 &#8211; E 342 &#8211; E 342N &#8211; E 342TN<\/p>\n<p>Optra E230 &#8211; Optra E232 &#8211; Optra E232T &#8211; Optra E234 &#8211; Optra E238 &#8211; Optra E240 &#8211; Optra E240N &#8211; Optra E242 &#8211; Optra E330 &#8211; Optra E332 &#8211; Optra E332N &#8211; Optra E332TN &#8211; Optra E340 &#8211; Optra E342 &#8211; Optra E342N &#8211; Optra E342TN.<\/p>\n<p><span style=\"color: #999999;\">Comprar Toner Compatible Lexmark E230\/E240\/E330 Negro &#8211; Reemplaza 24016SE\/24040SW\/24018SL\/34080HE\/34040HW\/34016HE<\/span><\/p>\n","protected":false},"excerpt":{"rendered":"<p class=\"titulo_subseccion_da\">CARACTER\u00cdSTICAS<\/p>\n<div class=\"listado_caracteristicas_da\"><span class=\"linea_datos_da\">\u2022 Para uso en:\u00a0<span class=\"gris_400\" title=\"Lexmark\">Lexmark<\/span><\/span><\/div>\n<div class=\"listado_caracteristicas_da\"><span class=\"linea_datos_da\" title=\"Negro\">\u2022 Color:\u00a0<span class=\"gris_400\">Negro<\/span><\/span><\/div>\n<div class=\"listado_caracteristicas_da\"><span class=\"linea_datos_da\" title=\"Gen\u00e9rico\">\u2022 Fabricante:\u00a0<span class=\"gris_400\">Gen\u00e9rico<\/span><\/span><\/div>\n<div class=\"listado_caracteristicas_da\"><span class=\"linea_datos_da\" title=\"Toner (Laser)\">\u2022 Tipo:\u00a0<span class=\"gris_400\">T\u00f3ner (Laser)<\/span><\/span><\/div>\n<div class=\"listado_caracteristicas_da\"><span class=\"linea_datos_da\" title=\"6.000 P\u00e1ginas\">\u2022 Capacidad:\u00a0<span class=\"gris_400\">6.000 P\u00e1ginas<\/span><\/span><\/div>\n<div class=\"listado_caracteristicas_da\"><span class=\"linea_datos_da\" title=\"\" aria-describedby=\"ui-id-16\">\u2022 Ref:\u00a0<span class=\"gris_400\">LXT-E230<\/span><\/span><\/div>\n","protected":false},"featured_media":2796,"template":"","meta":[],"product_brand":[],"product_cat":[108],"product_tag":[279,280,281,282,240,252],"class_list":{"0":"post-2795","1":"product","2":"type-product","3":"status-publish","4":"has-post-thumbnail","6":"product_cat-toner-compatibles-lexmark","7":"product_tag-cartucho-de-toner-compatible-lexmark","8":"product_tag-cartucho-de-toner-generico-lexmark","9":"product_tag-toner-compatible-lexmark","10":"product_tag-toner-generico-lexmark","11":"product_tag-toner-lexmark-compatible","12":"product_tag-toner-lexmark-generico","14":"first","15":"instock","16":"taxable","17":"shipping-taxable","18":"purchasable","19":"product-type-simple"},"yoast_head":"<!-- This site is optimized with the Yoast SEO Premium plugin v22.3 (Yoast SEO v27.4) - https:\/\/yoast.com\/product\/yoast-seo-premium-wordpress\/ -->\n<title>Toner Compatible Lexmark E230\/E240\/E330 Negro<\/title>\n<meta name=\"description\" content=\"Toner Compatible Lexmark E230\/E240\/E330 Negro - Reemplaza 24016SE\/24040SW\/24018SL\/34080HE\/34040HW\/34016HE\" \/>\n<meta name=\"robots\" content=\"index, follow, max-snippet:-1, max-image-preview:large, max-video-preview:-1\" \/>\n<link rel=\"canonical\" href=\"https:\/\/www.maprofar.com\/tienda\/producto\/toner-compatible-lexmark-e230-e240-e330-negro-reemplaza-24016se-24040sw-24018sl-34080he-34040hw-34016he\/\" \/>\n<meta property=\"og:locale\" content=\"es_ES\" \/>\n<meta property=\"og:type\" content=\"article\" \/>\n<meta property=\"og:title\" content=\"Toner Compatible Lexmark E230\/E240\/E330 Negro - Reemplaza 24016SE\/24040SW\/24018SL\/34080HE\/34040HW\/34016HE - Maprofar | T\u00f3ner Compatible Brother, HP y Soluciones de Impresi\u00f3n 3D\" \/>\n<meta property=\"og:description\" content=\"En Maprofar encontrar\u00e1s t\u00f3ner compatibles de calidad y material de oficina al mejor precio. Ahorra sin sacrificar rendimiento. \u00a1Aprovecha nuestras ofertas y descuentos!\" \/>\n<meta property=\"og:url\" content=\"https:\/\/www.maprofar.com\/tienda\/producto\/toner-compatible-lexmark-e230-e240-e330-negro-reemplaza-24016se-24040sw-24018sl-34080he-34040hw-34016he\/\" \/>\n<meta property=\"og:site_name\" content=\"Maprofar | T\u00f3ner Compatible Brother, HP y Soluciones de Impresi\u00f3n 3D\" \/>\n<meta property=\"article:publisher\" content=\"https:\/\/es-es.facebook.com\/maprofar\" \/>\n<meta property=\"article:modified_time\" content=\"2026-02-23T09:35:30+00:00\" \/>\n<meta property=\"og:image\" content=\"https:\/\/www.maprofar.com\/tienda\/wp-content\/uploads\/2021\/03\/LXT-E230.jpg\" \/>\n\t<meta property=\"og:image:width\" content=\"500\" \/>\n\t<meta property=\"og:image:height\" content=\"500\" \/>\n\t<meta property=\"og:image:type\" content=\"image\/jpeg\" \/>\n<meta name=\"twitter:card\" content=\"summary_large_image\" \/>\n<meta name=\"twitter:label1\" content=\"Tiempo de lectura\" \/>\n\t<meta name=\"twitter:data1\" content=\"1 minuto\" \/>\n<script type=\"application\/ld+json\" class=\"yoast-schema-graph\">{\"@context\":\"https:\\\/\\\/schema.org\",\"@graph\":[{\"@type\":\"WebPage\",\"@id\":\"https:\\\/\\\/www.maprofar.com\\\/tienda\\\/producto\\\/toner-compatible-lexmark-e230-e240-e330-negro-reemplaza-24016se-24040sw-24018sl-34080he-34040hw-34016he\\\/\",\"url\":\"https:\\\/\\\/www.maprofar.com\\\/tienda\\\/producto\\\/toner-compatible-lexmark-e230-e240-e330-negro-reemplaza-24016se-24040sw-24018sl-34080he-34040hw-34016he\\\/\",\"name\":\"Toner Compatible Lexmark E230\\\/E240\\\/E330 Negro\",\"isPartOf\":{\"@id\":\"https:\\\/\\\/www.maprofar.com\\\/tienda\\\/#website\"},\"primaryImageOfPage\":{\"@id\":\"https:\\\/\\\/www.maprofar.com\\\/tienda\\\/producto\\\/toner-compatible-lexmark-e230-e240-e330-negro-reemplaza-24016se-24040sw-24018sl-34080he-34040hw-34016he\\\/#primaryimage\"},\"image\":{\"@id\":\"https:\\\/\\\/www.maprofar.com\\\/tienda\\\/producto\\\/toner-compatible-lexmark-e230-e240-e330-negro-reemplaza-24016se-24040sw-24018sl-34080he-34040hw-34016he\\\/#primaryimage\"},\"thumbnailUrl\":\"https:\\\/\\\/www.maprofar.com\\\/tienda\\\/wp-content\\\/uploads\\\/2021\\\/03\\\/LXT-E230.jpg\",\"datePublished\":\"2021-03-04T14:47:29+00:00\",\"dateModified\":\"2026-02-23T09:35:30+00:00\",\"description\":\"Toner Compatible Lexmark E230\\\/E240\\\/E330 Negro - Reemplaza 24016SE\\\/24040SW\\\/24018SL\\\/34080HE\\\/34040HW\\\/34016HE\",\"breadcrumb\":{\"@id\":\"https:\\\/\\\/www.maprofar.com\\\/tienda\\\/producto\\\/toner-compatible-lexmark-e230-e240-e330-negro-reemplaza-24016se-24040sw-24018sl-34080he-34040hw-34016he\\\/#breadcrumb\"},\"inLanguage\":\"es\",\"potentialAction\":[{\"@type\":\"ReadAction\",\"target\":[\"https:\\\/\\\/www.maprofar.com\\\/tienda\\\/producto\\\/toner-compatible-lexmark-e230-e240-e330-negro-reemplaza-24016se-24040sw-24018sl-34080he-34040hw-34016he\\\/\"]}]},{\"@type\":\"ImageObject\",\"inLanguage\":\"es\",\"@id\":\"https:\\\/\\\/www.maprofar.com\\\/tienda\\\/producto\\\/toner-compatible-lexmark-e230-e240-e330-negro-reemplaza-24016se-24040sw-24018sl-34080he-34040hw-34016he\\\/#primaryimage\",\"url\":\"https:\\\/\\\/www.maprofar.com\\\/tienda\\\/wp-content\\\/uploads\\\/2021\\\/03\\\/LXT-E230.jpg\",\"contentUrl\":\"https:\\\/\\\/www.maprofar.com\\\/tienda\\\/wp-content\\\/uploads\\\/2021\\\/03\\\/LXT-E230.jpg\",\"width\":500,\"height\":500},{\"@type\":\"BreadcrumbList\",\"@id\":\"https:\\\/\\\/www.maprofar.com\\\/tienda\\\/producto\\\/toner-compatible-lexmark-e230-e240-e330-negro-reemplaza-24016se-24040sw-24018sl-34080he-34040hw-34016he\\\/#breadcrumb\",\"itemListElement\":[{\"@type\":\"ListItem\",\"position\":1,\"name\":\"Portada\",\"item\":\"https:\\\/\\\/www.maprofar.com\\\/tienda\\\/\"},{\"@type\":\"ListItem\",\"position\":2,\"name\":\"Inicio\",\"item\":\"https:\\\/\\\/www.maprofar.com\\\/tienda\\\/\"},{\"@type\":\"ListItem\",\"position\":3,\"name\":\"Toner Compatible Lexmark E230\\\/E240\\\/E330 Negro &#8211; Reemplaza 24016SE\\\/24040SW\\\/24018SL\\\/34080HE\\\/34040HW\\\/34016HE\"}]},{\"@type\":\"WebSite\",\"@id\":\"https:\\\/\\\/www.maprofar.com\\\/tienda\\\/#website\",\"url\":\"https:\\\/\\\/www.maprofar.com\\\/tienda\\\/\",\"name\":\"Maprofar - Toner Compatibles y Material de Oficina\",\"description\":\"Encuentra en Maprofar tu t\u00f3ner compatible Brother y HP al mejor precio. Calidad garantizada, env\u00edo urgente 24h y asesoramiento t\u00e9cnico experto. \u00a1Vis\u00edtanos!\",\"publisher\":{\"@id\":\"https:\\\/\\\/www.maprofar.com\\\/tienda\\\/#organization\"},\"alternateName\":\"Maprofar Inform\u00e1tica\",\"potentialAction\":[{\"@type\":\"SearchAction\",\"target\":{\"@type\":\"EntryPoint\",\"urlTemplate\":\"https:\\\/\\\/www.maprofar.com\\\/tienda\\\/?s={search_term_string}\"},\"query-input\":{\"@type\":\"PropertyValueSpecification\",\"valueRequired\":true,\"valueName\":\"search_term_string\"}}],\"inLanguage\":\"es\"},{\"@type\":\"Organization\",\"@id\":\"https:\\\/\\\/www.maprofar.com\\\/tienda\\\/#organization\",\"name\":\"Maprofar S.L.\",\"url\":\"https:\\\/\\\/www.maprofar.com\\\/tienda\\\/\",\"logo\":{\"@type\":\"ImageObject\",\"inLanguage\":\"es\",\"@id\":\"https:\\\/\\\/www.maprofar.com\\\/tienda\\\/#\\\/schema\\\/logo\\\/image\\\/\",\"url\":\"https:\\\/\\\/www.maprofar.com\\\/tienda\\\/wp-content\\\/uploads\\\/2021\\\/05\\\/logo_circulo.jpg\",\"contentUrl\":\"https:\\\/\\\/www.maprofar.com\\\/tienda\\\/wp-content\\\/uploads\\\/2021\\\/05\\\/logo_circulo.jpg\",\"width\":404,\"height\":335,\"caption\":\"Maprofar S.L.\"},\"image\":{\"@id\":\"https:\\\/\\\/www.maprofar.com\\\/tienda\\\/#\\\/schema\\\/logo\\\/image\\\/\"},\"sameAs\":[\"https:\\\/\\\/es-es.facebook.com\\\/maprofar\",\"https:\\\/\\\/www.instagram.com\\\/maprofar_informatica\\\/\",\"https:\\\/\\\/www.pinterest.es\\\/maprofar\\\/\"]}]}<\/script>\n<!-- \/ Yoast SEO Premium plugin. -->","yoast_head_json":{"title":"Toner Compatible Lexmark E230\/E240\/E330 Negro","description":"Toner Compatible Lexmark E230\/E240\/E330 Negro - Reemplaza 24016SE\/24040SW\/24018SL\/34080HE\/34040HW\/34016HE","robots":{"index":"index","follow":"follow","max-snippet":"max-snippet:-1","max-image-preview":"max-image-preview:large","max-video-preview":"max-video-preview:-1"},"canonical":"https:\/\/www.maprofar.com\/tienda\/producto\/toner-compatible-lexmark-e230-e240-e330-negro-reemplaza-24016se-24040sw-24018sl-34080he-34040hw-34016he\/","og_locale":"es_ES","og_type":"article","og_title":"Toner Compatible Lexmark E230\/E240\/E330 Negro - Reemplaza 24016SE\/24040SW\/24018SL\/34080HE\/34040HW\/34016HE - Maprofar | T\u00f3ner Compatible Brother, HP y Soluciones de Impresi\u00f3n 3D","og_description":"En Maprofar encontrar\u00e1s t\u00f3ner compatibles de calidad y material de oficina al mejor precio. Ahorra sin sacrificar rendimiento. \u00a1Aprovecha nuestras ofertas y descuentos!","og_url":"https:\/\/www.maprofar.com\/tienda\/producto\/toner-compatible-lexmark-e230-e240-e330-negro-reemplaza-24016se-24040sw-24018sl-34080he-34040hw-34016he\/","og_site_name":"Maprofar | T\u00f3ner Compatible Brother, HP y Soluciones de Impresi\u00f3n 3D","article_publisher":"https:\/\/es-es.facebook.com\/maprofar","article_modified_time":"2026-02-23T09:35:30+00:00","og_image":[{"width":500,"height":500,"url":"https:\/\/www.maprofar.com\/tienda\/wp-content\/uploads\/2021\/03\/LXT-E230.jpg","type":"image\/jpeg"}],"twitter_card":"summary_large_image","twitter_misc":{"Tiempo de lectura":"1 minuto"},"schema":{"@context":"https:\/\/schema.org","@graph":[{"@type":"WebPage","@id":"https:\/\/www.maprofar.com\/tienda\/producto\/toner-compatible-lexmark-e230-e240-e330-negro-reemplaza-24016se-24040sw-24018sl-34080he-34040hw-34016he\/","url":"https:\/\/www.maprofar.com\/tienda\/producto\/toner-compatible-lexmark-e230-e240-e330-negro-reemplaza-24016se-24040sw-24018sl-34080he-34040hw-34016he\/","name":"Toner Compatible Lexmark E230\/E240\/E330 Negro","isPartOf":{"@id":"https:\/\/www.maprofar.com\/tienda\/#website"},"primaryImageOfPage":{"@id":"https:\/\/www.maprofar.com\/tienda\/producto\/toner-compatible-lexmark-e230-e240-e330-negro-reemplaza-24016se-24040sw-24018sl-34080he-34040hw-34016he\/#primaryimage"},"image":{"@id":"https:\/\/www.maprofar.com\/tienda\/producto\/toner-compatible-lexmark-e230-e240-e330-negro-reemplaza-24016se-24040sw-24018sl-34080he-34040hw-34016he\/#primaryimage"},"thumbnailUrl":"https:\/\/www.maprofar.com\/tienda\/wp-content\/uploads\/2021\/03\/LXT-E230.jpg","datePublished":"2021-03-04T14:47:29+00:00","dateModified":"2026-02-23T09:35:30+00:00","description":"Toner Compatible Lexmark E230\/E240\/E330 Negro - Reemplaza 24016SE\/24040SW\/24018SL\/34080HE\/34040HW\/34016HE","breadcrumb":{"@id":"https:\/\/www.maprofar.com\/tienda\/producto\/toner-compatible-lexmark-e230-e240-e330-negro-reemplaza-24016se-24040sw-24018sl-34080he-34040hw-34016he\/#breadcrumb"},"inLanguage":"es","potentialAction":[{"@type":"ReadAction","target":["https:\/\/www.maprofar.com\/tienda\/producto\/toner-compatible-lexmark-e230-e240-e330-negro-reemplaza-24016se-24040sw-24018sl-34080he-34040hw-34016he\/"]}]},{"@type":"ImageObject","inLanguage":"es","@id":"https:\/\/www.maprofar.com\/tienda\/producto\/toner-compatible-lexmark-e230-e240-e330-negro-reemplaza-24016se-24040sw-24018sl-34080he-34040hw-34016he\/#primaryimage","url":"https:\/\/www.maprofar.com\/tienda\/wp-content\/uploads\/2021\/03\/LXT-E230.jpg","contentUrl":"https:\/\/www.maprofar.com\/tienda\/wp-content\/uploads\/2021\/03\/LXT-E230.jpg","width":500,"height":500},{"@type":"BreadcrumbList","@id":"https:\/\/www.maprofar.com\/tienda\/producto\/toner-compatible-lexmark-e230-e240-e330-negro-reemplaza-24016se-24040sw-24018sl-34080he-34040hw-34016he\/#breadcrumb","itemListElement":[{"@type":"ListItem","position":1,"name":"Portada","item":"https:\/\/www.maprofar.com\/tienda\/"},{"@type":"ListItem","position":2,"name":"Inicio","item":"https:\/\/www.maprofar.com\/tienda\/"},{"@type":"ListItem","position":3,"name":"Toner Compatible Lexmark E230\/E240\/E330 Negro &#8211; Reemplaza 24016SE\/24040SW\/24018SL\/34080HE\/34040HW\/34016HE"}]},{"@type":"WebSite","@id":"https:\/\/www.maprofar.com\/tienda\/#website","url":"https:\/\/www.maprofar.com\/tienda\/","name":"Maprofar - Toner Compatibles y Material de Oficina","description":"Encuentra en Maprofar tu t\u00f3ner compatible Brother y HP al mejor precio. Calidad garantizada, env\u00edo urgente 24h y asesoramiento t\u00e9cnico experto. \u00a1Vis\u00edtanos!","publisher":{"@id":"https:\/\/www.maprofar.com\/tienda\/#organization"},"alternateName":"Maprofar Inform\u00e1tica","potentialAction":[{"@type":"SearchAction","target":{"@type":"EntryPoint","urlTemplate":"https:\/\/www.maprofar.com\/tienda\/?s={search_term_string}"},"query-input":{"@type":"PropertyValueSpecification","valueRequired":true,"valueName":"search_term_string"}}],"inLanguage":"es"},{"@type":"Organization","@id":"https:\/\/www.maprofar.com\/tienda\/#organization","name":"Maprofar S.L.","url":"https:\/\/www.maprofar.com\/tienda\/","logo":{"@type":"ImageObject","inLanguage":"es","@id":"https:\/\/www.maprofar.com\/tienda\/#\/schema\/logo\/image\/","url":"https:\/\/www.maprofar.com\/tienda\/wp-content\/uploads\/2021\/05\/logo_circulo.jpg","contentUrl":"https:\/\/www.maprofar.com\/tienda\/wp-content\/uploads\/2021\/05\/logo_circulo.jpg","width":404,"height":335,"caption":"Maprofar S.L."},"image":{"@id":"https:\/\/www.maprofar.com\/tienda\/#\/schema\/logo\/image\/"},"sameAs":["https:\/\/es-es.facebook.com\/maprofar","https:\/\/www.instagram.com\/maprofar_informatica\/","https:\/\/www.pinterest.es\/maprofar\/"]}]}},"_links":{"self":[{"href":"https:\/\/www.maprofar.com\/tienda\/wp-json\/wp\/v2\/product\/2795","targetHints":{"allow":["GET"]}}],"collection":[{"href":"https:\/\/www.maprofar.com\/tienda\/wp-json\/wp\/v2\/product"}],"about":[{"href":"https:\/\/www.maprofar.com\/tienda\/wp-json\/wp\/v2\/types\/product"}],"wp:featuredmedia":[{"embeddable":true,"href":"https:\/\/www.maprofar.com\/tienda\/wp-json\/wp\/v2\/media\/2796"}],"wp:attachment":[{"href":"https:\/\/www.maprofar.com\/tienda\/wp-json\/wp\/v2\/media?parent=2795"}],"wp:term":[{"taxonomy":"product_brand","embeddable":true,"href":"https:\/\/www.maprofar.com\/tienda\/wp-json\/wp\/v2\/product_brand?post=2795"},{"taxonomy":"product_cat","embeddable":true,"href":"https:\/\/www.maprofar.com\/tienda\/wp-json\/wp\/v2\/product_cat?post=2795"},{"taxonomy":"product_tag","embeddable":true,"href":"https:\/\/www.maprofar.com\/tienda\/wp-json\/wp\/v2\/product_tag?post=2795"}],"curies":[{"name":"wp","href":"https:\/\/api.w.org\/{rel}","templated":true}]}}