{"id":3064,"date":"2021-03-11T17:28:05","date_gmt":"2021-03-11T15:28:05","guid":{"rendered":"https:\/\/www.maprofar.com\/tienda\/?post_type=product&#038;p=3064"},"modified":"2025-09-19T13:27:35","modified_gmt":"2025-09-19T11:27:35","slug":"toner-compatible-ricoh-aficio-mp-c306-mp-c307-mp-c406-amarillo-reemplaza-842098-842094","status":"publish","type":"product","link":"https:\/\/www.maprofar.com\/tienda\/producto\/toner-compatible-ricoh-aficio-mp-c306-mp-c307-mp-c406-amarillo-reemplaza-842098-842094\/","title":{"rendered":"Toner Compatible Ricoh Aficio MP-C306\/MP-C307\/MP-C406 Amarillo &#8211; Reemplaza 842098\/842094"},"content":{"rendered":"<p>Descripci\u00f3n<\/p>\n<p>Cartucho de t\u00f3ner gen\u00e9rico Ricoh Aficio MP-C306\/MP-C307\/MP-C406 (842095\/842091) de alta calidad.<\/p>\n<p>Compatibilidades:<\/p>\n<p>Aficio MP-C 306 Series \u2013 Aficio MP-C 306ZSP \u2013 Aficio MP-C 306ZSPF \u2013 Aficio MP-C 307 \u2013 Aficio MP-C 307 PageKeeper \u2013 Aficio MP-C 307 Series \u2013 Aficio MP-C 307SP \u2013 Aficio MP-C 307SPF \u2013 Aficio MP-C 406ZSPF.<\/p>\n<p><span style=\"color: #999999;\">Comprar Toner Compatible Ricoh Aficio MP-C306\/MP-C307\/MP-C406 Amarillo &#8211; Reemplaza 842098\/842094<\/span><\/p>\n","protected":false},"excerpt":{"rendered":"<p class=\"titulo_subseccion_da\">CARACTER\u00cdSTICAS<\/p>\n<div class=\"listado_caracteristicas_da\"><span class=\"linea_datos_da\">\u2022 Para uso en:\u00a0<span class=\"gris_400\" title=\"Ricoh\">Ricoh<\/span><\/span><\/div>\n<div class=\"listado_caracteristicas_da\"><span class=\"linea_datos_da\" title=\"Amarillo\">\u2022 Color:\u00a0<span class=\"gris_400\">Amarillo<\/span><\/span><\/div>\n<div class=\"listado_caracteristicas_da\"><span class=\"linea_datos_da\" title=\"Gen\u00e9rico\">\u2022 Fabricante:\u00a0<span class=\"gris_400\">Gen\u00e9rico<\/span><\/span><\/div>\n<div class=\"listado_caracteristicas_da\"><span class=\"linea_datos_da\" title=\"Toner (Laser)\">\u2022 Tipo:\u00a0<span class=\"gris_400\">T\u00f3ner (Laser)<\/span><\/span><\/div>\n<div class=\"listado_caracteristicas_da\"><span class=\"linea_datos_da\" title=\"6.000 P\u00e1ginas\">\u2022 Capacidad:\u00a0<span class=\"gris_400\">6.000 P\u00e1ginas<\/span><\/span><\/div>\n<div class=\"listado_caracteristicas_da\"><span class=\"linea_datos_da\" title=\"\" aria-describedby=\"ui-id-7\">\u2022 Ref:\u00a0<span class=\"gris_400\">RT-MPC306YL<\/span><\/span><\/div>\n","protected":false},"featured_media":3065,"template":"","meta":[],"product_brand":[],"product_cat":[109],"product_tag":[287,288,289,290,245,246],"class_list":{"0":"post-3064","1":"product","2":"type-product","3":"status-publish","4":"has-post-thumbnail","6":"product_cat-toner-compatibles-ricoh","7":"product_tag-cartucho-de-toner-compatible-ricoh","8":"product_tag-cartucho-de-toner-generico-ricoh","9":"product_tag-toner-compatible-ricoh","10":"product_tag-toner-generico-ricoh","11":"product_tag-toner-ricoh-compatible","12":"product_tag-toner-ricoh-generico","14":"first","15":"instock","16":"taxable","17":"shipping-taxable","18":"purchasable","19":"product-type-simple"},"yoast_head":"<!-- This site is optimized with the Yoast SEO Premium plugin v22.3 (Yoast SEO v27.4) - https:\/\/yoast.com\/product\/yoast-seo-premium-wordpress\/ -->\n<title>Toner Compatible Ricoh Aficio MP-C306\/MP-C307\/MP-C406 Amarillo<\/title>\n<meta name=\"description\" content=\"Toner Compatible Ricoh Aficio MP-C306\/MP-C307\/MP-C406 Amarillo - Reemplaza 842098\/842094\" \/>\n<meta name=\"robots\" content=\"index, follow, max-snippet:-1, max-image-preview:large, max-video-preview:-1\" \/>\n<link rel=\"canonical\" href=\"https:\/\/www.maprofar.com\/tienda\/producto\/toner-compatible-ricoh-aficio-mp-c306-mp-c307-mp-c406-amarillo-reemplaza-842098-842094\/\" \/>\n<meta property=\"og:locale\" content=\"es_ES\" \/>\n<meta property=\"og:type\" content=\"article\" \/>\n<meta property=\"og:title\" content=\"Toner Compatible Ricoh Aficio MP-C306\/MP-C307\/MP-C406 Amarillo - Reemplaza 842098\/842094 - Maprofar | T\u00f3ner Compatible Brother, HP y Soluciones de Impresi\u00f3n 3D\" \/>\n<meta property=\"og:description\" content=\"En Maprofar encontrar\u00e1s t\u00f3ner compatibles de calidad y material de oficina al mejor precio. Ahorra sin sacrificar rendimiento. \u00a1Aprovecha nuestras ofertas y descuentos!\" \/>\n<meta property=\"og:url\" content=\"https:\/\/www.maprofar.com\/tienda\/producto\/toner-compatible-ricoh-aficio-mp-c306-mp-c307-mp-c406-amarillo-reemplaza-842098-842094\/\" \/>\n<meta property=\"og:site_name\" content=\"Maprofar | T\u00f3ner Compatible Brother, HP y Soluciones de Impresi\u00f3n 3D\" \/>\n<meta property=\"article:publisher\" content=\"https:\/\/es-es.facebook.com\/maprofar\" \/>\n<meta property=\"article:modified_time\" content=\"2025-09-19T11:27:35+00:00\" \/>\n<meta property=\"og:image\" content=\"https:\/\/www.maprofar.com\/tienda\/wp-content\/uploads\/2021\/03\/RT-MPC306YL.jpg\" \/>\n\t<meta property=\"og:image:width\" content=\"330\" \/>\n\t<meta property=\"og:image:height\" content=\"220\" \/>\n\t<meta property=\"og:image:type\" content=\"image\/jpeg\" \/>\n<meta name=\"twitter:card\" content=\"summary_large_image\" \/>\n<script type=\"application\/ld+json\" class=\"yoast-schema-graph\">{\"@context\":\"https:\\\/\\\/schema.org\",\"@graph\":[{\"@type\":\"WebPage\",\"@id\":\"https:\\\/\\\/www.maprofar.com\\\/tienda\\\/producto\\\/toner-compatible-ricoh-aficio-mp-c306-mp-c307-mp-c406-amarillo-reemplaza-842098-842094\\\/\",\"url\":\"https:\\\/\\\/www.maprofar.com\\\/tienda\\\/producto\\\/toner-compatible-ricoh-aficio-mp-c306-mp-c307-mp-c406-amarillo-reemplaza-842098-842094\\\/\",\"name\":\"Toner Compatible Ricoh Aficio MP-C306\\\/MP-C307\\\/MP-C406 Amarillo\",\"isPartOf\":{\"@id\":\"https:\\\/\\\/www.maprofar.com\\\/tienda\\\/#website\"},\"primaryImageOfPage\":{\"@id\":\"https:\\\/\\\/www.maprofar.com\\\/tienda\\\/producto\\\/toner-compatible-ricoh-aficio-mp-c306-mp-c307-mp-c406-amarillo-reemplaza-842098-842094\\\/#primaryimage\"},\"image\":{\"@id\":\"https:\\\/\\\/www.maprofar.com\\\/tienda\\\/producto\\\/toner-compatible-ricoh-aficio-mp-c306-mp-c307-mp-c406-amarillo-reemplaza-842098-842094\\\/#primaryimage\"},\"thumbnailUrl\":\"https:\\\/\\\/www.maprofar.com\\\/tienda\\\/wp-content\\\/uploads\\\/2021\\\/03\\\/RT-MPC306YL.jpg\",\"datePublished\":\"2021-03-11T15:28:05+00:00\",\"dateModified\":\"2025-09-19T11:27:35+00:00\",\"description\":\"Toner Compatible Ricoh Aficio MP-C306\\\/MP-C307\\\/MP-C406 Amarillo - Reemplaza 842098\\\/842094\",\"breadcrumb\":{\"@id\":\"https:\\\/\\\/www.maprofar.com\\\/tienda\\\/producto\\\/toner-compatible-ricoh-aficio-mp-c306-mp-c307-mp-c406-amarillo-reemplaza-842098-842094\\\/#breadcrumb\"},\"inLanguage\":\"es\",\"potentialAction\":[{\"@type\":\"ReadAction\",\"target\":[\"https:\\\/\\\/www.maprofar.com\\\/tienda\\\/producto\\\/toner-compatible-ricoh-aficio-mp-c306-mp-c307-mp-c406-amarillo-reemplaza-842098-842094\\\/\"]}]},{\"@type\":\"ImageObject\",\"inLanguage\":\"es\",\"@id\":\"https:\\\/\\\/www.maprofar.com\\\/tienda\\\/producto\\\/toner-compatible-ricoh-aficio-mp-c306-mp-c307-mp-c406-amarillo-reemplaza-842098-842094\\\/#primaryimage\",\"url\":\"https:\\\/\\\/www.maprofar.com\\\/tienda\\\/wp-content\\\/uploads\\\/2021\\\/03\\\/RT-MPC306YL.jpg\",\"contentUrl\":\"https:\\\/\\\/www.maprofar.com\\\/tienda\\\/wp-content\\\/uploads\\\/2021\\\/03\\\/RT-MPC306YL.jpg\",\"width\":330,\"height\":220},{\"@type\":\"BreadcrumbList\",\"@id\":\"https:\\\/\\\/www.maprofar.com\\\/tienda\\\/producto\\\/toner-compatible-ricoh-aficio-mp-c306-mp-c307-mp-c406-amarillo-reemplaza-842098-842094\\\/#breadcrumb\",\"itemListElement\":[{\"@type\":\"ListItem\",\"position\":1,\"name\":\"Portada\",\"item\":\"https:\\\/\\\/www.maprofar.com\\\/tienda\\\/\"},{\"@type\":\"ListItem\",\"position\":2,\"name\":\"Inicio\",\"item\":\"https:\\\/\\\/www.maprofar.com\\\/tienda\\\/\"},{\"@type\":\"ListItem\",\"position\":3,\"name\":\"Toner Compatible Ricoh Aficio MP-C306\\\/MP-C307\\\/MP-C406 Amarillo &#8211; Reemplaza 842098\\\/842094\"}]},{\"@type\":\"WebSite\",\"@id\":\"https:\\\/\\\/www.maprofar.com\\\/tienda\\\/#website\",\"url\":\"https:\\\/\\\/www.maprofar.com\\\/tienda\\\/\",\"name\":\"Maprofar - Toner Compatibles y Material de Oficina\",\"description\":\"Encuentra en Maprofar tu t\u00f3ner compatible Brother y HP al mejor precio. Calidad garantizada, env\u00edo urgente 24h y asesoramiento t\u00e9cnico experto. \u00a1Vis\u00edtanos!\",\"publisher\":{\"@id\":\"https:\\\/\\\/www.maprofar.com\\\/tienda\\\/#organization\"},\"alternateName\":\"Maprofar Inform\u00e1tica\",\"potentialAction\":[{\"@type\":\"SearchAction\",\"target\":{\"@type\":\"EntryPoint\",\"urlTemplate\":\"https:\\\/\\\/www.maprofar.com\\\/tienda\\\/?s={search_term_string}\"},\"query-input\":{\"@type\":\"PropertyValueSpecification\",\"valueRequired\":true,\"valueName\":\"search_term_string\"}}],\"inLanguage\":\"es\"},{\"@type\":\"Organization\",\"@id\":\"https:\\\/\\\/www.maprofar.com\\\/tienda\\\/#organization\",\"name\":\"Maprofar S.L.\",\"url\":\"https:\\\/\\\/www.maprofar.com\\\/tienda\\\/\",\"logo\":{\"@type\":\"ImageObject\",\"inLanguage\":\"es\",\"@id\":\"https:\\\/\\\/www.maprofar.com\\\/tienda\\\/#\\\/schema\\\/logo\\\/image\\\/\",\"url\":\"https:\\\/\\\/www.maprofar.com\\\/tienda\\\/wp-content\\\/uploads\\\/2021\\\/05\\\/logo_circulo.jpg\",\"contentUrl\":\"https:\\\/\\\/www.maprofar.com\\\/tienda\\\/wp-content\\\/uploads\\\/2021\\\/05\\\/logo_circulo.jpg\",\"width\":404,\"height\":335,\"caption\":\"Maprofar S.L.\"},\"image\":{\"@id\":\"https:\\\/\\\/www.maprofar.com\\\/tienda\\\/#\\\/schema\\\/logo\\\/image\\\/\"},\"sameAs\":[\"https:\\\/\\\/es-es.facebook.com\\\/maprofar\",\"https:\\\/\\\/www.instagram.com\\\/maprofar_informatica\\\/\",\"https:\\\/\\\/www.pinterest.es\\\/maprofar\\\/\"]}]}<\/script>\n<!-- \/ Yoast SEO Premium plugin. -->","yoast_head_json":{"title":"Toner Compatible Ricoh Aficio MP-C306\/MP-C307\/MP-C406 Amarillo","description":"Toner Compatible Ricoh Aficio MP-C306\/MP-C307\/MP-C406 Amarillo - Reemplaza 842098\/842094","robots":{"index":"index","follow":"follow","max-snippet":"max-snippet:-1","max-image-preview":"max-image-preview:large","max-video-preview":"max-video-preview:-1"},"canonical":"https:\/\/www.maprofar.com\/tienda\/producto\/toner-compatible-ricoh-aficio-mp-c306-mp-c307-mp-c406-amarillo-reemplaza-842098-842094\/","og_locale":"es_ES","og_type":"article","og_title":"Toner Compatible Ricoh Aficio MP-C306\/MP-C307\/MP-C406 Amarillo - Reemplaza 842098\/842094 - Maprofar | T\u00f3ner Compatible Brother, HP y Soluciones de Impresi\u00f3n 3D","og_description":"En Maprofar encontrar\u00e1s t\u00f3ner compatibles de calidad y material de oficina al mejor precio. Ahorra sin sacrificar rendimiento. \u00a1Aprovecha nuestras ofertas y descuentos!","og_url":"https:\/\/www.maprofar.com\/tienda\/producto\/toner-compatible-ricoh-aficio-mp-c306-mp-c307-mp-c406-amarillo-reemplaza-842098-842094\/","og_site_name":"Maprofar | T\u00f3ner Compatible Brother, HP y Soluciones de Impresi\u00f3n 3D","article_publisher":"https:\/\/es-es.facebook.com\/maprofar","article_modified_time":"2025-09-19T11:27:35+00:00","og_image":[{"width":330,"height":220,"url":"https:\/\/www.maprofar.com\/tienda\/wp-content\/uploads\/2021\/03\/RT-MPC306YL.jpg","type":"image\/jpeg"}],"twitter_card":"summary_large_image","schema":{"@context":"https:\/\/schema.org","@graph":[{"@type":"WebPage","@id":"https:\/\/www.maprofar.com\/tienda\/producto\/toner-compatible-ricoh-aficio-mp-c306-mp-c307-mp-c406-amarillo-reemplaza-842098-842094\/","url":"https:\/\/www.maprofar.com\/tienda\/producto\/toner-compatible-ricoh-aficio-mp-c306-mp-c307-mp-c406-amarillo-reemplaza-842098-842094\/","name":"Toner Compatible Ricoh Aficio MP-C306\/MP-C307\/MP-C406 Amarillo","isPartOf":{"@id":"https:\/\/www.maprofar.com\/tienda\/#website"},"primaryImageOfPage":{"@id":"https:\/\/www.maprofar.com\/tienda\/producto\/toner-compatible-ricoh-aficio-mp-c306-mp-c307-mp-c406-amarillo-reemplaza-842098-842094\/#primaryimage"},"image":{"@id":"https:\/\/www.maprofar.com\/tienda\/producto\/toner-compatible-ricoh-aficio-mp-c306-mp-c307-mp-c406-amarillo-reemplaza-842098-842094\/#primaryimage"},"thumbnailUrl":"https:\/\/www.maprofar.com\/tienda\/wp-content\/uploads\/2021\/03\/RT-MPC306YL.jpg","datePublished":"2021-03-11T15:28:05+00:00","dateModified":"2025-09-19T11:27:35+00:00","description":"Toner Compatible Ricoh Aficio MP-C306\/MP-C307\/MP-C406 Amarillo - Reemplaza 842098\/842094","breadcrumb":{"@id":"https:\/\/www.maprofar.com\/tienda\/producto\/toner-compatible-ricoh-aficio-mp-c306-mp-c307-mp-c406-amarillo-reemplaza-842098-842094\/#breadcrumb"},"inLanguage":"es","potentialAction":[{"@type":"ReadAction","target":["https:\/\/www.maprofar.com\/tienda\/producto\/toner-compatible-ricoh-aficio-mp-c306-mp-c307-mp-c406-amarillo-reemplaza-842098-842094\/"]}]},{"@type":"ImageObject","inLanguage":"es","@id":"https:\/\/www.maprofar.com\/tienda\/producto\/toner-compatible-ricoh-aficio-mp-c306-mp-c307-mp-c406-amarillo-reemplaza-842098-842094\/#primaryimage","url":"https:\/\/www.maprofar.com\/tienda\/wp-content\/uploads\/2021\/03\/RT-MPC306YL.jpg","contentUrl":"https:\/\/www.maprofar.com\/tienda\/wp-content\/uploads\/2021\/03\/RT-MPC306YL.jpg","width":330,"height":220},{"@type":"BreadcrumbList","@id":"https:\/\/www.maprofar.com\/tienda\/producto\/toner-compatible-ricoh-aficio-mp-c306-mp-c307-mp-c406-amarillo-reemplaza-842098-842094\/#breadcrumb","itemListElement":[{"@type":"ListItem","position":1,"name":"Portada","item":"https:\/\/www.maprofar.com\/tienda\/"},{"@type":"ListItem","position":2,"name":"Inicio","item":"https:\/\/www.maprofar.com\/tienda\/"},{"@type":"ListItem","position":3,"name":"Toner Compatible Ricoh Aficio MP-C306\/MP-C307\/MP-C406 Amarillo &#8211; Reemplaza 842098\/842094"}]},{"@type":"WebSite","@id":"https:\/\/www.maprofar.com\/tienda\/#website","url":"https:\/\/www.maprofar.com\/tienda\/","name":"Maprofar - Toner Compatibles y Material de Oficina","description":"Encuentra en Maprofar tu t\u00f3ner compatible Brother y HP al mejor precio. Calidad garantizada, env\u00edo urgente 24h y asesoramiento t\u00e9cnico experto. \u00a1Vis\u00edtanos!","publisher":{"@id":"https:\/\/www.maprofar.com\/tienda\/#organization"},"alternateName":"Maprofar Inform\u00e1tica","potentialAction":[{"@type":"SearchAction","target":{"@type":"EntryPoint","urlTemplate":"https:\/\/www.maprofar.com\/tienda\/?s={search_term_string}"},"query-input":{"@type":"PropertyValueSpecification","valueRequired":true,"valueName":"search_term_string"}}],"inLanguage":"es"},{"@type":"Organization","@id":"https:\/\/www.maprofar.com\/tienda\/#organization","name":"Maprofar S.L.","url":"https:\/\/www.maprofar.com\/tienda\/","logo":{"@type":"ImageObject","inLanguage":"es","@id":"https:\/\/www.maprofar.com\/tienda\/#\/schema\/logo\/image\/","url":"https:\/\/www.maprofar.com\/tienda\/wp-content\/uploads\/2021\/05\/logo_circulo.jpg","contentUrl":"https:\/\/www.maprofar.com\/tienda\/wp-content\/uploads\/2021\/05\/logo_circulo.jpg","width":404,"height":335,"caption":"Maprofar S.L."},"image":{"@id":"https:\/\/www.maprofar.com\/tienda\/#\/schema\/logo\/image\/"},"sameAs":["https:\/\/es-es.facebook.com\/maprofar","https:\/\/www.instagram.com\/maprofar_informatica\/","https:\/\/www.pinterest.es\/maprofar\/"]}]}},"_links":{"self":[{"href":"https:\/\/www.maprofar.com\/tienda\/wp-json\/wp\/v2\/product\/3064","targetHints":{"allow":["GET"]}}],"collection":[{"href":"https:\/\/www.maprofar.com\/tienda\/wp-json\/wp\/v2\/product"}],"about":[{"href":"https:\/\/www.maprofar.com\/tienda\/wp-json\/wp\/v2\/types\/product"}],"wp:featuredmedia":[{"embeddable":true,"href":"https:\/\/www.maprofar.com\/tienda\/wp-json\/wp\/v2\/media\/3065"}],"wp:attachment":[{"href":"https:\/\/www.maprofar.com\/tienda\/wp-json\/wp\/v2\/media?parent=3064"}],"wp:term":[{"taxonomy":"product_brand","embeddable":true,"href":"https:\/\/www.maprofar.com\/tienda\/wp-json\/wp\/v2\/product_brand?post=3064"},{"taxonomy":"product_cat","embeddable":true,"href":"https:\/\/www.maprofar.com\/tienda\/wp-json\/wp\/v2\/product_cat?post=3064"},{"taxonomy":"product_tag","embeddable":true,"href":"https:\/\/www.maprofar.com\/tienda\/wp-json\/wp\/v2\/product_tag?post=3064"}],"curies":[{"name":"wp","href":"https:\/\/api.w.org\/{rel}","templated":true}]}}