{"id":3182,"date":"2021-03-12T13:45:29","date_gmt":"2021-03-12T11:45:29","guid":{"rendered":"https:\/\/www.maprofar.com\/tienda\/?post_type=product&#038;p=3182"},"modified":"2025-06-26T14:25:31","modified_gmt":"2025-06-26T12:25:31","slug":"toner-compatible-ricoh-aficio-spc231-spc232-spc242-spc310-spc311-spc312-spc320-spc342-magenta-reemplaza-407636-406481-spc310m","status":"publish","type":"product","link":"https:\/\/www.maprofar.com\/tienda\/producto\/toner-compatible-ricoh-aficio-spc231-spc232-spc242-spc310-spc311-spc312-spc320-spc342-magenta-reemplaza-407636-406481-spc310m\/","title":{"rendered":"Toner Compatible Ricoh Aficio SPC231\/SPC232\/SPC242\/SPC310\/ SPC311\/SPC312\/SPC320\/SPC342 Magenta &#8211; Reemplaza 407636\/406481\/SPC310M"},"content":{"rendered":"<p>Toner Compatible Ricoh Aficio SPC231\/SPC232\/SPC242\/SPC310\/ SPC311\/SPC312\/SPC320\/SPC342 Magenta &#8211; Reemplaza 407636\/406481\/SPC310M<\/p>\n<p>Cartucho de t\u00f3ner gen\u00e9rico Ricoh Aficio SP-C231N\/SP-C310 (406479) de alta calidad.<\/p>\n<p>Compatibilidades:<\/p>\n<p>Aficio SP C231N \u2013 Aficio SP C231SF \u2013 Aficio SP C232DN \u2013 Aficio SP C232SF \u2013 Aficio SP C242DN \u2013 Aficio SP C242SF \u2013 Aficio SP C310 \u2013 Aficio SP C311N \u2013 Aficio SP C312DN \u2013 Aficio SP C320DN \u2013 Aficio SP C342DN.<\/p>\n<p><span style=\"color: #999999;\">Comprar Toner Compatible Ricoh Aficio SPC231\/SPC232\/SPC242\/SPC310\/ SPC311\/SPC312\/SPC320\/SPC342 Magenta &#8211; Reemplaza 407636\/406481\/SPC310M<\/span><\/p>\n","protected":false},"excerpt":{"rendered":"<p class=\"titulo_subseccion_da\">CARACTER\u00cdSTICAS<\/p>\n<div class=\"listado_caracteristicas_da\"><span class=\"linea_datos_da\">\u2022 Para uso en:\u00a0<span class=\"gris_400\" title=\"Ricoh\">Ricoh<\/span><\/span><\/div>\n<div class=\"listado_caracteristicas_da\"><span class=\"linea_datos_da\" title=\"Magenta\">\u2022 Color:\u00a0<span class=\"gris_400\">Magenta<\/span><\/span><\/div>\n<div class=\"listado_caracteristicas_da\"><span class=\"linea_datos_da\" title=\"Gen\u00e9rico\">\u2022 Fabricante:\u00a0<span class=\"gris_400\">Gen\u00e9rico<\/span><\/span><\/div>\n<div class=\"listado_caracteristicas_da\"><span class=\"linea_datos_da\" title=\"Toner (Laser)\">\u2022 Tipo:\u00a0<span class=\"gris_400\">T\u00f3ner (Laser)<\/span><\/span><\/div>\n<div class=\"listado_caracteristicas_da\"><span class=\"linea_datos_da\" title=\"6.000 P\u00e1ginas\">\u2022 Capacidad:\u00a0<span class=\"gris_400\">6.000 P\u00e1ginas<\/span><\/span><\/div>\n<div class=\"listado_caracteristicas_da\"><span class=\"linea_datos_da\" title=\"\" aria-describedby=\"ui-id-10\">\u2022 Ref:\u00a0<span class=\"gris_400\">RT-SPC231MG<\/span><\/span><\/div>\n","protected":false},"featured_media":3183,"template":"","meta":[],"product_brand":[],"product_cat":[109],"product_tag":[287,288,289,290,245,246],"class_list":{"0":"post-3182","1":"product","2":"type-product","3":"status-publish","4":"has-post-thumbnail","6":"product_cat-toner-compatibles-ricoh","7":"product_tag-cartucho-de-toner-compatible-ricoh","8":"product_tag-cartucho-de-toner-generico-ricoh","9":"product_tag-toner-compatible-ricoh","10":"product_tag-toner-generico-ricoh","11":"product_tag-toner-ricoh-compatible","12":"product_tag-toner-ricoh-generico","14":"first","15":"instock","16":"taxable","17":"shipping-taxable","18":"purchasable","19":"product-type-simple"},"yoast_head":"<!-- This site is optimized with the Yoast SEO Premium plugin v22.3 (Yoast SEO v27.4) - https:\/\/yoast.com\/product\/yoast-seo-premium-wordpress\/ -->\n<title>Toner Compatible Ricoh Aficio SPC310\/ SPC311\/SPC312\/SPC320<\/title>\n<meta name=\"description\" content=\"Toner Compatible Ricoh Aficio SPC231\/SPC232\/SPC242\/SPC310\/ SPC311\/SPC312\/SPC320\/SPC342 Magenta - Reemplaza 407636\/406481\/SPC310M\" \/>\n<meta name=\"robots\" content=\"index, follow, max-snippet:-1, max-image-preview:large, max-video-preview:-1\" \/>\n<link rel=\"canonical\" href=\"https:\/\/www.maprofar.com\/tienda\/producto\/toner-compatible-ricoh-aficio-spc231-spc232-spc242-spc310-spc311-spc312-spc320-spc342-magenta-reemplaza-407636-406481-spc310m\/\" \/>\n<meta property=\"og:locale\" content=\"es_ES\" \/>\n<meta property=\"og:type\" content=\"article\" \/>\n<meta property=\"og:title\" content=\"Toner Compatible Ricoh Aficio SPC231\/SPC232\/SPC242\/SPC310\/ SPC311\/SPC312\/SPC320\/SPC342 Magenta - Reemplaza 407636\/406481\/SPC310M - Maprofar | T\u00f3ner Compatible Brother, HP y Soluciones de Impresi\u00f3n 3D\" \/>\n<meta property=\"og:description\" content=\"En Maprofar encontrar\u00e1s t\u00f3ner compatibles de calidad y material de oficina al mejor precio. Ahorra sin sacrificar rendimiento. \u00a1Aprovecha nuestras ofertas y descuentos!\" \/>\n<meta property=\"og:url\" content=\"https:\/\/www.maprofar.com\/tienda\/producto\/toner-compatible-ricoh-aficio-spc231-spc232-spc242-spc310-spc311-spc312-spc320-spc342-magenta-reemplaza-407636-406481-spc310m\/\" \/>\n<meta property=\"og:site_name\" content=\"Maprofar | T\u00f3ner Compatible Brother, HP y Soluciones de Impresi\u00f3n 3D\" \/>\n<meta property=\"article:publisher\" content=\"https:\/\/es-es.facebook.com\/maprofar\" \/>\n<meta property=\"article:modified_time\" content=\"2025-06-26T12:25:31+00:00\" \/>\n<meta property=\"og:image\" content=\"https:\/\/www.maprofar.com\/tienda\/wp-content\/uploads\/2021\/03\/RT-SPC231MG.jpg\" \/>\n\t<meta property=\"og:image:width\" content=\"500\" \/>\n\t<meta property=\"og:image:height\" content=\"500\" \/>\n\t<meta property=\"og:image:type\" content=\"image\/jpeg\" \/>\n<meta name=\"twitter:card\" content=\"summary_large_image\" \/>\n<meta name=\"twitter:label1\" content=\"Tiempo de lectura\" \/>\n\t<meta name=\"twitter:data1\" content=\"1 minuto\" \/>\n<script type=\"application\/ld+json\" class=\"yoast-schema-graph\">{\"@context\":\"https:\\\/\\\/schema.org\",\"@graph\":[{\"@type\":\"WebPage\",\"@id\":\"https:\\\/\\\/www.maprofar.com\\\/tienda\\\/producto\\\/toner-compatible-ricoh-aficio-spc231-spc232-spc242-spc310-spc311-spc312-spc320-spc342-magenta-reemplaza-407636-406481-spc310m\\\/\",\"url\":\"https:\\\/\\\/www.maprofar.com\\\/tienda\\\/producto\\\/toner-compatible-ricoh-aficio-spc231-spc232-spc242-spc310-spc311-spc312-spc320-spc342-magenta-reemplaza-407636-406481-spc310m\\\/\",\"name\":\"Toner Compatible Ricoh Aficio SPC310\\\/ SPC311\\\/SPC312\\\/SPC320\",\"isPartOf\":{\"@id\":\"https:\\\/\\\/www.maprofar.com\\\/tienda\\\/#website\"},\"primaryImageOfPage\":{\"@id\":\"https:\\\/\\\/www.maprofar.com\\\/tienda\\\/producto\\\/toner-compatible-ricoh-aficio-spc231-spc232-spc242-spc310-spc311-spc312-spc320-spc342-magenta-reemplaza-407636-406481-spc310m\\\/#primaryimage\"},\"image\":{\"@id\":\"https:\\\/\\\/www.maprofar.com\\\/tienda\\\/producto\\\/toner-compatible-ricoh-aficio-spc231-spc232-spc242-spc310-spc311-spc312-spc320-spc342-magenta-reemplaza-407636-406481-spc310m\\\/#primaryimage\"},\"thumbnailUrl\":\"https:\\\/\\\/www.maprofar.com\\\/tienda\\\/wp-content\\\/uploads\\\/2021\\\/03\\\/RT-SPC231MG.jpg\",\"datePublished\":\"2021-03-12T11:45:29+00:00\",\"dateModified\":\"2025-06-26T12:25:31+00:00\",\"description\":\"Toner Compatible Ricoh Aficio SPC231\\\/SPC232\\\/SPC242\\\/SPC310\\\/ SPC311\\\/SPC312\\\/SPC320\\\/SPC342 Magenta - Reemplaza 407636\\\/406481\\\/SPC310M\",\"breadcrumb\":{\"@id\":\"https:\\\/\\\/www.maprofar.com\\\/tienda\\\/producto\\\/toner-compatible-ricoh-aficio-spc231-spc232-spc242-spc310-spc311-spc312-spc320-spc342-magenta-reemplaza-407636-406481-spc310m\\\/#breadcrumb\"},\"inLanguage\":\"es\",\"potentialAction\":[{\"@type\":\"ReadAction\",\"target\":[\"https:\\\/\\\/www.maprofar.com\\\/tienda\\\/producto\\\/toner-compatible-ricoh-aficio-spc231-spc232-spc242-spc310-spc311-spc312-spc320-spc342-magenta-reemplaza-407636-406481-spc310m\\\/\"]}]},{\"@type\":\"ImageObject\",\"inLanguage\":\"es\",\"@id\":\"https:\\\/\\\/www.maprofar.com\\\/tienda\\\/producto\\\/toner-compatible-ricoh-aficio-spc231-spc232-spc242-spc310-spc311-spc312-spc320-spc342-magenta-reemplaza-407636-406481-spc310m\\\/#primaryimage\",\"url\":\"https:\\\/\\\/www.maprofar.com\\\/tienda\\\/wp-content\\\/uploads\\\/2021\\\/03\\\/RT-SPC231MG.jpg\",\"contentUrl\":\"https:\\\/\\\/www.maprofar.com\\\/tienda\\\/wp-content\\\/uploads\\\/2021\\\/03\\\/RT-SPC231MG.jpg\",\"width\":500,\"height\":500},{\"@type\":\"BreadcrumbList\",\"@id\":\"https:\\\/\\\/www.maprofar.com\\\/tienda\\\/producto\\\/toner-compatible-ricoh-aficio-spc231-spc232-spc242-spc310-spc311-spc312-spc320-spc342-magenta-reemplaza-407636-406481-spc310m\\\/#breadcrumb\",\"itemListElement\":[{\"@type\":\"ListItem\",\"position\":1,\"name\":\"Portada\",\"item\":\"https:\\\/\\\/www.maprofar.com\\\/tienda\\\/\"},{\"@type\":\"ListItem\",\"position\":2,\"name\":\"Inicio\",\"item\":\"https:\\\/\\\/www.maprofar.com\\\/tienda\\\/\"},{\"@type\":\"ListItem\",\"position\":3,\"name\":\"Toner Compatible Ricoh Aficio SPC231\\\/SPC232\\\/SPC242\\\/SPC310\\\/ SPC311\\\/SPC312\\\/SPC320\\\/SPC342 Magenta &#8211; Reemplaza 407636\\\/406481\\\/SPC310M\"}]},{\"@type\":\"WebSite\",\"@id\":\"https:\\\/\\\/www.maprofar.com\\\/tienda\\\/#website\",\"url\":\"https:\\\/\\\/www.maprofar.com\\\/tienda\\\/\",\"name\":\"Maprofar | T\u00f3ner Compatible Brother, HP y Soluciones de Impresi\u00f3n 3D\",\"description\":\"Encuentra en Maprofar tu t\u00f3ner compatible Brother y HP al mejor precio. Calidad garantizada, env\u00edo urgente 24h y asesoramiento t\u00e9cnico experto. \u00a1Vis\u00edtanos!\",\"publisher\":{\"@id\":\"https:\\\/\\\/www.maprofar.com\\\/tienda\\\/#organization\"},\"alternateName\":\"Maprofar Inform\u00e1tica\",\"potentialAction\":[{\"@type\":\"SearchAction\",\"target\":{\"@type\":\"EntryPoint\",\"urlTemplate\":\"https:\\\/\\\/www.maprofar.com\\\/tienda\\\/?s={search_term_string}\"},\"query-input\":{\"@type\":\"PropertyValueSpecification\",\"valueRequired\":true,\"valueName\":\"search_term_string\"}}],\"inLanguage\":\"es\"},{\"@type\":\"Organization\",\"@id\":\"https:\\\/\\\/www.maprofar.com\\\/tienda\\\/#organization\",\"name\":\"Maprofar S.L.\",\"url\":\"https:\\\/\\\/www.maprofar.com\\\/tienda\\\/\",\"logo\":{\"@type\":\"ImageObject\",\"inLanguage\":\"es\",\"@id\":\"https:\\\/\\\/www.maprofar.com\\\/tienda\\\/#\\\/schema\\\/logo\\\/image\\\/\",\"url\":\"https:\\\/\\\/www.maprofar.com\\\/tienda\\\/wp-content\\\/uploads\\\/2021\\\/05\\\/logo_circulo.jpg\",\"contentUrl\":\"https:\\\/\\\/www.maprofar.com\\\/tienda\\\/wp-content\\\/uploads\\\/2021\\\/05\\\/logo_circulo.jpg\",\"width\":404,\"height\":335,\"caption\":\"Maprofar S.L.\"},\"image\":{\"@id\":\"https:\\\/\\\/www.maprofar.com\\\/tienda\\\/#\\\/schema\\\/logo\\\/image\\\/\"},\"sameAs\":[\"https:\\\/\\\/es-es.facebook.com\\\/maprofar\",\"https:\\\/\\\/www.instagram.com\\\/maprofar_informatica\\\/\",\"https:\\\/\\\/www.pinterest.es\\\/maprofar\\\/\"]}]}<\/script>\n<!-- \/ Yoast SEO Premium plugin. -->","yoast_head_json":{"title":"Toner Compatible Ricoh Aficio SPC310\/ SPC311\/SPC312\/SPC320","description":"Toner Compatible Ricoh Aficio SPC231\/SPC232\/SPC242\/SPC310\/ SPC311\/SPC312\/SPC320\/SPC342 Magenta - Reemplaza 407636\/406481\/SPC310M","robots":{"index":"index","follow":"follow","max-snippet":"max-snippet:-1","max-image-preview":"max-image-preview:large","max-video-preview":"max-video-preview:-1"},"canonical":"https:\/\/www.maprofar.com\/tienda\/producto\/toner-compatible-ricoh-aficio-spc231-spc232-spc242-spc310-spc311-spc312-spc320-spc342-magenta-reemplaza-407636-406481-spc310m\/","og_locale":"es_ES","og_type":"article","og_title":"Toner Compatible Ricoh Aficio SPC231\/SPC232\/SPC242\/SPC310\/ SPC311\/SPC312\/SPC320\/SPC342 Magenta - Reemplaza 407636\/406481\/SPC310M - Maprofar | T\u00f3ner Compatible Brother, HP y Soluciones de Impresi\u00f3n 3D","og_description":"En Maprofar encontrar\u00e1s t\u00f3ner compatibles de calidad y material de oficina al mejor precio. Ahorra sin sacrificar rendimiento. \u00a1Aprovecha nuestras ofertas y descuentos!","og_url":"https:\/\/www.maprofar.com\/tienda\/producto\/toner-compatible-ricoh-aficio-spc231-spc232-spc242-spc310-spc311-spc312-spc320-spc342-magenta-reemplaza-407636-406481-spc310m\/","og_site_name":"Maprofar | T\u00f3ner Compatible Brother, HP y Soluciones de Impresi\u00f3n 3D","article_publisher":"https:\/\/es-es.facebook.com\/maprofar","article_modified_time":"2025-06-26T12:25:31+00:00","og_image":[{"width":500,"height":500,"url":"https:\/\/www.maprofar.com\/tienda\/wp-content\/uploads\/2021\/03\/RT-SPC231MG.jpg","type":"image\/jpeg"}],"twitter_card":"summary_large_image","twitter_misc":{"Tiempo de lectura":"1 minuto"},"schema":{"@context":"https:\/\/schema.org","@graph":[{"@type":"WebPage","@id":"https:\/\/www.maprofar.com\/tienda\/producto\/toner-compatible-ricoh-aficio-spc231-spc232-spc242-spc310-spc311-spc312-spc320-spc342-magenta-reemplaza-407636-406481-spc310m\/","url":"https:\/\/www.maprofar.com\/tienda\/producto\/toner-compatible-ricoh-aficio-spc231-spc232-spc242-spc310-spc311-spc312-spc320-spc342-magenta-reemplaza-407636-406481-spc310m\/","name":"Toner Compatible Ricoh Aficio SPC310\/ SPC311\/SPC312\/SPC320","isPartOf":{"@id":"https:\/\/www.maprofar.com\/tienda\/#website"},"primaryImageOfPage":{"@id":"https:\/\/www.maprofar.com\/tienda\/producto\/toner-compatible-ricoh-aficio-spc231-spc232-spc242-spc310-spc311-spc312-spc320-spc342-magenta-reemplaza-407636-406481-spc310m\/#primaryimage"},"image":{"@id":"https:\/\/www.maprofar.com\/tienda\/producto\/toner-compatible-ricoh-aficio-spc231-spc232-spc242-spc310-spc311-spc312-spc320-spc342-magenta-reemplaza-407636-406481-spc310m\/#primaryimage"},"thumbnailUrl":"https:\/\/www.maprofar.com\/tienda\/wp-content\/uploads\/2021\/03\/RT-SPC231MG.jpg","datePublished":"2021-03-12T11:45:29+00:00","dateModified":"2025-06-26T12:25:31+00:00","description":"Toner Compatible Ricoh Aficio SPC231\/SPC232\/SPC242\/SPC310\/ SPC311\/SPC312\/SPC320\/SPC342 Magenta - Reemplaza 407636\/406481\/SPC310M","breadcrumb":{"@id":"https:\/\/www.maprofar.com\/tienda\/producto\/toner-compatible-ricoh-aficio-spc231-spc232-spc242-spc310-spc311-spc312-spc320-spc342-magenta-reemplaza-407636-406481-spc310m\/#breadcrumb"},"inLanguage":"es","potentialAction":[{"@type":"ReadAction","target":["https:\/\/www.maprofar.com\/tienda\/producto\/toner-compatible-ricoh-aficio-spc231-spc232-spc242-spc310-spc311-spc312-spc320-spc342-magenta-reemplaza-407636-406481-spc310m\/"]}]},{"@type":"ImageObject","inLanguage":"es","@id":"https:\/\/www.maprofar.com\/tienda\/producto\/toner-compatible-ricoh-aficio-spc231-spc232-spc242-spc310-spc311-spc312-spc320-spc342-magenta-reemplaza-407636-406481-spc310m\/#primaryimage","url":"https:\/\/www.maprofar.com\/tienda\/wp-content\/uploads\/2021\/03\/RT-SPC231MG.jpg","contentUrl":"https:\/\/www.maprofar.com\/tienda\/wp-content\/uploads\/2021\/03\/RT-SPC231MG.jpg","width":500,"height":500},{"@type":"BreadcrumbList","@id":"https:\/\/www.maprofar.com\/tienda\/producto\/toner-compatible-ricoh-aficio-spc231-spc232-spc242-spc310-spc311-spc312-spc320-spc342-magenta-reemplaza-407636-406481-spc310m\/#breadcrumb","itemListElement":[{"@type":"ListItem","position":1,"name":"Portada","item":"https:\/\/www.maprofar.com\/tienda\/"},{"@type":"ListItem","position":2,"name":"Inicio","item":"https:\/\/www.maprofar.com\/tienda\/"},{"@type":"ListItem","position":3,"name":"Toner Compatible Ricoh Aficio SPC231\/SPC232\/SPC242\/SPC310\/ SPC311\/SPC312\/SPC320\/SPC342 Magenta &#8211; Reemplaza 407636\/406481\/SPC310M"}]},{"@type":"WebSite","@id":"https:\/\/www.maprofar.com\/tienda\/#website","url":"https:\/\/www.maprofar.com\/tienda\/","name":"Maprofar | T\u00f3ner Compatible Brother, HP y Soluciones de Impresi\u00f3n 3D","description":"Encuentra en Maprofar tu t\u00f3ner compatible Brother y HP al mejor precio. Calidad garantizada, env\u00edo urgente 24h y asesoramiento t\u00e9cnico experto. \u00a1Vis\u00edtanos!","publisher":{"@id":"https:\/\/www.maprofar.com\/tienda\/#organization"},"alternateName":"Maprofar Inform\u00e1tica","potentialAction":[{"@type":"SearchAction","target":{"@type":"EntryPoint","urlTemplate":"https:\/\/www.maprofar.com\/tienda\/?s={search_term_string}"},"query-input":{"@type":"PropertyValueSpecification","valueRequired":true,"valueName":"search_term_string"}}],"inLanguage":"es"},{"@type":"Organization","@id":"https:\/\/www.maprofar.com\/tienda\/#organization","name":"Maprofar S.L.","url":"https:\/\/www.maprofar.com\/tienda\/","logo":{"@type":"ImageObject","inLanguage":"es","@id":"https:\/\/www.maprofar.com\/tienda\/#\/schema\/logo\/image\/","url":"https:\/\/www.maprofar.com\/tienda\/wp-content\/uploads\/2021\/05\/logo_circulo.jpg","contentUrl":"https:\/\/www.maprofar.com\/tienda\/wp-content\/uploads\/2021\/05\/logo_circulo.jpg","width":404,"height":335,"caption":"Maprofar S.L."},"image":{"@id":"https:\/\/www.maprofar.com\/tienda\/#\/schema\/logo\/image\/"},"sameAs":["https:\/\/es-es.facebook.com\/maprofar","https:\/\/www.instagram.com\/maprofar_informatica\/","https:\/\/www.pinterest.es\/maprofar\/"]}]}},"_links":{"self":[{"href":"https:\/\/www.maprofar.com\/tienda\/wp-json\/wp\/v2\/product\/3182","targetHints":{"allow":["GET"]}}],"collection":[{"href":"https:\/\/www.maprofar.com\/tienda\/wp-json\/wp\/v2\/product"}],"about":[{"href":"https:\/\/www.maprofar.com\/tienda\/wp-json\/wp\/v2\/types\/product"}],"wp:featuredmedia":[{"embeddable":true,"href":"https:\/\/www.maprofar.com\/tienda\/wp-json\/wp\/v2\/media\/3183"}],"wp:attachment":[{"href":"https:\/\/www.maprofar.com\/tienda\/wp-json\/wp\/v2\/media?parent=3182"}],"wp:term":[{"taxonomy":"product_brand","embeddable":true,"href":"https:\/\/www.maprofar.com\/tienda\/wp-json\/wp\/v2\/product_brand?post=3182"},{"taxonomy":"product_cat","embeddable":true,"href":"https:\/\/www.maprofar.com\/tienda\/wp-json\/wp\/v2\/product_cat?post=3182"},{"taxonomy":"product_tag","embeddable":true,"href":"https:\/\/www.maprofar.com\/tienda\/wp-json\/wp\/v2\/product_tag?post=3182"}],"curies":[{"name":"wp","href":"https:\/\/api.w.org\/{rel}","templated":true}]}}