{"id":3355,"date":"2021-03-15T18:11:43","date_gmt":"2021-03-15T16:11:43","guid":{"rendered":"https:\/\/www.maprofar.com\/tienda\/?post_type=product&#038;p=3355"},"modified":"2025-06-28T10:45:05","modified_gmt":"2025-06-28T08:45:05","slug":"toner-compatible-samsung-clt-y4092s-clt-y4072s-amarillo-reemplaza-su482a-su472a","status":"publish","type":"product","link":"https:\/\/www.maprofar.com\/tienda\/producto\/toner-compatible-samsung-clt-y4092s-clt-y4072s-amarillo-reemplaza-su482a-su472a\/","title":{"rendered":"Toner Compatible\u00a0Samsung CLT-Y4092S\/CLT-Y4072S Amarillo &#8211; Reemplaza SU482A\/SU472A"},"content":{"rendered":"<p>Cartucho de t\u00f3ner gen\u00e9rico Samsung CLP310\/CLP315\/CLP320\/CLP325 (CLT-K4092S\/SU138A\/CLT-K4072S\/SU128A) de alta calidad.<\/p>\n<p>Compatibilidades:<\/p>\n<p>CLP 310 \u2013 CLP 310N \u2013 CLP 315 \u2013 CLP 315W \u2013 CLP 320 \u2013 CLP 320N \u2013 CLP 321 \u2013 CLP 325 \u2013 CLP 325W \u2013 CLP 326<\/p>\n<p>CLX 3170 \u2013 CLX 3170FN \u2013 CLX 3175 \u2013 CLX 3175FN \u2013 CLX 3175FW \u2013 CLX 3175N\u00a0 CLX 3180 \u2013 CLX 3185 \u2013 CLX 3185FN\u00a0 CLX 3185FW \u2013 CLX 3185W \u2013 CLX 3186 \u2013 CLX 3186FN \u2013 CLX 3186N.<\/p>\n<p><span style=\"color: #999999;\">Comprar Toner Compatible\u00a0Samsung CLT-Y4092S\/CLT-Y4072S Amarillo &#8211; Reemplaza SU482A\/SU472A<\/span><\/p>\n","protected":false},"excerpt":{"rendered":"<p class=\"titulo_subseccion_da\">CARACTER\u00cdSTICAS<\/p>\n<div class=\"listado_caracteristicas_da\"><span class=\"linea_datos_da\">\u2022 Para uso en:\u00a0<span class=\"gris_400\" title=\"Samsung\">Samsung<\/span><\/span><\/div>\n<div class=\"listado_caracteristicas_da\"><span class=\"linea_datos_da\" title=\"Amarillo\">\u2022 Color:\u00a0<span class=\"gris_400\">Amarillo<\/span><\/span><\/div>\n<div class=\"listado_caracteristicas_da\"><span class=\"linea_datos_da\" title=\"Gen\u00e9rico\">\u2022 Fabricante:\u00a0<span class=\"gris_400\">Gen\u00e9rico<\/span><\/span><\/div>\n<div class=\"listado_caracteristicas_da\"><span class=\"linea_datos_da\" title=\"Toner (Laser)\">\u2022 Tipo:\u00a0<span class=\"gris_400\">T\u00f3ner (Laser)<\/span><\/span><\/div>\n<div class=\"listado_caracteristicas_da\"><span class=\"linea_datos_da\" title=\"1.000 P\u00e1ginas\">\u2022 Capacidad:\u00a0<span class=\"gris_400\">1.000 P\u00e1ginas<\/span><\/span><\/div>\n<div class=\"listado_caracteristicas_da\"><span class=\"linea_datos_da\" title=\"\" aria-describedby=\"ui-id-10\">\u2022 Ref:\u00a0<span class=\"gris_400\">ST-CLP325YL(U)<\/span><\/span><\/div>\n","protected":false},"featured_media":3356,"template":"","meta":[],"product_brand":[],"product_cat":[110],"product_tag":[291,292,293,294,247,248],"class_list":{"0":"post-3355","1":"product","2":"type-product","3":"status-publish","4":"has-post-thumbnail","6":"product_cat-toner-compatibles-samsung","7":"product_tag-cartucho-de-toner-compatible-samsung","8":"product_tag-cartucho-de-toner-generico-samsung","9":"product_tag-toner-compatible-samsung","10":"product_tag-toner-generico-samsung","11":"product_tag-toner-samsung-compatible","12":"product_tag-toner-samsung-generico","14":"first","15":"instock","16":"taxable","17":"shipping-taxable","18":"purchasable","19":"product-type-simple"},"yoast_head":"<!-- This site is optimized with the Yoast SEO Premium plugin v22.3 (Yoast SEO v27.4) - https:\/\/yoast.com\/product\/yoast-seo-premium-wordpress\/ -->\n<title>Toner Compatible\u00a0Samsung CLT-Y4092S\/CLT-Y4072S Amarillo<\/title>\n<meta name=\"description\" content=\"Toner Compatible\u00a0Samsung CLT-Y4092S\/CLT-Y4072S Amarillo - Reemplaza SU482A\/SU472A\" \/>\n<meta name=\"robots\" content=\"index, follow, max-snippet:-1, max-image-preview:large, max-video-preview:-1\" \/>\n<link rel=\"canonical\" href=\"https:\/\/www.maprofar.com\/tienda\/producto\/toner-compatible-samsung-clt-y4092s-clt-y4072s-amarillo-reemplaza-su482a-su472a\/\" \/>\n<meta property=\"og:locale\" content=\"es_ES\" \/>\n<meta property=\"og:type\" content=\"article\" \/>\n<meta property=\"og:title\" content=\"Toner Compatible\u00a0Samsung CLT-Y4092S\/CLT-Y4072S Amarillo - Reemplaza SU482A\/SU472A - Maprofar | T\u00f3ner Compatible Brother, HP y Soluciones de Impresi\u00f3n 3D\" \/>\n<meta property=\"og:description\" content=\"En Maprofar encontrar\u00e1s t\u00f3ner compatibles de calidad y material de oficina al mejor precio. Ahorra sin sacrificar rendimiento. \u00a1Aprovecha nuestras ofertas y descuentos!\" \/>\n<meta property=\"og:url\" content=\"https:\/\/www.maprofar.com\/tienda\/producto\/toner-compatible-samsung-clt-y4092s-clt-y4072s-amarillo-reemplaza-su482a-su472a\/\" \/>\n<meta property=\"og:site_name\" content=\"Maprofar | T\u00f3ner Compatible Brother, HP y Soluciones de Impresi\u00f3n 3D\" \/>\n<meta property=\"article:publisher\" content=\"https:\/\/es-es.facebook.com\/maprofar\" \/>\n<meta property=\"article:modified_time\" content=\"2025-06-28T08:45:05+00:00\" \/>\n<meta property=\"og:image\" content=\"https:\/\/www.maprofar.com\/tienda\/wp-content\/uploads\/2021\/03\/ST-CLP325YL-U.jpg\" \/>\n\t<meta property=\"og:image:width\" content=\"330\" \/>\n\t<meta property=\"og:image:height\" content=\"220\" \/>\n\t<meta property=\"og:image:type\" content=\"image\/jpeg\" \/>\n<meta name=\"twitter:card\" content=\"summary_large_image\" \/>\n<meta name=\"twitter:label1\" content=\"Tiempo de lectura\" \/>\n\t<meta name=\"twitter:data1\" content=\"1 minuto\" \/>\n<script type=\"application\/ld+json\" class=\"yoast-schema-graph\">{\"@context\":\"https:\\\/\\\/schema.org\",\"@graph\":[{\"@type\":\"WebPage\",\"@id\":\"https:\\\/\\\/www.maprofar.com\\\/tienda\\\/producto\\\/toner-compatible-samsung-clt-y4092s-clt-y4072s-amarillo-reemplaza-su482a-su472a\\\/\",\"url\":\"https:\\\/\\\/www.maprofar.com\\\/tienda\\\/producto\\\/toner-compatible-samsung-clt-y4092s-clt-y4072s-amarillo-reemplaza-su482a-su472a\\\/\",\"name\":\"Toner Compatible\u00a0Samsung CLT-Y4092S\\\/CLT-Y4072S Amarillo\",\"isPartOf\":{\"@id\":\"https:\\\/\\\/www.maprofar.com\\\/tienda\\\/#website\"},\"primaryImageOfPage\":{\"@id\":\"https:\\\/\\\/www.maprofar.com\\\/tienda\\\/producto\\\/toner-compatible-samsung-clt-y4092s-clt-y4072s-amarillo-reemplaza-su482a-su472a\\\/#primaryimage\"},\"image\":{\"@id\":\"https:\\\/\\\/www.maprofar.com\\\/tienda\\\/producto\\\/toner-compatible-samsung-clt-y4092s-clt-y4072s-amarillo-reemplaza-su482a-su472a\\\/#primaryimage\"},\"thumbnailUrl\":\"https:\\\/\\\/www.maprofar.com\\\/tienda\\\/wp-content\\\/uploads\\\/2021\\\/03\\\/ST-CLP325YL-U.jpg\",\"datePublished\":\"2021-03-15T16:11:43+00:00\",\"dateModified\":\"2025-06-28T08:45:05+00:00\",\"description\":\"Toner Compatible\u00a0Samsung CLT-Y4092S\\\/CLT-Y4072S Amarillo - Reemplaza SU482A\\\/SU472A\",\"breadcrumb\":{\"@id\":\"https:\\\/\\\/www.maprofar.com\\\/tienda\\\/producto\\\/toner-compatible-samsung-clt-y4092s-clt-y4072s-amarillo-reemplaza-su482a-su472a\\\/#breadcrumb\"},\"inLanguage\":\"es\",\"potentialAction\":[{\"@type\":\"ReadAction\",\"target\":[\"https:\\\/\\\/www.maprofar.com\\\/tienda\\\/producto\\\/toner-compatible-samsung-clt-y4092s-clt-y4072s-amarillo-reemplaza-su482a-su472a\\\/\"]}]},{\"@type\":\"ImageObject\",\"inLanguage\":\"es\",\"@id\":\"https:\\\/\\\/www.maprofar.com\\\/tienda\\\/producto\\\/toner-compatible-samsung-clt-y4092s-clt-y4072s-amarillo-reemplaza-su482a-su472a\\\/#primaryimage\",\"url\":\"https:\\\/\\\/www.maprofar.com\\\/tienda\\\/wp-content\\\/uploads\\\/2021\\\/03\\\/ST-CLP325YL-U.jpg\",\"contentUrl\":\"https:\\\/\\\/www.maprofar.com\\\/tienda\\\/wp-content\\\/uploads\\\/2021\\\/03\\\/ST-CLP325YL-U.jpg\",\"width\":330,\"height\":220},{\"@type\":\"BreadcrumbList\",\"@id\":\"https:\\\/\\\/www.maprofar.com\\\/tienda\\\/producto\\\/toner-compatible-samsung-clt-y4092s-clt-y4072s-amarillo-reemplaza-su482a-su472a\\\/#breadcrumb\",\"itemListElement\":[{\"@type\":\"ListItem\",\"position\":1,\"name\":\"Portada\",\"item\":\"https:\\\/\\\/www.maprofar.com\\\/tienda\\\/\"},{\"@type\":\"ListItem\",\"position\":2,\"name\":\"Inicio\",\"item\":\"https:\\\/\\\/www.maprofar.com\\\/tienda\\\/\"},{\"@type\":\"ListItem\",\"position\":3,\"name\":\"Toner Compatible\u00a0Samsung CLT-Y4092S\\\/CLT-Y4072S Amarillo &#8211; Reemplaza SU482A\\\/SU472A\"}]},{\"@type\":\"WebSite\",\"@id\":\"https:\\\/\\\/www.maprofar.com\\\/tienda\\\/#website\",\"url\":\"https:\\\/\\\/www.maprofar.com\\\/tienda\\\/\",\"name\":\"Maprofar - Toner Compatibles y Material de Oficina\",\"description\":\"Encuentra en Maprofar tu t\u00f3ner compatible Brother y HP al mejor precio. Calidad garantizada, env\u00edo urgente 24h y asesoramiento t\u00e9cnico experto. \u00a1Vis\u00edtanos!\",\"publisher\":{\"@id\":\"https:\\\/\\\/www.maprofar.com\\\/tienda\\\/#organization\"},\"alternateName\":\"Maprofar Inform\u00e1tica\",\"potentialAction\":[{\"@type\":\"SearchAction\",\"target\":{\"@type\":\"EntryPoint\",\"urlTemplate\":\"https:\\\/\\\/www.maprofar.com\\\/tienda\\\/?s={search_term_string}\"},\"query-input\":{\"@type\":\"PropertyValueSpecification\",\"valueRequired\":true,\"valueName\":\"search_term_string\"}}],\"inLanguage\":\"es\"},{\"@type\":\"Organization\",\"@id\":\"https:\\\/\\\/www.maprofar.com\\\/tienda\\\/#organization\",\"name\":\"Maprofar S.L.\",\"url\":\"https:\\\/\\\/www.maprofar.com\\\/tienda\\\/\",\"logo\":{\"@type\":\"ImageObject\",\"inLanguage\":\"es\",\"@id\":\"https:\\\/\\\/www.maprofar.com\\\/tienda\\\/#\\\/schema\\\/logo\\\/image\\\/\",\"url\":\"https:\\\/\\\/www.maprofar.com\\\/tienda\\\/wp-content\\\/uploads\\\/2021\\\/05\\\/logo_circulo.jpg\",\"contentUrl\":\"https:\\\/\\\/www.maprofar.com\\\/tienda\\\/wp-content\\\/uploads\\\/2021\\\/05\\\/logo_circulo.jpg\",\"width\":404,\"height\":335,\"caption\":\"Maprofar S.L.\"},\"image\":{\"@id\":\"https:\\\/\\\/www.maprofar.com\\\/tienda\\\/#\\\/schema\\\/logo\\\/image\\\/\"},\"sameAs\":[\"https:\\\/\\\/es-es.facebook.com\\\/maprofar\",\"https:\\\/\\\/www.instagram.com\\\/maprofar_informatica\\\/\",\"https:\\\/\\\/www.pinterest.es\\\/maprofar\\\/\"]}]}<\/script>\n<!-- \/ Yoast SEO Premium plugin. -->","yoast_head_json":{"title":"Toner Compatible\u00a0Samsung CLT-Y4092S\/CLT-Y4072S Amarillo","description":"Toner Compatible\u00a0Samsung CLT-Y4092S\/CLT-Y4072S Amarillo - Reemplaza SU482A\/SU472A","robots":{"index":"index","follow":"follow","max-snippet":"max-snippet:-1","max-image-preview":"max-image-preview:large","max-video-preview":"max-video-preview:-1"},"canonical":"https:\/\/www.maprofar.com\/tienda\/producto\/toner-compatible-samsung-clt-y4092s-clt-y4072s-amarillo-reemplaza-su482a-su472a\/","og_locale":"es_ES","og_type":"article","og_title":"Toner Compatible\u00a0Samsung CLT-Y4092S\/CLT-Y4072S Amarillo - Reemplaza SU482A\/SU472A - Maprofar | T\u00f3ner Compatible Brother, HP y Soluciones de Impresi\u00f3n 3D","og_description":"En Maprofar encontrar\u00e1s t\u00f3ner compatibles de calidad y material de oficina al mejor precio. Ahorra sin sacrificar rendimiento. \u00a1Aprovecha nuestras ofertas y descuentos!","og_url":"https:\/\/www.maprofar.com\/tienda\/producto\/toner-compatible-samsung-clt-y4092s-clt-y4072s-amarillo-reemplaza-su482a-su472a\/","og_site_name":"Maprofar | T\u00f3ner Compatible Brother, HP y Soluciones de Impresi\u00f3n 3D","article_publisher":"https:\/\/es-es.facebook.com\/maprofar","article_modified_time":"2025-06-28T08:45:05+00:00","og_image":[{"width":330,"height":220,"url":"https:\/\/www.maprofar.com\/tienda\/wp-content\/uploads\/2021\/03\/ST-CLP325YL-U.jpg","type":"image\/jpeg"}],"twitter_card":"summary_large_image","twitter_misc":{"Tiempo de lectura":"1 minuto"},"schema":{"@context":"https:\/\/schema.org","@graph":[{"@type":"WebPage","@id":"https:\/\/www.maprofar.com\/tienda\/producto\/toner-compatible-samsung-clt-y4092s-clt-y4072s-amarillo-reemplaza-su482a-su472a\/","url":"https:\/\/www.maprofar.com\/tienda\/producto\/toner-compatible-samsung-clt-y4092s-clt-y4072s-amarillo-reemplaza-su482a-su472a\/","name":"Toner Compatible\u00a0Samsung CLT-Y4092S\/CLT-Y4072S Amarillo","isPartOf":{"@id":"https:\/\/www.maprofar.com\/tienda\/#website"},"primaryImageOfPage":{"@id":"https:\/\/www.maprofar.com\/tienda\/producto\/toner-compatible-samsung-clt-y4092s-clt-y4072s-amarillo-reemplaza-su482a-su472a\/#primaryimage"},"image":{"@id":"https:\/\/www.maprofar.com\/tienda\/producto\/toner-compatible-samsung-clt-y4092s-clt-y4072s-amarillo-reemplaza-su482a-su472a\/#primaryimage"},"thumbnailUrl":"https:\/\/www.maprofar.com\/tienda\/wp-content\/uploads\/2021\/03\/ST-CLP325YL-U.jpg","datePublished":"2021-03-15T16:11:43+00:00","dateModified":"2025-06-28T08:45:05+00:00","description":"Toner Compatible\u00a0Samsung CLT-Y4092S\/CLT-Y4072S Amarillo - Reemplaza SU482A\/SU472A","breadcrumb":{"@id":"https:\/\/www.maprofar.com\/tienda\/producto\/toner-compatible-samsung-clt-y4092s-clt-y4072s-amarillo-reemplaza-su482a-su472a\/#breadcrumb"},"inLanguage":"es","potentialAction":[{"@type":"ReadAction","target":["https:\/\/www.maprofar.com\/tienda\/producto\/toner-compatible-samsung-clt-y4092s-clt-y4072s-amarillo-reemplaza-su482a-su472a\/"]}]},{"@type":"ImageObject","inLanguage":"es","@id":"https:\/\/www.maprofar.com\/tienda\/producto\/toner-compatible-samsung-clt-y4092s-clt-y4072s-amarillo-reemplaza-su482a-su472a\/#primaryimage","url":"https:\/\/www.maprofar.com\/tienda\/wp-content\/uploads\/2021\/03\/ST-CLP325YL-U.jpg","contentUrl":"https:\/\/www.maprofar.com\/tienda\/wp-content\/uploads\/2021\/03\/ST-CLP325YL-U.jpg","width":330,"height":220},{"@type":"BreadcrumbList","@id":"https:\/\/www.maprofar.com\/tienda\/producto\/toner-compatible-samsung-clt-y4092s-clt-y4072s-amarillo-reemplaza-su482a-su472a\/#breadcrumb","itemListElement":[{"@type":"ListItem","position":1,"name":"Portada","item":"https:\/\/www.maprofar.com\/tienda\/"},{"@type":"ListItem","position":2,"name":"Inicio","item":"https:\/\/www.maprofar.com\/tienda\/"},{"@type":"ListItem","position":3,"name":"Toner Compatible\u00a0Samsung CLT-Y4092S\/CLT-Y4072S Amarillo &#8211; Reemplaza SU482A\/SU472A"}]},{"@type":"WebSite","@id":"https:\/\/www.maprofar.com\/tienda\/#website","url":"https:\/\/www.maprofar.com\/tienda\/","name":"Maprofar - Toner Compatibles y Material de Oficina","description":"Encuentra en Maprofar tu t\u00f3ner compatible Brother y HP al mejor precio. Calidad garantizada, env\u00edo urgente 24h y asesoramiento t\u00e9cnico experto. \u00a1Vis\u00edtanos!","publisher":{"@id":"https:\/\/www.maprofar.com\/tienda\/#organization"},"alternateName":"Maprofar Inform\u00e1tica","potentialAction":[{"@type":"SearchAction","target":{"@type":"EntryPoint","urlTemplate":"https:\/\/www.maprofar.com\/tienda\/?s={search_term_string}"},"query-input":{"@type":"PropertyValueSpecification","valueRequired":true,"valueName":"search_term_string"}}],"inLanguage":"es"},{"@type":"Organization","@id":"https:\/\/www.maprofar.com\/tienda\/#organization","name":"Maprofar S.L.","url":"https:\/\/www.maprofar.com\/tienda\/","logo":{"@type":"ImageObject","inLanguage":"es","@id":"https:\/\/www.maprofar.com\/tienda\/#\/schema\/logo\/image\/","url":"https:\/\/www.maprofar.com\/tienda\/wp-content\/uploads\/2021\/05\/logo_circulo.jpg","contentUrl":"https:\/\/www.maprofar.com\/tienda\/wp-content\/uploads\/2021\/05\/logo_circulo.jpg","width":404,"height":335,"caption":"Maprofar S.L."},"image":{"@id":"https:\/\/www.maprofar.com\/tienda\/#\/schema\/logo\/image\/"},"sameAs":["https:\/\/es-es.facebook.com\/maprofar","https:\/\/www.instagram.com\/maprofar_informatica\/","https:\/\/www.pinterest.es\/maprofar\/"]}]}},"_links":{"self":[{"href":"https:\/\/www.maprofar.com\/tienda\/wp-json\/wp\/v2\/product\/3355","targetHints":{"allow":["GET"]}}],"collection":[{"href":"https:\/\/www.maprofar.com\/tienda\/wp-json\/wp\/v2\/product"}],"about":[{"href":"https:\/\/www.maprofar.com\/tienda\/wp-json\/wp\/v2\/types\/product"}],"wp:featuredmedia":[{"embeddable":true,"href":"https:\/\/www.maprofar.com\/tienda\/wp-json\/wp\/v2\/media\/3356"}],"wp:attachment":[{"href":"https:\/\/www.maprofar.com\/tienda\/wp-json\/wp\/v2\/media?parent=3355"}],"wp:term":[{"taxonomy":"product_brand","embeddable":true,"href":"https:\/\/www.maprofar.com\/tienda\/wp-json\/wp\/v2\/product_brand?post=3355"},{"taxonomy":"product_cat","embeddable":true,"href":"https:\/\/www.maprofar.com\/tienda\/wp-json\/wp\/v2\/product_cat?post=3355"},{"taxonomy":"product_tag","embeddable":true,"href":"https:\/\/www.maprofar.com\/tienda\/wp-json\/wp\/v2\/product_tag?post=3355"}],"curies":[{"name":"wp","href":"https:\/\/api.w.org\/{rel}","templated":true}]}}