{"id":5266,"date":"2022-04-25T16:47:51","date_gmt":"2022-04-25T14:47:51","guid":{"rendered":"https:\/\/www.maprofar.com\/tienda\/?post_type=product&#038;p=5266"},"modified":"2025-12-12T11:58:20","modified_gmt":"2025-12-12T10:58:20","slug":"rexel-secure-x6-destructora-de-papel-manual-corte-en-particulas-destruye-hasta-6-hojas-10l","status":"publish","type":"product","link":"https:\/\/www.maprofar.com\/tienda\/producto\/rexel-secure-x6-destructora-de-papel-manual-corte-en-particulas-destruye-hasta-6-hojas-10l\/","title":{"rendered":"Rexel Secure X6 Destructora de Papel Manual Corte en Particulas &#8211; Destruye hasta 6 Hojas &#8211; 10L"},"content":{"rendered":"<p>La gama de destructoras de papel Secure de Rexel es ideal para destruir sus documentos personales e informaci\u00f3n confidencial en casa. La m\u00e1quina destructora Secure X6 destruye hasta 6 hojas de papel A4 (80 grs) de una sola vez a trav\u00e9s de la ranura de alimentaci\u00f3n manual en part\u00edculas de nivel de seguridad P-4 (4&#215;40 mm). Esta peque\u00f1a destructora de corte en part\u00edculas es perfecta para usar como destructora dom\u00e9stica en una oficina en casa, o tambi\u00e9n es una destructora de oficina personal ideal que se adapta c\u00f3modamente debajo de un escritorio debido a su tama\u00f1o compacto y adecuado. Dise\u00f1ada para un uso de espor\u00e1dico a moderado con una capacidad de papelera de 10 litros.<\/p>\n<p>Caracter\u00edsticas:<\/p>\n<p>-Destruye hasta 6 hojas A4 (80 grs) a la vez.<br \/>\n-Corte en part\u00edculas (nivel de seguridad P-4 DIN).<br \/>\n-Capacidad de la papelera de 10L (100 hojas A4) con la tapa extra\u00edble para vaciarla. Ventana de papelera transparente para ver cuando est\u00e1 llena.<br \/>\n-Trituraci\u00f3n silenciosa &lt;70 dBA.<br \/>\n-Destruye grapas y clips.<br \/>\n-3 minutos de funcionamiento continuo.<br \/>\n-Funci\u00f3n de avance \/ retroceso manual.<\/p>\n<p>Especificaciones:<\/p>\n<p>-Color: Negro<br \/>\n-Dimensiones: 320 x 300 x 170<br \/>\n-Tama\u00f1o de destrucci\u00f3n: 4x40mm<br \/>\n-Nivel de seguridad: P-4<br \/>\n-Capacidad de la papelera en l: 10<br \/>\n-Capacidad de corte (hojas 80 grs): 6<br \/>\n-Peso: 3,3<\/p>\n<p><span style=\"color: #999999;\">Comprar Rexel Secure X6 Destructora de Papel Manual Corte en Particulas &#8211; Destruye hasta 6 Hojas &#8211; 10L<\/span><\/p>\n","protected":false},"excerpt":{"rendered":"<p class=\"titulo_subseccion_da\">CARACTER\u00cdSTICAS<\/p>\n<div class=\"listado_caracteristicas_da\"><span class=\"linea_datos_da\">\u2022 Marca:\u00a0<span class=\"gris_400\" title=\"Rexel\">Rexel <\/span><\/span><span class=\"linea_datos_da\" title=\"Negro\">\u2022 Color:\u00a0<span class=\"gris_400\">Negro<\/span><\/span><\/div>\n<div class=\"listado_caracteristicas_da\"><span class=\"linea_datos_da\" title=\"Rexel\">\u2022 Fabricante:\u00a0<span class=\"gris_400\">Rexel<\/span><\/span><\/div>\n<div class=\"listado_caracteristicas_da\"><span class=\"linea_datos_da\" title=\"\" aria-describedby=\"ui-id-10\">\u2022 Ref.:\u00a0<span class=\"gris_400\">2020122EU<\/span><\/span><\/div>\n","protected":false},"featured_media":5267,"template":"","meta":[],"product_brand":[],"product_cat":[142],"product_tag":[],"class_list":{"0":"post-5266","1":"product","2":"type-product","3":"status-publish","4":"has-post-thumbnail","6":"product_cat-destructoras-de-papel","8":"first","9":"instock","10":"taxable","11":"shipping-taxable","12":"purchasable","13":"product-type-simple"},"yoast_head":"<!-- This site is optimized with the Yoast SEO Premium plugin v22.3 (Yoast SEO v27.4) - https:\/\/yoast.com\/product\/yoast-seo-premium-wordpress\/ -->\n<title>Rexel Secure X6 Destructora de Papel Manual Corte en Particulas - 10L<\/title>\n<meta name=\"description\" content=\"Rexel Secure X6 Destructora de Papel Manual Corte en Particulas - Destruye hasta 6 Hojas - 10L -\" \/>\n<meta name=\"robots\" content=\"index, follow, max-snippet:-1, max-image-preview:large, max-video-preview:-1\" \/>\n<link rel=\"canonical\" href=\"https:\/\/www.maprofar.com\/tienda\/producto\/rexel-secure-x6-destructora-de-papel-manual-corte-en-particulas-destruye-hasta-6-hojas-10l\/\" \/>\n<meta property=\"og:locale\" content=\"es_ES\" \/>\n<meta property=\"og:type\" content=\"article\" \/>\n<meta property=\"og:title\" content=\"Rexel Secure X6 Destructora de Papel Manual Corte en Particulas - Destruye hasta 6 Hojas - 10L - Maprofar | T\u00f3ner Compatible Brother, HP y Soluciones de Impresi\u00f3n 3D\" \/>\n<meta property=\"og:description\" content=\"En Maprofar encontrar\u00e1s t\u00f3ner compatibles de calidad y material de oficina al mejor precio. Ahorra sin sacrificar rendimiento. \u00a1Aprovecha nuestras ofertas y descuentos!\" \/>\n<meta property=\"og:url\" content=\"https:\/\/www.maprofar.com\/tienda\/producto\/rexel-secure-x6-destructora-de-papel-manual-corte-en-particulas-destruye-hasta-6-hojas-10l\/\" \/>\n<meta property=\"og:site_name\" content=\"Maprofar | T\u00f3ner Compatible Brother, HP y Soluciones de Impresi\u00f3n 3D\" \/>\n<meta property=\"article:publisher\" content=\"https:\/\/es-es.facebook.com\/maprofar\" \/>\n<meta property=\"article:modified_time\" content=\"2025-12-12T10:58:20+00:00\" \/>\n<meta property=\"og:image\" content=\"https:\/\/www.maprofar.com\/tienda\/wp-content\/uploads\/2022\/04\/2020122EU_1.jpg\" \/>\n\t<meta property=\"og:image:width\" content=\"440\" \/>\n\t<meta property=\"og:image:height\" content=\"428\" \/>\n\t<meta property=\"og:image:type\" content=\"image\/jpeg\" \/>\n<meta name=\"twitter:card\" content=\"summary_large_image\" \/>\n<meta name=\"twitter:label1\" content=\"Tiempo de lectura\" \/>\n\t<meta name=\"twitter:data1\" content=\"2 minutos\" \/>\n<script type=\"application\/ld+json\" class=\"yoast-schema-graph\">{\"@context\":\"https:\\\/\\\/schema.org\",\"@graph\":[{\"@type\":\"WebPage\",\"@id\":\"https:\\\/\\\/www.maprofar.com\\\/tienda\\\/producto\\\/rexel-secure-x6-destructora-de-papel-manual-corte-en-particulas-destruye-hasta-6-hojas-10l\\\/\",\"url\":\"https:\\\/\\\/www.maprofar.com\\\/tienda\\\/producto\\\/rexel-secure-x6-destructora-de-papel-manual-corte-en-particulas-destruye-hasta-6-hojas-10l\\\/\",\"name\":\"Rexel Secure X6 Destructora de Papel Manual Corte en Particulas - 10L\",\"isPartOf\":{\"@id\":\"https:\\\/\\\/www.maprofar.com\\\/tienda\\\/#website\"},\"primaryImageOfPage\":{\"@id\":\"https:\\\/\\\/www.maprofar.com\\\/tienda\\\/producto\\\/rexel-secure-x6-destructora-de-papel-manual-corte-en-particulas-destruye-hasta-6-hojas-10l\\\/#primaryimage\"},\"image\":{\"@id\":\"https:\\\/\\\/www.maprofar.com\\\/tienda\\\/producto\\\/rexel-secure-x6-destructora-de-papel-manual-corte-en-particulas-destruye-hasta-6-hojas-10l\\\/#primaryimage\"},\"thumbnailUrl\":\"https:\\\/\\\/www.maprofar.com\\\/tienda\\\/wp-content\\\/uploads\\\/2022\\\/04\\\/2020122EU_1.jpg\",\"datePublished\":\"2022-04-25T14:47:51+00:00\",\"dateModified\":\"2025-12-12T10:58:20+00:00\",\"description\":\"Rexel Secure X6 Destructora de Papel Manual Corte en Particulas - Destruye hasta 6 Hojas - 10L -\",\"breadcrumb\":{\"@id\":\"https:\\\/\\\/www.maprofar.com\\\/tienda\\\/producto\\\/rexel-secure-x6-destructora-de-papel-manual-corte-en-particulas-destruye-hasta-6-hojas-10l\\\/#breadcrumb\"},\"inLanguage\":\"es\",\"potentialAction\":[{\"@type\":\"ReadAction\",\"target\":[\"https:\\\/\\\/www.maprofar.com\\\/tienda\\\/producto\\\/rexel-secure-x6-destructora-de-papel-manual-corte-en-particulas-destruye-hasta-6-hojas-10l\\\/\"]}]},{\"@type\":\"ImageObject\",\"inLanguage\":\"es\",\"@id\":\"https:\\\/\\\/www.maprofar.com\\\/tienda\\\/producto\\\/rexel-secure-x6-destructora-de-papel-manual-corte-en-particulas-destruye-hasta-6-hojas-10l\\\/#primaryimage\",\"url\":\"https:\\\/\\\/www.maprofar.com\\\/tienda\\\/wp-content\\\/uploads\\\/2022\\\/04\\\/2020122EU_1.jpg\",\"contentUrl\":\"https:\\\/\\\/www.maprofar.com\\\/tienda\\\/wp-content\\\/uploads\\\/2022\\\/04\\\/2020122EU_1.jpg\",\"width\":440,\"height\":428,\"caption\":\"Rexel Secure X6 Destructora de Papel Manual Corte en Particulas - Destruye hasta 6 Hojas - 10L\"},{\"@type\":\"BreadcrumbList\",\"@id\":\"https:\\\/\\\/www.maprofar.com\\\/tienda\\\/producto\\\/rexel-secure-x6-destructora-de-papel-manual-corte-en-particulas-destruye-hasta-6-hojas-10l\\\/#breadcrumb\",\"itemListElement\":[{\"@type\":\"ListItem\",\"position\":1,\"name\":\"Portada\",\"item\":\"https:\\\/\\\/www.maprofar.com\\\/tienda\\\/\"},{\"@type\":\"ListItem\",\"position\":2,\"name\":\"Inicio\",\"item\":\"https:\\\/\\\/www.maprofar.com\\\/tienda\\\/\"},{\"@type\":\"ListItem\",\"position\":3,\"name\":\"Rexel Secure X6 Destructora de Papel Manual Corte en Particulas &#8211; Destruye hasta 6 Hojas &#8211; 10L\"}]},{\"@type\":\"WebSite\",\"@id\":\"https:\\\/\\\/www.maprofar.com\\\/tienda\\\/#website\",\"url\":\"https:\\\/\\\/www.maprofar.com\\\/tienda\\\/\",\"name\":\"Maprofar | T\u00f3ner Compatible Brother, HP y Soluciones de Impresi\u00f3n 3D\",\"description\":\"Encuentra en Maprofar tu t\u00f3ner compatible Brother y HP al mejor precio. Calidad garantizada, env\u00edo urgente 24h y asesoramiento t\u00e9cnico experto. \u00a1Vis\u00edtanos!\",\"publisher\":{\"@id\":\"https:\\\/\\\/www.maprofar.com\\\/tienda\\\/#organization\"},\"alternateName\":\"Maprofar Inform\u00e1tica\",\"potentialAction\":[{\"@type\":\"SearchAction\",\"target\":{\"@type\":\"EntryPoint\",\"urlTemplate\":\"https:\\\/\\\/www.maprofar.com\\\/tienda\\\/?s={search_term_string}\"},\"query-input\":{\"@type\":\"PropertyValueSpecification\",\"valueRequired\":true,\"valueName\":\"search_term_string\"}}],\"inLanguage\":\"es\"},{\"@type\":\"Organization\",\"@id\":\"https:\\\/\\\/www.maprofar.com\\\/tienda\\\/#organization\",\"name\":\"Maprofar S.L.\",\"url\":\"https:\\\/\\\/www.maprofar.com\\\/tienda\\\/\",\"logo\":{\"@type\":\"ImageObject\",\"inLanguage\":\"es\",\"@id\":\"https:\\\/\\\/www.maprofar.com\\\/tienda\\\/#\\\/schema\\\/logo\\\/image\\\/\",\"url\":\"https:\\\/\\\/www.maprofar.com\\\/tienda\\\/wp-content\\\/uploads\\\/2021\\\/05\\\/logo_circulo.jpg\",\"contentUrl\":\"https:\\\/\\\/www.maprofar.com\\\/tienda\\\/wp-content\\\/uploads\\\/2021\\\/05\\\/logo_circulo.jpg\",\"width\":404,\"height\":335,\"caption\":\"Maprofar S.L.\"},\"image\":{\"@id\":\"https:\\\/\\\/www.maprofar.com\\\/tienda\\\/#\\\/schema\\\/logo\\\/image\\\/\"},\"sameAs\":[\"https:\\\/\\\/es-es.facebook.com\\\/maprofar\",\"https:\\\/\\\/www.instagram.com\\\/maprofar_informatica\\\/\",\"https:\\\/\\\/www.pinterest.es\\\/maprofar\\\/\"]}]}<\/script>\n<!-- \/ Yoast SEO Premium plugin. -->","yoast_head_json":{"title":"Rexel Secure X6 Destructora de Papel Manual Corte en Particulas - 10L","description":"Rexel Secure X6 Destructora de Papel Manual Corte en Particulas - Destruye hasta 6 Hojas - 10L -","robots":{"index":"index","follow":"follow","max-snippet":"max-snippet:-1","max-image-preview":"max-image-preview:large","max-video-preview":"max-video-preview:-1"},"canonical":"https:\/\/www.maprofar.com\/tienda\/producto\/rexel-secure-x6-destructora-de-papel-manual-corte-en-particulas-destruye-hasta-6-hojas-10l\/","og_locale":"es_ES","og_type":"article","og_title":"Rexel Secure X6 Destructora de Papel Manual Corte en Particulas - Destruye hasta 6 Hojas - 10L - Maprofar | T\u00f3ner Compatible Brother, HP y Soluciones de Impresi\u00f3n 3D","og_description":"En Maprofar encontrar\u00e1s t\u00f3ner compatibles de calidad y material de oficina al mejor precio. Ahorra sin sacrificar rendimiento. \u00a1Aprovecha nuestras ofertas y descuentos!","og_url":"https:\/\/www.maprofar.com\/tienda\/producto\/rexel-secure-x6-destructora-de-papel-manual-corte-en-particulas-destruye-hasta-6-hojas-10l\/","og_site_name":"Maprofar | T\u00f3ner Compatible Brother, HP y Soluciones de Impresi\u00f3n 3D","article_publisher":"https:\/\/es-es.facebook.com\/maprofar","article_modified_time":"2025-12-12T10:58:20+00:00","og_image":[{"width":440,"height":428,"url":"https:\/\/www.maprofar.com\/tienda\/wp-content\/uploads\/2022\/04\/2020122EU_1.jpg","type":"image\/jpeg"}],"twitter_card":"summary_large_image","twitter_misc":{"Tiempo de lectura":"2 minutos"},"schema":{"@context":"https:\/\/schema.org","@graph":[{"@type":"WebPage","@id":"https:\/\/www.maprofar.com\/tienda\/producto\/rexel-secure-x6-destructora-de-papel-manual-corte-en-particulas-destruye-hasta-6-hojas-10l\/","url":"https:\/\/www.maprofar.com\/tienda\/producto\/rexel-secure-x6-destructora-de-papel-manual-corte-en-particulas-destruye-hasta-6-hojas-10l\/","name":"Rexel Secure X6 Destructora de Papel Manual Corte en Particulas - 10L","isPartOf":{"@id":"https:\/\/www.maprofar.com\/tienda\/#website"},"primaryImageOfPage":{"@id":"https:\/\/www.maprofar.com\/tienda\/producto\/rexel-secure-x6-destructora-de-papel-manual-corte-en-particulas-destruye-hasta-6-hojas-10l\/#primaryimage"},"image":{"@id":"https:\/\/www.maprofar.com\/tienda\/producto\/rexel-secure-x6-destructora-de-papel-manual-corte-en-particulas-destruye-hasta-6-hojas-10l\/#primaryimage"},"thumbnailUrl":"https:\/\/www.maprofar.com\/tienda\/wp-content\/uploads\/2022\/04\/2020122EU_1.jpg","datePublished":"2022-04-25T14:47:51+00:00","dateModified":"2025-12-12T10:58:20+00:00","description":"Rexel Secure X6 Destructora de Papel Manual Corte en Particulas - Destruye hasta 6 Hojas - 10L -","breadcrumb":{"@id":"https:\/\/www.maprofar.com\/tienda\/producto\/rexel-secure-x6-destructora-de-papel-manual-corte-en-particulas-destruye-hasta-6-hojas-10l\/#breadcrumb"},"inLanguage":"es","potentialAction":[{"@type":"ReadAction","target":["https:\/\/www.maprofar.com\/tienda\/producto\/rexel-secure-x6-destructora-de-papel-manual-corte-en-particulas-destruye-hasta-6-hojas-10l\/"]}]},{"@type":"ImageObject","inLanguage":"es","@id":"https:\/\/www.maprofar.com\/tienda\/producto\/rexel-secure-x6-destructora-de-papel-manual-corte-en-particulas-destruye-hasta-6-hojas-10l\/#primaryimage","url":"https:\/\/www.maprofar.com\/tienda\/wp-content\/uploads\/2022\/04\/2020122EU_1.jpg","contentUrl":"https:\/\/www.maprofar.com\/tienda\/wp-content\/uploads\/2022\/04\/2020122EU_1.jpg","width":440,"height":428,"caption":"Rexel Secure X6 Destructora de Papel Manual Corte en Particulas - Destruye hasta 6 Hojas - 10L"},{"@type":"BreadcrumbList","@id":"https:\/\/www.maprofar.com\/tienda\/producto\/rexel-secure-x6-destructora-de-papel-manual-corte-en-particulas-destruye-hasta-6-hojas-10l\/#breadcrumb","itemListElement":[{"@type":"ListItem","position":1,"name":"Portada","item":"https:\/\/www.maprofar.com\/tienda\/"},{"@type":"ListItem","position":2,"name":"Inicio","item":"https:\/\/www.maprofar.com\/tienda\/"},{"@type":"ListItem","position":3,"name":"Rexel Secure X6 Destructora de Papel Manual Corte en Particulas &#8211; Destruye hasta 6 Hojas &#8211; 10L"}]},{"@type":"WebSite","@id":"https:\/\/www.maprofar.com\/tienda\/#website","url":"https:\/\/www.maprofar.com\/tienda\/","name":"Maprofar | T\u00f3ner Compatible Brother, HP y Soluciones de Impresi\u00f3n 3D","description":"Encuentra en Maprofar tu t\u00f3ner compatible Brother y HP al mejor precio. Calidad garantizada, env\u00edo urgente 24h y asesoramiento t\u00e9cnico experto. \u00a1Vis\u00edtanos!","publisher":{"@id":"https:\/\/www.maprofar.com\/tienda\/#organization"},"alternateName":"Maprofar Inform\u00e1tica","potentialAction":[{"@type":"SearchAction","target":{"@type":"EntryPoint","urlTemplate":"https:\/\/www.maprofar.com\/tienda\/?s={search_term_string}"},"query-input":{"@type":"PropertyValueSpecification","valueRequired":true,"valueName":"search_term_string"}}],"inLanguage":"es"},{"@type":"Organization","@id":"https:\/\/www.maprofar.com\/tienda\/#organization","name":"Maprofar S.L.","url":"https:\/\/www.maprofar.com\/tienda\/","logo":{"@type":"ImageObject","inLanguage":"es","@id":"https:\/\/www.maprofar.com\/tienda\/#\/schema\/logo\/image\/","url":"https:\/\/www.maprofar.com\/tienda\/wp-content\/uploads\/2021\/05\/logo_circulo.jpg","contentUrl":"https:\/\/www.maprofar.com\/tienda\/wp-content\/uploads\/2021\/05\/logo_circulo.jpg","width":404,"height":335,"caption":"Maprofar S.L."},"image":{"@id":"https:\/\/www.maprofar.com\/tienda\/#\/schema\/logo\/image\/"},"sameAs":["https:\/\/es-es.facebook.com\/maprofar","https:\/\/www.instagram.com\/maprofar_informatica\/","https:\/\/www.pinterest.es\/maprofar\/"]}]}},"_links":{"self":[{"href":"https:\/\/www.maprofar.com\/tienda\/wp-json\/wp\/v2\/product\/5266","targetHints":{"allow":["GET"]}}],"collection":[{"href":"https:\/\/www.maprofar.com\/tienda\/wp-json\/wp\/v2\/product"}],"about":[{"href":"https:\/\/www.maprofar.com\/tienda\/wp-json\/wp\/v2\/types\/product"}],"wp:featuredmedia":[{"embeddable":true,"href":"https:\/\/www.maprofar.com\/tienda\/wp-json\/wp\/v2\/media\/5267"}],"wp:attachment":[{"href":"https:\/\/www.maprofar.com\/tienda\/wp-json\/wp\/v2\/media?parent=5266"}],"wp:term":[{"taxonomy":"product_brand","embeddable":true,"href":"https:\/\/www.maprofar.com\/tienda\/wp-json\/wp\/v2\/product_brand?post=5266"},{"taxonomy":"product_cat","embeddable":true,"href":"https:\/\/www.maprofar.com\/tienda\/wp-json\/wp\/v2\/product_cat?post=5266"},{"taxonomy":"product_tag","embeddable":true,"href":"https:\/\/www.maprofar.com\/tienda\/wp-json\/wp\/v2\/product_tag?post=5266"}],"curies":[{"name":"wp","href":"https:\/\/api.w.org\/{rel}","templated":true}]}}