{"id":5306,"date":"2022-04-27T08:22:22","date_gmt":"2022-04-27T06:22:22","guid":{"rendered":"https:\/\/www.maprofar.com\/tienda\/?post_type=product&#038;p=5306"},"modified":"2025-12-12T11:55:46","modified_gmt":"2025-12-12T10:55:46","slug":"rexel-optimum-autofeed-45x-destructora-automatica-de-corte-en-particulas-20l-alimentacion-automatica-45-hojas-ranura-manual-6-hojas-anti-atasco","status":"publish","type":"product","link":"https:\/\/www.maprofar.com\/tienda\/producto\/rexel-optimum-autofeed-45x-destructora-automatica-de-corte-en-particulas-20l-alimentacion-automatica-45-hojas-ranura-manual-6-hojas-anti-atasco\/","title":{"rendered":"Rexel Optimum AutoFeed 45X Destructora Automatica de Corte en Particulas- 20L &#8211; Alimentacion Automatica 45 hojas &#8211; Ranura Manual 6 Hojas &#8211; Anti Atasco"},"content":{"rendered":"<p>La destructora de corte en part\u00edculas Optimum AutoFeed 45X tritura autom\u00e1ticamente hasta 45 hojas de papel A4 (80 grs.) a la vez, en part\u00edculas P-4 (4&#215;28 mm). Esta destructora de alimentaci\u00f3n autom\u00e1tica es ideal para su uso como trituradora dom\u00e9stica o de oficina dom\u00e9stica debido a su papelera compacta de 20 litros. No es necesario alimentar manualmente el papel, ni quitar grapas y clips de papel primero, esta destructora de papel autom\u00e1tica har\u00e1 todo el trabajo por ti.<\/p>\n<p>Caracter\u00edsticas:<\/p>\n<p>-Alimentaci\u00f3n autom\u00e1tica de hasta 45 hojas de papel A4 (80 grs.) a la vez. Ranura manual hasta 6 hojas.<br \/>\n-Corte en part\u00edculas P-4 (4x28mm).<br \/>\n-Capacidad de la papelera de 20l con tapa extra\u00edble.<br \/>\n-Tecnolog\u00eda anti atascos.<br \/>\n-Destruye tarjetas de cr\u00e9dito, grapas y clips.<br \/>\n-10 minutos de tiempo de funcionamiento continuo con enfriamiento del ventilador.<br \/>\n-Panel de control t\u00e1ctil.<br \/>\n-Nivel de ruido ultra silencioso de 55 dBA.<br \/>\n-Sensor de compartimento lleno con infrarrojos.<\/p>\n<p>Especificaciones:<\/p>\n<p>-Color: Negro<br \/>\n-Dimensiones: 363 x 345 x 430<br \/>\n-Tiempo de funcionamiento desde fr\u00edo: 10<br \/>\n-M\u00e1xima amplitud de entrada (mm): 220<br \/>\n-Capacidad de corte (hojas 80 grs): Alimentaci\u00f3n autom\u00e1tica 45 hojas (m\u00e1x.). Ranura manual de hasta 6 hojas (80 grs.).<br \/>\n-Tipo de corte: Corte en part\u00edculas<br \/>\n-Capacidad de la papelera en l: 20<br \/>\n-Material destruido: Tarjetas de cr\u00e9dito, grapas y clips.<br \/>\n-Peso: 9,95<\/p>\n<p><span style=\"color: #999999;\">Comprar Rexel Optimum AutoFeed 45X Destructora Autom\u00e1tica de Corte en Part\u00edculas- 20L &#8211; Alimentaci\u00f3n Autom\u00e1tica 45 hojas &#8211; Ranura Manual 6 Hojas &#8211; Anti Atasco<\/span><\/p>\n","protected":false},"excerpt":{"rendered":"<p class=\"titulo_subseccion_da\">CARACTER\u00cdSTICAS<\/p>\n<div class=\"listado_caracteristicas_da\"><span class=\"linea_datos_da\">\u2022 Marca:\u00a0<span class=\"gris_400\" title=\"Rexel\">Rexel<\/span><\/span><\/div>\n<div class=\"listado_caracteristicas_da\"><span class=\"linea_datos_da\" title=\"Negro\">\u2022 Color:\u00a0<span class=\"gris_400\">Negro<\/span><\/span><\/div>\n<div class=\"listado_caracteristicas_da\"><span class=\"linea_datos_da\" title=\"Rexel\">\u2022 Fabricante:\u00a0<span class=\"gris_400\">Rexel<\/span><\/span><\/div>\n<div class=\"listado_caracteristicas_da\"><span class=\"linea_datos_da\" title=\"\" aria-describedby=\"ui-id-28\">\u2022 Ref.:\u00a0<span class=\"gris_400\">2020045XEU<\/span><\/span><\/div>\n","protected":false},"featured_media":5307,"template":"","meta":[],"product_brand":[],"product_cat":[142],"product_tag":[],"class_list":{"0":"post-5306","1":"product","2":"type-product","3":"status-publish","4":"has-post-thumbnail","6":"product_cat-destructoras-de-papel","8":"first","9":"instock","10":"taxable","11":"shipping-taxable","12":"purchasable","13":"product-type-simple"},"yoast_head":"<!-- This site is optimized with the Yoast SEO Premium plugin v22.3 (Yoast SEO v27.4) - https:\/\/yoast.com\/product\/yoast-seo-premium-wordpress\/ -->\n<title>Rexel Optimum AutoFeed 45X Automatica Corte en Particulas- 20L<\/title>\n<meta name=\"description\" content=\"Rexel Optimum AutoFeed 45X Destructora Automatica de Corte en Particulas- 20L - Alimentacion Automatica 45 hojas - Anti Atasco - 2020045XEU\" \/>\n<meta name=\"robots\" content=\"index, follow, max-snippet:-1, max-image-preview:large, max-video-preview:-1\" \/>\n<link rel=\"canonical\" href=\"https:\/\/www.maprofar.com\/tienda\/producto\/rexel-optimum-autofeed-45x-destructora-automatica-de-corte-en-particulas-20l-alimentacion-automatica-45-hojas-ranura-manual-6-hojas-anti-atasco\/\" \/>\n<meta property=\"og:locale\" content=\"es_ES\" \/>\n<meta property=\"og:type\" content=\"article\" \/>\n<meta property=\"og:title\" content=\"Rexel Optimum AutoFeed 45X Destructora Automatica de Corte en Particulas- 20L - Alimentacion Automatica 45 hojas - Ranura Manual 6 Hojas - Anti Atasco - Maprofar | T\u00f3ner Compatible Brother, HP y Soluciones de Impresi\u00f3n 3D\" \/>\n<meta property=\"og:description\" content=\"En Maprofar encontrar\u00e1s t\u00f3ner compatibles de calidad y material de oficina al mejor precio. Ahorra sin sacrificar rendimiento. \u00a1Aprovecha nuestras ofertas y descuentos!\" \/>\n<meta property=\"og:url\" content=\"https:\/\/www.maprofar.com\/tienda\/producto\/rexel-optimum-autofeed-45x-destructora-automatica-de-corte-en-particulas-20l-alimentacion-automatica-45-hojas-ranura-manual-6-hojas-anti-atasco\/\" \/>\n<meta property=\"og:site_name\" content=\"Maprofar | T\u00f3ner Compatible Brother, HP y Soluciones de Impresi\u00f3n 3D\" \/>\n<meta property=\"article:publisher\" content=\"https:\/\/es-es.facebook.com\/maprofar\" \/>\n<meta property=\"article:modified_time\" content=\"2025-12-12T10:55:46+00:00\" \/>\n<meta property=\"og:image\" content=\"https:\/\/www.maprofar.com\/tienda\/wp-content\/uploads\/2022\/04\/2020045XEU_1.jpg\" \/>\n\t<meta property=\"og:image:width\" content=\"440\" \/>\n\t<meta property=\"og:image:height\" content=\"578\" \/>\n\t<meta property=\"og:image:type\" content=\"image\/jpeg\" \/>\n<meta name=\"twitter:card\" content=\"summary_large_image\" \/>\n<meta name=\"twitter:label1\" content=\"Tiempo de lectura\" \/>\n\t<meta name=\"twitter:data1\" content=\"2 minutos\" \/>\n<script type=\"application\/ld+json\" class=\"yoast-schema-graph\">{\"@context\":\"https:\\\/\\\/schema.org\",\"@graph\":[{\"@type\":\"WebPage\",\"@id\":\"https:\\\/\\\/www.maprofar.com\\\/tienda\\\/producto\\\/rexel-optimum-autofeed-45x-destructora-automatica-de-corte-en-particulas-20l-alimentacion-automatica-45-hojas-ranura-manual-6-hojas-anti-atasco\\\/\",\"url\":\"https:\\\/\\\/www.maprofar.com\\\/tienda\\\/producto\\\/rexel-optimum-autofeed-45x-destructora-automatica-de-corte-en-particulas-20l-alimentacion-automatica-45-hojas-ranura-manual-6-hojas-anti-atasco\\\/\",\"name\":\"Rexel Optimum AutoFeed 45X Automatica Corte en Particulas- 20L\",\"isPartOf\":{\"@id\":\"https:\\\/\\\/www.maprofar.com\\\/tienda\\\/#website\"},\"primaryImageOfPage\":{\"@id\":\"https:\\\/\\\/www.maprofar.com\\\/tienda\\\/producto\\\/rexel-optimum-autofeed-45x-destructora-automatica-de-corte-en-particulas-20l-alimentacion-automatica-45-hojas-ranura-manual-6-hojas-anti-atasco\\\/#primaryimage\"},\"image\":{\"@id\":\"https:\\\/\\\/www.maprofar.com\\\/tienda\\\/producto\\\/rexel-optimum-autofeed-45x-destructora-automatica-de-corte-en-particulas-20l-alimentacion-automatica-45-hojas-ranura-manual-6-hojas-anti-atasco\\\/#primaryimage\"},\"thumbnailUrl\":\"https:\\\/\\\/www.maprofar.com\\\/tienda\\\/wp-content\\\/uploads\\\/2022\\\/04\\\/2020045XEU_1.jpg\",\"datePublished\":\"2022-04-27T06:22:22+00:00\",\"dateModified\":\"2025-12-12T10:55:46+00:00\",\"description\":\"Rexel Optimum AutoFeed 45X Destructora Automatica de Corte en Particulas- 20L - Alimentacion Automatica 45 hojas - Anti Atasco - 2020045XEU\",\"breadcrumb\":{\"@id\":\"https:\\\/\\\/www.maprofar.com\\\/tienda\\\/producto\\\/rexel-optimum-autofeed-45x-destructora-automatica-de-corte-en-particulas-20l-alimentacion-automatica-45-hojas-ranura-manual-6-hojas-anti-atasco\\\/#breadcrumb\"},\"inLanguage\":\"es\",\"potentialAction\":[{\"@type\":\"ReadAction\",\"target\":[\"https:\\\/\\\/www.maprofar.com\\\/tienda\\\/producto\\\/rexel-optimum-autofeed-45x-destructora-automatica-de-corte-en-particulas-20l-alimentacion-automatica-45-hojas-ranura-manual-6-hojas-anti-atasco\\\/\"]}]},{\"@type\":\"ImageObject\",\"inLanguage\":\"es\",\"@id\":\"https:\\\/\\\/www.maprofar.com\\\/tienda\\\/producto\\\/rexel-optimum-autofeed-45x-destructora-automatica-de-corte-en-particulas-20l-alimentacion-automatica-45-hojas-ranura-manual-6-hojas-anti-atasco\\\/#primaryimage\",\"url\":\"https:\\\/\\\/www.maprofar.com\\\/tienda\\\/wp-content\\\/uploads\\\/2022\\\/04\\\/2020045XEU_1.jpg\",\"contentUrl\":\"https:\\\/\\\/www.maprofar.com\\\/tienda\\\/wp-content\\\/uploads\\\/2022\\\/04\\\/2020045XEU_1.jpg\",\"width\":440,\"height\":578,\"caption\":\"Rexel Optimum AutoFeed 45X Destructora Automatica de Corte en Particulas- 20L - Alimentacion Automatica 45 hojas - Ranura Manual 6 Hojas - Anti Atasco\"},{\"@type\":\"BreadcrumbList\",\"@id\":\"https:\\\/\\\/www.maprofar.com\\\/tienda\\\/producto\\\/rexel-optimum-autofeed-45x-destructora-automatica-de-corte-en-particulas-20l-alimentacion-automatica-45-hojas-ranura-manual-6-hojas-anti-atasco\\\/#breadcrumb\",\"itemListElement\":[{\"@type\":\"ListItem\",\"position\":1,\"name\":\"Portada\",\"item\":\"https:\\\/\\\/www.maprofar.com\\\/tienda\\\/\"},{\"@type\":\"ListItem\",\"position\":2,\"name\":\"Inicio\",\"item\":\"https:\\\/\\\/www.maprofar.com\\\/tienda\\\/\"},{\"@type\":\"ListItem\",\"position\":3,\"name\":\"Rexel Optimum AutoFeed 45X Destructora Automatica de Corte en Particulas- 20L &#8211; Alimentacion Automatica 45 hojas &#8211; Ranura Manual 6 Hojas &#8211; Anti Atasco\"}]},{\"@type\":\"WebSite\",\"@id\":\"https:\\\/\\\/www.maprofar.com\\\/tienda\\\/#website\",\"url\":\"https:\\\/\\\/www.maprofar.com\\\/tienda\\\/\",\"name\":\"Maprofar | T\u00f3ner Compatible Brother, HP y Soluciones de Impresi\u00f3n 3D\",\"description\":\"Encuentra en Maprofar tu t\u00f3ner compatible Brother y HP al mejor precio. Calidad garantizada, env\u00edo urgente 24h y asesoramiento t\u00e9cnico experto. \u00a1Vis\u00edtanos!\",\"publisher\":{\"@id\":\"https:\\\/\\\/www.maprofar.com\\\/tienda\\\/#organization\"},\"alternateName\":\"Maprofar Inform\u00e1tica\",\"potentialAction\":[{\"@type\":\"SearchAction\",\"target\":{\"@type\":\"EntryPoint\",\"urlTemplate\":\"https:\\\/\\\/www.maprofar.com\\\/tienda\\\/?s={search_term_string}\"},\"query-input\":{\"@type\":\"PropertyValueSpecification\",\"valueRequired\":true,\"valueName\":\"search_term_string\"}}],\"inLanguage\":\"es\"},{\"@type\":\"Organization\",\"@id\":\"https:\\\/\\\/www.maprofar.com\\\/tienda\\\/#organization\",\"name\":\"Maprofar S.L.\",\"url\":\"https:\\\/\\\/www.maprofar.com\\\/tienda\\\/\",\"logo\":{\"@type\":\"ImageObject\",\"inLanguage\":\"es\",\"@id\":\"https:\\\/\\\/www.maprofar.com\\\/tienda\\\/#\\\/schema\\\/logo\\\/image\\\/\",\"url\":\"https:\\\/\\\/www.maprofar.com\\\/tienda\\\/wp-content\\\/uploads\\\/2021\\\/05\\\/logo_circulo.jpg\",\"contentUrl\":\"https:\\\/\\\/www.maprofar.com\\\/tienda\\\/wp-content\\\/uploads\\\/2021\\\/05\\\/logo_circulo.jpg\",\"width\":404,\"height\":335,\"caption\":\"Maprofar S.L.\"},\"image\":{\"@id\":\"https:\\\/\\\/www.maprofar.com\\\/tienda\\\/#\\\/schema\\\/logo\\\/image\\\/\"},\"sameAs\":[\"https:\\\/\\\/es-es.facebook.com\\\/maprofar\",\"https:\\\/\\\/www.instagram.com\\\/maprofar_informatica\\\/\",\"https:\\\/\\\/www.pinterest.es\\\/maprofar\\\/\"]}]}<\/script>\n<!-- \/ Yoast SEO Premium plugin. -->","yoast_head_json":{"title":"Rexel Optimum AutoFeed 45X Automatica Corte en Particulas- 20L","description":"Rexel Optimum AutoFeed 45X Destructora Automatica de Corte en Particulas- 20L - Alimentacion Automatica 45 hojas - Anti Atasco - 2020045XEU","robots":{"index":"index","follow":"follow","max-snippet":"max-snippet:-1","max-image-preview":"max-image-preview:large","max-video-preview":"max-video-preview:-1"},"canonical":"https:\/\/www.maprofar.com\/tienda\/producto\/rexel-optimum-autofeed-45x-destructora-automatica-de-corte-en-particulas-20l-alimentacion-automatica-45-hojas-ranura-manual-6-hojas-anti-atasco\/","og_locale":"es_ES","og_type":"article","og_title":"Rexel Optimum AutoFeed 45X Destructora Automatica de Corte en Particulas- 20L - Alimentacion Automatica 45 hojas - Ranura Manual 6 Hojas - Anti Atasco - Maprofar | T\u00f3ner Compatible Brother, HP y Soluciones de Impresi\u00f3n 3D","og_description":"En Maprofar encontrar\u00e1s t\u00f3ner compatibles de calidad y material de oficina al mejor precio. Ahorra sin sacrificar rendimiento. \u00a1Aprovecha nuestras ofertas y descuentos!","og_url":"https:\/\/www.maprofar.com\/tienda\/producto\/rexel-optimum-autofeed-45x-destructora-automatica-de-corte-en-particulas-20l-alimentacion-automatica-45-hojas-ranura-manual-6-hojas-anti-atasco\/","og_site_name":"Maprofar | T\u00f3ner Compatible Brother, HP y Soluciones de Impresi\u00f3n 3D","article_publisher":"https:\/\/es-es.facebook.com\/maprofar","article_modified_time":"2025-12-12T10:55:46+00:00","og_image":[{"width":440,"height":578,"url":"https:\/\/www.maprofar.com\/tienda\/wp-content\/uploads\/2022\/04\/2020045XEU_1.jpg","type":"image\/jpeg"}],"twitter_card":"summary_large_image","twitter_misc":{"Tiempo de lectura":"2 minutos"},"schema":{"@context":"https:\/\/schema.org","@graph":[{"@type":"WebPage","@id":"https:\/\/www.maprofar.com\/tienda\/producto\/rexel-optimum-autofeed-45x-destructora-automatica-de-corte-en-particulas-20l-alimentacion-automatica-45-hojas-ranura-manual-6-hojas-anti-atasco\/","url":"https:\/\/www.maprofar.com\/tienda\/producto\/rexel-optimum-autofeed-45x-destructora-automatica-de-corte-en-particulas-20l-alimentacion-automatica-45-hojas-ranura-manual-6-hojas-anti-atasco\/","name":"Rexel Optimum AutoFeed 45X Automatica Corte en Particulas- 20L","isPartOf":{"@id":"https:\/\/www.maprofar.com\/tienda\/#website"},"primaryImageOfPage":{"@id":"https:\/\/www.maprofar.com\/tienda\/producto\/rexel-optimum-autofeed-45x-destructora-automatica-de-corte-en-particulas-20l-alimentacion-automatica-45-hojas-ranura-manual-6-hojas-anti-atasco\/#primaryimage"},"image":{"@id":"https:\/\/www.maprofar.com\/tienda\/producto\/rexel-optimum-autofeed-45x-destructora-automatica-de-corte-en-particulas-20l-alimentacion-automatica-45-hojas-ranura-manual-6-hojas-anti-atasco\/#primaryimage"},"thumbnailUrl":"https:\/\/www.maprofar.com\/tienda\/wp-content\/uploads\/2022\/04\/2020045XEU_1.jpg","datePublished":"2022-04-27T06:22:22+00:00","dateModified":"2025-12-12T10:55:46+00:00","description":"Rexel Optimum AutoFeed 45X Destructora Automatica de Corte en Particulas- 20L - Alimentacion Automatica 45 hojas - Anti Atasco - 2020045XEU","breadcrumb":{"@id":"https:\/\/www.maprofar.com\/tienda\/producto\/rexel-optimum-autofeed-45x-destructora-automatica-de-corte-en-particulas-20l-alimentacion-automatica-45-hojas-ranura-manual-6-hojas-anti-atasco\/#breadcrumb"},"inLanguage":"es","potentialAction":[{"@type":"ReadAction","target":["https:\/\/www.maprofar.com\/tienda\/producto\/rexel-optimum-autofeed-45x-destructora-automatica-de-corte-en-particulas-20l-alimentacion-automatica-45-hojas-ranura-manual-6-hojas-anti-atasco\/"]}]},{"@type":"ImageObject","inLanguage":"es","@id":"https:\/\/www.maprofar.com\/tienda\/producto\/rexel-optimum-autofeed-45x-destructora-automatica-de-corte-en-particulas-20l-alimentacion-automatica-45-hojas-ranura-manual-6-hojas-anti-atasco\/#primaryimage","url":"https:\/\/www.maprofar.com\/tienda\/wp-content\/uploads\/2022\/04\/2020045XEU_1.jpg","contentUrl":"https:\/\/www.maprofar.com\/tienda\/wp-content\/uploads\/2022\/04\/2020045XEU_1.jpg","width":440,"height":578,"caption":"Rexel Optimum AutoFeed 45X Destructora Automatica de Corte en Particulas- 20L - Alimentacion Automatica 45 hojas - Ranura Manual 6 Hojas - Anti Atasco"},{"@type":"BreadcrumbList","@id":"https:\/\/www.maprofar.com\/tienda\/producto\/rexel-optimum-autofeed-45x-destructora-automatica-de-corte-en-particulas-20l-alimentacion-automatica-45-hojas-ranura-manual-6-hojas-anti-atasco\/#breadcrumb","itemListElement":[{"@type":"ListItem","position":1,"name":"Portada","item":"https:\/\/www.maprofar.com\/tienda\/"},{"@type":"ListItem","position":2,"name":"Inicio","item":"https:\/\/www.maprofar.com\/tienda\/"},{"@type":"ListItem","position":3,"name":"Rexel Optimum AutoFeed 45X Destructora Automatica de Corte en Particulas- 20L &#8211; Alimentacion Automatica 45 hojas &#8211; Ranura Manual 6 Hojas &#8211; Anti Atasco"}]},{"@type":"WebSite","@id":"https:\/\/www.maprofar.com\/tienda\/#website","url":"https:\/\/www.maprofar.com\/tienda\/","name":"Maprofar | T\u00f3ner Compatible Brother, HP y Soluciones de Impresi\u00f3n 3D","description":"Encuentra en Maprofar tu t\u00f3ner compatible Brother y HP al mejor precio. Calidad garantizada, env\u00edo urgente 24h y asesoramiento t\u00e9cnico experto. \u00a1Vis\u00edtanos!","publisher":{"@id":"https:\/\/www.maprofar.com\/tienda\/#organization"},"alternateName":"Maprofar Inform\u00e1tica","potentialAction":[{"@type":"SearchAction","target":{"@type":"EntryPoint","urlTemplate":"https:\/\/www.maprofar.com\/tienda\/?s={search_term_string}"},"query-input":{"@type":"PropertyValueSpecification","valueRequired":true,"valueName":"search_term_string"}}],"inLanguage":"es"},{"@type":"Organization","@id":"https:\/\/www.maprofar.com\/tienda\/#organization","name":"Maprofar S.L.","url":"https:\/\/www.maprofar.com\/tienda\/","logo":{"@type":"ImageObject","inLanguage":"es","@id":"https:\/\/www.maprofar.com\/tienda\/#\/schema\/logo\/image\/","url":"https:\/\/www.maprofar.com\/tienda\/wp-content\/uploads\/2021\/05\/logo_circulo.jpg","contentUrl":"https:\/\/www.maprofar.com\/tienda\/wp-content\/uploads\/2021\/05\/logo_circulo.jpg","width":404,"height":335,"caption":"Maprofar S.L."},"image":{"@id":"https:\/\/www.maprofar.com\/tienda\/#\/schema\/logo\/image\/"},"sameAs":["https:\/\/es-es.facebook.com\/maprofar","https:\/\/www.instagram.com\/maprofar_informatica\/","https:\/\/www.pinterest.es\/maprofar\/"]}]}},"_links":{"self":[{"href":"https:\/\/www.maprofar.com\/tienda\/wp-json\/wp\/v2\/product\/5306","targetHints":{"allow":["GET"]}}],"collection":[{"href":"https:\/\/www.maprofar.com\/tienda\/wp-json\/wp\/v2\/product"}],"about":[{"href":"https:\/\/www.maprofar.com\/tienda\/wp-json\/wp\/v2\/types\/product"}],"wp:featuredmedia":[{"embeddable":true,"href":"https:\/\/www.maprofar.com\/tienda\/wp-json\/wp\/v2\/media\/5307"}],"wp:attachment":[{"href":"https:\/\/www.maprofar.com\/tienda\/wp-json\/wp\/v2\/media?parent=5306"}],"wp:term":[{"taxonomy":"product_brand","embeddable":true,"href":"https:\/\/www.maprofar.com\/tienda\/wp-json\/wp\/v2\/product_brand?post=5306"},{"taxonomy":"product_cat","embeddable":true,"href":"https:\/\/www.maprofar.com\/tienda\/wp-json\/wp\/v2\/product_cat?post=5306"},{"taxonomy":"product_tag","embeddable":true,"href":"https:\/\/www.maprofar.com\/tienda\/wp-json\/wp\/v2\/product_tag?post=5306"}],"curies":[{"name":"wp","href":"https:\/\/api.w.org\/{rel}","templated":true}]}}