{"id":5311,"date":"2022-04-27T08:28:45","date_gmt":"2022-04-27T06:28:45","guid":{"rendered":"https:\/\/www.maprofar.com\/tienda\/?post_type=product&#038;p=5311"},"modified":"2025-12-12T11:55:28","modified_gmt":"2025-12-12T10:55:28","slug":"rexel-promax-rsx1035-destructora-de-papel-manual-corte-en-particulas-destruye-hasta-10-hojas-35l","status":"publish","type":"product","link":"https:\/\/www.maprofar.com\/tienda\/producto\/rexel-promax-rsx1035-destructora-de-papel-manual-corte-en-particulas-destruye-hasta-10-hojas-35l\/","title":{"rendered":"Rexel Promax RSX1035 Destructora de Papel Manual Corte en Particulas &#8211; Destruye hasta 10 Hojas &#8211; 35L"},"content":{"rendered":"<p>La Promax RSX1035 destruye hasta 10 hojas (80 grs) a la vez en part\u00edculas de 4x40mm de nivel de seguridad P4, con una papelera de 35 litros con capacidad para 460 hojas A4.<\/p>\n<p>Caracter\u00edsticas:<\/p>\n<p>-Destruye hasta 10 hojas A4 (80 grs) a la vez.<br \/>\n-Nivel de seguridad P-4 DIN (4&#215;40 mm), 1 hoja A4 en 400 piezas de corte transversal.<br \/>\n-Papelera de 35L de capacidad (460 hojas A4), que se vac\u00eda al levantar el cabezal de la destructora. Con una ventana transparente en la papelera para ver cuando est\u00e1 llena.<br \/>\n-Destruye grapas, clips y tarjetas de cr\u00e9dito.<br \/>\n-15 minutos de funcionamiento continuo.<br \/>\n-Funcionamiento ultra silencioso &lt;60 DbA.<br \/>\n-Funci\u00f3n de avance \/ retroceso manual y autom\u00e1tico para eliminar atascos de papel<br \/>\n-Luz de advertencia LED de sobrecalentamiento.<\/p>\n<p>Especificaciones:<\/p>\n<p>-Color: Negro<br \/>\n-Dimensiones: 345 x 560 x 245<br \/>\n-Tama\u00f1o de destrucci\u00f3n: 4x40mm<br \/>\n-Nivel de seguridad: P-4<br \/>\n-Tiempo de funcionamiento\/Tiempo de enfriamiento: 15\/30<br \/>\n-Tiempo de funcionamiento desde fr\u00edo: 15<br \/>\n-M\u00e1xima amplitud de entrada (mm): 220<br \/>\n-Capacidad de corte (hojas 80 grs): 10<br \/>\n-Tipo de corte: Corte en part\u00edculas<br \/>\n-Capacidad de la papelera en l: 35<br \/>\n-Material destruido: Clips, grapas, tarjetas de cr\u00e9dito<br \/>\n-Peso: 6,5<\/p>\n<p><span style=\"color: #999999;\">Comprar Rexel Promax RSX1035 Destructora de Papel Manual Corte en Particulas &#8211; Destruye hasta 10 Hojas &#8211; 35L<\/span><\/p>\n","protected":false},"excerpt":{"rendered":"<p class=\"titulo_subseccion_da\">CARACTER\u00cdSTICAS<\/p>\n<div class=\"listado_caracteristicas_da\"><span class=\"linea_datos_da\">\u2022 Marca:\u00a0<span class=\"gris_400\" title=\"Rexel\">Rexel<\/span><\/span><\/div>\n<div class=\"listado_caracteristicas_da\"><span class=\"linea_datos_da\" title=\"Negro\">\u2022 Color:\u00a0<span class=\"gris_400\">Negro<\/span><\/span><\/div>\n<div class=\"listado_caracteristicas_da\"><span class=\"linea_datos_da\" title=\"Rexel\">\u2022 Fabricante:\u00a0<span class=\"gris_400\">Rexel<\/span><\/span><\/div>\n<div class=\"listado_caracteristicas_da\"><span class=\"linea_datos_da\" title=\"\" aria-describedby=\"ui-id-17\">\u2022 Ref.:\u00a0<span class=\"gris_400\">2104585EU<\/span><\/span><\/div>\n","protected":false},"featured_media":5312,"template":"","meta":[],"product_brand":[],"product_cat":[142],"product_tag":[],"class_list":{"0":"post-5311","1":"product","2":"type-product","3":"status-publish","4":"has-post-thumbnail","6":"product_cat-destructoras-de-papel","8":"first","9":"outofstock","10":"taxable","11":"shipping-taxable","12":"purchasable","13":"product-type-simple"},"yoast_head":"<!-- This site is optimized with the Yoast SEO Premium plugin v22.3 (Yoast SEO v27.4) - https:\/\/yoast.com\/product\/yoast-seo-premium-wordpress\/ -->\n<title>Rexel Promax RSX1035 Destructora de Papel Manual Corte en Particulas<\/title>\n<meta name=\"description\" content=\"Rexel Promax RSX1035 Destructora de Papel Manual Corte en Particulas - Destruye hasta 10 Hojas - 35L - 2104585EU\" \/>\n<meta name=\"robots\" content=\"index, follow, max-snippet:-1, max-image-preview:large, max-video-preview:-1\" \/>\n<link rel=\"canonical\" href=\"https:\/\/www.maprofar.com\/tienda\/producto\/rexel-promax-rsx1035-destructora-de-papel-manual-corte-en-particulas-destruye-hasta-10-hojas-35l\/\" \/>\n<meta property=\"og:locale\" content=\"es_ES\" \/>\n<meta property=\"og:type\" content=\"article\" \/>\n<meta property=\"og:title\" content=\"Rexel Promax RSX1035 Destructora de Papel Manual Corte en Particulas - Destruye hasta 10 Hojas - 35L - Maprofar | T\u00f3ner Compatible Brother, HP y Soluciones de Impresi\u00f3n 3D\" \/>\n<meta property=\"og:description\" content=\"En Maprofar encontrar\u00e1s t\u00f3ner compatibles de calidad y material de oficina al mejor precio. Ahorra sin sacrificar rendimiento. \u00a1Aprovecha nuestras ofertas y descuentos!\" \/>\n<meta property=\"og:url\" content=\"https:\/\/www.maprofar.com\/tienda\/producto\/rexel-promax-rsx1035-destructora-de-papel-manual-corte-en-particulas-destruye-hasta-10-hojas-35l\/\" \/>\n<meta property=\"og:site_name\" content=\"Maprofar | T\u00f3ner Compatible Brother, HP y Soluciones de Impresi\u00f3n 3D\" \/>\n<meta property=\"article:publisher\" content=\"https:\/\/es-es.facebook.com\/maprofar\" \/>\n<meta property=\"article:modified_time\" content=\"2025-12-12T10:55:28+00:00\" \/>\n<meta property=\"og:image\" content=\"https:\/\/www.maprofar.com\/tienda\/wp-content\/uploads\/2022\/04\/2104585EU_1.jpg\" \/>\n\t<meta property=\"og:image:width\" content=\"440\" \/>\n\t<meta property=\"og:image:height\" content=\"621\" \/>\n\t<meta property=\"og:image:type\" content=\"image\/jpeg\" \/>\n<meta name=\"twitter:card\" content=\"summary_large_image\" \/>\n<meta name=\"twitter:label1\" content=\"Tiempo de lectura\" \/>\n\t<meta name=\"twitter:data1\" content=\"1 minuto\" \/>\n<script type=\"application\/ld+json\" class=\"yoast-schema-graph\">{\"@context\":\"https:\\\/\\\/schema.org\",\"@graph\":[{\"@type\":\"WebPage\",\"@id\":\"https:\\\/\\\/www.maprofar.com\\\/tienda\\\/producto\\\/rexel-promax-rsx1035-destructora-de-papel-manual-corte-en-particulas-destruye-hasta-10-hojas-35l\\\/\",\"url\":\"https:\\\/\\\/www.maprofar.com\\\/tienda\\\/producto\\\/rexel-promax-rsx1035-destructora-de-papel-manual-corte-en-particulas-destruye-hasta-10-hojas-35l\\\/\",\"name\":\"Rexel Promax RSX1035 Destructora de Papel Manual Corte en Particulas\",\"isPartOf\":{\"@id\":\"https:\\\/\\\/www.maprofar.com\\\/tienda\\\/#website\"},\"primaryImageOfPage\":{\"@id\":\"https:\\\/\\\/www.maprofar.com\\\/tienda\\\/producto\\\/rexel-promax-rsx1035-destructora-de-papel-manual-corte-en-particulas-destruye-hasta-10-hojas-35l\\\/#primaryimage\"},\"image\":{\"@id\":\"https:\\\/\\\/www.maprofar.com\\\/tienda\\\/producto\\\/rexel-promax-rsx1035-destructora-de-papel-manual-corte-en-particulas-destruye-hasta-10-hojas-35l\\\/#primaryimage\"},\"thumbnailUrl\":\"https:\\\/\\\/www.maprofar.com\\\/tienda\\\/wp-content\\\/uploads\\\/2022\\\/04\\\/2104585EU_1.jpg\",\"datePublished\":\"2022-04-27T06:28:45+00:00\",\"dateModified\":\"2025-12-12T10:55:28+00:00\",\"description\":\"Rexel Promax RSX1035 Destructora de Papel Manual Corte en Particulas - Destruye hasta 10 Hojas - 35L - 2104585EU\",\"breadcrumb\":{\"@id\":\"https:\\\/\\\/www.maprofar.com\\\/tienda\\\/producto\\\/rexel-promax-rsx1035-destructora-de-papel-manual-corte-en-particulas-destruye-hasta-10-hojas-35l\\\/#breadcrumb\"},\"inLanguage\":\"es\",\"potentialAction\":[{\"@type\":\"ReadAction\",\"target\":[\"https:\\\/\\\/www.maprofar.com\\\/tienda\\\/producto\\\/rexel-promax-rsx1035-destructora-de-papel-manual-corte-en-particulas-destruye-hasta-10-hojas-35l\\\/\"]}]},{\"@type\":\"ImageObject\",\"inLanguage\":\"es\",\"@id\":\"https:\\\/\\\/www.maprofar.com\\\/tienda\\\/producto\\\/rexel-promax-rsx1035-destructora-de-papel-manual-corte-en-particulas-destruye-hasta-10-hojas-35l\\\/#primaryimage\",\"url\":\"https:\\\/\\\/www.maprofar.com\\\/tienda\\\/wp-content\\\/uploads\\\/2022\\\/04\\\/2104585EU_1.jpg\",\"contentUrl\":\"https:\\\/\\\/www.maprofar.com\\\/tienda\\\/wp-content\\\/uploads\\\/2022\\\/04\\\/2104585EU_1.jpg\",\"width\":440,\"height\":621,\"caption\":\"Rexel Promax RSX1035 Destructora de Papel Manual Corte en Particulas - Destruye hasta 10 Hojas - 35L\"},{\"@type\":\"BreadcrumbList\",\"@id\":\"https:\\\/\\\/www.maprofar.com\\\/tienda\\\/producto\\\/rexel-promax-rsx1035-destructora-de-papel-manual-corte-en-particulas-destruye-hasta-10-hojas-35l\\\/#breadcrumb\",\"itemListElement\":[{\"@type\":\"ListItem\",\"position\":1,\"name\":\"Portada\",\"item\":\"https:\\\/\\\/www.maprofar.com\\\/tienda\\\/\"},{\"@type\":\"ListItem\",\"position\":2,\"name\":\"Inicio\",\"item\":\"https:\\\/\\\/www.maprofar.com\\\/tienda\\\/\"},{\"@type\":\"ListItem\",\"position\":3,\"name\":\"Rexel Promax RSX1035 Destructora de Papel Manual Corte en Particulas &#8211; Destruye hasta 10 Hojas &#8211; 35L\"}]},{\"@type\":\"WebSite\",\"@id\":\"https:\\\/\\\/www.maprofar.com\\\/tienda\\\/#website\",\"url\":\"https:\\\/\\\/www.maprofar.com\\\/tienda\\\/\",\"name\":\"Maprofar | T\u00f3ner Compatible Brother, HP y Soluciones de Impresi\u00f3n 3D\",\"description\":\"Encuentra en Maprofar tu t\u00f3ner compatible Brother y HP al mejor precio. Calidad garantizada, env\u00edo urgente 24h y asesoramiento t\u00e9cnico experto. \u00a1Vis\u00edtanos!\",\"publisher\":{\"@id\":\"https:\\\/\\\/www.maprofar.com\\\/tienda\\\/#organization\"},\"alternateName\":\"Maprofar Inform\u00e1tica\",\"potentialAction\":[{\"@type\":\"SearchAction\",\"target\":{\"@type\":\"EntryPoint\",\"urlTemplate\":\"https:\\\/\\\/www.maprofar.com\\\/tienda\\\/?s={search_term_string}\"},\"query-input\":{\"@type\":\"PropertyValueSpecification\",\"valueRequired\":true,\"valueName\":\"search_term_string\"}}],\"inLanguage\":\"es\"},{\"@type\":\"Organization\",\"@id\":\"https:\\\/\\\/www.maprofar.com\\\/tienda\\\/#organization\",\"name\":\"Maprofar S.L.\",\"url\":\"https:\\\/\\\/www.maprofar.com\\\/tienda\\\/\",\"logo\":{\"@type\":\"ImageObject\",\"inLanguage\":\"es\",\"@id\":\"https:\\\/\\\/www.maprofar.com\\\/tienda\\\/#\\\/schema\\\/logo\\\/image\\\/\",\"url\":\"https:\\\/\\\/www.maprofar.com\\\/tienda\\\/wp-content\\\/uploads\\\/2021\\\/05\\\/logo_circulo.jpg\",\"contentUrl\":\"https:\\\/\\\/www.maprofar.com\\\/tienda\\\/wp-content\\\/uploads\\\/2021\\\/05\\\/logo_circulo.jpg\",\"width\":404,\"height\":335,\"caption\":\"Maprofar S.L.\"},\"image\":{\"@id\":\"https:\\\/\\\/www.maprofar.com\\\/tienda\\\/#\\\/schema\\\/logo\\\/image\\\/\"},\"sameAs\":[\"https:\\\/\\\/es-es.facebook.com\\\/maprofar\",\"https:\\\/\\\/www.instagram.com\\\/maprofar_informatica\\\/\",\"https:\\\/\\\/www.pinterest.es\\\/maprofar\\\/\"]}]}<\/script>\n<!-- \/ Yoast SEO Premium plugin. -->","yoast_head_json":{"title":"Rexel Promax RSX1035 Destructora de Papel Manual Corte en Particulas","description":"Rexel Promax RSX1035 Destructora de Papel Manual Corte en Particulas - Destruye hasta 10 Hojas - 35L - 2104585EU","robots":{"index":"index","follow":"follow","max-snippet":"max-snippet:-1","max-image-preview":"max-image-preview:large","max-video-preview":"max-video-preview:-1"},"canonical":"https:\/\/www.maprofar.com\/tienda\/producto\/rexel-promax-rsx1035-destructora-de-papel-manual-corte-en-particulas-destruye-hasta-10-hojas-35l\/","og_locale":"es_ES","og_type":"article","og_title":"Rexel Promax RSX1035 Destructora de Papel Manual Corte en Particulas - Destruye hasta 10 Hojas - 35L - Maprofar | T\u00f3ner Compatible Brother, HP y Soluciones de Impresi\u00f3n 3D","og_description":"En Maprofar encontrar\u00e1s t\u00f3ner compatibles de calidad y material de oficina al mejor precio. Ahorra sin sacrificar rendimiento. \u00a1Aprovecha nuestras ofertas y descuentos!","og_url":"https:\/\/www.maprofar.com\/tienda\/producto\/rexel-promax-rsx1035-destructora-de-papel-manual-corte-en-particulas-destruye-hasta-10-hojas-35l\/","og_site_name":"Maprofar | T\u00f3ner Compatible Brother, HP y Soluciones de Impresi\u00f3n 3D","article_publisher":"https:\/\/es-es.facebook.com\/maprofar","article_modified_time":"2025-12-12T10:55:28+00:00","og_image":[{"width":440,"height":621,"url":"https:\/\/www.maprofar.com\/tienda\/wp-content\/uploads\/2022\/04\/2104585EU_1.jpg","type":"image\/jpeg"}],"twitter_card":"summary_large_image","twitter_misc":{"Tiempo de lectura":"1 minuto"},"schema":{"@context":"https:\/\/schema.org","@graph":[{"@type":"WebPage","@id":"https:\/\/www.maprofar.com\/tienda\/producto\/rexel-promax-rsx1035-destructora-de-papel-manual-corte-en-particulas-destruye-hasta-10-hojas-35l\/","url":"https:\/\/www.maprofar.com\/tienda\/producto\/rexel-promax-rsx1035-destructora-de-papel-manual-corte-en-particulas-destruye-hasta-10-hojas-35l\/","name":"Rexel Promax RSX1035 Destructora de Papel Manual Corte en Particulas","isPartOf":{"@id":"https:\/\/www.maprofar.com\/tienda\/#website"},"primaryImageOfPage":{"@id":"https:\/\/www.maprofar.com\/tienda\/producto\/rexel-promax-rsx1035-destructora-de-papel-manual-corte-en-particulas-destruye-hasta-10-hojas-35l\/#primaryimage"},"image":{"@id":"https:\/\/www.maprofar.com\/tienda\/producto\/rexel-promax-rsx1035-destructora-de-papel-manual-corte-en-particulas-destruye-hasta-10-hojas-35l\/#primaryimage"},"thumbnailUrl":"https:\/\/www.maprofar.com\/tienda\/wp-content\/uploads\/2022\/04\/2104585EU_1.jpg","datePublished":"2022-04-27T06:28:45+00:00","dateModified":"2025-12-12T10:55:28+00:00","description":"Rexel Promax RSX1035 Destructora de Papel Manual Corte en Particulas - Destruye hasta 10 Hojas - 35L - 2104585EU","breadcrumb":{"@id":"https:\/\/www.maprofar.com\/tienda\/producto\/rexel-promax-rsx1035-destructora-de-papel-manual-corte-en-particulas-destruye-hasta-10-hojas-35l\/#breadcrumb"},"inLanguage":"es","potentialAction":[{"@type":"ReadAction","target":["https:\/\/www.maprofar.com\/tienda\/producto\/rexel-promax-rsx1035-destructora-de-papel-manual-corte-en-particulas-destruye-hasta-10-hojas-35l\/"]}]},{"@type":"ImageObject","inLanguage":"es","@id":"https:\/\/www.maprofar.com\/tienda\/producto\/rexel-promax-rsx1035-destructora-de-papel-manual-corte-en-particulas-destruye-hasta-10-hojas-35l\/#primaryimage","url":"https:\/\/www.maprofar.com\/tienda\/wp-content\/uploads\/2022\/04\/2104585EU_1.jpg","contentUrl":"https:\/\/www.maprofar.com\/tienda\/wp-content\/uploads\/2022\/04\/2104585EU_1.jpg","width":440,"height":621,"caption":"Rexel Promax RSX1035 Destructora de Papel Manual Corte en Particulas - Destruye hasta 10 Hojas - 35L"},{"@type":"BreadcrumbList","@id":"https:\/\/www.maprofar.com\/tienda\/producto\/rexel-promax-rsx1035-destructora-de-papel-manual-corte-en-particulas-destruye-hasta-10-hojas-35l\/#breadcrumb","itemListElement":[{"@type":"ListItem","position":1,"name":"Portada","item":"https:\/\/www.maprofar.com\/tienda\/"},{"@type":"ListItem","position":2,"name":"Inicio","item":"https:\/\/www.maprofar.com\/tienda\/"},{"@type":"ListItem","position":3,"name":"Rexel Promax RSX1035 Destructora de Papel Manual Corte en Particulas &#8211; Destruye hasta 10 Hojas &#8211; 35L"}]},{"@type":"WebSite","@id":"https:\/\/www.maprofar.com\/tienda\/#website","url":"https:\/\/www.maprofar.com\/tienda\/","name":"Maprofar | T\u00f3ner Compatible Brother, HP y Soluciones de Impresi\u00f3n 3D","description":"Encuentra en Maprofar tu t\u00f3ner compatible Brother y HP al mejor precio. Calidad garantizada, env\u00edo urgente 24h y asesoramiento t\u00e9cnico experto. \u00a1Vis\u00edtanos!","publisher":{"@id":"https:\/\/www.maprofar.com\/tienda\/#organization"},"alternateName":"Maprofar Inform\u00e1tica","potentialAction":[{"@type":"SearchAction","target":{"@type":"EntryPoint","urlTemplate":"https:\/\/www.maprofar.com\/tienda\/?s={search_term_string}"},"query-input":{"@type":"PropertyValueSpecification","valueRequired":true,"valueName":"search_term_string"}}],"inLanguage":"es"},{"@type":"Organization","@id":"https:\/\/www.maprofar.com\/tienda\/#organization","name":"Maprofar S.L.","url":"https:\/\/www.maprofar.com\/tienda\/","logo":{"@type":"ImageObject","inLanguage":"es","@id":"https:\/\/www.maprofar.com\/tienda\/#\/schema\/logo\/image\/","url":"https:\/\/www.maprofar.com\/tienda\/wp-content\/uploads\/2021\/05\/logo_circulo.jpg","contentUrl":"https:\/\/www.maprofar.com\/tienda\/wp-content\/uploads\/2021\/05\/logo_circulo.jpg","width":404,"height":335,"caption":"Maprofar S.L."},"image":{"@id":"https:\/\/www.maprofar.com\/tienda\/#\/schema\/logo\/image\/"},"sameAs":["https:\/\/es-es.facebook.com\/maprofar","https:\/\/www.instagram.com\/maprofar_informatica\/","https:\/\/www.pinterest.es\/maprofar\/"]}]}},"_links":{"self":[{"href":"https:\/\/www.maprofar.com\/tienda\/wp-json\/wp\/v2\/product\/5311","targetHints":{"allow":["GET"]}}],"collection":[{"href":"https:\/\/www.maprofar.com\/tienda\/wp-json\/wp\/v2\/product"}],"about":[{"href":"https:\/\/www.maprofar.com\/tienda\/wp-json\/wp\/v2\/types\/product"}],"wp:featuredmedia":[{"embeddable":true,"href":"https:\/\/www.maprofar.com\/tienda\/wp-json\/wp\/v2\/media\/5312"}],"wp:attachment":[{"href":"https:\/\/www.maprofar.com\/tienda\/wp-json\/wp\/v2\/media?parent=5311"}],"wp:term":[{"taxonomy":"product_brand","embeddable":true,"href":"https:\/\/www.maprofar.com\/tienda\/wp-json\/wp\/v2\/product_brand?post=5311"},{"taxonomy":"product_cat","embeddable":true,"href":"https:\/\/www.maprofar.com\/tienda\/wp-json\/wp\/v2\/product_cat?post=5311"},{"taxonomy":"product_tag","embeddable":true,"href":"https:\/\/www.maprofar.com\/tienda\/wp-json\/wp\/v2\/product_tag?post=5311"}],"curies":[{"name":"wp","href":"https:\/\/api.w.org\/{rel}","templated":true}]}}