{"id":5633,"date":"2022-05-27T17:24:43","date_gmt":"2022-05-27T15:24:43","guid":{"rendered":"https:\/\/www.maprofar.com\/tienda\/?post_type=product&#038;p=5633"},"modified":"2026-02-11T19:14:52","modified_gmt":"2026-02-11T18:14:52","slug":"xerox-workcentre-7525-7535-7545-7830-tambor-compatible-reemplaza-013r00662-drum","status":"publish","type":"product","link":"https:\/\/www.maprofar.com\/tienda\/producto\/xerox-workcentre-7525-7535-7545-7830-tambor-compatible-reemplaza-013r00662-drum\/","title":{"rendered":"Xerox WorkCentre 7525\/7535\/7545\/7830 Tambor Compatible &#8211; Reemplaza 013R00662 (Drum)"},"content":{"rendered":"<p>Tambor de imagen gen\u00e9rico Xerox WorkCentre 7525\/7535\/7545\/7830 (013R00662) de alta calidad.<\/p>\n<p>Compatibilidades:<\/p>\n<p>AltaLink C8030 &#8211; AltaLink C8030VF &#8211; AltaLink C8030VT &#8211; AltaLink C8035 &#8211; AltaLink C8035VF &#8211; AltaLink C8035VT &#8211; AltaLink C8045 &#8211; AltaLink C8045VF &#8211; AltaLink C8055 &#8211; AltaLink C8055VF &#8211; AltaLink C8070<\/p>\n<p>WorkCentre 7525 &#8211; WorkCentre 7530 &#8211; WorkCentre 7535 &#8211; WorkCentre 7545 &#8211; WorkCentre 7556<\/p>\n<p>WorkCentre 7830 &#8211; WorkCentre 7830F &#8211; WorkCentre 7830i &#8211; WorkCentre 7830T &#8211; WorkCentre 7835 &#8211; WorkCentre 7835F &#8211; WorkCentre 7835i &#8211; WorkCentre 7835T<\/p>\n<p>WorkCentre 7845 &#8211; WorkCentre 7845F &#8211; WorkCentre 7845i &#8211; WorkCentre 7845T<\/p>\n<p>WorkCentre 7855 &#8211; WorkCentre 7855F &#8211; WorkCentre 7855i<\/p>\n<p>WorkCentre 7970 &#8211; WorkCentre 7970i.<\/p>\n<p><span style=\"color: #999999;\">Comprar Tambor Compatible Xerox WorkCentre 7525\/7535\/7545\/7830 &#8211; Reemplaza 013R00662 (Drum)<\/span><\/p>\n","protected":false},"excerpt":{"rendered":"<p class=\"titulo_subseccion_da\">CARACTER\u00cdSTICAS<\/p>\n<div class=\"listado_caracteristicas_da\"><span class=\"linea_datos_da\">\u2022 Para uso en:\u00a0<span class=\"gris_400\" title=\"Xerox\">Xerox<\/span><\/span><\/div>\n<div class=\"listado_caracteristicas_da\"><span class=\"linea_datos_da\" title=\"\" aria-describedby=\"ui-id-19\">\u2022 Color:\u00a0<span class=\"gris_400\">4 Colores<\/span><\/span><\/div>\n<div class=\"listado_caracteristicas_da\"><span class=\"linea_datos_da\" title=\"Gen\u00e9rico\">\u2022 Fabricante:\u00a0<span class=\"gris_400\">Gen\u00e9rico<\/span><\/span><\/div>\n<div class=\"listado_caracteristicas_da\"><span class=\"linea_datos_da\" title=\"Toner (Laser)\">\u2022 Tipo:\u00a0<span class=\"gris_400\">T\u00f3ner (Laser)<\/span><\/span><\/div>\n<div class=\"listado_caracteristicas_da\"><span class=\"linea_datos_da\" title=\"125.000 P\u00e1ginas\">\u2022 Capacidad:\u00a0<span class=\"gris_400\">125.000 P\u00e1ginas<\/span><\/span><\/div>\n<div class=\"listado_caracteristicas_da\"><span class=\"linea_datos_da\" title=\"XT-7525D(DRUM)\">\u2022 Ref.:\u00a0<span class=\"gris_400\">XT-7525D(DRUM)<\/span><\/span><\/div>\n","protected":false},"featured_media":5634,"template":"","meta":[],"product_brand":[],"product_cat":[141],"product_tag":[295,296,297,298,249,250],"class_list":{"0":"post-5633","1":"product","2":"type-product","3":"status-publish","4":"has-post-thumbnail","6":"product_cat-toner-compatibles-xerox","7":"product_tag-cartucho-de-toner-compatible-xerox","8":"product_tag-cartucho-de-toner-generico-xerox","9":"product_tag-toner-compatible-xerox","10":"product_tag-toner-generico-xerox","11":"product_tag-toner-xerox-compatible","12":"product_tag-toner-xerox-generico","14":"first","15":"outofstock","16":"taxable","17":"shipping-taxable","18":"purchasable","19":"product-type-simple"},"yoast_head":"<!-- This site is optimized with the Yoast SEO Premium plugin v22.3 (Yoast SEO v27.4) - https:\/\/yoast.com\/product\/yoast-seo-premium-wordpress\/ -->\n<title>Xerox WorkCentre 7525\/7535\/7545\/7830 Tambor Compatible<\/title>\n<meta name=\"description\" content=\"Xerox WorkCentre 7525\/7535\/7545\/7830 Tambor Compatible - Reemplaza 013R00662 (Drum)\" \/>\n<meta name=\"robots\" content=\"index, follow, max-snippet:-1, max-image-preview:large, max-video-preview:-1\" \/>\n<link rel=\"canonical\" href=\"https:\/\/www.maprofar.com\/tienda\/producto\/xerox-workcentre-7525-7535-7545-7830-tambor-compatible-reemplaza-013r00662-drum\/\" \/>\n<meta property=\"og:locale\" content=\"es_ES\" \/>\n<meta property=\"og:type\" content=\"article\" \/>\n<meta property=\"og:title\" content=\"Xerox WorkCentre 7525\/7535\/7545\/7830 Tambor Compatible - Reemplaza 013R00662 (Drum) - Maprofar | T\u00f3ner Compatible Brother, HP y Soluciones de Impresi\u00f3n 3D\" \/>\n<meta property=\"og:description\" content=\"En Maprofar encontrar\u00e1s t\u00f3ner compatibles de calidad y material de oficina al mejor precio. Ahorra sin sacrificar rendimiento. \u00a1Aprovecha nuestras ofertas y descuentos!\" \/>\n<meta property=\"og:url\" content=\"https:\/\/www.maprofar.com\/tienda\/producto\/xerox-workcentre-7525-7535-7545-7830-tambor-compatible-reemplaza-013r00662-drum\/\" \/>\n<meta property=\"og:site_name\" content=\"Maprofar | T\u00f3ner Compatible Brother, HP y Soluciones de Impresi\u00f3n 3D\" \/>\n<meta property=\"article:publisher\" content=\"https:\/\/es-es.facebook.com\/maprofar\" \/>\n<meta property=\"article:modified_time\" content=\"2026-02-11T18:14:52+00:00\" \/>\n<meta property=\"og:image\" content=\"https:\/\/www.maprofar.com\/tienda\/wp-content\/uploads\/2022\/05\/XT-7525DDRUM.jpg\" \/>\n\t<meta property=\"og:image:width\" content=\"420\" \/>\n\t<meta property=\"og:image:height\" content=\"420\" \/>\n\t<meta property=\"og:image:type\" content=\"image\/jpeg\" \/>\n<meta name=\"twitter:card\" content=\"summary_large_image\" \/>\n<meta name=\"twitter:label1\" content=\"Tiempo de lectura\" \/>\n\t<meta name=\"twitter:data1\" content=\"1 minuto\" \/>\n<script type=\"application\/ld+json\" class=\"yoast-schema-graph\">{\"@context\":\"https:\\\/\\\/schema.org\",\"@graph\":[{\"@type\":\"WebPage\",\"@id\":\"https:\\\/\\\/www.maprofar.com\\\/tienda\\\/producto\\\/xerox-workcentre-7525-7535-7545-7830-tambor-compatible-reemplaza-013r00662-drum\\\/\",\"url\":\"https:\\\/\\\/www.maprofar.com\\\/tienda\\\/producto\\\/xerox-workcentre-7525-7535-7545-7830-tambor-compatible-reemplaza-013r00662-drum\\\/\",\"name\":\"Xerox WorkCentre 7525\\\/7535\\\/7545\\\/7830 Tambor Compatible\",\"isPartOf\":{\"@id\":\"https:\\\/\\\/www.maprofar.com\\\/tienda\\\/#website\"},\"primaryImageOfPage\":{\"@id\":\"https:\\\/\\\/www.maprofar.com\\\/tienda\\\/producto\\\/xerox-workcentre-7525-7535-7545-7830-tambor-compatible-reemplaza-013r00662-drum\\\/#primaryimage\"},\"image\":{\"@id\":\"https:\\\/\\\/www.maprofar.com\\\/tienda\\\/producto\\\/xerox-workcentre-7525-7535-7545-7830-tambor-compatible-reemplaza-013r00662-drum\\\/#primaryimage\"},\"thumbnailUrl\":\"https:\\\/\\\/www.maprofar.com\\\/tienda\\\/wp-content\\\/uploads\\\/2022\\\/05\\\/XT-7525DDRUM.jpg\",\"datePublished\":\"2022-05-27T15:24:43+00:00\",\"dateModified\":\"2026-02-11T18:14:52+00:00\",\"description\":\"Xerox WorkCentre 7525\\\/7535\\\/7545\\\/7830 Tambor Compatible - Reemplaza 013R00662 (Drum)\",\"breadcrumb\":{\"@id\":\"https:\\\/\\\/www.maprofar.com\\\/tienda\\\/producto\\\/xerox-workcentre-7525-7535-7545-7830-tambor-compatible-reemplaza-013r00662-drum\\\/#breadcrumb\"},\"inLanguage\":\"es\",\"potentialAction\":[{\"@type\":\"ReadAction\",\"target\":[\"https:\\\/\\\/www.maprofar.com\\\/tienda\\\/producto\\\/xerox-workcentre-7525-7535-7545-7830-tambor-compatible-reemplaza-013r00662-drum\\\/\"]}]},{\"@type\":\"ImageObject\",\"inLanguage\":\"es\",\"@id\":\"https:\\\/\\\/www.maprofar.com\\\/tienda\\\/producto\\\/xerox-workcentre-7525-7535-7545-7830-tambor-compatible-reemplaza-013r00662-drum\\\/#primaryimage\",\"url\":\"https:\\\/\\\/www.maprofar.com\\\/tienda\\\/wp-content\\\/uploads\\\/2022\\\/05\\\/XT-7525DDRUM.jpg\",\"contentUrl\":\"https:\\\/\\\/www.maprofar.com\\\/tienda\\\/wp-content\\\/uploads\\\/2022\\\/05\\\/XT-7525DDRUM.jpg\",\"width\":420,\"height\":420,\"caption\":\"Tambor Compatible Xerox WorkCentre 7525\\\/7535\\\/7545\\\/7830 - Reemplaza 013R00662 (Drum)\"},{\"@type\":\"BreadcrumbList\",\"@id\":\"https:\\\/\\\/www.maprofar.com\\\/tienda\\\/producto\\\/xerox-workcentre-7525-7535-7545-7830-tambor-compatible-reemplaza-013r00662-drum\\\/#breadcrumb\",\"itemListElement\":[{\"@type\":\"ListItem\",\"position\":1,\"name\":\"Portada\",\"item\":\"https:\\\/\\\/www.maprofar.com\\\/tienda\\\/\"},{\"@type\":\"ListItem\",\"position\":2,\"name\":\"Inicio\",\"item\":\"https:\\\/\\\/www.maprofar.com\\\/tienda\\\/\"},{\"@type\":\"ListItem\",\"position\":3,\"name\":\"Xerox WorkCentre 7525\\\/7535\\\/7545\\\/7830 Tambor Compatible &#8211; Reemplaza 013R00662 (Drum)\"}]},{\"@type\":\"WebSite\",\"@id\":\"https:\\\/\\\/www.maprofar.com\\\/tienda\\\/#website\",\"url\":\"https:\\\/\\\/www.maprofar.com\\\/tienda\\\/\",\"name\":\"Maprofar - Toner Compatibles y Material de Oficina\",\"description\":\"Encuentra en Maprofar tu t\u00f3ner compatible Brother y HP al mejor precio. Calidad garantizada, env\u00edo urgente 24h y asesoramiento t\u00e9cnico experto. \u00a1Vis\u00edtanos!\",\"publisher\":{\"@id\":\"https:\\\/\\\/www.maprofar.com\\\/tienda\\\/#organization\"},\"alternateName\":\"Maprofar Inform\u00e1tica\",\"potentialAction\":[{\"@type\":\"SearchAction\",\"target\":{\"@type\":\"EntryPoint\",\"urlTemplate\":\"https:\\\/\\\/www.maprofar.com\\\/tienda\\\/?s={search_term_string}\"},\"query-input\":{\"@type\":\"PropertyValueSpecification\",\"valueRequired\":true,\"valueName\":\"search_term_string\"}}],\"inLanguage\":\"es\"},{\"@type\":\"Organization\",\"@id\":\"https:\\\/\\\/www.maprofar.com\\\/tienda\\\/#organization\",\"name\":\"Maprofar S.L.\",\"url\":\"https:\\\/\\\/www.maprofar.com\\\/tienda\\\/\",\"logo\":{\"@type\":\"ImageObject\",\"inLanguage\":\"es\",\"@id\":\"https:\\\/\\\/www.maprofar.com\\\/tienda\\\/#\\\/schema\\\/logo\\\/image\\\/\",\"url\":\"https:\\\/\\\/www.maprofar.com\\\/tienda\\\/wp-content\\\/uploads\\\/2021\\\/05\\\/logo_circulo.jpg\",\"contentUrl\":\"https:\\\/\\\/www.maprofar.com\\\/tienda\\\/wp-content\\\/uploads\\\/2021\\\/05\\\/logo_circulo.jpg\",\"width\":404,\"height\":335,\"caption\":\"Maprofar S.L.\"},\"image\":{\"@id\":\"https:\\\/\\\/www.maprofar.com\\\/tienda\\\/#\\\/schema\\\/logo\\\/image\\\/\"},\"sameAs\":[\"https:\\\/\\\/es-es.facebook.com\\\/maprofar\",\"https:\\\/\\\/www.instagram.com\\\/maprofar_informatica\\\/\",\"https:\\\/\\\/www.pinterest.es\\\/maprofar\\\/\"]}]}<\/script>\n<!-- \/ Yoast SEO Premium plugin. -->","yoast_head_json":{"title":"Xerox WorkCentre 7525\/7535\/7545\/7830 Tambor Compatible","description":"Xerox WorkCentre 7525\/7535\/7545\/7830 Tambor Compatible - Reemplaza 013R00662 (Drum)","robots":{"index":"index","follow":"follow","max-snippet":"max-snippet:-1","max-image-preview":"max-image-preview:large","max-video-preview":"max-video-preview:-1"},"canonical":"https:\/\/www.maprofar.com\/tienda\/producto\/xerox-workcentre-7525-7535-7545-7830-tambor-compatible-reemplaza-013r00662-drum\/","og_locale":"es_ES","og_type":"article","og_title":"Xerox WorkCentre 7525\/7535\/7545\/7830 Tambor Compatible - Reemplaza 013R00662 (Drum) - Maprofar | T\u00f3ner Compatible Brother, HP y Soluciones de Impresi\u00f3n 3D","og_description":"En Maprofar encontrar\u00e1s t\u00f3ner compatibles de calidad y material de oficina al mejor precio. Ahorra sin sacrificar rendimiento. \u00a1Aprovecha nuestras ofertas y descuentos!","og_url":"https:\/\/www.maprofar.com\/tienda\/producto\/xerox-workcentre-7525-7535-7545-7830-tambor-compatible-reemplaza-013r00662-drum\/","og_site_name":"Maprofar | T\u00f3ner Compatible Brother, HP y Soluciones de Impresi\u00f3n 3D","article_publisher":"https:\/\/es-es.facebook.com\/maprofar","article_modified_time":"2026-02-11T18:14:52+00:00","og_image":[{"width":420,"height":420,"url":"https:\/\/www.maprofar.com\/tienda\/wp-content\/uploads\/2022\/05\/XT-7525DDRUM.jpg","type":"image\/jpeg"}],"twitter_card":"summary_large_image","twitter_misc":{"Tiempo de lectura":"1 minuto"},"schema":{"@context":"https:\/\/schema.org","@graph":[{"@type":"WebPage","@id":"https:\/\/www.maprofar.com\/tienda\/producto\/xerox-workcentre-7525-7535-7545-7830-tambor-compatible-reemplaza-013r00662-drum\/","url":"https:\/\/www.maprofar.com\/tienda\/producto\/xerox-workcentre-7525-7535-7545-7830-tambor-compatible-reemplaza-013r00662-drum\/","name":"Xerox WorkCentre 7525\/7535\/7545\/7830 Tambor Compatible","isPartOf":{"@id":"https:\/\/www.maprofar.com\/tienda\/#website"},"primaryImageOfPage":{"@id":"https:\/\/www.maprofar.com\/tienda\/producto\/xerox-workcentre-7525-7535-7545-7830-tambor-compatible-reemplaza-013r00662-drum\/#primaryimage"},"image":{"@id":"https:\/\/www.maprofar.com\/tienda\/producto\/xerox-workcentre-7525-7535-7545-7830-tambor-compatible-reemplaza-013r00662-drum\/#primaryimage"},"thumbnailUrl":"https:\/\/www.maprofar.com\/tienda\/wp-content\/uploads\/2022\/05\/XT-7525DDRUM.jpg","datePublished":"2022-05-27T15:24:43+00:00","dateModified":"2026-02-11T18:14:52+00:00","description":"Xerox WorkCentre 7525\/7535\/7545\/7830 Tambor Compatible - Reemplaza 013R00662 (Drum)","breadcrumb":{"@id":"https:\/\/www.maprofar.com\/tienda\/producto\/xerox-workcentre-7525-7535-7545-7830-tambor-compatible-reemplaza-013r00662-drum\/#breadcrumb"},"inLanguage":"es","potentialAction":[{"@type":"ReadAction","target":["https:\/\/www.maprofar.com\/tienda\/producto\/xerox-workcentre-7525-7535-7545-7830-tambor-compatible-reemplaza-013r00662-drum\/"]}]},{"@type":"ImageObject","inLanguage":"es","@id":"https:\/\/www.maprofar.com\/tienda\/producto\/xerox-workcentre-7525-7535-7545-7830-tambor-compatible-reemplaza-013r00662-drum\/#primaryimage","url":"https:\/\/www.maprofar.com\/tienda\/wp-content\/uploads\/2022\/05\/XT-7525DDRUM.jpg","contentUrl":"https:\/\/www.maprofar.com\/tienda\/wp-content\/uploads\/2022\/05\/XT-7525DDRUM.jpg","width":420,"height":420,"caption":"Tambor Compatible Xerox WorkCentre 7525\/7535\/7545\/7830 - Reemplaza 013R00662 (Drum)"},{"@type":"BreadcrumbList","@id":"https:\/\/www.maprofar.com\/tienda\/producto\/xerox-workcentre-7525-7535-7545-7830-tambor-compatible-reemplaza-013r00662-drum\/#breadcrumb","itemListElement":[{"@type":"ListItem","position":1,"name":"Portada","item":"https:\/\/www.maprofar.com\/tienda\/"},{"@type":"ListItem","position":2,"name":"Inicio","item":"https:\/\/www.maprofar.com\/tienda\/"},{"@type":"ListItem","position":3,"name":"Xerox WorkCentre 7525\/7535\/7545\/7830 Tambor Compatible &#8211; Reemplaza 013R00662 (Drum)"}]},{"@type":"WebSite","@id":"https:\/\/www.maprofar.com\/tienda\/#website","url":"https:\/\/www.maprofar.com\/tienda\/","name":"Maprofar - Toner Compatibles y Material de Oficina","description":"Encuentra en Maprofar tu t\u00f3ner compatible Brother y HP al mejor precio. Calidad garantizada, env\u00edo urgente 24h y asesoramiento t\u00e9cnico experto. \u00a1Vis\u00edtanos!","publisher":{"@id":"https:\/\/www.maprofar.com\/tienda\/#organization"},"alternateName":"Maprofar Inform\u00e1tica","potentialAction":[{"@type":"SearchAction","target":{"@type":"EntryPoint","urlTemplate":"https:\/\/www.maprofar.com\/tienda\/?s={search_term_string}"},"query-input":{"@type":"PropertyValueSpecification","valueRequired":true,"valueName":"search_term_string"}}],"inLanguage":"es"},{"@type":"Organization","@id":"https:\/\/www.maprofar.com\/tienda\/#organization","name":"Maprofar S.L.","url":"https:\/\/www.maprofar.com\/tienda\/","logo":{"@type":"ImageObject","inLanguage":"es","@id":"https:\/\/www.maprofar.com\/tienda\/#\/schema\/logo\/image\/","url":"https:\/\/www.maprofar.com\/tienda\/wp-content\/uploads\/2021\/05\/logo_circulo.jpg","contentUrl":"https:\/\/www.maprofar.com\/tienda\/wp-content\/uploads\/2021\/05\/logo_circulo.jpg","width":404,"height":335,"caption":"Maprofar S.L."},"image":{"@id":"https:\/\/www.maprofar.com\/tienda\/#\/schema\/logo\/image\/"},"sameAs":["https:\/\/es-es.facebook.com\/maprofar","https:\/\/www.instagram.com\/maprofar_informatica\/","https:\/\/www.pinterest.es\/maprofar\/"]}]}},"_links":{"self":[{"href":"https:\/\/www.maprofar.com\/tienda\/wp-json\/wp\/v2\/product\/5633","targetHints":{"allow":["GET"]}}],"collection":[{"href":"https:\/\/www.maprofar.com\/tienda\/wp-json\/wp\/v2\/product"}],"about":[{"href":"https:\/\/www.maprofar.com\/tienda\/wp-json\/wp\/v2\/types\/product"}],"wp:featuredmedia":[{"embeddable":true,"href":"https:\/\/www.maprofar.com\/tienda\/wp-json\/wp\/v2\/media\/5634"}],"wp:attachment":[{"href":"https:\/\/www.maprofar.com\/tienda\/wp-json\/wp\/v2\/media?parent=5633"}],"wp:term":[{"taxonomy":"product_brand","embeddable":true,"href":"https:\/\/www.maprofar.com\/tienda\/wp-json\/wp\/v2\/product_brand?post=5633"},{"taxonomy":"product_cat","embeddable":true,"href":"https:\/\/www.maprofar.com\/tienda\/wp-json\/wp\/v2\/product_cat?post=5633"},{"taxonomy":"product_tag","embeddable":true,"href":"https:\/\/www.maprofar.com\/tienda\/wp-json\/wp\/v2\/product_tag?post=5633"}],"curies":[{"name":"wp","href":"https:\/\/api.w.org\/{rel}","templated":true}]}}