{"id":6344,"date":"2022-08-02T11:55:46","date_gmt":"2022-08-02T09:55:46","guid":{"rendered":"https:\/\/www.maprofar.com\/tienda\/?post_type=product&#038;p=6344"},"modified":"2026-02-27T18:48:31","modified_gmt":"2026-02-27T17:48:31","slug":"caja-de-carton-60x40x44-cm-canal-5","status":"publish","type":"product","link":"https:\/\/www.maprofar.com\/tienda\/producto\/caja-de-carton-60x40x44-cm-canal-5\/","title":{"rendered":"Caja de Carton 60x40x44 cm (Canal 5)"},"content":{"rendered":"<p>Caja de Carton 60x40x44 cm (Canal 5).<\/p>\n<p>\u00bfQu\u00e9 significa Canal 5?<\/p>\n<p>Este material se compone de dos a tres papeles o cartoncillos encolados entre s\u00ed y el papel que se ondula (flut\u00ading) alcanza te\u00f3ricamente unos 5 mil\u00edmetros de altura produciendo un complejo de alta resistencia, seg\u00fan los papeles y cartoncillos empleados.<\/p>\n<p><span style=\"color: #999999;\">Comprar Caja de Carton 60x40x44 cm (Canal 5)<\/span><\/p>\n","protected":false},"excerpt":{"rendered":"<p class=\"titulo_subseccion_da\">CARACTER\u00cdSTICAS<\/p>\n<div class=\"listado_caracteristicas_da\"><span class=\"linea_datos_da\" title=\"Marr\u00f3n\">\u2022 Color: <span class=\"gris_400\">Marr\u00f3n<\/span><\/span><\/div>\n<div class=\"listado_caracteristicas_da\"><span class=\"linea_datos_da\" title=\"\" aria-describedby=\"ui-id-13\"><span class=\"linea_datos_da\" title=\"\" aria-describedby=\"ui-id-13\">\u2022 Ref.: BOX-08<\/span><\/span><\/div>\n<div>\n<p><span class=\"gris_negrita_rb\">\u2022 EAN:\u00a0<\/span><span class=\"gris_400 texto_caracts\">8435490646667<\/span><\/p>\n<\/div>\n","protected":false},"featured_media":6345,"template":"","meta":[],"product_brand":[],"product_cat":[158],"product_tag":[],"class_list":{"0":"post-6344","1":"product","2":"type-product","3":"status-publish","4":"has-post-thumbnail","6":"product_cat-cajas-de-carton","8":"first","9":"instock","10":"taxable","11":"shipping-taxable","12":"purchasable","13":"product-type-simple"},"yoast_head":"<!-- This site is optimized with the Yoast SEO Premium plugin v22.3 (Yoast SEO v27.4) - https:\/\/yoast.com\/product\/yoast-seo-premium-wordpress\/ -->\n<title>Caja de Carton 60x40x44 cm (Canal 5)<\/title>\n<meta name=\"description\" content=\"Caja de Carton 60x40x44 cm (Canal 5)\" \/>\n<meta name=\"robots\" content=\"index, follow, max-snippet:-1, max-image-preview:large, max-video-preview:-1\" \/>\n<link rel=\"canonical\" href=\"https:\/\/www.maprofar.com\/tienda\/producto\/caja-de-carton-60x40x44-cm-canal-5\/\" \/>\n<meta property=\"og:locale\" content=\"es_ES\" \/>\n<meta property=\"og:type\" content=\"article\" \/>\n<meta property=\"og:title\" content=\"Caja de Carton 60x40x44 cm (Canal 5) - Maprofar | T\u00f3ner Compatible Brother, HP y Soluciones de Impresi\u00f3n 3D\" \/>\n<meta property=\"og:description\" content=\"En Maprofar encontrar\u00e1s t\u00f3ner compatibles de calidad y material de oficina al mejor precio. Ahorra sin sacrificar rendimiento. \u00a1Aprovecha nuestras ofertas y descuentos!\" \/>\n<meta property=\"og:url\" content=\"https:\/\/www.maprofar.com\/tienda\/producto\/caja-de-carton-60x40x44-cm-canal-5\/\" \/>\n<meta property=\"og:site_name\" content=\"Maprofar | T\u00f3ner Compatible Brother, HP y Soluciones de Impresi\u00f3n 3D\" \/>\n<meta property=\"article:publisher\" content=\"https:\/\/es-es.facebook.com\/maprofar\" \/>\n<meta property=\"article:modified_time\" content=\"2026-02-27T17:48:31+00:00\" \/>\n<meta property=\"og:image\" content=\"https:\/\/www.maprofar.com\/tienda\/wp-content\/uploads\/2022\/08\/BOX-08.jpg\" \/>\n\t<meta property=\"og:image:width\" content=\"1200\" \/>\n\t<meta property=\"og:image:height\" content=\"1200\" \/>\n\t<meta property=\"og:image:type\" content=\"image\/jpeg\" \/>\n<meta name=\"twitter:card\" content=\"summary_large_image\" \/>\n<meta name=\"twitter:label1\" content=\"Tiempo de lectura\" \/>\n\t<meta name=\"twitter:data1\" content=\"1 minuto\" \/>\n<script type=\"application\/ld+json\" class=\"yoast-schema-graph\">{\"@context\":\"https:\\\/\\\/schema.org\",\"@graph\":[{\"@type\":\"WebPage\",\"@id\":\"https:\\\/\\\/www.maprofar.com\\\/tienda\\\/producto\\\/caja-de-carton-60x40x44-cm-canal-5\\\/\",\"url\":\"https:\\\/\\\/www.maprofar.com\\\/tienda\\\/producto\\\/caja-de-carton-60x40x44-cm-canal-5\\\/\",\"name\":\"Caja de Carton 60x40x44 cm (Canal 5)\",\"isPartOf\":{\"@id\":\"https:\\\/\\\/www.maprofar.com\\\/tienda\\\/#website\"},\"primaryImageOfPage\":{\"@id\":\"https:\\\/\\\/www.maprofar.com\\\/tienda\\\/producto\\\/caja-de-carton-60x40x44-cm-canal-5\\\/#primaryimage\"},\"image\":{\"@id\":\"https:\\\/\\\/www.maprofar.com\\\/tienda\\\/producto\\\/caja-de-carton-60x40x44-cm-canal-5\\\/#primaryimage\"},\"thumbnailUrl\":\"https:\\\/\\\/www.maprofar.com\\\/tienda\\\/wp-content\\\/uploads\\\/2022\\\/08\\\/BOX-08.jpg\",\"datePublished\":\"2022-08-02T09:55:46+00:00\",\"dateModified\":\"2026-02-27T17:48:31+00:00\",\"description\":\"Caja de Carton 60x40x44 cm (Canal 5)\",\"breadcrumb\":{\"@id\":\"https:\\\/\\\/www.maprofar.com\\\/tienda\\\/producto\\\/caja-de-carton-60x40x44-cm-canal-5\\\/#breadcrumb\"},\"inLanguage\":\"es\",\"potentialAction\":[{\"@type\":\"ReadAction\",\"target\":[\"https:\\\/\\\/www.maprofar.com\\\/tienda\\\/producto\\\/caja-de-carton-60x40x44-cm-canal-5\\\/\"]}]},{\"@type\":\"ImageObject\",\"inLanguage\":\"es\",\"@id\":\"https:\\\/\\\/www.maprofar.com\\\/tienda\\\/producto\\\/caja-de-carton-60x40x44-cm-canal-5\\\/#primaryimage\",\"url\":\"https:\\\/\\\/www.maprofar.com\\\/tienda\\\/wp-content\\\/uploads\\\/2022\\\/08\\\/BOX-08.jpg\",\"contentUrl\":\"https:\\\/\\\/www.maprofar.com\\\/tienda\\\/wp-content\\\/uploads\\\/2022\\\/08\\\/BOX-08.jpg\",\"width\":1200,\"height\":1200,\"caption\":\"Caja de Carton 60x40x44 cm (Canal 5)\"},{\"@type\":\"BreadcrumbList\",\"@id\":\"https:\\\/\\\/www.maprofar.com\\\/tienda\\\/producto\\\/caja-de-carton-60x40x44-cm-canal-5\\\/#breadcrumb\",\"itemListElement\":[{\"@type\":\"ListItem\",\"position\":1,\"name\":\"Portada\",\"item\":\"https:\\\/\\\/www.maprofar.com\\\/tienda\\\/\"},{\"@type\":\"ListItem\",\"position\":2,\"name\":\"Inicio\",\"item\":\"https:\\\/\\\/www.maprofar.com\\\/tienda\\\/\"},{\"@type\":\"ListItem\",\"position\":3,\"name\":\"Caja de Carton 60x40x44 cm (Canal 5)\"}]},{\"@type\":\"WebSite\",\"@id\":\"https:\\\/\\\/www.maprofar.com\\\/tienda\\\/#website\",\"url\":\"https:\\\/\\\/www.maprofar.com\\\/tienda\\\/\",\"name\":\"Maprofar - Toner Compatibles y Material de Oficina\",\"description\":\"Encuentra en Maprofar tu t\u00f3ner compatible Brother y HP al mejor precio. Calidad garantizada, env\u00edo urgente 24h y asesoramiento t\u00e9cnico experto. \u00a1Vis\u00edtanos!\",\"publisher\":{\"@id\":\"https:\\\/\\\/www.maprofar.com\\\/tienda\\\/#organization\"},\"alternateName\":\"Maprofar Inform\u00e1tica\",\"potentialAction\":[{\"@type\":\"SearchAction\",\"target\":{\"@type\":\"EntryPoint\",\"urlTemplate\":\"https:\\\/\\\/www.maprofar.com\\\/tienda\\\/?s={search_term_string}\"},\"query-input\":{\"@type\":\"PropertyValueSpecification\",\"valueRequired\":true,\"valueName\":\"search_term_string\"}}],\"inLanguage\":\"es\"},{\"@type\":\"Organization\",\"@id\":\"https:\\\/\\\/www.maprofar.com\\\/tienda\\\/#organization\",\"name\":\"Maprofar S.L.\",\"url\":\"https:\\\/\\\/www.maprofar.com\\\/tienda\\\/\",\"logo\":{\"@type\":\"ImageObject\",\"inLanguage\":\"es\",\"@id\":\"https:\\\/\\\/www.maprofar.com\\\/tienda\\\/#\\\/schema\\\/logo\\\/image\\\/\",\"url\":\"https:\\\/\\\/www.maprofar.com\\\/tienda\\\/wp-content\\\/uploads\\\/2021\\\/05\\\/logo_circulo.jpg\",\"contentUrl\":\"https:\\\/\\\/www.maprofar.com\\\/tienda\\\/wp-content\\\/uploads\\\/2021\\\/05\\\/logo_circulo.jpg\",\"width\":404,\"height\":335,\"caption\":\"Maprofar S.L.\"},\"image\":{\"@id\":\"https:\\\/\\\/www.maprofar.com\\\/tienda\\\/#\\\/schema\\\/logo\\\/image\\\/\"},\"sameAs\":[\"https:\\\/\\\/es-es.facebook.com\\\/maprofar\",\"https:\\\/\\\/www.instagram.com\\\/maprofar_informatica\\\/\",\"https:\\\/\\\/www.pinterest.es\\\/maprofar\\\/\"]}]}<\/script>\n<!-- \/ Yoast SEO Premium plugin. -->","yoast_head_json":{"title":"Caja de Carton 60x40x44 cm (Canal 5)","description":"Caja de Carton 60x40x44 cm (Canal 5)","robots":{"index":"index","follow":"follow","max-snippet":"max-snippet:-1","max-image-preview":"max-image-preview:large","max-video-preview":"max-video-preview:-1"},"canonical":"https:\/\/www.maprofar.com\/tienda\/producto\/caja-de-carton-60x40x44-cm-canal-5\/","og_locale":"es_ES","og_type":"article","og_title":"Caja de Carton 60x40x44 cm (Canal 5) - Maprofar | T\u00f3ner Compatible Brother, HP y Soluciones de Impresi\u00f3n 3D","og_description":"En Maprofar encontrar\u00e1s t\u00f3ner compatibles de calidad y material de oficina al mejor precio. Ahorra sin sacrificar rendimiento. \u00a1Aprovecha nuestras ofertas y descuentos!","og_url":"https:\/\/www.maprofar.com\/tienda\/producto\/caja-de-carton-60x40x44-cm-canal-5\/","og_site_name":"Maprofar | T\u00f3ner Compatible Brother, HP y Soluciones de Impresi\u00f3n 3D","article_publisher":"https:\/\/es-es.facebook.com\/maprofar","article_modified_time":"2026-02-27T17:48:31+00:00","og_image":[{"width":1200,"height":1200,"url":"https:\/\/www.maprofar.com\/tienda\/wp-content\/uploads\/2022\/08\/BOX-08.jpg","type":"image\/jpeg"}],"twitter_card":"summary_large_image","twitter_misc":{"Tiempo de lectura":"1 minuto"},"schema":{"@context":"https:\/\/schema.org","@graph":[{"@type":"WebPage","@id":"https:\/\/www.maprofar.com\/tienda\/producto\/caja-de-carton-60x40x44-cm-canal-5\/","url":"https:\/\/www.maprofar.com\/tienda\/producto\/caja-de-carton-60x40x44-cm-canal-5\/","name":"Caja de Carton 60x40x44 cm (Canal 5)","isPartOf":{"@id":"https:\/\/www.maprofar.com\/tienda\/#website"},"primaryImageOfPage":{"@id":"https:\/\/www.maprofar.com\/tienda\/producto\/caja-de-carton-60x40x44-cm-canal-5\/#primaryimage"},"image":{"@id":"https:\/\/www.maprofar.com\/tienda\/producto\/caja-de-carton-60x40x44-cm-canal-5\/#primaryimage"},"thumbnailUrl":"https:\/\/www.maprofar.com\/tienda\/wp-content\/uploads\/2022\/08\/BOX-08.jpg","datePublished":"2022-08-02T09:55:46+00:00","dateModified":"2026-02-27T17:48:31+00:00","description":"Caja de Carton 60x40x44 cm (Canal 5)","breadcrumb":{"@id":"https:\/\/www.maprofar.com\/tienda\/producto\/caja-de-carton-60x40x44-cm-canal-5\/#breadcrumb"},"inLanguage":"es","potentialAction":[{"@type":"ReadAction","target":["https:\/\/www.maprofar.com\/tienda\/producto\/caja-de-carton-60x40x44-cm-canal-5\/"]}]},{"@type":"ImageObject","inLanguage":"es","@id":"https:\/\/www.maprofar.com\/tienda\/producto\/caja-de-carton-60x40x44-cm-canal-5\/#primaryimage","url":"https:\/\/www.maprofar.com\/tienda\/wp-content\/uploads\/2022\/08\/BOX-08.jpg","contentUrl":"https:\/\/www.maprofar.com\/tienda\/wp-content\/uploads\/2022\/08\/BOX-08.jpg","width":1200,"height":1200,"caption":"Caja de Carton 60x40x44 cm (Canal 5)"},{"@type":"BreadcrumbList","@id":"https:\/\/www.maprofar.com\/tienda\/producto\/caja-de-carton-60x40x44-cm-canal-5\/#breadcrumb","itemListElement":[{"@type":"ListItem","position":1,"name":"Portada","item":"https:\/\/www.maprofar.com\/tienda\/"},{"@type":"ListItem","position":2,"name":"Inicio","item":"https:\/\/www.maprofar.com\/tienda\/"},{"@type":"ListItem","position":3,"name":"Caja de Carton 60x40x44 cm (Canal 5)"}]},{"@type":"WebSite","@id":"https:\/\/www.maprofar.com\/tienda\/#website","url":"https:\/\/www.maprofar.com\/tienda\/","name":"Maprofar - Toner Compatibles y Material de Oficina","description":"Encuentra en Maprofar tu t\u00f3ner compatible Brother y HP al mejor precio. Calidad garantizada, env\u00edo urgente 24h y asesoramiento t\u00e9cnico experto. \u00a1Vis\u00edtanos!","publisher":{"@id":"https:\/\/www.maprofar.com\/tienda\/#organization"},"alternateName":"Maprofar Inform\u00e1tica","potentialAction":[{"@type":"SearchAction","target":{"@type":"EntryPoint","urlTemplate":"https:\/\/www.maprofar.com\/tienda\/?s={search_term_string}"},"query-input":{"@type":"PropertyValueSpecification","valueRequired":true,"valueName":"search_term_string"}}],"inLanguage":"es"},{"@type":"Organization","@id":"https:\/\/www.maprofar.com\/tienda\/#organization","name":"Maprofar S.L.","url":"https:\/\/www.maprofar.com\/tienda\/","logo":{"@type":"ImageObject","inLanguage":"es","@id":"https:\/\/www.maprofar.com\/tienda\/#\/schema\/logo\/image\/","url":"https:\/\/www.maprofar.com\/tienda\/wp-content\/uploads\/2021\/05\/logo_circulo.jpg","contentUrl":"https:\/\/www.maprofar.com\/tienda\/wp-content\/uploads\/2021\/05\/logo_circulo.jpg","width":404,"height":335,"caption":"Maprofar S.L."},"image":{"@id":"https:\/\/www.maprofar.com\/tienda\/#\/schema\/logo\/image\/"},"sameAs":["https:\/\/es-es.facebook.com\/maprofar","https:\/\/www.instagram.com\/maprofar_informatica\/","https:\/\/www.pinterest.es\/maprofar\/"]}]}},"_links":{"self":[{"href":"https:\/\/www.maprofar.com\/tienda\/wp-json\/wp\/v2\/product\/6344","targetHints":{"allow":["GET"]}}],"collection":[{"href":"https:\/\/www.maprofar.com\/tienda\/wp-json\/wp\/v2\/product"}],"about":[{"href":"https:\/\/www.maprofar.com\/tienda\/wp-json\/wp\/v2\/types\/product"}],"wp:featuredmedia":[{"embeddable":true,"href":"https:\/\/www.maprofar.com\/tienda\/wp-json\/wp\/v2\/media\/6345"}],"wp:attachment":[{"href":"https:\/\/www.maprofar.com\/tienda\/wp-json\/wp\/v2\/media?parent=6344"}],"wp:term":[{"taxonomy":"product_brand","embeddable":true,"href":"https:\/\/www.maprofar.com\/tienda\/wp-json\/wp\/v2\/product_brand?post=6344"},{"taxonomy":"product_cat","embeddable":true,"href":"https:\/\/www.maprofar.com\/tienda\/wp-json\/wp\/v2\/product_cat?post=6344"},{"taxonomy":"product_tag","embeddable":true,"href":"https:\/\/www.maprofar.com\/tienda\/wp-json\/wp\/v2\/product_tag?post=6344"}],"curies":[{"name":"wp","href":"https:\/\/api.w.org\/{rel}","templated":true}]}}