{"id":6681,"date":"2022-08-08T10:52:02","date_gmt":"2022-08-08T08:52:02","guid":{"rendered":"https:\/\/www.maprofar.com\/tienda\/?post_type=product&#038;p=6681"},"modified":"2025-07-03T18:33:05","modified_gmt":"2025-07-03T16:33:05","slug":"gbc-fusion-3000l-a4-plastificadora-calentamiento-en-1-minutos-ajuste-adicional-frio-hasta-tamano-a4-grueso-bolsa-125mic","status":"publish","type":"product","link":"https:\/\/www.maprofar.com\/tienda\/producto\/gbc-fusion-3000l-a4-plastificadora-calentamiento-en-1-minutos-ajuste-adicional-frio-hasta-tamano-a4-grueso-bolsa-125mic\/","title":{"rendered":"GBC Fusion 3000L A4 Plastificadora &#8211; Calentamiento en 1 Minutos &#8211; Ajuste Adicional Frio &#8211; Hasta Tama\u00f1o A4 &#8211; Grueso Bolsa 125mic"},"content":{"rendered":"<p>Perfecto a la primera, en la mitad de tiempo. Ideal para el usuario frecuente dom\u00e9stico o de oficina, la plastificadora Fusion 3000L formato A4 garantiza grandes resultados de forma r\u00e1pida. Elegante y compacta, est\u00e1 lista para su uso en 1 minuto y plastifica desde documentos de identidad hasta tama\u00f1o A4, en solo 30 segundos, empleando carteras de 2&#215;75, 2&#215;100 &amp; 2&#215;125 micras. Una gu\u00eda ajustable para carteras y una bandeja de salida mantienen los documentos alineados de forma precisa y perfectamente planos.<\/p>\n<p>Caracter\u00edsticas:<\/p>\n<p>-Ideal para oficinas y usuarios que plastifican de manera habitual.<br \/>\n-Calentamiento en 1 minuto.<br \/>\n-Plastifica un documento A4 en s\u00f3lo 30 segundos empleando carteras de 2&#215;75 micras.<br \/>\n-Plastifica desde documentos de identidad hasta tama\u00f1o A4.<br \/>\n-Ajuste adicional de fr\u00edo para usar con carteras auto-adhesivas y en fr\u00edo.<br \/>\n-Una luz verde y un pitido de aviso indican cu\u00e1ndo est\u00e1 lista.<\/p>\n<p>Especificaciones:<\/p>\n<p>-Dimensiones: 405 x 90 x 100<br \/>\n-Grueso bolsa plastificar. 125 mic<br \/>\n-Peso: 1,9<\/p>\n<p><span style=\"color: #999999;\">Comprar GBC Fusion 3000L A4 Plastificadora &#8211; Calentamiento en 1 Minutos &#8211; Ajuste Adicional Frio &#8211; Hasta Tama\u00f1o A4 &#8211; Grueso Bolsa 125mic<\/span><\/p>\n","protected":false},"excerpt":{"rendered":"<p class=\"titulo_subseccion_da\">CARACTER\u00cdSTICAS<\/p>\n<div class=\"listado_caracteristicas_da\"><span class=\"linea_datos_da\">\u2022 Marca:\u00a0<span class=\"gris_400\" title=\"GBC\">GBC<\/span><\/span><\/div>\n<div class=\"listado_caracteristicas_da\"><span class=\"linea_datos_da\" title=\"Negro\">\u2022 Color:\u00a0<span class=\"gris_400\">Negro<\/span><\/span><\/div>\n<div class=\"listado_caracteristicas_da\"><span class=\"linea_datos_da\" title=\"GBC\">\u2022 Fabricante:\u00a0<span class=\"gris_400\">GBC<\/span><\/span><\/div>\n<div class=\"listado_caracteristicas_da\"><span class=\"linea_datos_da\" title=\"\" aria-describedby=\"ui-id-9\">\u2022 Ref.:\u00a0<span class=\"gris_400\">4400748EU<\/span><\/span><\/div>\n","protected":false},"featured_media":6682,"template":"","meta":[],"product_brand":[],"product_cat":[167],"product_tag":[],"class_list":{"0":"post-6681","1":"product","2":"type-product","3":"status-publish","4":"has-post-thumbnail","6":"product_cat-plastificadoras","8":"first","9":"instock","10":"taxable","11":"shipping-taxable","12":"purchasable","13":"product-type-simple"},"yoast_head":"<!-- This site is optimized with the Yoast SEO Premium plugin v22.3 (Yoast SEO v27.4) - https:\/\/yoast.com\/product\/yoast-seo-premium-wordpress\/ -->\n<title>GBC Fusion 3000L A4 Plastificadora - Grueso Bolsa 125mic<\/title>\n<meta name=\"description\" content=\"GBC Fusion 3000L A4 Plastificadora - Calentamiento en 1 Minutos - Ajuste Adicional Frio - Hasta Tama\u00f1o A4 - Grueso Bolsa 125mic\" \/>\n<meta name=\"robots\" content=\"index, follow, max-snippet:-1, max-image-preview:large, max-video-preview:-1\" \/>\n<link rel=\"canonical\" href=\"https:\/\/www.maprofar.com\/tienda\/producto\/gbc-fusion-3000l-a4-plastificadora-calentamiento-en-1-minutos-ajuste-adicional-frio-hasta-tamano-a4-grueso-bolsa-125mic\/\" \/>\n<meta property=\"og:locale\" content=\"es_ES\" \/>\n<meta property=\"og:type\" content=\"article\" \/>\n<meta property=\"og:title\" content=\"GBC Fusion 3000L A4 Plastificadora - Calentamiento en 1 Minutos - Ajuste Adicional Frio - Hasta Tama\u00f1o A4 - Grueso Bolsa 125mic - Maprofar | T\u00f3ner Compatible Brother, HP y Soluciones de Impresi\u00f3n 3D\" \/>\n<meta property=\"og:description\" content=\"En Maprofar encontrar\u00e1s t\u00f3ner compatibles de calidad y material de oficina al mejor precio. Ahorra sin sacrificar rendimiento. \u00a1Aprovecha nuestras ofertas y descuentos!\" \/>\n<meta property=\"og:url\" content=\"https:\/\/www.maprofar.com\/tienda\/producto\/gbc-fusion-3000l-a4-plastificadora-calentamiento-en-1-minutos-ajuste-adicional-frio-hasta-tamano-a4-grueso-bolsa-125mic\/\" \/>\n<meta property=\"og:site_name\" content=\"Maprofar | T\u00f3ner Compatible Brother, HP y Soluciones de Impresi\u00f3n 3D\" \/>\n<meta property=\"article:publisher\" content=\"https:\/\/es-es.facebook.com\/maprofar\" \/>\n<meta property=\"article:modified_time\" content=\"2025-07-03T16:33:05+00:00\" \/>\n<meta property=\"og:image\" content=\"https:\/\/www.maprofar.com\/tienda\/wp-content\/uploads\/2022\/08\/4400748EU_1.jpg\" \/>\n\t<meta property=\"og:image:width\" content=\"440\" \/>\n\t<meta property=\"og:image:height\" content=\"440\" \/>\n\t<meta property=\"og:image:type\" content=\"image\/jpeg\" \/>\n<meta name=\"twitter:card\" content=\"summary_large_image\" \/>\n<meta name=\"twitter:label1\" content=\"Tiempo de lectura\" \/>\n\t<meta name=\"twitter:data1\" content=\"1 minuto\" \/>\n<script type=\"application\/ld+json\" class=\"yoast-schema-graph\">{\"@context\":\"https:\\\/\\\/schema.org\",\"@graph\":[{\"@type\":\"WebPage\",\"@id\":\"https:\\\/\\\/www.maprofar.com\\\/tienda\\\/producto\\\/gbc-fusion-3000l-a4-plastificadora-calentamiento-en-1-minutos-ajuste-adicional-frio-hasta-tamano-a4-grueso-bolsa-125mic\\\/\",\"url\":\"https:\\\/\\\/www.maprofar.com\\\/tienda\\\/producto\\\/gbc-fusion-3000l-a4-plastificadora-calentamiento-en-1-minutos-ajuste-adicional-frio-hasta-tamano-a4-grueso-bolsa-125mic\\\/\",\"name\":\"GBC Fusion 3000L A4 Plastificadora - Grueso Bolsa 125mic\",\"isPartOf\":{\"@id\":\"https:\\\/\\\/www.maprofar.com\\\/tienda\\\/#website\"},\"primaryImageOfPage\":{\"@id\":\"https:\\\/\\\/www.maprofar.com\\\/tienda\\\/producto\\\/gbc-fusion-3000l-a4-plastificadora-calentamiento-en-1-minutos-ajuste-adicional-frio-hasta-tamano-a4-grueso-bolsa-125mic\\\/#primaryimage\"},\"image\":{\"@id\":\"https:\\\/\\\/www.maprofar.com\\\/tienda\\\/producto\\\/gbc-fusion-3000l-a4-plastificadora-calentamiento-en-1-minutos-ajuste-adicional-frio-hasta-tamano-a4-grueso-bolsa-125mic\\\/#primaryimage\"},\"thumbnailUrl\":\"https:\\\/\\\/www.maprofar.com\\\/tienda\\\/wp-content\\\/uploads\\\/2022\\\/08\\\/4400748EU_1.jpg\",\"datePublished\":\"2022-08-08T08:52:02+00:00\",\"dateModified\":\"2025-07-03T16:33:05+00:00\",\"description\":\"GBC Fusion 3000L A4 Plastificadora - Calentamiento en 1 Minutos - Ajuste Adicional Frio - Hasta Tama\u00f1o A4 - Grueso Bolsa 125mic\",\"breadcrumb\":{\"@id\":\"https:\\\/\\\/www.maprofar.com\\\/tienda\\\/producto\\\/gbc-fusion-3000l-a4-plastificadora-calentamiento-en-1-minutos-ajuste-adicional-frio-hasta-tamano-a4-grueso-bolsa-125mic\\\/#breadcrumb\"},\"inLanguage\":\"es\",\"potentialAction\":[{\"@type\":\"ReadAction\",\"target\":[\"https:\\\/\\\/www.maprofar.com\\\/tienda\\\/producto\\\/gbc-fusion-3000l-a4-plastificadora-calentamiento-en-1-minutos-ajuste-adicional-frio-hasta-tamano-a4-grueso-bolsa-125mic\\\/\"]}]},{\"@type\":\"ImageObject\",\"inLanguage\":\"es\",\"@id\":\"https:\\\/\\\/www.maprofar.com\\\/tienda\\\/producto\\\/gbc-fusion-3000l-a4-plastificadora-calentamiento-en-1-minutos-ajuste-adicional-frio-hasta-tamano-a4-grueso-bolsa-125mic\\\/#primaryimage\",\"url\":\"https:\\\/\\\/www.maprofar.com\\\/tienda\\\/wp-content\\\/uploads\\\/2022\\\/08\\\/4400748EU_1.jpg\",\"contentUrl\":\"https:\\\/\\\/www.maprofar.com\\\/tienda\\\/wp-content\\\/uploads\\\/2022\\\/08\\\/4400748EU_1.jpg\",\"width\":440,\"height\":440,\"caption\":\"GBC Fusion 3000L A4 Plastificadora - Calentamiento en 1 Minutos - Ajuste Adicional Frio - Hasta Tama\u00f1o A4 - Grueso Bolsa 125mic\"},{\"@type\":\"BreadcrumbList\",\"@id\":\"https:\\\/\\\/www.maprofar.com\\\/tienda\\\/producto\\\/gbc-fusion-3000l-a4-plastificadora-calentamiento-en-1-minutos-ajuste-adicional-frio-hasta-tamano-a4-grueso-bolsa-125mic\\\/#breadcrumb\",\"itemListElement\":[{\"@type\":\"ListItem\",\"position\":1,\"name\":\"Portada\",\"item\":\"https:\\\/\\\/www.maprofar.com\\\/tienda\\\/\"},{\"@type\":\"ListItem\",\"position\":2,\"name\":\"Inicio\",\"item\":\"https:\\\/\\\/www.maprofar.com\\\/tienda\\\/\"},{\"@type\":\"ListItem\",\"position\":3,\"name\":\"GBC Fusion 3000L A4 Plastificadora &#8211; Calentamiento en 1 Minutos &#8211; Ajuste Adicional Frio &#8211; Hasta Tama\u00f1o A4 &#8211; Grueso Bolsa 125mic\"}]},{\"@type\":\"WebSite\",\"@id\":\"https:\\\/\\\/www.maprofar.com\\\/tienda\\\/#website\",\"url\":\"https:\\\/\\\/www.maprofar.com\\\/tienda\\\/\",\"name\":\"Maprofar - Toner Compatibles y Material de Oficina\",\"description\":\"Encuentra en Maprofar tu t\u00f3ner compatible Brother y HP al mejor precio. Calidad garantizada, env\u00edo urgente 24h y asesoramiento t\u00e9cnico experto. \u00a1Vis\u00edtanos!\",\"publisher\":{\"@id\":\"https:\\\/\\\/www.maprofar.com\\\/tienda\\\/#organization\"},\"alternateName\":\"Maprofar Inform\u00e1tica\",\"potentialAction\":[{\"@type\":\"SearchAction\",\"target\":{\"@type\":\"EntryPoint\",\"urlTemplate\":\"https:\\\/\\\/www.maprofar.com\\\/tienda\\\/?s={search_term_string}\"},\"query-input\":{\"@type\":\"PropertyValueSpecification\",\"valueRequired\":true,\"valueName\":\"search_term_string\"}}],\"inLanguage\":\"es\"},{\"@type\":\"Organization\",\"@id\":\"https:\\\/\\\/www.maprofar.com\\\/tienda\\\/#organization\",\"name\":\"Maprofar S.L.\",\"url\":\"https:\\\/\\\/www.maprofar.com\\\/tienda\\\/\",\"logo\":{\"@type\":\"ImageObject\",\"inLanguage\":\"es\",\"@id\":\"https:\\\/\\\/www.maprofar.com\\\/tienda\\\/#\\\/schema\\\/logo\\\/image\\\/\",\"url\":\"https:\\\/\\\/www.maprofar.com\\\/tienda\\\/wp-content\\\/uploads\\\/2021\\\/05\\\/logo_circulo.jpg\",\"contentUrl\":\"https:\\\/\\\/www.maprofar.com\\\/tienda\\\/wp-content\\\/uploads\\\/2021\\\/05\\\/logo_circulo.jpg\",\"width\":404,\"height\":335,\"caption\":\"Maprofar S.L.\"},\"image\":{\"@id\":\"https:\\\/\\\/www.maprofar.com\\\/tienda\\\/#\\\/schema\\\/logo\\\/image\\\/\"},\"sameAs\":[\"https:\\\/\\\/es-es.facebook.com\\\/maprofar\",\"https:\\\/\\\/www.instagram.com\\\/maprofar_informatica\\\/\",\"https:\\\/\\\/www.pinterest.es\\\/maprofar\\\/\"]}]}<\/script>\n<!-- \/ Yoast SEO Premium plugin. -->","yoast_head_json":{"title":"GBC Fusion 3000L A4 Plastificadora - Grueso Bolsa 125mic","description":"GBC Fusion 3000L A4 Plastificadora - Calentamiento en 1 Minutos - Ajuste Adicional Frio - Hasta Tama\u00f1o A4 - Grueso Bolsa 125mic","robots":{"index":"index","follow":"follow","max-snippet":"max-snippet:-1","max-image-preview":"max-image-preview:large","max-video-preview":"max-video-preview:-1"},"canonical":"https:\/\/www.maprofar.com\/tienda\/producto\/gbc-fusion-3000l-a4-plastificadora-calentamiento-en-1-minutos-ajuste-adicional-frio-hasta-tamano-a4-grueso-bolsa-125mic\/","og_locale":"es_ES","og_type":"article","og_title":"GBC Fusion 3000L A4 Plastificadora - Calentamiento en 1 Minutos - Ajuste Adicional Frio - Hasta Tama\u00f1o A4 - Grueso Bolsa 125mic - Maprofar | T\u00f3ner Compatible Brother, HP y Soluciones de Impresi\u00f3n 3D","og_description":"En Maprofar encontrar\u00e1s t\u00f3ner compatibles de calidad y material de oficina al mejor precio. Ahorra sin sacrificar rendimiento. \u00a1Aprovecha nuestras ofertas y descuentos!","og_url":"https:\/\/www.maprofar.com\/tienda\/producto\/gbc-fusion-3000l-a4-plastificadora-calentamiento-en-1-minutos-ajuste-adicional-frio-hasta-tamano-a4-grueso-bolsa-125mic\/","og_site_name":"Maprofar | T\u00f3ner Compatible Brother, HP y Soluciones de Impresi\u00f3n 3D","article_publisher":"https:\/\/es-es.facebook.com\/maprofar","article_modified_time":"2025-07-03T16:33:05+00:00","og_image":[{"width":440,"height":440,"url":"https:\/\/www.maprofar.com\/tienda\/wp-content\/uploads\/2022\/08\/4400748EU_1.jpg","type":"image\/jpeg"}],"twitter_card":"summary_large_image","twitter_misc":{"Tiempo de lectura":"1 minuto"},"schema":{"@context":"https:\/\/schema.org","@graph":[{"@type":"WebPage","@id":"https:\/\/www.maprofar.com\/tienda\/producto\/gbc-fusion-3000l-a4-plastificadora-calentamiento-en-1-minutos-ajuste-adicional-frio-hasta-tamano-a4-grueso-bolsa-125mic\/","url":"https:\/\/www.maprofar.com\/tienda\/producto\/gbc-fusion-3000l-a4-plastificadora-calentamiento-en-1-minutos-ajuste-adicional-frio-hasta-tamano-a4-grueso-bolsa-125mic\/","name":"GBC Fusion 3000L A4 Plastificadora - Grueso Bolsa 125mic","isPartOf":{"@id":"https:\/\/www.maprofar.com\/tienda\/#website"},"primaryImageOfPage":{"@id":"https:\/\/www.maprofar.com\/tienda\/producto\/gbc-fusion-3000l-a4-plastificadora-calentamiento-en-1-minutos-ajuste-adicional-frio-hasta-tamano-a4-grueso-bolsa-125mic\/#primaryimage"},"image":{"@id":"https:\/\/www.maprofar.com\/tienda\/producto\/gbc-fusion-3000l-a4-plastificadora-calentamiento-en-1-minutos-ajuste-adicional-frio-hasta-tamano-a4-grueso-bolsa-125mic\/#primaryimage"},"thumbnailUrl":"https:\/\/www.maprofar.com\/tienda\/wp-content\/uploads\/2022\/08\/4400748EU_1.jpg","datePublished":"2022-08-08T08:52:02+00:00","dateModified":"2025-07-03T16:33:05+00:00","description":"GBC Fusion 3000L A4 Plastificadora - Calentamiento en 1 Minutos - Ajuste Adicional Frio - Hasta Tama\u00f1o A4 - Grueso Bolsa 125mic","breadcrumb":{"@id":"https:\/\/www.maprofar.com\/tienda\/producto\/gbc-fusion-3000l-a4-plastificadora-calentamiento-en-1-minutos-ajuste-adicional-frio-hasta-tamano-a4-grueso-bolsa-125mic\/#breadcrumb"},"inLanguage":"es","potentialAction":[{"@type":"ReadAction","target":["https:\/\/www.maprofar.com\/tienda\/producto\/gbc-fusion-3000l-a4-plastificadora-calentamiento-en-1-minutos-ajuste-adicional-frio-hasta-tamano-a4-grueso-bolsa-125mic\/"]}]},{"@type":"ImageObject","inLanguage":"es","@id":"https:\/\/www.maprofar.com\/tienda\/producto\/gbc-fusion-3000l-a4-plastificadora-calentamiento-en-1-minutos-ajuste-adicional-frio-hasta-tamano-a4-grueso-bolsa-125mic\/#primaryimage","url":"https:\/\/www.maprofar.com\/tienda\/wp-content\/uploads\/2022\/08\/4400748EU_1.jpg","contentUrl":"https:\/\/www.maprofar.com\/tienda\/wp-content\/uploads\/2022\/08\/4400748EU_1.jpg","width":440,"height":440,"caption":"GBC Fusion 3000L A4 Plastificadora - Calentamiento en 1 Minutos - Ajuste Adicional Frio - Hasta Tama\u00f1o A4 - Grueso Bolsa 125mic"},{"@type":"BreadcrumbList","@id":"https:\/\/www.maprofar.com\/tienda\/producto\/gbc-fusion-3000l-a4-plastificadora-calentamiento-en-1-minutos-ajuste-adicional-frio-hasta-tamano-a4-grueso-bolsa-125mic\/#breadcrumb","itemListElement":[{"@type":"ListItem","position":1,"name":"Portada","item":"https:\/\/www.maprofar.com\/tienda\/"},{"@type":"ListItem","position":2,"name":"Inicio","item":"https:\/\/www.maprofar.com\/tienda\/"},{"@type":"ListItem","position":3,"name":"GBC Fusion 3000L A4 Plastificadora &#8211; Calentamiento en 1 Minutos &#8211; Ajuste Adicional Frio &#8211; Hasta Tama\u00f1o A4 &#8211; Grueso Bolsa 125mic"}]},{"@type":"WebSite","@id":"https:\/\/www.maprofar.com\/tienda\/#website","url":"https:\/\/www.maprofar.com\/tienda\/","name":"Maprofar - Toner Compatibles y Material de Oficina","description":"Encuentra en Maprofar tu t\u00f3ner compatible Brother y HP al mejor precio. Calidad garantizada, env\u00edo urgente 24h y asesoramiento t\u00e9cnico experto. \u00a1Vis\u00edtanos!","publisher":{"@id":"https:\/\/www.maprofar.com\/tienda\/#organization"},"alternateName":"Maprofar Inform\u00e1tica","potentialAction":[{"@type":"SearchAction","target":{"@type":"EntryPoint","urlTemplate":"https:\/\/www.maprofar.com\/tienda\/?s={search_term_string}"},"query-input":{"@type":"PropertyValueSpecification","valueRequired":true,"valueName":"search_term_string"}}],"inLanguage":"es"},{"@type":"Organization","@id":"https:\/\/www.maprofar.com\/tienda\/#organization","name":"Maprofar S.L.","url":"https:\/\/www.maprofar.com\/tienda\/","logo":{"@type":"ImageObject","inLanguage":"es","@id":"https:\/\/www.maprofar.com\/tienda\/#\/schema\/logo\/image\/","url":"https:\/\/www.maprofar.com\/tienda\/wp-content\/uploads\/2021\/05\/logo_circulo.jpg","contentUrl":"https:\/\/www.maprofar.com\/tienda\/wp-content\/uploads\/2021\/05\/logo_circulo.jpg","width":404,"height":335,"caption":"Maprofar S.L."},"image":{"@id":"https:\/\/www.maprofar.com\/tienda\/#\/schema\/logo\/image\/"},"sameAs":["https:\/\/es-es.facebook.com\/maprofar","https:\/\/www.instagram.com\/maprofar_informatica\/","https:\/\/www.pinterest.es\/maprofar\/"]}]}},"_links":{"self":[{"href":"https:\/\/www.maprofar.com\/tienda\/wp-json\/wp\/v2\/product\/6681","targetHints":{"allow":["GET"]}}],"collection":[{"href":"https:\/\/www.maprofar.com\/tienda\/wp-json\/wp\/v2\/product"}],"about":[{"href":"https:\/\/www.maprofar.com\/tienda\/wp-json\/wp\/v2\/types\/product"}],"wp:featuredmedia":[{"embeddable":true,"href":"https:\/\/www.maprofar.com\/tienda\/wp-json\/wp\/v2\/media\/6682"}],"wp:attachment":[{"href":"https:\/\/www.maprofar.com\/tienda\/wp-json\/wp\/v2\/media?parent=6681"}],"wp:term":[{"taxonomy":"product_brand","embeddable":true,"href":"https:\/\/www.maprofar.com\/tienda\/wp-json\/wp\/v2\/product_brand?post=6681"},{"taxonomy":"product_cat","embeddable":true,"href":"https:\/\/www.maprofar.com\/tienda\/wp-json\/wp\/v2\/product_cat?post=6681"},{"taxonomy":"product_tag","embeddable":true,"href":"https:\/\/www.maprofar.com\/tienda\/wp-json\/wp\/v2\/product_tag?post=6681"}],"curies":[{"name":"wp","href":"https:\/\/api.w.org\/{rel}","templated":true}]}}