{"id":6740,"date":"2022-08-08T12:48:00","date_gmt":"2022-08-08T10:48:00","guid":{"rendered":"https:\/\/www.maprofar.com\/tienda\/?post_type=product&#038;p=6740"},"modified":"2026-01-29T11:21:16","modified_gmt":"2026-01-29T10:21:16","slug":"leitz-precision-office-a3-cizalla-de-papel-recorta-hasta-15-hojas-formato-a3-cuchilla-giratoria","status":"publish","type":"product","link":"https:\/\/www.maprofar.com\/tienda\/producto\/leitz-precision-office-a3-cizalla-de-papel-recorta-hasta-15-hojas-formato-a3-cuchilla-giratoria\/","title":{"rendered":"Leitz Precision Office A3 Cizalla de papel &#8211; Recorta hasta 15 Hojas &#8211; Formato A3 &#8211; Cuchilla Giratoria"},"content":{"rendered":"<p>La cizalla Leitz Precision Office A3 es perfecta para todas tus tareas diarias de recorte de papel en la oficina o para manualidades profesionales. Esta robusta pero vers\u00e1til cizalla de papel recortar\u00e1 sin esfuerzo hasta 15 hojas de papel A3 (80grs) con velocidad y precisi\u00f3n utilizando una cuchilla recta y se puede guardar f\u00e1cilmente cuando no se utiliza. Elige entre cuchillas rectas, onduladas o perforadoras que vienen en cartuchos de pl\u00e1stico transparente 100% seguros y f\u00e1ciles de cambiar. El cabezal de corte de f\u00e1cil agarre es c\u00f3modo de usar, mientras que el puntero de corte claro te permite ver la l\u00ednea de corte de la cuchilla para obtener una precisi\u00f3n total en todo momento. Es r\u00e1pido y f\u00e1cil insertar el papel con la pinza autom\u00e1tica y las claras directrices de medici\u00f3n permiten una alineaci\u00f3n precisa.<\/p>\n<p>Caracter\u00edsticas:<\/p>\n<p>-Robusta y vers\u00e1til cizalla A3 ideal para el uso frecuente en la oficina o para manualidades profesionales.<br \/>\n-Cuchilla giratoria de acero rectificado de alta calidad que recorta f\u00e1cilmente hasta 15 hojas de papel de 80 grs (con la cuchilla recta).<br \/>\n-Elige entre cuchillas rectas, onduladas o perforadoras que vienen en cartuchos de pl\u00e1stico transparente de cambio r\u00e1pido.<br \/>\n-La cuchilla ondulada recorta y la cuchilla perforadora perfora hasta 5 hojas de papel de 80grs.<br \/>\n-Cambia de forma r\u00e1pida y segura entre las cuchillas dejando caer el cartucho seleccionado en el cabezal de la recortadora de dise\u00f1o ergon\u00f3mico y f\u00e1cil agarre.<br \/>\n-La sujeci\u00f3n autom\u00e1tica del papel y las sencillas l\u00edneas de la cuadr\u00edcula m\u00e9trica facilitan la inserci\u00f3n del papel y el cabezal de la cizalla se desplaza suavemente por la barra gu\u00eda para un recorte preciso.<br \/>\n-Robusta base de pl\u00e1stico con pies de goma antideslizantes para mayor estabilidad y que se puede guardar f\u00e1cilmente cuando no se utiliza.<br \/>\n-Cizalla de papel Leitz de alta calidad con una garant\u00eda de 5 a\u00f1os sin problemas (excluye las piezas de desgaste normal y los consumibles).<br \/>\n-Hay disponibles cuchillas de recambio rectas, onduladas y perforadoras.<\/p>\n<p>Especificaciones:<\/p>\n<p>-Color: Antracita<br \/>\n-Material: Base de pl\u00e1stico<br \/>\n-Dimensiones: 306 x 106 x 547<br \/>\n-Tipo de corte: Cuchilla giratoria<br \/>\n-Para formato: A3<br \/>\n-Cabezal de corte<br \/>\n-Capacidad de corte (hojas 80 grs): 15<br \/>\n-Periodo de garant\u00eda: 5<br \/>\n-Peso: 1,69<\/p>\n<p><span style=\"color: #999999;\">Comprar Leitz Precision Office A3 Cizalla de papel &#8211; Recorta hasta 15 Hojas &#8211; Formato A3 &#8211; Cuchilla Giratoria<\/span><\/p>\n","protected":false},"excerpt":{"rendered":"<p class=\"titulo_subseccion_da\">CARACTER\u00cdSTICAS<\/p>\n<div class=\"listado_caracteristicas_da\"><span class=\"linea_datos_da\">\u2022 Marca:\u00a0<span class=\"gris_400\" title=\"Leitz\">Leitz<\/span><\/span><\/div>\n<div class=\"listado_caracteristicas_da\"><span class=\"linea_datos_da\" title=\"Gris Oscuro\">\u2022 Color:\u00a0<span class=\"gris_400\">Gris Oscuro<\/span><\/span><\/div>\n<div class=\"listado_caracteristicas_da\"><span class=\"linea_datos_da\" title=\"Leitz\">\u2022 Fabricante:\u00a0<span class=\"gris_400\">Leitz<\/span><\/span><\/div>\n<div class=\"listado_caracteristicas_da\"><span class=\"linea_datos_da\" title=\"\" aria-describedby=\"ui-id-11\">\u2022 Ref.:\u00a0<span class=\"gris_400\">90280000<\/span><\/span><\/div>\n","protected":false},"featured_media":6744,"template":"","meta":[],"product_brand":[],"product_cat":[168],"product_tag":[],"class_list":{"0":"post-6740","1":"product","2":"type-product","3":"status-publish","4":"has-post-thumbnail","6":"product_cat-cizallas-y-guillotinas","8":"first","9":"instock","10":"taxable","11":"shipping-taxable","12":"purchasable","13":"product-type-simple"},"yoast_head":"<!-- This site is optimized with the Yoast SEO Premium plugin v22.3 (Yoast SEO v27.4) - https:\/\/yoast.com\/product\/yoast-seo-premium-wordpress\/ -->\n<title>Leitz Precision Office A3 Cizalla de papel - Hasta 15 Hojas - A3<\/title>\n<meta name=\"description\" content=\"Leitz Precision Office A3 Cizalla de papel - Recorta hasta 15 Hojas - Formato A3 - Cuchilla Giratoria Maprofar | T\u00f3ner Compatible Brother, HP y Soluciones de Impresi\u00f3n 3D\" \/>\n<meta name=\"robots\" content=\"index, follow, max-snippet:-1, max-image-preview:large, max-video-preview:-1\" \/>\n<link rel=\"canonical\" href=\"https:\/\/www.maprofar.com\/tienda\/producto\/leitz-precision-office-a3-cizalla-de-papel-recorta-hasta-15-hojas-formato-a3-cuchilla-giratoria\/\" \/>\n<meta property=\"og:locale\" content=\"es_ES\" \/>\n<meta property=\"og:type\" content=\"article\" \/>\n<meta property=\"og:title\" content=\"Leitz Precision Office A3 Cizalla de papel - Recorta hasta 15 Hojas - Formato A3 - Cuchilla Giratoria - Maprofar | T\u00f3ner Compatible Brother, HP y Soluciones de Impresi\u00f3n 3D\" \/>\n<meta property=\"og:description\" content=\"En Maprofar encontrar\u00e1s t\u00f3ner compatibles de calidad y material de oficina al mejor precio. Ahorra sin sacrificar rendimiento. \u00a1Aprovecha nuestras ofertas y descuentos!\" \/>\n<meta property=\"og:url\" content=\"https:\/\/www.maprofar.com\/tienda\/producto\/leitz-precision-office-a3-cizalla-de-papel-recorta-hasta-15-hojas-formato-a3-cuchilla-giratoria\/\" \/>\n<meta property=\"og:site_name\" content=\"Maprofar | T\u00f3ner Compatible Brother, HP y Soluciones de Impresi\u00f3n 3D\" \/>\n<meta property=\"article:publisher\" content=\"https:\/\/es-es.facebook.com\/maprofar\" \/>\n<meta property=\"article:modified_time\" content=\"2026-01-29T10:21:16+00:00\" \/>\n<meta property=\"og:image\" content=\"https:\/\/www.maprofar.com\/tienda\/wp-content\/uploads\/2022\/08\/90280000_1.jpg\" \/>\n\t<meta property=\"og:image:width\" content=\"440\" \/>\n\t<meta property=\"og:image:height\" content=\"274\" \/>\n\t<meta property=\"og:image:type\" content=\"image\/jpeg\" \/>\n<meta name=\"twitter:card\" content=\"summary_large_image\" \/>\n<meta name=\"twitter:label1\" content=\"Tiempo de lectura\" \/>\n\t<meta name=\"twitter:data1\" content=\"2 minutos\" \/>\n<script type=\"application\/ld+json\" class=\"yoast-schema-graph\">{\"@context\":\"https:\\\/\\\/schema.org\",\"@graph\":[{\"@type\":\"WebPage\",\"@id\":\"https:\\\/\\\/www.maprofar.com\\\/tienda\\\/producto\\\/leitz-precision-office-a3-cizalla-de-papel-recorta-hasta-15-hojas-formato-a3-cuchilla-giratoria\\\/\",\"url\":\"https:\\\/\\\/www.maprofar.com\\\/tienda\\\/producto\\\/leitz-precision-office-a3-cizalla-de-papel-recorta-hasta-15-hojas-formato-a3-cuchilla-giratoria\\\/\",\"name\":\"Leitz Precision Office A3 Cizalla de papel - Hasta 15 Hojas - A3\",\"isPartOf\":{\"@id\":\"https:\\\/\\\/www.maprofar.com\\\/tienda\\\/#website\"},\"primaryImageOfPage\":{\"@id\":\"https:\\\/\\\/www.maprofar.com\\\/tienda\\\/producto\\\/leitz-precision-office-a3-cizalla-de-papel-recorta-hasta-15-hojas-formato-a3-cuchilla-giratoria\\\/#primaryimage\"},\"image\":{\"@id\":\"https:\\\/\\\/www.maprofar.com\\\/tienda\\\/producto\\\/leitz-precision-office-a3-cizalla-de-papel-recorta-hasta-15-hojas-formato-a3-cuchilla-giratoria\\\/#primaryimage\"},\"thumbnailUrl\":\"https:\\\/\\\/www.maprofar.com\\\/tienda\\\/wp-content\\\/uploads\\\/2022\\\/08\\\/90280000_1.jpg\",\"datePublished\":\"2022-08-08T10:48:00+00:00\",\"dateModified\":\"2026-01-29T10:21:16+00:00\",\"description\":\"Leitz Precision Office A3 Cizalla de papel - Recorta hasta 15 Hojas - Formato A3 - Cuchilla Giratoria Maprofar | T\u00f3ner Compatible Brother, HP y Soluciones de Impresi\u00f3n 3D\",\"breadcrumb\":{\"@id\":\"https:\\\/\\\/www.maprofar.com\\\/tienda\\\/producto\\\/leitz-precision-office-a3-cizalla-de-papel-recorta-hasta-15-hojas-formato-a3-cuchilla-giratoria\\\/#breadcrumb\"},\"inLanguage\":\"es\",\"potentialAction\":[{\"@type\":\"ReadAction\",\"target\":[\"https:\\\/\\\/www.maprofar.com\\\/tienda\\\/producto\\\/leitz-precision-office-a3-cizalla-de-papel-recorta-hasta-15-hojas-formato-a3-cuchilla-giratoria\\\/\"]}]},{\"@type\":\"ImageObject\",\"inLanguage\":\"es\",\"@id\":\"https:\\\/\\\/www.maprofar.com\\\/tienda\\\/producto\\\/leitz-precision-office-a3-cizalla-de-papel-recorta-hasta-15-hojas-formato-a3-cuchilla-giratoria\\\/#primaryimage\",\"url\":\"https:\\\/\\\/www.maprofar.com\\\/tienda\\\/wp-content\\\/uploads\\\/2022\\\/08\\\/90280000_1.jpg\",\"contentUrl\":\"https:\\\/\\\/www.maprofar.com\\\/tienda\\\/wp-content\\\/uploads\\\/2022\\\/08\\\/90280000_1.jpg\",\"width\":440,\"height\":274,\"caption\":\"90280000\"},{\"@type\":\"BreadcrumbList\",\"@id\":\"https:\\\/\\\/www.maprofar.com\\\/tienda\\\/producto\\\/leitz-precision-office-a3-cizalla-de-papel-recorta-hasta-15-hojas-formato-a3-cuchilla-giratoria\\\/#breadcrumb\",\"itemListElement\":[{\"@type\":\"ListItem\",\"position\":1,\"name\":\"Portada\",\"item\":\"https:\\\/\\\/www.maprofar.com\\\/tienda\\\/\"},{\"@type\":\"ListItem\",\"position\":2,\"name\":\"Inicio\",\"item\":\"https:\\\/\\\/www.maprofar.com\\\/tienda\\\/\"},{\"@type\":\"ListItem\",\"position\":3,\"name\":\"Leitz Precision Office A3 Cizalla de papel &#8211; Recorta hasta 15 Hojas &#8211; Formato A3 &#8211; Cuchilla Giratoria\"}]},{\"@type\":\"WebSite\",\"@id\":\"https:\\\/\\\/www.maprofar.com\\\/tienda\\\/#website\",\"url\":\"https:\\\/\\\/www.maprofar.com\\\/tienda\\\/\",\"name\":\"Maprofar | T\u00f3ner Compatible Brother, HP y Soluciones de Impresi\u00f3n 3D\",\"description\":\"Encuentra en Maprofar tu t\u00f3ner compatible Brother y HP al mejor precio. Calidad garantizada, env\u00edo urgente 24h y asesoramiento t\u00e9cnico experto. \u00a1Vis\u00edtanos!\",\"publisher\":{\"@id\":\"https:\\\/\\\/www.maprofar.com\\\/tienda\\\/#organization\"},\"alternateName\":\"Maprofar Inform\u00e1tica\",\"potentialAction\":[{\"@type\":\"SearchAction\",\"target\":{\"@type\":\"EntryPoint\",\"urlTemplate\":\"https:\\\/\\\/www.maprofar.com\\\/tienda\\\/?s={search_term_string}\"},\"query-input\":{\"@type\":\"PropertyValueSpecification\",\"valueRequired\":true,\"valueName\":\"search_term_string\"}}],\"inLanguage\":\"es\"},{\"@type\":\"Organization\",\"@id\":\"https:\\\/\\\/www.maprofar.com\\\/tienda\\\/#organization\",\"name\":\"Maprofar S.L.\",\"url\":\"https:\\\/\\\/www.maprofar.com\\\/tienda\\\/\",\"logo\":{\"@type\":\"ImageObject\",\"inLanguage\":\"es\",\"@id\":\"https:\\\/\\\/www.maprofar.com\\\/tienda\\\/#\\\/schema\\\/logo\\\/image\\\/\",\"url\":\"https:\\\/\\\/www.maprofar.com\\\/tienda\\\/wp-content\\\/uploads\\\/2021\\\/05\\\/logo_circulo.jpg\",\"contentUrl\":\"https:\\\/\\\/www.maprofar.com\\\/tienda\\\/wp-content\\\/uploads\\\/2021\\\/05\\\/logo_circulo.jpg\",\"width\":404,\"height\":335,\"caption\":\"Maprofar S.L.\"},\"image\":{\"@id\":\"https:\\\/\\\/www.maprofar.com\\\/tienda\\\/#\\\/schema\\\/logo\\\/image\\\/\"},\"sameAs\":[\"https:\\\/\\\/es-es.facebook.com\\\/maprofar\",\"https:\\\/\\\/www.instagram.com\\\/maprofar_informatica\\\/\",\"https:\\\/\\\/www.pinterest.es\\\/maprofar\\\/\"]}]}<\/script>\n<!-- \/ Yoast SEO Premium plugin. -->","yoast_head_json":{"title":"Leitz Precision Office A3 Cizalla de papel - Hasta 15 Hojas - A3","description":"Leitz Precision Office A3 Cizalla de papel - Recorta hasta 15 Hojas - Formato A3 - Cuchilla Giratoria Maprofar | T\u00f3ner Compatible Brother, HP y Soluciones de Impresi\u00f3n 3D","robots":{"index":"index","follow":"follow","max-snippet":"max-snippet:-1","max-image-preview":"max-image-preview:large","max-video-preview":"max-video-preview:-1"},"canonical":"https:\/\/www.maprofar.com\/tienda\/producto\/leitz-precision-office-a3-cizalla-de-papel-recorta-hasta-15-hojas-formato-a3-cuchilla-giratoria\/","og_locale":"es_ES","og_type":"article","og_title":"Leitz Precision Office A3 Cizalla de papel - Recorta hasta 15 Hojas - Formato A3 - Cuchilla Giratoria - Maprofar | T\u00f3ner Compatible Brother, HP y Soluciones de Impresi\u00f3n 3D","og_description":"En Maprofar encontrar\u00e1s t\u00f3ner compatibles de calidad y material de oficina al mejor precio. Ahorra sin sacrificar rendimiento. \u00a1Aprovecha nuestras ofertas y descuentos!","og_url":"https:\/\/www.maprofar.com\/tienda\/producto\/leitz-precision-office-a3-cizalla-de-papel-recorta-hasta-15-hojas-formato-a3-cuchilla-giratoria\/","og_site_name":"Maprofar | T\u00f3ner Compatible Brother, HP y Soluciones de Impresi\u00f3n 3D","article_publisher":"https:\/\/es-es.facebook.com\/maprofar","article_modified_time":"2026-01-29T10:21:16+00:00","og_image":[{"width":440,"height":274,"url":"https:\/\/www.maprofar.com\/tienda\/wp-content\/uploads\/2022\/08\/90280000_1.jpg","type":"image\/jpeg"}],"twitter_card":"summary_large_image","twitter_misc":{"Tiempo de lectura":"2 minutos"},"schema":{"@context":"https:\/\/schema.org","@graph":[{"@type":"WebPage","@id":"https:\/\/www.maprofar.com\/tienda\/producto\/leitz-precision-office-a3-cizalla-de-papel-recorta-hasta-15-hojas-formato-a3-cuchilla-giratoria\/","url":"https:\/\/www.maprofar.com\/tienda\/producto\/leitz-precision-office-a3-cizalla-de-papel-recorta-hasta-15-hojas-formato-a3-cuchilla-giratoria\/","name":"Leitz Precision Office A3 Cizalla de papel - Hasta 15 Hojas - A3","isPartOf":{"@id":"https:\/\/www.maprofar.com\/tienda\/#website"},"primaryImageOfPage":{"@id":"https:\/\/www.maprofar.com\/tienda\/producto\/leitz-precision-office-a3-cizalla-de-papel-recorta-hasta-15-hojas-formato-a3-cuchilla-giratoria\/#primaryimage"},"image":{"@id":"https:\/\/www.maprofar.com\/tienda\/producto\/leitz-precision-office-a3-cizalla-de-papel-recorta-hasta-15-hojas-formato-a3-cuchilla-giratoria\/#primaryimage"},"thumbnailUrl":"https:\/\/www.maprofar.com\/tienda\/wp-content\/uploads\/2022\/08\/90280000_1.jpg","datePublished":"2022-08-08T10:48:00+00:00","dateModified":"2026-01-29T10:21:16+00:00","description":"Leitz Precision Office A3 Cizalla de papel - Recorta hasta 15 Hojas - Formato A3 - Cuchilla Giratoria Maprofar | T\u00f3ner Compatible Brother, HP y Soluciones de Impresi\u00f3n 3D","breadcrumb":{"@id":"https:\/\/www.maprofar.com\/tienda\/producto\/leitz-precision-office-a3-cizalla-de-papel-recorta-hasta-15-hojas-formato-a3-cuchilla-giratoria\/#breadcrumb"},"inLanguage":"es","potentialAction":[{"@type":"ReadAction","target":["https:\/\/www.maprofar.com\/tienda\/producto\/leitz-precision-office-a3-cizalla-de-papel-recorta-hasta-15-hojas-formato-a3-cuchilla-giratoria\/"]}]},{"@type":"ImageObject","inLanguage":"es","@id":"https:\/\/www.maprofar.com\/tienda\/producto\/leitz-precision-office-a3-cizalla-de-papel-recorta-hasta-15-hojas-formato-a3-cuchilla-giratoria\/#primaryimage","url":"https:\/\/www.maprofar.com\/tienda\/wp-content\/uploads\/2022\/08\/90280000_1.jpg","contentUrl":"https:\/\/www.maprofar.com\/tienda\/wp-content\/uploads\/2022\/08\/90280000_1.jpg","width":440,"height":274,"caption":"90280000"},{"@type":"BreadcrumbList","@id":"https:\/\/www.maprofar.com\/tienda\/producto\/leitz-precision-office-a3-cizalla-de-papel-recorta-hasta-15-hojas-formato-a3-cuchilla-giratoria\/#breadcrumb","itemListElement":[{"@type":"ListItem","position":1,"name":"Portada","item":"https:\/\/www.maprofar.com\/tienda\/"},{"@type":"ListItem","position":2,"name":"Inicio","item":"https:\/\/www.maprofar.com\/tienda\/"},{"@type":"ListItem","position":3,"name":"Leitz Precision Office A3 Cizalla de papel &#8211; Recorta hasta 15 Hojas &#8211; Formato A3 &#8211; Cuchilla Giratoria"}]},{"@type":"WebSite","@id":"https:\/\/www.maprofar.com\/tienda\/#website","url":"https:\/\/www.maprofar.com\/tienda\/","name":"Maprofar | T\u00f3ner Compatible Brother, HP y Soluciones de Impresi\u00f3n 3D","description":"Encuentra en Maprofar tu t\u00f3ner compatible Brother y HP al mejor precio. Calidad garantizada, env\u00edo urgente 24h y asesoramiento t\u00e9cnico experto. \u00a1Vis\u00edtanos!","publisher":{"@id":"https:\/\/www.maprofar.com\/tienda\/#organization"},"alternateName":"Maprofar Inform\u00e1tica","potentialAction":[{"@type":"SearchAction","target":{"@type":"EntryPoint","urlTemplate":"https:\/\/www.maprofar.com\/tienda\/?s={search_term_string}"},"query-input":{"@type":"PropertyValueSpecification","valueRequired":true,"valueName":"search_term_string"}}],"inLanguage":"es"},{"@type":"Organization","@id":"https:\/\/www.maprofar.com\/tienda\/#organization","name":"Maprofar S.L.","url":"https:\/\/www.maprofar.com\/tienda\/","logo":{"@type":"ImageObject","inLanguage":"es","@id":"https:\/\/www.maprofar.com\/tienda\/#\/schema\/logo\/image\/","url":"https:\/\/www.maprofar.com\/tienda\/wp-content\/uploads\/2021\/05\/logo_circulo.jpg","contentUrl":"https:\/\/www.maprofar.com\/tienda\/wp-content\/uploads\/2021\/05\/logo_circulo.jpg","width":404,"height":335,"caption":"Maprofar S.L."},"image":{"@id":"https:\/\/www.maprofar.com\/tienda\/#\/schema\/logo\/image\/"},"sameAs":["https:\/\/es-es.facebook.com\/maprofar","https:\/\/www.instagram.com\/maprofar_informatica\/","https:\/\/www.pinterest.es\/maprofar\/"]}]}},"_links":{"self":[{"href":"https:\/\/www.maprofar.com\/tienda\/wp-json\/wp\/v2\/product\/6740","targetHints":{"allow":["GET"]}}],"collection":[{"href":"https:\/\/www.maprofar.com\/tienda\/wp-json\/wp\/v2\/product"}],"about":[{"href":"https:\/\/www.maprofar.com\/tienda\/wp-json\/wp\/v2\/types\/product"}],"wp:featuredmedia":[{"embeddable":true,"href":"https:\/\/www.maprofar.com\/tienda\/wp-json\/wp\/v2\/media\/6744"}],"wp:attachment":[{"href":"https:\/\/www.maprofar.com\/tienda\/wp-json\/wp\/v2\/media?parent=6740"}],"wp:term":[{"taxonomy":"product_brand","embeddable":true,"href":"https:\/\/www.maprofar.com\/tienda\/wp-json\/wp\/v2\/product_brand?post=6740"},{"taxonomy":"product_cat","embeddable":true,"href":"https:\/\/www.maprofar.com\/tienda\/wp-json\/wp\/v2\/product_cat?post=6740"},{"taxonomy":"product_tag","embeddable":true,"href":"https:\/\/www.maprofar.com\/tienda\/wp-json\/wp\/v2\/product_tag?post=6740"}],"curies":[{"name":"wp","href":"https:\/\/api.w.org\/{rel}","templated":true}]}}