{"id":6758,"date":"2022-08-08T13:07:41","date_gmt":"2022-08-08T11:07:41","guid":{"rendered":"https:\/\/www.maprofar.com\/tienda\/?post_type=product&#038;p=6758"},"modified":"2025-07-03T18:08:53","modified_gmt":"2025-07-03T16:08:53","slug":"leitz-precision-home-office-a4-cizalla-de-papel-recorta-hasta-10-hojas-formato-a4-cuchilla-bypass","status":"publish","type":"product","link":"https:\/\/www.maprofar.com\/tienda\/producto\/leitz-precision-home-office-a4-cizalla-de-papel-recorta-hasta-10-hojas-formato-a4-cuchilla-bypass\/","title":{"rendered":"Leitz Precision Home Office A4 Cizalla de papel &#8211; Recorta hasta 10 Hojas &#8211; Formato A4 &#8211; Cuchilla Bypass"},"content":{"rendered":"<p>La cizalla Leitz Precision Home Office A4 es perfecta para usar en casa o en la oficina para todas sus tareas diarias de recorte de papel. Esta robusta y ligera cizalla recortar\u00e1 sin esfuerzo hasta 10 hojas de papel A4 con rapidez y precisi\u00f3n y puede guardarse f\u00e1cilmente cuando no se utilice. El carril gu\u00eda transparente permite ver la l\u00ednea de corte de la cuchilla, mientras que el cabezal de corte de f\u00e1cil agarre garantiza un uso c\u00f3modo. Es r\u00e1pido y f\u00e1cil insertar el papel con la pinza de papel y las claras directrices de medici\u00f3n permiten una alineaci\u00f3n precisa. Con una cuchilla circular de acero rectificada y segura, una superficie de trabajo robusta y una garant\u00eda ampliada de 3 a\u00f1os, tendr\u00e1s la tranquilidad de que esta cizalla de papel de alta calidad te proporcionar\u00e1 un corte preciso durante muchos a\u00f1os.<\/p>\n<p>Caracter\u00edsticas:<\/p>\n<p>-Robusta y ligera cizalla de papel bypass A4 ideal para las tareas diarias de recorte de papel en casa o en la oficina.<br \/>\n-La cuchilla circular de acero rectificado, encerrada de forma segura, recorta f\u00e1cilmente hasta 10 hojas de papel de 80 grs.<br \/>\n-El c\u00f3modo cabezal de corte de f\u00e1cil agarre y el carril gu\u00eda de corte claro garantizan resultados precisos y sin esfuerzo en todo momento.<br \/>\n-La abrazadera de papel transparente facilita la inserci\u00f3n y fijaci\u00f3n del papel antes de recortarlo y las sencillas l\u00edneas de cuadr\u00edcula m\u00e9trica garantizan una f\u00e1cil alineaci\u00f3n del papel.<br \/>\n-Superficie de la mesa s\u00faper lisa con gu\u00edas de \u00e1ngulo y l\u00edneas de medici\u00f3n exactas para un recorte preciso.<br \/>\n-Robusta base de pl\u00e1stico con pies de goma antideslizantes para mayor estabilidad y que se puede guardar f\u00e1cilmente cuando no se utiliza.<br \/>\n-Cizalla de papel Leitz de alta calidad con una garant\u00eda de 3 a\u00f1os sin problemas (excluye las piezas de desgaste normal y los consumibles).<\/p>\n<p>Especificaciones:<\/p>\n<p>-Color: Antracita<br \/>\n-Material: Base de pl\u00e1stico<br \/>\n-Dimensiones: 410 x 209 x 77<br \/>\n-Tipo de corte: Cuchilla bypass<br \/>\n-Para formato: A4<br \/>\n-Cabezal de corte<br \/>\n-Capacidad de corte (hojas 80 grs): 10<br \/>\n-Periodo de garant\u00eda: 3<br \/>\n-Peso: 0,63<\/p>\n<p><span style=\"color: #999999;\">Comprar Leitz Precision Home Office A4 Cizalla de papel &#8211; Recorta hasta 10 Hojas &#8211; Formato A4 &#8211; Cuchilla Bypass<\/span><\/p>\n","protected":false},"excerpt":{"rendered":"<p class=\"titulo_subseccion_da\">CARACTER\u00cdSTICAS<\/p>\n<div class=\"listado_caracteristicas_da\"><span class=\"linea_datos_da\">\u2022 Marca:\u00a0<span class=\"gris_400\" title=\"Leitz\">Leitz<\/span><\/span><\/div>\n<div class=\"listado_caracteristicas_da\"><span class=\"linea_datos_da\" title=\"Gris Oscuro\">\u2022 Color:\u00a0<span class=\"gris_400\">Gris Oscuro<\/span><\/span><\/div>\n<div class=\"listado_caracteristicas_da\"><span class=\"linea_datos_da\" title=\"Leitz\">\u2022 Fabricante:\u00a0<span class=\"gris_400\">Leitz<\/span><\/span><\/div>\n<div class=\"listado_caracteristicas_da\"><span class=\"linea_datos_da\" title=\"\" aria-describedby=\"ui-id-10\">\u2022 Ref.:\u00a0<span class=\"gris_400\">90260000<\/span><\/span><\/div>\n","protected":false},"featured_media":6761,"template":"","meta":[],"product_brand":[],"product_cat":[168],"product_tag":[],"class_list":{"0":"post-6758","1":"product","2":"type-product","3":"status-publish","4":"has-post-thumbnail","6":"product_cat-cizallas-y-guillotinas","8":"first","9":"instock","10":"taxable","11":"shipping-taxable","12":"purchasable","13":"product-type-simple"},"yoast_head":"<!-- This site is optimized with the Yoast SEO Premium plugin v22.3 (Yoast SEO v27.4) - https:\/\/yoast.com\/product\/yoast-seo-premium-wordpress\/ -->\n<title>Leitz Precision Home Office A4 Cizalla de papel hasta 10 Hojas A4<\/title>\n<meta name=\"description\" content=\"Leitz Precision Home Office A4 Cizalla de papel - Recorta hasta 10 Hojas - Formato A4 - Cuchilla Bypass Maprofar | T\u00f3ner Compatible Brother, HP y Soluciones de Impresi\u00f3n 3D\" \/>\n<meta name=\"robots\" content=\"index, follow, max-snippet:-1, max-image-preview:large, max-video-preview:-1\" \/>\n<link rel=\"canonical\" href=\"https:\/\/www.maprofar.com\/tienda\/producto\/leitz-precision-home-office-a4-cizalla-de-papel-recorta-hasta-10-hojas-formato-a4-cuchilla-bypass\/\" \/>\n<meta property=\"og:locale\" content=\"es_ES\" \/>\n<meta property=\"og:type\" content=\"article\" \/>\n<meta property=\"og:title\" content=\"Leitz Precision Home Office A4 Cizalla de papel - Recorta hasta 10 Hojas - Formato A4 - Cuchilla Bypass - Maprofar | T\u00f3ner Compatible Brother, HP y Soluciones de Impresi\u00f3n 3D\" \/>\n<meta property=\"og:description\" content=\"En Maprofar encontrar\u00e1s t\u00f3ner compatibles de calidad y material de oficina al mejor precio. Ahorra sin sacrificar rendimiento. \u00a1Aprovecha nuestras ofertas y descuentos!\" \/>\n<meta property=\"og:url\" content=\"https:\/\/www.maprofar.com\/tienda\/producto\/leitz-precision-home-office-a4-cizalla-de-papel-recorta-hasta-10-hojas-formato-a4-cuchilla-bypass\/\" \/>\n<meta property=\"og:site_name\" content=\"Maprofar | T\u00f3ner Compatible Brother, HP y Soluciones de Impresi\u00f3n 3D\" \/>\n<meta property=\"article:publisher\" content=\"https:\/\/es-es.facebook.com\/maprofar\" \/>\n<meta property=\"article:modified_time\" content=\"2025-07-03T16:08:53+00:00\" \/>\n<meta property=\"og:image\" content=\"https:\/\/www.maprofar.com\/tienda\/wp-content\/uploads\/2022\/08\/90260000_1.jpg\" \/>\n\t<meta property=\"og:image:width\" content=\"440\" \/>\n\t<meta property=\"og:image:height\" content=\"289\" \/>\n\t<meta property=\"og:image:type\" content=\"image\/jpeg\" \/>\n<meta name=\"twitter:card\" content=\"summary_large_image\" \/>\n<meta name=\"twitter:label1\" content=\"Tiempo de lectura\" \/>\n\t<meta name=\"twitter:data1\" content=\"2 minutos\" \/>\n<script type=\"application\/ld+json\" class=\"yoast-schema-graph\">{\"@context\":\"https:\\\/\\\/schema.org\",\"@graph\":[{\"@type\":\"WebPage\",\"@id\":\"https:\\\/\\\/www.maprofar.com\\\/tienda\\\/producto\\\/leitz-precision-home-office-a4-cizalla-de-papel-recorta-hasta-10-hojas-formato-a4-cuchilla-bypass\\\/\",\"url\":\"https:\\\/\\\/www.maprofar.com\\\/tienda\\\/producto\\\/leitz-precision-home-office-a4-cizalla-de-papel-recorta-hasta-10-hojas-formato-a4-cuchilla-bypass\\\/\",\"name\":\"Leitz Precision Home Office A4 Cizalla de papel hasta 10 Hojas A4\",\"isPartOf\":{\"@id\":\"https:\\\/\\\/www.maprofar.com\\\/tienda\\\/#website\"},\"primaryImageOfPage\":{\"@id\":\"https:\\\/\\\/www.maprofar.com\\\/tienda\\\/producto\\\/leitz-precision-home-office-a4-cizalla-de-papel-recorta-hasta-10-hojas-formato-a4-cuchilla-bypass\\\/#primaryimage\"},\"image\":{\"@id\":\"https:\\\/\\\/www.maprofar.com\\\/tienda\\\/producto\\\/leitz-precision-home-office-a4-cizalla-de-papel-recorta-hasta-10-hojas-formato-a4-cuchilla-bypass\\\/#primaryimage\"},\"thumbnailUrl\":\"https:\\\/\\\/www.maprofar.com\\\/tienda\\\/wp-content\\\/uploads\\\/2022\\\/08\\\/90260000_1.jpg\",\"datePublished\":\"2022-08-08T11:07:41+00:00\",\"dateModified\":\"2025-07-03T16:08:53+00:00\",\"description\":\"Leitz Precision Home Office A4 Cizalla de papel - Recorta hasta 10 Hojas - Formato A4 - Cuchilla Bypass Maprofar | T\u00f3ner Compatible Brother, HP y Soluciones de Impresi\u00f3n 3D\",\"breadcrumb\":{\"@id\":\"https:\\\/\\\/www.maprofar.com\\\/tienda\\\/producto\\\/leitz-precision-home-office-a4-cizalla-de-papel-recorta-hasta-10-hojas-formato-a4-cuchilla-bypass\\\/#breadcrumb\"},\"inLanguage\":\"es\",\"potentialAction\":[{\"@type\":\"ReadAction\",\"target\":[\"https:\\\/\\\/www.maprofar.com\\\/tienda\\\/producto\\\/leitz-precision-home-office-a4-cizalla-de-papel-recorta-hasta-10-hojas-formato-a4-cuchilla-bypass\\\/\"]}]},{\"@type\":\"ImageObject\",\"inLanguage\":\"es\",\"@id\":\"https:\\\/\\\/www.maprofar.com\\\/tienda\\\/producto\\\/leitz-precision-home-office-a4-cizalla-de-papel-recorta-hasta-10-hojas-formato-a4-cuchilla-bypass\\\/#primaryimage\",\"url\":\"https:\\\/\\\/www.maprofar.com\\\/tienda\\\/wp-content\\\/uploads\\\/2022\\\/08\\\/90260000_1.jpg\",\"contentUrl\":\"https:\\\/\\\/www.maprofar.com\\\/tienda\\\/wp-content\\\/uploads\\\/2022\\\/08\\\/90260000_1.jpg\",\"width\":440,\"height\":289,\"caption\":\"Leitz Precision Home Office A4 Cizalla de papel - Recorta hasta 10 Hojas - Formato A4 - Cuchilla Bypass\"},{\"@type\":\"BreadcrumbList\",\"@id\":\"https:\\\/\\\/www.maprofar.com\\\/tienda\\\/producto\\\/leitz-precision-home-office-a4-cizalla-de-papel-recorta-hasta-10-hojas-formato-a4-cuchilla-bypass\\\/#breadcrumb\",\"itemListElement\":[{\"@type\":\"ListItem\",\"position\":1,\"name\":\"Portada\",\"item\":\"https:\\\/\\\/www.maprofar.com\\\/tienda\\\/\"},{\"@type\":\"ListItem\",\"position\":2,\"name\":\"Inicio\",\"item\":\"https:\\\/\\\/www.maprofar.com\\\/tienda\\\/\"},{\"@type\":\"ListItem\",\"position\":3,\"name\":\"Leitz Precision Home Office A4 Cizalla de papel &#8211; Recorta hasta 10 Hojas &#8211; Formato A4 &#8211; Cuchilla Bypass\"}]},{\"@type\":\"WebSite\",\"@id\":\"https:\\\/\\\/www.maprofar.com\\\/tienda\\\/#website\",\"url\":\"https:\\\/\\\/www.maprofar.com\\\/tienda\\\/\",\"name\":\"Maprofar | T\u00f3ner Compatible Brother, HP y Soluciones de Impresi\u00f3n 3D\",\"description\":\"Encuentra en Maprofar tu t\u00f3ner compatible Brother y HP al mejor precio. Calidad garantizada, env\u00edo urgente 24h y asesoramiento t\u00e9cnico experto. \u00a1Vis\u00edtanos!\",\"publisher\":{\"@id\":\"https:\\\/\\\/www.maprofar.com\\\/tienda\\\/#organization\"},\"alternateName\":\"Maprofar Inform\u00e1tica\",\"potentialAction\":[{\"@type\":\"SearchAction\",\"target\":{\"@type\":\"EntryPoint\",\"urlTemplate\":\"https:\\\/\\\/www.maprofar.com\\\/tienda\\\/?s={search_term_string}\"},\"query-input\":{\"@type\":\"PropertyValueSpecification\",\"valueRequired\":true,\"valueName\":\"search_term_string\"}}],\"inLanguage\":\"es\"},{\"@type\":\"Organization\",\"@id\":\"https:\\\/\\\/www.maprofar.com\\\/tienda\\\/#organization\",\"name\":\"Maprofar S.L.\",\"url\":\"https:\\\/\\\/www.maprofar.com\\\/tienda\\\/\",\"logo\":{\"@type\":\"ImageObject\",\"inLanguage\":\"es\",\"@id\":\"https:\\\/\\\/www.maprofar.com\\\/tienda\\\/#\\\/schema\\\/logo\\\/image\\\/\",\"url\":\"https:\\\/\\\/www.maprofar.com\\\/tienda\\\/wp-content\\\/uploads\\\/2021\\\/05\\\/logo_circulo.jpg\",\"contentUrl\":\"https:\\\/\\\/www.maprofar.com\\\/tienda\\\/wp-content\\\/uploads\\\/2021\\\/05\\\/logo_circulo.jpg\",\"width\":404,\"height\":335,\"caption\":\"Maprofar S.L.\"},\"image\":{\"@id\":\"https:\\\/\\\/www.maprofar.com\\\/tienda\\\/#\\\/schema\\\/logo\\\/image\\\/\"},\"sameAs\":[\"https:\\\/\\\/es-es.facebook.com\\\/maprofar\",\"https:\\\/\\\/www.instagram.com\\\/maprofar_informatica\\\/\",\"https:\\\/\\\/www.pinterest.es\\\/maprofar\\\/\"]}]}<\/script>\n<!-- \/ Yoast SEO Premium plugin. -->","yoast_head_json":{"title":"Leitz Precision Home Office A4 Cizalla de papel hasta 10 Hojas A4","description":"Leitz Precision Home Office A4 Cizalla de papel - Recorta hasta 10 Hojas - Formato A4 - Cuchilla Bypass Maprofar | T\u00f3ner Compatible Brother, HP y Soluciones de Impresi\u00f3n 3D","robots":{"index":"index","follow":"follow","max-snippet":"max-snippet:-1","max-image-preview":"max-image-preview:large","max-video-preview":"max-video-preview:-1"},"canonical":"https:\/\/www.maprofar.com\/tienda\/producto\/leitz-precision-home-office-a4-cizalla-de-papel-recorta-hasta-10-hojas-formato-a4-cuchilla-bypass\/","og_locale":"es_ES","og_type":"article","og_title":"Leitz Precision Home Office A4 Cizalla de papel - Recorta hasta 10 Hojas - Formato A4 - Cuchilla Bypass - Maprofar | T\u00f3ner Compatible Brother, HP y Soluciones de Impresi\u00f3n 3D","og_description":"En Maprofar encontrar\u00e1s t\u00f3ner compatibles de calidad y material de oficina al mejor precio. Ahorra sin sacrificar rendimiento. \u00a1Aprovecha nuestras ofertas y descuentos!","og_url":"https:\/\/www.maprofar.com\/tienda\/producto\/leitz-precision-home-office-a4-cizalla-de-papel-recorta-hasta-10-hojas-formato-a4-cuchilla-bypass\/","og_site_name":"Maprofar | T\u00f3ner Compatible Brother, HP y Soluciones de Impresi\u00f3n 3D","article_publisher":"https:\/\/es-es.facebook.com\/maprofar","article_modified_time":"2025-07-03T16:08:53+00:00","og_image":[{"width":440,"height":289,"url":"https:\/\/www.maprofar.com\/tienda\/wp-content\/uploads\/2022\/08\/90260000_1.jpg","type":"image\/jpeg"}],"twitter_card":"summary_large_image","twitter_misc":{"Tiempo de lectura":"2 minutos"},"schema":{"@context":"https:\/\/schema.org","@graph":[{"@type":"WebPage","@id":"https:\/\/www.maprofar.com\/tienda\/producto\/leitz-precision-home-office-a4-cizalla-de-papel-recorta-hasta-10-hojas-formato-a4-cuchilla-bypass\/","url":"https:\/\/www.maprofar.com\/tienda\/producto\/leitz-precision-home-office-a4-cizalla-de-papel-recorta-hasta-10-hojas-formato-a4-cuchilla-bypass\/","name":"Leitz Precision Home Office A4 Cizalla de papel hasta 10 Hojas A4","isPartOf":{"@id":"https:\/\/www.maprofar.com\/tienda\/#website"},"primaryImageOfPage":{"@id":"https:\/\/www.maprofar.com\/tienda\/producto\/leitz-precision-home-office-a4-cizalla-de-papel-recorta-hasta-10-hojas-formato-a4-cuchilla-bypass\/#primaryimage"},"image":{"@id":"https:\/\/www.maprofar.com\/tienda\/producto\/leitz-precision-home-office-a4-cizalla-de-papel-recorta-hasta-10-hojas-formato-a4-cuchilla-bypass\/#primaryimage"},"thumbnailUrl":"https:\/\/www.maprofar.com\/tienda\/wp-content\/uploads\/2022\/08\/90260000_1.jpg","datePublished":"2022-08-08T11:07:41+00:00","dateModified":"2025-07-03T16:08:53+00:00","description":"Leitz Precision Home Office A4 Cizalla de papel - Recorta hasta 10 Hojas - Formato A4 - Cuchilla Bypass Maprofar | T\u00f3ner Compatible Brother, HP y Soluciones de Impresi\u00f3n 3D","breadcrumb":{"@id":"https:\/\/www.maprofar.com\/tienda\/producto\/leitz-precision-home-office-a4-cizalla-de-papel-recorta-hasta-10-hojas-formato-a4-cuchilla-bypass\/#breadcrumb"},"inLanguage":"es","potentialAction":[{"@type":"ReadAction","target":["https:\/\/www.maprofar.com\/tienda\/producto\/leitz-precision-home-office-a4-cizalla-de-papel-recorta-hasta-10-hojas-formato-a4-cuchilla-bypass\/"]}]},{"@type":"ImageObject","inLanguage":"es","@id":"https:\/\/www.maprofar.com\/tienda\/producto\/leitz-precision-home-office-a4-cizalla-de-papel-recorta-hasta-10-hojas-formato-a4-cuchilla-bypass\/#primaryimage","url":"https:\/\/www.maprofar.com\/tienda\/wp-content\/uploads\/2022\/08\/90260000_1.jpg","contentUrl":"https:\/\/www.maprofar.com\/tienda\/wp-content\/uploads\/2022\/08\/90260000_1.jpg","width":440,"height":289,"caption":"Leitz Precision Home Office A4 Cizalla de papel - Recorta hasta 10 Hojas - Formato A4 - Cuchilla Bypass"},{"@type":"BreadcrumbList","@id":"https:\/\/www.maprofar.com\/tienda\/producto\/leitz-precision-home-office-a4-cizalla-de-papel-recorta-hasta-10-hojas-formato-a4-cuchilla-bypass\/#breadcrumb","itemListElement":[{"@type":"ListItem","position":1,"name":"Portada","item":"https:\/\/www.maprofar.com\/tienda\/"},{"@type":"ListItem","position":2,"name":"Inicio","item":"https:\/\/www.maprofar.com\/tienda\/"},{"@type":"ListItem","position":3,"name":"Leitz Precision Home Office A4 Cizalla de papel &#8211; Recorta hasta 10 Hojas &#8211; Formato A4 &#8211; Cuchilla Bypass"}]},{"@type":"WebSite","@id":"https:\/\/www.maprofar.com\/tienda\/#website","url":"https:\/\/www.maprofar.com\/tienda\/","name":"Maprofar | T\u00f3ner Compatible Brother, HP y Soluciones de Impresi\u00f3n 3D","description":"Encuentra en Maprofar tu t\u00f3ner compatible Brother y HP al mejor precio. Calidad garantizada, env\u00edo urgente 24h y asesoramiento t\u00e9cnico experto. \u00a1Vis\u00edtanos!","publisher":{"@id":"https:\/\/www.maprofar.com\/tienda\/#organization"},"alternateName":"Maprofar Inform\u00e1tica","potentialAction":[{"@type":"SearchAction","target":{"@type":"EntryPoint","urlTemplate":"https:\/\/www.maprofar.com\/tienda\/?s={search_term_string}"},"query-input":{"@type":"PropertyValueSpecification","valueRequired":true,"valueName":"search_term_string"}}],"inLanguage":"es"},{"@type":"Organization","@id":"https:\/\/www.maprofar.com\/tienda\/#organization","name":"Maprofar S.L.","url":"https:\/\/www.maprofar.com\/tienda\/","logo":{"@type":"ImageObject","inLanguage":"es","@id":"https:\/\/www.maprofar.com\/tienda\/#\/schema\/logo\/image\/","url":"https:\/\/www.maprofar.com\/tienda\/wp-content\/uploads\/2021\/05\/logo_circulo.jpg","contentUrl":"https:\/\/www.maprofar.com\/tienda\/wp-content\/uploads\/2021\/05\/logo_circulo.jpg","width":404,"height":335,"caption":"Maprofar S.L."},"image":{"@id":"https:\/\/www.maprofar.com\/tienda\/#\/schema\/logo\/image\/"},"sameAs":["https:\/\/es-es.facebook.com\/maprofar","https:\/\/www.instagram.com\/maprofar_informatica\/","https:\/\/www.pinterest.es\/maprofar\/"]}]}},"_links":{"self":[{"href":"https:\/\/www.maprofar.com\/tienda\/wp-json\/wp\/v2\/product\/6758","targetHints":{"allow":["GET"]}}],"collection":[{"href":"https:\/\/www.maprofar.com\/tienda\/wp-json\/wp\/v2\/product"}],"about":[{"href":"https:\/\/www.maprofar.com\/tienda\/wp-json\/wp\/v2\/types\/product"}],"wp:featuredmedia":[{"embeddable":true,"href":"https:\/\/www.maprofar.com\/tienda\/wp-json\/wp\/v2\/media\/6761"}],"wp:attachment":[{"href":"https:\/\/www.maprofar.com\/tienda\/wp-json\/wp\/v2\/media?parent=6758"}],"wp:term":[{"taxonomy":"product_brand","embeddable":true,"href":"https:\/\/www.maprofar.com\/tienda\/wp-json\/wp\/v2\/product_brand?post=6758"},{"taxonomy":"product_cat","embeddable":true,"href":"https:\/\/www.maprofar.com\/tienda\/wp-json\/wp\/v2\/product_cat?post=6758"},{"taxonomy":"product_tag","embeddable":true,"href":"https:\/\/www.maprofar.com\/tienda\/wp-json\/wp\/v2\/product_tag?post=6758"}],"curies":[{"name":"wp","href":"https:\/\/api.w.org\/{rel}","templated":true}]}}