{"id":6905,"date":"2022-08-13T17:32:31","date_gmt":"2022-08-13T15:32:31","guid":{"rendered":"https:\/\/www.maprofar.com\/tienda\/?post_type=product&#038;p=6905"},"modified":"2025-01-28T09:42:51","modified_gmt":"2025-01-28T07:42:51","slug":"approx-lector-biometrico-para-control-de-presencia-pantalla-2-4-respuesta-1s-ip54","status":"publish","type":"product","link":"https:\/\/www.maprofar.com\/tienda\/producto\/approx-lector-biometrico-para-control-de-presencia-pantalla-2-4-respuesta-1s-ip54\/","title":{"rendered":"Approx Lector Biometrico para Control de Presencia &#8211; Pantalla 2.4&#8243; &#8211; Respuesta 1s &#8211; IP54"},"content":{"rendered":"<p>El sistema de control de presencia Approx appATTENDANCE01 permite tener un mejor control y gesti\u00f3n de la jornada laboral (horas extras, horas ausentes, vacaciones, visitas m\u00e9dicas, etc) y turnos de los empleados de su empresa. Cuenta con un lector biom\u00e9trico de huellas dactilares y est\u00e1 dotado de teclado y pantalla TFT. La identificaci\u00f3n est\u00e1 basada en el reconocimiento de huellas dactilares, c\u00f3digo de usuario y contrase\u00f1a num\u00e9rica. Tiene capacidad para 1.000 huellas y 100.000 registros que le permitir\u00e1n revisar el horario de las entradas y salidas de cada uno de sus trabajadores.<\/p>\n<p>Especificaciones:<\/p>\n<p>-Pantalla a color TFT de 2,4 pulgadas<br \/>\n-1.000 huellas dactilares, 100.000 registros<br \/>\n-No necesita software<br \/>\n-F\u00e1cil descarga de datos a trav\u00e9s de unidad flash USB<br \/>\n-Informes en pantalla o formato excel<br \/>\n-M\u00e9todos de autenticaci\u00f3n del empleado: huella dactilar o contrase\u00f1a<br \/>\n-Velocidad de verificaci\u00f3n: 1 segundo<br \/>\n-Alimentaci\u00f3n a trav\u00e9s de puerto mini USB o adaptador de pared<br \/>\n-Fuente de alimentaci\u00f3n: 5V 1A<br \/>\n-Protecci\u00f3n: IP54<br \/>\n-Comunicaci\u00f3n: Host USB<br \/>\n-Con soporte para fijar a la pared<br \/>\n-Idioma: Espa\u00f1ol, ingl\u00e9s, portugu\u00e9s, chino simplificado, chino tradicional<\/p>\n<p><span style=\"color: #999999;\">Comprar Approx Lector Biometrico para Control de Presencia &#8211; Pantalla 2.4&#8243; &#8211; Respuesta 1s &#8211; 1.000 Huellas Dactilares &#8211; IP54<\/span><\/p>\n","protected":false},"excerpt":{"rendered":"<p class=\"titulo_subseccion_da\">CARACTER\u00cdSTICAS<\/p>\n<div class=\"listado_caracteristicas_da\"><span class=\"linea_datos_da\">\u2022 Marca:\u00a0<span class=\"gris_400\" title=\"Approx\">Approx<\/span><\/span><\/div>\n<div class=\"listado_caracteristicas_da\"><span class=\"linea_datos_da\" title=\"Negro\">\u2022 Color:\u00a0<span class=\"gris_400\">Negro<\/span><\/span><\/div>\n<div class=\"listado_caracteristicas_da\"><span class=\"linea_datos_da\" title=\"Approx\">\u2022 Fabricante:\u00a0<span class=\"gris_400\">Approx<\/span><\/span><\/div>\n<div class=\"listado_caracteristicas_da\"><span class=\"linea_datos_da\" title=\"APPATTENDANCE01\">\u2022 Ref.:\u00a0<span class=\"gris_400\">APPATTENDANCE01<\/span><\/span><\/div>\n","protected":false},"featured_media":6906,"template":"","meta":[],"product_brand":[],"product_cat":[88],"product_tag":[],"class_list":{"0":"post-6905","1":"product","2":"type-product","3":"status-publish","4":"has-post-thumbnail","6":"product_cat-control-de-presencia","8":"first","9":"outofstock","10":"taxable","11":"shipping-taxable","12":"purchasable","13":"product-type-simple"},"yoast_head":"<!-- This site is optimized with the Yoast SEO Premium plugin v22.3 (Yoast SEO v27.4) - https:\/\/yoast.com\/product\/yoast-seo-premium-wordpress\/ -->\n<title>Approx Lector Biometrico Control Presencia APPATTENDANCE01<\/title>\n<meta name=\"description\" content=\"Approx Lector Biometrico para Control de Presencia - Pantalla 2.4&quot; - Respuesta 1s - 1.000 Huellas Dactilares - IP54 - Approx APPATTENDANCE01\" \/>\n<meta name=\"robots\" content=\"index, follow, max-snippet:-1, max-image-preview:large, max-video-preview:-1\" \/>\n<link rel=\"canonical\" href=\"https:\/\/www.maprofar.com\/tienda\/producto\/approx-lector-biometrico-para-control-de-presencia-pantalla-2-4-respuesta-1s-ip54\/\" \/>\n<meta property=\"og:locale\" content=\"es_ES\" \/>\n<meta property=\"og:type\" content=\"article\" \/>\n<meta property=\"og:title\" content=\"Approx Lector Biometrico para Control de Presencia - Pantalla 2.4&quot; - Respuesta 1s - IP54 - Maprofar | T\u00f3ner Compatible Brother, HP y Soluciones de Impresi\u00f3n 3D\" \/>\n<meta property=\"og:description\" content=\"En Maprofar encontrar\u00e1s t\u00f3ner compatibles de calidad y material de oficina al mejor precio. Ahorra sin sacrificar rendimiento. \u00a1Aprovecha nuestras ofertas y descuentos!\" \/>\n<meta property=\"og:url\" content=\"https:\/\/www.maprofar.com\/tienda\/producto\/approx-lector-biometrico-para-control-de-presencia-pantalla-2-4-respuesta-1s-ip54\/\" \/>\n<meta property=\"og:site_name\" content=\"Maprofar | T\u00f3ner Compatible Brother, HP y Soluciones de Impresi\u00f3n 3D\" \/>\n<meta property=\"article:publisher\" content=\"https:\/\/es-es.facebook.com\/maprofar\" \/>\n<meta property=\"article:modified_time\" content=\"2025-01-28T07:42:51+00:00\" \/>\n<meta property=\"og:image\" content=\"https:\/\/www.maprofar.com\/tienda\/wp-content\/uploads\/2022\/08\/APPATTENDANCE01.jpg\" \/>\n\t<meta property=\"og:image:width\" content=\"530\" \/>\n\t<meta property=\"og:image:height\" content=\"530\" \/>\n\t<meta property=\"og:image:type\" content=\"image\/jpeg\" \/>\n<meta name=\"twitter:card\" content=\"summary_large_image\" \/>\n<meta name=\"twitter:label1\" content=\"Tiempo de lectura\" \/>\n\t<meta name=\"twitter:data1\" content=\"1 minuto\" \/>\n<script type=\"application\/ld+json\" class=\"yoast-schema-graph\">{\"@context\":\"https:\\\/\\\/schema.org\",\"@graph\":[{\"@type\":\"WebPage\",\"@id\":\"https:\\\/\\\/www.maprofar.com\\\/tienda\\\/producto\\\/approx-lector-biometrico-para-control-de-presencia-pantalla-2-4-respuesta-1s-ip54\\\/\",\"url\":\"https:\\\/\\\/www.maprofar.com\\\/tienda\\\/producto\\\/approx-lector-biometrico-para-control-de-presencia-pantalla-2-4-respuesta-1s-ip54\\\/\",\"name\":\"Approx Lector Biometrico Control Presencia APPATTENDANCE01\",\"isPartOf\":{\"@id\":\"https:\\\/\\\/www.maprofar.com\\\/tienda\\\/#website\"},\"primaryImageOfPage\":{\"@id\":\"https:\\\/\\\/www.maprofar.com\\\/tienda\\\/producto\\\/approx-lector-biometrico-para-control-de-presencia-pantalla-2-4-respuesta-1s-ip54\\\/#primaryimage\"},\"image\":{\"@id\":\"https:\\\/\\\/www.maprofar.com\\\/tienda\\\/producto\\\/approx-lector-biometrico-para-control-de-presencia-pantalla-2-4-respuesta-1s-ip54\\\/#primaryimage\"},\"thumbnailUrl\":\"https:\\\/\\\/www.maprofar.com\\\/tienda\\\/wp-content\\\/uploads\\\/2022\\\/08\\\/APPATTENDANCE01.jpg\",\"datePublished\":\"2022-08-13T15:32:31+00:00\",\"dateModified\":\"2025-01-28T07:42:51+00:00\",\"description\":\"Approx Lector Biometrico para Control de Presencia - Pantalla 2.4\\\" - Respuesta 1s - 1.000 Huellas Dactilares - IP54 - Approx APPATTENDANCE01\",\"breadcrumb\":{\"@id\":\"https:\\\/\\\/www.maprofar.com\\\/tienda\\\/producto\\\/approx-lector-biometrico-para-control-de-presencia-pantalla-2-4-respuesta-1s-ip54\\\/#breadcrumb\"},\"inLanguage\":\"es\",\"potentialAction\":[{\"@type\":\"ReadAction\",\"target\":[\"https:\\\/\\\/www.maprofar.com\\\/tienda\\\/producto\\\/approx-lector-biometrico-para-control-de-presencia-pantalla-2-4-respuesta-1s-ip54\\\/\"]}]},{\"@type\":\"ImageObject\",\"inLanguage\":\"es\",\"@id\":\"https:\\\/\\\/www.maprofar.com\\\/tienda\\\/producto\\\/approx-lector-biometrico-para-control-de-presencia-pantalla-2-4-respuesta-1s-ip54\\\/#primaryimage\",\"url\":\"https:\\\/\\\/www.maprofar.com\\\/tienda\\\/wp-content\\\/uploads\\\/2022\\\/08\\\/APPATTENDANCE01.jpg\",\"contentUrl\":\"https:\\\/\\\/www.maprofar.com\\\/tienda\\\/wp-content\\\/uploads\\\/2022\\\/08\\\/APPATTENDANCE01.jpg\",\"width\":530,\"height\":530,\"caption\":\"Approx Lector Biometrico para Control de Presencia - Pantalla 2.4\\\" - Respuesta 1s - 1.000 Huellas Dactilares - IP54\"},{\"@type\":\"BreadcrumbList\",\"@id\":\"https:\\\/\\\/www.maprofar.com\\\/tienda\\\/producto\\\/approx-lector-biometrico-para-control-de-presencia-pantalla-2-4-respuesta-1s-ip54\\\/#breadcrumb\",\"itemListElement\":[{\"@type\":\"ListItem\",\"position\":1,\"name\":\"Portada\",\"item\":\"https:\\\/\\\/www.maprofar.com\\\/tienda\\\/\"},{\"@type\":\"ListItem\",\"position\":2,\"name\":\"Inicio\",\"item\":\"https:\\\/\\\/www.maprofar.com\\\/tienda\\\/\"},{\"@type\":\"ListItem\",\"position\":3,\"name\":\"Approx Lector Biometrico para Control de Presencia &#8211; Pantalla 2.4&#8243; &#8211; Respuesta 1s &#8211; IP54\"}]},{\"@type\":\"WebSite\",\"@id\":\"https:\\\/\\\/www.maprofar.com\\\/tienda\\\/#website\",\"url\":\"https:\\\/\\\/www.maprofar.com\\\/tienda\\\/\",\"name\":\"Maprofar - Toner Compatibles y Material de Oficina\",\"description\":\"Encuentra en Maprofar tu t\u00f3ner compatible Brother y HP al mejor precio. Calidad garantizada, env\u00edo urgente 24h y asesoramiento t\u00e9cnico experto. \u00a1Vis\u00edtanos!\",\"publisher\":{\"@id\":\"https:\\\/\\\/www.maprofar.com\\\/tienda\\\/#organization\"},\"alternateName\":\"Maprofar Inform\u00e1tica\",\"potentialAction\":[{\"@type\":\"SearchAction\",\"target\":{\"@type\":\"EntryPoint\",\"urlTemplate\":\"https:\\\/\\\/www.maprofar.com\\\/tienda\\\/?s={search_term_string}\"},\"query-input\":{\"@type\":\"PropertyValueSpecification\",\"valueRequired\":true,\"valueName\":\"search_term_string\"}}],\"inLanguage\":\"es\"},{\"@type\":\"Organization\",\"@id\":\"https:\\\/\\\/www.maprofar.com\\\/tienda\\\/#organization\",\"name\":\"Maprofar S.L.\",\"url\":\"https:\\\/\\\/www.maprofar.com\\\/tienda\\\/\",\"logo\":{\"@type\":\"ImageObject\",\"inLanguage\":\"es\",\"@id\":\"https:\\\/\\\/www.maprofar.com\\\/tienda\\\/#\\\/schema\\\/logo\\\/image\\\/\",\"url\":\"https:\\\/\\\/www.maprofar.com\\\/tienda\\\/wp-content\\\/uploads\\\/2021\\\/05\\\/logo_circulo.jpg\",\"contentUrl\":\"https:\\\/\\\/www.maprofar.com\\\/tienda\\\/wp-content\\\/uploads\\\/2021\\\/05\\\/logo_circulo.jpg\",\"width\":404,\"height\":335,\"caption\":\"Maprofar S.L.\"},\"image\":{\"@id\":\"https:\\\/\\\/www.maprofar.com\\\/tienda\\\/#\\\/schema\\\/logo\\\/image\\\/\"},\"sameAs\":[\"https:\\\/\\\/es-es.facebook.com\\\/maprofar\",\"https:\\\/\\\/www.instagram.com\\\/maprofar_informatica\\\/\",\"https:\\\/\\\/www.pinterest.es\\\/maprofar\\\/\"]}]}<\/script>\n<!-- \/ Yoast SEO Premium plugin. -->","yoast_head_json":{"title":"Approx Lector Biometrico Control Presencia APPATTENDANCE01","description":"Approx Lector Biometrico para Control de Presencia - Pantalla 2.4\" - Respuesta 1s - 1.000 Huellas Dactilares - IP54 - Approx APPATTENDANCE01","robots":{"index":"index","follow":"follow","max-snippet":"max-snippet:-1","max-image-preview":"max-image-preview:large","max-video-preview":"max-video-preview:-1"},"canonical":"https:\/\/www.maprofar.com\/tienda\/producto\/approx-lector-biometrico-para-control-de-presencia-pantalla-2-4-respuesta-1s-ip54\/","og_locale":"es_ES","og_type":"article","og_title":"Approx Lector Biometrico para Control de Presencia - Pantalla 2.4\" - Respuesta 1s - IP54 - Maprofar | T\u00f3ner Compatible Brother, HP y Soluciones de Impresi\u00f3n 3D","og_description":"En Maprofar encontrar\u00e1s t\u00f3ner compatibles de calidad y material de oficina al mejor precio. Ahorra sin sacrificar rendimiento. \u00a1Aprovecha nuestras ofertas y descuentos!","og_url":"https:\/\/www.maprofar.com\/tienda\/producto\/approx-lector-biometrico-para-control-de-presencia-pantalla-2-4-respuesta-1s-ip54\/","og_site_name":"Maprofar | T\u00f3ner Compatible Brother, HP y Soluciones de Impresi\u00f3n 3D","article_publisher":"https:\/\/es-es.facebook.com\/maprofar","article_modified_time":"2025-01-28T07:42:51+00:00","og_image":[{"width":530,"height":530,"url":"https:\/\/www.maprofar.com\/tienda\/wp-content\/uploads\/2022\/08\/APPATTENDANCE01.jpg","type":"image\/jpeg"}],"twitter_card":"summary_large_image","twitter_misc":{"Tiempo de lectura":"1 minuto"},"schema":{"@context":"https:\/\/schema.org","@graph":[{"@type":"WebPage","@id":"https:\/\/www.maprofar.com\/tienda\/producto\/approx-lector-biometrico-para-control-de-presencia-pantalla-2-4-respuesta-1s-ip54\/","url":"https:\/\/www.maprofar.com\/tienda\/producto\/approx-lector-biometrico-para-control-de-presencia-pantalla-2-4-respuesta-1s-ip54\/","name":"Approx Lector Biometrico Control Presencia APPATTENDANCE01","isPartOf":{"@id":"https:\/\/www.maprofar.com\/tienda\/#website"},"primaryImageOfPage":{"@id":"https:\/\/www.maprofar.com\/tienda\/producto\/approx-lector-biometrico-para-control-de-presencia-pantalla-2-4-respuesta-1s-ip54\/#primaryimage"},"image":{"@id":"https:\/\/www.maprofar.com\/tienda\/producto\/approx-lector-biometrico-para-control-de-presencia-pantalla-2-4-respuesta-1s-ip54\/#primaryimage"},"thumbnailUrl":"https:\/\/www.maprofar.com\/tienda\/wp-content\/uploads\/2022\/08\/APPATTENDANCE01.jpg","datePublished":"2022-08-13T15:32:31+00:00","dateModified":"2025-01-28T07:42:51+00:00","description":"Approx Lector Biometrico para Control de Presencia - Pantalla 2.4\" - Respuesta 1s - 1.000 Huellas Dactilares - IP54 - Approx APPATTENDANCE01","breadcrumb":{"@id":"https:\/\/www.maprofar.com\/tienda\/producto\/approx-lector-biometrico-para-control-de-presencia-pantalla-2-4-respuesta-1s-ip54\/#breadcrumb"},"inLanguage":"es","potentialAction":[{"@type":"ReadAction","target":["https:\/\/www.maprofar.com\/tienda\/producto\/approx-lector-biometrico-para-control-de-presencia-pantalla-2-4-respuesta-1s-ip54\/"]}]},{"@type":"ImageObject","inLanguage":"es","@id":"https:\/\/www.maprofar.com\/tienda\/producto\/approx-lector-biometrico-para-control-de-presencia-pantalla-2-4-respuesta-1s-ip54\/#primaryimage","url":"https:\/\/www.maprofar.com\/tienda\/wp-content\/uploads\/2022\/08\/APPATTENDANCE01.jpg","contentUrl":"https:\/\/www.maprofar.com\/tienda\/wp-content\/uploads\/2022\/08\/APPATTENDANCE01.jpg","width":530,"height":530,"caption":"Approx Lector Biometrico para Control de Presencia - Pantalla 2.4\" - Respuesta 1s - 1.000 Huellas Dactilares - IP54"},{"@type":"BreadcrumbList","@id":"https:\/\/www.maprofar.com\/tienda\/producto\/approx-lector-biometrico-para-control-de-presencia-pantalla-2-4-respuesta-1s-ip54\/#breadcrumb","itemListElement":[{"@type":"ListItem","position":1,"name":"Portada","item":"https:\/\/www.maprofar.com\/tienda\/"},{"@type":"ListItem","position":2,"name":"Inicio","item":"https:\/\/www.maprofar.com\/tienda\/"},{"@type":"ListItem","position":3,"name":"Approx Lector Biometrico para Control de Presencia &#8211; Pantalla 2.4&#8243; &#8211; Respuesta 1s &#8211; IP54"}]},{"@type":"WebSite","@id":"https:\/\/www.maprofar.com\/tienda\/#website","url":"https:\/\/www.maprofar.com\/tienda\/","name":"Maprofar - Toner Compatibles y Material de Oficina","description":"Encuentra en Maprofar tu t\u00f3ner compatible Brother y HP al mejor precio. Calidad garantizada, env\u00edo urgente 24h y asesoramiento t\u00e9cnico experto. \u00a1Vis\u00edtanos!","publisher":{"@id":"https:\/\/www.maprofar.com\/tienda\/#organization"},"alternateName":"Maprofar Inform\u00e1tica","potentialAction":[{"@type":"SearchAction","target":{"@type":"EntryPoint","urlTemplate":"https:\/\/www.maprofar.com\/tienda\/?s={search_term_string}"},"query-input":{"@type":"PropertyValueSpecification","valueRequired":true,"valueName":"search_term_string"}}],"inLanguage":"es"},{"@type":"Organization","@id":"https:\/\/www.maprofar.com\/tienda\/#organization","name":"Maprofar S.L.","url":"https:\/\/www.maprofar.com\/tienda\/","logo":{"@type":"ImageObject","inLanguage":"es","@id":"https:\/\/www.maprofar.com\/tienda\/#\/schema\/logo\/image\/","url":"https:\/\/www.maprofar.com\/tienda\/wp-content\/uploads\/2021\/05\/logo_circulo.jpg","contentUrl":"https:\/\/www.maprofar.com\/tienda\/wp-content\/uploads\/2021\/05\/logo_circulo.jpg","width":404,"height":335,"caption":"Maprofar S.L."},"image":{"@id":"https:\/\/www.maprofar.com\/tienda\/#\/schema\/logo\/image\/"},"sameAs":["https:\/\/es-es.facebook.com\/maprofar","https:\/\/www.instagram.com\/maprofar_informatica\/","https:\/\/www.pinterest.es\/maprofar\/"]}]}},"_links":{"self":[{"href":"https:\/\/www.maprofar.com\/tienda\/wp-json\/wp\/v2\/product\/6905","targetHints":{"allow":["GET"]}}],"collection":[{"href":"https:\/\/www.maprofar.com\/tienda\/wp-json\/wp\/v2\/product"}],"about":[{"href":"https:\/\/www.maprofar.com\/tienda\/wp-json\/wp\/v2\/types\/product"}],"wp:featuredmedia":[{"embeddable":true,"href":"https:\/\/www.maprofar.com\/tienda\/wp-json\/wp\/v2\/media\/6906"}],"wp:attachment":[{"href":"https:\/\/www.maprofar.com\/tienda\/wp-json\/wp\/v2\/media?parent=6905"}],"wp:term":[{"taxonomy":"product_brand","embeddable":true,"href":"https:\/\/www.maprofar.com\/tienda\/wp-json\/wp\/v2\/product_brand?post=6905"},{"taxonomy":"product_cat","embeddable":true,"href":"https:\/\/www.maprofar.com\/tienda\/wp-json\/wp\/v2\/product_cat?post=6905"},{"taxonomy":"product_tag","embeddable":true,"href":"https:\/\/www.maprofar.com\/tienda\/wp-json\/wp\/v2\/product_tag?post=6905"}],"curies":[{"name":"wp","href":"https:\/\/api.w.org\/{rel}","templated":true}]}}