{"id":7252,"date":"2022-08-22T18:19:19","date_gmt":"2022-08-22T16:19:19","guid":{"rendered":"https:\/\/www.maprofar.com\/tienda\/?post_type=product&#038;p=7252"},"modified":"2025-06-30T19:23:36","modified_gmt":"2025-06-30T17:23:36","slug":"approx-cajon-portamonedas-electrico-8-compartimentos-apertura-manual-y-automatica-conexion-rj11","status":"publish","type":"product","link":"https:\/\/www.maprofar.com\/tienda\/producto\/approx-cajon-portamonedas-electrico-8-compartimentos-apertura-manual-y-automatica-conexion-rj11\/","title":{"rendered":"Approx Cajon Portamonedas Electrico &#8211; 8 Compartimentos &#8211; Apertura Manual y Automatica &#8211; Conexion RJ11"},"content":{"rendered":"<p>Approx APPCASH33 es un caj\u00f3n portamonedas compacto y el\u00e9ctrico, fabricado con material muy resistente al impacto. Dispone de compartimento para billetes con clip de sujeci\u00f3n y cajonera de monedas, ambos totalmente ajustables. Dispone de llave con bloqueo de tres posiciones para una mayor seguridad.<\/p>\n<p>Configure el caj\u00f3n para que se abra autom\u00e1ticamente con su TPV, o manualmente. Bloquee en la posici\u00f3n de cerrado (por si debe alejarse de \u00e9l) o en posici\u00f3n de abierto (cuando est\u00e9 vac\u00edo, para disuadir a ladrones). El cable RJ11 incluido permite la integraci\u00f3n f\u00e1cil a su sistema POS.<\/p>\n<p>Especificaciones:<\/p>\n<p>-4 compartimentos de billetes ajustables con clip de sujeci\u00f3n met\u00e1lico.<br \/>\n-4 compartimentos de monedas ajustables.<br \/>\n-Cerradura tres posiciones.<br \/>\n-Apertura manual o electr\u00f3nica.<br \/>\n-Rango de pulso: 100~200ms.<br \/>\n-Voltaje: DC12V\/1A.<\/p>\n<p>Dimensiones y peso:<\/p>\n<p>-Medidas: 335x360x100mm<br \/>\n-Peso: 4600 g.<\/p>\n<p><span style=\"color: #999999;\">Comprar Approx Cajon Portamonedas Electrico &#8211; 8 Compartimentos &#8211; Apertura Manual y Automatica &#8211; Conexion RJ11<\/span><\/p>\n","protected":false},"excerpt":{"rendered":"<p class=\"titulo_subseccion_da\">CARACTER\u00cdSTICAS<\/p>\n<div class=\"listado_caracteristicas_da\"><span class=\"linea_datos_da\">\u2022 Marca:\u00a0<span class=\"gris_400\" title=\"Approx\">Approx<\/span><\/span><\/div>\n<div class=\"listado_caracteristicas_da\"><span class=\"linea_datos_da\" title=\"Negro\">\u2022 Color:\u00a0<span class=\"gris_400\">Negro<\/span><\/span><\/div>\n<div class=\"listado_caracteristicas_da\"><span class=\"linea_datos_da\" title=\"Approx\">\u2022 Fabricante:\u00a0<span class=\"gris_400\">Approx<\/span><\/span><\/div>\n<div class=\"listado_caracteristicas_da\"><span class=\"linea_datos_da\" title=\"\" aria-describedby=\"ui-id-19\">\u2022 Ref.:\u00a0<span class=\"gris_400\">APPCASH33<\/span><\/span><\/div>\n","protected":false},"featured_media":7253,"template":"","meta":[],"product_brand":[],"product_cat":[183],"product_tag":[],"class_list":{"0":"post-7252","1":"product","2":"type-product","3":"status-publish","4":"has-post-thumbnail","6":"product_cat-cajones-portamonedas","8":"first","9":"instock","10":"taxable","11":"shipping-taxable","12":"purchasable","13":"product-type-simple"},"yoast_head":"<!-- This site is optimized with the Yoast SEO Premium plugin v22.3 (Yoast SEO v27.4) - https:\/\/yoast.com\/product\/yoast-seo-premium-wordpress\/ -->\n<title>Approx Cajon Portamonedas Electrico - 8 Compartimentos - Negro<\/title>\n<meta name=\"description\" content=\"Approx Cajon Portamonedas Electrico - 8 Compartimentos - Apertura Manual y Automatica - Conexion RJ11 - APPCASH33 - 8435099527190\" \/>\n<meta name=\"robots\" content=\"index, follow, max-snippet:-1, max-image-preview:large, max-video-preview:-1\" \/>\n<link rel=\"canonical\" href=\"https:\/\/www.maprofar.com\/tienda\/producto\/approx-cajon-portamonedas-electrico-8-compartimentos-apertura-manual-y-automatica-conexion-rj11\/\" \/>\n<meta property=\"og:locale\" content=\"es_ES\" \/>\n<meta property=\"og:type\" content=\"article\" \/>\n<meta property=\"og:title\" content=\"Approx Cajon Portamonedas Electrico - 8 Compartimentos - Apertura Manual y Automatica - Conexion RJ11 - Maprofar | T\u00f3ner Compatible Brother, HP y Soluciones de Impresi\u00f3n 3D\" \/>\n<meta property=\"og:description\" content=\"En Maprofar encontrar\u00e1s t\u00f3ner compatibles de calidad y material de oficina al mejor precio. Ahorra sin sacrificar rendimiento. \u00a1Aprovecha nuestras ofertas y descuentos!\" \/>\n<meta property=\"og:url\" content=\"https:\/\/www.maprofar.com\/tienda\/producto\/approx-cajon-portamonedas-electrico-8-compartimentos-apertura-manual-y-automatica-conexion-rj11\/\" \/>\n<meta property=\"og:site_name\" content=\"Maprofar | T\u00f3ner Compatible Brother, HP y Soluciones de Impresi\u00f3n 3D\" \/>\n<meta property=\"article:publisher\" content=\"https:\/\/es-es.facebook.com\/maprofar\" \/>\n<meta property=\"article:modified_time\" content=\"2025-06-30T17:23:36+00:00\" \/>\n<meta property=\"og:image\" content=\"https:\/\/www.maprofar.com\/tienda\/wp-content\/uploads\/2022\/08\/APPCASH33_1.jpg\" \/>\n\t<meta property=\"og:image:width\" content=\"530\" \/>\n\t<meta property=\"og:image:height\" content=\"530\" \/>\n\t<meta property=\"og:image:type\" content=\"image\/jpeg\" \/>\n<meta name=\"twitter:card\" content=\"summary_large_image\" \/>\n<meta name=\"twitter:label1\" content=\"Tiempo de lectura\" \/>\n\t<meta name=\"twitter:data1\" content=\"1 minuto\" \/>\n<script type=\"application\/ld+json\" class=\"yoast-schema-graph\">{\"@context\":\"https:\\\/\\\/schema.org\",\"@graph\":[{\"@type\":\"WebPage\",\"@id\":\"https:\\\/\\\/www.maprofar.com\\\/tienda\\\/producto\\\/approx-cajon-portamonedas-electrico-8-compartimentos-apertura-manual-y-automatica-conexion-rj11\\\/\",\"url\":\"https:\\\/\\\/www.maprofar.com\\\/tienda\\\/producto\\\/approx-cajon-portamonedas-electrico-8-compartimentos-apertura-manual-y-automatica-conexion-rj11\\\/\",\"name\":\"Approx Cajon Portamonedas Electrico - 8 Compartimentos - Negro\",\"isPartOf\":{\"@id\":\"https:\\\/\\\/www.maprofar.com\\\/tienda\\\/#website\"},\"primaryImageOfPage\":{\"@id\":\"https:\\\/\\\/www.maprofar.com\\\/tienda\\\/producto\\\/approx-cajon-portamonedas-electrico-8-compartimentos-apertura-manual-y-automatica-conexion-rj11\\\/#primaryimage\"},\"image\":{\"@id\":\"https:\\\/\\\/www.maprofar.com\\\/tienda\\\/producto\\\/approx-cajon-portamonedas-electrico-8-compartimentos-apertura-manual-y-automatica-conexion-rj11\\\/#primaryimage\"},\"thumbnailUrl\":\"https:\\\/\\\/www.maprofar.com\\\/tienda\\\/wp-content\\\/uploads\\\/2022\\\/08\\\/APPCASH33_1.jpg\",\"datePublished\":\"2022-08-22T16:19:19+00:00\",\"dateModified\":\"2025-06-30T17:23:36+00:00\",\"description\":\"Approx Cajon Portamonedas Electrico - 8 Compartimentos - Apertura Manual y Automatica - Conexion RJ11 - APPCASH33 - 8435099527190\",\"breadcrumb\":{\"@id\":\"https:\\\/\\\/www.maprofar.com\\\/tienda\\\/producto\\\/approx-cajon-portamonedas-electrico-8-compartimentos-apertura-manual-y-automatica-conexion-rj11\\\/#breadcrumb\"},\"inLanguage\":\"es\",\"potentialAction\":[{\"@type\":\"ReadAction\",\"target\":[\"https:\\\/\\\/www.maprofar.com\\\/tienda\\\/producto\\\/approx-cajon-portamonedas-electrico-8-compartimentos-apertura-manual-y-automatica-conexion-rj11\\\/\"]}]},{\"@type\":\"ImageObject\",\"inLanguage\":\"es\",\"@id\":\"https:\\\/\\\/www.maprofar.com\\\/tienda\\\/producto\\\/approx-cajon-portamonedas-electrico-8-compartimentos-apertura-manual-y-automatica-conexion-rj11\\\/#primaryimage\",\"url\":\"https:\\\/\\\/www.maprofar.com\\\/tienda\\\/wp-content\\\/uploads\\\/2022\\\/08\\\/APPCASH33_1.jpg\",\"contentUrl\":\"https:\\\/\\\/www.maprofar.com\\\/tienda\\\/wp-content\\\/uploads\\\/2022\\\/08\\\/APPCASH33_1.jpg\",\"width\":530,\"height\":530,\"caption\":\"Approx Cajon Portamonedas Electrico - 8 Compartimentos - Apertura Manual y Automatica - Conexion RJ11\"},{\"@type\":\"BreadcrumbList\",\"@id\":\"https:\\\/\\\/www.maprofar.com\\\/tienda\\\/producto\\\/approx-cajon-portamonedas-electrico-8-compartimentos-apertura-manual-y-automatica-conexion-rj11\\\/#breadcrumb\",\"itemListElement\":[{\"@type\":\"ListItem\",\"position\":1,\"name\":\"Portada\",\"item\":\"https:\\\/\\\/www.maprofar.com\\\/tienda\\\/\"},{\"@type\":\"ListItem\",\"position\":2,\"name\":\"Inicio\",\"item\":\"https:\\\/\\\/www.maprofar.com\\\/tienda\\\/\"},{\"@type\":\"ListItem\",\"position\":3,\"name\":\"Approx Cajon Portamonedas Electrico &#8211; 8 Compartimentos &#8211; Apertura Manual y Automatica &#8211; Conexion RJ11\"}]},{\"@type\":\"WebSite\",\"@id\":\"https:\\\/\\\/www.maprofar.com\\\/tienda\\\/#website\",\"url\":\"https:\\\/\\\/www.maprofar.com\\\/tienda\\\/\",\"name\":\"Maprofar | T\u00f3ner Compatible Brother, HP y Soluciones de Impresi\u00f3n 3D\",\"description\":\"Encuentra en Maprofar tu t\u00f3ner compatible Brother y HP al mejor precio. Calidad garantizada, env\u00edo urgente 24h y asesoramiento t\u00e9cnico experto. \u00a1Vis\u00edtanos!\",\"publisher\":{\"@id\":\"https:\\\/\\\/www.maprofar.com\\\/tienda\\\/#organization\"},\"alternateName\":\"Maprofar Inform\u00e1tica\",\"potentialAction\":[{\"@type\":\"SearchAction\",\"target\":{\"@type\":\"EntryPoint\",\"urlTemplate\":\"https:\\\/\\\/www.maprofar.com\\\/tienda\\\/?s={search_term_string}\"},\"query-input\":{\"@type\":\"PropertyValueSpecification\",\"valueRequired\":true,\"valueName\":\"search_term_string\"}}],\"inLanguage\":\"es\"},{\"@type\":\"Organization\",\"@id\":\"https:\\\/\\\/www.maprofar.com\\\/tienda\\\/#organization\",\"name\":\"Maprofar S.L.\",\"url\":\"https:\\\/\\\/www.maprofar.com\\\/tienda\\\/\",\"logo\":{\"@type\":\"ImageObject\",\"inLanguage\":\"es\",\"@id\":\"https:\\\/\\\/www.maprofar.com\\\/tienda\\\/#\\\/schema\\\/logo\\\/image\\\/\",\"url\":\"https:\\\/\\\/www.maprofar.com\\\/tienda\\\/wp-content\\\/uploads\\\/2021\\\/05\\\/logo_circulo.jpg\",\"contentUrl\":\"https:\\\/\\\/www.maprofar.com\\\/tienda\\\/wp-content\\\/uploads\\\/2021\\\/05\\\/logo_circulo.jpg\",\"width\":404,\"height\":335,\"caption\":\"Maprofar S.L.\"},\"image\":{\"@id\":\"https:\\\/\\\/www.maprofar.com\\\/tienda\\\/#\\\/schema\\\/logo\\\/image\\\/\"},\"sameAs\":[\"https:\\\/\\\/es-es.facebook.com\\\/maprofar\",\"https:\\\/\\\/www.instagram.com\\\/maprofar_informatica\\\/\",\"https:\\\/\\\/www.pinterest.es\\\/maprofar\\\/\"]}]}<\/script>\n<!-- \/ Yoast SEO Premium plugin. -->","yoast_head_json":{"title":"Approx Cajon Portamonedas Electrico - 8 Compartimentos - Negro","description":"Approx Cajon Portamonedas Electrico - 8 Compartimentos - Apertura Manual y Automatica - Conexion RJ11 - APPCASH33 - 8435099527190","robots":{"index":"index","follow":"follow","max-snippet":"max-snippet:-1","max-image-preview":"max-image-preview:large","max-video-preview":"max-video-preview:-1"},"canonical":"https:\/\/www.maprofar.com\/tienda\/producto\/approx-cajon-portamonedas-electrico-8-compartimentos-apertura-manual-y-automatica-conexion-rj11\/","og_locale":"es_ES","og_type":"article","og_title":"Approx Cajon Portamonedas Electrico - 8 Compartimentos - Apertura Manual y Automatica - Conexion RJ11 - Maprofar | T\u00f3ner Compatible Brother, HP y Soluciones de Impresi\u00f3n 3D","og_description":"En Maprofar encontrar\u00e1s t\u00f3ner compatibles de calidad y material de oficina al mejor precio. Ahorra sin sacrificar rendimiento. \u00a1Aprovecha nuestras ofertas y descuentos!","og_url":"https:\/\/www.maprofar.com\/tienda\/producto\/approx-cajon-portamonedas-electrico-8-compartimentos-apertura-manual-y-automatica-conexion-rj11\/","og_site_name":"Maprofar | T\u00f3ner Compatible Brother, HP y Soluciones de Impresi\u00f3n 3D","article_publisher":"https:\/\/es-es.facebook.com\/maprofar","article_modified_time":"2025-06-30T17:23:36+00:00","og_image":[{"width":530,"height":530,"url":"https:\/\/www.maprofar.com\/tienda\/wp-content\/uploads\/2022\/08\/APPCASH33_1.jpg","type":"image\/jpeg"}],"twitter_card":"summary_large_image","twitter_misc":{"Tiempo de lectura":"1 minuto"},"schema":{"@context":"https:\/\/schema.org","@graph":[{"@type":"WebPage","@id":"https:\/\/www.maprofar.com\/tienda\/producto\/approx-cajon-portamonedas-electrico-8-compartimentos-apertura-manual-y-automatica-conexion-rj11\/","url":"https:\/\/www.maprofar.com\/tienda\/producto\/approx-cajon-portamonedas-electrico-8-compartimentos-apertura-manual-y-automatica-conexion-rj11\/","name":"Approx Cajon Portamonedas Electrico - 8 Compartimentos - Negro","isPartOf":{"@id":"https:\/\/www.maprofar.com\/tienda\/#website"},"primaryImageOfPage":{"@id":"https:\/\/www.maprofar.com\/tienda\/producto\/approx-cajon-portamonedas-electrico-8-compartimentos-apertura-manual-y-automatica-conexion-rj11\/#primaryimage"},"image":{"@id":"https:\/\/www.maprofar.com\/tienda\/producto\/approx-cajon-portamonedas-electrico-8-compartimentos-apertura-manual-y-automatica-conexion-rj11\/#primaryimage"},"thumbnailUrl":"https:\/\/www.maprofar.com\/tienda\/wp-content\/uploads\/2022\/08\/APPCASH33_1.jpg","datePublished":"2022-08-22T16:19:19+00:00","dateModified":"2025-06-30T17:23:36+00:00","description":"Approx Cajon Portamonedas Electrico - 8 Compartimentos - Apertura Manual y Automatica - Conexion RJ11 - APPCASH33 - 8435099527190","breadcrumb":{"@id":"https:\/\/www.maprofar.com\/tienda\/producto\/approx-cajon-portamonedas-electrico-8-compartimentos-apertura-manual-y-automatica-conexion-rj11\/#breadcrumb"},"inLanguage":"es","potentialAction":[{"@type":"ReadAction","target":["https:\/\/www.maprofar.com\/tienda\/producto\/approx-cajon-portamonedas-electrico-8-compartimentos-apertura-manual-y-automatica-conexion-rj11\/"]}]},{"@type":"ImageObject","inLanguage":"es","@id":"https:\/\/www.maprofar.com\/tienda\/producto\/approx-cajon-portamonedas-electrico-8-compartimentos-apertura-manual-y-automatica-conexion-rj11\/#primaryimage","url":"https:\/\/www.maprofar.com\/tienda\/wp-content\/uploads\/2022\/08\/APPCASH33_1.jpg","contentUrl":"https:\/\/www.maprofar.com\/tienda\/wp-content\/uploads\/2022\/08\/APPCASH33_1.jpg","width":530,"height":530,"caption":"Approx Cajon Portamonedas Electrico - 8 Compartimentos - Apertura Manual y Automatica - Conexion RJ11"},{"@type":"BreadcrumbList","@id":"https:\/\/www.maprofar.com\/tienda\/producto\/approx-cajon-portamonedas-electrico-8-compartimentos-apertura-manual-y-automatica-conexion-rj11\/#breadcrumb","itemListElement":[{"@type":"ListItem","position":1,"name":"Portada","item":"https:\/\/www.maprofar.com\/tienda\/"},{"@type":"ListItem","position":2,"name":"Inicio","item":"https:\/\/www.maprofar.com\/tienda\/"},{"@type":"ListItem","position":3,"name":"Approx Cajon Portamonedas Electrico &#8211; 8 Compartimentos &#8211; Apertura Manual y Automatica &#8211; Conexion RJ11"}]},{"@type":"WebSite","@id":"https:\/\/www.maprofar.com\/tienda\/#website","url":"https:\/\/www.maprofar.com\/tienda\/","name":"Maprofar | T\u00f3ner Compatible Brother, HP y Soluciones de Impresi\u00f3n 3D","description":"Encuentra en Maprofar tu t\u00f3ner compatible Brother y HP al mejor precio. Calidad garantizada, env\u00edo urgente 24h y asesoramiento t\u00e9cnico experto. \u00a1Vis\u00edtanos!","publisher":{"@id":"https:\/\/www.maprofar.com\/tienda\/#organization"},"alternateName":"Maprofar Inform\u00e1tica","potentialAction":[{"@type":"SearchAction","target":{"@type":"EntryPoint","urlTemplate":"https:\/\/www.maprofar.com\/tienda\/?s={search_term_string}"},"query-input":{"@type":"PropertyValueSpecification","valueRequired":true,"valueName":"search_term_string"}}],"inLanguage":"es"},{"@type":"Organization","@id":"https:\/\/www.maprofar.com\/tienda\/#organization","name":"Maprofar S.L.","url":"https:\/\/www.maprofar.com\/tienda\/","logo":{"@type":"ImageObject","inLanguage":"es","@id":"https:\/\/www.maprofar.com\/tienda\/#\/schema\/logo\/image\/","url":"https:\/\/www.maprofar.com\/tienda\/wp-content\/uploads\/2021\/05\/logo_circulo.jpg","contentUrl":"https:\/\/www.maprofar.com\/tienda\/wp-content\/uploads\/2021\/05\/logo_circulo.jpg","width":404,"height":335,"caption":"Maprofar S.L."},"image":{"@id":"https:\/\/www.maprofar.com\/tienda\/#\/schema\/logo\/image\/"},"sameAs":["https:\/\/es-es.facebook.com\/maprofar","https:\/\/www.instagram.com\/maprofar_informatica\/","https:\/\/www.pinterest.es\/maprofar\/"]}]}},"_links":{"self":[{"href":"https:\/\/www.maprofar.com\/tienda\/wp-json\/wp\/v2\/product\/7252","targetHints":{"allow":["GET"]}}],"collection":[{"href":"https:\/\/www.maprofar.com\/tienda\/wp-json\/wp\/v2\/product"}],"about":[{"href":"https:\/\/www.maprofar.com\/tienda\/wp-json\/wp\/v2\/types\/product"}],"wp:featuredmedia":[{"embeddable":true,"href":"https:\/\/www.maprofar.com\/tienda\/wp-json\/wp\/v2\/media\/7253"}],"wp:attachment":[{"href":"https:\/\/www.maprofar.com\/tienda\/wp-json\/wp\/v2\/media?parent=7252"}],"wp:term":[{"taxonomy":"product_brand","embeddable":true,"href":"https:\/\/www.maprofar.com\/tienda\/wp-json\/wp\/v2\/product_brand?post=7252"},{"taxonomy":"product_cat","embeddable":true,"href":"https:\/\/www.maprofar.com\/tienda\/wp-json\/wp\/v2\/product_cat?post=7252"},{"taxonomy":"product_tag","embeddable":true,"href":"https:\/\/www.maprofar.com\/tienda\/wp-json\/wp\/v2\/product_tag?post=7252"}],"curies":[{"name":"wp","href":"https:\/\/api.w.org\/{rel}","templated":true}]}}