{"id":7266,"date":"2022-08-22T18:47:48","date_gmt":"2022-08-22T16:47:48","guid":{"rendered":"https:\/\/www.maprofar.com\/tienda\/?post_type=product&#038;p=7266"},"modified":"2025-05-27T17:14:43","modified_gmt":"2025-05-27T15:14:43","slug":"approx-lector-de-codigos-de-barras-1d-inalambrico-bluetooth-rf-indicador-led-y-beeper-velocidad-300-veces-x-seg-autonomia-hasta-16h","status":"publish","type":"product","link":"https:\/\/www.maprofar.com\/tienda\/producto\/approx-lector-de-codigos-de-barras-1d-inalambrico-bluetooth-rf-indicador-led-y-beeper-velocidad-300-veces-x-seg-autonomia-hasta-16h\/","title":{"rendered":"Approx Lector de Codigos de Barras 1D Inalambrico Bluetooth, RF &#8211; Indicador LED y Beeper &#8211; Velocidad 300 veces x seg. &#8211; Autonomia hasta 16h"},"content":{"rendered":"<p>El appLS19 es un esc\u00e1ner de c\u00f3digo de barras 1D inal\u00e1mbrico de alto rendimiento con tecnolog\u00eda de reconocimiento de imagen CCD. Puede leer f\u00e1cilmente los c\u00f3digos de barras en papel, productos, pantalla y otros medios. Ampliamente utilizado en almacenes, log\u00edstica, cadena minorista, gesti\u00f3n de inventario, trazabilidad de alimentos, etc. Podemos elegir dos tipos de conexi\u00f3n inal\u00e1mbrica, por Bluetooth o por radio frecuencia, adem\u00e1s el esc\u00e1ner appLS19 dispone de un modo almacenamiento que le permite archivar los datos en su memoria interna, muy \u00fatil a la hora de realizar inventarios en zonas de baja cobertura inal\u00e1mbrica.<\/p>\n<p>Especificaciones:<\/p>\n<p>-Inal\u00e1mbrico: Bluetooth y RF 2.4GHz<br \/>\n-Tipo de lente: CMOS<br \/>\n-Tipo: Luz roja visible, 625\u00b110 nm<br \/>\n-Modo de escaneo: CCD<br \/>\n-Velocidad de escaneo: 300 veces por seg.<br \/>\n-Profundidad de \u00e1rea de escaneo: 10-600 mm<br \/>\n-Modo de disparo: Manual o autom\u00e1tico (auto detecci\u00f3n de objetos)<br \/>\n-Bater\u00eda: 2000 mAh<br \/>\n-Consumo: 100 mA<br \/>\n-Tiempo de carga: 6.5 horas<br \/>\n-Tiempo de funcionamiento: \u226516 horas (en modo continuado)<br \/>\n-Distancia de funcionamiento: RF 2.4GHz: 30 m, Bluetooth: 10 m<br \/>\n-Tensi\u00f3n de entrada: 5V<br \/>\n-\u00c1ngulo de escaneo: +30\u00ba +60\u00ba +60\u00ba (row, pitch, skew)<br \/>\n-Modo de indicaci\u00f3n: Luz LED y beeper<br \/>\n-Altura de ca\u00edda soportada: 1.5 m<br \/>\n-Dispone de modo almacenamiento<br \/>\n-Capacidad de decodificacion: UPC-A, UPC-E, EAN-8, EAN-13, ISSN, ISBN, Code 128, GS1-128, ISBT 128, Code 39, Code 93, Code 11, Interleaved 2 of 5, Matrix 2 of 5, Industrial 2 of 5, Standard 2 of 5(IATA), Codabar(NW-7), Plessey, MSI Plessey, RSS, China Post, etc.<\/p>\n<p>Peso y dimensiones:<\/p>\n<p>-Medidas: 150 x 70 x 95 mm.<br \/>\n-Peso: 160 g<\/p>\n<p><span style=\"color: #999999;\">Comprar Approx Lector de Codigos de Barras 1D Inalambrico Bluetooth, RF &#8211; Indicador LED y Beeper &#8211; Velocidad 300 veces x seg. &#8211; Autonomia hasta 16h<\/span><\/p>\n","protected":false},"excerpt":{"rendered":"<p class=\"titulo_subseccion_da\">CARACTER\u00cdSTICAS<\/p>\n<div class=\"listado_caracteristicas_da\"><span class=\"linea_datos_da\">\u2022 Marca:\u00a0<span class=\"gris_400\" title=\"Approx\">Approx<\/span><\/span><\/div>\n<div class=\"listado_caracteristicas_da\"><span class=\"linea_datos_da\" title=\"Negro\">\u2022 Color:\u00a0<span class=\"gris_400\">Negro<\/span><\/span><\/div>\n<div class=\"listado_caracteristicas_da\"><span class=\"linea_datos_da\" title=\"Approx\">\u2022 Fabricante:\u00a0<span class=\"gris_400\">Approx<\/span><\/span><\/div>\n<div class=\"listado_caracteristicas_da\"><span class=\"linea_datos_da\" title=\"\" aria-describedby=\"ui-id-11\">\u2022 Ref.:\u00a0<span class=\"gris_400\">APPLS19<\/span><\/span><\/div>\n","protected":false},"featured_media":7267,"template":"","meta":[],"product_brand":[],"product_cat":[184],"product_tag":[],"class_list":{"0":"post-7266","1":"product","2":"type-product","3":"status-publish","4":"has-post-thumbnail","6":"product_cat-lectores-de-codigos","8":"first","9":"instock","10":"taxable","11":"shipping-taxable","12":"purchasable","13":"product-type-simple"},"yoast_head":"<!-- This site is optimized with the Yoast SEO Premium plugin v22.3 (Yoast SEO v27.4) - https:\/\/yoast.com\/product\/yoast-seo-premium-wordpress\/ -->\n<title>Approx Lector de Codigos de Barras 1D Inalambrico Bluetooth, RF<\/title>\n<meta name=\"description\" content=\"Approx Lector de Codigos de Barras 1D Inalambrico Bluetooth, RF - Indicador LED y Beeper - Velocidad 300 veces x seg. - Autonomia hasta 16h - APPLS19\" \/>\n<meta name=\"robots\" content=\"index, follow, max-snippet:-1, max-image-preview:large, max-video-preview:-1\" \/>\n<link rel=\"canonical\" href=\"https:\/\/www.maprofar.com\/tienda\/producto\/approx-lector-de-codigos-de-barras-1d-inalambrico-bluetooth-rf-indicador-led-y-beeper-velocidad-300-veces-x-seg-autonomia-hasta-16h\/\" \/>\n<meta property=\"og:locale\" content=\"es_ES\" \/>\n<meta property=\"og:type\" content=\"article\" \/>\n<meta property=\"og:title\" content=\"Approx Lector de Codigos de Barras 1D Inalambrico Bluetooth, RF - Indicador LED y Beeper - Velocidad 300 veces x seg. - Autonomia hasta 16h - Maprofar | T\u00f3ner Compatible Brother, HP y Soluciones de Impresi\u00f3n 3D\" \/>\n<meta property=\"og:description\" content=\"En Maprofar encontrar\u00e1s t\u00f3ner compatibles de calidad y material de oficina al mejor precio. Ahorra sin sacrificar rendimiento. \u00a1Aprovecha nuestras ofertas y descuentos!\" \/>\n<meta property=\"og:url\" content=\"https:\/\/www.maprofar.com\/tienda\/producto\/approx-lector-de-codigos-de-barras-1d-inalambrico-bluetooth-rf-indicador-led-y-beeper-velocidad-300-veces-x-seg-autonomia-hasta-16h\/\" \/>\n<meta property=\"og:site_name\" content=\"Maprofar | T\u00f3ner Compatible Brother, HP y Soluciones de Impresi\u00f3n 3D\" \/>\n<meta property=\"article:publisher\" content=\"https:\/\/es-es.facebook.com\/maprofar\" \/>\n<meta property=\"article:modified_time\" content=\"2025-05-27T15:14:43+00:00\" \/>\n<meta property=\"og:image\" content=\"https:\/\/www.maprofar.com\/tienda\/wp-content\/uploads\/2022\/08\/APPLS19_1.jpg\" \/>\n\t<meta property=\"og:image:width\" content=\"800\" \/>\n\t<meta property=\"og:image:height\" content=\"800\" \/>\n\t<meta property=\"og:image:type\" content=\"image\/jpeg\" \/>\n<meta name=\"twitter:card\" content=\"summary_large_image\" \/>\n<meta name=\"twitter:label1\" content=\"Tiempo de lectura\" \/>\n\t<meta name=\"twitter:data1\" content=\"2 minutos\" \/>\n<script type=\"application\/ld+json\" class=\"yoast-schema-graph\">{\"@context\":\"https:\\\/\\\/schema.org\",\"@graph\":[{\"@type\":\"WebPage\",\"@id\":\"https:\\\/\\\/www.maprofar.com\\\/tienda\\\/producto\\\/approx-lector-de-codigos-de-barras-1d-inalambrico-bluetooth-rf-indicador-led-y-beeper-velocidad-300-veces-x-seg-autonomia-hasta-16h\\\/\",\"url\":\"https:\\\/\\\/www.maprofar.com\\\/tienda\\\/producto\\\/approx-lector-de-codigos-de-barras-1d-inalambrico-bluetooth-rf-indicador-led-y-beeper-velocidad-300-veces-x-seg-autonomia-hasta-16h\\\/\",\"name\":\"Approx Lector de Codigos de Barras 1D Inalambrico Bluetooth, RF\",\"isPartOf\":{\"@id\":\"https:\\\/\\\/www.maprofar.com\\\/tienda\\\/#website\"},\"primaryImageOfPage\":{\"@id\":\"https:\\\/\\\/www.maprofar.com\\\/tienda\\\/producto\\\/approx-lector-de-codigos-de-barras-1d-inalambrico-bluetooth-rf-indicador-led-y-beeper-velocidad-300-veces-x-seg-autonomia-hasta-16h\\\/#primaryimage\"},\"image\":{\"@id\":\"https:\\\/\\\/www.maprofar.com\\\/tienda\\\/producto\\\/approx-lector-de-codigos-de-barras-1d-inalambrico-bluetooth-rf-indicador-led-y-beeper-velocidad-300-veces-x-seg-autonomia-hasta-16h\\\/#primaryimage\"},\"thumbnailUrl\":\"https:\\\/\\\/www.maprofar.com\\\/tienda\\\/wp-content\\\/uploads\\\/2022\\\/08\\\/APPLS19_1.jpg\",\"datePublished\":\"2022-08-22T16:47:48+00:00\",\"dateModified\":\"2025-05-27T15:14:43+00:00\",\"description\":\"Approx Lector de Codigos de Barras 1D Inalambrico Bluetooth, RF - Indicador LED y Beeper - Velocidad 300 veces x seg. - Autonomia hasta 16h - APPLS19\",\"breadcrumb\":{\"@id\":\"https:\\\/\\\/www.maprofar.com\\\/tienda\\\/producto\\\/approx-lector-de-codigos-de-barras-1d-inalambrico-bluetooth-rf-indicador-led-y-beeper-velocidad-300-veces-x-seg-autonomia-hasta-16h\\\/#breadcrumb\"},\"inLanguage\":\"es\",\"potentialAction\":[{\"@type\":\"ReadAction\",\"target\":[\"https:\\\/\\\/www.maprofar.com\\\/tienda\\\/producto\\\/approx-lector-de-codigos-de-barras-1d-inalambrico-bluetooth-rf-indicador-led-y-beeper-velocidad-300-veces-x-seg-autonomia-hasta-16h\\\/\"]}]},{\"@type\":\"ImageObject\",\"inLanguage\":\"es\",\"@id\":\"https:\\\/\\\/www.maprofar.com\\\/tienda\\\/producto\\\/approx-lector-de-codigos-de-barras-1d-inalambrico-bluetooth-rf-indicador-led-y-beeper-velocidad-300-veces-x-seg-autonomia-hasta-16h\\\/#primaryimage\",\"url\":\"https:\\\/\\\/www.maprofar.com\\\/tienda\\\/wp-content\\\/uploads\\\/2022\\\/08\\\/APPLS19_1.jpg\",\"contentUrl\":\"https:\\\/\\\/www.maprofar.com\\\/tienda\\\/wp-content\\\/uploads\\\/2022\\\/08\\\/APPLS19_1.jpg\",\"width\":800,\"height\":800,\"caption\":\"APPLS19\"},{\"@type\":\"BreadcrumbList\",\"@id\":\"https:\\\/\\\/www.maprofar.com\\\/tienda\\\/producto\\\/approx-lector-de-codigos-de-barras-1d-inalambrico-bluetooth-rf-indicador-led-y-beeper-velocidad-300-veces-x-seg-autonomia-hasta-16h\\\/#breadcrumb\",\"itemListElement\":[{\"@type\":\"ListItem\",\"position\":1,\"name\":\"Portada\",\"item\":\"https:\\\/\\\/www.maprofar.com\\\/tienda\\\/\"},{\"@type\":\"ListItem\",\"position\":2,\"name\":\"Inicio\",\"item\":\"https:\\\/\\\/www.maprofar.com\\\/tienda\\\/\"},{\"@type\":\"ListItem\",\"position\":3,\"name\":\"Approx Lector de Codigos de Barras 1D Inalambrico Bluetooth, RF &#8211; Indicador LED y Beeper &#8211; Velocidad 300 veces x seg. &#8211; Autonomia hasta 16h\"}]},{\"@type\":\"WebSite\",\"@id\":\"https:\\\/\\\/www.maprofar.com\\\/tienda\\\/#website\",\"url\":\"https:\\\/\\\/www.maprofar.com\\\/tienda\\\/\",\"name\":\"Maprofar - Toner Compatibles y Material de Oficina\",\"description\":\"Encuentra en Maprofar tu t\u00f3ner compatible Brother y HP al mejor precio. Calidad garantizada, env\u00edo urgente 24h y asesoramiento t\u00e9cnico experto. \u00a1Vis\u00edtanos!\",\"publisher\":{\"@id\":\"https:\\\/\\\/www.maprofar.com\\\/tienda\\\/#organization\"},\"alternateName\":\"Maprofar Inform\u00e1tica\",\"potentialAction\":[{\"@type\":\"SearchAction\",\"target\":{\"@type\":\"EntryPoint\",\"urlTemplate\":\"https:\\\/\\\/www.maprofar.com\\\/tienda\\\/?s={search_term_string}\"},\"query-input\":{\"@type\":\"PropertyValueSpecification\",\"valueRequired\":true,\"valueName\":\"search_term_string\"}}],\"inLanguage\":\"es\"},{\"@type\":\"Organization\",\"@id\":\"https:\\\/\\\/www.maprofar.com\\\/tienda\\\/#organization\",\"name\":\"Maprofar S.L.\",\"url\":\"https:\\\/\\\/www.maprofar.com\\\/tienda\\\/\",\"logo\":{\"@type\":\"ImageObject\",\"inLanguage\":\"es\",\"@id\":\"https:\\\/\\\/www.maprofar.com\\\/tienda\\\/#\\\/schema\\\/logo\\\/image\\\/\",\"url\":\"https:\\\/\\\/www.maprofar.com\\\/tienda\\\/wp-content\\\/uploads\\\/2021\\\/05\\\/logo_circulo.jpg\",\"contentUrl\":\"https:\\\/\\\/www.maprofar.com\\\/tienda\\\/wp-content\\\/uploads\\\/2021\\\/05\\\/logo_circulo.jpg\",\"width\":404,\"height\":335,\"caption\":\"Maprofar S.L.\"},\"image\":{\"@id\":\"https:\\\/\\\/www.maprofar.com\\\/tienda\\\/#\\\/schema\\\/logo\\\/image\\\/\"},\"sameAs\":[\"https:\\\/\\\/es-es.facebook.com\\\/maprofar\",\"https:\\\/\\\/www.instagram.com\\\/maprofar_informatica\\\/\",\"https:\\\/\\\/www.pinterest.es\\\/maprofar\\\/\"]}]}<\/script>\n<!-- \/ Yoast SEO Premium plugin. -->","yoast_head_json":{"title":"Approx Lector de Codigos de Barras 1D Inalambrico Bluetooth, RF","description":"Approx Lector de Codigos de Barras 1D Inalambrico Bluetooth, RF - Indicador LED y Beeper - Velocidad 300 veces x seg. - Autonomia hasta 16h - APPLS19","robots":{"index":"index","follow":"follow","max-snippet":"max-snippet:-1","max-image-preview":"max-image-preview:large","max-video-preview":"max-video-preview:-1"},"canonical":"https:\/\/www.maprofar.com\/tienda\/producto\/approx-lector-de-codigos-de-barras-1d-inalambrico-bluetooth-rf-indicador-led-y-beeper-velocidad-300-veces-x-seg-autonomia-hasta-16h\/","og_locale":"es_ES","og_type":"article","og_title":"Approx Lector de Codigos de Barras 1D Inalambrico Bluetooth, RF - Indicador LED y Beeper - Velocidad 300 veces x seg. - Autonomia hasta 16h - Maprofar | T\u00f3ner Compatible Brother, HP y Soluciones de Impresi\u00f3n 3D","og_description":"En Maprofar encontrar\u00e1s t\u00f3ner compatibles de calidad y material de oficina al mejor precio. Ahorra sin sacrificar rendimiento. \u00a1Aprovecha nuestras ofertas y descuentos!","og_url":"https:\/\/www.maprofar.com\/tienda\/producto\/approx-lector-de-codigos-de-barras-1d-inalambrico-bluetooth-rf-indicador-led-y-beeper-velocidad-300-veces-x-seg-autonomia-hasta-16h\/","og_site_name":"Maprofar | T\u00f3ner Compatible Brother, HP y Soluciones de Impresi\u00f3n 3D","article_publisher":"https:\/\/es-es.facebook.com\/maprofar","article_modified_time":"2025-05-27T15:14:43+00:00","og_image":[{"width":800,"height":800,"url":"https:\/\/www.maprofar.com\/tienda\/wp-content\/uploads\/2022\/08\/APPLS19_1.jpg","type":"image\/jpeg"}],"twitter_card":"summary_large_image","twitter_misc":{"Tiempo de lectura":"2 minutos"},"schema":{"@context":"https:\/\/schema.org","@graph":[{"@type":"WebPage","@id":"https:\/\/www.maprofar.com\/tienda\/producto\/approx-lector-de-codigos-de-barras-1d-inalambrico-bluetooth-rf-indicador-led-y-beeper-velocidad-300-veces-x-seg-autonomia-hasta-16h\/","url":"https:\/\/www.maprofar.com\/tienda\/producto\/approx-lector-de-codigos-de-barras-1d-inalambrico-bluetooth-rf-indicador-led-y-beeper-velocidad-300-veces-x-seg-autonomia-hasta-16h\/","name":"Approx Lector de Codigos de Barras 1D Inalambrico Bluetooth, RF","isPartOf":{"@id":"https:\/\/www.maprofar.com\/tienda\/#website"},"primaryImageOfPage":{"@id":"https:\/\/www.maprofar.com\/tienda\/producto\/approx-lector-de-codigos-de-barras-1d-inalambrico-bluetooth-rf-indicador-led-y-beeper-velocidad-300-veces-x-seg-autonomia-hasta-16h\/#primaryimage"},"image":{"@id":"https:\/\/www.maprofar.com\/tienda\/producto\/approx-lector-de-codigos-de-barras-1d-inalambrico-bluetooth-rf-indicador-led-y-beeper-velocidad-300-veces-x-seg-autonomia-hasta-16h\/#primaryimage"},"thumbnailUrl":"https:\/\/www.maprofar.com\/tienda\/wp-content\/uploads\/2022\/08\/APPLS19_1.jpg","datePublished":"2022-08-22T16:47:48+00:00","dateModified":"2025-05-27T15:14:43+00:00","description":"Approx Lector de Codigos de Barras 1D Inalambrico Bluetooth, RF - Indicador LED y Beeper - Velocidad 300 veces x seg. - Autonomia hasta 16h - APPLS19","breadcrumb":{"@id":"https:\/\/www.maprofar.com\/tienda\/producto\/approx-lector-de-codigos-de-barras-1d-inalambrico-bluetooth-rf-indicador-led-y-beeper-velocidad-300-veces-x-seg-autonomia-hasta-16h\/#breadcrumb"},"inLanguage":"es","potentialAction":[{"@type":"ReadAction","target":["https:\/\/www.maprofar.com\/tienda\/producto\/approx-lector-de-codigos-de-barras-1d-inalambrico-bluetooth-rf-indicador-led-y-beeper-velocidad-300-veces-x-seg-autonomia-hasta-16h\/"]}]},{"@type":"ImageObject","inLanguage":"es","@id":"https:\/\/www.maprofar.com\/tienda\/producto\/approx-lector-de-codigos-de-barras-1d-inalambrico-bluetooth-rf-indicador-led-y-beeper-velocidad-300-veces-x-seg-autonomia-hasta-16h\/#primaryimage","url":"https:\/\/www.maprofar.com\/tienda\/wp-content\/uploads\/2022\/08\/APPLS19_1.jpg","contentUrl":"https:\/\/www.maprofar.com\/tienda\/wp-content\/uploads\/2022\/08\/APPLS19_1.jpg","width":800,"height":800,"caption":"APPLS19"},{"@type":"BreadcrumbList","@id":"https:\/\/www.maprofar.com\/tienda\/producto\/approx-lector-de-codigos-de-barras-1d-inalambrico-bluetooth-rf-indicador-led-y-beeper-velocidad-300-veces-x-seg-autonomia-hasta-16h\/#breadcrumb","itemListElement":[{"@type":"ListItem","position":1,"name":"Portada","item":"https:\/\/www.maprofar.com\/tienda\/"},{"@type":"ListItem","position":2,"name":"Inicio","item":"https:\/\/www.maprofar.com\/tienda\/"},{"@type":"ListItem","position":3,"name":"Approx Lector de Codigos de Barras 1D Inalambrico Bluetooth, RF &#8211; Indicador LED y Beeper &#8211; Velocidad 300 veces x seg. &#8211; Autonomia hasta 16h"}]},{"@type":"WebSite","@id":"https:\/\/www.maprofar.com\/tienda\/#website","url":"https:\/\/www.maprofar.com\/tienda\/","name":"Maprofar - Toner Compatibles y Material de Oficina","description":"Encuentra en Maprofar tu t\u00f3ner compatible Brother y HP al mejor precio. Calidad garantizada, env\u00edo urgente 24h y asesoramiento t\u00e9cnico experto. \u00a1Vis\u00edtanos!","publisher":{"@id":"https:\/\/www.maprofar.com\/tienda\/#organization"},"alternateName":"Maprofar Inform\u00e1tica","potentialAction":[{"@type":"SearchAction","target":{"@type":"EntryPoint","urlTemplate":"https:\/\/www.maprofar.com\/tienda\/?s={search_term_string}"},"query-input":{"@type":"PropertyValueSpecification","valueRequired":true,"valueName":"search_term_string"}}],"inLanguage":"es"},{"@type":"Organization","@id":"https:\/\/www.maprofar.com\/tienda\/#organization","name":"Maprofar S.L.","url":"https:\/\/www.maprofar.com\/tienda\/","logo":{"@type":"ImageObject","inLanguage":"es","@id":"https:\/\/www.maprofar.com\/tienda\/#\/schema\/logo\/image\/","url":"https:\/\/www.maprofar.com\/tienda\/wp-content\/uploads\/2021\/05\/logo_circulo.jpg","contentUrl":"https:\/\/www.maprofar.com\/tienda\/wp-content\/uploads\/2021\/05\/logo_circulo.jpg","width":404,"height":335,"caption":"Maprofar S.L."},"image":{"@id":"https:\/\/www.maprofar.com\/tienda\/#\/schema\/logo\/image\/"},"sameAs":["https:\/\/es-es.facebook.com\/maprofar","https:\/\/www.instagram.com\/maprofar_informatica\/","https:\/\/www.pinterest.es\/maprofar\/"]}]}},"_links":{"self":[{"href":"https:\/\/www.maprofar.com\/tienda\/wp-json\/wp\/v2\/product\/7266","targetHints":{"allow":["GET"]}}],"collection":[{"href":"https:\/\/www.maprofar.com\/tienda\/wp-json\/wp\/v2\/product"}],"about":[{"href":"https:\/\/www.maprofar.com\/tienda\/wp-json\/wp\/v2\/types\/product"}],"wp:featuredmedia":[{"embeddable":true,"href":"https:\/\/www.maprofar.com\/tienda\/wp-json\/wp\/v2\/media\/7267"}],"wp:attachment":[{"href":"https:\/\/www.maprofar.com\/tienda\/wp-json\/wp\/v2\/media?parent=7266"}],"wp:term":[{"taxonomy":"product_brand","embeddable":true,"href":"https:\/\/www.maprofar.com\/tienda\/wp-json\/wp\/v2\/product_brand?post=7266"},{"taxonomy":"product_cat","embeddable":true,"href":"https:\/\/www.maprofar.com\/tienda\/wp-json\/wp\/v2\/product_cat?post=7266"},{"taxonomy":"product_tag","embeddable":true,"href":"https:\/\/www.maprofar.com\/tienda\/wp-json\/wp\/v2\/product_tag?post=7266"}],"curies":[{"name":"wp","href":"https:\/\/api.w.org\/{rel}","templated":true}]}}