{"id":7276,"date":"2022-08-22T19:00:54","date_gmt":"2022-08-22T17:00:54","guid":{"rendered":"https:\/\/www.maprofar.com\/tienda\/?post_type=product&#038;p=7276"},"modified":"2025-06-30T21:06:15","modified_gmt":"2025-06-30T19:06:15","slug":"approx-lector-de-codigos-de-barras-inalambrico-bluetooth-rf-indicador-led-beeper-y-vibracion-velocidad-30fps-autonomia-hasta-7h","status":"publish","type":"product","link":"https:\/\/www.maprofar.com\/tienda\/producto\/approx-lector-de-codigos-de-barras-inalambrico-bluetooth-rf-indicador-led-beeper-y-vibracion-velocidad-30fps-autonomia-hasta-7h\/","title":{"rendered":"Approx Lector de Codigos de Barras Inalambrico Bluetooth RF &#8211; Indicador LED, Beeper y Vibracion &#8211; Velocidad 30fps &#8211; Autonomia hasta 7h"},"content":{"rendered":"<p>El APPLS10 es un lector inal\u00e1mbrico de c\u00f3digos 1D\/2D USB con tecnolog\u00eda Bluetooth y RF y un dise\u00f1o exclusivo. Peque\u00f1o, delgado y f\u00e1cil de usar, el esc\u00e1ner est\u00e1 optimizado para su conexi\u00f3n a dispositivos m\u00f3viles. Soporta todos los c\u00f3digos de barras comunes 1D y 2D, y es capaz de escanear c\u00f3digos en pantalla. No necesita drivers y es detectado por el PC autom\u00e1ticamente a trav\u00e9s de su receptor. Es configurable y admite dise\u00f1os de teclado distintos e incluye LED, timbre y vibraci\u00f3n para indicar estados de lectura.<\/p>\n<p>Especificaciones:<\/p>\n<p>-Inal\u00e1mbrico: Bluetooth y RF 2.4GHz<br \/>\n-Tipo de lente: CMOS<br \/>\n-Profundidad de escaneo: 6-30 mm<br \/>\n-\u00c1ngulo de lectura: elevaci\u00f3n 55\u00ba, inclinaci\u00f3n 55\u00ba<br \/>\n-Velocidad de escaneo: 30fps<br \/>\n-Indicadores: LED, beeper y vibraci\u00f3n<br \/>\n-Interfaz: USB<br \/>\n-Bater\u00eda: 3.7V\/1500 mAh, Li-ion<br \/>\n-Tiempo de carga: 3-4 horas<br \/>\n-Tiempo de funcionamiento: 5-7 horas<br \/>\n-Distancia de funcionamiento: 10 mts.<br \/>\n-Memoria: 16 Mb<br \/>\n-Resoluci\u00f3n: 752*480<br \/>\n-Capacidad de decodificaci\u00f3n: C\u00f3digo de barras 1D como EAN 8, EAN 13, UPC A, UPC E, Code 39, Code 93, Code 128, EAN128, Codebar, industrial 2 of 5, Interleave 2 of 5, Matrix 2 of 5, MSI, etc. \/ C\u00f3digo de barras 2D como PDF417, MICROPDF417, Datamxtrix, QR, Maxicode, Aztec, etc.<\/p>\n<p>Peso y dimensiones:<\/p>\n<p>-Medidas: 126 x 46 x 21 mm.<br \/>\n-Peso: 247 g<\/p>\n<p><span style=\"color: #999999;\">Comprar Approx Lector de Codigos de Barras Inalambrico Bluetooth RF &#8211; Indicador LED, Beeper y Vibracion &#8211; Velocidad 30fps &#8211; Autonomia hasta 7h<\/span><\/p>\n","protected":false},"excerpt":{"rendered":"<p class=\"titulo_subseccion_da\">CARACTER\u00cdSTICAS<\/p>\n<div class=\"listado_caracteristicas_da\"><span class=\"linea_datos_da\">\u2022 Marca:\u00a0<span class=\"gris_400\" title=\"Approx\">Approx<\/span><\/span><\/div>\n<div class=\"listado_caracteristicas_da\"><span class=\"linea_datos_da\" title=\"Negro\">\u2022 Color:\u00a0<span class=\"gris_400\">Negro<\/span><\/span><\/div>\n<div class=\"listado_caracteristicas_da\"><span class=\"linea_datos_da\" title=\"Approx\">\u2022 Fabricante:\u00a0<span class=\"gris_400\">Approx<\/span><\/span><\/div>\n<div class=\"listado_caracteristicas_da\"><span class=\"linea_datos_da\" title=\"\" aria-describedby=\"ui-id-11\">\u2022 Ref.:\u00a0<span class=\"gris_400\">APPLS10<\/span><\/span><\/div>\n","protected":false},"featured_media":7277,"template":"","meta":[],"product_brand":[],"product_cat":[184],"product_tag":[],"class_list":{"0":"post-7276","1":"product","2":"type-product","3":"status-publish","4":"has-post-thumbnail","6":"product_cat-lectores-de-codigos","8":"first","9":"instock","10":"taxable","11":"shipping-taxable","12":"purchasable","13":"product-type-simple"},"yoast_head":"<!-- This site is optimized with the Yoast SEO Premium plugin v22.3 (Yoast SEO v27.4) - https:\/\/yoast.com\/product\/yoast-seo-premium-wordpress\/ -->\n<title>Approx Lector Codigos de Barras Inalambrico Bluetooth APPLS10<\/title>\n<meta name=\"description\" content=\"Approx Lector de Codigos de Barras Inalambrico Bluetooth RF - Indicador LED, Beeper y Vibracion - Velocidad 30fps - Autonomia hasta 7h - APPLS10\" \/>\n<meta name=\"robots\" content=\"index, follow, max-snippet:-1, max-image-preview:large, max-video-preview:-1\" \/>\n<link rel=\"canonical\" href=\"https:\/\/www.maprofar.com\/tienda\/producto\/approx-lector-de-codigos-de-barras-inalambrico-bluetooth-rf-indicador-led-beeper-y-vibracion-velocidad-30fps-autonomia-hasta-7h\/\" \/>\n<meta property=\"og:locale\" content=\"es_ES\" \/>\n<meta property=\"og:type\" content=\"article\" \/>\n<meta property=\"og:title\" content=\"Approx Lector de Codigos de Barras Inalambrico Bluetooth RF - Indicador LED, Beeper y Vibracion - Velocidad 30fps - Autonomia hasta 7h - Maprofar | T\u00f3ner Compatible Brother, HP y Soluciones de Impresi\u00f3n 3D\" \/>\n<meta property=\"og:description\" content=\"En Maprofar encontrar\u00e1s t\u00f3ner compatibles de calidad y material de oficina al mejor precio. Ahorra sin sacrificar rendimiento. \u00a1Aprovecha nuestras ofertas y descuentos!\" \/>\n<meta property=\"og:url\" content=\"https:\/\/www.maprofar.com\/tienda\/producto\/approx-lector-de-codigos-de-barras-inalambrico-bluetooth-rf-indicador-led-beeper-y-vibracion-velocidad-30fps-autonomia-hasta-7h\/\" \/>\n<meta property=\"og:site_name\" content=\"Maprofar | T\u00f3ner Compatible Brother, HP y Soluciones de Impresi\u00f3n 3D\" \/>\n<meta property=\"article:publisher\" content=\"https:\/\/es-es.facebook.com\/maprofar\" \/>\n<meta property=\"article:modified_time\" content=\"2025-06-30T19:06:15+00:00\" \/>\n<meta property=\"og:image\" content=\"https:\/\/www.maprofar.com\/tienda\/wp-content\/uploads\/2022\/08\/APPLS10_1.jpg\" \/>\n\t<meta property=\"og:image:width\" content=\"800\" \/>\n\t<meta property=\"og:image:height\" content=\"800\" \/>\n\t<meta property=\"og:image:type\" content=\"image\/jpeg\" \/>\n<meta name=\"twitter:card\" content=\"summary_large_image\" \/>\n<meta name=\"twitter:label1\" content=\"Tiempo de lectura\" \/>\n\t<meta name=\"twitter:data1\" content=\"2 minutos\" \/>\n<script type=\"application\/ld+json\" class=\"yoast-schema-graph\">{\"@context\":\"https:\\\/\\\/schema.org\",\"@graph\":[{\"@type\":\"WebPage\",\"@id\":\"https:\\\/\\\/www.maprofar.com\\\/tienda\\\/producto\\\/approx-lector-de-codigos-de-barras-inalambrico-bluetooth-rf-indicador-led-beeper-y-vibracion-velocidad-30fps-autonomia-hasta-7h\\\/\",\"url\":\"https:\\\/\\\/www.maprofar.com\\\/tienda\\\/producto\\\/approx-lector-de-codigos-de-barras-inalambrico-bluetooth-rf-indicador-led-beeper-y-vibracion-velocidad-30fps-autonomia-hasta-7h\\\/\",\"name\":\"Approx Lector Codigos de Barras Inalambrico Bluetooth APPLS10\",\"isPartOf\":{\"@id\":\"https:\\\/\\\/www.maprofar.com\\\/tienda\\\/#website\"},\"primaryImageOfPage\":{\"@id\":\"https:\\\/\\\/www.maprofar.com\\\/tienda\\\/producto\\\/approx-lector-de-codigos-de-barras-inalambrico-bluetooth-rf-indicador-led-beeper-y-vibracion-velocidad-30fps-autonomia-hasta-7h\\\/#primaryimage\"},\"image\":{\"@id\":\"https:\\\/\\\/www.maprofar.com\\\/tienda\\\/producto\\\/approx-lector-de-codigos-de-barras-inalambrico-bluetooth-rf-indicador-led-beeper-y-vibracion-velocidad-30fps-autonomia-hasta-7h\\\/#primaryimage\"},\"thumbnailUrl\":\"https:\\\/\\\/www.maprofar.com\\\/tienda\\\/wp-content\\\/uploads\\\/2022\\\/08\\\/APPLS10_1.jpg\",\"datePublished\":\"2022-08-22T17:00:54+00:00\",\"dateModified\":\"2025-06-30T19:06:15+00:00\",\"description\":\"Approx Lector de Codigos de Barras Inalambrico Bluetooth RF - Indicador LED, Beeper y Vibracion - Velocidad 30fps - Autonomia hasta 7h - APPLS10\",\"breadcrumb\":{\"@id\":\"https:\\\/\\\/www.maprofar.com\\\/tienda\\\/producto\\\/approx-lector-de-codigos-de-barras-inalambrico-bluetooth-rf-indicador-led-beeper-y-vibracion-velocidad-30fps-autonomia-hasta-7h\\\/#breadcrumb\"},\"inLanguage\":\"es\",\"potentialAction\":[{\"@type\":\"ReadAction\",\"target\":[\"https:\\\/\\\/www.maprofar.com\\\/tienda\\\/producto\\\/approx-lector-de-codigos-de-barras-inalambrico-bluetooth-rf-indicador-led-beeper-y-vibracion-velocidad-30fps-autonomia-hasta-7h\\\/\"]}]},{\"@type\":\"ImageObject\",\"inLanguage\":\"es\",\"@id\":\"https:\\\/\\\/www.maprofar.com\\\/tienda\\\/producto\\\/approx-lector-de-codigos-de-barras-inalambrico-bluetooth-rf-indicador-led-beeper-y-vibracion-velocidad-30fps-autonomia-hasta-7h\\\/#primaryimage\",\"url\":\"https:\\\/\\\/www.maprofar.com\\\/tienda\\\/wp-content\\\/uploads\\\/2022\\\/08\\\/APPLS10_1.jpg\",\"contentUrl\":\"https:\\\/\\\/www.maprofar.com\\\/tienda\\\/wp-content\\\/uploads\\\/2022\\\/08\\\/APPLS10_1.jpg\",\"width\":800,\"height\":800,\"caption\":\"Approx Lector de Codigos de Barras Inalambrico Bluetooth RF - Indicador LED, Beeper y Vibracion - Velocidad 30fps - Autonomia hasta 7h\"},{\"@type\":\"BreadcrumbList\",\"@id\":\"https:\\\/\\\/www.maprofar.com\\\/tienda\\\/producto\\\/approx-lector-de-codigos-de-barras-inalambrico-bluetooth-rf-indicador-led-beeper-y-vibracion-velocidad-30fps-autonomia-hasta-7h\\\/#breadcrumb\",\"itemListElement\":[{\"@type\":\"ListItem\",\"position\":1,\"name\":\"Portada\",\"item\":\"https:\\\/\\\/www.maprofar.com\\\/tienda\\\/\"},{\"@type\":\"ListItem\",\"position\":2,\"name\":\"Inicio\",\"item\":\"https:\\\/\\\/www.maprofar.com\\\/tienda\\\/\"},{\"@type\":\"ListItem\",\"position\":3,\"name\":\"Approx Lector de Codigos de Barras Inalambrico Bluetooth RF &#8211; Indicador LED, Beeper y Vibracion &#8211; Velocidad 30fps &#8211; Autonomia hasta 7h\"}]},{\"@type\":\"WebSite\",\"@id\":\"https:\\\/\\\/www.maprofar.com\\\/tienda\\\/#website\",\"url\":\"https:\\\/\\\/www.maprofar.com\\\/tienda\\\/\",\"name\":\"Maprofar - Toner Compatibles y Material de Oficina\",\"description\":\"Encuentra en Maprofar tu t\u00f3ner compatible Brother y HP al mejor precio. Calidad garantizada, env\u00edo urgente 24h y asesoramiento t\u00e9cnico experto. \u00a1Vis\u00edtanos!\",\"publisher\":{\"@id\":\"https:\\\/\\\/www.maprofar.com\\\/tienda\\\/#organization\"},\"alternateName\":\"Maprofar Inform\u00e1tica\",\"potentialAction\":[{\"@type\":\"SearchAction\",\"target\":{\"@type\":\"EntryPoint\",\"urlTemplate\":\"https:\\\/\\\/www.maprofar.com\\\/tienda\\\/?s={search_term_string}\"},\"query-input\":{\"@type\":\"PropertyValueSpecification\",\"valueRequired\":true,\"valueName\":\"search_term_string\"}}],\"inLanguage\":\"es\"},{\"@type\":\"Organization\",\"@id\":\"https:\\\/\\\/www.maprofar.com\\\/tienda\\\/#organization\",\"name\":\"Maprofar S.L.\",\"url\":\"https:\\\/\\\/www.maprofar.com\\\/tienda\\\/\",\"logo\":{\"@type\":\"ImageObject\",\"inLanguage\":\"es\",\"@id\":\"https:\\\/\\\/www.maprofar.com\\\/tienda\\\/#\\\/schema\\\/logo\\\/image\\\/\",\"url\":\"https:\\\/\\\/www.maprofar.com\\\/tienda\\\/wp-content\\\/uploads\\\/2021\\\/05\\\/logo_circulo.jpg\",\"contentUrl\":\"https:\\\/\\\/www.maprofar.com\\\/tienda\\\/wp-content\\\/uploads\\\/2021\\\/05\\\/logo_circulo.jpg\",\"width\":404,\"height\":335,\"caption\":\"Maprofar S.L.\"},\"image\":{\"@id\":\"https:\\\/\\\/www.maprofar.com\\\/tienda\\\/#\\\/schema\\\/logo\\\/image\\\/\"},\"sameAs\":[\"https:\\\/\\\/es-es.facebook.com\\\/maprofar\",\"https:\\\/\\\/www.instagram.com\\\/maprofar_informatica\\\/\",\"https:\\\/\\\/www.pinterest.es\\\/maprofar\\\/\"]}]}<\/script>\n<!-- \/ Yoast SEO Premium plugin. -->","yoast_head_json":{"title":"Approx Lector Codigos de Barras Inalambrico Bluetooth APPLS10","description":"Approx Lector de Codigos de Barras Inalambrico Bluetooth RF - Indicador LED, Beeper y Vibracion - Velocidad 30fps - Autonomia hasta 7h - APPLS10","robots":{"index":"index","follow":"follow","max-snippet":"max-snippet:-1","max-image-preview":"max-image-preview:large","max-video-preview":"max-video-preview:-1"},"canonical":"https:\/\/www.maprofar.com\/tienda\/producto\/approx-lector-de-codigos-de-barras-inalambrico-bluetooth-rf-indicador-led-beeper-y-vibracion-velocidad-30fps-autonomia-hasta-7h\/","og_locale":"es_ES","og_type":"article","og_title":"Approx Lector de Codigos de Barras Inalambrico Bluetooth RF - Indicador LED, Beeper y Vibracion - Velocidad 30fps - Autonomia hasta 7h - Maprofar | T\u00f3ner Compatible Brother, HP y Soluciones de Impresi\u00f3n 3D","og_description":"En Maprofar encontrar\u00e1s t\u00f3ner compatibles de calidad y material de oficina al mejor precio. Ahorra sin sacrificar rendimiento. \u00a1Aprovecha nuestras ofertas y descuentos!","og_url":"https:\/\/www.maprofar.com\/tienda\/producto\/approx-lector-de-codigos-de-barras-inalambrico-bluetooth-rf-indicador-led-beeper-y-vibracion-velocidad-30fps-autonomia-hasta-7h\/","og_site_name":"Maprofar | T\u00f3ner Compatible Brother, HP y Soluciones de Impresi\u00f3n 3D","article_publisher":"https:\/\/es-es.facebook.com\/maprofar","article_modified_time":"2025-06-30T19:06:15+00:00","og_image":[{"width":800,"height":800,"url":"https:\/\/www.maprofar.com\/tienda\/wp-content\/uploads\/2022\/08\/APPLS10_1.jpg","type":"image\/jpeg"}],"twitter_card":"summary_large_image","twitter_misc":{"Tiempo de lectura":"2 minutos"},"schema":{"@context":"https:\/\/schema.org","@graph":[{"@type":"WebPage","@id":"https:\/\/www.maprofar.com\/tienda\/producto\/approx-lector-de-codigos-de-barras-inalambrico-bluetooth-rf-indicador-led-beeper-y-vibracion-velocidad-30fps-autonomia-hasta-7h\/","url":"https:\/\/www.maprofar.com\/tienda\/producto\/approx-lector-de-codigos-de-barras-inalambrico-bluetooth-rf-indicador-led-beeper-y-vibracion-velocidad-30fps-autonomia-hasta-7h\/","name":"Approx Lector Codigos de Barras Inalambrico Bluetooth APPLS10","isPartOf":{"@id":"https:\/\/www.maprofar.com\/tienda\/#website"},"primaryImageOfPage":{"@id":"https:\/\/www.maprofar.com\/tienda\/producto\/approx-lector-de-codigos-de-barras-inalambrico-bluetooth-rf-indicador-led-beeper-y-vibracion-velocidad-30fps-autonomia-hasta-7h\/#primaryimage"},"image":{"@id":"https:\/\/www.maprofar.com\/tienda\/producto\/approx-lector-de-codigos-de-barras-inalambrico-bluetooth-rf-indicador-led-beeper-y-vibracion-velocidad-30fps-autonomia-hasta-7h\/#primaryimage"},"thumbnailUrl":"https:\/\/www.maprofar.com\/tienda\/wp-content\/uploads\/2022\/08\/APPLS10_1.jpg","datePublished":"2022-08-22T17:00:54+00:00","dateModified":"2025-06-30T19:06:15+00:00","description":"Approx Lector de Codigos de Barras Inalambrico Bluetooth RF - Indicador LED, Beeper y Vibracion - Velocidad 30fps - Autonomia hasta 7h - APPLS10","breadcrumb":{"@id":"https:\/\/www.maprofar.com\/tienda\/producto\/approx-lector-de-codigos-de-barras-inalambrico-bluetooth-rf-indicador-led-beeper-y-vibracion-velocidad-30fps-autonomia-hasta-7h\/#breadcrumb"},"inLanguage":"es","potentialAction":[{"@type":"ReadAction","target":["https:\/\/www.maprofar.com\/tienda\/producto\/approx-lector-de-codigos-de-barras-inalambrico-bluetooth-rf-indicador-led-beeper-y-vibracion-velocidad-30fps-autonomia-hasta-7h\/"]}]},{"@type":"ImageObject","inLanguage":"es","@id":"https:\/\/www.maprofar.com\/tienda\/producto\/approx-lector-de-codigos-de-barras-inalambrico-bluetooth-rf-indicador-led-beeper-y-vibracion-velocidad-30fps-autonomia-hasta-7h\/#primaryimage","url":"https:\/\/www.maprofar.com\/tienda\/wp-content\/uploads\/2022\/08\/APPLS10_1.jpg","contentUrl":"https:\/\/www.maprofar.com\/tienda\/wp-content\/uploads\/2022\/08\/APPLS10_1.jpg","width":800,"height":800,"caption":"Approx Lector de Codigos de Barras Inalambrico Bluetooth RF - Indicador LED, Beeper y Vibracion - Velocidad 30fps - Autonomia hasta 7h"},{"@type":"BreadcrumbList","@id":"https:\/\/www.maprofar.com\/tienda\/producto\/approx-lector-de-codigos-de-barras-inalambrico-bluetooth-rf-indicador-led-beeper-y-vibracion-velocidad-30fps-autonomia-hasta-7h\/#breadcrumb","itemListElement":[{"@type":"ListItem","position":1,"name":"Portada","item":"https:\/\/www.maprofar.com\/tienda\/"},{"@type":"ListItem","position":2,"name":"Inicio","item":"https:\/\/www.maprofar.com\/tienda\/"},{"@type":"ListItem","position":3,"name":"Approx Lector de Codigos de Barras Inalambrico Bluetooth RF &#8211; Indicador LED, Beeper y Vibracion &#8211; Velocidad 30fps &#8211; Autonomia hasta 7h"}]},{"@type":"WebSite","@id":"https:\/\/www.maprofar.com\/tienda\/#website","url":"https:\/\/www.maprofar.com\/tienda\/","name":"Maprofar - Toner Compatibles y Material de Oficina","description":"Encuentra en Maprofar tu t\u00f3ner compatible Brother y HP al mejor precio. Calidad garantizada, env\u00edo urgente 24h y asesoramiento t\u00e9cnico experto. \u00a1Vis\u00edtanos!","publisher":{"@id":"https:\/\/www.maprofar.com\/tienda\/#organization"},"alternateName":"Maprofar Inform\u00e1tica","potentialAction":[{"@type":"SearchAction","target":{"@type":"EntryPoint","urlTemplate":"https:\/\/www.maprofar.com\/tienda\/?s={search_term_string}"},"query-input":{"@type":"PropertyValueSpecification","valueRequired":true,"valueName":"search_term_string"}}],"inLanguage":"es"},{"@type":"Organization","@id":"https:\/\/www.maprofar.com\/tienda\/#organization","name":"Maprofar S.L.","url":"https:\/\/www.maprofar.com\/tienda\/","logo":{"@type":"ImageObject","inLanguage":"es","@id":"https:\/\/www.maprofar.com\/tienda\/#\/schema\/logo\/image\/","url":"https:\/\/www.maprofar.com\/tienda\/wp-content\/uploads\/2021\/05\/logo_circulo.jpg","contentUrl":"https:\/\/www.maprofar.com\/tienda\/wp-content\/uploads\/2021\/05\/logo_circulo.jpg","width":404,"height":335,"caption":"Maprofar S.L."},"image":{"@id":"https:\/\/www.maprofar.com\/tienda\/#\/schema\/logo\/image\/"},"sameAs":["https:\/\/es-es.facebook.com\/maprofar","https:\/\/www.instagram.com\/maprofar_informatica\/","https:\/\/www.pinterest.es\/maprofar\/"]}]}},"_links":{"self":[{"href":"https:\/\/www.maprofar.com\/tienda\/wp-json\/wp\/v2\/product\/7276","targetHints":{"allow":["GET"]}}],"collection":[{"href":"https:\/\/www.maprofar.com\/tienda\/wp-json\/wp\/v2\/product"}],"about":[{"href":"https:\/\/www.maprofar.com\/tienda\/wp-json\/wp\/v2\/types\/product"}],"wp:featuredmedia":[{"embeddable":true,"href":"https:\/\/www.maprofar.com\/tienda\/wp-json\/wp\/v2\/media\/7277"}],"wp:attachment":[{"href":"https:\/\/www.maprofar.com\/tienda\/wp-json\/wp\/v2\/media?parent=7276"}],"wp:term":[{"taxonomy":"product_brand","embeddable":true,"href":"https:\/\/www.maprofar.com\/tienda\/wp-json\/wp\/v2\/product_brand?post=7276"},{"taxonomy":"product_cat","embeddable":true,"href":"https:\/\/www.maprofar.com\/tienda\/wp-json\/wp\/v2\/product_cat?post=7276"},{"taxonomy":"product_tag","embeddable":true,"href":"https:\/\/www.maprofar.com\/tienda\/wp-json\/wp\/v2\/product_tag?post=7276"}],"curies":[{"name":"wp","href":"https:\/\/api.w.org\/{rel}","templated":true}]}}