{"id":8172,"date":"2022-09-28T18:33:20","date_gmt":"2022-09-28T16:33:20","guid":{"rendered":"https:\/\/www.maprofar.com\/tienda\/?post_type=product&#038;p=8172"},"modified":"2025-05-27T17:13:20","modified_gmt":"2025-05-27T15:13:20","slug":"approx-appls06omni-lector-de-codigos-de-barras-omnidireccional-sobremesa-indicador-led-disparo-manual-y-automatico","status":"publish","type":"product","link":"https:\/\/www.maprofar.com\/tienda\/producto\/approx-appls06omni-lector-de-codigos-de-barras-omnidireccional-sobremesa-indicador-led-disparo-manual-y-automatico\/","title":{"rendered":"Approx APPLS06OMNI Lector de Codigos de Barras Omnidireccional Sobremesa &#8211; Indicador LED &#8211; Disparo Manual y Automatico"},"content":{"rendered":"<p>Approx APPLS06OMNI Lector de Codigos de Barras Omnidireccional Sobremesa &#8211; Indicador LED &#8211; Disparo Manual y Automatico.<\/p>\n<p>El APPLS06OMNI es un lector de c\u00f3digos omnidireccional USB con un dise\u00f1o de sobremesa y f\u00e1cil de manejar. No necesita drivers y es detectado por el PC autom\u00e1ticamente. Es configurable y admite dise\u00f1os de teclado distintos e incluye LED y timbre para indicar estados de lectura. Dispone de bot\u00f3n de precisi\u00f3n para cambiar de multil\u00ednea a una sola l\u00ednea.<\/p>\n<p>Especificaciones:<\/p>\n<p>Generales:<\/p>\n<p>-Tipo: L\u00e1ser visible 650 nm<br \/>\n-Profundidad: 10-300 mm<br \/>\n-\u00c1ngulo de lectura: \u00b172\u00ba \u00b182\u00ba<br \/>\n-Modo de escaneo: Multil\u00ednea<br \/>\n-Velocidad de escaneo: 1500 veces por seg.<br \/>\n-Tensi\u00f3n de entrada: 5V<br \/>\n-Indicadores: LED y zumbador<br \/>\n-Resoluci\u00f3n: 3 mil<br \/>\n-Modo de disparo: Manual o autom\u00e1tico (modo continuo)<br \/>\n-Bit Error: 1\/70 millones<br \/>\n-Capacidad de decodificaci\u00f3n :UPC \/ EAN \/ JAN, UPC \/ EAN con suplementario, UCC \/ EAN 128, C\u00f3digo 39, MSI, C\u00f3digo 11, C\u00f3digo 39 ASCII completo, C\u00f3digo 39 TriOptic, C\u00f3digo 128, C\u00f3digo 128 ASCII completo, Codabar, C\u00f3digo 93, Discreto2 de 5, IATA, variantes de RSS, Codabar, Chinese2of5, c\u00f3digos de barras dimensionales generales internacionales, p. Ej. Inteleaved2 \/ 5, Interleaved2of5.<\/p>\n<p>Interfaces:<\/p>\n<p>-Interfaz: USB<\/p>\n<p>Dimensiones y peso:<\/p>\n<p>-Medidas: 100x109x156 mm.<br \/>\n-Peso: 465 g. aprox<\/p>\n<p><span style=\"color: #999999;\">Comprar Approx APPLS06OMNI Lector de Codigos de Barras Omnidireccional Sobremesa &#8211; Indicador LED &#8211; Disparo Manual y Automatico<\/span><\/p>\n","protected":false},"excerpt":{"rendered":"<p class=\"titulo_subseccion_da\">CARACTER\u00cdSTICAS<\/p>\n<div class=\"listado_caracteristicas_da\"><span class=\"linea_datos_da\">\u2022 Marca:\u00a0<span class=\"gris_400\" title=\"Approx\">Approx<\/span><\/span><\/div>\n<div class=\"listado_caracteristicas_da\"><span class=\"linea_datos_da\" title=\"Negro\">\u2022 Color:\u00a0<span class=\"gris_400\">Negro<\/span><\/span><\/div>\n<div class=\"listado_caracteristicas_da\"><span class=\"linea_datos_da\" title=\"Approx\">\u2022 Fabricante:\u00a0<span class=\"gris_400\">Approx<\/span><\/span><\/div>\n<div class=\"listado_caracteristicas_da\"><span class=\"linea_datos_da\" title=\"APPLS06OMNI\">\u2022 Ref.:\u00a0<span class=\"gris_400\">APPLS06OMNI<\/span><\/span><\/div>\n","protected":false},"featured_media":8173,"template":"","meta":[],"product_brand":[],"product_cat":[184],"product_tag":[],"class_list":{"0":"post-8172","1":"product","2":"type-product","3":"status-publish","4":"has-post-thumbnail","6":"product_cat-lectores-de-codigos","8":"first","9":"outofstock","10":"taxable","11":"shipping-taxable","12":"purchasable","13":"product-type-simple"},"yoast_head":"<!-- This site is optimized with the Yoast SEO Premium plugin v22.3 (Yoast SEO v27.4) - https:\/\/yoast.com\/product\/yoast-seo-premium-wordpress\/ -->\n<title>Approx APPLS06OMNI Lector de Codigos de Barras<\/title>\n<meta name=\"description\" content=\"Approx APPLS06OMNI Lector de Codigos de Barras Omnidireccional Sobremesa - Indicador LED - Disparo Manual y Automatico - Maprofar Inform\u00e1tica\" \/>\n<meta name=\"robots\" content=\"index, follow, max-snippet:-1, max-image-preview:large, max-video-preview:-1\" \/>\n<link rel=\"canonical\" href=\"https:\/\/www.maprofar.com\/tienda\/producto\/approx-appls06omni-lector-de-codigos-de-barras-omnidireccional-sobremesa-indicador-led-disparo-manual-y-automatico\/\" \/>\n<meta property=\"og:locale\" content=\"es_ES\" \/>\n<meta property=\"og:type\" content=\"article\" \/>\n<meta property=\"og:title\" content=\"Approx APPLS06OMNI Lector de Codigos de Barras Omnidireccional Sobremesa - Indicador LED - Disparo Manual y Automatico - Maprofar | T\u00f3ner Compatible Brother, HP y Soluciones de Impresi\u00f3n 3D\" \/>\n<meta property=\"og:description\" content=\"En Maprofar encontrar\u00e1s t\u00f3ner compatibles de calidad y material de oficina al mejor precio. Ahorra sin sacrificar rendimiento. \u00a1Aprovecha nuestras ofertas y descuentos!\" \/>\n<meta property=\"og:url\" content=\"https:\/\/www.maprofar.com\/tienda\/producto\/approx-appls06omni-lector-de-codigos-de-barras-omnidireccional-sobremesa-indicador-led-disparo-manual-y-automatico\/\" \/>\n<meta property=\"og:site_name\" content=\"Maprofar | T\u00f3ner Compatible Brother, HP y Soluciones de Impresi\u00f3n 3D\" \/>\n<meta property=\"article:publisher\" content=\"https:\/\/es-es.facebook.com\/maprofar\" \/>\n<meta property=\"article:modified_time\" content=\"2025-05-27T15:13:20+00:00\" \/>\n<meta property=\"og:image\" content=\"https:\/\/www.maprofar.com\/tienda\/wp-content\/uploads\/2022\/09\/APPLS06OMNI_1.jpg\" \/>\n\t<meta property=\"og:image:width\" content=\"530\" \/>\n\t<meta property=\"og:image:height\" content=\"530\" \/>\n\t<meta property=\"og:image:type\" content=\"image\/jpeg\" \/>\n<meta name=\"twitter:card\" content=\"summary_large_image\" \/>\n<meta name=\"twitter:label1\" content=\"Tiempo de lectura\" \/>\n\t<meta name=\"twitter:data1\" content=\"1 minuto\" \/>\n<script type=\"application\/ld+json\" class=\"yoast-schema-graph\">{\"@context\":\"https:\\\/\\\/schema.org\",\"@graph\":[{\"@type\":\"WebPage\",\"@id\":\"https:\\\/\\\/www.maprofar.com\\\/tienda\\\/producto\\\/approx-appls06omni-lector-de-codigos-de-barras-omnidireccional-sobremesa-indicador-led-disparo-manual-y-automatico\\\/\",\"url\":\"https:\\\/\\\/www.maprofar.com\\\/tienda\\\/producto\\\/approx-appls06omni-lector-de-codigos-de-barras-omnidireccional-sobremesa-indicador-led-disparo-manual-y-automatico\\\/\",\"name\":\"Approx APPLS06OMNI Lector de Codigos de Barras\",\"isPartOf\":{\"@id\":\"https:\\\/\\\/www.maprofar.com\\\/tienda\\\/#website\"},\"primaryImageOfPage\":{\"@id\":\"https:\\\/\\\/www.maprofar.com\\\/tienda\\\/producto\\\/approx-appls06omni-lector-de-codigos-de-barras-omnidireccional-sobremesa-indicador-led-disparo-manual-y-automatico\\\/#primaryimage\"},\"image\":{\"@id\":\"https:\\\/\\\/www.maprofar.com\\\/tienda\\\/producto\\\/approx-appls06omni-lector-de-codigos-de-barras-omnidireccional-sobremesa-indicador-led-disparo-manual-y-automatico\\\/#primaryimage\"},\"thumbnailUrl\":\"https:\\\/\\\/www.maprofar.com\\\/tienda\\\/wp-content\\\/uploads\\\/2022\\\/09\\\/APPLS06OMNI_1.jpg\",\"datePublished\":\"2022-09-28T16:33:20+00:00\",\"dateModified\":\"2025-05-27T15:13:20+00:00\",\"description\":\"Approx APPLS06OMNI Lector de Codigos de Barras Omnidireccional Sobremesa - Indicador LED - Disparo Manual y Automatico - Maprofar Inform\u00e1tica\",\"breadcrumb\":{\"@id\":\"https:\\\/\\\/www.maprofar.com\\\/tienda\\\/producto\\\/approx-appls06omni-lector-de-codigos-de-barras-omnidireccional-sobremesa-indicador-led-disparo-manual-y-automatico\\\/#breadcrumb\"},\"inLanguage\":\"es\",\"potentialAction\":[{\"@type\":\"ReadAction\",\"target\":[\"https:\\\/\\\/www.maprofar.com\\\/tienda\\\/producto\\\/approx-appls06omni-lector-de-codigos-de-barras-omnidireccional-sobremesa-indicador-led-disparo-manual-y-automatico\\\/\"]}]},{\"@type\":\"ImageObject\",\"inLanguage\":\"es\",\"@id\":\"https:\\\/\\\/www.maprofar.com\\\/tienda\\\/producto\\\/approx-appls06omni-lector-de-codigos-de-barras-omnidireccional-sobremesa-indicador-led-disparo-manual-y-automatico\\\/#primaryimage\",\"url\":\"https:\\\/\\\/www.maprofar.com\\\/tienda\\\/wp-content\\\/uploads\\\/2022\\\/09\\\/APPLS06OMNI_1.jpg\",\"contentUrl\":\"https:\\\/\\\/www.maprofar.com\\\/tienda\\\/wp-content\\\/uploads\\\/2022\\\/09\\\/APPLS06OMNI_1.jpg\",\"width\":530,\"height\":530,\"caption\":\"Approx APPLS06OMNI Lector de Codigos de Barras Omnidireccional Sobremesa - Indicador LED - Disparo Manual y Automatico\"},{\"@type\":\"BreadcrumbList\",\"@id\":\"https:\\\/\\\/www.maprofar.com\\\/tienda\\\/producto\\\/approx-appls06omni-lector-de-codigos-de-barras-omnidireccional-sobremesa-indicador-led-disparo-manual-y-automatico\\\/#breadcrumb\",\"itemListElement\":[{\"@type\":\"ListItem\",\"position\":1,\"name\":\"Portada\",\"item\":\"https:\\\/\\\/www.maprofar.com\\\/tienda\\\/\"},{\"@type\":\"ListItem\",\"position\":2,\"name\":\"Inicio\",\"item\":\"https:\\\/\\\/www.maprofar.com\\\/tienda\\\/\"},{\"@type\":\"ListItem\",\"position\":3,\"name\":\"Approx APPLS06OMNI Lector de Codigos de Barras Omnidireccional Sobremesa &#8211; Indicador LED &#8211; Disparo Manual y Automatico\"}]},{\"@type\":\"WebSite\",\"@id\":\"https:\\\/\\\/www.maprofar.com\\\/tienda\\\/#website\",\"url\":\"https:\\\/\\\/www.maprofar.com\\\/tienda\\\/\",\"name\":\"Maprofar - Toner Compatibles y Material de Oficina\",\"description\":\"Encuentra en Maprofar tu t\u00f3ner compatible Brother y HP al mejor precio. Calidad garantizada, env\u00edo urgente 24h y asesoramiento t\u00e9cnico experto. \u00a1Vis\u00edtanos!\",\"publisher\":{\"@id\":\"https:\\\/\\\/www.maprofar.com\\\/tienda\\\/#organization\"},\"alternateName\":\"Maprofar Inform\u00e1tica\",\"potentialAction\":[{\"@type\":\"SearchAction\",\"target\":{\"@type\":\"EntryPoint\",\"urlTemplate\":\"https:\\\/\\\/www.maprofar.com\\\/tienda\\\/?s={search_term_string}\"},\"query-input\":{\"@type\":\"PropertyValueSpecification\",\"valueRequired\":true,\"valueName\":\"search_term_string\"}}],\"inLanguage\":\"es\"},{\"@type\":\"Organization\",\"@id\":\"https:\\\/\\\/www.maprofar.com\\\/tienda\\\/#organization\",\"name\":\"Maprofar S.L.\",\"url\":\"https:\\\/\\\/www.maprofar.com\\\/tienda\\\/\",\"logo\":{\"@type\":\"ImageObject\",\"inLanguage\":\"es\",\"@id\":\"https:\\\/\\\/www.maprofar.com\\\/tienda\\\/#\\\/schema\\\/logo\\\/image\\\/\",\"url\":\"https:\\\/\\\/www.maprofar.com\\\/tienda\\\/wp-content\\\/uploads\\\/2021\\\/05\\\/logo_circulo.jpg\",\"contentUrl\":\"https:\\\/\\\/www.maprofar.com\\\/tienda\\\/wp-content\\\/uploads\\\/2021\\\/05\\\/logo_circulo.jpg\",\"width\":404,\"height\":335,\"caption\":\"Maprofar S.L.\"},\"image\":{\"@id\":\"https:\\\/\\\/www.maprofar.com\\\/tienda\\\/#\\\/schema\\\/logo\\\/image\\\/\"},\"sameAs\":[\"https:\\\/\\\/es-es.facebook.com\\\/maprofar\",\"https:\\\/\\\/www.instagram.com\\\/maprofar_informatica\\\/\",\"https:\\\/\\\/www.pinterest.es\\\/maprofar\\\/\"]}]}<\/script>\n<!-- \/ Yoast SEO Premium plugin. -->","yoast_head_json":{"title":"Approx APPLS06OMNI Lector de Codigos de Barras","description":"Approx APPLS06OMNI Lector de Codigos de Barras Omnidireccional Sobremesa - Indicador LED - Disparo Manual y Automatico - Maprofar Inform\u00e1tica","robots":{"index":"index","follow":"follow","max-snippet":"max-snippet:-1","max-image-preview":"max-image-preview:large","max-video-preview":"max-video-preview:-1"},"canonical":"https:\/\/www.maprofar.com\/tienda\/producto\/approx-appls06omni-lector-de-codigos-de-barras-omnidireccional-sobremesa-indicador-led-disparo-manual-y-automatico\/","og_locale":"es_ES","og_type":"article","og_title":"Approx APPLS06OMNI Lector de Codigos de Barras Omnidireccional Sobremesa - Indicador LED - Disparo Manual y Automatico - Maprofar | T\u00f3ner Compatible Brother, HP y Soluciones de Impresi\u00f3n 3D","og_description":"En Maprofar encontrar\u00e1s t\u00f3ner compatibles de calidad y material de oficina al mejor precio. Ahorra sin sacrificar rendimiento. \u00a1Aprovecha nuestras ofertas y descuentos!","og_url":"https:\/\/www.maprofar.com\/tienda\/producto\/approx-appls06omni-lector-de-codigos-de-barras-omnidireccional-sobremesa-indicador-led-disparo-manual-y-automatico\/","og_site_name":"Maprofar | T\u00f3ner Compatible Brother, HP y Soluciones de Impresi\u00f3n 3D","article_publisher":"https:\/\/es-es.facebook.com\/maprofar","article_modified_time":"2025-05-27T15:13:20+00:00","og_image":[{"width":530,"height":530,"url":"https:\/\/www.maprofar.com\/tienda\/wp-content\/uploads\/2022\/09\/APPLS06OMNI_1.jpg","type":"image\/jpeg"}],"twitter_card":"summary_large_image","twitter_misc":{"Tiempo de lectura":"1 minuto"},"schema":{"@context":"https:\/\/schema.org","@graph":[{"@type":"WebPage","@id":"https:\/\/www.maprofar.com\/tienda\/producto\/approx-appls06omni-lector-de-codigos-de-barras-omnidireccional-sobremesa-indicador-led-disparo-manual-y-automatico\/","url":"https:\/\/www.maprofar.com\/tienda\/producto\/approx-appls06omni-lector-de-codigos-de-barras-omnidireccional-sobremesa-indicador-led-disparo-manual-y-automatico\/","name":"Approx APPLS06OMNI Lector de Codigos de Barras","isPartOf":{"@id":"https:\/\/www.maprofar.com\/tienda\/#website"},"primaryImageOfPage":{"@id":"https:\/\/www.maprofar.com\/tienda\/producto\/approx-appls06omni-lector-de-codigos-de-barras-omnidireccional-sobremesa-indicador-led-disparo-manual-y-automatico\/#primaryimage"},"image":{"@id":"https:\/\/www.maprofar.com\/tienda\/producto\/approx-appls06omni-lector-de-codigos-de-barras-omnidireccional-sobremesa-indicador-led-disparo-manual-y-automatico\/#primaryimage"},"thumbnailUrl":"https:\/\/www.maprofar.com\/tienda\/wp-content\/uploads\/2022\/09\/APPLS06OMNI_1.jpg","datePublished":"2022-09-28T16:33:20+00:00","dateModified":"2025-05-27T15:13:20+00:00","description":"Approx APPLS06OMNI Lector de Codigos de Barras Omnidireccional Sobremesa - Indicador LED - Disparo Manual y Automatico - Maprofar Inform\u00e1tica","breadcrumb":{"@id":"https:\/\/www.maprofar.com\/tienda\/producto\/approx-appls06omni-lector-de-codigos-de-barras-omnidireccional-sobremesa-indicador-led-disparo-manual-y-automatico\/#breadcrumb"},"inLanguage":"es","potentialAction":[{"@type":"ReadAction","target":["https:\/\/www.maprofar.com\/tienda\/producto\/approx-appls06omni-lector-de-codigos-de-barras-omnidireccional-sobremesa-indicador-led-disparo-manual-y-automatico\/"]}]},{"@type":"ImageObject","inLanguage":"es","@id":"https:\/\/www.maprofar.com\/tienda\/producto\/approx-appls06omni-lector-de-codigos-de-barras-omnidireccional-sobremesa-indicador-led-disparo-manual-y-automatico\/#primaryimage","url":"https:\/\/www.maprofar.com\/tienda\/wp-content\/uploads\/2022\/09\/APPLS06OMNI_1.jpg","contentUrl":"https:\/\/www.maprofar.com\/tienda\/wp-content\/uploads\/2022\/09\/APPLS06OMNI_1.jpg","width":530,"height":530,"caption":"Approx APPLS06OMNI Lector de Codigos de Barras Omnidireccional Sobremesa - Indicador LED - Disparo Manual y Automatico"},{"@type":"BreadcrumbList","@id":"https:\/\/www.maprofar.com\/tienda\/producto\/approx-appls06omni-lector-de-codigos-de-barras-omnidireccional-sobremesa-indicador-led-disparo-manual-y-automatico\/#breadcrumb","itemListElement":[{"@type":"ListItem","position":1,"name":"Portada","item":"https:\/\/www.maprofar.com\/tienda\/"},{"@type":"ListItem","position":2,"name":"Inicio","item":"https:\/\/www.maprofar.com\/tienda\/"},{"@type":"ListItem","position":3,"name":"Approx APPLS06OMNI Lector de Codigos de Barras Omnidireccional Sobremesa &#8211; Indicador LED &#8211; Disparo Manual y Automatico"}]},{"@type":"WebSite","@id":"https:\/\/www.maprofar.com\/tienda\/#website","url":"https:\/\/www.maprofar.com\/tienda\/","name":"Maprofar - Toner Compatibles y Material de Oficina","description":"Encuentra en Maprofar tu t\u00f3ner compatible Brother y HP al mejor precio. Calidad garantizada, env\u00edo urgente 24h y asesoramiento t\u00e9cnico experto. \u00a1Vis\u00edtanos!","publisher":{"@id":"https:\/\/www.maprofar.com\/tienda\/#organization"},"alternateName":"Maprofar Inform\u00e1tica","potentialAction":[{"@type":"SearchAction","target":{"@type":"EntryPoint","urlTemplate":"https:\/\/www.maprofar.com\/tienda\/?s={search_term_string}"},"query-input":{"@type":"PropertyValueSpecification","valueRequired":true,"valueName":"search_term_string"}}],"inLanguage":"es"},{"@type":"Organization","@id":"https:\/\/www.maprofar.com\/tienda\/#organization","name":"Maprofar S.L.","url":"https:\/\/www.maprofar.com\/tienda\/","logo":{"@type":"ImageObject","inLanguage":"es","@id":"https:\/\/www.maprofar.com\/tienda\/#\/schema\/logo\/image\/","url":"https:\/\/www.maprofar.com\/tienda\/wp-content\/uploads\/2021\/05\/logo_circulo.jpg","contentUrl":"https:\/\/www.maprofar.com\/tienda\/wp-content\/uploads\/2021\/05\/logo_circulo.jpg","width":404,"height":335,"caption":"Maprofar S.L."},"image":{"@id":"https:\/\/www.maprofar.com\/tienda\/#\/schema\/logo\/image\/"},"sameAs":["https:\/\/es-es.facebook.com\/maprofar","https:\/\/www.instagram.com\/maprofar_informatica\/","https:\/\/www.pinterest.es\/maprofar\/"]}]}},"_links":{"self":[{"href":"https:\/\/www.maprofar.com\/tienda\/wp-json\/wp\/v2\/product\/8172","targetHints":{"allow":["GET"]}}],"collection":[{"href":"https:\/\/www.maprofar.com\/tienda\/wp-json\/wp\/v2\/product"}],"about":[{"href":"https:\/\/www.maprofar.com\/tienda\/wp-json\/wp\/v2\/types\/product"}],"wp:featuredmedia":[{"embeddable":true,"href":"https:\/\/www.maprofar.com\/tienda\/wp-json\/wp\/v2\/media\/8173"}],"wp:attachment":[{"href":"https:\/\/www.maprofar.com\/tienda\/wp-json\/wp\/v2\/media?parent=8172"}],"wp:term":[{"taxonomy":"product_brand","embeddable":true,"href":"https:\/\/www.maprofar.com\/tienda\/wp-json\/wp\/v2\/product_brand?post=8172"},{"taxonomy":"product_cat","embeddable":true,"href":"https:\/\/www.maprofar.com\/tienda\/wp-json\/wp\/v2\/product_cat?post=8172"},{"taxonomy":"product_tag","embeddable":true,"href":"https:\/\/www.maprofar.com\/tienda\/wp-json\/wp\/v2\/product_tag?post=8172"}],"curies":[{"name":"wp","href":"https:\/\/api.w.org\/{rel}","templated":true}]}}