{"id":8186,"date":"2022-09-28T18:51:07","date_gmt":"2022-09-28T16:51:07","guid":{"rendered":"https:\/\/www.maprofar.com\/tienda\/?post_type=product&#038;p=8186"},"modified":"2025-06-30T21:08:45","modified_gmt":"2025-06-30T19:08:45","slug":"approx-appls17i2d-lector-de-codigos-de-barras-1d-2d-inalambrico-bluetooth-rf-y-usb-indicador-led-y-beeper-velocidad-60-fps-autonomia-hasta-12h","status":"publish","type":"product","link":"https:\/\/www.maprofar.com\/tienda\/producto\/approx-appls17i2d-lector-de-codigos-de-barras-1d-2d-inalambrico-bluetooth-rf-y-usb-indicador-led-y-beeper-velocidad-60-fps-autonomia-hasta-12h\/","title":{"rendered":"Approx APPLS17I2D Lector de Codigos de Barras 1D\/2D Inalambrico Bluetooth, RF y USB &#8211; Indicador LED y Beeper &#8211; Velocidad 60 fps. &#8211; Autonomia hasta 12h"},"content":{"rendered":"<p>Approx APPLS17I2D Lector de Codigos de Barras 1D\/2D Inalambrico Bluetooth, RF y USB &#8211; Indicador LED y Beeper &#8211; Velocidad 60 fps. &#8211; Autonomia hasta 12h.<\/p>\n<p>Approx Lector de C\u00f3digos de Barras 1D\/2D Inalambrico Bluetooth, RF y USB<\/p>\n<p>Especificaciones:<\/p>\n<p>-Tipo de lente: Lector de \u00e1rea.<br \/>\n-Modo de escaneo: 1D\/2D Imager<br \/>\n-Velocidad de escaneo: 60 fps.<br \/>\n-Resoluci\u00f3n: 1280&#215;800 (1MP)<br \/>\n-Profundidad de escaneo: 35 &#8211; 315 mm.<br \/>\n-Modo disparo: manual o autom\u00e1tico (auto detecci\u00f3n de objetos)<br \/>\n-\u00cdndice de error: 1\/50,000,000 \u2022 Bater\u00eda: 3.7V\/2200mA Li-ion<br \/>\n-Consumo: 200mA<br \/>\n-Tiempo de carga: 4-5 horas<br \/>\n-Tiempo de funcionamiento: 12 horas (en modo continuado)<br \/>\n-Distancia de funcionamiento: RF 2.4GHz: 100m (campo abierto)\/Bluetooth:10-30m (campo abierto)<br \/>\n-Tensi\u00f3n de entrada: 5V<br \/>\n-\u00c1ngulo de escaneo: +40\u00ba +40\u00ba +360\u00ba (deflect, tilt, rotate)<br \/>\n-Modo de indicaci\u00f3n: luz LED y beeper<br \/>\n-Grado protecci\u00f3n IP: IP67<br \/>\n-Altura de ca\u00edda soportada: 7m<\/p>\n<p>Conexiones:<\/p>\n<p>-USB<br \/>\n-Bluetooth 5.1<br \/>\n-RF 2.4GHz<\/p>\n<p>Dimensiones y peso:<\/p>\n<p>-Dimensiones: 185x75x95 mm<br \/>\n-Peso del esc\u00e1ner: 267 g. aprox.<br \/>\n-Peso del cargador: 209 g. aprox<\/p>\n<p><span style=\"color: #999999;\">Comprar Approx APPLS17I2D Lector de Codigos de Barras 1D\/2D Inalambrico Bluetooth, RF y USB &#8211; Indicador LED y Beeper &#8211; Velocidad 60 fps. &#8211; Autonomia hasta 12h<\/span><\/p>\n","protected":false},"excerpt":{"rendered":"<p class=\"titulo_subseccion_da\">CARACTER\u00cdSTICAS<\/p>\n<div class=\"listado_caracteristicas_da\"><span class=\"linea_datos_da\">\u2022 Marca:\u00a0<span class=\"gris_400\" title=\"Approx\">Approx<\/span><\/span><\/div>\n<div class=\"listado_caracteristicas_da\"><span class=\"linea_datos_da\" title=\"Naranja\/Negro\">\u2022 Color:\u00a0<span class=\"gris_400\">Naranja\/Negro<\/span><\/span><\/div>\n<div class=\"listado_caracteristicas_da\"><span class=\"linea_datos_da\" title=\"Approx\">\u2022 Fabricante:\u00a0<span class=\"gris_400\">Approx<\/span><\/span><\/div>\n<div class=\"listado_caracteristicas_da\"><span class=\"linea_datos_da\" title=\"APPLS17I2D\">\u2022 Ref.:\u00a0<span class=\"gris_400\">APPLS17I2D<\/span><\/span><\/div>\n","protected":false},"featured_media":8187,"template":"","meta":[],"product_brand":[],"product_cat":[184],"product_tag":[],"class_list":{"0":"post-8186","1":"product","2":"type-product","3":"status-publish","4":"has-post-thumbnail","6":"product_cat-lectores-de-codigos","8":"first","9":"instock","10":"taxable","11":"shipping-taxable","12":"purchasable","13":"product-type-simple"},"yoast_head":"<!-- This site is optimized with the Yoast SEO Premium plugin v22.3 (Yoast SEO v27.4) - https:\/\/yoast.com\/product\/yoast-seo-premium-wordpress\/ -->\n<title>Approx APPLS17I2D Lector de Codigos de Barras 1D\/2D<\/title>\n<meta name=\"description\" content=\"Approx APPLS17I2D Lector de Codigos de Barras 1D\/2D Inalambrico Bluetooth, RF y USB - Indicador LED y Beeper - Velocidad 60 fps. - Autonomia hasta 12h\" \/>\n<meta name=\"robots\" content=\"index, follow, max-snippet:-1, max-image-preview:large, max-video-preview:-1\" \/>\n<link rel=\"canonical\" href=\"https:\/\/www.maprofar.com\/tienda\/producto\/approx-appls17i2d-lector-de-codigos-de-barras-1d-2d-inalambrico-bluetooth-rf-y-usb-indicador-led-y-beeper-velocidad-60-fps-autonomia-hasta-12h\/\" \/>\n<meta property=\"og:locale\" content=\"es_ES\" \/>\n<meta property=\"og:type\" content=\"article\" \/>\n<meta property=\"og:title\" content=\"Approx APPLS17I2D Lector de Codigos de Barras 1D\/2D Inalambrico Bluetooth, RF y USB - Indicador LED y Beeper - Velocidad 60 fps. - Autonomia hasta 12h - Maprofar | T\u00f3ner Compatible Brother, HP y Soluciones de Impresi\u00f3n 3D\" \/>\n<meta property=\"og:description\" content=\"En Maprofar encontrar\u00e1s t\u00f3ner compatibles de calidad y material de oficina al mejor precio. Ahorra sin sacrificar rendimiento. \u00a1Aprovecha nuestras ofertas y descuentos!\" \/>\n<meta property=\"og:url\" content=\"https:\/\/www.maprofar.com\/tienda\/producto\/approx-appls17i2d-lector-de-codigos-de-barras-1d-2d-inalambrico-bluetooth-rf-y-usb-indicador-led-y-beeper-velocidad-60-fps-autonomia-hasta-12h\/\" \/>\n<meta property=\"og:site_name\" content=\"Maprofar | T\u00f3ner Compatible Brother, HP y Soluciones de Impresi\u00f3n 3D\" \/>\n<meta property=\"article:publisher\" content=\"https:\/\/es-es.facebook.com\/maprofar\" \/>\n<meta property=\"article:modified_time\" content=\"2025-06-30T19:08:45+00:00\" \/>\n<meta property=\"og:image\" content=\"https:\/\/www.maprofar.com\/tienda\/wp-content\/uploads\/2022\/09\/APPLS17I2D_1.jpg\" \/>\n\t<meta property=\"og:image:width\" content=\"800\" \/>\n\t<meta property=\"og:image:height\" content=\"800\" \/>\n\t<meta property=\"og:image:type\" content=\"image\/jpeg\" \/>\n<meta name=\"twitter:card\" content=\"summary_large_image\" \/>\n<meta name=\"twitter:label1\" content=\"Tiempo de lectura\" \/>\n\t<meta name=\"twitter:data1\" content=\"1 minuto\" \/>\n<script type=\"application\/ld+json\" class=\"yoast-schema-graph\">{\"@context\":\"https:\\\/\\\/schema.org\",\"@graph\":[{\"@type\":\"WebPage\",\"@id\":\"https:\\\/\\\/www.maprofar.com\\\/tienda\\\/producto\\\/approx-appls17i2d-lector-de-codigos-de-barras-1d-2d-inalambrico-bluetooth-rf-y-usb-indicador-led-y-beeper-velocidad-60-fps-autonomia-hasta-12h\\\/\",\"url\":\"https:\\\/\\\/www.maprofar.com\\\/tienda\\\/producto\\\/approx-appls17i2d-lector-de-codigos-de-barras-1d-2d-inalambrico-bluetooth-rf-y-usb-indicador-led-y-beeper-velocidad-60-fps-autonomia-hasta-12h\\\/\",\"name\":\"Approx APPLS17I2D Lector de Codigos de Barras 1D\\\/2D\",\"isPartOf\":{\"@id\":\"https:\\\/\\\/www.maprofar.com\\\/tienda\\\/#website\"},\"primaryImageOfPage\":{\"@id\":\"https:\\\/\\\/www.maprofar.com\\\/tienda\\\/producto\\\/approx-appls17i2d-lector-de-codigos-de-barras-1d-2d-inalambrico-bluetooth-rf-y-usb-indicador-led-y-beeper-velocidad-60-fps-autonomia-hasta-12h\\\/#primaryimage\"},\"image\":{\"@id\":\"https:\\\/\\\/www.maprofar.com\\\/tienda\\\/producto\\\/approx-appls17i2d-lector-de-codigos-de-barras-1d-2d-inalambrico-bluetooth-rf-y-usb-indicador-led-y-beeper-velocidad-60-fps-autonomia-hasta-12h\\\/#primaryimage\"},\"thumbnailUrl\":\"https:\\\/\\\/www.maprofar.com\\\/tienda\\\/wp-content\\\/uploads\\\/2022\\\/09\\\/APPLS17I2D_1.jpg\",\"datePublished\":\"2022-09-28T16:51:07+00:00\",\"dateModified\":\"2025-06-30T19:08:45+00:00\",\"description\":\"Approx APPLS17I2D Lector de Codigos de Barras 1D\\\/2D Inalambrico Bluetooth, RF y USB - Indicador LED y Beeper - Velocidad 60 fps. - Autonomia hasta 12h\",\"breadcrumb\":{\"@id\":\"https:\\\/\\\/www.maprofar.com\\\/tienda\\\/producto\\\/approx-appls17i2d-lector-de-codigos-de-barras-1d-2d-inalambrico-bluetooth-rf-y-usb-indicador-led-y-beeper-velocidad-60-fps-autonomia-hasta-12h\\\/#breadcrumb\"},\"inLanguage\":\"es\",\"potentialAction\":[{\"@type\":\"ReadAction\",\"target\":[\"https:\\\/\\\/www.maprofar.com\\\/tienda\\\/producto\\\/approx-appls17i2d-lector-de-codigos-de-barras-1d-2d-inalambrico-bluetooth-rf-y-usb-indicador-led-y-beeper-velocidad-60-fps-autonomia-hasta-12h\\\/\"]}]},{\"@type\":\"ImageObject\",\"inLanguage\":\"es\",\"@id\":\"https:\\\/\\\/www.maprofar.com\\\/tienda\\\/producto\\\/approx-appls17i2d-lector-de-codigos-de-barras-1d-2d-inalambrico-bluetooth-rf-y-usb-indicador-led-y-beeper-velocidad-60-fps-autonomia-hasta-12h\\\/#primaryimage\",\"url\":\"https:\\\/\\\/www.maprofar.com\\\/tienda\\\/wp-content\\\/uploads\\\/2022\\\/09\\\/APPLS17I2D_1.jpg\",\"contentUrl\":\"https:\\\/\\\/www.maprofar.com\\\/tienda\\\/wp-content\\\/uploads\\\/2022\\\/09\\\/APPLS17I2D_1.jpg\",\"width\":800,\"height\":800,\"caption\":\"Approx APPLS17I2D Lector de Codigos de Barras 1D\\\/2D Inalambrico Bluetooth, RF y USB - Indicador LED y Beeper - Velocidad 60 fps. - Autonomia hasta 12h\"},{\"@type\":\"BreadcrumbList\",\"@id\":\"https:\\\/\\\/www.maprofar.com\\\/tienda\\\/producto\\\/approx-appls17i2d-lector-de-codigos-de-barras-1d-2d-inalambrico-bluetooth-rf-y-usb-indicador-led-y-beeper-velocidad-60-fps-autonomia-hasta-12h\\\/#breadcrumb\",\"itemListElement\":[{\"@type\":\"ListItem\",\"position\":1,\"name\":\"Portada\",\"item\":\"https:\\\/\\\/www.maprofar.com\\\/tienda\\\/\"},{\"@type\":\"ListItem\",\"position\":2,\"name\":\"Inicio\",\"item\":\"https:\\\/\\\/www.maprofar.com\\\/tienda\\\/\"},{\"@type\":\"ListItem\",\"position\":3,\"name\":\"Approx APPLS17I2D Lector de Codigos de Barras 1D\\\/2D Inalambrico Bluetooth, RF y USB &#8211; Indicador LED y Beeper &#8211; Velocidad 60 fps. &#8211; Autonomia hasta 12h\"}]},{\"@type\":\"WebSite\",\"@id\":\"https:\\\/\\\/www.maprofar.com\\\/tienda\\\/#website\",\"url\":\"https:\\\/\\\/www.maprofar.com\\\/tienda\\\/\",\"name\":\"Maprofar - Toner Compatibles y Material de Oficina\",\"description\":\"Encuentra en Maprofar tu t\u00f3ner compatible Brother y HP al mejor precio. Calidad garantizada, env\u00edo urgente 24h y asesoramiento t\u00e9cnico experto. \u00a1Vis\u00edtanos!\",\"publisher\":{\"@id\":\"https:\\\/\\\/www.maprofar.com\\\/tienda\\\/#organization\"},\"alternateName\":\"Maprofar Inform\u00e1tica\",\"potentialAction\":[{\"@type\":\"SearchAction\",\"target\":{\"@type\":\"EntryPoint\",\"urlTemplate\":\"https:\\\/\\\/www.maprofar.com\\\/tienda\\\/?s={search_term_string}\"},\"query-input\":{\"@type\":\"PropertyValueSpecification\",\"valueRequired\":true,\"valueName\":\"search_term_string\"}}],\"inLanguage\":\"es\"},{\"@type\":\"Organization\",\"@id\":\"https:\\\/\\\/www.maprofar.com\\\/tienda\\\/#organization\",\"name\":\"Maprofar S.L.\",\"url\":\"https:\\\/\\\/www.maprofar.com\\\/tienda\\\/\",\"logo\":{\"@type\":\"ImageObject\",\"inLanguage\":\"es\",\"@id\":\"https:\\\/\\\/www.maprofar.com\\\/tienda\\\/#\\\/schema\\\/logo\\\/image\\\/\",\"url\":\"https:\\\/\\\/www.maprofar.com\\\/tienda\\\/wp-content\\\/uploads\\\/2021\\\/05\\\/logo_circulo.jpg\",\"contentUrl\":\"https:\\\/\\\/www.maprofar.com\\\/tienda\\\/wp-content\\\/uploads\\\/2021\\\/05\\\/logo_circulo.jpg\",\"width\":404,\"height\":335,\"caption\":\"Maprofar S.L.\"},\"image\":{\"@id\":\"https:\\\/\\\/www.maprofar.com\\\/tienda\\\/#\\\/schema\\\/logo\\\/image\\\/\"},\"sameAs\":[\"https:\\\/\\\/es-es.facebook.com\\\/maprofar\",\"https:\\\/\\\/www.instagram.com\\\/maprofar_informatica\\\/\",\"https:\\\/\\\/www.pinterest.es\\\/maprofar\\\/\"]}]}<\/script>\n<!-- \/ Yoast SEO Premium plugin. -->","yoast_head_json":{"title":"Approx APPLS17I2D Lector de Codigos de Barras 1D\/2D","description":"Approx APPLS17I2D Lector de Codigos de Barras 1D\/2D Inalambrico Bluetooth, RF y USB - Indicador LED y Beeper - Velocidad 60 fps. - Autonomia hasta 12h","robots":{"index":"index","follow":"follow","max-snippet":"max-snippet:-1","max-image-preview":"max-image-preview:large","max-video-preview":"max-video-preview:-1"},"canonical":"https:\/\/www.maprofar.com\/tienda\/producto\/approx-appls17i2d-lector-de-codigos-de-barras-1d-2d-inalambrico-bluetooth-rf-y-usb-indicador-led-y-beeper-velocidad-60-fps-autonomia-hasta-12h\/","og_locale":"es_ES","og_type":"article","og_title":"Approx APPLS17I2D Lector de Codigos de Barras 1D\/2D Inalambrico Bluetooth, RF y USB - Indicador LED y Beeper - Velocidad 60 fps. - Autonomia hasta 12h - Maprofar | T\u00f3ner Compatible Brother, HP y Soluciones de Impresi\u00f3n 3D","og_description":"En Maprofar encontrar\u00e1s t\u00f3ner compatibles de calidad y material de oficina al mejor precio. Ahorra sin sacrificar rendimiento. \u00a1Aprovecha nuestras ofertas y descuentos!","og_url":"https:\/\/www.maprofar.com\/tienda\/producto\/approx-appls17i2d-lector-de-codigos-de-barras-1d-2d-inalambrico-bluetooth-rf-y-usb-indicador-led-y-beeper-velocidad-60-fps-autonomia-hasta-12h\/","og_site_name":"Maprofar | T\u00f3ner Compatible Brother, HP y Soluciones de Impresi\u00f3n 3D","article_publisher":"https:\/\/es-es.facebook.com\/maprofar","article_modified_time":"2025-06-30T19:08:45+00:00","og_image":[{"width":800,"height":800,"url":"https:\/\/www.maprofar.com\/tienda\/wp-content\/uploads\/2022\/09\/APPLS17I2D_1.jpg","type":"image\/jpeg"}],"twitter_card":"summary_large_image","twitter_misc":{"Tiempo de lectura":"1 minuto"},"schema":{"@context":"https:\/\/schema.org","@graph":[{"@type":"WebPage","@id":"https:\/\/www.maprofar.com\/tienda\/producto\/approx-appls17i2d-lector-de-codigos-de-barras-1d-2d-inalambrico-bluetooth-rf-y-usb-indicador-led-y-beeper-velocidad-60-fps-autonomia-hasta-12h\/","url":"https:\/\/www.maprofar.com\/tienda\/producto\/approx-appls17i2d-lector-de-codigos-de-barras-1d-2d-inalambrico-bluetooth-rf-y-usb-indicador-led-y-beeper-velocidad-60-fps-autonomia-hasta-12h\/","name":"Approx APPLS17I2D Lector de Codigos de Barras 1D\/2D","isPartOf":{"@id":"https:\/\/www.maprofar.com\/tienda\/#website"},"primaryImageOfPage":{"@id":"https:\/\/www.maprofar.com\/tienda\/producto\/approx-appls17i2d-lector-de-codigos-de-barras-1d-2d-inalambrico-bluetooth-rf-y-usb-indicador-led-y-beeper-velocidad-60-fps-autonomia-hasta-12h\/#primaryimage"},"image":{"@id":"https:\/\/www.maprofar.com\/tienda\/producto\/approx-appls17i2d-lector-de-codigos-de-barras-1d-2d-inalambrico-bluetooth-rf-y-usb-indicador-led-y-beeper-velocidad-60-fps-autonomia-hasta-12h\/#primaryimage"},"thumbnailUrl":"https:\/\/www.maprofar.com\/tienda\/wp-content\/uploads\/2022\/09\/APPLS17I2D_1.jpg","datePublished":"2022-09-28T16:51:07+00:00","dateModified":"2025-06-30T19:08:45+00:00","description":"Approx APPLS17I2D Lector de Codigos de Barras 1D\/2D Inalambrico Bluetooth, RF y USB - Indicador LED y Beeper - Velocidad 60 fps. - Autonomia hasta 12h","breadcrumb":{"@id":"https:\/\/www.maprofar.com\/tienda\/producto\/approx-appls17i2d-lector-de-codigos-de-barras-1d-2d-inalambrico-bluetooth-rf-y-usb-indicador-led-y-beeper-velocidad-60-fps-autonomia-hasta-12h\/#breadcrumb"},"inLanguage":"es","potentialAction":[{"@type":"ReadAction","target":["https:\/\/www.maprofar.com\/tienda\/producto\/approx-appls17i2d-lector-de-codigos-de-barras-1d-2d-inalambrico-bluetooth-rf-y-usb-indicador-led-y-beeper-velocidad-60-fps-autonomia-hasta-12h\/"]}]},{"@type":"ImageObject","inLanguage":"es","@id":"https:\/\/www.maprofar.com\/tienda\/producto\/approx-appls17i2d-lector-de-codigos-de-barras-1d-2d-inalambrico-bluetooth-rf-y-usb-indicador-led-y-beeper-velocidad-60-fps-autonomia-hasta-12h\/#primaryimage","url":"https:\/\/www.maprofar.com\/tienda\/wp-content\/uploads\/2022\/09\/APPLS17I2D_1.jpg","contentUrl":"https:\/\/www.maprofar.com\/tienda\/wp-content\/uploads\/2022\/09\/APPLS17I2D_1.jpg","width":800,"height":800,"caption":"Approx APPLS17I2D Lector de Codigos de Barras 1D\/2D Inalambrico Bluetooth, RF y USB - Indicador LED y Beeper - Velocidad 60 fps. - Autonomia hasta 12h"},{"@type":"BreadcrumbList","@id":"https:\/\/www.maprofar.com\/tienda\/producto\/approx-appls17i2d-lector-de-codigos-de-barras-1d-2d-inalambrico-bluetooth-rf-y-usb-indicador-led-y-beeper-velocidad-60-fps-autonomia-hasta-12h\/#breadcrumb","itemListElement":[{"@type":"ListItem","position":1,"name":"Portada","item":"https:\/\/www.maprofar.com\/tienda\/"},{"@type":"ListItem","position":2,"name":"Inicio","item":"https:\/\/www.maprofar.com\/tienda\/"},{"@type":"ListItem","position":3,"name":"Approx APPLS17I2D Lector de Codigos de Barras 1D\/2D Inalambrico Bluetooth, RF y USB &#8211; Indicador LED y Beeper &#8211; Velocidad 60 fps. &#8211; Autonomia hasta 12h"}]},{"@type":"WebSite","@id":"https:\/\/www.maprofar.com\/tienda\/#website","url":"https:\/\/www.maprofar.com\/tienda\/","name":"Maprofar - Toner Compatibles y Material de Oficina","description":"Encuentra en Maprofar tu t\u00f3ner compatible Brother y HP al mejor precio. Calidad garantizada, env\u00edo urgente 24h y asesoramiento t\u00e9cnico experto. \u00a1Vis\u00edtanos!","publisher":{"@id":"https:\/\/www.maprofar.com\/tienda\/#organization"},"alternateName":"Maprofar Inform\u00e1tica","potentialAction":[{"@type":"SearchAction","target":{"@type":"EntryPoint","urlTemplate":"https:\/\/www.maprofar.com\/tienda\/?s={search_term_string}"},"query-input":{"@type":"PropertyValueSpecification","valueRequired":true,"valueName":"search_term_string"}}],"inLanguage":"es"},{"@type":"Organization","@id":"https:\/\/www.maprofar.com\/tienda\/#organization","name":"Maprofar S.L.","url":"https:\/\/www.maprofar.com\/tienda\/","logo":{"@type":"ImageObject","inLanguage":"es","@id":"https:\/\/www.maprofar.com\/tienda\/#\/schema\/logo\/image\/","url":"https:\/\/www.maprofar.com\/tienda\/wp-content\/uploads\/2021\/05\/logo_circulo.jpg","contentUrl":"https:\/\/www.maprofar.com\/tienda\/wp-content\/uploads\/2021\/05\/logo_circulo.jpg","width":404,"height":335,"caption":"Maprofar S.L."},"image":{"@id":"https:\/\/www.maprofar.com\/tienda\/#\/schema\/logo\/image\/"},"sameAs":["https:\/\/es-es.facebook.com\/maprofar","https:\/\/www.instagram.com\/maprofar_informatica\/","https:\/\/www.pinterest.es\/maprofar\/"]}]}},"_links":{"self":[{"href":"https:\/\/www.maprofar.com\/tienda\/wp-json\/wp\/v2\/product\/8186","targetHints":{"allow":["GET"]}}],"collection":[{"href":"https:\/\/www.maprofar.com\/tienda\/wp-json\/wp\/v2\/product"}],"about":[{"href":"https:\/\/www.maprofar.com\/tienda\/wp-json\/wp\/v2\/types\/product"}],"wp:featuredmedia":[{"embeddable":true,"href":"https:\/\/www.maprofar.com\/tienda\/wp-json\/wp\/v2\/media\/8187"}],"wp:attachment":[{"href":"https:\/\/www.maprofar.com\/tienda\/wp-json\/wp\/v2\/media?parent=8186"}],"wp:term":[{"taxonomy":"product_brand","embeddable":true,"href":"https:\/\/www.maprofar.com\/tienda\/wp-json\/wp\/v2\/product_brand?post=8186"},{"taxonomy":"product_cat","embeddable":true,"href":"https:\/\/www.maprofar.com\/tienda\/wp-json\/wp\/v2\/product_cat?post=8186"},{"taxonomy":"product_tag","embeddable":true,"href":"https:\/\/www.maprofar.com\/tienda\/wp-json\/wp\/v2\/product_tag?post=8186"}],"curies":[{"name":"wp","href":"https:\/\/api.w.org\/{rel}","templated":true}]}}